{"id":1518,"date":"2018-11-18T08:54:25","date_gmt":"2018-11-18T08:54:25","guid":{"rendered":"https:\/\/redfoxlotto.com\/?page_id=4689"},"modified":"2019-02-07T06:48:16","modified_gmt":"2019-02-07T06:48:16","slug":"la-primitiva","status":"publish","type":"page","link":"https:\/\/redfoxlotto.com\/fr\/loterie\/la-primitiva\/","title":{"rendered":"La Primitiva Information"},"content":{"rendered":"<p>La Primitiva, c&rsquo;est la plus grande loterie d&rsquo;Espagne. Vous avez peut-\u00eatre aussi entendu parler de cette loterie appel\u00e9e El Gordo, mais techniquement, ce n&rsquo;est pas correct. El Gordo est l&rsquo;\u00e9dition de No\u00ebl de la loterie espagnole La Primitiva, et son fonctionnement est totalement diff\u00e9rent. Consultez notre article sur El Gordo.<\/p><p><img loading=\"lazy\" decoding=\"async\" class=\" wp-image alignright\" src=\"https:\/\/content.redfoxlotto.com\/uploads\/sites\/9\/2_ticket_la_primitiva2.jpg\" alt=\"Billet en ligne La Primitiva\" width=\"157\" height=\"224\" \/><\/p><!--more--><p>La Primitiva est la loterie espagnole hebdomadaire. Le jackpot a un montant minimum de 5 millions d&rsquo;euros. Mais ce jackpot a d\u00e9j\u00e0 atteint pr\u00e8s de 100 millions d\u2019euros. Le tirage a lieu tous les dimanches.<\/p><p>M\u00eame s\u2019il s\u2019agissait d\u2019une loterie nationale, vous pouvez \u00e9galement acheter en ligne des billets pour La Primitiva. Vous n&rsquo;\u00eates pas oblig\u00e9 d&rsquo;\u00eatre un r\u00e9sident d&rsquo;Espagne. Il suffit de choisir vos num\u00e9ros sur notre site, puis de cr\u00e9er un compte avec nous et de payer en ligne. Nous commanderons pour vous un billet enti\u00e8rement l\u00e9gal pour La Primitiva.<\/p><p>C&rsquo;est la plus grosse loterie d&rsquo;Espagne. Vous avez peut-\u00eatre aussi entendu parler de cette loterie sous le nom d&rsquo;El Gordo, mais techniquement, ce n&rsquo;est pas exact. El Gordo est l&rsquo;\u00e9dition de No\u00ebl de la loterie espagnole La Primitiva, et il fonctionne d&rsquo;une mani\u00e8re totalement diff\u00e9rente. Consultez notre article sur El Gordo.<\/p><p>La Primitiva est la loterie hebdomadaire espagnole. Le jackpot est d&rsquo;un montant minimum de 5 millions d&rsquo;euros. Mais ce jackpot a d\u00e9j\u00e0 atteint pr\u00e8s de 100 millions d&rsquo;euros dans le pass\u00e9. Le tirage au sort a lieu tous les dimanches.<\/p><p><img loading=\"lazy\" decoding=\"async\" class=\" wp-image alignright\" src=\"https:\/\/content.redfoxlotto.com\/uploads\/sites\/9\/1_buy_ticket_lotto_online2.jpg\" alt=\"Acheter des billets La Primitiva\" width=\"163\" height=\"244\" \/><\/p><p>Pour <a href=\"https:\/\/redfoxlotto.com\/fr\/loterie\/\">participer \u00e0 la loterie<\/a>, il vous suffit d&rsquo;acheter un billet de loterie avec les num\u00e9ros que vous avez choisis. Les billets de loterie La Primitiva contiennent des num\u00e9ros de 0 \u00e0 49. Les joueurs sont autoris\u00e9s \u00e0 choisir 6 num\u00e9ros et apr\u00e8s l&rsquo;achat, un num\u00e9ro de 0 \u00e0 9 est automatiquement attribu\u00e9 \u00e0 ce ticket particulier. Le jour du tirage au sort, 6 num\u00e9ros sont tir\u00e9s au sort de 0 \u00e0 49 et 1 num\u00e9ro de 0 \u00e0 9 afin que tout ticket dont le num\u00e9ro correspond exactement aux num\u00e9ros tir\u00e9s gagne le Jackpot.<\/p><p>Le plus gros jackpot gagn\u00e9 jusqu&rsquo;\u00e0 pr\u00e9sent \u00e0 la loterie La Primitiva est le jackpot de 101,7 millions d&rsquo;euros remport\u00e9 le 17 octobre 2015. Auparavant, le jackpot de 73 millions d&rsquo;euros de f\u00e9vrier 2014 \u00e9tait le plus important. La chance est certainement le principal facteur d\u00e9terminant pour gagner le jackpot ultime, car la probabilit\u00e9 de toucher le jackpot est de 1:14 millions, mais compte tenu de la petite allocation qu&rsquo;il en co\u00fbte pour obtenir un billet et l&rsquo;\u00e9norme somme que vous avez une chance de gagner, alors tout le monde devrait se sentir chanceux.<\/p>","protected":false},"excerpt":{"rendered":"<p>La Primitiva, c&rsquo;est la plus grande loterie d&rsquo;Espagne. Vous avez peut-\u00eatre aussi entendu parler de cette loterie appel\u00e9e El Gordo, mais techniquement, ce n&rsquo;est pas correct. El Gordo est l&rsquo;\u00e9dition de No\u00ebl de la loterie espagnole La Primitiva, et son fonctionnement est totalement diff\u00e9rent. Consultez notre article sur El Gordo.<\/p>\n","protected":false},"author":1,"featured_media":0,"parent":1513,"menu_order":7,"comment_status":"closed","ping_status":"closed","template":"la-primitiva-info.php","meta":{"_et_pb_use_builder":"","_et_pb_old_content":"","_et_gb_content_width":"","exclude_from_search":false,"footnotes":""},"class_list":["post-1518","page","type-page","status-publish","hentry"],"yoast_head":"<!-- This site is optimized with the Yoast SEO plugin v27.4 - https:\/\/yoast.com\/product\/yoast-seo-wordpress\/ -->\n<title>Achetez vos billets pour La Primitiva depuis n&#039;importe o\u00f9<\/title>\n<meta name=\"description\" content=\"O\u00f9 que vous habitiez, vous pouvez vous procurer des billets pour La Primitiva Lotto.\" \/>\n<meta name=\"robots\" content=\"index, follow, max-snippet:-1, max-image-preview:large, max-video-preview:-1\" \/>\n<link rel=\"canonical\" href=\"https:\/\/redfoxlotto.com\/fr\/loterie\/la-primitiva\/\" \/>\n<meta property=\"og:locale\" content=\"fr_FR\" \/>\n<meta property=\"og:type\" content=\"article\" \/>\n<meta property=\"og:title\" content=\"Achetez vos billets pour La Primitiva depuis n&#039;importe o\u00f9\" \/>\n<meta property=\"og:description\" content=\"O\u00f9 que vous habitiez, vous pouvez vous procurer des billets pour La Primitiva Lotto.\" \/>\n<meta property=\"og:url\" content=\"https:\/\/redfoxlotto.com\/fr\/loterie\/la-primitiva\/\" \/>\n<meta property=\"og:site_name\" content=\"Get Tickets for the World\u2019s largest jackpots\" \/>\n<meta property=\"article:modified_time\" content=\"2019-02-07T06:48:16+00:00\" \/>\n<meta property=\"og:image\" content=\"https:\/\/content.redfoxlotto.com\/uploads\/sites\/9\/2_ticket_la_primitiva2.jpg\" \/>\n<meta name=\"twitter:card\" content=\"summary_large_image\" \/>\n<meta name=\"twitter:label1\" content=\"Dur\u00e9e de lecture estim\u00e9e\" \/>\n\t<meta name=\"twitter:data1\" content=\"3 minutes\" \/>\n<script type=\"application\/ld+json\" class=\"yoast-schema-graph\">{\"@context\":\"https:\\\/\\\/schema.org\",\"@graph\":[{\"@type\":\"WebPage\",\"@id\":\"https:\\\/\\\/redfoxlotto.com\\\/fr\\\/loterie\\\/la-primitiva\\\/\",\"url\":\"https:\\\/\\\/redfoxlotto.com\\\/fr\\\/loterie\\\/la-primitiva\\\/\",\"name\":\"Achetez vos billets pour La Primitiva depuis n'importe o\u00f9\",\"isPartOf\":{\"@id\":\"https:\\\/\\\/redfoxlotto.com\\\/fr\\\/#website\"},\"primaryImageOfPage\":{\"@id\":\"https:\\\/\\\/redfoxlotto.com\\\/fr\\\/loterie\\\/la-primitiva\\\/#primaryimage\"},\"image\":{\"@id\":\"https:\\\/\\\/redfoxlotto.com\\\/fr\\\/loterie\\\/la-primitiva\\\/#primaryimage\"},\"thumbnailUrl\":\"https:\\\/\\\/content.redfoxlotto.com\\\/uploads\\\/sites\\\/9\\\/2_ticket_la_primitiva2.jpg\",\"datePublished\":\"2018-11-18T08:54:25+00:00\",\"dateModified\":\"2019-02-07T06:48:16+00:00\",\"description\":\"O\u00f9 que vous habitiez, vous pouvez vous procurer des billets pour La Primitiva Lotto.\",\"breadcrumb\":{\"@id\":\"https:\\\/\\\/redfoxlotto.com\\\/fr\\\/loterie\\\/la-primitiva\\\/#breadcrumb\"},\"inLanguage\":\"fr-FR\",\"potentialAction\":[{\"@type\":\"ReadAction\",\"target\":[\"https:\\\/\\\/redfoxlotto.com\\\/fr\\\/loterie\\\/la-primitiva\\\/\"]}]},{\"@type\":\"ImageObject\",\"inLanguage\":\"fr-FR\",\"@id\":\"https:\\\/\\\/redfoxlotto.com\\\/fr\\\/loterie\\\/la-primitiva\\\/#primaryimage\",\"url\":\"https:\\\/\\\/content.redfoxlotto.com\\\/uploads\\\/sites\\\/9\\\/2_ticket_la_primitiva2.jpg\",\"contentUrl\":\"https:\\\/\\\/content.redfoxlotto.com\\\/uploads\\\/sites\\\/9\\\/2_ticket_la_primitiva2.jpg\"},{\"@type\":\"BreadcrumbList\",\"@id\":\"https:\\\/\\\/redfoxlotto.com\\\/fr\\\/loterie\\\/la-primitiva\\\/#breadcrumb\",\"itemListElement\":[{\"@type\":\"ListItem\",\"position\":1,\"name\":\"Home\",\"item\":\"https:\\\/\\\/redfoxlotto.com\\\/fr\\\/\"},{\"@type\":\"ListItem\",\"position\":2,\"name\":\"Processus d&rsquo;achat de billets de loterie internationaux en ligne\",\"item\":\"https:\\\/\\\/redfoxlotto.com\\\/fr\\\/loterie\\\/\"},{\"@type\":\"ListItem\",\"position\":3,\"name\":\"La Primitiva Information\"}]},{\"@type\":\"WebSite\",\"@id\":\"https:\\\/\\\/redfoxlotto.com\\\/fr\\\/#website\",\"url\":\"https:\\\/\\\/redfoxlotto.com\\\/fr\\\/\",\"name\":\"Get Tickets for the World\u2019s largest jackpots\",\"description\":\"Participate in worldwide lottery jackpots from any country\",\"publisher\":{\"@id\":\"https:\\\/\\\/redfoxlotto.com\\\/fr\\\/#organization\"},\"potentialAction\":[{\"@type\":\"SearchAction\",\"target\":{\"@type\":\"EntryPoint\",\"urlTemplate\":\"https:\\\/\\\/redfoxlotto.com\\\/fr\\\/?s={search_term_string}\"},\"query-input\":{\"@type\":\"PropertyValueSpecification\",\"valueRequired\":true,\"valueName\":\"search_term_string\"}}],\"inLanguage\":\"fr-FR\"},{\"@type\":\"Organization\",\"@id\":\"https:\\\/\\\/redfoxlotto.com\\\/fr\\\/#organization\",\"name\":\"Get Tickets for the World\u2019s largest jackpots\",\"url\":\"https:\\\/\\\/redfoxlotto.com\\\/fr\\\/\",\"logo\":{\"@type\":\"ImageObject\",\"inLanguage\":\"fr-FR\",\"@id\":\"https:\\\/\\\/redfoxlotto.com\\\/fr\\\/#\\\/schema\\\/logo\\\/image\\\/\",\"url\":\"https:\\\/\\\/redfoxlotto.com\\\/wp-content\\\/uploads\\\/2023\\\/04\\\/logo.png\",\"contentUrl\":\"https:\\\/\\\/redfoxlotto.com\\\/wp-content\\\/uploads\\\/2023\\\/04\\\/logo.png\",\"width\":269,\"height\":53,\"caption\":\"Get Tickets for the World\u2019s largest jackpots\"},\"image\":{\"@id\":\"https:\\\/\\\/redfoxlotto.com\\\/fr\\\/#\\\/schema\\\/logo\\\/image\\\/\"}}]}<\/script>\n<!-- \/ Yoast SEO plugin. -->","yoast_head_json":{"title":"Achetez vos billets pour La Primitiva depuis n'importe o\u00f9","description":"O\u00f9 que vous habitiez, vous pouvez vous procurer des billets pour La Primitiva Lotto.","robots":{"index":"index","follow":"follow","max-snippet":"max-snippet:-1","max-image-preview":"max-image-preview:large","max-video-preview":"max-video-preview:-1"},"canonical":"https:\/\/redfoxlotto.com\/fr\/loterie\/la-primitiva\/","og_locale":"fr_FR","og_type":"article","og_title":"Achetez vos billets pour La Primitiva depuis n'importe o\u00f9","og_description":"O\u00f9 que vous habitiez, vous pouvez vous procurer des billets pour La Primitiva Lotto.","og_url":"https:\/\/redfoxlotto.com\/fr\/loterie\/la-primitiva\/","og_site_name":"Get Tickets for the World\u2019s largest jackpots","article_modified_time":"2019-02-07T06:48:16+00:00","og_image":[{"url":"https:\/\/content.redfoxlotto.com\/uploads\/sites\/9\/2_ticket_la_primitiva2.jpg","type":"","width":"","height":""}],"twitter_card":"summary_large_image","twitter_misc":{"Dur\u00e9e de lecture estim\u00e9e":"3 minutes"},"schema":{"@context":"https:\/\/schema.org","@graph":[{"@type":"WebPage","@id":"https:\/\/redfoxlotto.com\/fr\/loterie\/la-primitiva\/","url":"https:\/\/redfoxlotto.com\/fr\/loterie\/la-primitiva\/","name":"Achetez vos billets pour La Primitiva depuis n'importe o\u00f9","isPartOf":{"@id":"https:\/\/redfoxlotto.com\/fr\/#website"},"primaryImageOfPage":{"@id":"https:\/\/redfoxlotto.com\/fr\/loterie\/la-primitiva\/#primaryimage"},"image":{"@id":"https:\/\/redfoxlotto.com\/fr\/loterie\/la-primitiva\/#primaryimage"},"thumbnailUrl":"https:\/\/content.redfoxlotto.com\/uploads\/sites\/9\/2_ticket_la_primitiva2.jpg","datePublished":"2018-11-18T08:54:25+00:00","dateModified":"2019-02-07T06:48:16+00:00","description":"O\u00f9 que vous habitiez, vous pouvez vous procurer des billets pour La Primitiva Lotto.","breadcrumb":{"@id":"https:\/\/redfoxlotto.com\/fr\/loterie\/la-primitiva\/#breadcrumb"},"inLanguage":"fr-FR","potentialAction":[{"@type":"ReadAction","target":["https:\/\/redfoxlotto.com\/fr\/loterie\/la-primitiva\/"]}]},{"@type":"ImageObject","inLanguage":"fr-FR","@id":"https:\/\/redfoxlotto.com\/fr\/loterie\/la-primitiva\/#primaryimage","url":"https:\/\/content.redfoxlotto.com\/uploads\/sites\/9\/2_ticket_la_primitiva2.jpg","contentUrl":"https:\/\/content.redfoxlotto.com\/uploads\/sites\/9\/2_ticket_la_primitiva2.jpg"},{"@type":"BreadcrumbList","@id":"https:\/\/redfoxlotto.com\/fr\/loterie\/la-primitiva\/#breadcrumb","itemListElement":[{"@type":"ListItem","position":1,"name":"Home","item":"https:\/\/redfoxlotto.com\/fr\/"},{"@type":"ListItem","position":2,"name":"Processus d&rsquo;achat de billets de loterie internationaux en ligne","item":"https:\/\/redfoxlotto.com\/fr\/loterie\/"},{"@type":"ListItem","position":3,"name":"La Primitiva Information"}]},{"@type":"WebSite","@id":"https:\/\/redfoxlotto.com\/fr\/#website","url":"https:\/\/redfoxlotto.com\/fr\/","name":"Get Tickets for the World\u2019s largest jackpots","description":"Participate in worldwide lottery jackpots from any country","publisher":{"@id":"https:\/\/redfoxlotto.com\/fr\/#organization"},"potentialAction":[{"@type":"SearchAction","target":{"@type":"EntryPoint","urlTemplate":"https:\/\/redfoxlotto.com\/fr\/?s={search_term_string}"},"query-input":{"@type":"PropertyValueSpecification","valueRequired":true,"valueName":"search_term_string"}}],"inLanguage":"fr-FR"},{"@type":"Organization","@id":"https:\/\/redfoxlotto.com\/fr\/#organization","name":"Get Tickets for the World\u2019s largest jackpots","url":"https:\/\/redfoxlotto.com\/fr\/","logo":{"@type":"ImageObject","inLanguage":"fr-FR","@id":"https:\/\/redfoxlotto.com\/fr\/#\/schema\/logo\/image\/","url":"https:\/\/redfoxlotto.com\/wp-content\/uploads\/2023\/04\/logo.png","contentUrl":"https:\/\/redfoxlotto.com\/wp-content\/uploads\/2023\/04\/logo.png","width":269,"height":53,"caption":"Get Tickets for the World\u2019s largest jackpots"},"image":{"@id":"https:\/\/redfoxlotto.com\/fr\/#\/schema\/logo\/image\/"}}]}},"_links":{"self":[{"href":"https:\/\/redfoxlotto.com\/fr\/wp-json\/wp\/v2\/pages\/1518","targetHints":{"allow":["GET"]}}],"collection":[{"href":"https:\/\/redfoxlotto.com\/fr\/wp-json\/wp\/v2\/pages"}],"about":[{"href":"https:\/\/redfoxlotto.com\/fr\/wp-json\/wp\/v2\/types\/page"}],"author":[{"embeddable":true,"href":"https:\/\/redfoxlotto.com\/fr\/wp-json\/wp\/v2\/users\/1"}],"replies":[{"embeddable":true,"href":"https:\/\/redfoxlotto.com\/fr\/wp-json\/wp\/v2\/comments?post=1518"}],"version-history":[{"count":0,"href":"https:\/\/redfoxlotto.com\/fr\/wp-json\/wp\/v2\/pages\/1518\/revisions"}],"up":[{"embeddable":true,"href":"https:\/\/redfoxlotto.com\/fr\/wp-json\/wp\/v2\/pages\/1513"}],"wp:attachment":[{"href":"https:\/\/redfoxlotto.com\/fr\/wp-json\/wp\/v2\/media?parent=1518"}],"curies":[{"name":"wp","href":"https:\/\/api.w.org\/{rel}","templated":true}]}}