{"id":1517,"date":"2018-11-18T08:54:25","date_gmt":"2018-11-18T08:54:25","guid":{"rendered":"https:\/\/redfoxlotto.com\/?page_id=4687"},"modified":"2025-12-18T14:30:27","modified_gmt":"2025-12-18T14:30:27","slug":"euromillions","status":"publish","type":"page","link":"https:\/\/redfoxlotto.com\/fr\/loterie\/euromillions\/","title":{"rendered":"A propos de l&rsquo;EuroMillions"},"content":{"rendered":"<script type=\"application\/ld+json\">\r\n{\r\n  \"@context\": \"https:\/\/schema.org\",\r\n  \"@type\": \"Service\",\r\n  \"name\": \"Jouez \u00e0 Euromillions en ligne\",\r\n  \"url\": \"https:\/\/redfoxlotto.com\/fr\/lotteries\/euromillions\/\",\r\n  \"description\": \"Achetez des billets officiels de loterie Euromillions en ligne depuis n'importe quel pays. Visitez RedFoxLotto, choisissez vos num\u00e9ros et participez au prochain tirage.\",\r\n  \"serviceType\": \"Service de messagerie pour billets de loterie en ligne\",\r\n  \"provider\": {\r\n    \"@type\": \"Organization\",\r\n    \"name\": \"RedFoxLotto\",\r\n    \"url\": \"https:\/\/redfoxlotto.com\/fr\",\r\n    \"image\": \"https:\/\/redfoxlotto.com\/fr\/wp-content\/uploads\/2025\/12\/ticket_scans.jpg\",\r\n    \"sameAs\": []\r\n  },\r\n  \"areaServed\": \"Worldwide\",\r\n  \"termsOfService\": \"https:\/\/redfoxlotto.com\/terms-and-conditions\",\r\n  \"additionalProperty\": {\r\n    \"@type\": \"PropertyValue\",\r\n    \"name\": \"FAQ\",\r\n    \"value\": \"https:\/\/redfoxlotto.com\/fr\/faq\/\"\r\n  },\r\n  \"hasOfferCatalog\": {\r\n    \"@type\": \"OfferCatalog\",\r\n    \"name\": \"Billets Euromillions\",\r\n    \"itemListElement\": [\r\n      {\r\n        \"@type\": \"Offer\",\r\n        \"name\": \"Billets Euromillions\",\r\n        \"url\": \"https:\/\/redfoxlotto.com\/fr\/lotteries\/euromillions\",\r\n        \"description\": \"Achetez de vrais billets en ligne pour le prochain tirage Euromillions via RedFoxLotto.\",\r\n        \"price\": \"7.00\",\r\n        \"priceCurrency\": \"\u20ac\",\r\n        \"availability\": \"https:\/\/schema.org\/InStock\",\r\n        \"itemOffered\": {\r\n          \"@type\": \"Service\",\r\n          \"name\": \"Billets Euromillions\",\r\n          \"description\": \"Participez au prochain tirage Euromillions \u2013 achetez vos billets en ligne via RedFoxLotto.\"\r\n        }\r\n      }\r\n    ]\r\n  },\r\n  \"mainEntityOfPage\": {\r\n    \"@type\": \"WebPage\",\r\n    \"@id\": \"https:\/\/redfoxlotto.com\/fr\/lotteries\/euromillions\"\r\n  }\r\n}\r\n<\/script><p>Euro Millions est la plus grande loterie d&rsquo;Europe. Lanc\u00e9e en 2004, les billets peuvent \u00eatre achet\u00e9s dans neuf pays europ\u00e9ens &#8211; ou, si vous \u00eates fran\u00e7ais, vous pouvez acheter vos billets en ligne ici.<\/p>\r\n<h2>Obtenez votre billet EuroMillions en fran\u00e7ais<\/h2>\r\n<p>\u00cates-vous pr\u00eat \u00e0 acheter des billets EuroMillions en ligne ? Si c&rsquo;est le cas, vous voudrez savoir quelques petites choses sur le jeu avant de vous lancer, n&rsquo;est-ce pas ? Vous voulez \u00eatre s\u00fbr d&rsquo;\u00eatre pr\u00e9par\u00e9 et de savoir tout ce que vous pouvez sur le jeu. La premi\u00e8re chose que vous devez savoir, c&rsquo;est quand les tirages auront lieu, car vous voulez \u00eatre s\u00fbr d&rsquo;obtenir votre billet de loterie avant le prochain tirage. Les tirages de l&rsquo;EuroMillions ont lieu tous les mardis et vendredis \u00e0 Paris.<\/p>\r\n<p>Nous parlerons plus en d\u00e9tail des num\u00e9ros que vous pouvez choisir et de la fa\u00e7on dont vous obtiendrez le billet que vous voulez dans une minute, mais pour l&rsquo;instant, regardons de plus pr\u00e8s le jackpot que vous pourriez gagner. Apr\u00e8s tout, c&rsquo;est l&rsquo;une des raisons pour lesquelles vous voudrez jouer \u00e0 l&rsquo;EuroMillions.<\/p>\r\n<p><img loading=\"lazy\" decoding=\"async\" class=\"alignright wp-image\" src=\"https:\/\/content.redfoxlotto.com\/uploads\/sites\/9\/1_buy_euromillions_online.jpg\" alt=\"jackpot euromillions\" width=\"284\" height=\"190\" \/><\/p>\r\n<h2>Le jackpot de l&rsquo;EuroMillions<\/h2>\r\n<p>En tant que plus grande loterie d&rsquo;Europe, l&rsquo;EuroMillions propose \u00e9galement d&rsquo;\u00e9normes jackpots. En fait, les jackpots atteignent souvent plusieurs millions de dollars et les plus gros jackpots se situent certainement dans la partie sup\u00e9rieure de cette fourchette. Le jackpot le plus \u00e9lev\u00e9 \u00e0 ce jour dans cette loterie est de 190 000 000 \u20ac. Il a \u00e9t\u00e9 remport\u00e9 par un joueur anonyme le 24 octobre 2014.<\/p>\r\n<p>C&rsquo;est une raison suffisante pour que vous vous int\u00e9ressiez de plus pr\u00e8s \u00e0 ce jeu et que vous envisagiez d&rsquo;acheter un billet pour vous-m\u00eame, n&rsquo;est-ce pas ? Vous allez adorer l&rsquo;id\u00e9e de gagner cet argent et vous pouvez en fait gagner une bonne somme d&rsquo;argent m\u00eame si vous n&rsquo;atteignez pas le jackpot. En effet, le montant de d\u00e9part est d\u00e9j\u00e0 un bon prix et ceux qui se situent entre les niveaux les plus bas et les plus \u00e9lev\u00e9s sont \u00e9galement tr\u00e8s int\u00e9ressants.<\/p>\r\n<h2>Les r\u00e8gles de l&rsquo;EuroMillions<\/h2>\r\n<p>Vous \u00eates pr\u00eat \u00e0 acheter des billets EuroMillions en ligne, mais vous ne savez pas exactement o\u00f9 et comment proc\u00e9der &#8211; peut-\u00eatre parce que vous vivez en France ? Eh bien, nous allons vous expliquer exactement ce que vous devez faire et comment choisir les num\u00e9ros que vous voulez pour vous assurer d&rsquo;avoir les meilleures chances de gagner le jeu.<\/p>\r\n<h2>Alors, que devez-vous faire ?<\/h2>\r\n<p>Ici, vous choisissez 5 num\u00e9ros principaux entre 1 et 50 et deux num\u00e9ros suppl\u00e9mentaires, appel\u00e9s Lucky Star, entre 1 et 12. Pour gagner dans la fourchette de prix la plus basse, seuls deux num\u00e9ros principaux doivent correspondre. Cela signifie que vous aurez beaucoup de chances de gagner, mais vous ne gagnerez pas beaucoup d&rsquo;argent si vous ne faites correspondre que quelques num\u00e9ros.<\/p>\r\n<p>Si vous faites correspondre plusieurs num\u00e9ros, et surtout si vous faites correspondre les num\u00e9ros de la bonne \u00e9toile, vous obtiendrez un meilleur prix. C&rsquo;est un avantage certain, n&rsquo;est-ce pas ? Vous augmentez vos chances d&rsquo;obtenir quelque chose et vous prenez plaisir \u00e0 jouer.<\/p>\r\n<h2>Choisir son billet<\/h2>\r\n<p>\u00cates-vous pr\u00eat \u00e0 choisir votre billet ? Vous voudrez certainement consulter notre proc\u00e9dure, car nous allons vous faciliter la t\u00e2che. Nous savons que vous n&rsquo;avez pas beaucoup de temps et que vous voulez vous assurer que vous en profitez au maximum. Mais vous voulez quand m\u00eame vous amuser en jouant \u00e0 l&rsquo;EuroMillions et cela signifie que vous devez acheter des tickets EuroMillions en ligne.<\/p>\r\n<p>La premi\u00e8re \u00e9tape de notre processus consiste \u00e0 choisir le billet que vous allez acheter. Si vous avez d\u00e9j\u00e0 choisi l&rsquo;EuroMillions, vous \u00eates pr\u00eat. Mais si vous n&rsquo;\u00eates pas encore tout \u00e0 fait s\u00fbr de vous, vous voudrez certainement consulter la page principale, o\u00f9 nous vous montrerons tous les meilleurs jackpots et les jeux qui pourraient vous int\u00e9resser. Ce sont les jeux pour lesquels nous proposons des tickets.<\/p>\r\n<p>Une fois que vous avez choisi le ticket que vous voulez, vous allez sur la page et vous commencez \u00e0 choisir les num\u00e9ros de votre ticket. Vous pouvez choisir absolument tous les num\u00e9ros si vous le souhaitez, afin d&rsquo;obtenir un billet personnalis\u00e9 qui corresponde \u00e0 ce que vous pr\u00e9f\u00e9rez.<\/p>\r\n<p>Vous pouvez \u00e9galement choisir d&rsquo;acheter des billets s\u00e9lectionn\u00e9s au hasard. Cela vous permet d&rsquo;obtenir facilement un billet sans avoir \u00e0 y consacrer beaucoup de temps. Vous pouvez \u00e9galement d\u00e9cider du nombre de billets que vous souhaitez acheter, afin d&rsquo;avoir tout ce qu&rsquo;il vous faut pour remporter un gros lot.<\/p>\r\n<p><img loading=\"lazy\" decoding=\"async\" class=\"alignright wp-image\" src=\"https:\/\/content.redfoxlotto.com\/uploads\/sites\/9\/1_buy_lottery_ticket.jpg\" alt=\"acheter des billets en ligne\" width=\"312\" height=\"107\" \/><\/p>\r\n<h2>Le processus d&rsquo;achat pour l&rsquo;EuroMillions<\/h2>\r\n<p>Lorsque vous aurez choisi vos billets, la derni\u00e8re chose \u00e0 faire sera de remplir les informations relatives \u00e0 votre compte. Nous vous expliquons comment cr\u00e9er ce compte imm\u00e9diatement, afin que vous puissiez \u00eatre s\u00fbr d&rsquo;obtenir les billets que vous voulez au moment o\u00f9 vous le voulez. Vous pouvez m\u00eame configurer les comptes de paiement que vous souhaitez utiliser ici m\u00eame.<\/p>\r\n<p>Une fois que vous aurez tout configur\u00e9, il vous suffira de mettre les billets que vous voulez dans votre panier et vous pourrez les acheter tous en m\u00eame temps. Vous pouvez m\u00eame ajouter des billets de diff\u00e9rents jeux dans votre panier et vous pourrez ainsi acheter tout ce dont vous avez besoin.<\/p>\r\n<p>Une fois que vous aurez choisi les billets, tout sera pr\u00eat et vous pourrez attendre de voir ce qu&rsquo;il adviendra de vos billets. Ceux que vous aurez achet\u00e9s appara\u00eetront imm\u00e9diatement sur votre compte et vous pourrez v\u00e9rifier plus tard si vous avez gagn\u00e9.<\/p>\r\n<p>Nous vous enverrons un e-mail si vous gagnez et vous pourrez consulter votre compte pour voir quels num\u00e9ros correspondent aux num\u00e9ros tir\u00e9s. Il vous sera ainsi plus facile de savoir quand vous devrez \u00e9changer un billet.<\/p>\r\n<h2>L&rsquo;EuroMillions et le Millionaire Maker britannique<\/h2>\r\n<p>Les joueurs paient un peu plus cher lorsque les billets EuroMillions sont achet\u00e9s au Royaume-Uni. En effet, les billets britanniques donnent droit \u00e0 une participation automatique au tirage du Millionaire Maker, qui offre une chance suppl\u00e9mentaire de gagner une r\u00e9compense d&rsquo;un million de livres sterling.<\/p>\r\n<p>Le Millionaire Maker fonctionne en g\u00e9n\u00e9rant un code unique pour chaque billet achet\u00e9. Ce code se compose de quatre lettres suivies de cinq chiffres (par exemple, ABCD12345). Lors de chaque tirage, un ou plusieurs de ces codes sont s\u00e9lectionn\u00e9s de mani\u00e8re al\u00e9atoire et le d\u00e9tenteur du billet avec le code correspondant gagne instantan\u00e9ment 1 million de livres sterling, quels que soient les principaux num\u00e9ros de l&rsquo;EuroMillions tir\u00e9s au sort.<\/p>\r\n<p>Cette caract\u00e9ristique rend le jeu EuroMillions au Royaume-Uni particuli\u00e8rement attrayant, car il offre une occasion suppl\u00e9mentaire de gagner un prix important en plus du jackpot standard et des r\u00e9compenses de niveau inf\u00e9rieur.<\/p>","protected":false},"excerpt":{"rendered":"<p>Euro Millions est la plus grande loterie d&rsquo;Europe. Lanc\u00e9e en 2004, les billets peuvent \u00eatre achet\u00e9s dans neuf pays europ\u00e9ens &#8211; ou, si vous \u00eates fran\u00e7ais, vous pouvez acheter vos billets en ligne ici. Obtenez votre billet EuroMillions en fran\u00e7ais \u00cates-vous pr\u00eat \u00e0 acheter des billets EuroMillions en ligne ? Si c&rsquo;est le cas, vous [&hellip;]<\/p>\n","protected":false},"author":1,"featured_media":0,"parent":1513,"menu_order":3,"comment_status":"closed","ping_status":"closed","template":"euromillions-info.php","meta":{"_et_pb_use_builder":"","_et_pb_old_content":"","_et_gb_content_width":"","exclude_from_search":false,"footnotes":""},"class_list":["post-1517","page","type-page","status-publish","hentry"],"yoast_head":"<!-- This site is optimized with the Yoast SEO plugin v23.8 - https:\/\/yoast.com\/wordpress\/plugins\/seo\/ -->\n<title>Acheter des tickets EuroMillions en ligne depuis la France<\/title>\n<meta name=\"description\" content=\"Informations sur la fa\u00e7on dont les r\u00e9sidents fran\u00e7ais peuvent acheter des billets Euromillions en ligne. La loterie Euromillions offre le plus gros jackpot d&#039;Europe.\" \/>\n<meta name=\"robots\" content=\"index, follow, max-snippet:-1, max-image-preview:large, max-video-preview:-1\" \/>\n<link rel=\"canonical\" href=\"https:\/\/redfoxlotto.com\/fr\/loterie\/euromillions\/\" \/>\n<meta property=\"og:locale\" content=\"fr_FR\" \/>\n<meta property=\"og:type\" content=\"article\" \/>\n<meta property=\"og:title\" content=\"Acheter des tickets EuroMillions en ligne depuis la France\" \/>\n<meta property=\"og:description\" content=\"Informations sur la fa\u00e7on dont les r\u00e9sidents fran\u00e7ais peuvent acheter des billets Euromillions en ligne. La loterie Euromillions offre le plus gros jackpot d&#039;Europe.\" \/>\n<meta property=\"og:url\" content=\"https:\/\/redfoxlotto.com\/fr\/loterie\/euromillions\/\" \/>\n<meta property=\"og:site_name\" content=\"Get Tickets for the World\u2019s largest jackpots\" \/>\n<meta property=\"article:modified_time\" content=\"2025-12-18T14:30:27+00:00\" \/>\n<meta property=\"og:image\" content=\"https:\/\/content.redfoxlotto.com\/uploads\/sites\/9\/1_buy_euromillions_online.jpg\" \/>\n<meta name=\"twitter:card\" content=\"summary_large_image\" \/>\n<meta name=\"twitter:label1\" content=\"Dur\u00e9e de lecture estim\u00e9e\" \/>\n\t<meta name=\"twitter:data1\" content=\"6 minutes\" \/>\n<script type=\"application\/ld+json\" class=\"yoast-schema-graph\">{\"@context\":\"https:\/\/schema.org\",\"@graph\":[{\"@type\":\"WebPage\",\"@id\":\"https:\/\/redfoxlotto.com\/fr\/loterie\/euromillions\/\",\"url\":\"https:\/\/redfoxlotto.com\/fr\/loterie\/euromillions\/\",\"name\":\"Acheter des tickets EuroMillions en ligne depuis la France\",\"isPartOf\":{\"@id\":\"https:\/\/redfoxlotto.com\/fr\/#website\"},\"primaryImageOfPage\":{\"@id\":\"https:\/\/redfoxlotto.com\/fr\/loterie\/euromillions\/#primaryimage\"},\"image\":{\"@id\":\"https:\/\/redfoxlotto.com\/fr\/loterie\/euromillions\/#primaryimage\"},\"thumbnailUrl\":\"https:\/\/content.redfoxlotto.com\/uploads\/sites\/9\/1_buy_euromillions_online.jpg\",\"datePublished\":\"2018-11-18T08:54:25+00:00\",\"dateModified\":\"2025-12-18T14:30:27+00:00\",\"description\":\"Informations sur la fa\u00e7on dont les r\u00e9sidents fran\u00e7ais peuvent acheter des billets Euromillions en ligne. La loterie Euromillions offre le plus gros jackpot d'Europe.\",\"breadcrumb\":{\"@id\":\"https:\/\/redfoxlotto.com\/fr\/loterie\/euromillions\/#breadcrumb\"},\"inLanguage\":\"fr-FR\",\"potentialAction\":[{\"@type\":\"ReadAction\",\"target\":[\"https:\/\/redfoxlotto.com\/fr\/loterie\/euromillions\/\"]}]},{\"@type\":\"ImageObject\",\"inLanguage\":\"fr-FR\",\"@id\":\"https:\/\/redfoxlotto.com\/fr\/loterie\/euromillions\/#primaryimage\",\"url\":\"https:\/\/content.redfoxlotto.com\/uploads\/sites\/9\/1_buy_euromillions_online.jpg\",\"contentUrl\":\"https:\/\/content.redfoxlotto.com\/uploads\/sites\/9\/1_buy_euromillions_online.jpg\"},{\"@type\":\"BreadcrumbList\",\"@id\":\"https:\/\/redfoxlotto.com\/fr\/loterie\/euromillions\/#breadcrumb\",\"itemListElement\":[{\"@type\":\"ListItem\",\"position\":1,\"name\":\"Home\",\"item\":\"https:\/\/redfoxlotto.com\/fr\/\"},{\"@type\":\"ListItem\",\"position\":2,\"name\":\"Processus d&rsquo;achat de billets de loterie internationaux en ligne\",\"item\":\"https:\/\/redfoxlotto.com\/fr\/loterie\/\"},{\"@type\":\"ListItem\",\"position\":3,\"name\":\"A propos de l&rsquo;EuroMillions\"}]},{\"@type\":\"WebSite\",\"@id\":\"https:\/\/redfoxlotto.com\/fr\/#website\",\"url\":\"https:\/\/redfoxlotto.com\/fr\/\",\"name\":\"Get Tickets for the World\u2019s largest jackpots\",\"description\":\"Participate in worldwide lottery jackpots from any country\",\"publisher\":{\"@id\":\"https:\/\/redfoxlotto.com\/fr\/#organization\"},\"potentialAction\":[{\"@type\":\"SearchAction\",\"target\":{\"@type\":\"EntryPoint\",\"urlTemplate\":\"https:\/\/redfoxlotto.com\/fr\/?s={search_term_string}\"},\"query-input\":{\"@type\":\"PropertyValueSpecification\",\"valueRequired\":true,\"valueName\":\"search_term_string\"}}],\"inLanguage\":\"fr-FR\"},{\"@type\":\"Organization\",\"@id\":\"https:\/\/redfoxlotto.com\/fr\/#organization\",\"name\":\"Get Tickets for the World\u2019s largest jackpots\",\"url\":\"https:\/\/redfoxlotto.com\/fr\/\",\"logo\":{\"@type\":\"ImageObject\",\"inLanguage\":\"fr-FR\",\"@id\":\"https:\/\/redfoxlotto.com\/fr\/#\/schema\/logo\/image\/\",\"url\":\"https:\/\/redfoxlotto.com\/wp-content\/uploads\/2023\/04\/logo.png\",\"contentUrl\":\"https:\/\/redfoxlotto.com\/wp-content\/uploads\/2023\/04\/logo.png\",\"width\":269,\"height\":53,\"caption\":\"Get Tickets for the World\u2019s largest jackpots\"},\"image\":{\"@id\":\"https:\/\/redfoxlotto.com\/fr\/#\/schema\/logo\/image\/\"}}]}<\/script>\n<!-- \/ Yoast SEO plugin. -->","yoast_head_json":{"title":"Acheter des tickets EuroMillions en ligne depuis la France","description":"Informations sur la fa\u00e7on dont les r\u00e9sidents fran\u00e7ais peuvent acheter des billets Euromillions en ligne. La loterie Euromillions offre le plus gros jackpot d'Europe.","robots":{"index":"index","follow":"follow","max-snippet":"max-snippet:-1","max-image-preview":"max-image-preview:large","max-video-preview":"max-video-preview:-1"},"canonical":"https:\/\/redfoxlotto.com\/fr\/loterie\/euromillions\/","og_locale":"fr_FR","og_type":"article","og_title":"Acheter des tickets EuroMillions en ligne depuis la France","og_description":"Informations sur la fa\u00e7on dont les r\u00e9sidents fran\u00e7ais peuvent acheter des billets Euromillions en ligne. La loterie Euromillions offre le plus gros jackpot d'Europe.","og_url":"https:\/\/redfoxlotto.com\/fr\/loterie\/euromillions\/","og_site_name":"Get Tickets for the World\u2019s largest jackpots","article_modified_time":"2025-12-18T14:30:27+00:00","og_image":[{"url":"https:\/\/content.redfoxlotto.com\/uploads\/sites\/9\/1_buy_euromillions_online.jpg"}],"twitter_card":"summary_large_image","twitter_misc":{"Dur\u00e9e de lecture estim\u00e9e":"6 minutes"},"schema":{"@context":"https:\/\/schema.org","@graph":[{"@type":"WebPage","@id":"https:\/\/redfoxlotto.com\/fr\/loterie\/euromillions\/","url":"https:\/\/redfoxlotto.com\/fr\/loterie\/euromillions\/","name":"Acheter des tickets EuroMillions en ligne depuis la France","isPartOf":{"@id":"https:\/\/redfoxlotto.com\/fr\/#website"},"primaryImageOfPage":{"@id":"https:\/\/redfoxlotto.com\/fr\/loterie\/euromillions\/#primaryimage"},"image":{"@id":"https:\/\/redfoxlotto.com\/fr\/loterie\/euromillions\/#primaryimage"},"thumbnailUrl":"https:\/\/content.redfoxlotto.com\/uploads\/sites\/9\/1_buy_euromillions_online.jpg","datePublished":"2018-11-18T08:54:25+00:00","dateModified":"2025-12-18T14:30:27+00:00","description":"Informations sur la fa\u00e7on dont les r\u00e9sidents fran\u00e7ais peuvent acheter des billets Euromillions en ligne. La loterie Euromillions offre le plus gros jackpot d'Europe.","breadcrumb":{"@id":"https:\/\/redfoxlotto.com\/fr\/loterie\/euromillions\/#breadcrumb"},"inLanguage":"fr-FR","potentialAction":[{"@type":"ReadAction","target":["https:\/\/redfoxlotto.com\/fr\/loterie\/euromillions\/"]}]},{"@type":"ImageObject","inLanguage":"fr-FR","@id":"https:\/\/redfoxlotto.com\/fr\/loterie\/euromillions\/#primaryimage","url":"https:\/\/content.redfoxlotto.com\/uploads\/sites\/9\/1_buy_euromillions_online.jpg","contentUrl":"https:\/\/content.redfoxlotto.com\/uploads\/sites\/9\/1_buy_euromillions_online.jpg"},{"@type":"BreadcrumbList","@id":"https:\/\/redfoxlotto.com\/fr\/loterie\/euromillions\/#breadcrumb","itemListElement":[{"@type":"ListItem","position":1,"name":"Home","item":"https:\/\/redfoxlotto.com\/fr\/"},{"@type":"ListItem","position":2,"name":"Processus d&rsquo;achat de billets de loterie internationaux en ligne","item":"https:\/\/redfoxlotto.com\/fr\/loterie\/"},{"@type":"ListItem","position":3,"name":"A propos de l&rsquo;EuroMillions"}]},{"@type":"WebSite","@id":"https:\/\/redfoxlotto.com\/fr\/#website","url":"https:\/\/redfoxlotto.com\/fr\/","name":"Get Tickets for the World\u2019s largest jackpots","description":"Participate in worldwide lottery jackpots from any country","publisher":{"@id":"https:\/\/redfoxlotto.com\/fr\/#organization"},"potentialAction":[{"@type":"SearchAction","target":{"@type":"EntryPoint","urlTemplate":"https:\/\/redfoxlotto.com\/fr\/?s={search_term_string}"},"query-input":{"@type":"PropertyValueSpecification","valueRequired":true,"valueName":"search_term_string"}}],"inLanguage":"fr-FR"},{"@type":"Organization","@id":"https:\/\/redfoxlotto.com\/fr\/#organization","name":"Get Tickets for the World\u2019s largest jackpots","url":"https:\/\/redfoxlotto.com\/fr\/","logo":{"@type":"ImageObject","inLanguage":"fr-FR","@id":"https:\/\/redfoxlotto.com\/fr\/#\/schema\/logo\/image\/","url":"https:\/\/redfoxlotto.com\/wp-content\/uploads\/2023\/04\/logo.png","contentUrl":"https:\/\/redfoxlotto.com\/wp-content\/uploads\/2023\/04\/logo.png","width":269,"height":53,"caption":"Get Tickets for the World\u2019s largest jackpots"},"image":{"@id":"https:\/\/redfoxlotto.com\/fr\/#\/schema\/logo\/image\/"}}]}},"_links":{"self":[{"href":"https:\/\/redfoxlotto.com\/fr\/wp-json\/wp\/v2\/pages\/1517","targetHints":{"allow":["GET"]}}],"collection":[{"href":"https:\/\/redfoxlotto.com\/fr\/wp-json\/wp\/v2\/pages"}],"about":[{"href":"https:\/\/redfoxlotto.com\/fr\/wp-json\/wp\/v2\/types\/page"}],"author":[{"embeddable":true,"href":"https:\/\/redfoxlotto.com\/fr\/wp-json\/wp\/v2\/users\/1"}],"replies":[{"embeddable":true,"href":"https:\/\/redfoxlotto.com\/fr\/wp-json\/wp\/v2\/comments?post=1517"}],"version-history":[{"count":0,"href":"https:\/\/redfoxlotto.com\/fr\/wp-json\/wp\/v2\/pages\/1517\/revisions"}],"up":[{"embeddable":true,"href":"https:\/\/redfoxlotto.com\/fr\/wp-json\/wp\/v2\/pages\/1513"}],"wp:attachment":[{"href":"https:\/\/redfoxlotto.com\/fr\/wp-json\/wp\/v2\/media?parent=1517"}],"curies":[{"name":"wp","href":"https:\/\/api.w.org\/{rel}","templated":true}]}}