{"id":1516,"date":"2018-11-18T08:54:25","date_gmt":"2018-11-18T08:54:25","guid":{"rendered":"https:\/\/redfoxlotto.com\/?page_id=4685"},"modified":"2025-12-18T13:44:16","modified_gmt":"2025-12-18T13:44:16","slug":"eurojackpot","status":"publish","type":"page","link":"https:\/\/redfoxlotto.com\/fr\/loterie\/eurojackpot\/","title":{"rendered":"A propos d&rsquo;Eurojackpot"},"content":{"rendered":"<p><script type=\"application\/ld+json\">\n{\n  \"@context\": \"https:\/\/schema.org\",\n  \"@type\": \"Service\",\n  \"name\": \"Jouer \u00e0 Eurojackpot en ligne\",\n  \"url\": \"https:\/\/redfoxlotto.com\/fr\/lotteries\/eurojackpot\/\",\n  \"description\": \"Achetez des billets officiels Eurojackpot en ligne depuis n\u2019importe quel pays. Visitez RedFoxLotto, choisissez vos num\u00e9ros et participez au prochain tirage.\",\n  \"serviceType\": \"Service en ligne de messagerie de billets de loterie\",<\/p>\n<p>  \"provider\": {\n    \"@type\": \"Organization\",\n    \"name\": \"RedFoxLotto\",\n    \"url\": \"https:\/\/redfoxlotto.com\/fr\",\n    \"image\": \"https:\/\/redfoxlotto.com\/fr\/wp-content\/uploads\/2025\/12\/ticket_scans.jpg\",\n    \"sameAs\": []\n  },<\/p>\n<p>  \"areaServed\": \"Worldwide\",\n  \"termsOfService\": \"https:\/\/redfoxlotto.com\/terms-and-conditions\",<\/p>\n<p>  \"additionalProperty\": {\n    \"@type\": \"PropertyValue\",\n    \"name\": \"FAQ\",\n    \"value\": \"https:\/\/redfoxlotto.com\/fr\/faq\/\"\n  },<\/p>\n<p>  \"hasOfferCatalog\": {\n    \"@type\": \"OfferCatalog\",\n    \"name\": \"Billets Eurojackpot\",\n    \"itemListElement\": [\n      {\n        \"@type\": \"Offer\",\n        \"name\": \"Billets Eurojackpot\",\n        \"url\": \"https:\/\/redfoxlotto.com\/fr\/lotteries\/eurojackpot\",\n        \"description\": \"Achetez de vrais billets en ligne pour le prochain tirage Eurojackpot sur RedFoxLotto.\",\n        \"price\": \"6.00\",\n        \"priceCurrency\": \"\u20ac\",\n        \"availability\": \"https:\/\/schema.org\/InStock\",<\/p>\n<p>        \"itemOffered\": {\n          \"@type\": \"Service\",\n          \"name\": \"Billets de loterie Eurojackpot\",\n          \"description\": \"Participez au prochain tirage Eurojackpot \u2013 achetez vos billets en ligne via RedFoxLotto.\"\n        }\n      }\n    ]\n  },<\/p>\n<p>  \"mainEntityOfPage\": {\n    \"@type\": \"WebPage\",\n    \"@id\": \"https:\/\/redfoxlotto.com\/fr\/lotteries\/eurojackpot\/\"\n  }\n}\n<\/script><\/p>\n<p>L&rsquo;Eurojackpot existe depuis 2012 et sa popularit\u00e9 n&rsquo;a cess\u00e9 de cro\u00eetre depuis. L&rsquo;une des raisons est qu&rsquo;il commence d\u00e9finitivement \u00e0 gagner du terrain en ce qui concerne les jackpots et que vous pouvez r\u00e9ellement gagner une somme d&rsquo;argent d\u00e9cente (nous en reparlerons plus tard).<\/p>\n<p>Les tickets peuvent \u00eatre achet\u00e9s dans les 17 pays europ\u00e9ens participants, ce qui est tr\u00e8s int\u00e9ressant pour les pays qui font d\u00e9j\u00e0 partie de cette r\u00e9gion.<\/p>\n<p>Mais qu&rsquo;en est-il des personnes qui vivent en France &#8211; elles ne peuvent pas simplement se rendre dans un magasin pour acheter des billets Eurojackpot ? Si vous vivez en France, l&rsquo;achat en ligne est la solution. Vous pouvez \u00e9galement acheter vos billets en ligne chez nous si vous n&rsquo;habitez pas dans l&rsquo;un de ces pays europ\u00e9ens.<\/p>\n<h2>Le jackpot<\/h2>\n<p>Le montant minimum du jackpot de la loterie Eurojackpot est de 10 000 000 \u20ac. Cela va certainement \u00eatre un \u00e9norme avantage pour vous et une grande diff\u00e9rence dans votre vie, n&rsquo;est-ce pas ? Vous n&rsquo;aurez aucun mal \u00e0 acheter des choses vraiment cool avec cet argent, \u00e0 rembourser vos dettes ou \u00e0 faire quoi que ce soit d&rsquo;autre. Mais ce n&rsquo;est qu&rsquo;un minimum. Le montant peut \u00eatre bien plus \u00e9lev\u00e9. En fait, le paiement maximum peut atteindre 120 000 000 \u20ac. C&rsquo;est vraiment un montant \u00e9norme et une grande diff\u00e9rence dans votre vie, mais que se passe-t-il si personne ne gagne ? Tous les montants d\u00e9passant cette somme seront transf\u00e9r\u00e9s \u00e0 la deuxi\u00e8me cat\u00e9gorie de prix.<br \/>\n<img decoding=\"async\" class=\" wp-image alignright\" src=\"https:\/\/content.redfoxlotto.com\/uploads\/sites\/9\/1_ticket_eurojackpot2.jpg\" alt=\"eurojackpot\" \/><br \/>\nCela signifie que vous aurez la possibilit\u00e9 de gagner ce jackpot g\u00e9ant jusqu&rsquo;\u00e0 ce qu&rsquo;il atteigne cette limite. \u00c0 partir de l\u00e0, le deuxi\u00e8me montant le plus \u00e9lev\u00e9 commencera \u00e0 augmenter de plus en plus. Cela signifie que vous pourriez vous retrouver avec un \u00e9norme jackpot en faisant correspondre moins de num\u00e9ros, parce que ce prix de deuxi\u00e8me niveau va devenir un tr\u00e8s grand bonus et une deuxi\u00e8me chance de gagner gros.<\/p>\n<h2>Les r\u00e8gles de l&rsquo;Eurojackpot<\/h2>\n<p>Si vous souhaitez jouer \u00e0 l&rsquo;Eurojackpot depuis la France, vous devez vous assurer que vous avez suivi la bonne proc\u00e9dure. Vous voulez vous assurer que vous jouez correctement et que votre ticket est choisi de la bonne fa\u00e7on. Vous avez de la chance car ces tickets sont tr\u00e8s simples \u00e0 choisir et vous n&rsquo;aurez aucun probl\u00e8me \u00e0 choisir exactement ce que vous voulez.<\/p>\n<p>Vous choisissez 5 num\u00e9ros principaux entre 1 et 50, puis deux num\u00e9ros suppl\u00e9mentaires entre 1 et 12. Ainsi, les 5 num\u00e9ros principaux vous permettront d&rsquo;obtenir un prix m\u00eame si vous n&rsquo;obtenez pas les num\u00e9ros suppl\u00e9mentaires ou les num\u00e9ros \u00e9toiles. Il y a 12 niveaux de prix.<\/p>\n<p>Cela signifie qu&rsquo;il existe un certain nombre de combinaisons diff\u00e9rentes de num\u00e9ros correspondants que vous pouvez obtenir et qui vous permettront de remporter un prix. Vous pouvez gagner juste assez pour couvrir le co\u00fbt de votre billet, mais vous pouvez aussi gagner des millions sans avoir \u00e0 faire toutes les combinaisons.<\/p>\n<p>Bien s\u00fbr, pour gagner le prix principal, vous devez avoir les 5 num\u00e9ros principaux et les 2 num\u00e9ros suppl\u00e9mentaires. Cela va \u00eatre compliqu\u00e9 et tr\u00e8s rare, mais c&rsquo;est tout \u00e0 fait possible. Apr\u00e8s tout, quelqu&rsquo;un doit gagner, n&rsquo;est-ce pas ? Pourquoi<\/p>\n<p>Cette personne ne pourrait-elle pas \u00eatre vous ? Nous pensons que c&rsquo;est tout \u00e0 fait possible et tout ce que vous avez \u00e0 faire, c&rsquo;est de jeter un coup d&rsquo;\u0153il au processus de s\u00e9lection de votre billet et de vous pr\u00e9parer \u00e0 l&rsquo;acheter.<\/p>\n<h2>Acheter votre ticket Eurojackpot<\/h2>\n<p>Si vous \u00eates pr\u00eat \u00e0 jouer \u00e0 l&rsquo;Eurojackpot en ligne, vous \u00eates pr\u00eat \u00e0 jeter un coup d&rsquo;\u0153il \u00e0 notre syst\u00e8me et \u00e0 notre site Internet. Tout ce que vous avez \u00e0 faire, c&rsquo;est de vous connecter et de jeter un coup d&rsquo;\u0153il, mais vous y \u00eates d\u00e9j\u00e0. Qu&rsquo;allez-vous faire ensuite ? Vous voulez voir les diff\u00e9rents billets que nous avons \u00e0 votre disposition.<\/p>\n<p>Nous proposons les meilleurs billets et les jeux les plus populaires, ce qui vous permet de remporter les plus gros jackpots. Une fois que vous avez jet\u00e9 un coup d&rsquo;\u0153il, vous pouvez d\u00e9cider d&rsquo;acheter des billets Eurojackpot et vous serez redirig\u00e9 vers une autre page.<\/p>\n<p>Sur cette page, vous obtiendrez plus d&rsquo;informations sur l&rsquo;Eurojackpot et vous pourrez choisir les billets que vous voulez. Vous pouvez choisir le nombre de billets que vous voulez et vous pouvez choisir les num\u00e9ros que vous voulez sur votre billet. Tant que vos num\u00e9ros correspondent aux r\u00e8gles dont nous avons parl\u00e9 plus haut, vous pouvez choisir n&rsquo;importe quelle combinaison de num\u00e9ros sur chacun de vos billets.<\/p>\n<p>Bien entendu, si vous ne savez pas quels num\u00e9ros vous voulez choisir, vous pouvez tout \u00e0 fait opter pour un billet \u00e0 choix rapide.<\/p>\n<p>Avec un quick pick, vous obtiendrez une assignation al\u00e9atoire des num\u00e9ros qui correspondent aux exigences. Cela vous permet d&rsquo;obtenir un billet sans avoir \u00e0 vous soucier de quoi que ce soit d&rsquo;autre. Si vous voulez choisir quelques options mais pas tous les num\u00e9ros, vous pouvez en fait faire une combinaison des deux, ce qui vous facilitera certainement l&rsquo;achat du billet.<\/p>\n<h2>Cr\u00e9ez votre compte<\/h2>\n<p><img loading=\"lazy\" decoding=\"async\" class=\" wp-image alignright\" src=\"https:\/\/content.redfoxlotto.com\/uploads\/sites\/9\/1_eurojackpot_buy_ticket.jpg\" alt=\"acheter un ticket eurojackpot\" width=\"229\" height=\"152\" \/><br \/>\nUne fois que vous avez trouv\u00e9 tous les num\u00e9ros, il ne vous reste plus qu&rsquo;\u00e0 cr\u00e9er votre compte. Lorsque vous cr\u00e9ez votre compte, c&rsquo;est en fait tr\u00e8s simple et tout ce que vous avez \u00e0 faire est de remplir quelques informations personnelles. Ces informations vous permettront de verser facilement de l&rsquo;argent sur votre compte pour payer vos tickets et de retirer facilement de l&rsquo;argent de votre compte lorsque vous gagnez. C&rsquo;est tr\u00e8s simple et facile.<\/p>\n<p>Lorsque vous \u00eates pr\u00eat \u00e0 choisir vos billets, il vous suffit de vous connecter \u00e0 votre compte et vous pourrez choisir les billets que vous voulez. Si vous voulez choisir rapidement, c&rsquo;est encore plus facile, et vous pouvez m\u00eame faire en sorte que vos billets soient pr\u00eats pour plusieurs tirages. Cela signifie que vous n&rsquo;aurez pas \u00e0 vous soucier d&rsquo;acheter des billets suppl\u00e9mentaires pour le tirage suivant. Il vous suffit de conserver le m\u00eame billet et vous \u00eates pr\u00eat \u00e0 partir.<\/p>\n","protected":false},"excerpt":{"rendered":"<p>L&rsquo;Eurojackpot existe depuis 2012 et sa popularit\u00e9 n&rsquo;a cess\u00e9 de cro\u00eetre depuis. L&rsquo;une des raisons est qu&rsquo;il commence d\u00e9finitivement \u00e0 gagner du terrain en ce qui concerne les jackpots et que vous pouvez r\u00e9ellement gagner une somme d&rsquo;argent d\u00e9cente (nous en reparlerons plus tard). Les tickets peuvent \u00eatre achet\u00e9s dans les 17 pays europ\u00e9ens participants, [&hellip;]<\/p>\n","protected":false},"author":1,"featured_media":0,"parent":1513,"menu_order":4,"comment_status":"closed","ping_status":"closed","template":"eurojackpot-info.php","meta":{"_et_pb_use_builder":"","_et_pb_old_content":"","_et_gb_content_width":"","exclude_from_search":false,"footnotes":""},"class_list":["post-1516","page","type-page","status-publish","hentry"],"yoast_head":"<!-- This site is optimized with the Yoast SEO plugin v23.8 - https:\/\/yoast.com\/wordpress\/plugins\/seo\/ -->\n<title>Les r\u00e9sidents de la France peuvent acheter billets Eurojackpot en ligne<\/title>\n<meta name=\"description\" content=\"Achetez vos tickets Eurojackpot en ligne, si vous habitez en France. Utilisez notre service pour avoir une chance de gagner, avec un ticket Eurojackpot officiel.\" \/>\n<meta name=\"robots\" content=\"index, follow, max-snippet:-1, max-image-preview:large, max-video-preview:-1\" \/>\n<link rel=\"canonical\" href=\"https:\/\/redfoxlotto.com\/fr\/loterie\/eurojackpot\/\" \/>\n<meta property=\"og:locale\" content=\"fr_FR\" \/>\n<meta property=\"og:type\" content=\"article\" \/>\n<meta property=\"og:title\" content=\"Les r\u00e9sidents de la France peuvent acheter billets Eurojackpot en ligne\" \/>\n<meta property=\"og:description\" content=\"Achetez vos tickets Eurojackpot en ligne, si vous habitez en France. Utilisez notre service pour avoir une chance de gagner, avec un ticket Eurojackpot officiel.\" \/>\n<meta property=\"og:url\" content=\"https:\/\/redfoxlotto.com\/fr\/loterie\/eurojackpot\/\" \/>\n<meta property=\"og:site_name\" content=\"Get Tickets for the World\u2019s largest jackpots\" \/>\n<meta property=\"article:modified_time\" content=\"2025-12-18T13:44:16+00:00\" \/>\n<meta property=\"og:image\" content=\"https:\/\/content.redfoxlotto.com\/uploads\/sites\/9\/1_ticket_eurojackpot2.jpg\" \/>\n<meta name=\"twitter:card\" content=\"summary_large_image\" \/>\n<meta name=\"twitter:label1\" content=\"Dur\u00e9e de lecture estim\u00e9e\" \/>\n\t<meta name=\"twitter:data1\" content=\"5 minutes\" \/>\n<script type=\"application\/ld+json\" class=\"yoast-schema-graph\">{\"@context\":\"https:\/\/schema.org\",\"@graph\":[{\"@type\":\"WebPage\",\"@id\":\"https:\/\/redfoxlotto.com\/fr\/loterie\/eurojackpot\/\",\"url\":\"https:\/\/redfoxlotto.com\/fr\/loterie\/eurojackpot\/\",\"name\":\"Les r\u00e9sidents de la France peuvent acheter billets Eurojackpot en ligne\",\"isPartOf\":{\"@id\":\"https:\/\/redfoxlotto.com\/fr\/#website\"},\"primaryImageOfPage\":{\"@id\":\"https:\/\/redfoxlotto.com\/fr\/loterie\/eurojackpot\/#primaryimage\"},\"image\":{\"@id\":\"https:\/\/redfoxlotto.com\/fr\/loterie\/eurojackpot\/#primaryimage\"},\"thumbnailUrl\":\"https:\/\/content.redfoxlotto.com\/uploads\/sites\/9\/1_ticket_eurojackpot2.jpg\",\"datePublished\":\"2018-11-18T08:54:25+00:00\",\"dateModified\":\"2025-12-18T13:44:16+00:00\",\"description\":\"Achetez vos tickets Eurojackpot en ligne, si vous habitez en France. Utilisez notre service pour avoir une chance de gagner, avec un ticket Eurojackpot officiel.\",\"breadcrumb\":{\"@id\":\"https:\/\/redfoxlotto.com\/fr\/loterie\/eurojackpot\/#breadcrumb\"},\"inLanguage\":\"fr-FR\",\"potentialAction\":[{\"@type\":\"ReadAction\",\"target\":[\"https:\/\/redfoxlotto.com\/fr\/loterie\/eurojackpot\/\"]}]},{\"@type\":\"ImageObject\",\"inLanguage\":\"fr-FR\",\"@id\":\"https:\/\/redfoxlotto.com\/fr\/loterie\/eurojackpot\/#primaryimage\",\"url\":\"https:\/\/content.redfoxlotto.com\/uploads\/sites\/9\/1_ticket_eurojackpot2.jpg\",\"contentUrl\":\"https:\/\/content.redfoxlotto.com\/uploads\/sites\/9\/1_ticket_eurojackpot2.jpg\"},{\"@type\":\"BreadcrumbList\",\"@id\":\"https:\/\/redfoxlotto.com\/fr\/loterie\/eurojackpot\/#breadcrumb\",\"itemListElement\":[{\"@type\":\"ListItem\",\"position\":1,\"name\":\"Home\",\"item\":\"https:\/\/redfoxlotto.com\/fr\/\"},{\"@type\":\"ListItem\",\"position\":2,\"name\":\"Processus d&rsquo;achat de billets de loterie internationaux en ligne\",\"item\":\"https:\/\/redfoxlotto.com\/fr\/loterie\/\"},{\"@type\":\"ListItem\",\"position\":3,\"name\":\"A propos d&rsquo;Eurojackpot\"}]},{\"@type\":\"WebSite\",\"@id\":\"https:\/\/redfoxlotto.com\/fr\/#website\",\"url\":\"https:\/\/redfoxlotto.com\/fr\/\",\"name\":\"Get Tickets for the World\u2019s largest jackpots\",\"description\":\"Participate in worldwide lottery jackpots from any country\",\"publisher\":{\"@id\":\"https:\/\/redfoxlotto.com\/fr\/#organization\"},\"potentialAction\":[{\"@type\":\"SearchAction\",\"target\":{\"@type\":\"EntryPoint\",\"urlTemplate\":\"https:\/\/redfoxlotto.com\/fr\/?s={search_term_string}\"},\"query-input\":{\"@type\":\"PropertyValueSpecification\",\"valueRequired\":true,\"valueName\":\"search_term_string\"}}],\"inLanguage\":\"fr-FR\"},{\"@type\":\"Organization\",\"@id\":\"https:\/\/redfoxlotto.com\/fr\/#organization\",\"name\":\"Get Tickets for the World\u2019s largest jackpots\",\"url\":\"https:\/\/redfoxlotto.com\/fr\/\",\"logo\":{\"@type\":\"ImageObject\",\"inLanguage\":\"fr-FR\",\"@id\":\"https:\/\/redfoxlotto.com\/fr\/#\/schema\/logo\/image\/\",\"url\":\"https:\/\/redfoxlotto.com\/wp-content\/uploads\/2023\/04\/logo.png\",\"contentUrl\":\"https:\/\/redfoxlotto.com\/wp-content\/uploads\/2023\/04\/logo.png\",\"width\":269,\"height\":53,\"caption\":\"Get Tickets for the World\u2019s largest jackpots\"},\"image\":{\"@id\":\"https:\/\/redfoxlotto.com\/fr\/#\/schema\/logo\/image\/\"}}]}<\/script>\n<!-- \/ Yoast SEO plugin. -->","yoast_head_json":{"title":"Les r\u00e9sidents de la France peuvent acheter billets Eurojackpot en ligne","description":"Achetez vos tickets Eurojackpot en ligne, si vous habitez en France. Utilisez notre service pour avoir une chance de gagner, avec un ticket Eurojackpot officiel.","robots":{"index":"index","follow":"follow","max-snippet":"max-snippet:-1","max-image-preview":"max-image-preview:large","max-video-preview":"max-video-preview:-1"},"canonical":"https:\/\/redfoxlotto.com\/fr\/loterie\/eurojackpot\/","og_locale":"fr_FR","og_type":"article","og_title":"Les r\u00e9sidents de la France peuvent acheter billets Eurojackpot en ligne","og_description":"Achetez vos tickets Eurojackpot en ligne, si vous habitez en France. Utilisez notre service pour avoir une chance de gagner, avec un ticket Eurojackpot officiel.","og_url":"https:\/\/redfoxlotto.com\/fr\/loterie\/eurojackpot\/","og_site_name":"Get Tickets for the World\u2019s largest jackpots","article_modified_time":"2025-12-18T13:44:16+00:00","og_image":[{"url":"https:\/\/content.redfoxlotto.com\/uploads\/sites\/9\/1_ticket_eurojackpot2.jpg"}],"twitter_card":"summary_large_image","twitter_misc":{"Dur\u00e9e de lecture estim\u00e9e":"5 minutes"},"schema":{"@context":"https:\/\/schema.org","@graph":[{"@type":"WebPage","@id":"https:\/\/redfoxlotto.com\/fr\/loterie\/eurojackpot\/","url":"https:\/\/redfoxlotto.com\/fr\/loterie\/eurojackpot\/","name":"Les r\u00e9sidents de la France peuvent acheter billets Eurojackpot en ligne","isPartOf":{"@id":"https:\/\/redfoxlotto.com\/fr\/#website"},"primaryImageOfPage":{"@id":"https:\/\/redfoxlotto.com\/fr\/loterie\/eurojackpot\/#primaryimage"},"image":{"@id":"https:\/\/redfoxlotto.com\/fr\/loterie\/eurojackpot\/#primaryimage"},"thumbnailUrl":"https:\/\/content.redfoxlotto.com\/uploads\/sites\/9\/1_ticket_eurojackpot2.jpg","datePublished":"2018-11-18T08:54:25+00:00","dateModified":"2025-12-18T13:44:16+00:00","description":"Achetez vos tickets Eurojackpot en ligne, si vous habitez en France. Utilisez notre service pour avoir une chance de gagner, avec un ticket Eurojackpot officiel.","breadcrumb":{"@id":"https:\/\/redfoxlotto.com\/fr\/loterie\/eurojackpot\/#breadcrumb"},"inLanguage":"fr-FR","potentialAction":[{"@type":"ReadAction","target":["https:\/\/redfoxlotto.com\/fr\/loterie\/eurojackpot\/"]}]},{"@type":"ImageObject","inLanguage":"fr-FR","@id":"https:\/\/redfoxlotto.com\/fr\/loterie\/eurojackpot\/#primaryimage","url":"https:\/\/content.redfoxlotto.com\/uploads\/sites\/9\/1_ticket_eurojackpot2.jpg","contentUrl":"https:\/\/content.redfoxlotto.com\/uploads\/sites\/9\/1_ticket_eurojackpot2.jpg"},{"@type":"BreadcrumbList","@id":"https:\/\/redfoxlotto.com\/fr\/loterie\/eurojackpot\/#breadcrumb","itemListElement":[{"@type":"ListItem","position":1,"name":"Home","item":"https:\/\/redfoxlotto.com\/fr\/"},{"@type":"ListItem","position":2,"name":"Processus d&rsquo;achat de billets de loterie internationaux en ligne","item":"https:\/\/redfoxlotto.com\/fr\/loterie\/"},{"@type":"ListItem","position":3,"name":"A propos d&rsquo;Eurojackpot"}]},{"@type":"WebSite","@id":"https:\/\/redfoxlotto.com\/fr\/#website","url":"https:\/\/redfoxlotto.com\/fr\/","name":"Get Tickets for the World\u2019s largest jackpots","description":"Participate in worldwide lottery jackpots from any country","publisher":{"@id":"https:\/\/redfoxlotto.com\/fr\/#organization"},"potentialAction":[{"@type":"SearchAction","target":{"@type":"EntryPoint","urlTemplate":"https:\/\/redfoxlotto.com\/fr\/?s={search_term_string}"},"query-input":{"@type":"PropertyValueSpecification","valueRequired":true,"valueName":"search_term_string"}}],"inLanguage":"fr-FR"},{"@type":"Organization","@id":"https:\/\/redfoxlotto.com\/fr\/#organization","name":"Get Tickets for the World\u2019s largest jackpots","url":"https:\/\/redfoxlotto.com\/fr\/","logo":{"@type":"ImageObject","inLanguage":"fr-FR","@id":"https:\/\/redfoxlotto.com\/fr\/#\/schema\/logo\/image\/","url":"https:\/\/redfoxlotto.com\/wp-content\/uploads\/2023\/04\/logo.png","contentUrl":"https:\/\/redfoxlotto.com\/wp-content\/uploads\/2023\/04\/logo.png","width":269,"height":53,"caption":"Get Tickets for the World\u2019s largest jackpots"},"image":{"@id":"https:\/\/redfoxlotto.com\/fr\/#\/schema\/logo\/image\/"}}]}},"_links":{"self":[{"href":"https:\/\/redfoxlotto.com\/fr\/wp-json\/wp\/v2\/pages\/1516","targetHints":{"allow":["GET"]}}],"collection":[{"href":"https:\/\/redfoxlotto.com\/fr\/wp-json\/wp\/v2\/pages"}],"about":[{"href":"https:\/\/redfoxlotto.com\/fr\/wp-json\/wp\/v2\/types\/page"}],"author":[{"embeddable":true,"href":"https:\/\/redfoxlotto.com\/fr\/wp-json\/wp\/v2\/users\/1"}],"replies":[{"embeddable":true,"href":"https:\/\/redfoxlotto.com\/fr\/wp-json\/wp\/v2\/comments?post=1516"}],"version-history":[{"count":0,"href":"https:\/\/redfoxlotto.com\/fr\/wp-json\/wp\/v2\/pages\/1516\/revisions"}],"up":[{"embeddable":true,"href":"https:\/\/redfoxlotto.com\/fr\/wp-json\/wp\/v2\/pages\/1513"}],"wp:attachment":[{"href":"https:\/\/redfoxlotto.com\/fr\/wp-json\/wp\/v2\/media?parent=1516"}],"curies":[{"name":"wp","href":"https:\/\/api.w.org\/{rel}","templated":true}]}}