{"id":1515,"date":"2018-11-18T08:54:25","date_gmt":"2018-11-18T08:54:25","guid":{"rendered":"https:\/\/redfoxlotto.com\/?page_id=4683"},"modified":"2019-02-07T06:48:16","modified_gmt":"2019-02-07T06:48:16","slug":"el-gordo-primitiva","status":"publish","type":"page","link":"https:\/\/redfoxlotto.com\/fr\/loterie\/el-gordo-primitiva\/","title":{"rendered":"Information sur El Gordo"},"content":{"rendered":"<p>La Loteria de Navidad, ou \u00ab\u00a0El Gordo\u00a0\u00bb comme on l&rsquo;appelle affectueusement, est l&rsquo;une des plus anciennes loteries au monde puisqu&rsquo;elle existe depuis 1812 et qu&rsquo;elle est organis\u00e9e chaque ann\u00e9e jusqu&rsquo;\u00e0 ce jour. <\/p><p><img loading=\"lazy\" decoding=\"async\" class=\" wp-image alignright\" src=\"https:\/\/content.redfoxlotto.com\/uploads\/sites\/9\/1_buy_ticket_lotto_online.jpg\" alt=\"acheter en ligne El Gordo\" width=\"200\" height=\"132\" \/><\/p><!--more--><p>La Loterie de Navidad est la deuxi\u00e8me loterie la plus longue du monde en fonctionnement continu, comme elle l&rsquo;a \u00e9t\u00e9 m\u00eame pendant la guerre civile en Espagne. Les pays non hispanophones supposent souvent que El Gordo est le nom de la loterie, le fait est que El Gordo se r\u00e9f\u00e8re simplement au prix du jackpot ou litt\u00e9ralement le gros lot.<\/p><p>La loterie espagnole de No\u00ebl offre l&rsquo;un des <a href=\"https:\/\/redfoxlotto.com\/fr\">plus grands prix de loterie au monde<\/a>, car les joueurs ont une chance de gagner jusqu&rsquo;\u00e0 2,5 milliards d&rsquo;euros de prix tandis que le jackpot ou le prix El Gordo est de 4 millions d&rsquo;euros. Le tirage au sort a lieu une fois par an, \u00e0 proximit\u00e9 du jour de No\u00ebl, car il a lieu tous les 22 d\u00e9cembre.<\/p><p><img decoding=\"async\" class=\"size-full wp-image alignright\" src=\"https:\/\/content.redfoxlotto.com\/uploads\/sites\/9\/2_ticket_el_gordo.jpg\" alt=\"Billets El Gordo\"><\/p><p>Pour jouer \u00e0 la loterie espagnole de No\u00ebl, vous devez \u00eatre \u00e2g\u00e9 de 18 ans et plus et les billets portent d\u00e9j\u00e0 une s\u00e9rie de 5 num\u00e9ros imprim\u00e9s sur les billets de sorte que lorsque le tirage au sort est termin\u00e9, les billets contenant les num\u00e9ros gagnants tir\u00e9s sont admissibles pour un prix \u00e0 la loterie. \u00ab\u00a0El mayor premio es compartilo\u00a0\u00bb est un slogan associ\u00e9 \u00e0 la loterie espagnole de No\u00ebl et la traduction anglaise est \u00ab\u00a0le plus grand prix est le partage\u00a0\u00bb et c&rsquo;est ce qui rend la loterie sp\u00e9ciale. Les s\u00e9ries de billets contiennent souvent les m\u00eames num\u00e9ros, de sorte que si ce num\u00e9ro est gagn\u00e9, l&rsquo;argent du prix est partag\u00e9 entre tous ceux qui ont ce num\u00e9ro. Lors du tirage au sort, une boule contenant un num\u00e9ro \u00e0 5 chiffres est tir\u00e9e d&rsquo;une poule d&rsquo;autres num\u00e9ros, chaque num\u00e9ro gagnant ayant son prix associ\u00e9 \u00e0 celui-ci.<\/p><p>La loterie de No\u00ebl espagnole est maintenant plus d&rsquo;une tradition pour le peuple espagnol que chaque p\u00e9riode de No\u00ebl, la loterie tend \u00e0 apporter le bonheur au peuple de l&rsquo;Espagne comme ils s&rsquo;attendent tous \u00e0 \u00eatre gagnants dans la c\u00e9l\u00e8bre Loteria de Navidad. Les chances de gagner le El Gordo est en fait \u00e9lev\u00e9 par rapport \u00e0 d&rsquo;autres loteries comme il est \u00e0 1 sur seulement 100.000.<\/p>","protected":false},"excerpt":{"rendered":"<p>La Loteria de Navidad, ou \u00ab\u00a0El Gordo\u00a0\u00bb comme on l&rsquo;appelle affectueusement, est l&rsquo;une des plus anciennes loteries au monde puisqu&rsquo;elle existe depuis 1812 et qu&rsquo;elle est organis\u00e9e chaque ann\u00e9e jusqu&rsquo;\u00e0 ce jour.<\/p>\n","protected":false},"author":1,"featured_media":0,"parent":1513,"menu_order":6,"comment_status":"closed","ping_status":"closed","template":"el-gordo-info.php","meta":{"_et_pb_use_builder":"","_et_pb_old_content":"","_et_gb_content_width":"","exclude_from_search":false,"footnotes":""},"class_list":["post-1515","page","type-page","status-publish","hentry"],"yoast_head":"<!-- This site is optimized with the Yoast SEO plugin v27.4 - https:\/\/yoast.com\/product\/yoast-seo-wordpress\/ -->\n<title>Ce que vous devez savoir sur la loterie espagnole El Gordo de No\u00ebl.<\/title>\n<meta name=\"description\" content=\"Consultez cette info sur El Gordo Loteria de Navidad, la loterie de No\u00ebl espagnol\" \/>\n<meta name=\"robots\" content=\"index, follow, max-snippet:-1, max-image-preview:large, max-video-preview:-1\" \/>\n<link rel=\"canonical\" href=\"https:\/\/redfoxlotto.com\/fr\/loterie\/el-gordo-primitiva\/\" \/>\n<meta property=\"og:locale\" content=\"fr_FR\" \/>\n<meta property=\"og:type\" content=\"article\" \/>\n<meta property=\"og:title\" content=\"Ce que vous devez savoir sur la loterie espagnole El Gordo de No\u00ebl.\" \/>\n<meta property=\"og:description\" content=\"Consultez cette info sur El Gordo Loteria de Navidad, la loterie de No\u00ebl espagnol\" \/>\n<meta property=\"og:url\" content=\"https:\/\/redfoxlotto.com\/fr\/loterie\/el-gordo-primitiva\/\" \/>\n<meta property=\"og:site_name\" content=\"Get Tickets for the World\u2019s largest jackpots\" \/>\n<meta property=\"article:modified_time\" content=\"2019-02-07T06:48:16+00:00\" \/>\n<meta property=\"og:image\" content=\"https:\/\/content.redfoxlotto.com\/uploads\/sites\/9\/1_buy_ticket_lotto_online.jpg\" \/>\n<meta name=\"twitter:card\" content=\"summary_large_image\" \/>\n<meta name=\"twitter:label1\" content=\"Dur\u00e9e de lecture estim\u00e9e\" \/>\n\t<meta name=\"twitter:data1\" content=\"3 minutes\" \/>\n<script type=\"application\/ld+json\" class=\"yoast-schema-graph\">{\"@context\":\"https:\\\/\\\/schema.org\",\"@graph\":[{\"@type\":\"WebPage\",\"@id\":\"https:\\\/\\\/redfoxlotto.com\\\/fr\\\/loterie\\\/el-gordo-primitiva\\\/\",\"url\":\"https:\\\/\\\/redfoxlotto.com\\\/fr\\\/loterie\\\/el-gordo-primitiva\\\/\",\"name\":\"Ce que vous devez savoir sur la loterie espagnole El Gordo de No\u00ebl.\",\"isPartOf\":{\"@id\":\"https:\\\/\\\/redfoxlotto.com\\\/fr\\\/#website\"},\"primaryImageOfPage\":{\"@id\":\"https:\\\/\\\/redfoxlotto.com\\\/fr\\\/loterie\\\/el-gordo-primitiva\\\/#primaryimage\"},\"image\":{\"@id\":\"https:\\\/\\\/redfoxlotto.com\\\/fr\\\/loterie\\\/el-gordo-primitiva\\\/#primaryimage\"},\"thumbnailUrl\":\"https:\\\/\\\/content.redfoxlotto.com\\\/uploads\\\/sites\\\/9\\\/1_buy_ticket_lotto_online.jpg\",\"datePublished\":\"2018-11-18T08:54:25+00:00\",\"dateModified\":\"2019-02-07T06:48:16+00:00\",\"description\":\"Consultez cette info sur El Gordo Loteria de Navidad, la loterie de No\u00ebl espagnol\",\"breadcrumb\":{\"@id\":\"https:\\\/\\\/redfoxlotto.com\\\/fr\\\/loterie\\\/el-gordo-primitiva\\\/#breadcrumb\"},\"inLanguage\":\"fr-FR\",\"potentialAction\":[{\"@type\":\"ReadAction\",\"target\":[\"https:\\\/\\\/redfoxlotto.com\\\/fr\\\/loterie\\\/el-gordo-primitiva\\\/\"]}]},{\"@type\":\"ImageObject\",\"inLanguage\":\"fr-FR\",\"@id\":\"https:\\\/\\\/redfoxlotto.com\\\/fr\\\/loterie\\\/el-gordo-primitiva\\\/#primaryimage\",\"url\":\"https:\\\/\\\/content.redfoxlotto.com\\\/uploads\\\/sites\\\/9\\\/1_buy_ticket_lotto_online.jpg\",\"contentUrl\":\"https:\\\/\\\/content.redfoxlotto.com\\\/uploads\\\/sites\\\/9\\\/1_buy_ticket_lotto_online.jpg\"},{\"@type\":\"BreadcrumbList\",\"@id\":\"https:\\\/\\\/redfoxlotto.com\\\/fr\\\/loterie\\\/el-gordo-primitiva\\\/#breadcrumb\",\"itemListElement\":[{\"@type\":\"ListItem\",\"position\":1,\"name\":\"Home\",\"item\":\"https:\\\/\\\/redfoxlotto.com\\\/fr\\\/\"},{\"@type\":\"ListItem\",\"position\":2,\"name\":\"Processus d&rsquo;achat de billets de loterie internationaux en ligne\",\"item\":\"https:\\\/\\\/redfoxlotto.com\\\/fr\\\/loterie\\\/\"},{\"@type\":\"ListItem\",\"position\":3,\"name\":\"Information sur El Gordo\"}]},{\"@type\":\"WebSite\",\"@id\":\"https:\\\/\\\/redfoxlotto.com\\\/fr\\\/#website\",\"url\":\"https:\\\/\\\/redfoxlotto.com\\\/fr\\\/\",\"name\":\"Get Tickets for the World\u2019s largest jackpots\",\"description\":\"Participate in worldwide lottery jackpots from any country\",\"publisher\":{\"@id\":\"https:\\\/\\\/redfoxlotto.com\\\/fr\\\/#organization\"},\"potentialAction\":[{\"@type\":\"SearchAction\",\"target\":{\"@type\":\"EntryPoint\",\"urlTemplate\":\"https:\\\/\\\/redfoxlotto.com\\\/fr\\\/?s={search_term_string}\"},\"query-input\":{\"@type\":\"PropertyValueSpecification\",\"valueRequired\":true,\"valueName\":\"search_term_string\"}}],\"inLanguage\":\"fr-FR\"},{\"@type\":\"Organization\",\"@id\":\"https:\\\/\\\/redfoxlotto.com\\\/fr\\\/#organization\",\"name\":\"Get Tickets for the World\u2019s largest jackpots\",\"url\":\"https:\\\/\\\/redfoxlotto.com\\\/fr\\\/\",\"logo\":{\"@type\":\"ImageObject\",\"inLanguage\":\"fr-FR\",\"@id\":\"https:\\\/\\\/redfoxlotto.com\\\/fr\\\/#\\\/schema\\\/logo\\\/image\\\/\",\"url\":\"https:\\\/\\\/redfoxlotto.com\\\/wp-content\\\/uploads\\\/2023\\\/04\\\/logo.png\",\"contentUrl\":\"https:\\\/\\\/redfoxlotto.com\\\/wp-content\\\/uploads\\\/2023\\\/04\\\/logo.png\",\"width\":269,\"height\":53,\"caption\":\"Get Tickets for the World\u2019s largest jackpots\"},\"image\":{\"@id\":\"https:\\\/\\\/redfoxlotto.com\\\/fr\\\/#\\\/schema\\\/logo\\\/image\\\/\"}}]}<\/script>\n<!-- \/ Yoast SEO plugin. -->","yoast_head_json":{"title":"Ce que vous devez savoir sur la loterie espagnole El Gordo de No\u00ebl.","description":"Consultez cette info sur El Gordo Loteria de Navidad, la loterie de No\u00ebl espagnol","robots":{"index":"index","follow":"follow","max-snippet":"max-snippet:-1","max-image-preview":"max-image-preview:large","max-video-preview":"max-video-preview:-1"},"canonical":"https:\/\/redfoxlotto.com\/fr\/loterie\/el-gordo-primitiva\/","og_locale":"fr_FR","og_type":"article","og_title":"Ce que vous devez savoir sur la loterie espagnole El Gordo de No\u00ebl.","og_description":"Consultez cette info sur El Gordo Loteria de Navidad, la loterie de No\u00ebl espagnol","og_url":"https:\/\/redfoxlotto.com\/fr\/loterie\/el-gordo-primitiva\/","og_site_name":"Get Tickets for the World\u2019s largest jackpots","article_modified_time":"2019-02-07T06:48:16+00:00","og_image":[{"url":"https:\/\/content.redfoxlotto.com\/uploads\/sites\/9\/1_buy_ticket_lotto_online.jpg","type":"","width":"","height":""}],"twitter_card":"summary_large_image","twitter_misc":{"Dur\u00e9e de lecture estim\u00e9e":"3 minutes"},"schema":{"@context":"https:\/\/schema.org","@graph":[{"@type":"WebPage","@id":"https:\/\/redfoxlotto.com\/fr\/loterie\/el-gordo-primitiva\/","url":"https:\/\/redfoxlotto.com\/fr\/loterie\/el-gordo-primitiva\/","name":"Ce que vous devez savoir sur la loterie espagnole El Gordo de No\u00ebl.","isPartOf":{"@id":"https:\/\/redfoxlotto.com\/fr\/#website"},"primaryImageOfPage":{"@id":"https:\/\/redfoxlotto.com\/fr\/loterie\/el-gordo-primitiva\/#primaryimage"},"image":{"@id":"https:\/\/redfoxlotto.com\/fr\/loterie\/el-gordo-primitiva\/#primaryimage"},"thumbnailUrl":"https:\/\/content.redfoxlotto.com\/uploads\/sites\/9\/1_buy_ticket_lotto_online.jpg","datePublished":"2018-11-18T08:54:25+00:00","dateModified":"2019-02-07T06:48:16+00:00","description":"Consultez cette info sur El Gordo Loteria de Navidad, la loterie de No\u00ebl espagnol","breadcrumb":{"@id":"https:\/\/redfoxlotto.com\/fr\/loterie\/el-gordo-primitiva\/#breadcrumb"},"inLanguage":"fr-FR","potentialAction":[{"@type":"ReadAction","target":["https:\/\/redfoxlotto.com\/fr\/loterie\/el-gordo-primitiva\/"]}]},{"@type":"ImageObject","inLanguage":"fr-FR","@id":"https:\/\/redfoxlotto.com\/fr\/loterie\/el-gordo-primitiva\/#primaryimage","url":"https:\/\/content.redfoxlotto.com\/uploads\/sites\/9\/1_buy_ticket_lotto_online.jpg","contentUrl":"https:\/\/content.redfoxlotto.com\/uploads\/sites\/9\/1_buy_ticket_lotto_online.jpg"},{"@type":"BreadcrumbList","@id":"https:\/\/redfoxlotto.com\/fr\/loterie\/el-gordo-primitiva\/#breadcrumb","itemListElement":[{"@type":"ListItem","position":1,"name":"Home","item":"https:\/\/redfoxlotto.com\/fr\/"},{"@type":"ListItem","position":2,"name":"Processus d&rsquo;achat de billets de loterie internationaux en ligne","item":"https:\/\/redfoxlotto.com\/fr\/loterie\/"},{"@type":"ListItem","position":3,"name":"Information sur El Gordo"}]},{"@type":"WebSite","@id":"https:\/\/redfoxlotto.com\/fr\/#website","url":"https:\/\/redfoxlotto.com\/fr\/","name":"Get Tickets for the World\u2019s largest jackpots","description":"Participate in worldwide lottery jackpots from any country","publisher":{"@id":"https:\/\/redfoxlotto.com\/fr\/#organization"},"potentialAction":[{"@type":"SearchAction","target":{"@type":"EntryPoint","urlTemplate":"https:\/\/redfoxlotto.com\/fr\/?s={search_term_string}"},"query-input":{"@type":"PropertyValueSpecification","valueRequired":true,"valueName":"search_term_string"}}],"inLanguage":"fr-FR"},{"@type":"Organization","@id":"https:\/\/redfoxlotto.com\/fr\/#organization","name":"Get Tickets for the World\u2019s largest jackpots","url":"https:\/\/redfoxlotto.com\/fr\/","logo":{"@type":"ImageObject","inLanguage":"fr-FR","@id":"https:\/\/redfoxlotto.com\/fr\/#\/schema\/logo\/image\/","url":"https:\/\/redfoxlotto.com\/wp-content\/uploads\/2023\/04\/logo.png","contentUrl":"https:\/\/redfoxlotto.com\/wp-content\/uploads\/2023\/04\/logo.png","width":269,"height":53,"caption":"Get Tickets for the World\u2019s largest jackpots"},"image":{"@id":"https:\/\/redfoxlotto.com\/fr\/#\/schema\/logo\/image\/"}}]}},"_links":{"self":[{"href":"https:\/\/redfoxlotto.com\/fr\/wp-json\/wp\/v2\/pages\/1515","targetHints":{"allow":["GET"]}}],"collection":[{"href":"https:\/\/redfoxlotto.com\/fr\/wp-json\/wp\/v2\/pages"}],"about":[{"href":"https:\/\/redfoxlotto.com\/fr\/wp-json\/wp\/v2\/types\/page"}],"author":[{"embeddable":true,"href":"https:\/\/redfoxlotto.com\/fr\/wp-json\/wp\/v2\/users\/1"}],"replies":[{"embeddable":true,"href":"https:\/\/redfoxlotto.com\/fr\/wp-json\/wp\/v2\/comments?post=1515"}],"version-history":[{"count":0,"href":"https:\/\/redfoxlotto.com\/fr\/wp-json\/wp\/v2\/pages\/1515\/revisions"}],"up":[{"embeddable":true,"href":"https:\/\/redfoxlotto.com\/fr\/wp-json\/wp\/v2\/pages\/1513"}],"wp:attachment":[{"href":"https:\/\/redfoxlotto.com\/fr\/wp-json\/wp\/v2\/media?parent=1515"}],"curies":[{"name":"wp","href":"https:\/\/api.w.org\/{rel}","templated":true}]}}