{"id":1513,"date":"2023-04-24T14:12:24","date_gmt":"2023-04-24T14:12:24","guid":{"rendered":"https:\/\/redfoxlotto.com\/?page_id=4679"},"modified":"2025-12-18T09:38:09","modified_gmt":"2025-12-18T09:38:09","slug":"loterie","status":"publish","type":"page","link":"https:\/\/redfoxlotto.com\/fr\/loterie\/","title":{"rendered":"Processus d&rsquo;achat de billets de loterie internationaux en ligne"},"content":{"rendered":"<p><script type=\"application\/ld+json\">\n{\n  \"@context\": \"https:\/\/schema.org\",\n  \"@type\": \"Service\",\n  \"name\": \"Achetez des billets de loterie en ligne\",\n  \"url\": \"https:\/\/redfoxlotto.com\/fr\/lotteries\/\",\n  \"description\": \"Achetez des billets de loterie en ligne \u2013 les meilleures loteries de la plan\u00e8te sont disponibles ici.\",\n  \"serviceType\": \"Service de messagerie de billets de loterie en ligne\",<\/p>\n<p>  \"provider\": {\n    \"@type\": \"Organization\",\n    \"name\": \"RedFoxLotto\",\n    \"url\": \"https:\/\/redfoxlotto.com\/fr\/\",\n    \"image\": \"https:\/\/redfoxlotto.com\/wp-content\/uploads\/2025\/12\/ticket_scans.jpg\"\n  },<\/p>\n<p>  \"areaServed\": \"Worldwide\",\n  \"termsOfService\": \"https:\/\/redfoxlotto.com\/terms-and-conditions\",<\/p>\n<p>  \"additionalProperty\": {\n    \"@type\": \"PropertyValue\",\n    \"name\": \"FAQ\",\n    \"value\": \"https:\/\/redfoxlotto.com\/fr\/faq\/\"\n  },<\/p>\n<p>  \"hasOfferCatalog\": {\n    \"@type\": \"OfferCatalog\",\n    \"name\": \"Billets de loterie mondiaux\",\n    \"itemListElement\": [\n      {\n        \"@type\": \"Offer\",\n        \"name\": \"Billets de loterie\",\n        \"url\": \"https:\/\/redfoxlotto.com\/fr\/lotteries\/\",\n        \"description\": \"Acheter des billets de loterie du monde entier en ligne est s\u00fbr et facile \u2013 voici comment.\",\n        \"availability\": \"https:\/\/schema.org\/InStock\",<\/p>\n<p>        \"itemOffered\": {\n          \"@type\": \"Service\",\n          \"name\": \"Billets de loterie en ligne\",\n          \"description\": \"Participez aux plus gros jackpots mondiaux \u2013 achetez vos billets en ligne via RedFoxLotto.\"\n        }\n      }\n    ]\n  },<\/p>\n<p>  \"mainEntityOfPage\": {\n    \"@type\": \"WebPage\",\n    \"@id\": \"https:\/\/redfoxlotto.com\/fr\/lotteries\/\"\n  }\n}\n<\/script><\/p>\n<p><img decoding=\"async\" class=\"size-full wp-image alignright\" src=\"https:\/\/content.redfoxlotto.com\/uploads\/sites\/9\/1_lottery_ticket.jpg\" alt=\"comment acheter des billets de loterie en ligne\" \/><\/p>\n<p>Sur notre site Web, vous pouvez acheter des billets pour les plus grandes loteries du monde, dont <a href=\"https:\/\/redfoxlotto.com\/fr\/jouer\/mega-millions\/\">Megamillions<\/a> et <a href=\"https:\/\/redfoxlotto.com\/fr\/jouer\/powerball\/\">Powerball<\/a> aux \u00c9tats-Unis, <a href=\"https:\/\/redfoxlotto.com\/fr\/jouer\/euromillions\/\">Euromillions<\/a>, <a href=\"https:\/\/redfoxlotto.com\/fr\/jouer\/eurojackpot\/\">Eurojackpot<\/a>, El Gordo et La Primitiva d&rsquo;Espagne, SuperEna d&rsquo;Italie et bien d&rsquo;autres.<\/p>\n<h2>Voici comment acheter des billets en ligne fonctionne en quatre \u00e9tapes simples: <!-- h2--><\/h2>\n<h3>\u00c9tape 1 &#8211; Choisir une loterie <!-- h3--><\/h3>\n<p>Sur RedFoxLotto.com, <strong>choisissez une loterie pour laquelle vous souhaitez acheter des billets<\/strong>. Sur notre page d&rsquo;accueil, vous pouvez voir les loteries tri\u00e9es en fonction du montant du jackpot actuel. <!-- P--><\/p>\n<h3>\u00c9tape 2 &#8211; Choisissez vos num\u00e9ros <!-- h3--><\/h3>\n<p>Utilisez la souris pour choisir les nombres que vous voulez. Vous pouvez \u00e9galement utiliser la fonction \u00ab\u00a0Quick Pick\u00a0\u00bb pour s\u00e9lectionner des nombres al\u00e9atoires. Bien s\u00fbr, vous pouvez supprimer ces nombres al\u00e9atoires en tout ou en partie, ainsi que saisir d\u2019abord certains de vos propres nombres, puis faire en sorte que les autres soient s\u00e9lectionn\u00e9s de mani\u00e8re al\u00e9atoire. Vous n&rsquo;avez pas \u00e0 craindre de ne pas avoir s\u00e9lectionn\u00e9 assez ou trop de num\u00e9ros. Dans ce cas, le syst\u00e8me vous alertera et vous demandera d&rsquo;ajouter ou de supprimer des num\u00e9ros.<\/p>\n<p><strong>Vous pouvez ensuite acheter plus de billets pour d&rsquo;autres loteries<\/strong>, et les ajouter \u00e0 votre commande. Lorsque vous avez termin\u00e9 tous les billets, cliquez sur \u00ab\u00a0Payer\u00a0\u00bb. <!-- P--><\/p>\n<h3>\u00c9tape 3 &#8211; Inscrivez-vous ou connectez-vous <!-- h3--><\/h3>\n<p><img decoding=\"async\" class=\"size-full wp-image alignright\" src=\"https:\/\/content.redfoxlotto.com\/uploads\/sites\/9\/1_buy_lottery_online.jpg\" alt=\"payer un ticket en ligne\" \/>Vous devez maintenant enregistrer un compte client chez nous. Pour cela, nous avons besoin de certaines informations de votre part. C\u2019est pour votre propre s\u00e9curit\u00e9, car vous souhaitez \u00eatre averti en cas d&rsquo;un gain. Si vous \u00eates d\u00e9j\u00e0 inscrit chez nous, il vous suffit de vous connecter avec vos informations de connexion. Si vous avez oubli\u00e9 votre mot de passe, utilisez la fonction \u00ab\u00a0Mot de passe oubli\u00e9\u00a0\u00bb. <!-- P--><\/p>\n<h3>\u00c9tape 4 &#8211; Payez <!-- h3--><\/h3>\n<p>Dans votre compte client, s\u00e9lectionnez le mode de paiement que vous pr\u00e9f\u00e9rez. Les options \u00e0 votre disposition peuvent varier en fonction de votre pays de r\u00e9sidence. Mastercard, Visa, Bitcoin, Neteller, Skrill et Paysafecard ne sont que quelques-unes des options de paiement.<br \/>\n<strong>Apr\u00e8s le paiement, vous recevrez un e-mail confirmant votre achat<\/strong> \u00e0 l&rsquo;adresse e-mail que vous avez enregistr\u00e9e.<\/p>\n<h2>Apr\u00e8s avoir achet\u00e9 vos billets en ligne<\/h2>\n<p>En quatre \u00e9tapes et quelques minutes seulement, vous serez pr\u00eat et attendrez le tirage au sort. Et vous n&rsquo;avez pas \u00e0 vous inqui\u00e9ter de manquer quoi que ce soit, car nous vous ferons savoir imm\u00e9diatement si vous avez gagn\u00e9 quelque chose lors du tirage.<\/p>\n<p>Bien s\u00fbr, si vous voulez v\u00e9rifier par vous-m\u00eame, vous pouvez toujours aller sur votre compte quand vous voulez et vous pourrez voir les tickets que vous avez achet\u00e9s et pour quels jeux.<\/p>\n<p>Si vous avez gagn\u00e9 quelque chose ou si vous avez trouv\u00e9 des num\u00e9ros apr\u00e8s un tirage, nous vous montrerons les num\u00e9ros correspondants et vous indiquerons directement sur la page de votre compte si vous avez gagn\u00e9. Nous vous indiquerons \u00e9galement ce que vous devez faire pour r\u00e9clamer vos gains afin que vous n&rsquo;ayez pas \u00e0 vous inqui\u00e9ter de manquer quoi que ce soit.<\/p>\n<p>Jouer au loto avec nous, c&rsquo;est aussi simple que cela, et ce sera beaucoup plus amusant que tout ce que vous avez d\u00e9j\u00e0 jou\u00e9 auparavant, car vous aurez beaucoup plus d&rsquo;options. Cela va certainement vous donner l&rsquo;opportunit\u00e9 d&rsquo;acheter des tickets de loto en ligne.<\/p>\n","protected":false},"excerpt":{"rendered":"<p>Sur notre site Web, vous pouvez acheter des billets pour les plus grandes loteries du monde, dont Megamillions et Powerball aux \u00c9tats-Unis, Euromillions, Eurojackpot, El Gordo et La Primitiva d&rsquo;Espagne, SuperEna d&rsquo;Italie et bien d&rsquo;autres. Voici comment acheter des billets en ligne fonctionne en quatre \u00e9tapes simples: \u00c9tape 1 &#8211; Choisir une loterie Sur RedFoxLotto.com, [&hellip;]<\/p>\n","protected":false},"author":1,"featured_media":0,"parent":0,"menu_order":3,"comment_status":"closed","ping_status":"closed","template":"Information.php","meta":{"_et_pb_use_builder":"","_et_pb_old_content":"","_et_gb_content_width":"","exclude_from_search":false,"footnotes":""},"class_list":["post-1513","page","type-page","status-publish","hentry"],"yoast_head":"<!-- This site is optimized with the Yoast SEO plugin v23.8 - https:\/\/yoast.com\/wordpress\/plugins\/seo\/ -->\n<title>Acheter billets de loterie en ligne<\/title>\n<meta name=\"description\" content=\"Acheter des billets de loterie pour le monde entier est s\u00fbr et facile - voici comment cela fonctionne!\" \/>\n<meta name=\"robots\" content=\"index, follow, max-snippet:-1, max-image-preview:large, max-video-preview:-1\" \/>\n<link rel=\"canonical\" href=\"https:\/\/redfoxlotto.com\/fr\/loterie\/\" \/>\n<meta property=\"og:locale\" content=\"fr_FR\" \/>\n<meta property=\"og:type\" content=\"article\" \/>\n<meta property=\"og:title\" content=\"Acheter billets de loterie en ligne\" \/>\n<meta property=\"og:description\" content=\"Acheter des billets de loterie pour le monde entier est s\u00fbr et facile - voici comment cela fonctionne!\" \/>\n<meta property=\"og:url\" content=\"https:\/\/redfoxlotto.com\/fr\/loterie\/\" \/>\n<meta property=\"og:site_name\" content=\"Get Tickets for the World\u2019s largest jackpots\" \/>\n<meta property=\"article:modified_time\" content=\"2025-12-18T09:38:09+00:00\" \/>\n<meta property=\"og:image\" content=\"https:\/\/content.redfoxlotto.com\/uploads\/sites\/9\/1_lottery_ticket.jpg\" \/>\n<meta name=\"twitter:card\" content=\"summary_large_image\" \/>\n<meta name=\"twitter:label1\" content=\"Dur\u00e9e de lecture estim\u00e9e\" \/>\n\t<meta name=\"twitter:data1\" content=\"3 minutes\" \/>\n<script type=\"application\/ld+json\" class=\"yoast-schema-graph\">{\"@context\":\"https:\/\/schema.org\",\"@graph\":[{\"@type\":\"WebPage\",\"@id\":\"https:\/\/redfoxlotto.com\/fr\/loterie\/\",\"url\":\"https:\/\/redfoxlotto.com\/fr\/loterie\/\",\"name\":\"Acheter billets de loterie en ligne\",\"isPartOf\":{\"@id\":\"https:\/\/redfoxlotto.com\/fr\/#website\"},\"primaryImageOfPage\":{\"@id\":\"https:\/\/redfoxlotto.com\/fr\/loterie\/#primaryimage\"},\"image\":{\"@id\":\"https:\/\/redfoxlotto.com\/fr\/loterie\/#primaryimage\"},\"thumbnailUrl\":\"https:\/\/content.redfoxlotto.com\/uploads\/sites\/9\/1_lottery_ticket.jpg\",\"datePublished\":\"2023-04-24T14:12:24+00:00\",\"dateModified\":\"2025-12-18T09:38:09+00:00\",\"description\":\"Acheter des billets de loterie pour le monde entier est s\u00fbr et facile - voici comment cela fonctionne!\",\"breadcrumb\":{\"@id\":\"https:\/\/redfoxlotto.com\/fr\/loterie\/#breadcrumb\"},\"inLanguage\":\"fr-FR\",\"potentialAction\":[{\"@type\":\"ReadAction\",\"target\":[\"https:\/\/redfoxlotto.com\/fr\/loterie\/\"]}]},{\"@type\":\"ImageObject\",\"inLanguage\":\"fr-FR\",\"@id\":\"https:\/\/redfoxlotto.com\/fr\/loterie\/#primaryimage\",\"url\":\"https:\/\/content.redfoxlotto.com\/uploads\/sites\/9\/1_lottery_ticket.jpg\",\"contentUrl\":\"https:\/\/content.redfoxlotto.com\/uploads\/sites\/9\/1_lottery_ticket.jpg\"},{\"@type\":\"BreadcrumbList\",\"@id\":\"https:\/\/redfoxlotto.com\/fr\/loterie\/#breadcrumb\",\"itemListElement\":[{\"@type\":\"ListItem\",\"position\":1,\"name\":\"Home\",\"item\":\"https:\/\/redfoxlotto.com\/fr\/\"},{\"@type\":\"ListItem\",\"position\":2,\"name\":\"Processus d&rsquo;achat de billets de loterie internationaux en ligne\"}]},{\"@type\":\"WebSite\",\"@id\":\"https:\/\/redfoxlotto.com\/fr\/#website\",\"url\":\"https:\/\/redfoxlotto.com\/fr\/\",\"name\":\"Get Tickets for the World\u2019s largest jackpots\",\"description\":\"Participate in worldwide lottery jackpots from any country\",\"publisher\":{\"@id\":\"https:\/\/redfoxlotto.com\/fr\/#organization\"},\"potentialAction\":[{\"@type\":\"SearchAction\",\"target\":{\"@type\":\"EntryPoint\",\"urlTemplate\":\"https:\/\/redfoxlotto.com\/fr\/?s={search_term_string}\"},\"query-input\":{\"@type\":\"PropertyValueSpecification\",\"valueRequired\":true,\"valueName\":\"search_term_string\"}}],\"inLanguage\":\"fr-FR\"},{\"@type\":\"Organization\",\"@id\":\"https:\/\/redfoxlotto.com\/fr\/#organization\",\"name\":\"Get Tickets for the World\u2019s largest jackpots\",\"url\":\"https:\/\/redfoxlotto.com\/fr\/\",\"logo\":{\"@type\":\"ImageObject\",\"inLanguage\":\"fr-FR\",\"@id\":\"https:\/\/redfoxlotto.com\/fr\/#\/schema\/logo\/image\/\",\"url\":\"https:\/\/redfoxlotto.com\/wp-content\/uploads\/2023\/04\/logo.png\",\"contentUrl\":\"https:\/\/redfoxlotto.com\/wp-content\/uploads\/2023\/04\/logo.png\",\"width\":269,\"height\":53,\"caption\":\"Get Tickets for the World\u2019s largest jackpots\"},\"image\":{\"@id\":\"https:\/\/redfoxlotto.com\/fr\/#\/schema\/logo\/image\/\"}}]}<\/script>\n<!-- \/ Yoast SEO plugin. -->","yoast_head_json":{"title":"Acheter billets de loterie en ligne","description":"Acheter des billets de loterie pour le monde entier est s\u00fbr et facile - voici comment cela fonctionne!","robots":{"index":"index","follow":"follow","max-snippet":"max-snippet:-1","max-image-preview":"max-image-preview:large","max-video-preview":"max-video-preview:-1"},"canonical":"https:\/\/redfoxlotto.com\/fr\/loterie\/","og_locale":"fr_FR","og_type":"article","og_title":"Acheter billets de loterie en ligne","og_description":"Acheter des billets de loterie pour le monde entier est s\u00fbr et facile - voici comment cela fonctionne!","og_url":"https:\/\/redfoxlotto.com\/fr\/loterie\/","og_site_name":"Get Tickets for the World\u2019s largest jackpots","article_modified_time":"2025-12-18T09:38:09+00:00","og_image":[{"url":"https:\/\/content.redfoxlotto.com\/uploads\/sites\/9\/1_lottery_ticket.jpg"}],"twitter_card":"summary_large_image","twitter_misc":{"Dur\u00e9e de lecture estim\u00e9e":"3 minutes"},"schema":{"@context":"https:\/\/schema.org","@graph":[{"@type":"WebPage","@id":"https:\/\/redfoxlotto.com\/fr\/loterie\/","url":"https:\/\/redfoxlotto.com\/fr\/loterie\/","name":"Acheter billets de loterie en ligne","isPartOf":{"@id":"https:\/\/redfoxlotto.com\/fr\/#website"},"primaryImageOfPage":{"@id":"https:\/\/redfoxlotto.com\/fr\/loterie\/#primaryimage"},"image":{"@id":"https:\/\/redfoxlotto.com\/fr\/loterie\/#primaryimage"},"thumbnailUrl":"https:\/\/content.redfoxlotto.com\/uploads\/sites\/9\/1_lottery_ticket.jpg","datePublished":"2023-04-24T14:12:24+00:00","dateModified":"2025-12-18T09:38:09+00:00","description":"Acheter des billets de loterie pour le monde entier est s\u00fbr et facile - voici comment cela fonctionne!","breadcrumb":{"@id":"https:\/\/redfoxlotto.com\/fr\/loterie\/#breadcrumb"},"inLanguage":"fr-FR","potentialAction":[{"@type":"ReadAction","target":["https:\/\/redfoxlotto.com\/fr\/loterie\/"]}]},{"@type":"ImageObject","inLanguage":"fr-FR","@id":"https:\/\/redfoxlotto.com\/fr\/loterie\/#primaryimage","url":"https:\/\/content.redfoxlotto.com\/uploads\/sites\/9\/1_lottery_ticket.jpg","contentUrl":"https:\/\/content.redfoxlotto.com\/uploads\/sites\/9\/1_lottery_ticket.jpg"},{"@type":"BreadcrumbList","@id":"https:\/\/redfoxlotto.com\/fr\/loterie\/#breadcrumb","itemListElement":[{"@type":"ListItem","position":1,"name":"Home","item":"https:\/\/redfoxlotto.com\/fr\/"},{"@type":"ListItem","position":2,"name":"Processus d&rsquo;achat de billets de loterie internationaux en ligne"}]},{"@type":"WebSite","@id":"https:\/\/redfoxlotto.com\/fr\/#website","url":"https:\/\/redfoxlotto.com\/fr\/","name":"Get Tickets for the World\u2019s largest jackpots","description":"Participate in worldwide lottery jackpots from any country","publisher":{"@id":"https:\/\/redfoxlotto.com\/fr\/#organization"},"potentialAction":[{"@type":"SearchAction","target":{"@type":"EntryPoint","urlTemplate":"https:\/\/redfoxlotto.com\/fr\/?s={search_term_string}"},"query-input":{"@type":"PropertyValueSpecification","valueRequired":true,"valueName":"search_term_string"}}],"inLanguage":"fr-FR"},{"@type":"Organization","@id":"https:\/\/redfoxlotto.com\/fr\/#organization","name":"Get Tickets for the World\u2019s largest jackpots","url":"https:\/\/redfoxlotto.com\/fr\/","logo":{"@type":"ImageObject","inLanguage":"fr-FR","@id":"https:\/\/redfoxlotto.com\/fr\/#\/schema\/logo\/image\/","url":"https:\/\/redfoxlotto.com\/wp-content\/uploads\/2023\/04\/logo.png","contentUrl":"https:\/\/redfoxlotto.com\/wp-content\/uploads\/2023\/04\/logo.png","width":269,"height":53,"caption":"Get Tickets for the World\u2019s largest jackpots"},"image":{"@id":"https:\/\/redfoxlotto.com\/fr\/#\/schema\/logo\/image\/"}}]}},"_links":{"self":[{"href":"https:\/\/redfoxlotto.com\/fr\/wp-json\/wp\/v2\/pages\/1513","targetHints":{"allow":["GET"]}}],"collection":[{"href":"https:\/\/redfoxlotto.com\/fr\/wp-json\/wp\/v2\/pages"}],"about":[{"href":"https:\/\/redfoxlotto.com\/fr\/wp-json\/wp\/v2\/types\/page"}],"author":[{"embeddable":true,"href":"https:\/\/redfoxlotto.com\/fr\/wp-json\/wp\/v2\/users\/1"}],"replies":[{"embeddable":true,"href":"https:\/\/redfoxlotto.com\/fr\/wp-json\/wp\/v2\/comments?post=1513"}],"version-history":[{"count":0,"href":"https:\/\/redfoxlotto.com\/fr\/wp-json\/wp\/v2\/pages\/1513\/revisions"}],"wp:attachment":[{"href":"https:\/\/redfoxlotto.com\/fr\/wp-json\/wp\/v2\/media?parent=1513"}],"curies":[{"name":"wp","href":"https:\/\/api.w.org\/{rel}","templated":true}]}}