{"id":1511,"date":"2023-04-24T17:47:11","date_gmt":"2023-04-24T17:47:11","guid":{"rendered":"https:\/\/redfoxlotto.com\/?page_id=4674"},"modified":"2025-12-11T00:24:46","modified_gmt":"2025-12-11T00:24:46","slug":"superenalotto","status":"publish","type":"page","link":"https:\/\/redfoxlotto.com\/fr\/jouer\/superenalotto\/","title":{"rendered":"SuperEnalotto Italie"},"content":{"rendered":"<p><script type=\"application\/ld+json\">\n{\n  \"@context\": \"https:\/\/schema.org\",\n  \"@type\": \"Service\",\n  \"name\": \"SuperEnalotto online\",\n  \"url\": \"https:\/\/redfoxlotto.com\/fr\/jouer\/superenalotto\/\",\n  \"description\": \"Achetez des billets officiels SuperEnalotto en ligne via RedFoxLotto. Choisissez vos num\u00e9ros et participez au prochain tirage.\",\n  \"serviceType\": \"Online lottery ticket purchase\",<\/p>\n<p>  \"provider\": {\n    \"@type\": \"Organization\",\n    \"name\": \"RedFoxLotto\",\n    \"url\": \"https:\/\/redfoxlotto.com\",\n    \"logo\": \"https:\/\/redfoxlotto.com\/wp-content\/uploads\/logo.png\"\n  },<\/p>\n<p>  \"areaServed\": \"Worldwide\",\n  \"termsOfService\": \"https:\/\/redfoxlotto.com\/terms-and-conditions\",<\/p>\n<p>  \"hasOfferCatalog\": {\n    \"@type\": \"OfferCatalog\",\n    \"name\": \"SuperEnalotto Offers\",\n    \"itemListElement\": [\n      {\n        \"@type\": \"Offer\",\n        \"name\": \"Lotto SuperEnalotto Ticket\",\n        \"url\": \"https:\/\/redfoxlotto.com\/fr\/jouer\/superenalotto\/\",\n        \"description\": \"Une participation au prochain tirage SuperEnalotto.\",\n        \"price\": \"3.40\",\n        \"priceCurrency\": \"EUR\",\n        \"availability\": \"https:\/\/schema.org\/InStock\",<\/p>\n<p>        \"itemOffered\": {\n          \"@type\": \"Service\",\n          \"name\": \"SuperEnalotto Lottery Entry\",\n          \"description\": \"Participation au prochain tirage SuperEnalotto via RedFoxLotto.\"\n        }\n      }\n    ]\n  },<\/p>\n<p>  \"mainEntityOfPage\": {\n    \"@type\": \"WebPage\",\n    \"@id\": \"https:\/\/redfoxlotto.com\/fr\/jouer\/superenalotto\/\"\n  }\n}\n<\/script><\/p>\n<h2>Comment jouer au SuperEnalotto?<\/h2>\n<p>Les r\u00e8gles de base de cette loterie italienne sont tr\u00e8s simples. Il vous suffit de choisir 6 num\u00e9ros de 1 \u00e0 90, d&rsquo;obtenir votre billet et tout ce que vous avez \u00e0 faire est d&rsquo;attendre et de v\u00e9rifier les num\u00e9ros tir\u00e9s. Le fait que vous avez un total de 90 num\u00e9ros \u00e0 choisir signifie que les chances de les obtenir tous correctement sont assez faibles. En fait, la probabilit\u00e9 est de 1 sur 622 millions.<br \/>\n<img loading=\"lazy\" decoding=\"async\" class=\" wp-image alignright\" src=\"https:\/\/content.redfoxlotto.com\/uploads\/sites\/9\/1_play_superenalotto.jpg\" alt=\"Superenalotto jouer en ligne\" width=\"248\" height=\"214\" \/><br \/>\nC&rsquo;est aussi la raison pour laquelle le jackpot va souvent pendant des semaines, voire des mois, avant qu&rsquo;il ne craque. Mais cela ne devrait pas vous emp\u00eacher de jouer. Les prix des billets sont relativement bas, et devinez quoi ? Quelqu&rsquo;un a toujours de la chance, alors pourquoi pas toi ? Gardez \u00e0 l&rsquo;esprit que lorsque vous jouez au Superenalotto sur RedFoxLotto, vous n&rsquo;avez pas besoin d&rsquo;\u00eatre en Italie ou d&rsquo;\u00eatre citoyen italien. Vos billets en ligne participent au tirage au sort quel que soit votre pays de r\u00e9sidence ou votre nationalit\u00e9. C&rsquo;est la beaut\u00e9 de <a href=\"https:\/\/redfoxlotto.com\/fr\/jouer\/\">jouer aux loteries internationales en ligne<\/a>, gr\u00e2ce \u00e0 notre service.<\/p>\n<h2>Augmentez vos chances de gagner<\/h2>\n<p><img decoding=\"async\" class=\"size-full wp-image alignright\" src=\"https:\/\/content.redfoxlotto.com\/uploads\/sites\/9\/2_ticket_superenalotto.jpg\" alt=\"gagner Superenalotto\" \/><br \/>\nStatistiquement, plus de 70% des prix des loteries ont \u00e9t\u00e9 gagn\u00e9s par des num\u00e9ros plus \u00e9lev\u00e9s. Tout le monde utilise des dates d&rsquo;anniversaire, de sorte que lorsque le r\u00e9sultat du tirage est tout petit, il y a plus de gagnants et moins de paiements par gagnant. Donc si vous voulez \u00eatre s\u00fbr de ne pas avoir \u00e0 partager votre jackpot SuperEnaLotto, choisissez des num\u00e9ros sup\u00e9rieurs \u00e0 31 pour votre billet !<\/p>\n<p>Sinon, n&rsquo;h\u00e9sitez pas \u00e0 utiliser n&rsquo;importe quel syst\u00e8me de num\u00e9ros de loterie. Vous pouvez aussi utiliser vos num\u00e9ros de chance personnels. S&rsquo;ils sont tous plus petits, pourquoi ne pas les multiplier par 2, 3, 4 ou 5 ? De cette fa\u00e7on, vous \u00e9vitez d&rsquo;avoir des chiffres que tout le monde a.<\/p>\n","protected":false},"excerpt":{"rendered":"<p>Comment jouer au SuperEnalotto? Les r\u00e8gles de base de cette loterie italienne sont tr\u00e8s simples. Il vous suffit de choisir 6 num\u00e9ros de 1 \u00e0 90, d&rsquo;obtenir votre billet et tout ce que vous avez \u00e0 faire est d&rsquo;attendre et de v\u00e9rifier les num\u00e9ros tir\u00e9s. Le fait que vous avez un total de 90 num\u00e9ros [&hellip;]<\/p>\n","protected":false},"author":1,"featured_media":0,"parent":1498,"menu_order":5,"comment_status":"closed","ping_status":"closed","template":"superenalotto.php","meta":{"_et_pb_use_builder":"","_et_pb_old_content":"","_et_gb_content_width":"","exclude_from_search":false,"footnotes":""},"class_list":["post-1511","page","type-page","status-publish","hentry"],"yoast_head":"<!-- This site is optimized with the Yoast SEO plugin v23.8 - https:\/\/yoast.com\/wordpress\/plugins\/seo\/ -->\n<title>Jouer au SuperEnalotto Italie en ligne<\/title>\n<meta name=\"description\" content=\"Obtenez vos billets Superena en ligne maintenant\" \/>\n<meta name=\"robots\" content=\"index, follow, max-snippet:-1, max-image-preview:large, max-video-preview:-1\" \/>\n<link rel=\"canonical\" href=\"https:\/\/redfoxlotto.com\/fr\/jouer\/superenalotto\/\" \/>\n<meta property=\"og:locale\" content=\"fr_FR\" \/>\n<meta property=\"og:type\" content=\"article\" \/>\n<meta property=\"og:title\" content=\"Jouer au SuperEnalotto Italie en ligne\" \/>\n<meta property=\"og:description\" content=\"Obtenez vos billets Superena en ligne maintenant\" \/>\n<meta property=\"og:url\" content=\"https:\/\/redfoxlotto.com\/fr\/jouer\/superenalotto\/\" \/>\n<meta property=\"og:site_name\" content=\"Get Tickets for the World\u2019s largest jackpots\" \/>\n<meta property=\"article:modified_time\" content=\"2025-12-11T00:24:46+00:00\" \/>\n<meta property=\"og:image\" content=\"https:\/\/content.redfoxlotto.com\/uploads\/sites\/9\/1_play_superenalotto.jpg\" \/>\n<meta name=\"twitter:card\" content=\"summary_large_image\" \/>\n<meta name=\"twitter:label1\" content=\"Dur\u00e9e de lecture estim\u00e9e\" \/>\n\t<meta name=\"twitter:data1\" content=\"2 minutes\" \/>\n<script type=\"application\/ld+json\" class=\"yoast-schema-graph\">{\"@context\":\"https:\/\/schema.org\",\"@graph\":[{\"@type\":\"WebPage\",\"@id\":\"https:\/\/redfoxlotto.com\/fr\/jouer\/superenalotto\/\",\"url\":\"https:\/\/redfoxlotto.com\/fr\/jouer\/superenalotto\/\",\"name\":\"Jouer au SuperEnalotto Italie en ligne\",\"isPartOf\":{\"@id\":\"https:\/\/redfoxlotto.com\/fr\/#website\"},\"primaryImageOfPage\":{\"@id\":\"https:\/\/redfoxlotto.com\/fr\/jouer\/superenalotto\/#primaryimage\"},\"image\":{\"@id\":\"https:\/\/redfoxlotto.com\/fr\/jouer\/superenalotto\/#primaryimage\"},\"thumbnailUrl\":\"https:\/\/content.redfoxlotto.com\/uploads\/sites\/9\/1_play_superenalotto.jpg\",\"datePublished\":\"2023-04-24T17:47:11+00:00\",\"dateModified\":\"2025-12-11T00:24:46+00:00\",\"description\":\"Obtenez vos billets Superena en ligne maintenant\",\"breadcrumb\":{\"@id\":\"https:\/\/redfoxlotto.com\/fr\/jouer\/superenalotto\/#breadcrumb\"},\"inLanguage\":\"fr-FR\",\"potentialAction\":[{\"@type\":\"ReadAction\",\"target\":[\"https:\/\/redfoxlotto.com\/fr\/jouer\/superenalotto\/\"]}]},{\"@type\":\"ImageObject\",\"inLanguage\":\"fr-FR\",\"@id\":\"https:\/\/redfoxlotto.com\/fr\/jouer\/superenalotto\/#primaryimage\",\"url\":\"https:\/\/content.redfoxlotto.com\/uploads\/sites\/9\/1_play_superenalotto.jpg\",\"contentUrl\":\"https:\/\/content.redfoxlotto.com\/uploads\/sites\/9\/1_play_superenalotto.jpg\"},{\"@type\":\"BreadcrumbList\",\"@id\":\"https:\/\/redfoxlotto.com\/fr\/jouer\/superenalotto\/#breadcrumb\",\"itemListElement\":[{\"@type\":\"ListItem\",\"position\":1,\"name\":\"Home\",\"item\":\"https:\/\/redfoxlotto.com\/fr\/\"},{\"@type\":\"ListItem\",\"position\":2,\"name\":\"Comment jouer au loto en ligne\",\"item\":\"https:\/\/redfoxlotto.com\/fr\/jouer\/\"},{\"@type\":\"ListItem\",\"position\":3,\"name\":\"SuperEnalotto Italie\"}]},{\"@type\":\"WebSite\",\"@id\":\"https:\/\/redfoxlotto.com\/fr\/#website\",\"url\":\"https:\/\/redfoxlotto.com\/fr\/\",\"name\":\"Get Tickets for the World\u2019s largest jackpots\",\"description\":\"Participate in worldwide lottery jackpots from any country\",\"publisher\":{\"@id\":\"https:\/\/redfoxlotto.com\/fr\/#organization\"},\"potentialAction\":[{\"@type\":\"SearchAction\",\"target\":{\"@type\":\"EntryPoint\",\"urlTemplate\":\"https:\/\/redfoxlotto.com\/fr\/?s={search_term_string}\"},\"query-input\":{\"@type\":\"PropertyValueSpecification\",\"valueRequired\":true,\"valueName\":\"search_term_string\"}}],\"inLanguage\":\"fr-FR\"},{\"@type\":\"Organization\",\"@id\":\"https:\/\/redfoxlotto.com\/fr\/#organization\",\"name\":\"Get Tickets for the World\u2019s largest jackpots\",\"url\":\"https:\/\/redfoxlotto.com\/fr\/\",\"logo\":{\"@type\":\"ImageObject\",\"inLanguage\":\"fr-FR\",\"@id\":\"https:\/\/redfoxlotto.com\/fr\/#\/schema\/logo\/image\/\",\"url\":\"https:\/\/redfoxlotto.com\/wp-content\/uploads\/2023\/04\/logo.png\",\"contentUrl\":\"https:\/\/redfoxlotto.com\/wp-content\/uploads\/2023\/04\/logo.png\",\"width\":269,\"height\":53,\"caption\":\"Get Tickets for the World\u2019s largest jackpots\"},\"image\":{\"@id\":\"https:\/\/redfoxlotto.com\/fr\/#\/schema\/logo\/image\/\"}}]}<\/script>\n<!-- \/ Yoast SEO plugin. -->","yoast_head_json":{"title":"Jouer au SuperEnalotto Italie en ligne","description":"Obtenez vos billets Superena en ligne maintenant","robots":{"index":"index","follow":"follow","max-snippet":"max-snippet:-1","max-image-preview":"max-image-preview:large","max-video-preview":"max-video-preview:-1"},"canonical":"https:\/\/redfoxlotto.com\/fr\/jouer\/superenalotto\/","og_locale":"fr_FR","og_type":"article","og_title":"Jouer au SuperEnalotto Italie en ligne","og_description":"Obtenez vos billets Superena en ligne maintenant","og_url":"https:\/\/redfoxlotto.com\/fr\/jouer\/superenalotto\/","og_site_name":"Get Tickets for the World\u2019s largest jackpots","article_modified_time":"2025-12-11T00:24:46+00:00","og_image":[{"url":"https:\/\/content.redfoxlotto.com\/uploads\/sites\/9\/1_play_superenalotto.jpg"}],"twitter_card":"summary_large_image","twitter_misc":{"Dur\u00e9e de lecture estim\u00e9e":"2 minutes"},"schema":{"@context":"https:\/\/schema.org","@graph":[{"@type":"WebPage","@id":"https:\/\/redfoxlotto.com\/fr\/jouer\/superenalotto\/","url":"https:\/\/redfoxlotto.com\/fr\/jouer\/superenalotto\/","name":"Jouer au SuperEnalotto Italie en ligne","isPartOf":{"@id":"https:\/\/redfoxlotto.com\/fr\/#website"},"primaryImageOfPage":{"@id":"https:\/\/redfoxlotto.com\/fr\/jouer\/superenalotto\/#primaryimage"},"image":{"@id":"https:\/\/redfoxlotto.com\/fr\/jouer\/superenalotto\/#primaryimage"},"thumbnailUrl":"https:\/\/content.redfoxlotto.com\/uploads\/sites\/9\/1_play_superenalotto.jpg","datePublished":"2023-04-24T17:47:11+00:00","dateModified":"2025-12-11T00:24:46+00:00","description":"Obtenez vos billets Superena en ligne maintenant","breadcrumb":{"@id":"https:\/\/redfoxlotto.com\/fr\/jouer\/superenalotto\/#breadcrumb"},"inLanguage":"fr-FR","potentialAction":[{"@type":"ReadAction","target":["https:\/\/redfoxlotto.com\/fr\/jouer\/superenalotto\/"]}]},{"@type":"ImageObject","inLanguage":"fr-FR","@id":"https:\/\/redfoxlotto.com\/fr\/jouer\/superenalotto\/#primaryimage","url":"https:\/\/content.redfoxlotto.com\/uploads\/sites\/9\/1_play_superenalotto.jpg","contentUrl":"https:\/\/content.redfoxlotto.com\/uploads\/sites\/9\/1_play_superenalotto.jpg"},{"@type":"BreadcrumbList","@id":"https:\/\/redfoxlotto.com\/fr\/jouer\/superenalotto\/#breadcrumb","itemListElement":[{"@type":"ListItem","position":1,"name":"Home","item":"https:\/\/redfoxlotto.com\/fr\/"},{"@type":"ListItem","position":2,"name":"Comment jouer au loto en ligne","item":"https:\/\/redfoxlotto.com\/fr\/jouer\/"},{"@type":"ListItem","position":3,"name":"SuperEnalotto Italie"}]},{"@type":"WebSite","@id":"https:\/\/redfoxlotto.com\/fr\/#website","url":"https:\/\/redfoxlotto.com\/fr\/","name":"Get Tickets for the World\u2019s largest jackpots","description":"Participate in worldwide lottery jackpots from any country","publisher":{"@id":"https:\/\/redfoxlotto.com\/fr\/#organization"},"potentialAction":[{"@type":"SearchAction","target":{"@type":"EntryPoint","urlTemplate":"https:\/\/redfoxlotto.com\/fr\/?s={search_term_string}"},"query-input":{"@type":"PropertyValueSpecification","valueRequired":true,"valueName":"search_term_string"}}],"inLanguage":"fr-FR"},{"@type":"Organization","@id":"https:\/\/redfoxlotto.com\/fr\/#organization","name":"Get Tickets for the World\u2019s largest jackpots","url":"https:\/\/redfoxlotto.com\/fr\/","logo":{"@type":"ImageObject","inLanguage":"fr-FR","@id":"https:\/\/redfoxlotto.com\/fr\/#\/schema\/logo\/image\/","url":"https:\/\/redfoxlotto.com\/wp-content\/uploads\/2023\/04\/logo.png","contentUrl":"https:\/\/redfoxlotto.com\/wp-content\/uploads\/2023\/04\/logo.png","width":269,"height":53,"caption":"Get Tickets for the World\u2019s largest jackpots"},"image":{"@id":"https:\/\/redfoxlotto.com\/fr\/#\/schema\/logo\/image\/"}}]}},"_links":{"self":[{"href":"https:\/\/redfoxlotto.com\/fr\/wp-json\/wp\/v2\/pages\/1511","targetHints":{"allow":["GET"]}}],"collection":[{"href":"https:\/\/redfoxlotto.com\/fr\/wp-json\/wp\/v2\/pages"}],"about":[{"href":"https:\/\/redfoxlotto.com\/fr\/wp-json\/wp\/v2\/types\/page"}],"author":[{"embeddable":true,"href":"https:\/\/redfoxlotto.com\/fr\/wp-json\/wp\/v2\/users\/1"}],"replies":[{"embeddable":true,"href":"https:\/\/redfoxlotto.com\/fr\/wp-json\/wp\/v2\/comments?post=1511"}],"version-history":[{"count":0,"href":"https:\/\/redfoxlotto.com\/fr\/wp-json\/wp\/v2\/pages\/1511\/revisions"}],"up":[{"embeddable":true,"href":"https:\/\/redfoxlotto.com\/fr\/wp-json\/wp\/v2\/pages\/1498"}],"wp:attachment":[{"href":"https:\/\/redfoxlotto.com\/fr\/wp-json\/wp\/v2\/media?parent=1511"}],"curies":[{"name":"wp","href":"https:\/\/api.w.org\/{rel}","templated":true}]}}