{"id":1510,"date":"2023-04-24T18:24:48","date_gmt":"2023-04-24T18:24:48","guid":{"rendered":"https:\/\/redfoxlotto.com\/?page_id=4672"},"modified":"2025-12-11T08:16:18","modified_gmt":"2025-12-11T08:16:18","slug":"saturday-lotto-au","status":"publish","type":"page","link":"https:\/\/redfoxlotto.com\/fr\/jouer\/saturday-lotto-au\/","title":{"rendered":"Jouez \u00e0 Saturday Lotto en ligne"},"content":{"rendered":"<script type=\"application\/ld+json\">\r\n{\r\n  \"@context\": \"https:\/\/schema.org\",\r\n  \"@type\": \"Service\",\r\n  \"name\": \"Saturday Lotto Australia online\",\r\n  \"url\": \"https:\/\/redfoxlotto.com\/fr\/jouer\/saturday-lotto-au\/\",\r\n  \"description\": \"Achetez des billets officiels du Saturday Lotto Australia en ligne via RedFoxLotto. Choisissez vos num\u00e9ros et participez au prochain tirage.\",\r\n  \"serviceType\": \"Online lottery ticket purchase\",\r\n\r\n  \"provider\": {\r\n    \"@type\": \"Organization\",\r\n    \"name\": \"RedFoxLotto\",\r\n    \"url\": \"https:\/\/redfoxlotto.com\",\r\n    \"logo\": \"https:\/\/redfoxlotto.com\/wp-content\/uploads\/logo.png\"\r\n  },\r\n\r\n  \"areaServed\": \"Worldwide\",\r\n  \"termsOfService\": \"https:\/\/redfoxlotto.com\/terms-and-conditions\",\r\n\r\n  \"hasOfferCatalog\": {\r\n    \"@type\": \"OfferCatalog\",\r\n    \"name\": \"Saturday Lotto Australia Offers\",\r\n    \"itemListElement\": [\r\n      {\r\n        \"@type\": \"Offer\",\r\n        \"name\": \"Lotto Saturday Lotto Australia Ticket\",\r\n        \"url\": \"https:\/\/redfoxlotto.com\/fr\/jouer\/saturday-lotto-au\/\",\r\n        \"description\": \"Une participation au prochain tirage du Saturday Lotto Australia.\",\r\n        \"price\": \"1.50\",\r\n        \"priceCurrency\": \"EUR\",\r\n        \"availability\": \"https:\/\/schema.org\/InStock\",\r\n\r\n        \"itemOffered\": {\r\n          \"@type\": \"Service\",\r\n          \"name\": \"Saturday Lotto Australia Entry\",\r\n          \"description\": \"Participation au prochain tirage du Saturday Lotto Australia via RedFoxLotto.\"\r\n        }\r\n      }\r\n    ]\r\n  },\r\n\r\n  \"mainEntityOfPage\": {\r\n    \"@type\": \"WebPage\",\r\n    \"@id\": \"https:\/\/redfoxlotto.com\/fr\/jouer\/saturday-lotto-au\/\"\r\n  }\r\n}\r\n<\/script>\r\n\r\n<p><img decoding=\"async\" class=\"size-full wp-image alignright\" src=\"https:\/\/content.redfoxlotto.com\/uploads\/sites\/9\/2_ticket_saturday_lotto_au.jpg\" alt=\"Jouez en ligne au Saturday Lotto Australia\"><\/p><p>Tous les samedis, l&rsquo;occasion est donn\u00e9e \u00e0 chacun de participer et d&rsquo;avoir une chance de s&rsquo;en sortir avec une \u00e9norme somme d&rsquo;argent. L&rsquo;Internet a rendu possible de ne pas manquer des opportunit\u00e9s de changement de vie comme celle-ci, car n&rsquo;importe qui dans le monde peut profiter de cette opportunit\u00e9 en r\u00e9servant un billet pour le loto du samedi en Australie en ligne. La distance n&rsquo;est plus un obstacle pour jouer au loto du samedi, car non seulement ceux qui sont pr\u00e9sents en Australie, mais n&rsquo;importe qui peut participer \u00e0 la loterie. <\/p><p>Tout ce dont vous avez besoin est n&rsquo;importe quel appareil qui peut acc\u00e9der \u00e0 Internet et vous pourriez \u00eatre le prochain gagnant du <a href=\"https:\/\/redfoxlotto.com\/fr\/loterie\/\">jackpot de la loterie<\/a> du samedi en Australie. Donc, chaque fois que vous vous sentez chanceux, n&rsquo;h\u00e9sitez pas \u00e0 r\u00e9server un billet de loterie du samedi en ligne et vous pourriez tout simplement avoir un tournant majeur dans votre vie pour le mieux.<\/p><p>R\u00e9server le billet de loto du samedi est aussi simple que tout ce que vous avez \u00e0 faire est d&rsquo;ouvrir un compte avec RedFoxLotto, choisissez vos 6 num\u00e9ros pr\u00e9f\u00e9r\u00e9s parmi 45 ou vous pouvez simplement utiliser l&rsquo;option de s\u00e9lection rapide o\u00f9 les num\u00e9ros sont s\u00e9lectionn\u00e9s au hasard pour vous et ensuite votre billet serait r\u00e9serv\u00e9 et enregistr\u00e9, et vous recevez \u00e9galement une notification par e-mail confirmant votre billet r\u00e9serv\u00e9. Le paiement des billets est aussi simple que la s\u00e9lection de vos num\u00e9ros car il existe plusieurs options de paiement disponibles pour les utilisateurs et RedFoxLotto fournit un portail de paiement s\u00e9curis\u00e9 et priv\u00e9 pour que vous n&rsquo;ayez pas \u00e0 avoir peur de compromettre vos coordonn\u00e9es bancaires.<\/p><p><img loading=\"lazy\" decoding=\"async\" class=\" wp-image alignright\" src=\"https:\/\/content.redfoxlotto.com\/uploads\/sites\/9\/1_lotto_jackpot_online.jpg\" alt=\"Loterie australienne samedi\" width=\"269\" height=\"314\" \/><\/p><p>Le tirage au sort pour la loterie du samedi a lieu tous les samedis soirs et 8 num\u00e9ros sont tir\u00e9s au sort. Les 6 premiers num\u00e9ros sont les num\u00e9ros principaux et sont utilis\u00e9s pour d\u00e9terminer les gagnants du prix principal. Les 2 num\u00e9ros restants sont les num\u00e9ros suppl\u00e9mentaires et sont utilis\u00e9s pour d\u00e9terminer d&rsquo;autres cat\u00e9gories de gains de moindre importance. Si les 6 num\u00e9ros que vous avez choisis lors de la r\u00e9servation de votre billet correspondent aux 6 num\u00e9ros principaux tir\u00e9s au sort, vous avez gagn\u00e9 le prix ultime. Il s&rsquo;agit d&rsquo;environ 4 millions de dollars australiens qui peuvent \u00eatre partag\u00e9s entre un maximum de 4 gagnants. Des prix sont disponibles pour les billets de moins de 6 num\u00e9ros correspondant aux 6 num\u00e9ros tir\u00e9s au sort.<\/p><p>Si vous avez la chance d&rsquo;\u00eatre un gagnant, vous serez inform\u00e9 de vos gains. RedFoxLotto s&rsquo;assurera que vous \u00eates inform\u00e9 de votre gain et de cette fa\u00e7on vous ne manquerez aucun de vos gains car ils vous aideront \u00e9galement \u00e0 traiter vos paiements pour vous assurer de les recevoir. Si vos gains sont faibles, ils sont envoy\u00e9s sur votre compte client. De l\u00e0, vous pouvez les retirer sur votre compte bancaire ou les utiliser pour acheter d&rsquo;autres billets. Si vos gains sont importants, un repr\u00e9sentant du service \u00e0 la client\u00e8le communiquera avec vous pour organiser la fa\u00e7on dont vous recevrez vos gains.<\/p>","protected":false},"excerpt":{"rendered":"<p>Tous les samedis, l&rsquo;occasion est donn\u00e9e \u00e0 chacun de participer et d&rsquo;avoir une chance de s&rsquo;en sortir avec une \u00e9norme somme d&rsquo;argent. L&rsquo;Internet a rendu possible de ne pas manquer des opportunit\u00e9s de changement de vie comme celle-ci, car n&rsquo;importe qui dans le monde peut profiter de cette opportunit\u00e9 en r\u00e9servant un billet pour le [&hellip;]<\/p>\n","protected":false},"author":1,"featured_media":0,"parent":1498,"menu_order":20,"comment_status":"closed","ping_status":"closed","template":"saturday-lotto.php","meta":{"_et_pb_use_builder":"","_et_pb_old_content":"","_et_gb_content_width":"","exclude_from_search":false,"footnotes":""},"class_list":["post-1510","page","type-page","status-publish","hentry"],"yoast_head":"<!-- This site is optimized with the Yoast SEO plugin v23.8 - https:\/\/yoast.com\/wordpress\/plugins\/seo\/ -->\n<title>Jouez au Loto du samedi en ligne | L&#039;une des plus grandes loteries d&#039;Australie.<\/title>\n<meta name=\"description\" content=\"R\u00e9servez vos billets en ligne ici et jouez \u00e0 la loterie du samedi en Australie\" \/>\n<meta name=\"robots\" content=\"index, follow, max-snippet:-1, max-image-preview:large, max-video-preview:-1\" \/>\n<link rel=\"canonical\" href=\"https:\/\/redfoxlotto.com\/fr\/jouer\/saturday-lotto-au\/\" \/>\n<meta property=\"og:locale\" content=\"fr_FR\" \/>\n<meta property=\"og:type\" content=\"article\" \/>\n<meta property=\"og:title\" content=\"Jouez au Loto du samedi en ligne | L&#039;une des plus grandes loteries d&#039;Australie.\" \/>\n<meta property=\"og:description\" content=\"R\u00e9servez vos billets en ligne ici et jouez \u00e0 la loterie du samedi en Australie\" \/>\n<meta property=\"og:url\" content=\"https:\/\/redfoxlotto.com\/fr\/jouer\/saturday-lotto-au\/\" \/>\n<meta property=\"og:site_name\" content=\"Get Tickets for the World\u2019s largest jackpots\" \/>\n<meta property=\"article:modified_time\" content=\"2025-12-11T08:16:18+00:00\" \/>\n<meta property=\"og:image\" content=\"https:\/\/content.redfoxlotto.com\/uploads\/sites\/9\/2_ticket_saturday_lotto_au.jpg\" \/>\n<meta name=\"twitter:card\" content=\"summary_large_image\" \/>\n<meta name=\"twitter:label1\" content=\"Dur\u00e9e de lecture estim\u00e9e\" \/>\n\t<meta name=\"twitter:data1\" content=\"3 minutes\" \/>\n<script type=\"application\/ld+json\" class=\"yoast-schema-graph\">{\"@context\":\"https:\/\/schema.org\",\"@graph\":[{\"@type\":\"WebPage\",\"@id\":\"https:\/\/redfoxlotto.com\/fr\/jouer\/saturday-lotto-au\/\",\"url\":\"https:\/\/redfoxlotto.com\/fr\/jouer\/saturday-lotto-au\/\",\"name\":\"Jouez au Loto du samedi en ligne | L'une des plus grandes loteries d'Australie.\",\"isPartOf\":{\"@id\":\"https:\/\/redfoxlotto.com\/fr\/#website\"},\"primaryImageOfPage\":{\"@id\":\"https:\/\/redfoxlotto.com\/fr\/jouer\/saturday-lotto-au\/#primaryimage\"},\"image\":{\"@id\":\"https:\/\/redfoxlotto.com\/fr\/jouer\/saturday-lotto-au\/#primaryimage\"},\"thumbnailUrl\":\"https:\/\/content.redfoxlotto.com\/uploads\/sites\/9\/2_ticket_saturday_lotto_au.jpg\",\"datePublished\":\"2023-04-24T18:24:48+00:00\",\"dateModified\":\"2025-12-11T08:16:18+00:00\",\"description\":\"R\u00e9servez vos billets en ligne ici et jouez \u00e0 la loterie du samedi en Australie\",\"breadcrumb\":{\"@id\":\"https:\/\/redfoxlotto.com\/fr\/jouer\/saturday-lotto-au\/#breadcrumb\"},\"inLanguage\":\"fr-FR\",\"potentialAction\":[{\"@type\":\"ReadAction\",\"target\":[\"https:\/\/redfoxlotto.com\/fr\/jouer\/saturday-lotto-au\/\"]}]},{\"@type\":\"ImageObject\",\"inLanguage\":\"fr-FR\",\"@id\":\"https:\/\/redfoxlotto.com\/fr\/jouer\/saturday-lotto-au\/#primaryimage\",\"url\":\"https:\/\/content.redfoxlotto.com\/uploads\/sites\/9\/2_ticket_saturday_lotto_au.jpg\",\"contentUrl\":\"https:\/\/content.redfoxlotto.com\/uploads\/sites\/9\/2_ticket_saturday_lotto_au.jpg\"},{\"@type\":\"BreadcrumbList\",\"@id\":\"https:\/\/redfoxlotto.com\/fr\/jouer\/saturday-lotto-au\/#breadcrumb\",\"itemListElement\":[{\"@type\":\"ListItem\",\"position\":1,\"name\":\"Home\",\"item\":\"https:\/\/redfoxlotto.com\/fr\/\"},{\"@type\":\"ListItem\",\"position\":2,\"name\":\"Comment jouer au loto en ligne\",\"item\":\"https:\/\/redfoxlotto.com\/fr\/jouer\/\"},{\"@type\":\"ListItem\",\"position\":3,\"name\":\"Jouez \u00e0 Saturday Lotto en ligne\"}]},{\"@type\":\"WebSite\",\"@id\":\"https:\/\/redfoxlotto.com\/fr\/#website\",\"url\":\"https:\/\/redfoxlotto.com\/fr\/\",\"name\":\"Get Tickets for the World\u2019s largest jackpots\",\"description\":\"Participate in worldwide lottery jackpots from any country\",\"publisher\":{\"@id\":\"https:\/\/redfoxlotto.com\/fr\/#organization\"},\"potentialAction\":[{\"@type\":\"SearchAction\",\"target\":{\"@type\":\"EntryPoint\",\"urlTemplate\":\"https:\/\/redfoxlotto.com\/fr\/?s={search_term_string}\"},\"query-input\":{\"@type\":\"PropertyValueSpecification\",\"valueRequired\":true,\"valueName\":\"search_term_string\"}}],\"inLanguage\":\"fr-FR\"},{\"@type\":\"Organization\",\"@id\":\"https:\/\/redfoxlotto.com\/fr\/#organization\",\"name\":\"Get Tickets for the World\u2019s largest jackpots\",\"url\":\"https:\/\/redfoxlotto.com\/fr\/\",\"logo\":{\"@type\":\"ImageObject\",\"inLanguage\":\"fr-FR\",\"@id\":\"https:\/\/redfoxlotto.com\/fr\/#\/schema\/logo\/image\/\",\"url\":\"https:\/\/redfoxlotto.com\/wp-content\/uploads\/2023\/04\/logo.png\",\"contentUrl\":\"https:\/\/redfoxlotto.com\/wp-content\/uploads\/2023\/04\/logo.png\",\"width\":269,\"height\":53,\"caption\":\"Get Tickets for the World\u2019s largest jackpots\"},\"image\":{\"@id\":\"https:\/\/redfoxlotto.com\/fr\/#\/schema\/logo\/image\/\"}}]}<\/script>\n<!-- \/ Yoast SEO plugin. -->","yoast_head_json":{"title":"Jouez au Loto du samedi en ligne | L'une des plus grandes loteries d'Australie.","description":"R\u00e9servez vos billets en ligne ici et jouez \u00e0 la loterie du samedi en Australie","robots":{"index":"index","follow":"follow","max-snippet":"max-snippet:-1","max-image-preview":"max-image-preview:large","max-video-preview":"max-video-preview:-1"},"canonical":"https:\/\/redfoxlotto.com\/fr\/jouer\/saturday-lotto-au\/","og_locale":"fr_FR","og_type":"article","og_title":"Jouez au Loto du samedi en ligne | L'une des plus grandes loteries d'Australie.","og_description":"R\u00e9servez vos billets en ligne ici et jouez \u00e0 la loterie du samedi en Australie","og_url":"https:\/\/redfoxlotto.com\/fr\/jouer\/saturday-lotto-au\/","og_site_name":"Get Tickets for the World\u2019s largest jackpots","article_modified_time":"2025-12-11T08:16:18+00:00","og_image":[{"url":"https:\/\/content.redfoxlotto.com\/uploads\/sites\/9\/2_ticket_saturday_lotto_au.jpg"}],"twitter_card":"summary_large_image","twitter_misc":{"Dur\u00e9e de lecture estim\u00e9e":"3 minutes"},"schema":{"@context":"https:\/\/schema.org","@graph":[{"@type":"WebPage","@id":"https:\/\/redfoxlotto.com\/fr\/jouer\/saturday-lotto-au\/","url":"https:\/\/redfoxlotto.com\/fr\/jouer\/saturday-lotto-au\/","name":"Jouez au Loto du samedi en ligne | L'une des plus grandes loteries d'Australie.","isPartOf":{"@id":"https:\/\/redfoxlotto.com\/fr\/#website"},"primaryImageOfPage":{"@id":"https:\/\/redfoxlotto.com\/fr\/jouer\/saturday-lotto-au\/#primaryimage"},"image":{"@id":"https:\/\/redfoxlotto.com\/fr\/jouer\/saturday-lotto-au\/#primaryimage"},"thumbnailUrl":"https:\/\/content.redfoxlotto.com\/uploads\/sites\/9\/2_ticket_saturday_lotto_au.jpg","datePublished":"2023-04-24T18:24:48+00:00","dateModified":"2025-12-11T08:16:18+00:00","description":"R\u00e9servez vos billets en ligne ici et jouez \u00e0 la loterie du samedi en Australie","breadcrumb":{"@id":"https:\/\/redfoxlotto.com\/fr\/jouer\/saturday-lotto-au\/#breadcrumb"},"inLanguage":"fr-FR","potentialAction":[{"@type":"ReadAction","target":["https:\/\/redfoxlotto.com\/fr\/jouer\/saturday-lotto-au\/"]}]},{"@type":"ImageObject","inLanguage":"fr-FR","@id":"https:\/\/redfoxlotto.com\/fr\/jouer\/saturday-lotto-au\/#primaryimage","url":"https:\/\/content.redfoxlotto.com\/uploads\/sites\/9\/2_ticket_saturday_lotto_au.jpg","contentUrl":"https:\/\/content.redfoxlotto.com\/uploads\/sites\/9\/2_ticket_saturday_lotto_au.jpg"},{"@type":"BreadcrumbList","@id":"https:\/\/redfoxlotto.com\/fr\/jouer\/saturday-lotto-au\/#breadcrumb","itemListElement":[{"@type":"ListItem","position":1,"name":"Home","item":"https:\/\/redfoxlotto.com\/fr\/"},{"@type":"ListItem","position":2,"name":"Comment jouer au loto en ligne","item":"https:\/\/redfoxlotto.com\/fr\/jouer\/"},{"@type":"ListItem","position":3,"name":"Jouez \u00e0 Saturday Lotto en ligne"}]},{"@type":"WebSite","@id":"https:\/\/redfoxlotto.com\/fr\/#website","url":"https:\/\/redfoxlotto.com\/fr\/","name":"Get Tickets for the World\u2019s largest jackpots","description":"Participate in worldwide lottery jackpots from any country","publisher":{"@id":"https:\/\/redfoxlotto.com\/fr\/#organization"},"potentialAction":[{"@type":"SearchAction","target":{"@type":"EntryPoint","urlTemplate":"https:\/\/redfoxlotto.com\/fr\/?s={search_term_string}"},"query-input":{"@type":"PropertyValueSpecification","valueRequired":true,"valueName":"search_term_string"}}],"inLanguage":"fr-FR"},{"@type":"Organization","@id":"https:\/\/redfoxlotto.com\/fr\/#organization","name":"Get Tickets for the World\u2019s largest jackpots","url":"https:\/\/redfoxlotto.com\/fr\/","logo":{"@type":"ImageObject","inLanguage":"fr-FR","@id":"https:\/\/redfoxlotto.com\/fr\/#\/schema\/logo\/image\/","url":"https:\/\/redfoxlotto.com\/wp-content\/uploads\/2023\/04\/logo.png","contentUrl":"https:\/\/redfoxlotto.com\/wp-content\/uploads\/2023\/04\/logo.png","width":269,"height":53,"caption":"Get Tickets for the World\u2019s largest jackpots"},"image":{"@id":"https:\/\/redfoxlotto.com\/fr\/#\/schema\/logo\/image\/"}}]}},"_links":{"self":[{"href":"https:\/\/redfoxlotto.com\/fr\/wp-json\/wp\/v2\/pages\/1510","targetHints":{"allow":["GET"]}}],"collection":[{"href":"https:\/\/redfoxlotto.com\/fr\/wp-json\/wp\/v2\/pages"}],"about":[{"href":"https:\/\/redfoxlotto.com\/fr\/wp-json\/wp\/v2\/types\/page"}],"author":[{"embeddable":true,"href":"https:\/\/redfoxlotto.com\/fr\/wp-json\/wp\/v2\/users\/1"}],"replies":[{"embeddable":true,"href":"https:\/\/redfoxlotto.com\/fr\/wp-json\/wp\/v2\/comments?post=1510"}],"version-history":[{"count":0,"href":"https:\/\/redfoxlotto.com\/fr\/wp-json\/wp\/v2\/pages\/1510\/revisions"}],"up":[{"embeddable":true,"href":"https:\/\/redfoxlotto.com\/fr\/wp-json\/wp\/v2\/pages\/1498"}],"wp:attachment":[{"href":"https:\/\/redfoxlotto.com\/fr\/wp-json\/wp\/v2\/media?parent=1510"}],"curies":[{"name":"wp","href":"https:\/\/api.w.org\/{rel}","templated":true}]}}