{"id":1509,"date":"2023-04-24T18:19:55","date_gmt":"2023-04-24T18:19:55","guid":{"rendered":"https:\/\/redfoxlotto.com\/?page_id=4670"},"modified":"2023-05-19T09:21:26","modified_gmt":"2023-05-19T09:21:26","slug":"powerball-au","status":"publish","type":"page","link":"https:\/\/redfoxlotto.com\/fr\/jouer\/powerball-au\/","title":{"rendered":"Powerball Fever d&rsquo;Australie est maintenant ici"},"content":{"rendered":"<p>Chaque semaine, un jeudi soir, Powerball Australia excite la nation. Il d\u00e9ploie deux s\u00e9ries de chiffres contenus dans quelques barils. Dans le premier baril, il y a 35 num\u00e9ros diff\u00e9rents allant de 1 \u00e0 35. Ensuite, un deuxi\u00e8me baril \u00e9met des num\u00e9ros entre 1 et 20. <\/p><p><img loading=\"lazy\" decoding=\"async\" class=\" wp-image alignright\" src=\"https:\/\/content.redfoxlotto.com\/uploads\/sites\/9\/2_ticket_powerball_au.jpg\" alt=\"Powerball Australia en ligne\" width=\"201\" height=\"387\" \/><\/p><p>Le premier barillet choisit sept num\u00e9ros, mais le deuxi\u00e8me barillet ne choisit qu&rsquo;un seul num\u00e9ro. Ce num\u00e9ro (entre 1 et 20) est le Powerball. Le premier prix est attribu\u00e9 \u00e0 tout joueur qui s\u00e9lectionne correctement les sept num\u00e9ros et qui a la Powerball. <\/p><h2 class=\"wp-block-heading\">Par o\u00f9 dois-je commencer ?<\/h2><p>Les Australiens jouent normalement en d\u00e9pensant 2,20 dollars australiens chez n&rsquo;importe quel d\u00e9taillant de loterie. Mais s&rsquo;inscrire sur <a href=\"https:\/\/redfoxlotto.com\/fr\/\">RedFoxLotto<\/a> et jouer \u00e0 ce jeu en ligne est simple, rapide et facile. De plus, vous pouvez le faire de n&rsquo;importe o\u00f9 dans le monde.<\/p><p>Rappelez-vous que le tirage a lieu \u00e0 20h30 heure de l&rsquo;Est australienne.  Un r\u00e9cent vainqueur \u00e0 Sydney a r\u00e9colt\u00e9 107 millions de dollars australiens sur ce jeu tr\u00e8s <a href=\"https:\/\/redfoxlotto.com\/fr\/jouer\/powerball\/\">Powerball <\/a>tout r\u00e9cemment. Mais les gagnants peuvent venir de nombreuses combinaisons diff\u00e9rentes. Si vous avez tous les sept num\u00e9ros appari\u00e9s \u00e0 partir du baril un &#8211; mais pas le Powerball, vous obtiendrez quand m\u00eame une grande partie du prix. Ce chiffre varie, mais serait facilement \u00e0 six chiffres.<\/p><h2 class=\"wp-block-heading\">Jouez \u00e0 la loterie en ligne Powerball Australia Lottery<\/h2><p><img loading=\"lazy\" decoding=\"async\" class=\" wp-image alignright\" src=\"https:\/\/content.redfoxlotto.com\/uploads\/sites\/9\/1_lottery_win_luxury_house.jpg\" alt=\"Play Australian Powerball\" width=\"232\" height=\"174\" \/><\/p><p>Contrairement \u00e0 de nombreuses loteries qui ont une gamme de num\u00e9ros entre 1 et 49 ou 1 \u00e0 59, le Powerball Australie a un pool tr\u00e8s r\u00e9duit. Il n&rsquo;y a que 35 num\u00e9ros parmi lesquels vous pouvez choisir les gagnants. Cela augmente consid\u00e9rablement les chances de gagner. <\/p><p>Faire correspondre six num\u00e9ros et non la Powerball a une chance d&rsquo;environ 1 sur 36.000. Le prix varie encore une fois, mais il est souvent sup\u00e9rieur \u00e0 500 dollars australiens. Des milliers de joueurs attendent avec impatience le jeudi soir et attendent le Powerball Australia Lottery. <\/p><h2 class=\"wp-block-heading\">Comment financer mon compte en ligne ?<\/h2><p>Il existe une vari\u00e9t\u00e9 de m\u00e9thodes pour mettre de l&rsquo;argent sur votre compte RedFoxLotto et jouer \u00e0 l&rsquo;Australian Powerball en ligne. Apr\u00e8s une simple v\u00e9rification que vous avez plus de 18 ans et quelques d\u00e9tails personnels, le compte peut \u00eatre fourni avec de l&rsquo;argent de plusieurs fa\u00e7ons. <\/p><p>RedFoxLotto accepte MasterCard, Visa, PayPal, NETELLER, Skrill (anciennement Money Bookers) et m\u00eame Bitcoins. <\/p>","protected":false},"excerpt":{"rendered":"<p>Chaque semaine, un jeudi soir, Powerball Australia excite la nation. Il d\u00e9ploie deux s\u00e9ries de chiffres contenus dans quelques barils. Dans le premier baril, il y a 35 num\u00e9ros diff\u00e9rents allant de 1 \u00e0 35. Ensuite, un deuxi\u00e8me baril \u00e9met des num\u00e9ros entre 1 et 20. Le premier barillet choisit sept num\u00e9ros, mais le deuxi\u00e8me [&hellip;]<\/p>\n","protected":false},"author":1,"featured_media":0,"parent":1498,"menu_order":17,"comment_status":"closed","ping_status":"closed","template":"powerball-au.php","meta":{"_et_pb_use_builder":"","_et_pb_old_content":"","_et_gb_content_width":"","exclude_from_search":false,"footnotes":""},"class_list":["post-1509","page","type-page","status-publish","hentry"],"yoast_head":"<!-- This site is optimized with the Yoast SEO plugin v23.8 - https:\/\/yoast.com\/wordpress\/plugins\/seo\/ -->\n<title>Jouez \u00e0 Powerball Australia Lottery Online<\/title>\n<meta name=\"description\" content=\"La loterie pr\u00e9f\u00e9r\u00e9e de l&#039;Australie est maintenant disponible en ligne dans le monde entier\" \/>\n<meta name=\"robots\" content=\"index, follow, max-snippet:-1, max-image-preview:large, max-video-preview:-1\" \/>\n<link rel=\"canonical\" href=\"https:\/\/redfoxlotto.com\/fr\/jouer\/powerball-au\/\" \/>\n<meta property=\"og:locale\" content=\"fr_FR\" \/>\n<meta property=\"og:type\" content=\"article\" \/>\n<meta property=\"og:title\" content=\"Jouez \u00e0 Powerball Australia Lottery Online\" \/>\n<meta property=\"og:description\" content=\"La loterie pr\u00e9f\u00e9r\u00e9e de l&#039;Australie est maintenant disponible en ligne dans le monde entier\" \/>\n<meta property=\"og:url\" content=\"https:\/\/redfoxlotto.com\/fr\/jouer\/powerball-au\/\" \/>\n<meta property=\"og:site_name\" content=\"Get Tickets for the World\u2019s largest jackpots\" \/>\n<meta property=\"article:modified_time\" content=\"2023-05-19T09:21:26+00:00\" \/>\n<meta property=\"og:image\" content=\"https:\/\/content.redfoxlotto.com\/uploads\/sites\/9\/2_ticket_powerball_au.jpg\" \/>\n<meta name=\"twitter:card\" content=\"summary_large_image\" \/>\n<meta name=\"twitter:label1\" content=\"Dur\u00e9e de lecture estim\u00e9e\" \/>\n\t<meta name=\"twitter:data1\" content=\"3 minutes\" \/>\n<script type=\"application\/ld+json\" class=\"yoast-schema-graph\">{\"@context\":\"https:\/\/schema.org\",\"@graph\":[{\"@type\":\"WebPage\",\"@id\":\"https:\/\/redfoxlotto.com\/fr\/jouer\/powerball-au\/\",\"url\":\"https:\/\/redfoxlotto.com\/fr\/jouer\/powerball-au\/\",\"name\":\"Jouez \u00e0 Powerball Australia Lottery Online\",\"isPartOf\":{\"@id\":\"https:\/\/redfoxlotto.com\/fr\/#website\"},\"primaryImageOfPage\":{\"@id\":\"https:\/\/redfoxlotto.com\/fr\/jouer\/powerball-au\/#primaryimage\"},\"image\":{\"@id\":\"https:\/\/redfoxlotto.com\/fr\/jouer\/powerball-au\/#primaryimage\"},\"thumbnailUrl\":\"https:\/\/content.redfoxlotto.com\/uploads\/sites\/9\/2_ticket_powerball_au.jpg\",\"datePublished\":\"2023-04-24T18:19:55+00:00\",\"dateModified\":\"2023-05-19T09:21:26+00:00\",\"description\":\"La loterie pr\u00e9f\u00e9r\u00e9e de l'Australie est maintenant disponible en ligne dans le monde entier\",\"breadcrumb\":{\"@id\":\"https:\/\/redfoxlotto.com\/fr\/jouer\/powerball-au\/#breadcrumb\"},\"inLanguage\":\"fr-FR\",\"potentialAction\":[{\"@type\":\"ReadAction\",\"target\":[\"https:\/\/redfoxlotto.com\/fr\/jouer\/powerball-au\/\"]}]},{\"@type\":\"ImageObject\",\"inLanguage\":\"fr-FR\",\"@id\":\"https:\/\/redfoxlotto.com\/fr\/jouer\/powerball-au\/#primaryimage\",\"url\":\"https:\/\/content.redfoxlotto.com\/uploads\/sites\/9\/2_ticket_powerball_au.jpg\",\"contentUrl\":\"https:\/\/content.redfoxlotto.com\/uploads\/sites\/9\/2_ticket_powerball_au.jpg\"},{\"@type\":\"BreadcrumbList\",\"@id\":\"https:\/\/redfoxlotto.com\/fr\/jouer\/powerball-au\/#breadcrumb\",\"itemListElement\":[{\"@type\":\"ListItem\",\"position\":1,\"name\":\"Home\",\"item\":\"https:\/\/redfoxlotto.com\/fr\/\"},{\"@type\":\"ListItem\",\"position\":2,\"name\":\"Comment jouer au loto en ligne\",\"item\":\"https:\/\/redfoxlotto.com\/fr\/jouer\/\"},{\"@type\":\"ListItem\",\"position\":3,\"name\":\"Powerball Fever d&rsquo;Australie est maintenant ici\"}]},{\"@type\":\"WebSite\",\"@id\":\"https:\/\/redfoxlotto.com\/fr\/#website\",\"url\":\"https:\/\/redfoxlotto.com\/fr\/\",\"name\":\"Get Tickets for the World\u2019s largest jackpots\",\"description\":\"Participate in worldwide lottery jackpots from any country\",\"publisher\":{\"@id\":\"https:\/\/redfoxlotto.com\/fr\/#organization\"},\"potentialAction\":[{\"@type\":\"SearchAction\",\"target\":{\"@type\":\"EntryPoint\",\"urlTemplate\":\"https:\/\/redfoxlotto.com\/fr\/?s={search_term_string}\"},\"query-input\":{\"@type\":\"PropertyValueSpecification\",\"valueRequired\":true,\"valueName\":\"search_term_string\"}}],\"inLanguage\":\"fr-FR\"},{\"@type\":\"Organization\",\"@id\":\"https:\/\/redfoxlotto.com\/fr\/#organization\",\"name\":\"Get Tickets for the World\u2019s largest jackpots\",\"url\":\"https:\/\/redfoxlotto.com\/fr\/\",\"logo\":{\"@type\":\"ImageObject\",\"inLanguage\":\"fr-FR\",\"@id\":\"https:\/\/redfoxlotto.com\/fr\/#\/schema\/logo\/image\/\",\"url\":\"https:\/\/redfoxlotto.com\/wp-content\/uploads\/2023\/04\/logo.png\",\"contentUrl\":\"https:\/\/redfoxlotto.com\/wp-content\/uploads\/2023\/04\/logo.png\",\"width\":269,\"height\":53,\"caption\":\"Get Tickets for the World\u2019s largest jackpots\"},\"image\":{\"@id\":\"https:\/\/redfoxlotto.com\/fr\/#\/schema\/logo\/image\/\"}}]}<\/script>\n<!-- \/ Yoast SEO plugin. -->","yoast_head_json":{"title":"Jouez \u00e0 Powerball Australia Lottery Online","description":"La loterie pr\u00e9f\u00e9r\u00e9e de l'Australie est maintenant disponible en ligne dans le monde entier","robots":{"index":"index","follow":"follow","max-snippet":"max-snippet:-1","max-image-preview":"max-image-preview:large","max-video-preview":"max-video-preview:-1"},"canonical":"https:\/\/redfoxlotto.com\/fr\/jouer\/powerball-au\/","og_locale":"fr_FR","og_type":"article","og_title":"Jouez \u00e0 Powerball Australia Lottery Online","og_description":"La loterie pr\u00e9f\u00e9r\u00e9e de l'Australie est maintenant disponible en ligne dans le monde entier","og_url":"https:\/\/redfoxlotto.com\/fr\/jouer\/powerball-au\/","og_site_name":"Get Tickets for the World\u2019s largest jackpots","article_modified_time":"2023-05-19T09:21:26+00:00","og_image":[{"url":"https:\/\/content.redfoxlotto.com\/uploads\/sites\/9\/2_ticket_powerball_au.jpg"}],"twitter_card":"summary_large_image","twitter_misc":{"Dur\u00e9e de lecture estim\u00e9e":"3 minutes"},"schema":{"@context":"https:\/\/schema.org","@graph":[{"@type":"WebPage","@id":"https:\/\/redfoxlotto.com\/fr\/jouer\/powerball-au\/","url":"https:\/\/redfoxlotto.com\/fr\/jouer\/powerball-au\/","name":"Jouez \u00e0 Powerball Australia Lottery Online","isPartOf":{"@id":"https:\/\/redfoxlotto.com\/fr\/#website"},"primaryImageOfPage":{"@id":"https:\/\/redfoxlotto.com\/fr\/jouer\/powerball-au\/#primaryimage"},"image":{"@id":"https:\/\/redfoxlotto.com\/fr\/jouer\/powerball-au\/#primaryimage"},"thumbnailUrl":"https:\/\/content.redfoxlotto.com\/uploads\/sites\/9\/2_ticket_powerball_au.jpg","datePublished":"2023-04-24T18:19:55+00:00","dateModified":"2023-05-19T09:21:26+00:00","description":"La loterie pr\u00e9f\u00e9r\u00e9e de l'Australie est maintenant disponible en ligne dans le monde entier","breadcrumb":{"@id":"https:\/\/redfoxlotto.com\/fr\/jouer\/powerball-au\/#breadcrumb"},"inLanguage":"fr-FR","potentialAction":[{"@type":"ReadAction","target":["https:\/\/redfoxlotto.com\/fr\/jouer\/powerball-au\/"]}]},{"@type":"ImageObject","inLanguage":"fr-FR","@id":"https:\/\/redfoxlotto.com\/fr\/jouer\/powerball-au\/#primaryimage","url":"https:\/\/content.redfoxlotto.com\/uploads\/sites\/9\/2_ticket_powerball_au.jpg","contentUrl":"https:\/\/content.redfoxlotto.com\/uploads\/sites\/9\/2_ticket_powerball_au.jpg"},{"@type":"BreadcrumbList","@id":"https:\/\/redfoxlotto.com\/fr\/jouer\/powerball-au\/#breadcrumb","itemListElement":[{"@type":"ListItem","position":1,"name":"Home","item":"https:\/\/redfoxlotto.com\/fr\/"},{"@type":"ListItem","position":2,"name":"Comment jouer au loto en ligne","item":"https:\/\/redfoxlotto.com\/fr\/jouer\/"},{"@type":"ListItem","position":3,"name":"Powerball Fever d&rsquo;Australie est maintenant ici"}]},{"@type":"WebSite","@id":"https:\/\/redfoxlotto.com\/fr\/#website","url":"https:\/\/redfoxlotto.com\/fr\/","name":"Get Tickets for the World\u2019s largest jackpots","description":"Participate in worldwide lottery jackpots from any country","publisher":{"@id":"https:\/\/redfoxlotto.com\/fr\/#organization"},"potentialAction":[{"@type":"SearchAction","target":{"@type":"EntryPoint","urlTemplate":"https:\/\/redfoxlotto.com\/fr\/?s={search_term_string}"},"query-input":{"@type":"PropertyValueSpecification","valueRequired":true,"valueName":"search_term_string"}}],"inLanguage":"fr-FR"},{"@type":"Organization","@id":"https:\/\/redfoxlotto.com\/fr\/#organization","name":"Get Tickets for the World\u2019s largest jackpots","url":"https:\/\/redfoxlotto.com\/fr\/","logo":{"@type":"ImageObject","inLanguage":"fr-FR","@id":"https:\/\/redfoxlotto.com\/fr\/#\/schema\/logo\/image\/","url":"https:\/\/redfoxlotto.com\/wp-content\/uploads\/2023\/04\/logo.png","contentUrl":"https:\/\/redfoxlotto.com\/wp-content\/uploads\/2023\/04\/logo.png","width":269,"height":53,"caption":"Get Tickets for the World\u2019s largest jackpots"},"image":{"@id":"https:\/\/redfoxlotto.com\/fr\/#\/schema\/logo\/image\/"}}]}},"_links":{"self":[{"href":"https:\/\/redfoxlotto.com\/fr\/wp-json\/wp\/v2\/pages\/1509","targetHints":{"allow":["GET"]}}],"collection":[{"href":"https:\/\/redfoxlotto.com\/fr\/wp-json\/wp\/v2\/pages"}],"about":[{"href":"https:\/\/redfoxlotto.com\/fr\/wp-json\/wp\/v2\/types\/page"}],"author":[{"embeddable":true,"href":"https:\/\/redfoxlotto.com\/fr\/wp-json\/wp\/v2\/users\/1"}],"replies":[{"embeddable":true,"href":"https:\/\/redfoxlotto.com\/fr\/wp-json\/wp\/v2\/comments?post=1509"}],"version-history":[{"count":0,"href":"https:\/\/redfoxlotto.com\/fr\/wp-json\/wp\/v2\/pages\/1509\/revisions"}],"up":[{"embeddable":true,"href":"https:\/\/redfoxlotto.com\/fr\/wp-json\/wp\/v2\/pages\/1498"}],"wp:attachment":[{"href":"https:\/\/redfoxlotto.com\/fr\/wp-json\/wp\/v2\/media?parent=1509"}],"curies":[{"name":"wp","href":"https:\/\/api.w.org\/{rel}","templated":true}]}}