{"id":1504,"date":"2023-04-24T17:52:16","date_gmt":"2023-04-24T17:52:16","guid":{"rendered":"https:\/\/redfoxlotto.com\/?page_id=4660"},"modified":"2019-02-07T06:48:16","modified_gmt":"2019-02-07T06:48:16","slug":"la-primitiva","status":"publish","type":"page","link":"https:\/\/redfoxlotto.com\/fr\/jouer\/la-primitiva\/","title":{"rendered":"Jouer La Primitiva en ligne"},"content":{"rendered":"<h2>La Primitiva<\/h2>\n<p><img loading=\"lazy\" decoding=\"async\" class=\" wp-image alignright\" src=\"https:\/\/content.redfoxlotto.com\/uploads\/sites\/9\/2_ticket_la_primitiva4.jpg\" alt=\"win La Primitiva\" width=\"225\" height=\"344\" \/><br \/>\nLa Primitiva est une loterie espagnole qui est souvent confondue avec El Gordo. Ils sont tous deux d\u00e9tenus par la m\u00eame soci\u00e9t\u00e9. La Primitiva est la loterie espagnole hebdomadaire avec des tirages chaque jeudi et samedi. Vous devrez choisir 6 num\u00e9ros sur 49 pour compl\u00e9ter votre billet.<\/p>\n<p>Le num\u00e9ro \u00ab\u00a0Reintegro\u00a0\u00bb vous donne un nouveau ticket pour le prochain tirage. Il d\u00e9termine \u00e9galement si vous avez gagn\u00e9 le premier prix, pour lequel vous avez besoin des 6 num\u00e9ros principaux et du num\u00e9ro \u00ab\u00a0Reintegro\u00a0\u00bb.<\/p>\n<p>Ce num\u00e9ro sera choisi automatiquement lorsque vous ach\u00e8terez un nouveau ticket. Si vous achetiez un billet en ligne (ce qui n&rsquo;est possible qu&rsquo;en Espagne !), vous pourriez choisir vous-m\u00eame votre num\u00e9ro R, mais comme nous achetons nos billets par l&rsquo;interm\u00e9diaire d&rsquo;un agent de loterie local, le num\u00e9ro \u00ab\u00a0R\u00a0\u00bb ne peut \u00eatre choisi manuellement sur notre site web. Votre num\u00e9ro \u00ab\u00a0R\u00a0\u00bb figurera toutefois sur votre billet.<\/p>\n<p>Le num\u00e9ro \u00ab\u00a0C\u00a0\u00bb est un num\u00e9ro suppl\u00e9mentaire tir\u00e9 au sort, pour le prix du troisi\u00e8me niveau. Le num\u00e9ro \u00ab\u00a0C\u00a0\u00bb n&rsquo;entre en jeu que si vous avez 5 num\u00e9ros corrects. Si votre 6e num\u00e9ro correspond au num\u00e9ro \u00ab\u00a0C\u00a0\u00bb, vous gagnez un prix plus \u00e9lev\u00e9.<\/p>\n<p>D\u2019un autre c\u00f4t\u00e9, El Gordo est la version de No\u00ebl de cette m\u00eame loterie. Cette loterie fonctionne d&rsquo;une mani\u00e8re compl\u00e8tement diff\u00e9rente et il n&rsquo;y a qu&rsquo;un tirage au sort par an.<\/p>\n<p>Si vous souhaitez <a href=\"https:\/\/redfoxlotto.com\/fr\">acheter un billet<\/a> pour La Primitiva depuis la France, vous pouvez le faire ici sur notre site. Utilisez notre g\u00e9n\u00e9rateur de num\u00e9ros al\u00e9atoires ou choisissez vos num\u00e9ros vous-m\u00eame.<\/p>\n","protected":false},"excerpt":{"rendered":"<p>La Primitiva La Primitiva est une loterie espagnole qui est souvent confondue avec El Gordo. Ils sont tous deux d\u00e9tenus par la m\u00eame soci\u00e9t\u00e9. La Primitiva est la loterie espagnole hebdomadaire avec des tirages chaque jeudi et samedi. Vous devrez choisir 6 num\u00e9ros sur 49 pour compl\u00e9ter votre billet. Le num\u00e9ro \u00ab\u00a0Reintegro\u00a0\u00bb vous donne un [&hellip;]<\/p>\n","protected":false},"author":1,"featured_media":0,"parent":1498,"menu_order":7,"comment_status":"closed","ping_status":"closed","template":"la-primitiva.php","meta":{"_et_pb_use_builder":"","_et_pb_old_content":"","_et_gb_content_width":"","exclude_from_search":false,"footnotes":""},"class_list":["post-1504","page","type-page","status-publish","hentry"],"yoast_head":"<!-- This site is optimized with the Yoast SEO plugin v23.8 - https:\/\/yoast.com\/wordpress\/plugins\/seo\/ -->\n<title>Participez a La Primitiva jouant en ligne<\/title>\n<meta name=\"description\" content=\"La loterie La Primitiva d&#039;Espagne, disponible en ligne de la France\" \/>\n<meta name=\"robots\" content=\"index, follow, max-snippet:-1, max-image-preview:large, max-video-preview:-1\" \/>\n<link rel=\"canonical\" href=\"https:\/\/redfoxlotto.com\/fr\/jouer\/la-primitiva\/\" \/>\n<meta property=\"og:locale\" content=\"fr_FR\" \/>\n<meta property=\"og:type\" content=\"article\" \/>\n<meta property=\"og:title\" content=\"Participez a La Primitiva jouant en ligne\" \/>\n<meta property=\"og:description\" content=\"La loterie La Primitiva d&#039;Espagne, disponible en ligne de la France\" \/>\n<meta property=\"og:url\" content=\"https:\/\/redfoxlotto.com\/fr\/jouer\/la-primitiva\/\" \/>\n<meta property=\"og:site_name\" content=\"Get Tickets for the World\u2019s largest jackpots\" \/>\n<meta property=\"article:modified_time\" content=\"2019-02-07T06:48:16+00:00\" \/>\n<meta property=\"og:image\" content=\"https:\/\/content.redfoxlotto.com\/uploads\/sites\/9\/2_ticket_la_primitiva4.jpg\" \/>\n<meta name=\"twitter:card\" content=\"summary_large_image\" \/>\n<meta name=\"twitter:label1\" content=\"Dur\u00e9e de lecture estim\u00e9e\" \/>\n\t<meta name=\"twitter:data1\" content=\"2 minutes\" \/>\n<script type=\"application\/ld+json\" class=\"yoast-schema-graph\">{\"@context\":\"https:\/\/schema.org\",\"@graph\":[{\"@type\":\"WebPage\",\"@id\":\"https:\/\/redfoxlotto.com\/fr\/jouer\/la-primitiva\/\",\"url\":\"https:\/\/redfoxlotto.com\/fr\/jouer\/la-primitiva\/\",\"name\":\"Participez a La Primitiva jouant en ligne\",\"isPartOf\":{\"@id\":\"https:\/\/redfoxlotto.com\/fr\/#website\"},\"primaryImageOfPage\":{\"@id\":\"https:\/\/redfoxlotto.com\/fr\/jouer\/la-primitiva\/#primaryimage\"},\"image\":{\"@id\":\"https:\/\/redfoxlotto.com\/fr\/jouer\/la-primitiva\/#primaryimage\"},\"thumbnailUrl\":\"https:\/\/content.redfoxlotto.com\/uploads\/sites\/9\/2_ticket_la_primitiva4.jpg\",\"datePublished\":\"2023-04-24T17:52:16+00:00\",\"dateModified\":\"2019-02-07T06:48:16+00:00\",\"description\":\"La loterie La Primitiva d'Espagne, disponible en ligne de la France\",\"breadcrumb\":{\"@id\":\"https:\/\/redfoxlotto.com\/fr\/jouer\/la-primitiva\/#breadcrumb\"},\"inLanguage\":\"fr-FR\",\"potentialAction\":[{\"@type\":\"ReadAction\",\"target\":[\"https:\/\/redfoxlotto.com\/fr\/jouer\/la-primitiva\/\"]}]},{\"@type\":\"ImageObject\",\"inLanguage\":\"fr-FR\",\"@id\":\"https:\/\/redfoxlotto.com\/fr\/jouer\/la-primitiva\/#primaryimage\",\"url\":\"https:\/\/content.redfoxlotto.com\/uploads\/sites\/9\/2_ticket_la_primitiva4.jpg\",\"contentUrl\":\"https:\/\/content.redfoxlotto.com\/uploads\/sites\/9\/2_ticket_la_primitiva4.jpg\"},{\"@type\":\"BreadcrumbList\",\"@id\":\"https:\/\/redfoxlotto.com\/fr\/jouer\/la-primitiva\/#breadcrumb\",\"itemListElement\":[{\"@type\":\"ListItem\",\"position\":1,\"name\":\"Home\",\"item\":\"https:\/\/redfoxlotto.com\/fr\/\"},{\"@type\":\"ListItem\",\"position\":2,\"name\":\"Comment jouer au loto en ligne\",\"item\":\"https:\/\/redfoxlotto.com\/fr\/jouer\/\"},{\"@type\":\"ListItem\",\"position\":3,\"name\":\"Jouer La Primitiva en ligne\"}]},{\"@type\":\"WebSite\",\"@id\":\"https:\/\/redfoxlotto.com\/fr\/#website\",\"url\":\"https:\/\/redfoxlotto.com\/fr\/\",\"name\":\"Get Tickets for the World\u2019s largest jackpots\",\"description\":\"Participate in worldwide lottery jackpots from any country\",\"publisher\":{\"@id\":\"https:\/\/redfoxlotto.com\/fr\/#organization\"},\"potentialAction\":[{\"@type\":\"SearchAction\",\"target\":{\"@type\":\"EntryPoint\",\"urlTemplate\":\"https:\/\/redfoxlotto.com\/fr\/?s={search_term_string}\"},\"query-input\":{\"@type\":\"PropertyValueSpecification\",\"valueRequired\":true,\"valueName\":\"search_term_string\"}}],\"inLanguage\":\"fr-FR\"},{\"@type\":\"Organization\",\"@id\":\"https:\/\/redfoxlotto.com\/fr\/#organization\",\"name\":\"Get Tickets for the World\u2019s largest jackpots\",\"url\":\"https:\/\/redfoxlotto.com\/fr\/\",\"logo\":{\"@type\":\"ImageObject\",\"inLanguage\":\"fr-FR\",\"@id\":\"https:\/\/redfoxlotto.com\/fr\/#\/schema\/logo\/image\/\",\"url\":\"https:\/\/redfoxlotto.com\/wp-content\/uploads\/2023\/04\/logo.png\",\"contentUrl\":\"https:\/\/redfoxlotto.com\/wp-content\/uploads\/2023\/04\/logo.png\",\"width\":269,\"height\":53,\"caption\":\"Get Tickets for the World\u2019s largest jackpots\"},\"image\":{\"@id\":\"https:\/\/redfoxlotto.com\/fr\/#\/schema\/logo\/image\/\"}}]}<\/script>\n<!-- \/ Yoast SEO plugin. -->","yoast_head_json":{"title":"Participez a La Primitiva jouant en ligne","description":"La loterie La Primitiva d'Espagne, disponible en ligne de la France","robots":{"index":"index","follow":"follow","max-snippet":"max-snippet:-1","max-image-preview":"max-image-preview:large","max-video-preview":"max-video-preview:-1"},"canonical":"https:\/\/redfoxlotto.com\/fr\/jouer\/la-primitiva\/","og_locale":"fr_FR","og_type":"article","og_title":"Participez a La Primitiva jouant en ligne","og_description":"La loterie La Primitiva d'Espagne, disponible en ligne de la France","og_url":"https:\/\/redfoxlotto.com\/fr\/jouer\/la-primitiva\/","og_site_name":"Get Tickets for the World\u2019s largest jackpots","article_modified_time":"2019-02-07T06:48:16+00:00","og_image":[{"url":"https:\/\/content.redfoxlotto.com\/uploads\/sites\/9\/2_ticket_la_primitiva4.jpg"}],"twitter_card":"summary_large_image","twitter_misc":{"Dur\u00e9e de lecture estim\u00e9e":"2 minutes"},"schema":{"@context":"https:\/\/schema.org","@graph":[{"@type":"WebPage","@id":"https:\/\/redfoxlotto.com\/fr\/jouer\/la-primitiva\/","url":"https:\/\/redfoxlotto.com\/fr\/jouer\/la-primitiva\/","name":"Participez a La Primitiva jouant en ligne","isPartOf":{"@id":"https:\/\/redfoxlotto.com\/fr\/#website"},"primaryImageOfPage":{"@id":"https:\/\/redfoxlotto.com\/fr\/jouer\/la-primitiva\/#primaryimage"},"image":{"@id":"https:\/\/redfoxlotto.com\/fr\/jouer\/la-primitiva\/#primaryimage"},"thumbnailUrl":"https:\/\/content.redfoxlotto.com\/uploads\/sites\/9\/2_ticket_la_primitiva4.jpg","datePublished":"2023-04-24T17:52:16+00:00","dateModified":"2019-02-07T06:48:16+00:00","description":"La loterie La Primitiva d'Espagne, disponible en ligne de la France","breadcrumb":{"@id":"https:\/\/redfoxlotto.com\/fr\/jouer\/la-primitiva\/#breadcrumb"},"inLanguage":"fr-FR","potentialAction":[{"@type":"ReadAction","target":["https:\/\/redfoxlotto.com\/fr\/jouer\/la-primitiva\/"]}]},{"@type":"ImageObject","inLanguage":"fr-FR","@id":"https:\/\/redfoxlotto.com\/fr\/jouer\/la-primitiva\/#primaryimage","url":"https:\/\/content.redfoxlotto.com\/uploads\/sites\/9\/2_ticket_la_primitiva4.jpg","contentUrl":"https:\/\/content.redfoxlotto.com\/uploads\/sites\/9\/2_ticket_la_primitiva4.jpg"},{"@type":"BreadcrumbList","@id":"https:\/\/redfoxlotto.com\/fr\/jouer\/la-primitiva\/#breadcrumb","itemListElement":[{"@type":"ListItem","position":1,"name":"Home","item":"https:\/\/redfoxlotto.com\/fr\/"},{"@type":"ListItem","position":2,"name":"Comment jouer au loto en ligne","item":"https:\/\/redfoxlotto.com\/fr\/jouer\/"},{"@type":"ListItem","position":3,"name":"Jouer La Primitiva en ligne"}]},{"@type":"WebSite","@id":"https:\/\/redfoxlotto.com\/fr\/#website","url":"https:\/\/redfoxlotto.com\/fr\/","name":"Get Tickets for the World\u2019s largest jackpots","description":"Participate in worldwide lottery jackpots from any country","publisher":{"@id":"https:\/\/redfoxlotto.com\/fr\/#organization"},"potentialAction":[{"@type":"SearchAction","target":{"@type":"EntryPoint","urlTemplate":"https:\/\/redfoxlotto.com\/fr\/?s={search_term_string}"},"query-input":{"@type":"PropertyValueSpecification","valueRequired":true,"valueName":"search_term_string"}}],"inLanguage":"fr-FR"},{"@type":"Organization","@id":"https:\/\/redfoxlotto.com\/fr\/#organization","name":"Get Tickets for the World\u2019s largest jackpots","url":"https:\/\/redfoxlotto.com\/fr\/","logo":{"@type":"ImageObject","inLanguage":"fr-FR","@id":"https:\/\/redfoxlotto.com\/fr\/#\/schema\/logo\/image\/","url":"https:\/\/redfoxlotto.com\/wp-content\/uploads\/2023\/04\/logo.png","contentUrl":"https:\/\/redfoxlotto.com\/wp-content\/uploads\/2023\/04\/logo.png","width":269,"height":53,"caption":"Get Tickets for the World\u2019s largest jackpots"},"image":{"@id":"https:\/\/redfoxlotto.com\/fr\/#\/schema\/logo\/image\/"}}]}},"_links":{"self":[{"href":"https:\/\/redfoxlotto.com\/fr\/wp-json\/wp\/v2\/pages\/1504","targetHints":{"allow":["GET"]}}],"collection":[{"href":"https:\/\/redfoxlotto.com\/fr\/wp-json\/wp\/v2\/pages"}],"about":[{"href":"https:\/\/redfoxlotto.com\/fr\/wp-json\/wp\/v2\/types\/page"}],"author":[{"embeddable":true,"href":"https:\/\/redfoxlotto.com\/fr\/wp-json\/wp\/v2\/users\/1"}],"replies":[{"embeddable":true,"href":"https:\/\/redfoxlotto.com\/fr\/wp-json\/wp\/v2\/comments?post=1504"}],"version-history":[{"count":0,"href":"https:\/\/redfoxlotto.com\/fr\/wp-json\/wp\/v2\/pages\/1504\/revisions"}],"up":[{"embeddable":true,"href":"https:\/\/redfoxlotto.com\/fr\/wp-json\/wp\/v2\/pages\/1498"}],"wp:attachment":[{"href":"https:\/\/redfoxlotto.com\/fr\/wp-json\/wp\/v2\/media?parent=1504"}],"curies":[{"name":"wp","href":"https:\/\/api.w.org\/{rel}","templated":true}]}}