{"id":1501,"date":"2023-04-24T17:37:44","date_gmt":"2023-04-24T17:37:44","guid":{"rendered":"https:\/\/redfoxlotto.com\/?page_id=4654"},"modified":"2025-12-17T08:59:43","modified_gmt":"2025-12-17T08:59:43","slug":"mega-millions","status":"publish","type":"page","link":"https:\/\/redfoxlotto.com\/fr\/jouer\/mega-millions\/","title":{"rendered":"Jouez \u00e0 Mega Millions"},"content":{"rendered":"<p><script type=\"application\/ld+json\">\n{\n  \"@context\": \"https:\/\/schema.org\",\n  \"@type\": \"Service\",\n  \"name\": \"Jouer \u00e0 Mega Millions en ligne\",\n  \"url\": \"https:\/\/redfoxlotto.com\/fr\/jouer\/mega-millions\/\",\n  \"description\": \"Jouez \u00e0 la loterie Mega Millions en ligne depuis n\u2019importe quel pays. Visitez RedFoxLotto, choisissez vos num\u00e9ros et obtenez vos billets.\",\n  \"serviceType\": \"Service de messagerie de billets de loterie en ligne\",<\/p>\n<p>  \"provider\": {\n    \"@type\": \"Organization\",\n    \"name\": \"RedFoxLotto\",\n    \"url\": \"https:\/\/redfoxlotto.com\/fr\/jouer\/mega-millions\/\",\n    \"image\": \"https:\/\/redfoxlotto.com\/wp-content\/uploads\/2025\/12\/ticket_scans.jpg\"\n  },<\/p>\n<p>  \"areaServed\": \"Worldwide\",\n  \"termsOfService\": \"https:\/\/redfoxlotto.com\/terms-and-conditions\",<\/p>\n<p>  \"additionalProperty\": {\n    \"@type\": \"PropertyValue\",\n    \"name\": \"FAQ\",\n    \"value\": \"https:\/\/redfoxlotto.com\/fr\/faq\/\"\n  },<\/p>\n<p>  \"hasOfferCatalog\": {\n    \"@type\": \"OfferCatalog\",\n    \"name\": \"Billets Mega Millions\",\n    \"itemListElement\": [{\n      \"@type\": \"Offer\",\n      \"name\": \"Billets Mega Millions\",\n      \"url\": \"https:\/\/redfoxlotto.com\/fr\/jouer\/mega-millions\/\",\n      \"description\": \"S\u00e9lectionnez vos num\u00e9ros pour le prochain tirage Mega Millions et commandez vos billets en ligne.\",\n      \"price\": \"13.00\",\n      \"priceCurrency\": \"EUR\",\n      \"availability\": \"https:\/\/schema.org\/InStock\"\n    }]\n  },<\/p>\n<p>  \"mainEntityOfPage\": {\n    \"@type\": \"WebPage\",\n    \"@id\": \"https:\/\/redfoxlotto.com\/fr\/jouer\/mega-millions\/\"\n  }\n}\n<\/script><\/p>\n<p>Vous n&rsquo;avez pas besoin de vous rendre aux \u00c9tats-Unis pour jouer \u00e0 la loterie US Mega Millions ! Avez-vous d\u00e9j\u00e0 eu envie de jouer \u00e0 cette loterie extr\u00eamement populaire, mais vous ne saviez pas comment faire ? Vous avez peut-\u00eatre vu les num\u00e9ros tir\u00e9s au sort pour ce jeu et vous avez vu les \u00e9normes jackpots qui sont disponibles et vous \u00e9tiez vraiment int\u00e9ress\u00e9 \u00e0 jouer mais vous pensiez que c&rsquo;\u00e9tait seulement possible pour les gens des \u00c9tats-Unis.<!--more--><\/p>\n<p>Mais ce n&rsquo;est pas du tout le cas. <strong>Vous pouvez \u00e9galement jouer \u00e0 Mega Millions depuis la France.<\/strong><\/p>\n<p><img loading=\"lazy\" decoding=\"async\" class=\" wp-image alignright\" src=\"https:\/\/content.redfoxlotto.com\/uploads\/sites\/9\/1_play_mega_millions_jackpot.jpg\" alt=\"jouer mega millions en ligne\" width=\"206\" height=\"206\" \/>Le fonctionnement est le suivant : nous achetons vos billets avec notre service aux \u00c9tats-Unis, de sorte que vous pouvez jouer \u00e0 <a href=\"https:\/\/redfoxlotto.com\/fr\/loterie\/mega-millions\/\">Mega Millions<\/a> depuis la France en ligne. Vous pouvez commander tous les lots sur notre site web. Il vous suffit de s\u00e9lectionner les num\u00e9ros que vous souhaitez et le nombre de lots que vous voulez. Bien s\u00fbr, vous pouvez aussi <a href=\"https:\/\/redfoxlotto.com\/fr\/jouer\/\">jouer \u00e0 d&rsquo;autres loteries internationales<\/a> depuis la France. Il suffit de jeter un coup d&rsquo;\u0153il sur notre site web.<\/p>\n<p>Apr\u00e8s l&rsquo;achat de votre billet de loterie en ligne, un de nos agents aux \u00c9tats-Unis ach\u00e8te les billets (avec les num\u00e9ros que vous avez compos\u00e9s). Ensuite, vous recevrez un e-mail de notre part pour confirmer votre achat. Nous nous occupons \u00e9galement du paiement de vos gains. C&rsquo;est vraiment si facile pour vous d&rsquo;obtenir un billet de loterie Mega Millions. Vous pouvez trouver plus de d\u00e9tails sur notre service dans notre section FAQ.<\/p>\n<h2>R\u00e8gles du loto Mega Millions<\/h2>\n<p>Si vous voulez jouer \u00e0 Mega Millions, vous devez conna\u00eetre les r\u00e8gles, non ? Ce n&rsquo;est pas trop difficile. Les joueurs choisissent cinq num\u00e9ros entre 1 et 70 et un num\u00e9ro suppl\u00e9mentaire de 1 \u00e0 25, ce qui signifie qu&rsquo;il y a un total de 6 boules diff\u00e9rentes dans la machine de tirage pour lesquelles vous devez choisir les num\u00e9ros.<\/p>\n<p>Pour gagner le jackpot, les six num\u00e9ros doivent \u00eatre choisis correctement. Pour cinq chiffres principaux corrects, le prix est d&rsquo;un million de dollars. Vous aurez donc toujours une assez bonne r\u00e9compense m\u00eame si vous n&rsquo;avez pas tap\u00e9 la m\u00e9ga-boule correctement.<\/p>\n<h2>Le jackpot du Mega Millions<\/h2>\n<p>Le loto Mega Millions est connu pour ses jackpots qui augmentent rapidement. L&rsquo;une des raisons en est que des centaines de millions de billets de loterie sont vendus chaque semaine aux \u00c9tats-Unis. Mais le jackpot n&rsquo;est souvent pas touch\u00e9 avant des semaines. Mieux encore, le jackpot commence toujours avec au moins 40 millions de dollars. En g\u00e9n\u00e9ral, il augmente lentement, environ 10 \u00e0 15 millions de dollars par tirage (il y a deux tirages par semaine). Au fait, nous indiquons le montant de <a href=\"https:\/\/redfoxlotto.com\/fr\/\">tous les jackpots<\/a> en euros !<\/p>\n<p><img loading=\"lazy\" decoding=\"async\" class=\" wp-image alignright\" src=\"https:\/\/content.redfoxlotto.com\/uploads\/sites\/9\/2_ticket_mega_millions.jpg\" alt=\"mega millions France\" width=\"179\" height=\"194\" \/>Si personne ne remporte le premier prix, le montant de 100 millions de dollars est rapidement atteint. Une fois ce seuil d\u00e9pass\u00e9, les lots vendus sont plus nombreux que d&rsquo;habitude. Le nombre de joueurs en ligne provenant de pays comme la France va alors \u00e9galement augmenter fortement. Le jackpot commence \u00e0 \u00ab\u00a0exploser\u00a0\u00bb. Une augmentation de 200 \u00e0 500 millions en une semaine est tout \u00e0 fait normale.<\/p>\n<p>Et si le jackpot n&rsquo;a pas \u00e9t\u00e9 gagn\u00e9 dans les 10 semaines, il d\u00e9passera m\u00eame le montant d&rsquo;un milliard de dollars, ce qui s&rsquo;est produit pour la derni\u00e8re fois le 19.10.2018. Le jackpot a finalement \u00e9t\u00e9 remport\u00e9 par un seul gagnant le 23.10.2018 ; \u00e0 cette \u00e9poque, le jackpot s&rsquo;\u00e9levait \u00e0 pr\u00e8s de 1,6 milliard de dollars.<\/p>\n<p>Lorsque le montant du jackpot est important, vous devez envisager de commander votre billet pour participer \u00e0 plusieurs tirages cons\u00e9cutifs. Vous pouvez ainsi vous assurer que vous participez \u00e9galement au jeu pour les prochains jackpots, encore plus \u00e9lev\u00e9s. Et vous b\u00e9n\u00e9ficiez \u00e9galement d&rsquo;une petite r\u00e9duction.<\/p>\n<p>Il est important de noter que les gagnants du jackpot aux \u00c9tats-Unis peuvent choisir entre deux options. Soit il choisit de recevoir le montant total en 30 versements annuels (avec une augmentation annuelle de 5 % corrig\u00e9e de l&rsquo;inflation), soit il d\u00e9cide de recevoir un versement unique imm\u00e9diat. Ce paiement serait inf\u00e9rieur au montant total du jackpot, mais le gagnant n&rsquo;a pas \u00e0 s&rsquo;inqui\u00e9ter de recevoir ces paiements chaque ann\u00e9e.<\/p>\n<h2>Ce service est-il l\u00e9gal pour les joueurs fran\u00e7ais ?<\/h2>\n<p>Si vous envisagez de participer \u00e0 une loterie en ligne, vous vous demandez peut-\u00eatre si vous pouvez faire de m\u00eame si vous ne vivez pas aux \u00c9tats-Unis. Beaucoup de gens pensent qu&rsquo;ils doivent vivre dans le pays o\u00f9 la loterie a lieu pour pouvoir jouer. Cependant, cette pratique est 100% l\u00e9gale pour les joueurs de tous les pays, y compris la France.<\/p>\n<p>En gros, c&rsquo;est comme acheter un billet pour Mega Millions lors d&rsquo;un s\u00e9jour aux \u00c9tats-Unis. Comme les billets de loterie peuvent \u00eatre vendus aux \u00c9tats-Unis \u00e0 toute personne de plus de 18 ans, les \u00e9trangers peuvent \u00e9galement gagner l\u00e9galement. En fin de compte, tout ce qui compte, c&rsquo;est que vous ayez votre billet. En outre, nous veillons \u00e9galement \u00e0 ce que vous soyez pay\u00e9 pour ce que vous avez gagn\u00e9. Pour les gains plus importants (plus de 2 500 euros), vous recevrez g\u00e9n\u00e9ralement un ch\u00e8que ou un virement bancaire de la soci\u00e9t\u00e9 de loterie.<\/p>\n<p>Pour les petits gains, vous pouvez facilement r\u00e9cup\u00e9rer vos gains directement sur notre site web et les conserver sur votre compte pour acheter des billets suppl\u00e9mentaires \u00e0 une date ult\u00e9rieure. Vous pouvez \u00e9galement le retirer sur votre compte bancaire en France. Bien s\u00fbr, ce ne sont pas les petits prix qui vous int\u00e9ressent en premier lieu.<\/p>\n<p>Toutefois, si vous gagnez le jackpot en jouant en ligne \u00e0 des M\u00e9ga Millions depuis la France, vous devrez vous rendre aux \u00c9tats-Unis o\u00f9 votre ch\u00e8que vous sera remis en main propre. Vous commenceriez certainement ce voyage avec joie et enthousiasme ! Aux \u00c9tats-Unis, les responsables de la loterie aiment faire un grand spectacle avec la ou les personnes qui gagnent le jackpot.<\/p>\n<p>Cela signifie qu&rsquo;ils vous remettront un gros ch\u00e8que et prendront beaucoup de photos pour les montrer \u00e0 la t\u00e9l\u00e9vision, mais si vous obtenez des millions (ou m\u00eame plus d&rsquo;un milliard) de dollars, ce ne sera pas un probl\u00e8me, n&rsquo;est-ce pas ?<\/p>\n<p><strong>Le <a href=\"https:\/\/redfoxlotto.com\/fr\/montant-actuel-powerball-mega-millions-jackpot\/\">prochain Mega Millions Jackpot<\/a> vous est-il r\u00e9serv\u00e9 ? Tentez votre chance maintenant &#8211; vous ne pouvez pas gagner si vous n&rsquo;achetez pas de billet !<\/strong><\/p>\n","protected":false},"excerpt":{"rendered":"<p>Vous n&rsquo;avez pas besoin de vous rendre aux \u00c9tats-Unis pour jouer \u00e0 la loterie US Mega Millions ! Avez-vous d\u00e9j\u00e0 eu envie de jouer \u00e0 cette loterie extr\u00eamement populaire, mais vous ne saviez pas comment faire ? Vous avez peut-\u00eatre vu les num\u00e9ros tir\u00e9s au sort pour ce jeu et vous avez vu les \u00e9normes [&hellip;]<\/p>\n","protected":false},"author":1,"featured_media":0,"parent":1498,"menu_order":2,"comment_status":"closed","ping_status":"closed","template":"megamillion.php","meta":{"_et_pb_use_builder":"","_et_pb_old_content":"","_et_gb_content_width":"","exclude_from_search":false,"footnotes":""},"class_list":["post-1501","page","type-page","status-publish","hentry"],"yoast_head":"<!-- This site is optimized with the Yoast SEO plugin v23.8 - https:\/\/yoast.com\/wordpress\/plugins\/seo\/ -->\n<title>Jouer Mega Millions en ligne depuis la France<\/title>\n<meta name=\"description\" content=\"Commandez votre billet Mega Millions ici - depuis la France ou tout autre pays !\" \/>\n<meta name=\"robots\" content=\"index, follow, max-snippet:-1, max-image-preview:large, max-video-preview:-1\" \/>\n<link rel=\"canonical\" href=\"https:\/\/redfoxlotto.com\/fr\/jouer\/mega-millions\/\" \/>\n<meta property=\"og:locale\" content=\"fr_FR\" \/>\n<meta property=\"og:type\" content=\"article\" \/>\n<meta property=\"og:title\" content=\"Jouer Mega Millions en ligne depuis la France\" \/>\n<meta property=\"og:description\" content=\"Commandez votre billet Mega Millions ici - depuis la France ou tout autre pays !\" \/>\n<meta property=\"og:url\" content=\"https:\/\/redfoxlotto.com\/fr\/jouer\/mega-millions\/\" \/>\n<meta property=\"og:site_name\" content=\"Get Tickets for the World\u2019s largest jackpots\" \/>\n<meta property=\"article:modified_time\" content=\"2025-12-17T08:59:43+00:00\" \/>\n<meta property=\"og:image\" content=\"https:\/\/content.redfoxlotto.com\/uploads\/sites\/9\/1_play_mega_millions_jackpot.jpg\" \/>\n<meta name=\"twitter:card\" content=\"summary_large_image\" \/>\n<meta name=\"twitter:label1\" content=\"Dur\u00e9e de lecture estim\u00e9e\" \/>\n\t<meta name=\"twitter:data1\" content=\"5 minutes\" \/>\n<script type=\"application\/ld+json\" class=\"yoast-schema-graph\">{\"@context\":\"https:\/\/schema.org\",\"@graph\":[{\"@type\":\"WebPage\",\"@id\":\"https:\/\/redfoxlotto.com\/fr\/jouer\/mega-millions\/\",\"url\":\"https:\/\/redfoxlotto.com\/fr\/jouer\/mega-millions\/\",\"name\":\"Jouer Mega Millions en ligne depuis la France\",\"isPartOf\":{\"@id\":\"https:\/\/redfoxlotto.com\/fr\/#website\"},\"primaryImageOfPage\":{\"@id\":\"https:\/\/redfoxlotto.com\/fr\/jouer\/mega-millions\/#primaryimage\"},\"image\":{\"@id\":\"https:\/\/redfoxlotto.com\/fr\/jouer\/mega-millions\/#primaryimage\"},\"thumbnailUrl\":\"https:\/\/content.redfoxlotto.com\/uploads\/sites\/9\/1_play_mega_millions_jackpot.jpg\",\"datePublished\":\"2023-04-24T17:37:44+00:00\",\"dateModified\":\"2025-12-17T08:59:43+00:00\",\"description\":\"Commandez votre billet Mega Millions ici - depuis la France ou tout autre pays !\",\"breadcrumb\":{\"@id\":\"https:\/\/redfoxlotto.com\/fr\/jouer\/mega-millions\/#breadcrumb\"},\"inLanguage\":\"fr-FR\",\"potentialAction\":[{\"@type\":\"ReadAction\",\"target\":[\"https:\/\/redfoxlotto.com\/fr\/jouer\/mega-millions\/\"]}]},{\"@type\":\"ImageObject\",\"inLanguage\":\"fr-FR\",\"@id\":\"https:\/\/redfoxlotto.com\/fr\/jouer\/mega-millions\/#primaryimage\",\"url\":\"https:\/\/content.redfoxlotto.com\/uploads\/sites\/9\/1_play_mega_millions_jackpot.jpg\",\"contentUrl\":\"https:\/\/content.redfoxlotto.com\/uploads\/sites\/9\/1_play_mega_millions_jackpot.jpg\"},{\"@type\":\"BreadcrumbList\",\"@id\":\"https:\/\/redfoxlotto.com\/fr\/jouer\/mega-millions\/#breadcrumb\",\"itemListElement\":[{\"@type\":\"ListItem\",\"position\":1,\"name\":\"Home\",\"item\":\"https:\/\/redfoxlotto.com\/fr\/\"},{\"@type\":\"ListItem\",\"position\":2,\"name\":\"Comment jouer au loto en ligne\",\"item\":\"https:\/\/redfoxlotto.com\/fr\/jouer\/\"},{\"@type\":\"ListItem\",\"position\":3,\"name\":\"Jouez \u00e0 Mega Millions\"}]},{\"@type\":\"WebSite\",\"@id\":\"https:\/\/redfoxlotto.com\/fr\/#website\",\"url\":\"https:\/\/redfoxlotto.com\/fr\/\",\"name\":\"Get Tickets for the World\u2019s largest jackpots\",\"description\":\"Participate in worldwide lottery jackpots from any country\",\"publisher\":{\"@id\":\"https:\/\/redfoxlotto.com\/fr\/#organization\"},\"potentialAction\":[{\"@type\":\"SearchAction\",\"target\":{\"@type\":\"EntryPoint\",\"urlTemplate\":\"https:\/\/redfoxlotto.com\/fr\/?s={search_term_string}\"},\"query-input\":{\"@type\":\"PropertyValueSpecification\",\"valueRequired\":true,\"valueName\":\"search_term_string\"}}],\"inLanguage\":\"fr-FR\"},{\"@type\":\"Organization\",\"@id\":\"https:\/\/redfoxlotto.com\/fr\/#organization\",\"name\":\"Get Tickets for the World\u2019s largest jackpots\",\"url\":\"https:\/\/redfoxlotto.com\/fr\/\",\"logo\":{\"@type\":\"ImageObject\",\"inLanguage\":\"fr-FR\",\"@id\":\"https:\/\/redfoxlotto.com\/fr\/#\/schema\/logo\/image\/\",\"url\":\"https:\/\/redfoxlotto.com\/wp-content\/uploads\/2023\/04\/logo.png\",\"contentUrl\":\"https:\/\/redfoxlotto.com\/wp-content\/uploads\/2023\/04\/logo.png\",\"width\":269,\"height\":53,\"caption\":\"Get Tickets for the World\u2019s largest jackpots\"},\"image\":{\"@id\":\"https:\/\/redfoxlotto.com\/fr\/#\/schema\/logo\/image\/\"}}]}<\/script>\n<!-- \/ Yoast SEO plugin. -->","yoast_head_json":{"title":"Jouer Mega Millions en ligne depuis la France","description":"Commandez votre billet Mega Millions ici - depuis la France ou tout autre pays !","robots":{"index":"index","follow":"follow","max-snippet":"max-snippet:-1","max-image-preview":"max-image-preview:large","max-video-preview":"max-video-preview:-1"},"canonical":"https:\/\/redfoxlotto.com\/fr\/jouer\/mega-millions\/","og_locale":"fr_FR","og_type":"article","og_title":"Jouer Mega Millions en ligne depuis la France","og_description":"Commandez votre billet Mega Millions ici - depuis la France ou tout autre pays !","og_url":"https:\/\/redfoxlotto.com\/fr\/jouer\/mega-millions\/","og_site_name":"Get Tickets for the World\u2019s largest jackpots","article_modified_time":"2025-12-17T08:59:43+00:00","og_image":[{"url":"https:\/\/content.redfoxlotto.com\/uploads\/sites\/9\/1_play_mega_millions_jackpot.jpg"}],"twitter_card":"summary_large_image","twitter_misc":{"Dur\u00e9e de lecture estim\u00e9e":"5 minutes"},"schema":{"@context":"https:\/\/schema.org","@graph":[{"@type":"WebPage","@id":"https:\/\/redfoxlotto.com\/fr\/jouer\/mega-millions\/","url":"https:\/\/redfoxlotto.com\/fr\/jouer\/mega-millions\/","name":"Jouer Mega Millions en ligne depuis la France","isPartOf":{"@id":"https:\/\/redfoxlotto.com\/fr\/#website"},"primaryImageOfPage":{"@id":"https:\/\/redfoxlotto.com\/fr\/jouer\/mega-millions\/#primaryimage"},"image":{"@id":"https:\/\/redfoxlotto.com\/fr\/jouer\/mega-millions\/#primaryimage"},"thumbnailUrl":"https:\/\/content.redfoxlotto.com\/uploads\/sites\/9\/1_play_mega_millions_jackpot.jpg","datePublished":"2023-04-24T17:37:44+00:00","dateModified":"2025-12-17T08:59:43+00:00","description":"Commandez votre billet Mega Millions ici - depuis la France ou tout autre pays !","breadcrumb":{"@id":"https:\/\/redfoxlotto.com\/fr\/jouer\/mega-millions\/#breadcrumb"},"inLanguage":"fr-FR","potentialAction":[{"@type":"ReadAction","target":["https:\/\/redfoxlotto.com\/fr\/jouer\/mega-millions\/"]}]},{"@type":"ImageObject","inLanguage":"fr-FR","@id":"https:\/\/redfoxlotto.com\/fr\/jouer\/mega-millions\/#primaryimage","url":"https:\/\/content.redfoxlotto.com\/uploads\/sites\/9\/1_play_mega_millions_jackpot.jpg","contentUrl":"https:\/\/content.redfoxlotto.com\/uploads\/sites\/9\/1_play_mega_millions_jackpot.jpg"},{"@type":"BreadcrumbList","@id":"https:\/\/redfoxlotto.com\/fr\/jouer\/mega-millions\/#breadcrumb","itemListElement":[{"@type":"ListItem","position":1,"name":"Home","item":"https:\/\/redfoxlotto.com\/fr\/"},{"@type":"ListItem","position":2,"name":"Comment jouer au loto en ligne","item":"https:\/\/redfoxlotto.com\/fr\/jouer\/"},{"@type":"ListItem","position":3,"name":"Jouez \u00e0 Mega Millions"}]},{"@type":"WebSite","@id":"https:\/\/redfoxlotto.com\/fr\/#website","url":"https:\/\/redfoxlotto.com\/fr\/","name":"Get Tickets for the World\u2019s largest jackpots","description":"Participate in worldwide lottery jackpots from any country","publisher":{"@id":"https:\/\/redfoxlotto.com\/fr\/#organization"},"potentialAction":[{"@type":"SearchAction","target":{"@type":"EntryPoint","urlTemplate":"https:\/\/redfoxlotto.com\/fr\/?s={search_term_string}"},"query-input":{"@type":"PropertyValueSpecification","valueRequired":true,"valueName":"search_term_string"}}],"inLanguage":"fr-FR"},{"@type":"Organization","@id":"https:\/\/redfoxlotto.com\/fr\/#organization","name":"Get Tickets for the World\u2019s largest jackpots","url":"https:\/\/redfoxlotto.com\/fr\/","logo":{"@type":"ImageObject","inLanguage":"fr-FR","@id":"https:\/\/redfoxlotto.com\/fr\/#\/schema\/logo\/image\/","url":"https:\/\/redfoxlotto.com\/wp-content\/uploads\/2023\/04\/logo.png","contentUrl":"https:\/\/redfoxlotto.com\/wp-content\/uploads\/2023\/04\/logo.png","width":269,"height":53,"caption":"Get Tickets for the World\u2019s largest jackpots"},"image":{"@id":"https:\/\/redfoxlotto.com\/fr\/#\/schema\/logo\/image\/"}}]}},"_links":{"self":[{"href":"https:\/\/redfoxlotto.com\/fr\/wp-json\/wp\/v2\/pages\/1501","targetHints":{"allow":["GET"]}}],"collection":[{"href":"https:\/\/redfoxlotto.com\/fr\/wp-json\/wp\/v2\/pages"}],"about":[{"href":"https:\/\/redfoxlotto.com\/fr\/wp-json\/wp\/v2\/types\/page"}],"author":[{"embeddable":true,"href":"https:\/\/redfoxlotto.com\/fr\/wp-json\/wp\/v2\/users\/1"}],"replies":[{"embeddable":true,"href":"https:\/\/redfoxlotto.com\/fr\/wp-json\/wp\/v2\/comments?post=1501"}],"version-history":[{"count":0,"href":"https:\/\/redfoxlotto.com\/fr\/wp-json\/wp\/v2\/pages\/1501\/revisions"}],"up":[{"embeddable":true,"href":"https:\/\/redfoxlotto.com\/fr\/wp-json\/wp\/v2\/pages\/1498"}],"wp:attachment":[{"href":"https:\/\/redfoxlotto.com\/fr\/wp-json\/wp\/v2\/media?parent=1501"}],"curies":[{"name":"wp","href":"https:\/\/api.w.org\/{rel}","templated":true}]}}