{"id":1500,"date":"2022-10-26T09:30:02","date_gmt":"2022-10-26T09:30:02","guid":{"rendered":"https:\/\/redfoxlotto.com\/?page_id=4652"},"modified":"2025-12-17T07:26:34","modified_gmt":"2025-12-17T07:26:34","slug":"euromillions","status":"publish","type":"page","link":"https:\/\/redfoxlotto.com\/fr\/jouer\/euromillions\/","title":{"rendered":"Jouez \u00e0 EuroMillions"},"content":{"rendered":"<p><script type=\"application\/ld+json\">\n{\n  \"@context\": \"https:\/\/schema.org\",\n  \"@type\": \"Service\",\n  \"name\": \"Jouer \u00e0 Euromillions en Ligne\",\n  \"url\": \"https:\/\/redfoxlotto.com\/fr\/jouer\/euromillions\/\",\n  \"description\": \"Jouez \u00e0 la loterie Euromillions en ligne depuis n'importe quel pays. Visitez RedFoxLotto, choisissez vos num\u00e9ros et obtenez vos billets.\",\n  \"serviceType\": \"Online lottery ticket messenger service\",\n  \"provider\": {\n    \"@type\": \"Organization\",\n    \"name\": \"RedFoxLotto\",\n    \"url\": \"https:\/\/redfoxlotto.com\/fr\/\",\n    \"image\": \"https:\/\/redfoxlotto.com\/wp-content\/uploads\/2025\/12\/ticket_scans.jpg\",\n    \"sameAs\": []\n  },\n  \"areaServed\": \"Worldwide\",\n  \"termsOfService\": \"https:\/\/redfoxlotto.com\/terms-and-conditions\",\n  \"additionalProperty\": {\n    \"@type\": \"PropertyValue\",\n    \"name\": \"FAQ\",\n    \"value\": \"https:\/\/redfoxlotto.com\/fr\/faq\/\"\n  },\n  \"hasOfferCatalog\": {\n    \"@type\": \"OfferCatalog\",\n    \"name\": \"Billets de Euromillions\",\n    \"itemListElement\": [\n      {\n        \"@type\": \"Offer\",\n        \"name\": \"Billets Euromillions\",\n        \"url\": \"https:\/\/redfoxlotto.com\/fr\/jouer\/euromillions\/\",\n        \"description\": \"Cliquez ici pour s\u00e9lectionner vos num\u00e9ros pour le prochain tirage Euromillions \u2013 commandez vos billets en ligne.\",\n        \"price\": \"7.00\",\n        \"priceCurrency\": \"EUR\",\n        \"availability\": \"https:\/\/schema.org\/InStock\",\n        \"itemOffered\": {\n          \"@type\": \"Service\",\n          \"name\": \"Billets de Euromillions\",\n          \"description\": \"Participez au prochain tirage Euromillions via RedFoxLotto.\"\n        }\n      }\n    ]\n  },\n  \"mainEntityOfPage\": {\n    \"@type\": \"WebPage\",\n    \"@id\": \"https:\/\/redfoxlotto.com\/fr\/jouer\/euromillions\/\"\n  }\n}\n<\/script><\/p>\n<p>Euromillions est une loterie internationale qui peut \u00eatre jou\u00e9e dans neuf pays europ\u00e9ens. Toutefois, les billets pour la loterie Euromillions ne peuvent pas \u00eatre achet\u00e9s dans les magasins d\u2019autres pays, en particulier de pays non europ\u00e9ens.<\/p>\n<p>Outre <a href=\"https:\/\/redfoxlotto.com\/fr\/jouer\/eurojackpot\/\">Eurojackpot<\/a>, Euromillions est la plus grande loterie d\u2019Europe. La loterie a \u00e9t\u00e9 fond\u00e9e en 2004. Jusqu&rsquo;\u00e0 pr\u00e9sent, le record du jackpot s&rsquo;\u00e9l\u00e8ve \u00e0 190 millions d&rsquo;euros. Il a \u00e9t\u00e9 remport\u00e9 par un seul joueur inconnu en octobre 2014.<\/p>\n<p>Les tirages au sort de Euromillions ont lieu \u00e0 Paris les mardis et vendredis. Pour remporter le jackpot, un ticket doit indiquer correctement 5 num\u00e9ros de 1 \u00e0 50, ainsi que \u00ab\u00a0l&rsquo;\u00e9toile chanceuse\u00a0\u00bb, un nombre compris entre 1 et 12. Bien entendu, il existe d&rsquo;autres niveaux gagnants. Pour le plus petit gain, vous devez avoir coch\u00e9 correctement 2 des 5 num\u00e9ros principaux.<\/p>\n<h2>Comment fonctionne l&rsquo;achat en ligne de billets pour Euromillions ?<\/h2>\n<p><img decoding=\"async\" class=\"size-full wp-image alignright\" src=\"https:\/\/content.redfoxlotto.com\/uploads\/sites\/9\/2_ticket_euromillions.jpg\" alt=\"euromillions en ligne\" \/><br \/>\nPour <a href=\"https:\/\/redfoxlotto.com\/fr\/jouer\/\">acheter vos billets en ligne<\/a>, il vous suffit de cliquer sur Euromillions sur notre site Web. Ensuite, vous choisissez vos num\u00e9ros. Il existe \u00e9galement une fonction \u00ab\u00a0Quick Pick\u00a0\u00bb disponible. Avec un clic, vous pouvez d\u00e9terminer vos num\u00e9ros gr\u00e2ce \u00e0 un g\u00e9n\u00e9rateur de num\u00e9ro al\u00e9atoire. Vous pouvez toujours modifier manuellement les num\u00e9ros choisis si vous le souhaitez. Ensuite, ajoutez autant de billets que vous le souhaitez.<\/p>\n<p>Si vous le souhaitez, vous pouvez ajouter plus de billets \u00e0 votre commande. Votre commande peut inclure des billets pour d&rsquo;autres loteries. Beaucoup de nos clients jouent plusieurs loteries internationales en m\u00eame temps. La plupart des gens choisissent leurs loteries en fonction du montant actuel du jackpot.<\/p>\n<p>Ensuite, suivez les instructions sur notre site Web pour compl\u00e9ter l\u2019achat et payer en ligne.<\/p>\n<h2>Les avantages de jouer au loto international en ligne<\/h2>\n<p><img loading=\"lazy\" decoding=\"async\" class=\" wp-image alignright\" src=\"https:\/\/content.redfoxlotto.com\/uploads\/sites\/9\/1_play_onlinelottery4.jpg\" alt=\"jouer en ligne\" width=\"281\" height=\"188\" \/>Mis \u00e0 part la commodit\u00e9, voici l\u2019un des principaux <strong>avantages de jouer aux jackpots internationaux de loteries.<\/strong> Vous pouvez utiliser votre argent de loterie de mani\u00e8re plus rentable en achetant uniquement des billets pour les loteries dont les jackpots sont actuellement suffisamment \u00e9lev\u00e9s. Aucune attente pendant des semaines pour que le jackpot de la loterie nationale soit suffisamment \u00e9lev\u00e9 dans votre pays. Vous pouvez choisir un jackpot beaucoup plus \u00e9norme en ligne \u00e0 tout moment. En fait, la plupart des pays du monde ont des loteries qui n&rsquo;atteignent jamais le jackpot et ne repr\u00e9sentent m\u00eame qu&rsquo;une fraction de ce que les plus grandes loteries mondiales ont.<\/p>\n<p>En raison du fait qu&rsquo;il y a deux tirages hebdomadaires, le jackpot de Euromillions augmente assez rapidement. Pour cette raison, vous pouvez envisager d&rsquo;activer l&rsquo;option permettant \u00e0 vos billets de participer \u00e0 plusieurs tirages cons\u00e9cutifs. Cela peut \u00eatre fait pendant le processus de votre achat en ligne. L&rsquo;option est disponible avant la finalisation de la commande. Ainsi, vous restez toujours en jeu pour le prochain jackpot le plus \u00e9lev\u00e9 du tirage suivant. Le prochain tirage peut ne pas avoir un gagnant pour le lot principal.<\/p>\n<p>Les joueurs paient un peu plus cher lorsque les billets EuroMillions sont achet\u00e9s au Royaume-Uni. En effet, les billets britanniques donnent droit \u00e0 une participation automatique au tirage du Millionaire Maker, qui offre une chance suppl\u00e9mentaire de gagner une r\u00e9compense d&rsquo;un million de livres sterling.<\/p>\n<p>Le Millionaire Maker fonctionne en g\u00e9n\u00e9rant un code unique pour chaque billet achet\u00e9. Ce code se compose de quatre lettres suivies de cinq chiffres (par exemple, ABCD12345). Lors de chaque tirage, un ou plusieurs de ces codes sont s\u00e9lectionn\u00e9s de mani\u00e8re al\u00e9atoire et le d\u00e9tenteur du billet avec le code correspondant gagne instantan\u00e9ment 1 million de livres sterling, quels que soient les principaux num\u00e9ros de l&rsquo;EuroMillions tir\u00e9s au sort.<\/p>\n<p>Cette caract\u00e9ristique rend le jeu EuroMillions au Royaume-Uni particuli\u00e8rement attrayant, car il offre une occasion suppl\u00e9mentaire de gagner un prix important en plus du jackpot standard et des r\u00e9compenses de niveau inf\u00e9rieur.<\/p>\n<p>Donc, si le jackpot de votre loterie locale n\u2019est pas aussi int\u00e9ressant en ce moment, pourquoi ne pas tenter votre chance avec des <strong>billets en ligne pour Euromillions ?<\/strong><\/p>\n","protected":false},"excerpt":{"rendered":"<p>Euromillions est une loterie internationale qui peut \u00eatre jou\u00e9e dans neuf pays europ\u00e9ens. Toutefois, les billets pour la loterie Euromillions ne peuvent pas \u00eatre achet\u00e9s dans les magasins d\u2019autres pays, en particulier de pays non europ\u00e9ens. Outre Eurojackpot, Euromillions est la plus grande loterie d\u2019Europe. La loterie a \u00e9t\u00e9 fond\u00e9e en 2004. Jusqu&rsquo;\u00e0 pr\u00e9sent, le [&hellip;]<\/p>\n","protected":false},"author":1,"featured_media":0,"parent":1498,"menu_order":3,"comment_status":"closed","ping_status":"closed","template":"euromillions.php","meta":{"_et_pb_use_builder":"","_et_pb_old_content":"","_et_gb_content_width":"","exclude_from_search":false,"footnotes":""},"class_list":["post-1500","page","type-page","status-publish","hentry"],"yoast_head":"<!-- This site is optimized with the Yoast SEO plugin v23.8 - https:\/\/yoast.com\/wordpress\/plugins\/seo\/ -->\n<title>Billets Euromillions en ligne - jouez maintenant!<\/title>\n<meta name=\"description\" content=\"La maniere plus facile de jouer Euromillions\" \/>\n<meta name=\"robots\" content=\"index, follow, max-snippet:-1, max-image-preview:large, max-video-preview:-1\" \/>\n<link rel=\"canonical\" href=\"https:\/\/redfoxlotto.com\/fr\/jouer\/euromillions\/\" \/>\n<meta property=\"og:locale\" content=\"fr_FR\" \/>\n<meta property=\"og:type\" content=\"article\" \/>\n<meta property=\"og:title\" content=\"Billets Euromillions en ligne - jouez maintenant!\" \/>\n<meta property=\"og:description\" content=\"La maniere plus facile de jouer Euromillions\" \/>\n<meta property=\"og:url\" content=\"https:\/\/redfoxlotto.com\/fr\/jouer\/euromillions\/\" \/>\n<meta property=\"og:site_name\" content=\"Get Tickets for the World\u2019s largest jackpots\" \/>\n<meta property=\"article:modified_time\" content=\"2025-12-17T07:26:34+00:00\" \/>\n<meta property=\"og:image\" content=\"https:\/\/content.redfoxlotto.com\/uploads\/sites\/9\/2_ticket_euromillions.jpg\" \/>\n<meta name=\"twitter:card\" content=\"summary_large_image\" \/>\n<meta name=\"twitter:label1\" content=\"Dur\u00e9e de lecture estim\u00e9e\" \/>\n\t<meta name=\"twitter:data1\" content=\"4 minutes\" \/>\n<script type=\"application\/ld+json\" class=\"yoast-schema-graph\">{\"@context\":\"https:\/\/schema.org\",\"@graph\":[{\"@type\":\"WebPage\",\"@id\":\"https:\/\/redfoxlotto.com\/fr\/jouer\/euromillions\/\",\"url\":\"https:\/\/redfoxlotto.com\/fr\/jouer\/euromillions\/\",\"name\":\"Billets Euromillions en ligne - jouez maintenant!\",\"isPartOf\":{\"@id\":\"https:\/\/redfoxlotto.com\/fr\/#website\"},\"primaryImageOfPage\":{\"@id\":\"https:\/\/redfoxlotto.com\/fr\/jouer\/euromillions\/#primaryimage\"},\"image\":{\"@id\":\"https:\/\/redfoxlotto.com\/fr\/jouer\/euromillions\/#primaryimage\"},\"thumbnailUrl\":\"https:\/\/content.redfoxlotto.com\/uploads\/sites\/9\/2_ticket_euromillions.jpg\",\"datePublished\":\"2022-10-26T09:30:02+00:00\",\"dateModified\":\"2025-12-17T07:26:34+00:00\",\"description\":\"La maniere plus facile de jouer Euromillions\",\"breadcrumb\":{\"@id\":\"https:\/\/redfoxlotto.com\/fr\/jouer\/euromillions\/#breadcrumb\"},\"inLanguage\":\"fr-FR\",\"potentialAction\":[{\"@type\":\"ReadAction\",\"target\":[\"https:\/\/redfoxlotto.com\/fr\/jouer\/euromillions\/\"]}]},{\"@type\":\"ImageObject\",\"inLanguage\":\"fr-FR\",\"@id\":\"https:\/\/redfoxlotto.com\/fr\/jouer\/euromillions\/#primaryimage\",\"url\":\"https:\/\/content.redfoxlotto.com\/uploads\/sites\/9\/2_ticket_euromillions.jpg\",\"contentUrl\":\"https:\/\/content.redfoxlotto.com\/uploads\/sites\/9\/2_ticket_euromillions.jpg\"},{\"@type\":\"BreadcrumbList\",\"@id\":\"https:\/\/redfoxlotto.com\/fr\/jouer\/euromillions\/#breadcrumb\",\"itemListElement\":[{\"@type\":\"ListItem\",\"position\":1,\"name\":\"Home\",\"item\":\"https:\/\/redfoxlotto.com\/fr\/\"},{\"@type\":\"ListItem\",\"position\":2,\"name\":\"Comment jouer au loto en ligne\",\"item\":\"https:\/\/redfoxlotto.com\/fr\/jouer\/\"},{\"@type\":\"ListItem\",\"position\":3,\"name\":\"Jouez \u00e0 EuroMillions\"}]},{\"@type\":\"WebSite\",\"@id\":\"https:\/\/redfoxlotto.com\/fr\/#website\",\"url\":\"https:\/\/redfoxlotto.com\/fr\/\",\"name\":\"Get Tickets for the World\u2019s largest jackpots\",\"description\":\"Participate in worldwide lottery jackpots from any country\",\"publisher\":{\"@id\":\"https:\/\/redfoxlotto.com\/fr\/#organization\"},\"potentialAction\":[{\"@type\":\"SearchAction\",\"target\":{\"@type\":\"EntryPoint\",\"urlTemplate\":\"https:\/\/redfoxlotto.com\/fr\/?s={search_term_string}\"},\"query-input\":{\"@type\":\"PropertyValueSpecification\",\"valueRequired\":true,\"valueName\":\"search_term_string\"}}],\"inLanguage\":\"fr-FR\"},{\"@type\":\"Organization\",\"@id\":\"https:\/\/redfoxlotto.com\/fr\/#organization\",\"name\":\"Get Tickets for the World\u2019s largest jackpots\",\"url\":\"https:\/\/redfoxlotto.com\/fr\/\",\"logo\":{\"@type\":\"ImageObject\",\"inLanguage\":\"fr-FR\",\"@id\":\"https:\/\/redfoxlotto.com\/fr\/#\/schema\/logo\/image\/\",\"url\":\"https:\/\/redfoxlotto.com\/wp-content\/uploads\/2023\/04\/logo.png\",\"contentUrl\":\"https:\/\/redfoxlotto.com\/wp-content\/uploads\/2023\/04\/logo.png\",\"width\":269,\"height\":53,\"caption\":\"Get Tickets for the World\u2019s largest jackpots\"},\"image\":{\"@id\":\"https:\/\/redfoxlotto.com\/fr\/#\/schema\/logo\/image\/\"}}]}<\/script>\n<!-- \/ Yoast SEO plugin. -->","yoast_head_json":{"title":"Billets Euromillions en ligne - jouez maintenant!","description":"La maniere plus facile de jouer Euromillions","robots":{"index":"index","follow":"follow","max-snippet":"max-snippet:-1","max-image-preview":"max-image-preview:large","max-video-preview":"max-video-preview:-1"},"canonical":"https:\/\/redfoxlotto.com\/fr\/jouer\/euromillions\/","og_locale":"fr_FR","og_type":"article","og_title":"Billets Euromillions en ligne - jouez maintenant!","og_description":"La maniere plus facile de jouer Euromillions","og_url":"https:\/\/redfoxlotto.com\/fr\/jouer\/euromillions\/","og_site_name":"Get Tickets for the World\u2019s largest jackpots","article_modified_time":"2025-12-17T07:26:34+00:00","og_image":[{"url":"https:\/\/content.redfoxlotto.com\/uploads\/sites\/9\/2_ticket_euromillions.jpg"}],"twitter_card":"summary_large_image","twitter_misc":{"Dur\u00e9e de lecture estim\u00e9e":"4 minutes"},"schema":{"@context":"https:\/\/schema.org","@graph":[{"@type":"WebPage","@id":"https:\/\/redfoxlotto.com\/fr\/jouer\/euromillions\/","url":"https:\/\/redfoxlotto.com\/fr\/jouer\/euromillions\/","name":"Billets Euromillions en ligne - jouez maintenant!","isPartOf":{"@id":"https:\/\/redfoxlotto.com\/fr\/#website"},"primaryImageOfPage":{"@id":"https:\/\/redfoxlotto.com\/fr\/jouer\/euromillions\/#primaryimage"},"image":{"@id":"https:\/\/redfoxlotto.com\/fr\/jouer\/euromillions\/#primaryimage"},"thumbnailUrl":"https:\/\/content.redfoxlotto.com\/uploads\/sites\/9\/2_ticket_euromillions.jpg","datePublished":"2022-10-26T09:30:02+00:00","dateModified":"2025-12-17T07:26:34+00:00","description":"La maniere plus facile de jouer Euromillions","breadcrumb":{"@id":"https:\/\/redfoxlotto.com\/fr\/jouer\/euromillions\/#breadcrumb"},"inLanguage":"fr-FR","potentialAction":[{"@type":"ReadAction","target":["https:\/\/redfoxlotto.com\/fr\/jouer\/euromillions\/"]}]},{"@type":"ImageObject","inLanguage":"fr-FR","@id":"https:\/\/redfoxlotto.com\/fr\/jouer\/euromillions\/#primaryimage","url":"https:\/\/content.redfoxlotto.com\/uploads\/sites\/9\/2_ticket_euromillions.jpg","contentUrl":"https:\/\/content.redfoxlotto.com\/uploads\/sites\/9\/2_ticket_euromillions.jpg"},{"@type":"BreadcrumbList","@id":"https:\/\/redfoxlotto.com\/fr\/jouer\/euromillions\/#breadcrumb","itemListElement":[{"@type":"ListItem","position":1,"name":"Home","item":"https:\/\/redfoxlotto.com\/fr\/"},{"@type":"ListItem","position":2,"name":"Comment jouer au loto en ligne","item":"https:\/\/redfoxlotto.com\/fr\/jouer\/"},{"@type":"ListItem","position":3,"name":"Jouez \u00e0 EuroMillions"}]},{"@type":"WebSite","@id":"https:\/\/redfoxlotto.com\/fr\/#website","url":"https:\/\/redfoxlotto.com\/fr\/","name":"Get Tickets for the World\u2019s largest jackpots","description":"Participate in worldwide lottery jackpots from any country","publisher":{"@id":"https:\/\/redfoxlotto.com\/fr\/#organization"},"potentialAction":[{"@type":"SearchAction","target":{"@type":"EntryPoint","urlTemplate":"https:\/\/redfoxlotto.com\/fr\/?s={search_term_string}"},"query-input":{"@type":"PropertyValueSpecification","valueRequired":true,"valueName":"search_term_string"}}],"inLanguage":"fr-FR"},{"@type":"Organization","@id":"https:\/\/redfoxlotto.com\/fr\/#organization","name":"Get Tickets for the World\u2019s largest jackpots","url":"https:\/\/redfoxlotto.com\/fr\/","logo":{"@type":"ImageObject","inLanguage":"fr-FR","@id":"https:\/\/redfoxlotto.com\/fr\/#\/schema\/logo\/image\/","url":"https:\/\/redfoxlotto.com\/wp-content\/uploads\/2023\/04\/logo.png","contentUrl":"https:\/\/redfoxlotto.com\/wp-content\/uploads\/2023\/04\/logo.png","width":269,"height":53,"caption":"Get Tickets for the World\u2019s largest jackpots"},"image":{"@id":"https:\/\/redfoxlotto.com\/fr\/#\/schema\/logo\/image\/"}}]}},"_links":{"self":[{"href":"https:\/\/redfoxlotto.com\/fr\/wp-json\/wp\/v2\/pages\/1500","targetHints":{"allow":["GET"]}}],"collection":[{"href":"https:\/\/redfoxlotto.com\/fr\/wp-json\/wp\/v2\/pages"}],"about":[{"href":"https:\/\/redfoxlotto.com\/fr\/wp-json\/wp\/v2\/types\/page"}],"author":[{"embeddable":true,"href":"https:\/\/redfoxlotto.com\/fr\/wp-json\/wp\/v2\/users\/1"}],"replies":[{"embeddable":true,"href":"https:\/\/redfoxlotto.com\/fr\/wp-json\/wp\/v2\/comments?post=1500"}],"version-history":[{"count":0,"href":"https:\/\/redfoxlotto.com\/fr\/wp-json\/wp\/v2\/pages\/1500\/revisions"}],"up":[{"embeddable":true,"href":"https:\/\/redfoxlotto.com\/fr\/wp-json\/wp\/v2\/pages\/1498"}],"wp:attachment":[{"href":"https:\/\/redfoxlotto.com\/fr\/wp-json\/wp\/v2\/media?parent=1500"}],"curies":[{"name":"wp","href":"https:\/\/api.w.org\/{rel}","templated":true}]}}