{"id":1499,"date":"2023-04-24T17:44:36","date_gmt":"2023-04-24T17:44:36","guid":{"rendered":"https:\/\/redfoxlotto.com\/?page_id=4650"},"modified":"2025-12-16T14:08:38","modified_gmt":"2025-12-16T14:08:38","slug":"eurojackpot","status":"publish","type":"page","link":"https:\/\/redfoxlotto.com\/fr\/jouer\/eurojackpot\/","title":{"rendered":"Jouer \u00e0 l&rsquo;Eurojackpot"},"content":{"rendered":"<p><script type=\"application\/ld+json\">\n{\n  \"@context\": \"https:\/\/schema.org\",\n  \"@type\": \"Service\",\n  \"name\": \"Jouez \u00e0 Eurojackpot en ligne\",\n  \"url\": \"https:\/\/redfoxlotto.com\/fr\/jouer\/eurojackpot\/\",\n  \"description\": \"Jouez \u00e0 la loterie Eurojackpot en ligne depuis n\u2019importe quel pays. Visitez RedFoxLotto, choisissez vos num\u00e9ros et obtenez vos billets.\",\n  \"serviceType\": \"Service de livraison de billets de loterie en ligne\",\n  \"provider\": {\n    \"@type\": \"Organization\",\n    \"name\": \"RedFoxLotto\",\n    \"url\": \"https:\/\/redfoxlotto.com\/fr\/\",\n    \"image\": \"https:\/\/redfoxlotto.com\/wp-content\/uploads\/2025\/12\/ticket_scans.jpg\",\n    \"sameAs\": []\n  },\n  \"areaServed\": \"Worldwide\",\n  \"termsOfService\": \"https:\/\/redfoxlotto.com\/terms-and-conditions\",\n  \"additionalProperty\": {\n    \"@type\": \"PropertyValue\",\n    \"name\": \"FAQ\",\n    \"value\": \"https:\/\/redfoxlotto.com\/fr\/faq\/\"\n  },\n  \"hasOfferCatalog\": {\n    \"@type\": \"OfferCatalog\",\n    \"name\": \"Billets Eurojackpot\",\n    \"itemListElement\": [\n      {\n        \"@type\": \"Offer\",\n        \"name\": \"Billets Eurojackpot\",\n        \"url\": \"https:\/\/redfoxlotto.com\/fr\/jouer\/eurojackpot\/\",\n        \"description\": \"Cliquez ici pour s\u00e9lectionner vos num\u00e9ros pour le prochain tirage Eurojackpot \u2013 commandez vos billets en ligne.\",\n        \"price\": 6.00,\n        \"priceCurrency\": \"EUR\",\n        \"availability\": \"https:\/\/schema.org\/InStock\",\n        \"itemOffered\": {\n          \"@type\": \"Service\",\n          \"name\": \"Billets Eurojackpot\",\n          \"description\": \"Participez au prochain tirage Eurojackpot via RedFoxLotto.\"\n        }\n      }\n    ]\n  },\n  \"mainEntityOfPage\": {\n    \"@type\": \"WebPage\",\n    \"@id\": \"https:\/\/redfoxlotto.com\/fr\/jouer\/eurojackpot\/\"\n  }\n}\n<\/script><\/p>\n<h2>Comment participer \u00e0 l&rsquo;Eurojackpot depuis la France<\/h2>\n<p>Vous avez peut-\u00eatre entendu parler de l&rsquo;Eurojackpot Lotto, que vous viviez actuellement dans l&rsquo;un des pays europ\u00e9ens o\u00f9 il est jou\u00e9 ou non. Il s&rsquo;agit d&rsquo;une loterie qui a d\u00e9but\u00e9 en 2012 et \u00e0 laquelle participent 19 pays europ\u00e9ens. Mais si vous vivez en France ou dans un autre pays qui ne figure pas sur la liste des participants, vous n&rsquo;avez aucun moyen d&rsquo;obtenir un billet pour l&rsquo;Eurojackpot de mani\u00e8re traditionnelle.<\/p>\n<p>Cela signifie qu&rsquo;il y a peu de temps encore, vous n&rsquo;auriez pas pu jouer, et cela ne vous permettra certainement pas d&rsquo;acc\u00e9der \u00e0 ce nouveau jackpot, n&rsquo;est-ce pas ? Eh bien, vous pouvez d\u00e9sormais jouer \u00e0 l&rsquo;Eurojackpot en ligne.<\/p>\n<h2>Internet \u00e0 la rescousse<\/h2>\n<p><img loading=\"lazy\" decoding=\"async\" class=\" wp-image alignright\" src=\"https:\/\/redfoxlotto.org\/wp-content\/uploads\/2023\/04\/lotto-online-495x329-1-282x300-1.jpg\" alt=\"Jouer \u00e0 l'Eurojackpot en ligne\" width=\"174\" height=\"372\" \/>La solution pour les amateurs de loto de France et d&rsquo;ailleurs est fournie par notre site Internet. Outre l&rsquo;Eurojackpot, nous vous donnons acc\u00e8s \u00e0 un certain nombre de loteries internationales. Nous offrons un service de messagerie pour les billets de loterie des loteries ayant les plus gros jackpots dans le monde entier. La plupart de ces loteries, si ce n&rsquo;est toutes, ne vous seraient pas accessibles autrement, mais nous vous couvrons !<\/p>\n<h2>Pourquoi jouer \u00e0 Eurojackpot ?<\/h2>\n<p>Apr\u00e8s tout, nous savons que les gens du monde entier veulent vraiment avoir une chance de jouer et de gagner ces gros jackpots plut\u00f4t que de n&rsquo;avoir acc\u00e8s qu&rsquo;aux jackpots de leurs propres jeux de loterie nationaux.<\/p>\n<p>Il vous suffit de faire votre choix dans notre liste de loteries. Nous proposons certaines des loteries les plus populaires du monde entier. Vous pouvez ainsi jeter un coup d&rsquo;\u0153il, voir ce que chaque loterie a \u00e0 offrir et d\u00e9cider de celles qui vous int\u00e9ressent le plus.<\/p>\n<p>Choisissez ensuite vos num\u00e9ros manuellement ou laissez notre g\u00e9n\u00e9rateur de num\u00e9ros al\u00e9atoires le faire pour vous (fonction \u00ab\u00a0Quick Pick\u00a0\u00bb). Vous pouvez m\u00eame combiner les deux, en s\u00e9lectionnant quelques num\u00e9ros, puis en ajoutant au hasard les autres num\u00e9ros dont vous avez besoin pour remplir vos billets. De cette fa\u00e7on, vous pouvez obtenir certains des num\u00e9ros que vous savez vouloir et vous pouvez toujours remplir une carte si vous ne connaissez pas tous les num\u00e9ros que vous voulez.<\/p>\n<p>Ajoutez d&rsquo;autres tickets si vous le souhaitez et m\u00e9langez diff\u00e9rentes loteries. Cela vous aidera \u00e0 augmenter vos chances parce que vous jouez \u00e0 plusieurs jeux diff\u00e9rents en m\u00eame temps. Vous pouvez m\u00eame faire ce qui est tr\u00e8s populaire parmi nos clients, \u00e0 savoir jouer les m\u00eames num\u00e9ros sur plusieurs loteries.<\/p>\n<p>Pour certains, c&rsquo;est un excellent moyen d&rsquo;augmenter leurs chances, car il faut bien que ces num\u00e9ros sortent \u00e0 un moment ou \u00e0 un autre, n&rsquo;est-ce pas ? Il doit y avoir un moyen de faire gagner ces num\u00e9ros.<\/p>\n<p>Une fois que vous avez tous les billets que vous voulez, vous pouvez utiliser l&rsquo;une de nos multiples options de paiement s\u00e9curis\u00e9 pour acheter vos billets. Vous avez le choix entre de nombreux moyens diff\u00e9rents, de sorte que vous puissiez trouver celui qui vous convient le mieux pour d\u00e9poser de l&rsquo;argent et en retirer. Nous utilisons \u00e0 peu pr\u00e8s toutes les plateformes les plus populaires.<\/p>\n<p>N&rsquo;oubliez pas de d\u00e9terminer le nombre de tirages auxquels vous souhaitez participer. C&rsquo;est important, notamment parce que le jackpot actuel peut ne pas \u00eatre remport\u00e9 lors du prochain tirage. Vous ne voudriez pas manquer votre chance de gagner encore plus gros lors du tirage suivant, n&rsquo;est-ce pas ?<\/p>\n<h2>Que se passe-t-il alors ?<\/h2>\n<p><img decoding=\"async\" class=\" wp-image alignright\" src=\"https:\/\/redfoxlotto.org\/wp-content\/uploads\/2023\/04\/misc_euro_bills.jpg\" alt=\"gagner \u00e0 l'Eurojackpot\" width=\"250&quot;\" height=\"125\" \/>Eh bien, c&rsquo;est en fait tr\u00e8s simple lorsque vous jouez \u00e0 Eurojackpot en ligne. Nous avons un r\u00e9seau d&rsquo;agents qui ach\u00e8teront les billets de loterie Eurojackpot avec les sp\u00e9cifications que vous avez choisies. Dans votre compte client sur RedFoxLotto.com, vous verrez la confirmation de votre achat. Bien s\u00fbr, vous recevrez \u00e9galement la confirmation par e-mail. Cela signifie que vous pouvez \u00eatre s\u00fbr que tout se passe comme vous l&rsquo;aviez pr\u00e9vu et que vos billets sont pr\u00eats et attendent le tirage du jeu.<\/p>\n<p>Vous n&rsquo;aurez plus \u00e0 vous soucier de rien, car nous vous tiendrons au courant des tirages au sort, au cas o\u00f9 vous auriez oubli\u00e9 de quel jour il s&rsquo;agit.<\/p>\n<p>Et vous recevrez un autre e-mail de notification si l&rsquo;un de vos tickets a gagn\u00e9. Tant que vos gains ne d\u00e9passent pas 2500 \u20ac, ils seront imm\u00e9diatement cr\u00e9dit\u00e9s sur votre compte client. Vous pouvez soit vous les faire payer sur le compte que vous avez choisi, soit utiliser les fonds pour acheter d&rsquo;autres tickets. Il vous sera donc tr\u00e8s facile de faire votre propre choix, n&rsquo;est-ce pas ? Pour les gains plus importants, notre service client\u00e8le vous contactera et g\u00e9rera un paiement direct pour vous.<\/p>\n<h2>Sp\u00e9cificit\u00e9s du jeu Eurojackpot<\/h2>\n<section class=\"layout\" style=\"border: solid 1px; width: 100%;\">\n<div class=\"img-div\" style=\"margin-top: 5px;\"><img decoding=\"async\" class=\"wp-image-17212 alignleft\" style=\"height: 45px; margin: 8px 8px 0px;\" src=\"https:\/\/redfoxlotto.com\/wp-content\/uploads\/sites\/9\/read1.jpg\" alt=\"acheter de la loterie en ligne\" width=\"\" height=\"\" \/><\/div>\n<div style=\"padding-left: 5px;\">\n<div style=\"font-size: 1.1em;\">\n<p><strong>M\u00e9fiez-vous des arnaques \u00e0 la loterie en ligne<\/strong><\/p>\n<p style=\"font-size: 0.8em; margin-top: -1.5em;\">Comment d\u00e9tecter une arnaque \u00e0 la loterie en ligne et quelles sont ses intentions ?<a href=\"https:\/\/redfoxlotto.com\/fr\/quelle-heure-tirage-powerball-mega-millions-television\/\">En savoir plus<\/a><\/p>\n<\/div>\n<\/div>\n<\/section>\n<p>Si vous voulez jouer \u00e0 l&rsquo;Eurojackpot, vous devez savoir comment vous allez le faire. C&rsquo;est tr\u00e8s simple. Sur votre ticket, vous devez choisir cinq num\u00e9ros entre 1 et 50, plus deux num\u00e9ros entre 1 et 12. Les jackpots commencent \u00e0 un minimum de 10 millions d&rsquo;euros. Cette loterie se distingue de la plupart des autres par un aspect particulier. Lorsque le jackpot atteint 120 millions d&rsquo;euros, il est plafonn\u00e9.<\/p>\n<p>Cela signifie que tout l&rsquo;argent qui serait normalement ajout\u00e9 au jackpot sera ajout\u00e9 au niveau du prix de deuxi\u00e8me niveau. Pour gagner ce prix, il suffit que 5 num\u00e9ros plus 1 figurent sur votre billet. Vos chances de gagner ce prix sont \u00e9videmment multipli\u00e9es par 12, par rapport \u00e0 vos chances de gagner le jackpot avec 5 plus 2 num\u00e9ros !<\/p>\n<p>En d&rsquo;autres termes, si le jackpot atteint le montant maximum, vous avez une deuxi\u00e8me chance de remporter un gros lot. Le deuxi\u00e8me niveau est plus facile \u00e0 gagner et les num\u00e9ros vont commencer \u00e0 augmenter. Cela va certainement augmenter vos chances de gagner ce gros lot, n&rsquo;est-ce pas ?<\/p>\n<p>Cela signifie que, m\u00eame si le jackpot sera un peu plus petit lorsqu&rsquo;il sera atteint, vous voudrez quand m\u00eame prendre l&rsquo;un de ces billets parce que vous aurez une grande chance d&rsquo;y arriver \u00e0 long terme lorsque vous ach\u00e8terez l&rsquo;Eurojackpot en ligne.<\/p>\n<p><strong>Commencez d\u00e8s maintenant \u00e0 jouer aux loteries internationales &#8211; achetez des billets Eurojackpot d\u00e8s aujourd&rsquo;hui !<\/strong><\/p>\n","protected":false},"excerpt":{"rendered":"<p>Comment participer \u00e0 l&rsquo;Eurojackpot depuis la France Vous avez peut-\u00eatre entendu parler de l&rsquo;Eurojackpot Lotto, que vous viviez actuellement dans l&rsquo;un des pays europ\u00e9ens o\u00f9 il est jou\u00e9 ou non. Il s&rsquo;agit d&rsquo;une loterie qui a d\u00e9but\u00e9 en 2012 et \u00e0 laquelle participent 19 pays europ\u00e9ens. Mais si vous vivez en France ou dans un [&hellip;]<\/p>\n","protected":false},"author":1,"featured_media":0,"parent":1498,"menu_order":4,"comment_status":"closed","ping_status":"closed","template":"eurojackpot.php","meta":{"_et_pb_use_builder":"","_et_pb_old_content":"","_et_gb_content_width":"","exclude_from_search":false,"footnotes":""},"class_list":["post-1499","page","type-page","status-publish","hentry"],"yoast_head":"<!-- This site is optimized with the Yoast SEO plugin v27.3 - https:\/\/yoast.com\/product\/yoast-seo-wordpress\/ -->\n<title>Jouer \u00e0 l&#039;Eurojackpot en ligne | Comment les r\u00e9sidents de la France obtiennent-ils des billets Eurojackpot ?<\/title>\n<meta name=\"description\" content=\"Acc\u00e9dez \u00e0 l&#039;Eurojackpot d\u00e8s maintenant - quel que soit votre pays d&#039;origine, jouez \u00e0 l&#039;Eurojackpot et \u00e0 d&#039;autres loteries internationales en ligne.\" \/>\n<meta name=\"robots\" content=\"index, follow, max-snippet:-1, max-image-preview:large, max-video-preview:-1\" \/>\n<link rel=\"canonical\" href=\"https:\/\/redfoxlotto.com\/fr\/jouer\/eurojackpot\/\" \/>\n<meta property=\"og:locale\" content=\"fr_FR\" \/>\n<meta property=\"og:type\" content=\"article\" \/>\n<meta property=\"og:title\" content=\"Jouer \u00e0 l&#039;Eurojackpot en ligne | Comment les r\u00e9sidents de la France obtiennent-ils des billets Eurojackpot ?\" \/>\n<meta property=\"og:description\" content=\"Acc\u00e9dez \u00e0 l&#039;Eurojackpot d\u00e8s maintenant - quel que soit votre pays d&#039;origine, jouez \u00e0 l&#039;Eurojackpot et \u00e0 d&#039;autres loteries internationales en ligne.\" \/>\n<meta property=\"og:url\" content=\"https:\/\/redfoxlotto.com\/fr\/jouer\/eurojackpot\/\" \/>\n<meta property=\"og:site_name\" content=\"Get Tickets for the World\u2019s largest jackpots\" \/>\n<meta property=\"article:modified_time\" content=\"2025-12-16T14:08:38+00:00\" \/>\n<meta property=\"og:image\" content=\"https:\/\/redfoxlotto.org\/wp-content\/uploads\/2023\/04\/lotto-online-495x329-1-282x300-1.jpg\" \/>\n<meta name=\"twitter:card\" content=\"summary_large_image\" \/>\n<meta name=\"twitter:label1\" content=\"Dur\u00e9e de lecture estim\u00e9e\" \/>\n\t<meta name=\"twitter:data1\" content=\"6 minutes\" \/>\n<script type=\"application\/ld+json\" class=\"yoast-schema-graph\">{\"@context\":\"https:\\\/\\\/schema.org\",\"@graph\":[{\"@type\":\"WebPage\",\"@id\":\"https:\\\/\\\/redfoxlotto.com\\\/fr\\\/jouer\\\/eurojackpot\\\/\",\"url\":\"https:\\\/\\\/redfoxlotto.com\\\/fr\\\/jouer\\\/eurojackpot\\\/\",\"name\":\"Jouer \u00e0 l'Eurojackpot en ligne | Comment les r\u00e9sidents de la France obtiennent-ils des billets Eurojackpot ?\",\"isPartOf\":{\"@id\":\"https:\\\/\\\/redfoxlotto.com\\\/fr\\\/#website\"},\"primaryImageOfPage\":{\"@id\":\"https:\\\/\\\/redfoxlotto.com\\\/fr\\\/jouer\\\/eurojackpot\\\/#primaryimage\"},\"image\":{\"@id\":\"https:\\\/\\\/redfoxlotto.com\\\/fr\\\/jouer\\\/eurojackpot\\\/#primaryimage\"},\"thumbnailUrl\":\"https:\\\/\\\/redfoxlotto.org\\\/wp-content\\\/uploads\\\/2023\\\/04\\\/lotto-online-495x329-1-282x300-1.jpg\",\"datePublished\":\"2023-04-24T17:44:36+00:00\",\"dateModified\":\"2025-12-16T14:08:38+00:00\",\"description\":\"Acc\u00e9dez \u00e0 l'Eurojackpot d\u00e8s maintenant - quel que soit votre pays d'origine, jouez \u00e0 l'Eurojackpot et \u00e0 d'autres loteries internationales en ligne.\",\"breadcrumb\":{\"@id\":\"https:\\\/\\\/redfoxlotto.com\\\/fr\\\/jouer\\\/eurojackpot\\\/#breadcrumb\"},\"inLanguage\":\"fr-FR\",\"potentialAction\":[{\"@type\":\"ReadAction\",\"target\":[\"https:\\\/\\\/redfoxlotto.com\\\/fr\\\/jouer\\\/eurojackpot\\\/\"]}]},{\"@type\":\"ImageObject\",\"inLanguage\":\"fr-FR\",\"@id\":\"https:\\\/\\\/redfoxlotto.com\\\/fr\\\/jouer\\\/eurojackpot\\\/#primaryimage\",\"url\":\"https:\\\/\\\/redfoxlotto.org\\\/wp-content\\\/uploads\\\/2023\\\/04\\\/lotto-online-495x329-1-282x300-1.jpg\",\"contentUrl\":\"https:\\\/\\\/redfoxlotto.org\\\/wp-content\\\/uploads\\\/2023\\\/04\\\/lotto-online-495x329-1-282x300-1.jpg\"},{\"@type\":\"BreadcrumbList\",\"@id\":\"https:\\\/\\\/redfoxlotto.com\\\/fr\\\/jouer\\\/eurojackpot\\\/#breadcrumb\",\"itemListElement\":[{\"@type\":\"ListItem\",\"position\":1,\"name\":\"Home\",\"item\":\"https:\\\/\\\/redfoxlotto.com\\\/fr\\\/\"},{\"@type\":\"ListItem\",\"position\":2,\"name\":\"Comment jouer au loto en ligne\",\"item\":\"https:\\\/\\\/redfoxlotto.com\\\/fr\\\/jouer\\\/\"},{\"@type\":\"ListItem\",\"position\":3,\"name\":\"Jouer \u00e0 l&rsquo;Eurojackpot\"}]},{\"@type\":\"WebSite\",\"@id\":\"https:\\\/\\\/redfoxlotto.com\\\/fr\\\/#website\",\"url\":\"https:\\\/\\\/redfoxlotto.com\\\/fr\\\/\",\"name\":\"Get Tickets for the World\u2019s largest jackpots\",\"description\":\"Participate in worldwide lottery jackpots from any country\",\"publisher\":{\"@id\":\"https:\\\/\\\/redfoxlotto.com\\\/fr\\\/#organization\"},\"potentialAction\":[{\"@type\":\"SearchAction\",\"target\":{\"@type\":\"EntryPoint\",\"urlTemplate\":\"https:\\\/\\\/redfoxlotto.com\\\/fr\\\/?s={search_term_string}\"},\"query-input\":{\"@type\":\"PropertyValueSpecification\",\"valueRequired\":true,\"valueName\":\"search_term_string\"}}],\"inLanguage\":\"fr-FR\"},{\"@type\":\"Organization\",\"@id\":\"https:\\\/\\\/redfoxlotto.com\\\/fr\\\/#organization\",\"name\":\"Get Tickets for the World\u2019s largest jackpots\",\"url\":\"https:\\\/\\\/redfoxlotto.com\\\/fr\\\/\",\"logo\":{\"@type\":\"ImageObject\",\"inLanguage\":\"fr-FR\",\"@id\":\"https:\\\/\\\/redfoxlotto.com\\\/fr\\\/#\\\/schema\\\/logo\\\/image\\\/\",\"url\":\"https:\\\/\\\/redfoxlotto.com\\\/wp-content\\\/uploads\\\/2023\\\/04\\\/logo.png\",\"contentUrl\":\"https:\\\/\\\/redfoxlotto.com\\\/wp-content\\\/uploads\\\/2023\\\/04\\\/logo.png\",\"width\":269,\"height\":53,\"caption\":\"Get Tickets for the World\u2019s largest jackpots\"},\"image\":{\"@id\":\"https:\\\/\\\/redfoxlotto.com\\\/fr\\\/#\\\/schema\\\/logo\\\/image\\\/\"}}]}<\/script>\n<!-- \/ Yoast SEO plugin. -->","yoast_head_json":{"title":"Jouer \u00e0 l'Eurojackpot en ligne | Comment les r\u00e9sidents de la France obtiennent-ils des billets Eurojackpot ?","description":"Acc\u00e9dez \u00e0 l'Eurojackpot d\u00e8s maintenant - quel que soit votre pays d'origine, jouez \u00e0 l'Eurojackpot et \u00e0 d'autres loteries internationales en ligne.","robots":{"index":"index","follow":"follow","max-snippet":"max-snippet:-1","max-image-preview":"max-image-preview:large","max-video-preview":"max-video-preview:-1"},"canonical":"https:\/\/redfoxlotto.com\/fr\/jouer\/eurojackpot\/","og_locale":"fr_FR","og_type":"article","og_title":"Jouer \u00e0 l'Eurojackpot en ligne | Comment les r\u00e9sidents de la France obtiennent-ils des billets Eurojackpot ?","og_description":"Acc\u00e9dez \u00e0 l'Eurojackpot d\u00e8s maintenant - quel que soit votre pays d'origine, jouez \u00e0 l'Eurojackpot et \u00e0 d'autres loteries internationales en ligne.","og_url":"https:\/\/redfoxlotto.com\/fr\/jouer\/eurojackpot\/","og_site_name":"Get Tickets for the World\u2019s largest jackpots","article_modified_time":"2025-12-16T14:08:38+00:00","og_image":[{"url":"https:\/\/redfoxlotto.org\/wp-content\/uploads\/2023\/04\/lotto-online-495x329-1-282x300-1.jpg","type":"","width":"","height":""}],"twitter_card":"summary_large_image","twitter_misc":{"Dur\u00e9e de lecture estim\u00e9e":"6 minutes"},"schema":{"@context":"https:\/\/schema.org","@graph":[{"@type":"WebPage","@id":"https:\/\/redfoxlotto.com\/fr\/jouer\/eurojackpot\/","url":"https:\/\/redfoxlotto.com\/fr\/jouer\/eurojackpot\/","name":"Jouer \u00e0 l'Eurojackpot en ligne | Comment les r\u00e9sidents de la France obtiennent-ils des billets Eurojackpot ?","isPartOf":{"@id":"https:\/\/redfoxlotto.com\/fr\/#website"},"primaryImageOfPage":{"@id":"https:\/\/redfoxlotto.com\/fr\/jouer\/eurojackpot\/#primaryimage"},"image":{"@id":"https:\/\/redfoxlotto.com\/fr\/jouer\/eurojackpot\/#primaryimage"},"thumbnailUrl":"https:\/\/redfoxlotto.org\/wp-content\/uploads\/2023\/04\/lotto-online-495x329-1-282x300-1.jpg","datePublished":"2023-04-24T17:44:36+00:00","dateModified":"2025-12-16T14:08:38+00:00","description":"Acc\u00e9dez \u00e0 l'Eurojackpot d\u00e8s maintenant - quel que soit votre pays d'origine, jouez \u00e0 l'Eurojackpot et \u00e0 d'autres loteries internationales en ligne.","breadcrumb":{"@id":"https:\/\/redfoxlotto.com\/fr\/jouer\/eurojackpot\/#breadcrumb"},"inLanguage":"fr-FR","potentialAction":[{"@type":"ReadAction","target":["https:\/\/redfoxlotto.com\/fr\/jouer\/eurojackpot\/"]}]},{"@type":"ImageObject","inLanguage":"fr-FR","@id":"https:\/\/redfoxlotto.com\/fr\/jouer\/eurojackpot\/#primaryimage","url":"https:\/\/redfoxlotto.org\/wp-content\/uploads\/2023\/04\/lotto-online-495x329-1-282x300-1.jpg","contentUrl":"https:\/\/redfoxlotto.org\/wp-content\/uploads\/2023\/04\/lotto-online-495x329-1-282x300-1.jpg"},{"@type":"BreadcrumbList","@id":"https:\/\/redfoxlotto.com\/fr\/jouer\/eurojackpot\/#breadcrumb","itemListElement":[{"@type":"ListItem","position":1,"name":"Home","item":"https:\/\/redfoxlotto.com\/fr\/"},{"@type":"ListItem","position":2,"name":"Comment jouer au loto en ligne","item":"https:\/\/redfoxlotto.com\/fr\/jouer\/"},{"@type":"ListItem","position":3,"name":"Jouer \u00e0 l&rsquo;Eurojackpot"}]},{"@type":"WebSite","@id":"https:\/\/redfoxlotto.com\/fr\/#website","url":"https:\/\/redfoxlotto.com\/fr\/","name":"Get Tickets for the World\u2019s largest jackpots","description":"Participate in worldwide lottery jackpots from any country","publisher":{"@id":"https:\/\/redfoxlotto.com\/fr\/#organization"},"potentialAction":[{"@type":"SearchAction","target":{"@type":"EntryPoint","urlTemplate":"https:\/\/redfoxlotto.com\/fr\/?s={search_term_string}"},"query-input":{"@type":"PropertyValueSpecification","valueRequired":true,"valueName":"search_term_string"}}],"inLanguage":"fr-FR"},{"@type":"Organization","@id":"https:\/\/redfoxlotto.com\/fr\/#organization","name":"Get Tickets for the World\u2019s largest jackpots","url":"https:\/\/redfoxlotto.com\/fr\/","logo":{"@type":"ImageObject","inLanguage":"fr-FR","@id":"https:\/\/redfoxlotto.com\/fr\/#\/schema\/logo\/image\/","url":"https:\/\/redfoxlotto.com\/wp-content\/uploads\/2023\/04\/logo.png","contentUrl":"https:\/\/redfoxlotto.com\/wp-content\/uploads\/2023\/04\/logo.png","width":269,"height":53,"caption":"Get Tickets for the World\u2019s largest jackpots"},"image":{"@id":"https:\/\/redfoxlotto.com\/fr\/#\/schema\/logo\/image\/"}}]}},"_links":{"self":[{"href":"https:\/\/redfoxlotto.com\/fr\/wp-json\/wp\/v2\/pages\/1499","targetHints":{"allow":["GET"]}}],"collection":[{"href":"https:\/\/redfoxlotto.com\/fr\/wp-json\/wp\/v2\/pages"}],"about":[{"href":"https:\/\/redfoxlotto.com\/fr\/wp-json\/wp\/v2\/types\/page"}],"author":[{"embeddable":true,"href":"https:\/\/redfoxlotto.com\/fr\/wp-json\/wp\/v2\/users\/1"}],"replies":[{"embeddable":true,"href":"https:\/\/redfoxlotto.com\/fr\/wp-json\/wp\/v2\/comments?post=1499"}],"version-history":[{"count":0,"href":"https:\/\/redfoxlotto.com\/fr\/wp-json\/wp\/v2\/pages\/1499\/revisions"}],"up":[{"embeddable":true,"href":"https:\/\/redfoxlotto.com\/fr\/wp-json\/wp\/v2\/pages\/1498"}],"wp:attachment":[{"href":"https:\/\/redfoxlotto.com\/fr\/wp-json\/wp\/v2\/media?parent=1499"}],"curies":[{"name":"wp","href":"https:\/\/api.w.org\/{rel}","templated":true}]}}