{"id":1498,"date":"2023-04-24T14:10:57","date_gmt":"2023-04-24T14:10:57","guid":{"rendered":"https:\/\/redfoxlotto.com\/?page_id=4648"},"modified":"2025-12-15T18:30:13","modified_gmt":"2025-12-15T18:30:13","slug":"jouer","status":"publish","type":"page","link":"https:\/\/redfoxlotto.com\/fr\/jouer\/","title":{"rendered":"Comment jouer au loto en ligne"},"content":{"rendered":"<p><script type=\"application\/ld+json\">\n{\n  \"@context\": \"https:\/\/schema.org\",\n  \"@type\": \"Service\",\n  \"name\": \"Jouez aux loteries internationales en ligne\",\n  \"url\": \"https:\/\/redfoxlotto.com\/fr\/jouer\/\",\n  \"description\": \"Jouez \u00e0 la loterie en ligne et gagnez des jackpots de loterie internationaux.\",\n  \"serviceType\": \"Service de messagerie de billets de loterie en ligne\",\n  \"provider\": {\n    \"@type\": \"Organization\",\n    \"name\": \"RedFoxLotto\",\n    \"url\": \"https:\/\/redfoxlotto.com\/fr\/jouer\/\",\n    \"image\": \"https:\/\/redfoxlotto.com\/wp-content\/uploads\/2025\/12\/ticket_scans.jpg\"\n  },\n  \"areaServed\": \"Dans le monde entier\",\n  \"termsOfService\": \"https:\/\/redfoxlotto.com\/terms-and-conditions\",\n  \"additionalProperty\": {\n    \"@type\": \"PropertyValue\",\n    \"name\": \"FAQ\",\n    \"value\": \"https:\/\/redfoxlotto.com\/fr\/faq\/\"\n  },\n  \"hasOfferCatalog\": {\n    \"@type\": \"OfferCatalog\",\n    \"name\": \"Billets de loterie internationaux\",\n    \"itemListElement\": [\n      {\n        \"@type\": \"Offer\",\n        \"name\": \"Billets de loterie internationaux\",\n        \"url\": \"https:\/\/redfoxlotto.com\/fr\/jouer\/\",\n        \"description\": \"Jouez aux loteries internationales en ligne. Des jackpots comme Powerball, Mega Millions et Euromillions \u2014 gagnez o\u00f9 que vous soyez.\",\n        \"availability\": \"https:\/\/schema.org\/InStock\",\n        \"itemOffered\": {\n          \"@type\": \"Service\",\n          \"name\": \"Billets de loterie internationaux\",\n          \"description\": \"Jouer aux loteries internationales en ligne vous offre plus d\u2019options et de meilleures chances de gagner.\"\n        }\n      }\n    ]\n  },\n  \"mainEntityOfPage\": {\n    \"@type\": \"WebPage\",\n    \"@id\": \"https:\/\/redfoxlotto.com\/fr\/jouer\/\"\n  }\n}\n<\/script><\/p>\n<h2>Plus de loteries et de jackpots pour que tout le monde puisse jouer !<\/h2>\n<p>Bonne nouvelle pour tous les fans du Loto du monde entier ! Vous n&rsquo;\u00eates plus limit\u00e9 \u00e0 votre loterie nationale. Auparavant, <a href=\"https:\/\/redfoxlotto.com\/fr\/jouer\/\">l&rsquo;acc\u00e8s aux loteries internationales<\/a> vous \u00e9tait refus\u00e9. Vous ne pouviez pas vous acheter de billets de loterie pour ces jackpots dans votre pays. Mais Internet a r\u00e9solu ce probl\u00e8me. Ici, sur RedFoxLotto.com, vous pouvez maintenant jouer \u00e0 un certain nombre de loteries internationales en ligne.<\/p>\n<h2>Achat de vos billets de loto<\/h2>\n<p><a href=\"https:\/\/redfoxlotto.com\/fr\/\">RedFoxLotto.com<\/a> est votre <strong>service de messagerie pour les billets de loterie<\/strong>. Nous avons des agents dans de nombreux pays o\u00f9 se d\u00e9roulent les grandes loteries. Ces agents ach\u00e8tent des billets localement pour nos clients. Vous, le client, pouvez commander vos billets chez nous en ligne. Bien s\u00fbr, vous pouvez choisir vos propres num\u00e9ros. Vous d\u00e9terminez \u00e9galement le nombre de combinaisons de num\u00e9ros que vous souhaitez jouer et le nombre de tirages pour lesquels votre billet doit \u00eatre valable. Le paiement est effectu\u00e9 en ligne, par exemple par carte de cr\u00e9dit.<\/p>\n<h2>Quels jeux jouer ?<\/h2>\n<p>Bien s\u00fbr, vous pouvez \u00e9galement participer \u00e0 plus d&rsquo;une loterie internationale en m\u00eame temps. Nous vous recommandons de choisir le plus gros jackpot \u00e0 un moment donn\u00e9, ou les deux plus gros, voire plus. Par exemple, assez souvent, Powerball US et Megamillions US ont des jackpots gigantesques en m\u00eame temps. Les jackpots atteignent r\u00e9guli\u00e8rement 500 millions de dollars aux \u00c9tats-Unis. Il y a m\u00eame eu des jackpots de plus de 1,5 milliard de dollars dans le pass\u00e9.<\/p>\n<p>Ces deux loteries sont parmi les plus grandes au monde. Une option tr\u00e8s populaire consiste \u00e0 <strong>jouer les m\u00eames num\u00e9ros dans plusieurs loteries<\/strong> la m\u00eame semaine. Si vous ne gagnez pas \u00e0 une loterie, peut-\u00eatre que vos num\u00e9ros auront de la chance dans l\u2019autre ? Ceci est un moyen intelligent d&rsquo;augmenter les chances de gagner vos num\u00e9ros pr\u00e9f\u00e9r\u00e9s. Cette m\u00e9thode rend le jeu du loto encore plus excitant !<\/p>\n<h2>Pourquoi jouer au loto international ?<\/h2>\n<p><img loading=\"lazy\" decoding=\"async\" class=\"size-full alignright\" src=\"https:\/\/content.redfoxlotto.com\/uploads\/sites\/9\/1_playing_lottery_online.jpg\" alt=\"jouer la loterie\" width=\"200\" height=\"140\" \/>Quiconque joue au loto international utilise ses fonds de mani\u00e8re plus intelligente. Certains joueurs de loterie ach\u00e8tent des billets pour la loterie nationale semaine apr\u00e8s semaine, peu importe la valeur du jackpot. Les math\u00e9matiques et la logique vous disent qu&rsquo;il vaut mieux acheter un billet pour une <a href=\"https:\/\/redfoxlotto.com\/fr\/loterie\/\">loterie<\/a> avec un jackpot de 200 millions de dollars que pour un billet dot\u00e9 de 2 millions de lot. Cela est vrai m\u00eame si le prix du billet en ligne est sup\u00e9rieur au prix du billet de votre loterie locale.<\/p>\n<p>Bien s\u00fbr, pour notre service, nous devons facturer un prix plus \u00e9lev\u00e9 car nous avons des d\u00e9penses. Nous voulons aussi gagner de l&rsquo;argent. Mais supposons que le billet de loterie en ligne vienne au prix de 4,50 &#8211; 5,00 \u20ac et avec un jackpot de 200 millions. Pour le loto national, vous payez 2,00 \u20ac et avez un jackpot de 10 millions. Lequel est mieux et le plus logique ? Eh bien, la r\u00e9ponse \u00e0 cette question est probablement \u00e9vidente.<\/p>\n<h2>Comment vous \u00eates pay\u00e9<\/h2>\n<p><img loading=\"lazy\" decoding=\"async\" class=\"size-full alignright\" src=\"https:\/\/content.redfoxlotto.com\/uploads\/sites\/9\/1_mega_lotto_jackpot.jpg\" alt=\"payez  en ligne \" width=\"170\" height=\"200\" \/>RedFoxLotto.com s&rsquo;assure \u00e9galement que vous <a href=\"https:\/\/redfoxlotto.com\/fr\/resultats\/\">recevez vos gains<\/a>. Soit dit en passant, nous ne facturons pas de commission, \u00e0 l\u2019exception d\u2019une somme modique pr\u00e9lev\u00e9e en cas de virement bancaire. Beaucoup de nos clients ont d\u00e9j\u00e0 gagn\u00e9 des lots par notre interm\u00e9diaire. Certains d&rsquo;entre eux ont vu leur vie chang\u00e9e par le montant qu&rsquo;ils ont gagn\u00e9 !<\/p>\n<p>Ce sont les <strong>raisons pour lesquelles il devient de plus en plus populaire de jouer \u00e0 la loterie en ligne<\/strong>. Et maintenant, c&rsquo;est \u00e0 vous de craquer l&rsquo;un des m\u00e9ga-jackpots &#8211; qu&rsquo;attendez-vous ?<\/p>\n","protected":false},"excerpt":{"rendered":"<p>Plus de loteries et de jackpots pour que tout le monde puisse jouer ! Bonne nouvelle pour tous les fans du Loto du monde entier ! Vous n&rsquo;\u00eates plus limit\u00e9 \u00e0 votre loterie nationale. Auparavant, l&rsquo;acc\u00e8s aux loteries internationales vous \u00e9tait refus\u00e9. Vous ne pouviez pas vous acheter de billets de loterie pour ces jackpots [&hellip;]<\/p>\n","protected":false},"author":1,"featured_media":0,"parent":0,"menu_order":2,"comment_status":"closed","ping_status":"closed","template":"Play-all.php","meta":{"_et_pb_use_builder":"","_et_pb_old_content":"","_et_gb_content_width":"","exclude_from_search":false,"footnotes":""},"class_list":["post-1498","page","type-page","status-publish","hentry"],"yoast_head":"<!-- This site is optimized with the Yoast SEO plugin v23.8 - https:\/\/yoast.com\/wordpress\/plugins\/seo\/ -->\n<title>Jouer loterie en ligne<\/title>\n<meta name=\"description\" content=\"Ici, vous pouvez jouer toutes les plus grandes loteries du monde!\" \/>\n<meta name=\"robots\" content=\"index, follow, max-snippet:-1, max-image-preview:large, max-video-preview:-1\" \/>\n<link rel=\"canonical\" href=\"https:\/\/redfoxlotto.com\/fr\/jouer\/\" \/>\n<meta property=\"og:locale\" content=\"fr_FR\" \/>\n<meta property=\"og:type\" content=\"article\" \/>\n<meta property=\"og:title\" content=\"Jouer loterie en ligne\" \/>\n<meta property=\"og:description\" content=\"Ici, vous pouvez jouer toutes les plus grandes loteries du monde!\" \/>\n<meta property=\"og:url\" content=\"https:\/\/redfoxlotto.com\/fr\/jouer\/\" \/>\n<meta property=\"og:site_name\" content=\"Get Tickets for the World\u2019s largest jackpots\" \/>\n<meta property=\"article:modified_time\" content=\"2025-12-15T18:30:13+00:00\" \/>\n<meta property=\"og:image\" content=\"https:\/\/content.redfoxlotto.com\/uploads\/sites\/9\/1_playing_lottery_online.jpg\" \/>\n<meta name=\"twitter:card\" content=\"summary_large_image\" \/>\n<meta name=\"twitter:label1\" content=\"Dur\u00e9e de lecture estim\u00e9e\" \/>\n\t<meta name=\"twitter:data1\" content=\"3 minutes\" \/>\n<script type=\"application\/ld+json\" class=\"yoast-schema-graph\">{\"@context\":\"https:\/\/schema.org\",\"@graph\":[{\"@type\":\"WebPage\",\"@id\":\"https:\/\/redfoxlotto.com\/fr\/jouer\/\",\"url\":\"https:\/\/redfoxlotto.com\/fr\/jouer\/\",\"name\":\"Jouer loterie en ligne\",\"isPartOf\":{\"@id\":\"https:\/\/redfoxlotto.com\/fr\/#website\"},\"primaryImageOfPage\":{\"@id\":\"https:\/\/redfoxlotto.com\/fr\/jouer\/#primaryimage\"},\"image\":{\"@id\":\"https:\/\/redfoxlotto.com\/fr\/jouer\/#primaryimage\"},\"thumbnailUrl\":\"https:\/\/content.redfoxlotto.com\/uploads\/sites\/9\/1_playing_lottery_online.jpg\",\"datePublished\":\"2023-04-24T14:10:57+00:00\",\"dateModified\":\"2025-12-15T18:30:13+00:00\",\"description\":\"Ici, vous pouvez jouer toutes les plus grandes loteries du monde!\",\"breadcrumb\":{\"@id\":\"https:\/\/redfoxlotto.com\/fr\/jouer\/#breadcrumb\"},\"inLanguage\":\"fr-FR\",\"potentialAction\":[{\"@type\":\"ReadAction\",\"target\":[\"https:\/\/redfoxlotto.com\/fr\/jouer\/\"]}]},{\"@type\":\"ImageObject\",\"inLanguage\":\"fr-FR\",\"@id\":\"https:\/\/redfoxlotto.com\/fr\/jouer\/#primaryimage\",\"url\":\"https:\/\/content.redfoxlotto.com\/uploads\/sites\/9\/1_playing_lottery_online.jpg\",\"contentUrl\":\"https:\/\/content.redfoxlotto.com\/uploads\/sites\/9\/1_playing_lottery_online.jpg\"},{\"@type\":\"BreadcrumbList\",\"@id\":\"https:\/\/redfoxlotto.com\/fr\/jouer\/#breadcrumb\",\"itemListElement\":[{\"@type\":\"ListItem\",\"position\":1,\"name\":\"Home\",\"item\":\"https:\/\/redfoxlotto.com\/fr\/\"},{\"@type\":\"ListItem\",\"position\":2,\"name\":\"Comment jouer au loto en ligne\"}]},{\"@type\":\"WebSite\",\"@id\":\"https:\/\/redfoxlotto.com\/fr\/#website\",\"url\":\"https:\/\/redfoxlotto.com\/fr\/\",\"name\":\"Get Tickets for the World\u2019s largest jackpots\",\"description\":\"Participate in worldwide lottery jackpots from any country\",\"publisher\":{\"@id\":\"https:\/\/redfoxlotto.com\/fr\/#organization\"},\"potentialAction\":[{\"@type\":\"SearchAction\",\"target\":{\"@type\":\"EntryPoint\",\"urlTemplate\":\"https:\/\/redfoxlotto.com\/fr\/?s={search_term_string}\"},\"query-input\":{\"@type\":\"PropertyValueSpecification\",\"valueRequired\":true,\"valueName\":\"search_term_string\"}}],\"inLanguage\":\"fr-FR\"},{\"@type\":\"Organization\",\"@id\":\"https:\/\/redfoxlotto.com\/fr\/#organization\",\"name\":\"Get Tickets for the World\u2019s largest jackpots\",\"url\":\"https:\/\/redfoxlotto.com\/fr\/\",\"logo\":{\"@type\":\"ImageObject\",\"inLanguage\":\"fr-FR\",\"@id\":\"https:\/\/redfoxlotto.com\/fr\/#\/schema\/logo\/image\/\",\"url\":\"https:\/\/redfoxlotto.com\/wp-content\/uploads\/2023\/04\/logo.png\",\"contentUrl\":\"https:\/\/redfoxlotto.com\/wp-content\/uploads\/2023\/04\/logo.png\",\"width\":269,\"height\":53,\"caption\":\"Get Tickets for the World\u2019s largest jackpots\"},\"image\":{\"@id\":\"https:\/\/redfoxlotto.com\/fr\/#\/schema\/logo\/image\/\"}}]}<\/script>\n<!-- \/ Yoast SEO plugin. -->","yoast_head_json":{"title":"Jouer loterie en ligne","description":"Ici, vous pouvez jouer toutes les plus grandes loteries du monde!","robots":{"index":"index","follow":"follow","max-snippet":"max-snippet:-1","max-image-preview":"max-image-preview:large","max-video-preview":"max-video-preview:-1"},"canonical":"https:\/\/redfoxlotto.com\/fr\/jouer\/","og_locale":"fr_FR","og_type":"article","og_title":"Jouer loterie en ligne","og_description":"Ici, vous pouvez jouer toutes les plus grandes loteries du monde!","og_url":"https:\/\/redfoxlotto.com\/fr\/jouer\/","og_site_name":"Get Tickets for the World\u2019s largest jackpots","article_modified_time":"2025-12-15T18:30:13+00:00","og_image":[{"url":"https:\/\/content.redfoxlotto.com\/uploads\/sites\/9\/1_playing_lottery_online.jpg"}],"twitter_card":"summary_large_image","twitter_misc":{"Dur\u00e9e de lecture estim\u00e9e":"3 minutes"},"schema":{"@context":"https:\/\/schema.org","@graph":[{"@type":"WebPage","@id":"https:\/\/redfoxlotto.com\/fr\/jouer\/","url":"https:\/\/redfoxlotto.com\/fr\/jouer\/","name":"Jouer loterie en ligne","isPartOf":{"@id":"https:\/\/redfoxlotto.com\/fr\/#website"},"primaryImageOfPage":{"@id":"https:\/\/redfoxlotto.com\/fr\/jouer\/#primaryimage"},"image":{"@id":"https:\/\/redfoxlotto.com\/fr\/jouer\/#primaryimage"},"thumbnailUrl":"https:\/\/content.redfoxlotto.com\/uploads\/sites\/9\/1_playing_lottery_online.jpg","datePublished":"2023-04-24T14:10:57+00:00","dateModified":"2025-12-15T18:30:13+00:00","description":"Ici, vous pouvez jouer toutes les plus grandes loteries du monde!","breadcrumb":{"@id":"https:\/\/redfoxlotto.com\/fr\/jouer\/#breadcrumb"},"inLanguage":"fr-FR","potentialAction":[{"@type":"ReadAction","target":["https:\/\/redfoxlotto.com\/fr\/jouer\/"]}]},{"@type":"ImageObject","inLanguage":"fr-FR","@id":"https:\/\/redfoxlotto.com\/fr\/jouer\/#primaryimage","url":"https:\/\/content.redfoxlotto.com\/uploads\/sites\/9\/1_playing_lottery_online.jpg","contentUrl":"https:\/\/content.redfoxlotto.com\/uploads\/sites\/9\/1_playing_lottery_online.jpg"},{"@type":"BreadcrumbList","@id":"https:\/\/redfoxlotto.com\/fr\/jouer\/#breadcrumb","itemListElement":[{"@type":"ListItem","position":1,"name":"Home","item":"https:\/\/redfoxlotto.com\/fr\/"},{"@type":"ListItem","position":2,"name":"Comment jouer au loto en ligne"}]},{"@type":"WebSite","@id":"https:\/\/redfoxlotto.com\/fr\/#website","url":"https:\/\/redfoxlotto.com\/fr\/","name":"Get Tickets for the World\u2019s largest jackpots","description":"Participate in worldwide lottery jackpots from any country","publisher":{"@id":"https:\/\/redfoxlotto.com\/fr\/#organization"},"potentialAction":[{"@type":"SearchAction","target":{"@type":"EntryPoint","urlTemplate":"https:\/\/redfoxlotto.com\/fr\/?s={search_term_string}"},"query-input":{"@type":"PropertyValueSpecification","valueRequired":true,"valueName":"search_term_string"}}],"inLanguage":"fr-FR"},{"@type":"Organization","@id":"https:\/\/redfoxlotto.com\/fr\/#organization","name":"Get Tickets for the World\u2019s largest jackpots","url":"https:\/\/redfoxlotto.com\/fr\/","logo":{"@type":"ImageObject","inLanguage":"fr-FR","@id":"https:\/\/redfoxlotto.com\/fr\/#\/schema\/logo\/image\/","url":"https:\/\/redfoxlotto.com\/wp-content\/uploads\/2023\/04\/logo.png","contentUrl":"https:\/\/redfoxlotto.com\/wp-content\/uploads\/2023\/04\/logo.png","width":269,"height":53,"caption":"Get Tickets for the World\u2019s largest jackpots"},"image":{"@id":"https:\/\/redfoxlotto.com\/fr\/#\/schema\/logo\/image\/"}}]}},"_links":{"self":[{"href":"https:\/\/redfoxlotto.com\/fr\/wp-json\/wp\/v2\/pages\/1498","targetHints":{"allow":["GET"]}}],"collection":[{"href":"https:\/\/redfoxlotto.com\/fr\/wp-json\/wp\/v2\/pages"}],"about":[{"href":"https:\/\/redfoxlotto.com\/fr\/wp-json\/wp\/v2\/types\/page"}],"author":[{"embeddable":true,"href":"https:\/\/redfoxlotto.com\/fr\/wp-json\/wp\/v2\/users\/1"}],"replies":[{"embeddable":true,"href":"https:\/\/redfoxlotto.com\/fr\/wp-json\/wp\/v2\/comments?post=1498"}],"version-history":[{"count":0,"href":"https:\/\/redfoxlotto.com\/fr\/wp-json\/wp\/v2\/pages\/1498\/revisions"}],"wp:attachment":[{"href":"https:\/\/redfoxlotto.com\/fr\/wp-json\/wp\/v2\/media?parent=1498"}],"curies":[{"name":"wp","href":"https:\/\/api.w.org\/{rel}","templated":true}]}}