{"id":12875,"date":"2020-08-18T10:31:21","date_gmt":"2020-08-18T10:31:21","guid":{"rendered":"https:\/\/redfoxlotto.com\/?page_id=12875"},"modified":"2023-05-19T09:32:46","modified_gmt":"2023-05-19T09:32:46","slug":"set-for-life-uk","status":"publish","type":"page","link":"https:\/\/redfoxlotto.com\/fr\/resultats\/set-for-life-uk\/","title":{"rendered":"R\u00e9sultats de la loterie \u00ab\u00a0Set for life\u00a0\u00bb"},"content":{"rendered":"<h2 class=\"wp-block-heading\">Num\u00e9ros gagnants du loto \u00ab\u00a0Set for life\u00a0\u00bb<\/h2><p><img loading=\"lazy\" decoding=\"async\" class=\" wp-image alignright\" src=\"https:\/\/content.redfoxlotto.com\/uploads\/sites\/9\/1_results_winning_numbers2.jpg\" alt=\"set for life results\" width=\"235\" height=\"176\" \/><\/p><p>Les num\u00e9ros gagnants de la loterie \u00ab\u00a0Set for life\u00a0\u00bb seront publi\u00e9s sur notre site web apr\u00e8s chaque tirage. Une fois que vous aurez r\u00e9serv\u00e9 un billet pour cette loterie sur notre site, nous vous enverrons un courriel si votre billet a gagn\u00e9 quelque chose.<\/p><p>Mais vous pouvez \u00e9galement vous connecter \u00e0 votre compte et ouvrir la section o\u00f9 votre billet est stock\u00e9. Tous les num\u00e9ros que vous avez choisis et qui correspondent au r\u00e9sultat du tirage seront marqu\u00e9s, de sorte qu&rsquo;il vous sera assez facile de voir ce que vous avez gagn\u00e9.<\/p><h2 class=\"wp-block-heading\">\u00ab\u00a0Set for life\u00a0\u00bb num\u00e9ros gagnants pass\u00e9s<\/h2><p>Si vous voulez voir les num\u00e9ros des tirages pr\u00e9c\u00e9dents, vous pouvez le faire aussi. Beaucoup de nos clients utilisent cette fonction pour \u00e9viter de choisir des num\u00e9ros qui viennent d&rsquo;\u00eatre tir\u00e9s au cours des derniers jours ou des derni\u00e8res semaines.<\/p>","protected":false},"excerpt":{"rendered":"<p>Num\u00e9ros gagnants du loto \u00ab\u00a0Set for life\u00a0\u00bb Les num\u00e9ros gagnants de la loterie \u00ab\u00a0Set for life\u00a0\u00bb seront publi\u00e9s sur notre site web apr\u00e8s chaque tirage. Une fois que vous aurez r\u00e9serv\u00e9 un billet pour cette loterie sur notre site, nous vous enverrons un courriel si votre billet a gagn\u00e9 quelque chose. Mais vous pouvez \u00e9galement [&hellip;]<\/p>\n","protected":false},"author":1,"featured_media":0,"parent":1528,"menu_order":10,"comment_status":"closed","ping_status":"closed","template":"set-for-life-results.php","meta":{"_et_pb_use_builder":"","_et_pb_old_content":"","_et_gb_content_width":"","exclude_from_search":false,"footnotes":""},"class_list":["post-12875","page","type-page","status-publish","hentry"],"yoast_head":"<!-- This site is optimized with the Yoast SEO plugin v23.8 - https:\/\/yoast.com\/wordpress\/plugins\/seo\/ -->\n<title>Obtenez les r\u00e9sultats du tirage et les num\u00e9ros gagnants du loto &quot;Set for life&quot;<\/title>\n<meta name=\"description\" content=\"Consultez les r\u00e9sultats du tirage de la loterie &quot;Set for life&quot; ici\" \/>\n<meta name=\"robots\" content=\"index, follow, max-snippet:-1, max-image-preview:large, max-video-preview:-1\" \/>\n<link rel=\"canonical\" href=\"https:\/\/redfoxlotto.com\/fr\/resultats\/set-for-life-uk\/\" \/>\n<meta property=\"og:locale\" content=\"fr_FR\" \/>\n<meta property=\"og:type\" content=\"article\" \/>\n<meta property=\"og:title\" content=\"Obtenez les r\u00e9sultats du tirage et les num\u00e9ros gagnants du loto &quot;Set for life&quot;\" \/>\n<meta property=\"og:description\" content=\"Consultez les r\u00e9sultats du tirage de la loterie &quot;Set for life&quot; ici\" \/>\n<meta property=\"og:url\" content=\"https:\/\/redfoxlotto.com\/fr\/resultats\/set-for-life-uk\/\" \/>\n<meta property=\"og:site_name\" content=\"Get Tickets for the World\u2019s largest jackpots\" \/>\n<meta property=\"article:modified_time\" content=\"2023-05-19T09:32:46+00:00\" \/>\n<meta property=\"og:image\" content=\"https:\/\/content.redfoxlotto.com\/uploads\/sites\/9\/1_results_winning_numbers2.jpg\" \/>\n<meta name=\"twitter:card\" content=\"summary_large_image\" \/>\n<meta name=\"twitter:label1\" content=\"Dur\u00e9e de lecture estim\u00e9e\" \/>\n\t<meta name=\"twitter:data1\" content=\"1 minute\" \/>\n<script type=\"application\/ld+json\" class=\"yoast-schema-graph\">{\"@context\":\"https:\/\/schema.org\",\"@graph\":[{\"@type\":\"WebPage\",\"@id\":\"https:\/\/redfoxlotto.com\/fr\/resultats\/set-for-life-uk\/\",\"url\":\"https:\/\/redfoxlotto.com\/fr\/resultats\/set-for-life-uk\/\",\"name\":\"Obtenez les r\u00e9sultats du tirage et les num\u00e9ros gagnants du loto \\\"Set for life\\\"\",\"isPartOf\":{\"@id\":\"https:\/\/redfoxlotto.com\/fr\/#website\"},\"primaryImageOfPage\":{\"@id\":\"https:\/\/redfoxlotto.com\/fr\/resultats\/set-for-life-uk\/#primaryimage\"},\"image\":{\"@id\":\"https:\/\/redfoxlotto.com\/fr\/resultats\/set-for-life-uk\/#primaryimage\"},\"thumbnailUrl\":\"https:\/\/content.redfoxlotto.com\/uploads\/sites\/9\/1_results_winning_numbers2.jpg\",\"datePublished\":\"2020-08-18T10:31:21+00:00\",\"dateModified\":\"2023-05-19T09:32:46+00:00\",\"description\":\"Consultez les r\u00e9sultats du tirage de la loterie \\\"Set for life\\\" ici\",\"breadcrumb\":{\"@id\":\"https:\/\/redfoxlotto.com\/fr\/resultats\/set-for-life-uk\/#breadcrumb\"},\"inLanguage\":\"fr-FR\",\"potentialAction\":[{\"@type\":\"ReadAction\",\"target\":[\"https:\/\/redfoxlotto.com\/fr\/resultats\/set-for-life-uk\/\"]}]},{\"@type\":\"ImageObject\",\"inLanguage\":\"fr-FR\",\"@id\":\"https:\/\/redfoxlotto.com\/fr\/resultats\/set-for-life-uk\/#primaryimage\",\"url\":\"https:\/\/content.redfoxlotto.com\/uploads\/sites\/9\/1_results_winning_numbers2.jpg\",\"contentUrl\":\"https:\/\/content.redfoxlotto.com\/uploads\/sites\/9\/1_results_winning_numbers2.jpg\"},{\"@type\":\"BreadcrumbList\",\"@id\":\"https:\/\/redfoxlotto.com\/fr\/resultats\/set-for-life-uk\/#breadcrumb\",\"itemListElement\":[{\"@type\":\"ListItem\",\"position\":1,\"name\":\"Home\",\"item\":\"https:\/\/redfoxlotto.com\/fr\/\"},{\"@type\":\"ListItem\",\"position\":2,\"name\":\"R\u00e9sultats des loteries internationales\",\"item\":\"https:\/\/redfoxlotto.com\/fr\/resultats\/\"},{\"@type\":\"ListItem\",\"position\":3,\"name\":\"R\u00e9sultats de la loterie \u00ab\u00a0Set for life\u00a0\u00bb\"}]},{\"@type\":\"WebSite\",\"@id\":\"https:\/\/redfoxlotto.com\/fr\/#website\",\"url\":\"https:\/\/redfoxlotto.com\/fr\/\",\"name\":\"Get Tickets for the World\u2019s largest jackpots\",\"description\":\"Participate in worldwide lottery jackpots from any country\",\"publisher\":{\"@id\":\"https:\/\/redfoxlotto.com\/fr\/#organization\"},\"potentialAction\":[{\"@type\":\"SearchAction\",\"target\":{\"@type\":\"EntryPoint\",\"urlTemplate\":\"https:\/\/redfoxlotto.com\/fr\/?s={search_term_string}\"},\"query-input\":{\"@type\":\"PropertyValueSpecification\",\"valueRequired\":true,\"valueName\":\"search_term_string\"}}],\"inLanguage\":\"fr-FR\"},{\"@type\":\"Organization\",\"@id\":\"https:\/\/redfoxlotto.com\/fr\/#organization\",\"name\":\"Get Tickets for the World\u2019s largest jackpots\",\"url\":\"https:\/\/redfoxlotto.com\/fr\/\",\"logo\":{\"@type\":\"ImageObject\",\"inLanguage\":\"fr-FR\",\"@id\":\"https:\/\/redfoxlotto.com\/fr\/#\/schema\/logo\/image\/\",\"url\":\"https:\/\/redfoxlotto.com\/wp-content\/uploads\/2023\/04\/logo.png\",\"contentUrl\":\"https:\/\/redfoxlotto.com\/wp-content\/uploads\/2023\/04\/logo.png\",\"width\":269,\"height\":53,\"caption\":\"Get Tickets for the World\u2019s largest jackpots\"},\"image\":{\"@id\":\"https:\/\/redfoxlotto.com\/fr\/#\/schema\/logo\/image\/\"}}]}<\/script>\n<!-- \/ Yoast SEO plugin. -->","yoast_head_json":{"title":"Obtenez les r\u00e9sultats du tirage et les num\u00e9ros gagnants du loto \"Set for life\"","description":"Consultez les r\u00e9sultats du tirage de la loterie \"Set for life\" ici","robots":{"index":"index","follow":"follow","max-snippet":"max-snippet:-1","max-image-preview":"max-image-preview:large","max-video-preview":"max-video-preview:-1"},"canonical":"https:\/\/redfoxlotto.com\/fr\/resultats\/set-for-life-uk\/","og_locale":"fr_FR","og_type":"article","og_title":"Obtenez les r\u00e9sultats du tirage et les num\u00e9ros gagnants du loto \"Set for life\"","og_description":"Consultez les r\u00e9sultats du tirage de la loterie \"Set for life\" ici","og_url":"https:\/\/redfoxlotto.com\/fr\/resultats\/set-for-life-uk\/","og_site_name":"Get Tickets for the World\u2019s largest jackpots","article_modified_time":"2023-05-19T09:32:46+00:00","og_image":[{"url":"https:\/\/content.redfoxlotto.com\/uploads\/sites\/9\/1_results_winning_numbers2.jpg"}],"twitter_card":"summary_large_image","twitter_misc":{"Dur\u00e9e de lecture estim\u00e9e":"1 minute"},"schema":{"@context":"https:\/\/schema.org","@graph":[{"@type":"WebPage","@id":"https:\/\/redfoxlotto.com\/fr\/resultats\/set-for-life-uk\/","url":"https:\/\/redfoxlotto.com\/fr\/resultats\/set-for-life-uk\/","name":"Obtenez les r\u00e9sultats du tirage et les num\u00e9ros gagnants du loto \"Set for life\"","isPartOf":{"@id":"https:\/\/redfoxlotto.com\/fr\/#website"},"primaryImageOfPage":{"@id":"https:\/\/redfoxlotto.com\/fr\/resultats\/set-for-life-uk\/#primaryimage"},"image":{"@id":"https:\/\/redfoxlotto.com\/fr\/resultats\/set-for-life-uk\/#primaryimage"},"thumbnailUrl":"https:\/\/content.redfoxlotto.com\/uploads\/sites\/9\/1_results_winning_numbers2.jpg","datePublished":"2020-08-18T10:31:21+00:00","dateModified":"2023-05-19T09:32:46+00:00","description":"Consultez les r\u00e9sultats du tirage de la loterie \"Set for life\" ici","breadcrumb":{"@id":"https:\/\/redfoxlotto.com\/fr\/resultats\/set-for-life-uk\/#breadcrumb"},"inLanguage":"fr-FR","potentialAction":[{"@type":"ReadAction","target":["https:\/\/redfoxlotto.com\/fr\/resultats\/set-for-life-uk\/"]}]},{"@type":"ImageObject","inLanguage":"fr-FR","@id":"https:\/\/redfoxlotto.com\/fr\/resultats\/set-for-life-uk\/#primaryimage","url":"https:\/\/content.redfoxlotto.com\/uploads\/sites\/9\/1_results_winning_numbers2.jpg","contentUrl":"https:\/\/content.redfoxlotto.com\/uploads\/sites\/9\/1_results_winning_numbers2.jpg"},{"@type":"BreadcrumbList","@id":"https:\/\/redfoxlotto.com\/fr\/resultats\/set-for-life-uk\/#breadcrumb","itemListElement":[{"@type":"ListItem","position":1,"name":"Home","item":"https:\/\/redfoxlotto.com\/fr\/"},{"@type":"ListItem","position":2,"name":"R\u00e9sultats des loteries internationales","item":"https:\/\/redfoxlotto.com\/fr\/resultats\/"},{"@type":"ListItem","position":3,"name":"R\u00e9sultats de la loterie \u00ab\u00a0Set for life\u00a0\u00bb"}]},{"@type":"WebSite","@id":"https:\/\/redfoxlotto.com\/fr\/#website","url":"https:\/\/redfoxlotto.com\/fr\/","name":"Get Tickets for the World\u2019s largest jackpots","description":"Participate in worldwide lottery jackpots from any country","publisher":{"@id":"https:\/\/redfoxlotto.com\/fr\/#organization"},"potentialAction":[{"@type":"SearchAction","target":{"@type":"EntryPoint","urlTemplate":"https:\/\/redfoxlotto.com\/fr\/?s={search_term_string}"},"query-input":{"@type":"PropertyValueSpecification","valueRequired":true,"valueName":"search_term_string"}}],"inLanguage":"fr-FR"},{"@type":"Organization","@id":"https:\/\/redfoxlotto.com\/fr\/#organization","name":"Get Tickets for the World\u2019s largest jackpots","url":"https:\/\/redfoxlotto.com\/fr\/","logo":{"@type":"ImageObject","inLanguage":"fr-FR","@id":"https:\/\/redfoxlotto.com\/fr\/#\/schema\/logo\/image\/","url":"https:\/\/redfoxlotto.com\/wp-content\/uploads\/2023\/04\/logo.png","contentUrl":"https:\/\/redfoxlotto.com\/wp-content\/uploads\/2023\/04\/logo.png","width":269,"height":53,"caption":"Get Tickets for the World\u2019s largest jackpots"},"image":{"@id":"https:\/\/redfoxlotto.com\/fr\/#\/schema\/logo\/image\/"}}]}},"_links":{"self":[{"href":"https:\/\/redfoxlotto.com\/fr\/wp-json\/wp\/v2\/pages\/12875","targetHints":{"allow":["GET"]}}],"collection":[{"href":"https:\/\/redfoxlotto.com\/fr\/wp-json\/wp\/v2\/pages"}],"about":[{"href":"https:\/\/redfoxlotto.com\/fr\/wp-json\/wp\/v2\/types\/page"}],"author":[{"embeddable":true,"href":"https:\/\/redfoxlotto.com\/fr\/wp-json\/wp\/v2\/users\/1"}],"replies":[{"embeddable":true,"href":"https:\/\/redfoxlotto.com\/fr\/wp-json\/wp\/v2\/comments?post=12875"}],"version-history":[{"count":0,"href":"https:\/\/redfoxlotto.com\/fr\/wp-json\/wp\/v2\/pages\/12875\/revisions"}],"up":[{"embeddable":true,"href":"https:\/\/redfoxlotto.com\/fr\/wp-json\/wp\/v2\/pages\/1528"}],"wp:attachment":[{"href":"https:\/\/redfoxlotto.com\/fr\/wp-json\/wp\/v2\/media?parent=12875"}],"curies":[{"name":"wp","href":"https:\/\/api.w.org\/{rel}","templated":true}]}}