{"id":12873,"date":"2023-04-24T17:59:25","date_gmt":"2023-04-24T17:59:25","guid":{"rendered":"https:\/\/redfoxlotto.com\/?page_id=12873"},"modified":"2023-05-13T07:28:31","modified_gmt":"2023-05-13T07:28:31","slug":"set-for-life-uk","status":"publish","type":"page","link":"https:\/\/redfoxlotto.com\/fr\/jouer\/set-for-life-uk\/","title":{"rendered":"Participez au loto \u00ab\u00a0Set for life\u00a0\u00bb en ligne"},"content":{"rendered":"<p><img loading=\"lazy\" decoding=\"async\" class=\" wp-image alignright\" src=\"https:\/\/content.redfoxlotto.com\/uploads\/sites\/9\/1_play_online_jackpot.jpg\" alt=\"mis pour la vie en ligne\" width=\"240\" height=\"240\" \/><\/p><p>La loterie britannique \u00ab\u00a0Set for life\u00a0\u00bb est diff\u00e9rente de la plupart des autres loteries. Si vous gagnez le premier ou le deuxi\u00e8me prix, au lieu d&rsquo;un montant fixe, vous gagnez des paiements mensuels.<\/p><!--more--><p>Le premier prix signifie que vous recevez un paiement mensuel de 10 000 \u00a3 pendant les 30 prochaines ann\u00e9es, le deuxi\u00e8me prix signifie que vous recevez la m\u00eame somme chaque mois pendant un an.<\/p><h2 class=\"wp-block-heading\">Comment jouer \u00e0 \u00ab\u00a0Set for life\u00a0\u00bb en ligne<\/h2><p>Apr\u00e8s avoir cr\u00e9\u00e9 votre compte sur notre site, il vous suffit d&rsquo;aller \u00e0 la loterie et de choisir 5 num\u00e9ros entre 1 et 47, puis un num\u00e9ro \u00ab\u00a0boule de vie\u00a0\u00bb entre 1 et 10.<\/p><p>Si vous le souhaitez, vous pouvez utiliser la fonction \u00ab\u00a0quick pick\u00a0\u00bb et laisser le g\u00e9n\u00e9rateur de num\u00e9ros faire son travail pour remplir votre ticket avec des num\u00e9ros al\u00e9atoires.<\/p><h2 class=\"wp-block-heading\">Comment puis-je savoir si j&rsquo;ai gagn\u00e9 ?<\/h2><p>Si votre billet est gagnant, nous vous enverrons une notification par e-mail. Veillez \u00e0 ce que nos courriels ne se retrouvent pas dans votre bo\u00eete \u00e0 spam. Apr\u00e8s le tirage, vous pouvez vous connecter \u00e0 votre compte et v\u00e9rifier votre billet. Les num\u00e9ros gagnants seront marqu\u00e9s.<\/p>","protected":false},"excerpt":{"rendered":"<p>La loterie britannique \u00ab\u00a0Set for life\u00a0\u00bb est diff\u00e9rente de la plupart des autres loteries. Si vous gagnez le premier ou le deuxi\u00e8me prix, au lieu d&rsquo;un montant fixe, vous gagnez des paiements mensuels.<\/p>\n","protected":false},"author":1,"featured_media":0,"parent":1498,"menu_order":10,"comment_status":"closed","ping_status":"closed","template":"set-for-life.php","meta":{"_et_pb_use_builder":"","_et_pb_old_content":"","_et_gb_content_width":"","exclude_from_search":false,"footnotes":""},"class_list":["post-12873","page","type-page","status-publish","hentry"],"yoast_head":"<!-- This site is optimized with the Yoast SEO plugin v23.8 - https:\/\/yoast.com\/wordpress\/plugins\/seo\/ -->\n<title>Jouer au loto &quot;Set for life&quot; en ligne<\/title>\n<meta name=\"description\" content=\"Vous pouvez maintenant jouer \u00e0 la loterie britannique &quot;Set for life&quot; en ligne\" \/>\n<meta name=\"robots\" content=\"index, follow, max-snippet:-1, max-image-preview:large, max-video-preview:-1\" \/>\n<link rel=\"canonical\" href=\"https:\/\/redfoxlotto.com\/fr\/jouer\/set-for-life-uk\/\" \/>\n<meta property=\"og:locale\" content=\"fr_FR\" \/>\n<meta property=\"og:type\" content=\"article\" \/>\n<meta property=\"og:title\" content=\"Jouer au loto &quot;Set for life&quot; en ligne\" \/>\n<meta property=\"og:description\" content=\"Vous pouvez maintenant jouer \u00e0 la loterie britannique &quot;Set for life&quot; en ligne\" \/>\n<meta property=\"og:url\" content=\"https:\/\/redfoxlotto.com\/fr\/jouer\/set-for-life-uk\/\" \/>\n<meta property=\"og:site_name\" content=\"Get Tickets for the World\u2019s largest jackpots\" \/>\n<meta property=\"article:modified_time\" content=\"2023-05-13T07:28:31+00:00\" \/>\n<meta property=\"og:image\" content=\"https:\/\/content.redfoxlotto.com\/uploads\/sites\/9\/1_play_online_jackpot.jpg\" \/>\n<meta name=\"twitter:card\" content=\"summary_large_image\" \/>\n<meta name=\"twitter:label1\" content=\"Dur\u00e9e de lecture estim\u00e9e\" \/>\n\t<meta name=\"twitter:data1\" content=\"2 minutes\" \/>\n<script type=\"application\/ld+json\" class=\"yoast-schema-graph\">{\"@context\":\"https:\/\/schema.org\",\"@graph\":[{\"@type\":\"WebPage\",\"@id\":\"https:\/\/redfoxlotto.com\/fr\/jouer\/set-for-life-uk\/\",\"url\":\"https:\/\/redfoxlotto.com\/fr\/jouer\/set-for-life-uk\/\",\"name\":\"Jouer au loto \\\"Set for life\\\" en ligne\",\"isPartOf\":{\"@id\":\"https:\/\/redfoxlotto.com\/fr\/#website\"},\"primaryImageOfPage\":{\"@id\":\"https:\/\/redfoxlotto.com\/fr\/jouer\/set-for-life-uk\/#primaryimage\"},\"image\":{\"@id\":\"https:\/\/redfoxlotto.com\/fr\/jouer\/set-for-life-uk\/#primaryimage\"},\"thumbnailUrl\":\"https:\/\/content.redfoxlotto.com\/uploads\/sites\/9\/1_play_online_jackpot.jpg\",\"datePublished\":\"2023-04-24T17:59:25+00:00\",\"dateModified\":\"2023-05-13T07:28:31+00:00\",\"description\":\"Vous pouvez maintenant jouer \u00e0 la loterie britannique \\\"Set for life\\\" en ligne\",\"breadcrumb\":{\"@id\":\"https:\/\/redfoxlotto.com\/fr\/jouer\/set-for-life-uk\/#breadcrumb\"},\"inLanguage\":\"fr-FR\",\"potentialAction\":[{\"@type\":\"ReadAction\",\"target\":[\"https:\/\/redfoxlotto.com\/fr\/jouer\/set-for-life-uk\/\"]}]},{\"@type\":\"ImageObject\",\"inLanguage\":\"fr-FR\",\"@id\":\"https:\/\/redfoxlotto.com\/fr\/jouer\/set-for-life-uk\/#primaryimage\",\"url\":\"https:\/\/content.redfoxlotto.com\/uploads\/sites\/9\/1_play_online_jackpot.jpg\",\"contentUrl\":\"https:\/\/content.redfoxlotto.com\/uploads\/sites\/9\/1_play_online_jackpot.jpg\"},{\"@type\":\"BreadcrumbList\",\"@id\":\"https:\/\/redfoxlotto.com\/fr\/jouer\/set-for-life-uk\/#breadcrumb\",\"itemListElement\":[{\"@type\":\"ListItem\",\"position\":1,\"name\":\"Home\",\"item\":\"https:\/\/redfoxlotto.com\/fr\/\"},{\"@type\":\"ListItem\",\"position\":2,\"name\":\"Comment jouer au loto en ligne\",\"item\":\"https:\/\/redfoxlotto.com\/fr\/jouer\/\"},{\"@type\":\"ListItem\",\"position\":3,\"name\":\"Participez au loto \u00ab\u00a0Set for life\u00a0\u00bb en ligne\"}]},{\"@type\":\"WebSite\",\"@id\":\"https:\/\/redfoxlotto.com\/fr\/#website\",\"url\":\"https:\/\/redfoxlotto.com\/fr\/\",\"name\":\"Get Tickets for the World\u2019s largest jackpots\",\"description\":\"Participate in worldwide lottery jackpots from any country\",\"publisher\":{\"@id\":\"https:\/\/redfoxlotto.com\/fr\/#organization\"},\"potentialAction\":[{\"@type\":\"SearchAction\",\"target\":{\"@type\":\"EntryPoint\",\"urlTemplate\":\"https:\/\/redfoxlotto.com\/fr\/?s={search_term_string}\"},\"query-input\":{\"@type\":\"PropertyValueSpecification\",\"valueRequired\":true,\"valueName\":\"search_term_string\"}}],\"inLanguage\":\"fr-FR\"},{\"@type\":\"Organization\",\"@id\":\"https:\/\/redfoxlotto.com\/fr\/#organization\",\"name\":\"Get Tickets for the World\u2019s largest jackpots\",\"url\":\"https:\/\/redfoxlotto.com\/fr\/\",\"logo\":{\"@type\":\"ImageObject\",\"inLanguage\":\"fr-FR\",\"@id\":\"https:\/\/redfoxlotto.com\/fr\/#\/schema\/logo\/image\/\",\"url\":\"https:\/\/redfoxlotto.com\/wp-content\/uploads\/2023\/04\/logo.png\",\"contentUrl\":\"https:\/\/redfoxlotto.com\/wp-content\/uploads\/2023\/04\/logo.png\",\"width\":269,\"height\":53,\"caption\":\"Get Tickets for the World\u2019s largest jackpots\"},\"image\":{\"@id\":\"https:\/\/redfoxlotto.com\/fr\/#\/schema\/logo\/image\/\"}}]}<\/script>\n<!-- \/ Yoast SEO plugin. -->","yoast_head_json":{"title":"Jouer au loto \"Set for life\" en ligne","description":"Vous pouvez maintenant jouer \u00e0 la loterie britannique \"Set for life\" en ligne","robots":{"index":"index","follow":"follow","max-snippet":"max-snippet:-1","max-image-preview":"max-image-preview:large","max-video-preview":"max-video-preview:-1"},"canonical":"https:\/\/redfoxlotto.com\/fr\/jouer\/set-for-life-uk\/","og_locale":"fr_FR","og_type":"article","og_title":"Jouer au loto \"Set for life\" en ligne","og_description":"Vous pouvez maintenant jouer \u00e0 la loterie britannique \"Set for life\" en ligne","og_url":"https:\/\/redfoxlotto.com\/fr\/jouer\/set-for-life-uk\/","og_site_name":"Get Tickets for the World\u2019s largest jackpots","article_modified_time":"2023-05-13T07:28:31+00:00","og_image":[{"url":"https:\/\/content.redfoxlotto.com\/uploads\/sites\/9\/1_play_online_jackpot.jpg"}],"twitter_card":"summary_large_image","twitter_misc":{"Dur\u00e9e de lecture estim\u00e9e":"2 minutes"},"schema":{"@context":"https:\/\/schema.org","@graph":[{"@type":"WebPage","@id":"https:\/\/redfoxlotto.com\/fr\/jouer\/set-for-life-uk\/","url":"https:\/\/redfoxlotto.com\/fr\/jouer\/set-for-life-uk\/","name":"Jouer au loto \"Set for life\" en ligne","isPartOf":{"@id":"https:\/\/redfoxlotto.com\/fr\/#website"},"primaryImageOfPage":{"@id":"https:\/\/redfoxlotto.com\/fr\/jouer\/set-for-life-uk\/#primaryimage"},"image":{"@id":"https:\/\/redfoxlotto.com\/fr\/jouer\/set-for-life-uk\/#primaryimage"},"thumbnailUrl":"https:\/\/content.redfoxlotto.com\/uploads\/sites\/9\/1_play_online_jackpot.jpg","datePublished":"2023-04-24T17:59:25+00:00","dateModified":"2023-05-13T07:28:31+00:00","description":"Vous pouvez maintenant jouer \u00e0 la loterie britannique \"Set for life\" en ligne","breadcrumb":{"@id":"https:\/\/redfoxlotto.com\/fr\/jouer\/set-for-life-uk\/#breadcrumb"},"inLanguage":"fr-FR","potentialAction":[{"@type":"ReadAction","target":["https:\/\/redfoxlotto.com\/fr\/jouer\/set-for-life-uk\/"]}]},{"@type":"ImageObject","inLanguage":"fr-FR","@id":"https:\/\/redfoxlotto.com\/fr\/jouer\/set-for-life-uk\/#primaryimage","url":"https:\/\/content.redfoxlotto.com\/uploads\/sites\/9\/1_play_online_jackpot.jpg","contentUrl":"https:\/\/content.redfoxlotto.com\/uploads\/sites\/9\/1_play_online_jackpot.jpg"},{"@type":"BreadcrumbList","@id":"https:\/\/redfoxlotto.com\/fr\/jouer\/set-for-life-uk\/#breadcrumb","itemListElement":[{"@type":"ListItem","position":1,"name":"Home","item":"https:\/\/redfoxlotto.com\/fr\/"},{"@type":"ListItem","position":2,"name":"Comment jouer au loto en ligne","item":"https:\/\/redfoxlotto.com\/fr\/jouer\/"},{"@type":"ListItem","position":3,"name":"Participez au loto \u00ab\u00a0Set for life\u00a0\u00bb en ligne"}]},{"@type":"WebSite","@id":"https:\/\/redfoxlotto.com\/fr\/#website","url":"https:\/\/redfoxlotto.com\/fr\/","name":"Get Tickets for the World\u2019s largest jackpots","description":"Participate in worldwide lottery jackpots from any country","publisher":{"@id":"https:\/\/redfoxlotto.com\/fr\/#organization"},"potentialAction":[{"@type":"SearchAction","target":{"@type":"EntryPoint","urlTemplate":"https:\/\/redfoxlotto.com\/fr\/?s={search_term_string}"},"query-input":{"@type":"PropertyValueSpecification","valueRequired":true,"valueName":"search_term_string"}}],"inLanguage":"fr-FR"},{"@type":"Organization","@id":"https:\/\/redfoxlotto.com\/fr\/#organization","name":"Get Tickets for the World\u2019s largest jackpots","url":"https:\/\/redfoxlotto.com\/fr\/","logo":{"@type":"ImageObject","inLanguage":"fr-FR","@id":"https:\/\/redfoxlotto.com\/fr\/#\/schema\/logo\/image\/","url":"https:\/\/redfoxlotto.com\/wp-content\/uploads\/2023\/04\/logo.png","contentUrl":"https:\/\/redfoxlotto.com\/wp-content\/uploads\/2023\/04\/logo.png","width":269,"height":53,"caption":"Get Tickets for the World\u2019s largest jackpots"},"image":{"@id":"https:\/\/redfoxlotto.com\/fr\/#\/schema\/logo\/image\/"}}]}},"_links":{"self":[{"href":"https:\/\/redfoxlotto.com\/fr\/wp-json\/wp\/v2\/pages\/12873","targetHints":{"allow":["GET"]}}],"collection":[{"href":"https:\/\/redfoxlotto.com\/fr\/wp-json\/wp\/v2\/pages"}],"about":[{"href":"https:\/\/redfoxlotto.com\/fr\/wp-json\/wp\/v2\/types\/page"}],"author":[{"embeddable":true,"href":"https:\/\/redfoxlotto.com\/fr\/wp-json\/wp\/v2\/users\/1"}],"replies":[{"embeddable":true,"href":"https:\/\/redfoxlotto.com\/fr\/wp-json\/wp\/v2\/comments?post=12873"}],"version-history":[{"count":0,"href":"https:\/\/redfoxlotto.com\/fr\/wp-json\/wp\/v2\/pages\/12873\/revisions"}],"up":[{"embeddable":true,"href":"https:\/\/redfoxlotto.com\/fr\/wp-json\/wp\/v2\/pages\/1498"}],"wp:attachment":[{"href":"https:\/\/redfoxlotto.com\/fr\/wp-json\/wp\/v2\/media?parent=12873"}],"curies":[{"name":"wp","href":"https:\/\/api.w.org\/{rel}","templated":true}]}}