{"id":12862,"date":"2020-08-18T09:23:56","date_gmt":"2020-08-18T09:23:56","guid":{"rendered":"https:\/\/redfoxlotto.com\/?page_id=12862"},"modified":"2023-05-19T09:22:14","modified_gmt":"2023-05-19T09:22:14","slug":"loto-6aus49","status":"publish","type":"page","link":"https:\/\/redfoxlotto.com\/fr\/resultats\/loto-6aus49\/","title":{"rendered":"R\u00e9sultats du loto allemand"},"content":{"rendered":"<h2 class=\"wp-block-heading\">Lotto allemand 6aus49 num\u00e9ros gagnants<\/h2><p><img loading=\"lazy\" decoding=\"async\" class=\" wp-image alignright\" src=\"https:\/\/content.redfoxlotto.com\/uploads\/sites\/9\/1_draw_results_lotto2.jpg\" alt=\"r\u00e9sultats du loto allemagne\" width=\"267\" height=\"127\" \/><\/p><p>Si vous avez jou\u00e9 au loto allemand, vous voulez savoir si vous avez gagn\u00e9 quelque chose et cela signifie que vous devez conna\u00eetre les num\u00e9ros gagnants. Ou si vous voulez jouer certains des num\u00e9ros qui ont \u00e9t\u00e9 gagn\u00e9s r\u00e9cemment ou le plus fr\u00e9quemment, vous devez savoir quels sont ces num\u00e9ros, mais comment v\u00e9rifier les num\u00e9ros gagnants du Lotto allemand 6aus49 ?<\/p><h2 class=\"wp-block-heading\">V\u00e9rifier les derniers r\u00e9sultats<\/h2><p>Vous pouvez consulter les derniers r\u00e9sultats de ce jeu de loto directement en ligne et vous pouvez \u00e9galement le faire \u00e0 partir de RedFoxLotto.com. Il vous suffit de visiter le site web et vous pourrez voir les num\u00e9ros gagnants de tous vos jeux pr\u00e9f\u00e9r\u00e9s.<\/p><p>Si vous avez effectivement jou\u00e9 \u00e0 ce jeu (ou \u00e0 d&rsquo;autres), vous pouvez vous connecter \u00e0 votre compte pour v\u00e9rifier les num\u00e9ros gagnants, et c&rsquo;est ainsi que vous saurez si vous avez gagn\u00e9 quelque chose.<\/p><h2 class=\"wp-block-heading\">Avez-vous gagn\u00e9<\/h2><p><img loading=\"lazy\" decoding=\"async\" class=\" wp-image alignright\" src=\"https:\/\/content.redfoxlotto.com\/uploads\/sites\/9\/1_win_lottery_prizes.jpg\" alt=\"gagner \u00e0 la loterie\" width=\"266\" height=\"177\" \/><\/p><p>Si vous avez jou\u00e9 \u00e0 l&rsquo;un des jeux de loto sur notre site et que vous avez gagn\u00e9, vous le saurez imm\u00e9diatement car vous pouvez vous connecter \u00e0 votre compte et voir les num\u00e9ros gagnants compar\u00e9s aux v\u00f4tres. Vos num\u00e9ros correspondants seront tous mis en \u00e9vidence pour que vous puissiez les voir. Et vos gains seront automatiquement vers\u00e9s sur votre compte \u00e9galement.<\/p><h2 class=\"wp-block-heading\">V\u00e9rifier les anciens num\u00e9ros<\/h2><p>Si vous voulez conna\u00eetre certains des num\u00e9ros gagnants du Lotto allemand 6aus49 avant de pouvoir consulter les archives des r\u00e9sultats. Vous y trouverez d&rsquo;anciens num\u00e9ros que vous pouvez utiliser pour tout ce que vous voulez.<\/p>","protected":false},"excerpt":{"rendered":"<p>Lotto allemand 6aus49 num\u00e9ros gagnants Si vous avez jou\u00e9 au loto allemand, vous voulez savoir si vous avez gagn\u00e9 quelque chose et cela signifie que vous devez conna\u00eetre les num\u00e9ros gagnants. Ou si vous voulez jouer certains des num\u00e9ros qui ont \u00e9t\u00e9 gagn\u00e9s r\u00e9cemment ou le plus fr\u00e9quemment, vous devez savoir quels sont ces num\u00e9ros, [&hellip;]<\/p>\n","protected":false},"author":1,"featured_media":0,"parent":1528,"menu_order":15,"comment_status":"closed","ping_status":"closed","template":"lotto-german-results.php","meta":{"_et_pb_use_builder":"","_et_pb_old_content":"","_et_gb_content_width":"","exclude_from_search":false,"footnotes":""},"class_list":["post-12862","page","type-page","status-publish","hentry"],"yoast_head":"<!-- This site is optimized with the Yoast SEO plugin v23.8 - https:\/\/yoast.com\/wordpress\/plugins\/seo\/ -->\n<title>R\u00e9sultats du tirage du loto allemand et combinaisons de num\u00e9ros gagnants<\/title>\n<meta name=\"description\" content=\"Avez-vous choisi les num\u00e9ros gagnants du Loto allemand ? Consultez les r\u00e9sultats du tirage sur notre site web\" \/>\n<meta name=\"robots\" content=\"index, follow, max-snippet:-1, max-image-preview:large, max-video-preview:-1\" \/>\n<link rel=\"canonical\" href=\"https:\/\/redfoxlotto.com\/fr\/resultats\/loto-6aus49\/\" \/>\n<meta property=\"og:locale\" content=\"fr_FR\" \/>\n<meta property=\"og:type\" content=\"article\" \/>\n<meta property=\"og:title\" content=\"R\u00e9sultats du tirage du loto allemand et combinaisons de num\u00e9ros gagnants\" \/>\n<meta property=\"og:description\" content=\"Avez-vous choisi les num\u00e9ros gagnants du Loto allemand ? Consultez les r\u00e9sultats du tirage sur notre site web\" \/>\n<meta property=\"og:url\" content=\"https:\/\/redfoxlotto.com\/fr\/resultats\/loto-6aus49\/\" \/>\n<meta property=\"og:site_name\" content=\"Get Tickets for the World\u2019s largest jackpots\" \/>\n<meta property=\"article:modified_time\" content=\"2023-05-19T09:22:14+00:00\" \/>\n<meta property=\"og:image\" content=\"https:\/\/content.redfoxlotto.com\/uploads\/sites\/9\/1_draw_results_lotto2.jpg\" \/>\n<meta name=\"twitter:card\" content=\"summary_large_image\" \/>\n<meta name=\"twitter:label1\" content=\"Dur\u00e9e de lecture estim\u00e9e\" \/>\n\t<meta name=\"twitter:data1\" content=\"2 minutes\" \/>\n<script type=\"application\/ld+json\" class=\"yoast-schema-graph\">{\"@context\":\"https:\/\/schema.org\",\"@graph\":[{\"@type\":\"WebPage\",\"@id\":\"https:\/\/redfoxlotto.com\/fr\/resultats\/loto-6aus49\/\",\"url\":\"https:\/\/redfoxlotto.com\/fr\/resultats\/loto-6aus49\/\",\"name\":\"R\u00e9sultats du tirage du loto allemand et combinaisons de num\u00e9ros gagnants\",\"isPartOf\":{\"@id\":\"https:\/\/redfoxlotto.com\/fr\/#website\"},\"primaryImageOfPage\":{\"@id\":\"https:\/\/redfoxlotto.com\/fr\/resultats\/loto-6aus49\/#primaryimage\"},\"image\":{\"@id\":\"https:\/\/redfoxlotto.com\/fr\/resultats\/loto-6aus49\/#primaryimage\"},\"thumbnailUrl\":\"https:\/\/content.redfoxlotto.com\/uploads\/sites\/9\/1_draw_results_lotto2.jpg\",\"datePublished\":\"2020-08-18T09:23:56+00:00\",\"dateModified\":\"2023-05-19T09:22:14+00:00\",\"description\":\"Avez-vous choisi les num\u00e9ros gagnants du Loto allemand ? Consultez les r\u00e9sultats du tirage sur notre site web\",\"breadcrumb\":{\"@id\":\"https:\/\/redfoxlotto.com\/fr\/resultats\/loto-6aus49\/#breadcrumb\"},\"inLanguage\":\"fr-FR\",\"potentialAction\":[{\"@type\":\"ReadAction\",\"target\":[\"https:\/\/redfoxlotto.com\/fr\/resultats\/loto-6aus49\/\"]}]},{\"@type\":\"ImageObject\",\"inLanguage\":\"fr-FR\",\"@id\":\"https:\/\/redfoxlotto.com\/fr\/resultats\/loto-6aus49\/#primaryimage\",\"url\":\"https:\/\/content.redfoxlotto.com\/uploads\/sites\/9\/1_draw_results_lotto2.jpg\",\"contentUrl\":\"https:\/\/content.redfoxlotto.com\/uploads\/sites\/9\/1_draw_results_lotto2.jpg\"},{\"@type\":\"BreadcrumbList\",\"@id\":\"https:\/\/redfoxlotto.com\/fr\/resultats\/loto-6aus49\/#breadcrumb\",\"itemListElement\":[{\"@type\":\"ListItem\",\"position\":1,\"name\":\"Home\",\"item\":\"https:\/\/redfoxlotto.com\/fr\/\"},{\"@type\":\"ListItem\",\"position\":2,\"name\":\"R\u00e9sultats des loteries internationales\",\"item\":\"https:\/\/redfoxlotto.com\/fr\/resultats\/\"},{\"@type\":\"ListItem\",\"position\":3,\"name\":\"R\u00e9sultats du loto allemand\"}]},{\"@type\":\"WebSite\",\"@id\":\"https:\/\/redfoxlotto.com\/fr\/#website\",\"url\":\"https:\/\/redfoxlotto.com\/fr\/\",\"name\":\"Get Tickets for the World\u2019s largest jackpots\",\"description\":\"Participate in worldwide lottery jackpots from any country\",\"publisher\":{\"@id\":\"https:\/\/redfoxlotto.com\/fr\/#organization\"},\"potentialAction\":[{\"@type\":\"SearchAction\",\"target\":{\"@type\":\"EntryPoint\",\"urlTemplate\":\"https:\/\/redfoxlotto.com\/fr\/?s={search_term_string}\"},\"query-input\":{\"@type\":\"PropertyValueSpecification\",\"valueRequired\":true,\"valueName\":\"search_term_string\"}}],\"inLanguage\":\"fr-FR\"},{\"@type\":\"Organization\",\"@id\":\"https:\/\/redfoxlotto.com\/fr\/#organization\",\"name\":\"Get Tickets for the World\u2019s largest jackpots\",\"url\":\"https:\/\/redfoxlotto.com\/fr\/\",\"logo\":{\"@type\":\"ImageObject\",\"inLanguage\":\"fr-FR\",\"@id\":\"https:\/\/redfoxlotto.com\/fr\/#\/schema\/logo\/image\/\",\"url\":\"https:\/\/redfoxlotto.com\/wp-content\/uploads\/2023\/04\/logo.png\",\"contentUrl\":\"https:\/\/redfoxlotto.com\/wp-content\/uploads\/2023\/04\/logo.png\",\"width\":269,\"height\":53,\"caption\":\"Get Tickets for the World\u2019s largest jackpots\"},\"image\":{\"@id\":\"https:\/\/redfoxlotto.com\/fr\/#\/schema\/logo\/image\/\"}}]}<\/script>\n<!-- \/ Yoast SEO plugin. -->","yoast_head_json":{"title":"R\u00e9sultats du tirage du loto allemand et combinaisons de num\u00e9ros gagnants","description":"Avez-vous choisi les num\u00e9ros gagnants du Loto allemand ? Consultez les r\u00e9sultats du tirage sur notre site web","robots":{"index":"index","follow":"follow","max-snippet":"max-snippet:-1","max-image-preview":"max-image-preview:large","max-video-preview":"max-video-preview:-1"},"canonical":"https:\/\/redfoxlotto.com\/fr\/resultats\/loto-6aus49\/","og_locale":"fr_FR","og_type":"article","og_title":"R\u00e9sultats du tirage du loto allemand et combinaisons de num\u00e9ros gagnants","og_description":"Avez-vous choisi les num\u00e9ros gagnants du Loto allemand ? Consultez les r\u00e9sultats du tirage sur notre site web","og_url":"https:\/\/redfoxlotto.com\/fr\/resultats\/loto-6aus49\/","og_site_name":"Get Tickets for the World\u2019s largest jackpots","article_modified_time":"2023-05-19T09:22:14+00:00","og_image":[{"url":"https:\/\/content.redfoxlotto.com\/uploads\/sites\/9\/1_draw_results_lotto2.jpg"}],"twitter_card":"summary_large_image","twitter_misc":{"Dur\u00e9e de lecture estim\u00e9e":"2 minutes"},"schema":{"@context":"https:\/\/schema.org","@graph":[{"@type":"WebPage","@id":"https:\/\/redfoxlotto.com\/fr\/resultats\/loto-6aus49\/","url":"https:\/\/redfoxlotto.com\/fr\/resultats\/loto-6aus49\/","name":"R\u00e9sultats du tirage du loto allemand et combinaisons de num\u00e9ros gagnants","isPartOf":{"@id":"https:\/\/redfoxlotto.com\/fr\/#website"},"primaryImageOfPage":{"@id":"https:\/\/redfoxlotto.com\/fr\/resultats\/loto-6aus49\/#primaryimage"},"image":{"@id":"https:\/\/redfoxlotto.com\/fr\/resultats\/loto-6aus49\/#primaryimage"},"thumbnailUrl":"https:\/\/content.redfoxlotto.com\/uploads\/sites\/9\/1_draw_results_lotto2.jpg","datePublished":"2020-08-18T09:23:56+00:00","dateModified":"2023-05-19T09:22:14+00:00","description":"Avez-vous choisi les num\u00e9ros gagnants du Loto allemand ? Consultez les r\u00e9sultats du tirage sur notre site web","breadcrumb":{"@id":"https:\/\/redfoxlotto.com\/fr\/resultats\/loto-6aus49\/#breadcrumb"},"inLanguage":"fr-FR","potentialAction":[{"@type":"ReadAction","target":["https:\/\/redfoxlotto.com\/fr\/resultats\/loto-6aus49\/"]}]},{"@type":"ImageObject","inLanguage":"fr-FR","@id":"https:\/\/redfoxlotto.com\/fr\/resultats\/loto-6aus49\/#primaryimage","url":"https:\/\/content.redfoxlotto.com\/uploads\/sites\/9\/1_draw_results_lotto2.jpg","contentUrl":"https:\/\/content.redfoxlotto.com\/uploads\/sites\/9\/1_draw_results_lotto2.jpg"},{"@type":"BreadcrumbList","@id":"https:\/\/redfoxlotto.com\/fr\/resultats\/loto-6aus49\/#breadcrumb","itemListElement":[{"@type":"ListItem","position":1,"name":"Home","item":"https:\/\/redfoxlotto.com\/fr\/"},{"@type":"ListItem","position":2,"name":"R\u00e9sultats des loteries internationales","item":"https:\/\/redfoxlotto.com\/fr\/resultats\/"},{"@type":"ListItem","position":3,"name":"R\u00e9sultats du loto allemand"}]},{"@type":"WebSite","@id":"https:\/\/redfoxlotto.com\/fr\/#website","url":"https:\/\/redfoxlotto.com\/fr\/","name":"Get Tickets for the World\u2019s largest jackpots","description":"Participate in worldwide lottery jackpots from any country","publisher":{"@id":"https:\/\/redfoxlotto.com\/fr\/#organization"},"potentialAction":[{"@type":"SearchAction","target":{"@type":"EntryPoint","urlTemplate":"https:\/\/redfoxlotto.com\/fr\/?s={search_term_string}"},"query-input":{"@type":"PropertyValueSpecification","valueRequired":true,"valueName":"search_term_string"}}],"inLanguage":"fr-FR"},{"@type":"Organization","@id":"https:\/\/redfoxlotto.com\/fr\/#organization","name":"Get Tickets for the World\u2019s largest jackpots","url":"https:\/\/redfoxlotto.com\/fr\/","logo":{"@type":"ImageObject","inLanguage":"fr-FR","@id":"https:\/\/redfoxlotto.com\/fr\/#\/schema\/logo\/image\/","url":"https:\/\/redfoxlotto.com\/wp-content\/uploads\/2023\/04\/logo.png","contentUrl":"https:\/\/redfoxlotto.com\/wp-content\/uploads\/2023\/04\/logo.png","width":269,"height":53,"caption":"Get Tickets for the World\u2019s largest jackpots"},"image":{"@id":"https:\/\/redfoxlotto.com\/fr\/#\/schema\/logo\/image\/"}}]}},"_links":{"self":[{"href":"https:\/\/redfoxlotto.com\/fr\/wp-json\/wp\/v2\/pages\/12862","targetHints":{"allow":["GET"]}}],"collection":[{"href":"https:\/\/redfoxlotto.com\/fr\/wp-json\/wp\/v2\/pages"}],"about":[{"href":"https:\/\/redfoxlotto.com\/fr\/wp-json\/wp\/v2\/types\/page"}],"author":[{"embeddable":true,"href":"https:\/\/redfoxlotto.com\/fr\/wp-json\/wp\/v2\/users\/1"}],"replies":[{"embeddable":true,"href":"https:\/\/redfoxlotto.com\/fr\/wp-json\/wp\/v2\/comments?post=12862"}],"version-history":[{"count":0,"href":"https:\/\/redfoxlotto.com\/fr\/wp-json\/wp\/v2\/pages\/12862\/revisions"}],"up":[{"embeddable":true,"href":"https:\/\/redfoxlotto.com\/fr\/wp-json\/wp\/v2\/pages\/1528"}],"wp:attachment":[{"href":"https:\/\/redfoxlotto.com\/fr\/wp-json\/wp\/v2\/media?parent=12862"}],"curies":[{"name":"wp","href":"https:\/\/api.w.org\/{rel}","templated":true}]}}