{"id":12861,"date":"2020-08-18T09:19:26","date_gmt":"2020-08-18T09:19:26","guid":{"rendered":"https:\/\/redfoxlotto.com\/?page_id=12861"},"modified":"2023-05-13T07:26:21","modified_gmt":"2023-05-13T07:26:21","slug":"loto-6aus49","status":"publish","type":"page","link":"https:\/\/redfoxlotto.com\/fr\/loterie\/loto-6aus49\/","title":{"rendered":"\u00c0 propos du Lotto allemand 6 aus 49"},"content":{"rendered":"<h2 class=\"wp-block-heading\">Acheter des billets pour le loto allemand 6aus49 en ligne<\/h2><p><img decoding=\"async\" class=\"size-full wp-image alignright\" src=\"https:\/\/content.redfoxlotto.com\/uploads\/sites\/9\/1_buy_lottery_online.jpg\" alt=\"billets de loto allemand\" \/><\/p><p>Une fois que vous avez d\u00e9cid\u00e9 que vous voulez jouer au Loto allemand, il est temps d&rsquo;acheter vos billets. Mais comment acheter des billets pour le loto allemand 6aus49 en ligne ? C&rsquo;est en fait plus facile que vous ne le pensez. Il vous suffit de vous rendre sur le site RedFoxLotto.com pour commencer.<\/p><p><!--more--><\/p><h2 class=\"wp-block-heading\">Collecter vos num\u00e9ros<\/h2><p>Une fois que vous \u00eates pr\u00eat \u00e0 jouer, il vous suffit de choisir 6 num\u00e9ros entre 1 et 49 et 1 entre 0 et 9. C&rsquo;est tout ce qu&rsquo;il faut. Ensuite, si vous obtenez au moins 3 num\u00e9ros, vous gagnerez quelque chose tout au long du jeu. Si vous en avez plus, vous gagnerez encore plus.<\/p><h2 class=\"wp-block-heading\">Acheter vos billets<\/h2><p><img loading=\"lazy\" decoding=\"async\" class=\" wp-image alignright\" src=\"https:\/\/content.redfoxlotto.com\/uploads\/sites\/9\/1_lottery_draw_balls.jpg\" alt=\"gagner \u00e0 la loterie en ligne\" width=\"260\" height=\"260\" \/><\/p><p>Maintenant, vous savez d\u00e9j\u00e0 comment choisir vos num\u00e9ros mais comment allez-vous acheter les billets ? C&rsquo;est simple. Connectez-vous sur RedFoxLotto.com et choisissez les num\u00e9ros que vous voulez pour le match que vous voulez. Il peut s&rsquo;agir de ce jeu ou de n&rsquo;importe quel autre. Ensuite, s\u00e9lectionnez le nombre de tirages au sort auxquels vous voulez que vos billets soient valables et indiquez votre mode de paiement pr\u00e9f\u00e9r\u00e9.<\/p><p>Une fois que vous avez entr\u00e9 vos informations de paiement et finalis\u00e9 l&rsquo;achat, il ne vous reste plus qu&rsquo;\u00e0 attendre de savoir si vous avez gagn\u00e9 quelque chose.<\/p><h2 class=\"wp-block-heading\">Avez-vous gagn\u00e9<\/h2><p>Si vous achetez des billets pour le Lotto allemand 6aus49 en ligne, vous voulez \u00e9galement savoir si vous avez gagn\u00e9 en ligne, et c&rsquo;est plus facile que vous ne le pensez. Il vous suffit de vous connecter \u00e0 votre compte et de consulter la section \u00ab\u00a0Billets\u00a0\u00bb pour voir les num\u00e9ros gagnants et comparer vos num\u00e9ros.<\/p>","protected":false},"excerpt":{"rendered":"<p>Acheter des billets pour le loto allemand 6aus49 en ligne Une fois que vous avez d\u00e9cid\u00e9 que vous voulez jouer au Loto allemand, il est temps d&rsquo;acheter vos billets. Mais comment acheter des billets pour le loto allemand 6aus49 en ligne ? C&rsquo;est en fait plus facile que vous ne le pensez. Il vous suffit [&hellip;]<\/p>\n","protected":false},"author":1,"featured_media":0,"parent":1513,"menu_order":15,"comment_status":"closed","ping_status":"closed","template":"lotto-german-info.php","meta":{"_et_pb_use_builder":"","_et_pb_old_content":"","_et_gb_content_width":"","exclude_from_search":false,"footnotes":""},"class_list":["post-12861","page","type-page","status-publish","hentry"],"yoast_head":"<!-- This site is optimized with the Yoast SEO plugin v23.8 - https:\/\/yoast.com\/wordpress\/plugins\/seo\/ -->\n<title>Obtenez des billets pour le Lotto allemand en ligne<\/title>\n<meta name=\"description\" content=\"Les fans de loto \u00e9trangers peuvent d\u00e9sormais obtenir des billets pour le &quot;6 aus 49&quot; en ligne\" \/>\n<meta name=\"robots\" content=\"index, follow, max-snippet:-1, max-image-preview:large, max-video-preview:-1\" \/>\n<link rel=\"canonical\" href=\"https:\/\/redfoxlotto.com\/fr\/loterie\/loto-6aus49\/\" \/>\n<meta property=\"og:locale\" content=\"fr_FR\" \/>\n<meta property=\"og:type\" content=\"article\" \/>\n<meta property=\"og:title\" content=\"Obtenez des billets pour le Lotto allemand en ligne\" \/>\n<meta property=\"og:description\" content=\"Les fans de loto \u00e9trangers peuvent d\u00e9sormais obtenir des billets pour le &quot;6 aus 49&quot; en ligne\" \/>\n<meta property=\"og:url\" content=\"https:\/\/redfoxlotto.com\/fr\/loterie\/loto-6aus49\/\" \/>\n<meta property=\"og:site_name\" content=\"Get Tickets for the World\u2019s largest jackpots\" \/>\n<meta property=\"article:modified_time\" content=\"2023-05-13T07:26:21+00:00\" \/>\n<meta property=\"og:image\" content=\"https:\/\/content.redfoxlotto.com\/uploads\/sites\/9\/1_buy_lottery_online.jpg\" \/>\n<meta name=\"twitter:card\" content=\"summary_large_image\" \/>\n<meta name=\"twitter:label1\" content=\"Dur\u00e9e de lecture estim\u00e9e\" \/>\n\t<meta name=\"twitter:data1\" content=\"2 minutes\" \/>\n<script type=\"application\/ld+json\" class=\"yoast-schema-graph\">{\"@context\":\"https:\/\/schema.org\",\"@graph\":[{\"@type\":\"WebPage\",\"@id\":\"https:\/\/redfoxlotto.com\/fr\/loterie\/loto-6aus49\/\",\"url\":\"https:\/\/redfoxlotto.com\/fr\/loterie\/loto-6aus49\/\",\"name\":\"Obtenez des billets pour le Lotto allemand en ligne\",\"isPartOf\":{\"@id\":\"https:\/\/redfoxlotto.com\/fr\/#website\"},\"primaryImageOfPage\":{\"@id\":\"https:\/\/redfoxlotto.com\/fr\/loterie\/loto-6aus49\/#primaryimage\"},\"image\":{\"@id\":\"https:\/\/redfoxlotto.com\/fr\/loterie\/loto-6aus49\/#primaryimage\"},\"thumbnailUrl\":\"https:\/\/content.redfoxlotto.com\/uploads\/sites\/9\/1_buy_lottery_online.jpg\",\"datePublished\":\"2020-08-18T09:19:26+00:00\",\"dateModified\":\"2023-05-13T07:26:21+00:00\",\"description\":\"Les fans de loto \u00e9trangers peuvent d\u00e9sormais obtenir des billets pour le \\\"6 aus 49\\\" en ligne\",\"breadcrumb\":{\"@id\":\"https:\/\/redfoxlotto.com\/fr\/loterie\/loto-6aus49\/#breadcrumb\"},\"inLanguage\":\"fr-FR\",\"potentialAction\":[{\"@type\":\"ReadAction\",\"target\":[\"https:\/\/redfoxlotto.com\/fr\/loterie\/loto-6aus49\/\"]}]},{\"@type\":\"ImageObject\",\"inLanguage\":\"fr-FR\",\"@id\":\"https:\/\/redfoxlotto.com\/fr\/loterie\/loto-6aus49\/#primaryimage\",\"url\":\"https:\/\/content.redfoxlotto.com\/uploads\/sites\/9\/1_buy_lottery_online.jpg\",\"contentUrl\":\"https:\/\/content.redfoxlotto.com\/uploads\/sites\/9\/1_buy_lottery_online.jpg\"},{\"@type\":\"BreadcrumbList\",\"@id\":\"https:\/\/redfoxlotto.com\/fr\/loterie\/loto-6aus49\/#breadcrumb\",\"itemListElement\":[{\"@type\":\"ListItem\",\"position\":1,\"name\":\"Home\",\"item\":\"https:\/\/redfoxlotto.com\/fr\/\"},{\"@type\":\"ListItem\",\"position\":2,\"name\":\"Processus d&rsquo;achat de billets de loterie internationaux en ligne\",\"item\":\"https:\/\/redfoxlotto.com\/fr\/loterie\/\"},{\"@type\":\"ListItem\",\"position\":3,\"name\":\"\u00c0 propos du Lotto allemand 6 aus 49\"}]},{\"@type\":\"WebSite\",\"@id\":\"https:\/\/redfoxlotto.com\/fr\/#website\",\"url\":\"https:\/\/redfoxlotto.com\/fr\/\",\"name\":\"Get Tickets for the World\u2019s largest jackpots\",\"description\":\"Participate in worldwide lottery jackpots from any country\",\"publisher\":{\"@id\":\"https:\/\/redfoxlotto.com\/fr\/#organization\"},\"potentialAction\":[{\"@type\":\"SearchAction\",\"target\":{\"@type\":\"EntryPoint\",\"urlTemplate\":\"https:\/\/redfoxlotto.com\/fr\/?s={search_term_string}\"},\"query-input\":{\"@type\":\"PropertyValueSpecification\",\"valueRequired\":true,\"valueName\":\"search_term_string\"}}],\"inLanguage\":\"fr-FR\"},{\"@type\":\"Organization\",\"@id\":\"https:\/\/redfoxlotto.com\/fr\/#organization\",\"name\":\"Get Tickets for the World\u2019s largest jackpots\",\"url\":\"https:\/\/redfoxlotto.com\/fr\/\",\"logo\":{\"@type\":\"ImageObject\",\"inLanguage\":\"fr-FR\",\"@id\":\"https:\/\/redfoxlotto.com\/fr\/#\/schema\/logo\/image\/\",\"url\":\"https:\/\/redfoxlotto.com\/wp-content\/uploads\/2023\/04\/logo.png\",\"contentUrl\":\"https:\/\/redfoxlotto.com\/wp-content\/uploads\/2023\/04\/logo.png\",\"width\":269,\"height\":53,\"caption\":\"Get Tickets for the World\u2019s largest jackpots\"},\"image\":{\"@id\":\"https:\/\/redfoxlotto.com\/fr\/#\/schema\/logo\/image\/\"}}]}<\/script>\n<!-- \/ Yoast SEO plugin. -->","yoast_head_json":{"title":"Obtenez des billets pour le Lotto allemand en ligne","description":"Les fans de loto \u00e9trangers peuvent d\u00e9sormais obtenir des billets pour le \"6 aus 49\" en ligne","robots":{"index":"index","follow":"follow","max-snippet":"max-snippet:-1","max-image-preview":"max-image-preview:large","max-video-preview":"max-video-preview:-1"},"canonical":"https:\/\/redfoxlotto.com\/fr\/loterie\/loto-6aus49\/","og_locale":"fr_FR","og_type":"article","og_title":"Obtenez des billets pour le Lotto allemand en ligne","og_description":"Les fans de loto \u00e9trangers peuvent d\u00e9sormais obtenir des billets pour le \"6 aus 49\" en ligne","og_url":"https:\/\/redfoxlotto.com\/fr\/loterie\/loto-6aus49\/","og_site_name":"Get Tickets for the World\u2019s largest jackpots","article_modified_time":"2023-05-13T07:26:21+00:00","og_image":[{"url":"https:\/\/content.redfoxlotto.com\/uploads\/sites\/9\/1_buy_lottery_online.jpg"}],"twitter_card":"summary_large_image","twitter_misc":{"Dur\u00e9e de lecture estim\u00e9e":"2 minutes"},"schema":{"@context":"https:\/\/schema.org","@graph":[{"@type":"WebPage","@id":"https:\/\/redfoxlotto.com\/fr\/loterie\/loto-6aus49\/","url":"https:\/\/redfoxlotto.com\/fr\/loterie\/loto-6aus49\/","name":"Obtenez des billets pour le Lotto allemand en ligne","isPartOf":{"@id":"https:\/\/redfoxlotto.com\/fr\/#website"},"primaryImageOfPage":{"@id":"https:\/\/redfoxlotto.com\/fr\/loterie\/loto-6aus49\/#primaryimage"},"image":{"@id":"https:\/\/redfoxlotto.com\/fr\/loterie\/loto-6aus49\/#primaryimage"},"thumbnailUrl":"https:\/\/content.redfoxlotto.com\/uploads\/sites\/9\/1_buy_lottery_online.jpg","datePublished":"2020-08-18T09:19:26+00:00","dateModified":"2023-05-13T07:26:21+00:00","description":"Les fans de loto \u00e9trangers peuvent d\u00e9sormais obtenir des billets pour le \"6 aus 49\" en ligne","breadcrumb":{"@id":"https:\/\/redfoxlotto.com\/fr\/loterie\/loto-6aus49\/#breadcrumb"},"inLanguage":"fr-FR","potentialAction":[{"@type":"ReadAction","target":["https:\/\/redfoxlotto.com\/fr\/loterie\/loto-6aus49\/"]}]},{"@type":"ImageObject","inLanguage":"fr-FR","@id":"https:\/\/redfoxlotto.com\/fr\/loterie\/loto-6aus49\/#primaryimage","url":"https:\/\/content.redfoxlotto.com\/uploads\/sites\/9\/1_buy_lottery_online.jpg","contentUrl":"https:\/\/content.redfoxlotto.com\/uploads\/sites\/9\/1_buy_lottery_online.jpg"},{"@type":"BreadcrumbList","@id":"https:\/\/redfoxlotto.com\/fr\/loterie\/loto-6aus49\/#breadcrumb","itemListElement":[{"@type":"ListItem","position":1,"name":"Home","item":"https:\/\/redfoxlotto.com\/fr\/"},{"@type":"ListItem","position":2,"name":"Processus d&rsquo;achat de billets de loterie internationaux en ligne","item":"https:\/\/redfoxlotto.com\/fr\/loterie\/"},{"@type":"ListItem","position":3,"name":"\u00c0 propos du Lotto allemand 6 aus 49"}]},{"@type":"WebSite","@id":"https:\/\/redfoxlotto.com\/fr\/#website","url":"https:\/\/redfoxlotto.com\/fr\/","name":"Get Tickets for the World\u2019s largest jackpots","description":"Participate in worldwide lottery jackpots from any country","publisher":{"@id":"https:\/\/redfoxlotto.com\/fr\/#organization"},"potentialAction":[{"@type":"SearchAction","target":{"@type":"EntryPoint","urlTemplate":"https:\/\/redfoxlotto.com\/fr\/?s={search_term_string}"},"query-input":{"@type":"PropertyValueSpecification","valueRequired":true,"valueName":"search_term_string"}}],"inLanguage":"fr-FR"},{"@type":"Organization","@id":"https:\/\/redfoxlotto.com\/fr\/#organization","name":"Get Tickets for the World\u2019s largest jackpots","url":"https:\/\/redfoxlotto.com\/fr\/","logo":{"@type":"ImageObject","inLanguage":"fr-FR","@id":"https:\/\/redfoxlotto.com\/fr\/#\/schema\/logo\/image\/","url":"https:\/\/redfoxlotto.com\/wp-content\/uploads\/2023\/04\/logo.png","contentUrl":"https:\/\/redfoxlotto.com\/wp-content\/uploads\/2023\/04\/logo.png","width":269,"height":53,"caption":"Get Tickets for the World\u2019s largest jackpots"},"image":{"@id":"https:\/\/redfoxlotto.com\/fr\/#\/schema\/logo\/image\/"}}]}},"_links":{"self":[{"href":"https:\/\/redfoxlotto.com\/fr\/wp-json\/wp\/v2\/pages\/12861","targetHints":{"allow":["GET"]}}],"collection":[{"href":"https:\/\/redfoxlotto.com\/fr\/wp-json\/wp\/v2\/pages"}],"about":[{"href":"https:\/\/redfoxlotto.com\/fr\/wp-json\/wp\/v2\/types\/page"}],"author":[{"embeddable":true,"href":"https:\/\/redfoxlotto.com\/fr\/wp-json\/wp\/v2\/users\/1"}],"replies":[{"embeddable":true,"href":"https:\/\/redfoxlotto.com\/fr\/wp-json\/wp\/v2\/comments?post=12861"}],"version-history":[{"count":0,"href":"https:\/\/redfoxlotto.com\/fr\/wp-json\/wp\/v2\/pages\/12861\/revisions"}],"up":[{"embeddable":true,"href":"https:\/\/redfoxlotto.com\/fr\/wp-json\/wp\/v2\/pages\/1513"}],"wp:attachment":[{"href":"https:\/\/redfoxlotto.com\/fr\/wp-json\/wp\/v2\/media?parent=12861"}],"curies":[{"name":"wp","href":"https:\/\/api.w.org\/{rel}","templated":true}]}}