{"id":12860,"date":"2023-04-24T18:15:05","date_gmt":"2023-04-24T18:15:05","guid":{"rendered":"https:\/\/redfoxlotto.com\/?page_id=12860"},"modified":"2025-12-11T07:20:55","modified_gmt":"2025-12-11T07:20:55","slug":"lotto-6aus49","status":"publish","type":"page","link":"https:\/\/redfoxlotto.com\/fr\/jouer\/lotto-6aus49\/","title":{"rendered":"Jouer au loto allemand en ligne"},"content":{"rendered":"<script type=\"application\/ld+json\">\r\n{\r\n  \"@context\": \"https:\/\/schema.org\",\r\n  \"@type\": \"Service\",\r\n  \"name\": \"Lotto Germany online\",\r\n  \"url\": \"https:\/\/redfoxlotto.com\/fr\/jouer\/lotto-6aus49\/\",\r\n  \"description\": \"Achetez des billets officiels Lotto Germany en ligne via RedFoxLotto. Choisissez vos num\u00e9ros et participez au prochain tirage.\",\r\n  \"serviceType\": \"Online lottery ticket purchase\",\r\n\r\n  \"provider\": {\r\n    \"@type\": \"Organization\",\r\n    \"name\": \"RedFoxLotto\",\r\n    \"url\": \"https:\/\/redfoxlotto.com\",\r\n    \"logo\": \"https:\/\/redfoxlotto.com\/wp-content\/uploads\/logo.png\"\r\n  },\r\n\r\n  \"areaServed\": \"Worldwide\",\r\n  \"termsOfService\": \"https:\/\/redfoxlotto.com\/terms-and-conditions\",\r\n\r\n  \"hasOfferCatalog\": {\r\n    \"@type\": \"OfferCatalog\",\r\n    \"name\": \"Lotto Germany Offers\",\r\n    \"itemListElement\": [\r\n      {\r\n        \"@type\": \"Offer\",\r\n        \"name\": \"Lotto Lotto Germany Ticket\",\r\n        \"url\": \"https:\/\/redfoxlotto.com\/fr\/jouer\/lotto-6aus49\/\",\r\n        \"description\": \"Une participation au prochain tirage du Lotto Germany.\",\r\n        \"price\": \"3.80\",\r\n        \"priceCurrency\": \"EUR\",\r\n        \"availability\": \"https:\/\/schema.org\/InStock\",\r\n\r\n        \"itemOffered\": {\r\n          \"@type\": \"Service\",\r\n          \"name\": \"Lotto Germany Lottery Entry\",\r\n          \"description\": \"Participation au prochain tirage du Lotto Germany via RedFoxLotto.\"\r\n        }\r\n      }\r\n    ]\r\n  },\r\n\r\n  \"mainEntityOfPage\": {\r\n    \"@type\": \"WebPage\",\r\n    \"@id\": \"https:\/\/redfoxlotto.com\/fr\/jouer\/lotto-6aus49\/\"\r\n  }\r\n}\r\n<\/script><p>Si vous cherchez un nouveau jeu \u00e0 jouer, vous devriez regarder de plus pr\u00e8s comment jouer au loto allemand 6aus49 en ligne. Vous allez adorer le jeu et sa simplicit\u00e9, et vous aimerez certainement la possibilit\u00e9 de gagner ce super jackpot. Avec ce jeu, vous s\u00e9lectionnez 6 boules normales ainsi qu&rsquo;une super boule.<\/p><p><img decoding=\"async\" class=\"size-full wp-image alignright\" src=\"https:\/\/content.redfoxlotto.com\/uploads\/sites\/9\/1_big_win_lotto.jpg\" alt=\"Lotto Allemagne en ligne\"><\/p><p>Les boules normales sont num\u00e9rot\u00e9es de 1 \u00e0 49, tandis que le num\u00e9ro suppl\u00e9mentaire est de 0 \u00e0 9. Pour gagner, il vous suffit de faire correspondre au moins trois des boules. Si vous y parvenez, vous recevrez un prix, mais vous devrez avoir toutes les boules pour remporter le jackpot.<\/p><h2 class=\"wp-block-heading\">Comment jouer au loto allemand 6aus49 en ligne<\/h2><p>Pr\u00eat \u00e0 acheter vos propres billets ? Alors, vous allez devoir savoir comment jouer. Le choix de vos num\u00e9ros est la premi\u00e8re \u00e9tape, \u00e0 moins que vous ne souhaitiez que les num\u00e9ros soient g\u00e9n\u00e9r\u00e9s automatiquement pour vous. Ces billets faciles \u00e0 choisir vous permettent de vous pr\u00e9parer encore plus facilement pour le tirage.<\/p><p>Vous pouvez utiliser RedFoxLotto.com pour acheter vos billets facilement, que vous vouliez choisir vos num\u00e9ros ou non. Il vous suffit ensuite d&rsquo;indiquer votre mode de paiement pr\u00e9f\u00e9r\u00e9 et d&rsquo;attendre de voir si vous gagnez.<\/p><h2 class=\"wp-block-heading\">V\u00e9rifiez les r\u00e9sultats<\/h2><p>Une fois le tirage au sort termin\u00e9, vous pouvez consulter les r\u00e9sultats du jeu et voir si vous avez gagn\u00e9 ou si vous voulez acheter d&rsquo;autres billets pour le prochain match. Tous les num\u00e9ros gagnants se trouveront sur RedFoxLotto.com.<\/p>","protected":false},"excerpt":{"rendered":"<p>Si vous cherchez un nouveau jeu \u00e0 jouer, vous devriez regarder de plus pr\u00e8s comment jouer au loto allemand 6aus49 en ligne. Vous allez adorer le jeu et sa simplicit\u00e9, et vous aimerez certainement la possibilit\u00e9 de gagner ce super jackpot. Avec ce jeu, vous s\u00e9lectionnez 6 boules normales ainsi qu&rsquo;une super boule. Les boules [&hellip;]<\/p>\n","protected":false},"author":1,"featured_media":0,"parent":1498,"menu_order":15,"comment_status":"closed","ping_status":"closed","template":"lotto-german.php","meta":{"_et_pb_use_builder":"","_et_pb_old_content":"","_et_gb_content_width":"","exclude_from_search":false,"footnotes":""},"class_list":["post-12860","page","type-page","status-publish","hentry"],"yoast_head":"<!-- This site is optimized with the Yoast SEO plugin v23.8 - https:\/\/yoast.com\/wordpress\/plugins\/seo\/ -->\n<title>Jouer au loto allemand en ligne<\/title>\n<meta name=\"description\" content=\"Le loto allemand &quot;6 aus 49&quot; est d\u00e9sormais disponible de partout - jouez-le en ligne !\" \/>\n<meta name=\"robots\" content=\"index, follow, max-snippet:-1, max-image-preview:large, max-video-preview:-1\" \/>\n<link rel=\"canonical\" href=\"https:\/\/redfoxlotto.com\/fr\/jouer\/lotto-6aus49\/\" \/>\n<meta property=\"og:locale\" content=\"fr_FR\" \/>\n<meta property=\"og:type\" content=\"article\" \/>\n<meta property=\"og:title\" content=\"Jouer au loto allemand en ligne\" \/>\n<meta property=\"og:description\" content=\"Le loto allemand &quot;6 aus 49&quot; est d\u00e9sormais disponible de partout - jouez-le en ligne !\" \/>\n<meta property=\"og:url\" content=\"https:\/\/redfoxlotto.com\/fr\/jouer\/lotto-6aus49\/\" \/>\n<meta property=\"og:site_name\" content=\"Get Tickets for the World\u2019s largest jackpots\" \/>\n<meta property=\"article:modified_time\" content=\"2025-12-11T07:20:55+00:00\" \/>\n<meta property=\"og:image\" content=\"https:\/\/content.redfoxlotto.com\/uploads\/sites\/9\/1_big_win_lotto.jpg\" \/>\n<meta name=\"twitter:card\" content=\"summary_large_image\" \/>\n<meta name=\"twitter:label1\" content=\"Dur\u00e9e de lecture estim\u00e9e\" \/>\n\t<meta name=\"twitter:data1\" content=\"2 minutes\" \/>\n<script type=\"application\/ld+json\" class=\"yoast-schema-graph\">{\"@context\":\"https:\/\/schema.org\",\"@graph\":[{\"@type\":\"WebPage\",\"@id\":\"https:\/\/redfoxlotto.com\/fr\/jouer\/lotto-6aus49\/\",\"url\":\"https:\/\/redfoxlotto.com\/fr\/jouer\/lotto-6aus49\/\",\"name\":\"Jouer au loto allemand en ligne\",\"isPartOf\":{\"@id\":\"https:\/\/redfoxlotto.com\/fr\/#website\"},\"primaryImageOfPage\":{\"@id\":\"https:\/\/redfoxlotto.com\/fr\/jouer\/lotto-6aus49\/#primaryimage\"},\"image\":{\"@id\":\"https:\/\/redfoxlotto.com\/fr\/jouer\/lotto-6aus49\/#primaryimage\"},\"thumbnailUrl\":\"https:\/\/content.redfoxlotto.com\/uploads\/sites\/9\/1_big_win_lotto.jpg\",\"datePublished\":\"2023-04-24T18:15:05+00:00\",\"dateModified\":\"2025-12-11T07:20:55+00:00\",\"description\":\"Le loto allemand \\\"6 aus 49\\\" est d\u00e9sormais disponible de partout - jouez-le en ligne !\",\"breadcrumb\":{\"@id\":\"https:\/\/redfoxlotto.com\/fr\/jouer\/lotto-6aus49\/#breadcrumb\"},\"inLanguage\":\"fr-FR\",\"potentialAction\":[{\"@type\":\"ReadAction\",\"target\":[\"https:\/\/redfoxlotto.com\/fr\/jouer\/lotto-6aus49\/\"]}]},{\"@type\":\"ImageObject\",\"inLanguage\":\"fr-FR\",\"@id\":\"https:\/\/redfoxlotto.com\/fr\/jouer\/lotto-6aus49\/#primaryimage\",\"url\":\"https:\/\/content.redfoxlotto.com\/uploads\/sites\/9\/1_big_win_lotto.jpg\",\"contentUrl\":\"https:\/\/content.redfoxlotto.com\/uploads\/sites\/9\/1_big_win_lotto.jpg\"},{\"@type\":\"BreadcrumbList\",\"@id\":\"https:\/\/redfoxlotto.com\/fr\/jouer\/lotto-6aus49\/#breadcrumb\",\"itemListElement\":[{\"@type\":\"ListItem\",\"position\":1,\"name\":\"Home\",\"item\":\"https:\/\/redfoxlotto.com\/fr\/\"},{\"@type\":\"ListItem\",\"position\":2,\"name\":\"Comment jouer au loto en ligne\",\"item\":\"https:\/\/redfoxlotto.com\/fr\/jouer\/\"},{\"@type\":\"ListItem\",\"position\":3,\"name\":\"Jouer au loto allemand en ligne\"}]},{\"@type\":\"WebSite\",\"@id\":\"https:\/\/redfoxlotto.com\/fr\/#website\",\"url\":\"https:\/\/redfoxlotto.com\/fr\/\",\"name\":\"Get Tickets for the World\u2019s largest jackpots\",\"description\":\"Participate in worldwide lottery jackpots from any country\",\"publisher\":{\"@id\":\"https:\/\/redfoxlotto.com\/fr\/#organization\"},\"potentialAction\":[{\"@type\":\"SearchAction\",\"target\":{\"@type\":\"EntryPoint\",\"urlTemplate\":\"https:\/\/redfoxlotto.com\/fr\/?s={search_term_string}\"},\"query-input\":{\"@type\":\"PropertyValueSpecification\",\"valueRequired\":true,\"valueName\":\"search_term_string\"}}],\"inLanguage\":\"fr-FR\"},{\"@type\":\"Organization\",\"@id\":\"https:\/\/redfoxlotto.com\/fr\/#organization\",\"name\":\"Get Tickets for the World\u2019s largest jackpots\",\"url\":\"https:\/\/redfoxlotto.com\/fr\/\",\"logo\":{\"@type\":\"ImageObject\",\"inLanguage\":\"fr-FR\",\"@id\":\"https:\/\/redfoxlotto.com\/fr\/#\/schema\/logo\/image\/\",\"url\":\"https:\/\/redfoxlotto.com\/wp-content\/uploads\/2023\/04\/logo.png\",\"contentUrl\":\"https:\/\/redfoxlotto.com\/wp-content\/uploads\/2023\/04\/logo.png\",\"width\":269,\"height\":53,\"caption\":\"Get Tickets for the World\u2019s largest jackpots\"},\"image\":{\"@id\":\"https:\/\/redfoxlotto.com\/fr\/#\/schema\/logo\/image\/\"}}]}<\/script>\n<!-- \/ Yoast SEO plugin. -->","yoast_head_json":{"title":"Jouer au loto allemand en ligne","description":"Le loto allemand \"6 aus 49\" est d\u00e9sormais disponible de partout - jouez-le en ligne !","robots":{"index":"index","follow":"follow","max-snippet":"max-snippet:-1","max-image-preview":"max-image-preview:large","max-video-preview":"max-video-preview:-1"},"canonical":"https:\/\/redfoxlotto.com\/fr\/jouer\/lotto-6aus49\/","og_locale":"fr_FR","og_type":"article","og_title":"Jouer au loto allemand en ligne","og_description":"Le loto allemand \"6 aus 49\" est d\u00e9sormais disponible de partout - jouez-le en ligne !","og_url":"https:\/\/redfoxlotto.com\/fr\/jouer\/lotto-6aus49\/","og_site_name":"Get Tickets for the World\u2019s largest jackpots","article_modified_time":"2025-12-11T07:20:55+00:00","og_image":[{"url":"https:\/\/content.redfoxlotto.com\/uploads\/sites\/9\/1_big_win_lotto.jpg"}],"twitter_card":"summary_large_image","twitter_misc":{"Dur\u00e9e de lecture estim\u00e9e":"2 minutes"},"schema":{"@context":"https:\/\/schema.org","@graph":[{"@type":"WebPage","@id":"https:\/\/redfoxlotto.com\/fr\/jouer\/lotto-6aus49\/","url":"https:\/\/redfoxlotto.com\/fr\/jouer\/lotto-6aus49\/","name":"Jouer au loto allemand en ligne","isPartOf":{"@id":"https:\/\/redfoxlotto.com\/fr\/#website"},"primaryImageOfPage":{"@id":"https:\/\/redfoxlotto.com\/fr\/jouer\/lotto-6aus49\/#primaryimage"},"image":{"@id":"https:\/\/redfoxlotto.com\/fr\/jouer\/lotto-6aus49\/#primaryimage"},"thumbnailUrl":"https:\/\/content.redfoxlotto.com\/uploads\/sites\/9\/1_big_win_lotto.jpg","datePublished":"2023-04-24T18:15:05+00:00","dateModified":"2025-12-11T07:20:55+00:00","description":"Le loto allemand \"6 aus 49\" est d\u00e9sormais disponible de partout - jouez-le en ligne !","breadcrumb":{"@id":"https:\/\/redfoxlotto.com\/fr\/jouer\/lotto-6aus49\/#breadcrumb"},"inLanguage":"fr-FR","potentialAction":[{"@type":"ReadAction","target":["https:\/\/redfoxlotto.com\/fr\/jouer\/lotto-6aus49\/"]}]},{"@type":"ImageObject","inLanguage":"fr-FR","@id":"https:\/\/redfoxlotto.com\/fr\/jouer\/lotto-6aus49\/#primaryimage","url":"https:\/\/content.redfoxlotto.com\/uploads\/sites\/9\/1_big_win_lotto.jpg","contentUrl":"https:\/\/content.redfoxlotto.com\/uploads\/sites\/9\/1_big_win_lotto.jpg"},{"@type":"BreadcrumbList","@id":"https:\/\/redfoxlotto.com\/fr\/jouer\/lotto-6aus49\/#breadcrumb","itemListElement":[{"@type":"ListItem","position":1,"name":"Home","item":"https:\/\/redfoxlotto.com\/fr\/"},{"@type":"ListItem","position":2,"name":"Comment jouer au loto en ligne","item":"https:\/\/redfoxlotto.com\/fr\/jouer\/"},{"@type":"ListItem","position":3,"name":"Jouer au loto allemand en ligne"}]},{"@type":"WebSite","@id":"https:\/\/redfoxlotto.com\/fr\/#website","url":"https:\/\/redfoxlotto.com\/fr\/","name":"Get Tickets for the World\u2019s largest jackpots","description":"Participate in worldwide lottery jackpots from any country","publisher":{"@id":"https:\/\/redfoxlotto.com\/fr\/#organization"},"potentialAction":[{"@type":"SearchAction","target":{"@type":"EntryPoint","urlTemplate":"https:\/\/redfoxlotto.com\/fr\/?s={search_term_string}"},"query-input":{"@type":"PropertyValueSpecification","valueRequired":true,"valueName":"search_term_string"}}],"inLanguage":"fr-FR"},{"@type":"Organization","@id":"https:\/\/redfoxlotto.com\/fr\/#organization","name":"Get Tickets for the World\u2019s largest jackpots","url":"https:\/\/redfoxlotto.com\/fr\/","logo":{"@type":"ImageObject","inLanguage":"fr-FR","@id":"https:\/\/redfoxlotto.com\/fr\/#\/schema\/logo\/image\/","url":"https:\/\/redfoxlotto.com\/wp-content\/uploads\/2023\/04\/logo.png","contentUrl":"https:\/\/redfoxlotto.com\/wp-content\/uploads\/2023\/04\/logo.png","width":269,"height":53,"caption":"Get Tickets for the World\u2019s largest jackpots"},"image":{"@id":"https:\/\/redfoxlotto.com\/fr\/#\/schema\/logo\/image\/"}}]}},"_links":{"self":[{"href":"https:\/\/redfoxlotto.com\/fr\/wp-json\/wp\/v2\/pages\/12860","targetHints":{"allow":["GET"]}}],"collection":[{"href":"https:\/\/redfoxlotto.com\/fr\/wp-json\/wp\/v2\/pages"}],"about":[{"href":"https:\/\/redfoxlotto.com\/fr\/wp-json\/wp\/v2\/types\/page"}],"author":[{"embeddable":true,"href":"https:\/\/redfoxlotto.com\/fr\/wp-json\/wp\/v2\/users\/1"}],"replies":[{"embeddable":true,"href":"https:\/\/redfoxlotto.com\/fr\/wp-json\/wp\/v2\/comments?post=12860"}],"version-history":[{"count":0,"href":"https:\/\/redfoxlotto.com\/fr\/wp-json\/wp\/v2\/pages\/12860\/revisions"}],"up":[{"embeddable":true,"href":"https:\/\/redfoxlotto.com\/fr\/wp-json\/wp\/v2\/pages\/1498"}],"wp:attachment":[{"href":"https:\/\/redfoxlotto.com\/fr\/wp-json\/wp\/v2\/media?parent=12860"}],"curies":[{"name":"wp","href":"https:\/\/api.w.org\/{rel}","templated":true}]}}