{"id":12856,"date":"2020-08-18T09:14:14","date_gmt":"2020-08-18T09:14:14","guid":{"rendered":"https:\/\/redfoxlotto.com\/?page_id=12856"},"modified":"2023-05-19T09:22:12","modified_gmt":"2023-05-19T09:22:12","slug":"lotto-at","status":"publish","type":"page","link":"https:\/\/redfoxlotto.com\/fr\/resultats\/lotto-at\/","title":{"rendered":"R\u00e9sultats du loto Autriche"},"content":{"rendered":"<h2 class=\"wp-block-heading\">Num\u00e9ros gagnants du Lotto autrichien<\/h2><p>O\u00f9 trouverez-vous les num\u00e9ros gagnants du loto autrichien une fois le tirage termin\u00e9 ? Il vous suffit de vous connecter sur notre site web o\u00f9 vous avez achet\u00e9 vos billets et les num\u00e9ros seront l\u00e0 pour vous.<\/p><h2 class=\"wp-block-heading\">V\u00e9rifier les derniers r\u00e9sultats<\/h2><p>Avec RedFoxLotto.com, vous pouvez trouver les derniers r\u00e9sultats de tous vos jeux pr\u00e9f\u00e9r\u00e9s directement sur notre site web. Vous n&rsquo;avez rien \u00e0 craindre, car tout sera l\u00e0. Mais si vous avez achet\u00e9 vos propres billets, il sera encore plus facile de trouver les bons r\u00e9sultats<\/p><h2 class=\"wp-block-heading\">V\u00e9rifier vos r\u00e9sultats<\/h2><p>Si vos billets comportent les num\u00e9ros gagnants du Lotto autrichien, vous le saurez tout de suite. En effet, il vous suffit de vous connecter \u00e0 votre compte personnel, de consulter \u00ab\u00a0mes billets\u00a0\u00bb et de voir quels num\u00e9ros correspondent aux num\u00e9ros gagnants des derniers tirages.<\/p><p>Tous les billets que vous achetez pour n&rsquo;importe quel jeu seront disponibles ici et vous pourrez voir les num\u00e9ros que vous avez en commun avec le billet gagnant ainsi que ce que vous avez peut-\u00eatre gagn\u00e9. S&rsquo;il s&rsquo;agit d&rsquo;un montant sup\u00e9rieur \u00e0 2 500,00 \u20ac, il sera m\u00eame imm\u00e9diatement d\u00e9pos\u00e9 sur votre compte.<\/p><h2 class=\"wp-block-heading\">Archives des r\u00e9sultats du loto autrichien<\/h2><p>Une fois que vous connaissez les num\u00e9ros gagnants actuels du Lotto autrichien, vous voudrez peut-\u00eatre conna\u00eetre certains des anciens num\u00e9ros. Il vous suffit de consulter les archives des r\u00e9sultats et vous pourrez voir quels num\u00e9ros ont gagn\u00e9 dans le pass\u00e9 et ceux qui ont tendance \u00e0 gagner le plus souvent.<\/p>","protected":false},"excerpt":{"rendered":"<p>Num\u00e9ros gagnants du Lotto autrichien O\u00f9 trouverez-vous les num\u00e9ros gagnants du loto autrichien une fois le tirage termin\u00e9 ? Il vous suffit de vous connecter sur notre site web o\u00f9 vous avez achet\u00e9 vos billets et les num\u00e9ros seront l\u00e0 pour vous. V\u00e9rifier les derniers r\u00e9sultats Avec RedFoxLotto.com, vous pouvez trouver les derniers r\u00e9sultats de [&hellip;]<\/p>\n","protected":false},"author":1,"featured_media":0,"parent":1528,"menu_order":16,"comment_status":"closed","ping_status":"closed","template":"","meta":{"_et_pb_use_builder":"","_et_pb_old_content":"","_et_gb_content_width":"","exclude_from_search":false,"footnotes":""},"class_list":["post-12856","page","type-page","status-publish","hentry"],"yoast_head":"<!-- This site is optimized with the Yoast SEO plugin v23.8 - https:\/\/yoast.com\/wordpress\/plugins\/seo\/ -->\n<title>Num\u00e9ros gagnants et r\u00e9sultats de la loterie autrichienne<\/title>\n<meta name=\"description\" content=\"R\u00e9sultats hebdomadaires des nouveaux et anciens tirages de la loterie autrichienne\" \/>\n<meta name=\"robots\" content=\"index, follow, max-snippet:-1, max-image-preview:large, max-video-preview:-1\" \/>\n<link rel=\"canonical\" href=\"https:\/\/redfoxlotto.com\/fr\/resultats\/lotto-at\/\" \/>\n<meta property=\"og:locale\" content=\"fr_FR\" \/>\n<meta property=\"og:type\" content=\"article\" \/>\n<meta property=\"og:title\" content=\"Num\u00e9ros gagnants et r\u00e9sultats de la loterie autrichienne\" \/>\n<meta property=\"og:description\" content=\"R\u00e9sultats hebdomadaires des nouveaux et anciens tirages de la loterie autrichienne\" \/>\n<meta property=\"og:url\" content=\"https:\/\/redfoxlotto.com\/fr\/resultats\/lotto-at\/\" \/>\n<meta property=\"og:site_name\" content=\"Get Tickets for the World\u2019s largest jackpots\" \/>\n<meta property=\"article:modified_time\" content=\"2023-05-19T09:22:12+00:00\" \/>\n<meta name=\"twitter:card\" content=\"summary_large_image\" \/>\n<meta name=\"twitter:label1\" content=\"Dur\u00e9e de lecture estim\u00e9e\" \/>\n\t<meta name=\"twitter:data1\" content=\"1 minute\" \/>\n<script type=\"application\/ld+json\" class=\"yoast-schema-graph\">{\"@context\":\"https:\/\/schema.org\",\"@graph\":[{\"@type\":\"WebPage\",\"@id\":\"https:\/\/redfoxlotto.com\/fr\/resultats\/lotto-at\/\",\"url\":\"https:\/\/redfoxlotto.com\/fr\/resultats\/lotto-at\/\",\"name\":\"Num\u00e9ros gagnants et r\u00e9sultats de la loterie autrichienne\",\"isPartOf\":{\"@id\":\"https:\/\/redfoxlotto.com\/fr\/#website\"},\"datePublished\":\"2020-08-18T09:14:14+00:00\",\"dateModified\":\"2023-05-19T09:22:12+00:00\",\"description\":\"R\u00e9sultats hebdomadaires des nouveaux et anciens tirages de la loterie autrichienne\",\"breadcrumb\":{\"@id\":\"https:\/\/redfoxlotto.com\/fr\/resultats\/lotto-at\/#breadcrumb\"},\"inLanguage\":\"fr-FR\",\"potentialAction\":[{\"@type\":\"ReadAction\",\"target\":[\"https:\/\/redfoxlotto.com\/fr\/resultats\/lotto-at\/\"]}]},{\"@type\":\"BreadcrumbList\",\"@id\":\"https:\/\/redfoxlotto.com\/fr\/resultats\/lotto-at\/#breadcrumb\",\"itemListElement\":[{\"@type\":\"ListItem\",\"position\":1,\"name\":\"Home\",\"item\":\"https:\/\/redfoxlotto.com\/fr\/\"},{\"@type\":\"ListItem\",\"position\":2,\"name\":\"R\u00e9sultats des loteries internationales\",\"item\":\"https:\/\/redfoxlotto.com\/fr\/resultats\/\"},{\"@type\":\"ListItem\",\"position\":3,\"name\":\"R\u00e9sultats du loto Autriche\"}]},{\"@type\":\"WebSite\",\"@id\":\"https:\/\/redfoxlotto.com\/fr\/#website\",\"url\":\"https:\/\/redfoxlotto.com\/fr\/\",\"name\":\"Get Tickets for the World\u2019s largest jackpots\",\"description\":\"Participate in worldwide lottery jackpots from any country\",\"publisher\":{\"@id\":\"https:\/\/redfoxlotto.com\/fr\/#organization\"},\"potentialAction\":[{\"@type\":\"SearchAction\",\"target\":{\"@type\":\"EntryPoint\",\"urlTemplate\":\"https:\/\/redfoxlotto.com\/fr\/?s={search_term_string}\"},\"query-input\":{\"@type\":\"PropertyValueSpecification\",\"valueRequired\":true,\"valueName\":\"search_term_string\"}}],\"inLanguage\":\"fr-FR\"},{\"@type\":\"Organization\",\"@id\":\"https:\/\/redfoxlotto.com\/fr\/#organization\",\"name\":\"Get Tickets for the World\u2019s largest jackpots\",\"url\":\"https:\/\/redfoxlotto.com\/fr\/\",\"logo\":{\"@type\":\"ImageObject\",\"inLanguage\":\"fr-FR\",\"@id\":\"https:\/\/redfoxlotto.com\/fr\/#\/schema\/logo\/image\/\",\"url\":\"https:\/\/redfoxlotto.com\/wp-content\/uploads\/2023\/04\/logo.png\",\"contentUrl\":\"https:\/\/redfoxlotto.com\/wp-content\/uploads\/2023\/04\/logo.png\",\"width\":269,\"height\":53,\"caption\":\"Get Tickets for the World\u2019s largest jackpots\"},\"image\":{\"@id\":\"https:\/\/redfoxlotto.com\/fr\/#\/schema\/logo\/image\/\"}}]}<\/script>\n<!-- \/ Yoast SEO plugin. -->","yoast_head_json":{"title":"Num\u00e9ros gagnants et r\u00e9sultats de la loterie autrichienne","description":"R\u00e9sultats hebdomadaires des nouveaux et anciens tirages de la loterie autrichienne","robots":{"index":"index","follow":"follow","max-snippet":"max-snippet:-1","max-image-preview":"max-image-preview:large","max-video-preview":"max-video-preview:-1"},"canonical":"https:\/\/redfoxlotto.com\/fr\/resultats\/lotto-at\/","og_locale":"fr_FR","og_type":"article","og_title":"Num\u00e9ros gagnants et r\u00e9sultats de la loterie autrichienne","og_description":"R\u00e9sultats hebdomadaires des nouveaux et anciens tirages de la loterie autrichienne","og_url":"https:\/\/redfoxlotto.com\/fr\/resultats\/lotto-at\/","og_site_name":"Get Tickets for the World\u2019s largest jackpots","article_modified_time":"2023-05-19T09:22:12+00:00","twitter_card":"summary_large_image","twitter_misc":{"Dur\u00e9e de lecture estim\u00e9e":"1 minute"},"schema":{"@context":"https:\/\/schema.org","@graph":[{"@type":"WebPage","@id":"https:\/\/redfoxlotto.com\/fr\/resultats\/lotto-at\/","url":"https:\/\/redfoxlotto.com\/fr\/resultats\/lotto-at\/","name":"Num\u00e9ros gagnants et r\u00e9sultats de la loterie autrichienne","isPartOf":{"@id":"https:\/\/redfoxlotto.com\/fr\/#website"},"datePublished":"2020-08-18T09:14:14+00:00","dateModified":"2023-05-19T09:22:12+00:00","description":"R\u00e9sultats hebdomadaires des nouveaux et anciens tirages de la loterie autrichienne","breadcrumb":{"@id":"https:\/\/redfoxlotto.com\/fr\/resultats\/lotto-at\/#breadcrumb"},"inLanguage":"fr-FR","potentialAction":[{"@type":"ReadAction","target":["https:\/\/redfoxlotto.com\/fr\/resultats\/lotto-at\/"]}]},{"@type":"BreadcrumbList","@id":"https:\/\/redfoxlotto.com\/fr\/resultats\/lotto-at\/#breadcrumb","itemListElement":[{"@type":"ListItem","position":1,"name":"Home","item":"https:\/\/redfoxlotto.com\/fr\/"},{"@type":"ListItem","position":2,"name":"R\u00e9sultats des loteries internationales","item":"https:\/\/redfoxlotto.com\/fr\/resultats\/"},{"@type":"ListItem","position":3,"name":"R\u00e9sultats du loto Autriche"}]},{"@type":"WebSite","@id":"https:\/\/redfoxlotto.com\/fr\/#website","url":"https:\/\/redfoxlotto.com\/fr\/","name":"Get Tickets for the World\u2019s largest jackpots","description":"Participate in worldwide lottery jackpots from any country","publisher":{"@id":"https:\/\/redfoxlotto.com\/fr\/#organization"},"potentialAction":[{"@type":"SearchAction","target":{"@type":"EntryPoint","urlTemplate":"https:\/\/redfoxlotto.com\/fr\/?s={search_term_string}"},"query-input":{"@type":"PropertyValueSpecification","valueRequired":true,"valueName":"search_term_string"}}],"inLanguage":"fr-FR"},{"@type":"Organization","@id":"https:\/\/redfoxlotto.com\/fr\/#organization","name":"Get Tickets for the World\u2019s largest jackpots","url":"https:\/\/redfoxlotto.com\/fr\/","logo":{"@type":"ImageObject","inLanguage":"fr-FR","@id":"https:\/\/redfoxlotto.com\/fr\/#\/schema\/logo\/image\/","url":"https:\/\/redfoxlotto.com\/wp-content\/uploads\/2023\/04\/logo.png","contentUrl":"https:\/\/redfoxlotto.com\/wp-content\/uploads\/2023\/04\/logo.png","width":269,"height":53,"caption":"Get Tickets for the World\u2019s largest jackpots"},"image":{"@id":"https:\/\/redfoxlotto.com\/fr\/#\/schema\/logo\/image\/"}}]}},"_links":{"self":[{"href":"https:\/\/redfoxlotto.com\/fr\/wp-json\/wp\/v2\/pages\/12856","targetHints":{"allow":["GET"]}}],"collection":[{"href":"https:\/\/redfoxlotto.com\/fr\/wp-json\/wp\/v2\/pages"}],"about":[{"href":"https:\/\/redfoxlotto.com\/fr\/wp-json\/wp\/v2\/types\/page"}],"author":[{"embeddable":true,"href":"https:\/\/redfoxlotto.com\/fr\/wp-json\/wp\/v2\/users\/1"}],"replies":[{"embeddable":true,"href":"https:\/\/redfoxlotto.com\/fr\/wp-json\/wp\/v2\/comments?post=12856"}],"version-history":[{"count":0,"href":"https:\/\/redfoxlotto.com\/fr\/wp-json\/wp\/v2\/pages\/12856\/revisions"}],"up":[{"embeddable":true,"href":"https:\/\/redfoxlotto.com\/fr\/wp-json\/wp\/v2\/pages\/1528"}],"wp:attachment":[{"href":"https:\/\/redfoxlotto.com\/fr\/wp-json\/wp\/v2\/media?parent=12856"}],"curies":[{"name":"wp","href":"https:\/\/api.w.org\/{rel}","templated":true}]}}