{"id":12850,"date":"2020-08-18T09:11:18","date_gmt":"2020-08-18T09:11:18","guid":{"rendered":"https:\/\/redfoxlotto.com\/?page_id=12850"},"modified":"2023-05-19T09:22:01","modified_gmt":"2023-05-19T09:22:01","slug":"lotto-america","status":"publish","type":"page","link":"https:\/\/redfoxlotto.com\/fr\/resultats\/lotto-america\/","title":{"rendered":"R\u00e9sultats du Lotto America"},"content":{"rendered":"<p>Etes-vous fan de la loterie en ligne ? Si c&rsquo;est le cas, vous achetez probablement d\u00e9j\u00e0 des billets pour tous vos jeux pr\u00e9f\u00e9r\u00e9s, mais connaissez-vous tous les diff\u00e9rents jeux qui existent ? Savez-vous combien de jeux diff\u00e9rents vous pourriez jouer ? Eh bien, vous devriez absolument le savoir. Et vous devriez surtout conna\u00eetre Lotto America. C&rsquo;est l\u00e0 que vous allez recevoir de superbes prix et vous amuser avec.<\/p><h2 class=\"wp-block-heading\">Jouer au Lotto America<\/h2><p><img loading=\"lazy\" decoding=\"async\" class=\" wp-image alignright\" src=\"https:\/\/content.redfoxlotto.com\/uploads\/sites\/9\/1_draw_results_lotto.jpg\" alt=\"r\u00e9sultats du tirage au sort lotto america\" width=\"244\" height=\"172\" \/><\/p><p>Lorsque vous \u00eates pr\u00eat \u00e0 jouer \u00e0 Lotto America, il vous suffit de vous rendre sur le site de RedFoxLotto, car ce jeu y est disponible, ainsi que de nombreux autres jeux en ligne. Vous pouvez y jouer \u00e0 diff\u00e9rents jeux de loterie du monde entier. Et c&rsquo;est l\u00e0 que le plaisir entre vraiment en jeu. Mais si vous vous int\u00e9ressez \u00e0 Lotto America, vous devez savoir comment y jouer.<\/p><p>Heureusement, jouer \u00e0 ce jeu est simple. Il vous suffit de choisir six num\u00e9ros qui, selon vous, vont appara\u00eetre sur le dessin. Cinq d&rsquo;entre eux sont des boules blanches pour les num\u00e9ros standard. L&rsquo;une d&rsquo;entre elles est une boule rouge pour le num\u00e9ro bonus. Si vous obtenez tous les num\u00e9ros, vous remportez le jackpot. Si vous obtenez des num\u00e9ros inf\u00e9rieurs, vous gagnez tout de m\u00eame un prix !<\/p><h2 class=\"wp-block-heading\">Avez-vous gagn\u00e9 au Lotto America ?<\/h2><p>Mais une fois que vous avez choisi vos num\u00e9ros et achet\u00e9 votre billet, comment allez-vous savoir si vous avez r\u00e9ellement gagn\u00e9 ? C&rsquo;est tr\u00e8s simple. Tout ce que vous avez \u00e0 faire, c&rsquo;est de consulter le RedFoxLotto. Si vous n&rsquo;avez pas achet\u00e9 de billets, vous pourrez toujours voir les num\u00e9ros gagnants de tous les derniers jeux, ce qui signifie que vous pourrez d\u00e9terminer les meilleures chances pour vous. Si vous avez jou\u00e9, vous pouvez vous connecter directement \u00e0 votre compte pour voir les num\u00e9ros gagnants et comparer vos billets. Vous pourrez voir tous les num\u00e9ros correspondants que vous pourriez avoir afin de voir les gains auxquels vous avez droit. Vous n&rsquo;avez pas \u00e0 vous en inqui\u00e9ter, car RedFoxLotto s&rsquo;occupe \u00e9galement de cette partie pour vous.<\/p><h2 class=\"wp-block-heading\">Gagner au Loto America<\/h2><p><img decoding=\"async\" class=\"size-full wp-image alignright\" src=\"https:\/\/content.redfoxlotto.com\/uploads\/sites\/9\/1_winner_lottery1.jpg\" alt=\"gagnant loterie am\u00e9rique\"><\/p><p>Si vous gagnez \u00e0 Lotto America ou \u00e0 tout autre jeu de loterie en ligne, il est pris en charge pour vous. Les petits prix seront imm\u00e9diatement distribu\u00e9s, d\u00e8s que les r\u00e9sultats seront connus et que les billets seront assortis. Vous n&rsquo;avez rien \u00e0 faire pour r\u00e9clamer ces prix. Et ils seront directement ajout\u00e9s \u00e0 votre compte pour que vous puissiez retirer l&rsquo;argent ou acheter un autre billet. Si vous gagnez des prix plus importants, vous devrez remplir certaines conditions dans le cadre du jeu de loterie auquel vous participez. Si c&rsquo;est le cas, tout est simplifi\u00e9 au maximum pour vous, afin que vous puissiez obtenir vos gains avec moins de tracas. Ainsi, vous pourrez recommencer \u00e0 jouer ou \u00e0 faire ce que vous voulez avec votre argent.<\/p><p>Pour les prix du jackpot, vous devrez remplir des documents ou envoyer une forme de v\u00e9rification. Si c&rsquo;est le cas, RedFoxLotto vous permet de savoir aussi facilement que possible ce qu&rsquo;il faut faire et comment le faire. Et cela fonctionne pour tous les jeux de loterie que vous pourriez gagner, de Lotto America \u00e0 tous les autres jeux disponibles sur le site web.<\/p><h2 class=\"wp-block-heading\">R\u00e9p\u00e9tition<\/h2><p>Une fois que vous \u00eates pr\u00eat, vous pouvez prendre vos gains (ou d\u00e9poser plus d&rsquo;argent) et commencer \u00e0 acheter des billets pour la prochaine s\u00e9rie de jeux \u00e0 laquelle vous voulez jouer. Vous pourriez m\u00eame \u00eatre surpris du nombre de jeux diff\u00e9rents qui existent et de la somme que vous pourriez potentiellement gagner. Mais vous ne serez pas surpris de constater \u00e0 quel point il est amusant de jouer \u00e0 tous ces jeux diff\u00e9rents pour vous-m\u00eame. Tout ce que vous avez \u00e0 faire, c&rsquo;est de d\u00e9cider par o\u00f9 vous voulez commencer et \u00e0 quel jeu vous voulez jouer en premier.<\/p>","protected":false},"excerpt":{"rendered":"<p>Etes-vous fan de la loterie en ligne ? Si c&rsquo;est le cas, vous achetez probablement d\u00e9j\u00e0 des billets pour tous vos jeux pr\u00e9f\u00e9r\u00e9s, mais connaissez-vous tous les diff\u00e9rents jeux qui existent ? Savez-vous combien de jeux diff\u00e9rents vous pourriez jouer ? Eh bien, vous devriez absolument le savoir. Et vous devriez surtout conna\u00eetre Lotto America. [&hellip;]<\/p>\n","protected":false},"author":1,"featured_media":0,"parent":1528,"menu_order":12,"comment_status":"closed","ping_status":"closed","template":"lotto-america-results.php","meta":{"_et_pb_use_builder":"","_et_pb_old_content":"","_et_gb_content_width":"","exclude_from_search":false,"footnotes":""},"class_list":["post-12850","page","type-page","status-publish","hentry"],"yoast_head":"<!-- This site is optimized with the Yoast SEO plugin v23.8 - https:\/\/yoast.com\/wordpress\/plugins\/seo\/ -->\n<title>R\u00e9sultats du tirage de Lotto America, num\u00e9ros gagnants<\/title>\n<meta name=\"description\" content=\"Les num\u00e9ros gagnants de Lotto America de cette semaine, ainsi qu&#039;une archive des r\u00e9sultats\" \/>\n<meta name=\"robots\" content=\"index, follow, max-snippet:-1, max-image-preview:large, max-video-preview:-1\" \/>\n<link rel=\"canonical\" href=\"https:\/\/redfoxlotto.com\/fr\/resultats\/lotto-america\/\" \/>\n<meta property=\"og:locale\" content=\"fr_FR\" \/>\n<meta property=\"og:type\" content=\"article\" \/>\n<meta property=\"og:title\" content=\"R\u00e9sultats du tirage de Lotto America, num\u00e9ros gagnants\" \/>\n<meta property=\"og:description\" content=\"Les num\u00e9ros gagnants de Lotto America de cette semaine, ainsi qu&#039;une archive des r\u00e9sultats\" \/>\n<meta property=\"og:url\" content=\"https:\/\/redfoxlotto.com\/fr\/resultats\/lotto-america\/\" \/>\n<meta property=\"og:site_name\" content=\"Get Tickets for the World\u2019s largest jackpots\" \/>\n<meta property=\"article:modified_time\" content=\"2023-05-19T09:22:01+00:00\" \/>\n<meta property=\"og:image\" content=\"https:\/\/content.redfoxlotto.com\/uploads\/sites\/9\/1_draw_results_lotto.jpg\" \/>\n<meta name=\"twitter:card\" content=\"summary_large_image\" \/>\n<meta name=\"twitter:label1\" content=\"Dur\u00e9e de lecture estim\u00e9e\" \/>\n\t<meta name=\"twitter:data1\" content=\"4 minutes\" \/>\n<script type=\"application\/ld+json\" class=\"yoast-schema-graph\">{\"@context\":\"https:\/\/schema.org\",\"@graph\":[{\"@type\":\"WebPage\",\"@id\":\"https:\/\/redfoxlotto.com\/fr\/resultats\/lotto-america\/\",\"url\":\"https:\/\/redfoxlotto.com\/fr\/resultats\/lotto-america\/\",\"name\":\"R\u00e9sultats du tirage de Lotto America, num\u00e9ros gagnants\",\"isPartOf\":{\"@id\":\"https:\/\/redfoxlotto.com\/fr\/#website\"},\"primaryImageOfPage\":{\"@id\":\"https:\/\/redfoxlotto.com\/fr\/resultats\/lotto-america\/#primaryimage\"},\"image\":{\"@id\":\"https:\/\/redfoxlotto.com\/fr\/resultats\/lotto-america\/#primaryimage\"},\"thumbnailUrl\":\"https:\/\/content.redfoxlotto.com\/uploads\/sites\/9\/1_draw_results_lotto.jpg\",\"datePublished\":\"2020-08-18T09:11:18+00:00\",\"dateModified\":\"2023-05-19T09:22:01+00:00\",\"description\":\"Les num\u00e9ros gagnants de Lotto America de cette semaine, ainsi qu'une archive des r\u00e9sultats\",\"breadcrumb\":{\"@id\":\"https:\/\/redfoxlotto.com\/fr\/resultats\/lotto-america\/#breadcrumb\"},\"inLanguage\":\"fr-FR\",\"potentialAction\":[{\"@type\":\"ReadAction\",\"target\":[\"https:\/\/redfoxlotto.com\/fr\/resultats\/lotto-america\/\"]}]},{\"@type\":\"ImageObject\",\"inLanguage\":\"fr-FR\",\"@id\":\"https:\/\/redfoxlotto.com\/fr\/resultats\/lotto-america\/#primaryimage\",\"url\":\"https:\/\/content.redfoxlotto.com\/uploads\/sites\/9\/1_draw_results_lotto.jpg\",\"contentUrl\":\"https:\/\/content.redfoxlotto.com\/uploads\/sites\/9\/1_draw_results_lotto.jpg\"},{\"@type\":\"BreadcrumbList\",\"@id\":\"https:\/\/redfoxlotto.com\/fr\/resultats\/lotto-america\/#breadcrumb\",\"itemListElement\":[{\"@type\":\"ListItem\",\"position\":1,\"name\":\"Home\",\"item\":\"https:\/\/redfoxlotto.com\/fr\/\"},{\"@type\":\"ListItem\",\"position\":2,\"name\":\"R\u00e9sultats des loteries internationales\",\"item\":\"https:\/\/redfoxlotto.com\/fr\/resultats\/\"},{\"@type\":\"ListItem\",\"position\":3,\"name\":\"R\u00e9sultats du Lotto America\"}]},{\"@type\":\"WebSite\",\"@id\":\"https:\/\/redfoxlotto.com\/fr\/#website\",\"url\":\"https:\/\/redfoxlotto.com\/fr\/\",\"name\":\"Get Tickets for the World\u2019s largest jackpots\",\"description\":\"Participate in worldwide lottery jackpots from any country\",\"publisher\":{\"@id\":\"https:\/\/redfoxlotto.com\/fr\/#organization\"},\"potentialAction\":[{\"@type\":\"SearchAction\",\"target\":{\"@type\":\"EntryPoint\",\"urlTemplate\":\"https:\/\/redfoxlotto.com\/fr\/?s={search_term_string}\"},\"query-input\":{\"@type\":\"PropertyValueSpecification\",\"valueRequired\":true,\"valueName\":\"search_term_string\"}}],\"inLanguage\":\"fr-FR\"},{\"@type\":\"Organization\",\"@id\":\"https:\/\/redfoxlotto.com\/fr\/#organization\",\"name\":\"Get Tickets for the World\u2019s largest jackpots\",\"url\":\"https:\/\/redfoxlotto.com\/fr\/\",\"logo\":{\"@type\":\"ImageObject\",\"inLanguage\":\"fr-FR\",\"@id\":\"https:\/\/redfoxlotto.com\/fr\/#\/schema\/logo\/image\/\",\"url\":\"https:\/\/redfoxlotto.com\/wp-content\/uploads\/2023\/04\/logo.png\",\"contentUrl\":\"https:\/\/redfoxlotto.com\/wp-content\/uploads\/2023\/04\/logo.png\",\"width\":269,\"height\":53,\"caption\":\"Get Tickets for the World\u2019s largest jackpots\"},\"image\":{\"@id\":\"https:\/\/redfoxlotto.com\/fr\/#\/schema\/logo\/image\/\"}}]}<\/script>\n<!-- \/ Yoast SEO plugin. -->","yoast_head_json":{"title":"R\u00e9sultats du tirage de Lotto America, num\u00e9ros gagnants","description":"Les num\u00e9ros gagnants de Lotto America de cette semaine, ainsi qu'une archive des r\u00e9sultats","robots":{"index":"index","follow":"follow","max-snippet":"max-snippet:-1","max-image-preview":"max-image-preview:large","max-video-preview":"max-video-preview:-1"},"canonical":"https:\/\/redfoxlotto.com\/fr\/resultats\/lotto-america\/","og_locale":"fr_FR","og_type":"article","og_title":"R\u00e9sultats du tirage de Lotto America, num\u00e9ros gagnants","og_description":"Les num\u00e9ros gagnants de Lotto America de cette semaine, ainsi qu'une archive des r\u00e9sultats","og_url":"https:\/\/redfoxlotto.com\/fr\/resultats\/lotto-america\/","og_site_name":"Get Tickets for the World\u2019s largest jackpots","article_modified_time":"2023-05-19T09:22:01+00:00","og_image":[{"url":"https:\/\/content.redfoxlotto.com\/uploads\/sites\/9\/1_draw_results_lotto.jpg"}],"twitter_card":"summary_large_image","twitter_misc":{"Dur\u00e9e de lecture estim\u00e9e":"4 minutes"},"schema":{"@context":"https:\/\/schema.org","@graph":[{"@type":"WebPage","@id":"https:\/\/redfoxlotto.com\/fr\/resultats\/lotto-america\/","url":"https:\/\/redfoxlotto.com\/fr\/resultats\/lotto-america\/","name":"R\u00e9sultats du tirage de Lotto America, num\u00e9ros gagnants","isPartOf":{"@id":"https:\/\/redfoxlotto.com\/fr\/#website"},"primaryImageOfPage":{"@id":"https:\/\/redfoxlotto.com\/fr\/resultats\/lotto-america\/#primaryimage"},"image":{"@id":"https:\/\/redfoxlotto.com\/fr\/resultats\/lotto-america\/#primaryimage"},"thumbnailUrl":"https:\/\/content.redfoxlotto.com\/uploads\/sites\/9\/1_draw_results_lotto.jpg","datePublished":"2020-08-18T09:11:18+00:00","dateModified":"2023-05-19T09:22:01+00:00","description":"Les num\u00e9ros gagnants de Lotto America de cette semaine, ainsi qu'une archive des r\u00e9sultats","breadcrumb":{"@id":"https:\/\/redfoxlotto.com\/fr\/resultats\/lotto-america\/#breadcrumb"},"inLanguage":"fr-FR","potentialAction":[{"@type":"ReadAction","target":["https:\/\/redfoxlotto.com\/fr\/resultats\/lotto-america\/"]}]},{"@type":"ImageObject","inLanguage":"fr-FR","@id":"https:\/\/redfoxlotto.com\/fr\/resultats\/lotto-america\/#primaryimage","url":"https:\/\/content.redfoxlotto.com\/uploads\/sites\/9\/1_draw_results_lotto.jpg","contentUrl":"https:\/\/content.redfoxlotto.com\/uploads\/sites\/9\/1_draw_results_lotto.jpg"},{"@type":"BreadcrumbList","@id":"https:\/\/redfoxlotto.com\/fr\/resultats\/lotto-america\/#breadcrumb","itemListElement":[{"@type":"ListItem","position":1,"name":"Home","item":"https:\/\/redfoxlotto.com\/fr\/"},{"@type":"ListItem","position":2,"name":"R\u00e9sultats des loteries internationales","item":"https:\/\/redfoxlotto.com\/fr\/resultats\/"},{"@type":"ListItem","position":3,"name":"R\u00e9sultats du Lotto America"}]},{"@type":"WebSite","@id":"https:\/\/redfoxlotto.com\/fr\/#website","url":"https:\/\/redfoxlotto.com\/fr\/","name":"Get Tickets for the World\u2019s largest jackpots","description":"Participate in worldwide lottery jackpots from any country","publisher":{"@id":"https:\/\/redfoxlotto.com\/fr\/#organization"},"potentialAction":[{"@type":"SearchAction","target":{"@type":"EntryPoint","urlTemplate":"https:\/\/redfoxlotto.com\/fr\/?s={search_term_string}"},"query-input":{"@type":"PropertyValueSpecification","valueRequired":true,"valueName":"search_term_string"}}],"inLanguage":"fr-FR"},{"@type":"Organization","@id":"https:\/\/redfoxlotto.com\/fr\/#organization","name":"Get Tickets for the World\u2019s largest jackpots","url":"https:\/\/redfoxlotto.com\/fr\/","logo":{"@type":"ImageObject","inLanguage":"fr-FR","@id":"https:\/\/redfoxlotto.com\/fr\/#\/schema\/logo\/image\/","url":"https:\/\/redfoxlotto.com\/wp-content\/uploads\/2023\/04\/logo.png","contentUrl":"https:\/\/redfoxlotto.com\/wp-content\/uploads\/2023\/04\/logo.png","width":269,"height":53,"caption":"Get Tickets for the World\u2019s largest jackpots"},"image":{"@id":"https:\/\/redfoxlotto.com\/fr\/#\/schema\/logo\/image\/"}}]}},"_links":{"self":[{"href":"https:\/\/redfoxlotto.com\/fr\/wp-json\/wp\/v2\/pages\/12850","targetHints":{"allow":["GET"]}}],"collection":[{"href":"https:\/\/redfoxlotto.com\/fr\/wp-json\/wp\/v2\/pages"}],"about":[{"href":"https:\/\/redfoxlotto.com\/fr\/wp-json\/wp\/v2\/types\/page"}],"author":[{"embeddable":true,"href":"https:\/\/redfoxlotto.com\/fr\/wp-json\/wp\/v2\/users\/1"}],"replies":[{"embeddable":true,"href":"https:\/\/redfoxlotto.com\/fr\/wp-json\/wp\/v2\/comments?post=12850"}],"version-history":[{"count":0,"href":"https:\/\/redfoxlotto.com\/fr\/wp-json\/wp\/v2\/pages\/12850\/revisions"}],"up":[{"embeddable":true,"href":"https:\/\/redfoxlotto.com\/fr\/wp-json\/wp\/v2\/pages\/1528"}],"wp:attachment":[{"href":"https:\/\/redfoxlotto.com\/fr\/wp-json\/wp\/v2\/media?parent=12850"}],"curies":[{"name":"wp","href":"https:\/\/api.w.org\/{rel}","templated":true}]}}