{"id":12849,"date":"2020-08-18T09:10:34","date_gmt":"2020-08-18T09:10:34","guid":{"rendered":"https:\/\/redfoxlotto.com\/?page_id=12849"},"modified":"2023-05-19T09:22:00","modified_gmt":"2023-05-19T09:22:00","slug":"lotto-america","status":"publish","type":"page","link":"https:\/\/redfoxlotto.com\/fr\/loterie\/lotto-america\/","title":{"rendered":"\u00c0 propos de Lotto America"},"content":{"rendered":"<h2 class=\"wp-block-heading\">Acheter des billets pour le Lotto America en ligne<\/h2><p><img loading=\"lazy\" decoding=\"async\" class=\" wp-image alignright\" src=\"https:\/\/content.redfoxlotto.com\/uploads\/sites\/9\/1_ticket_online_buying.jpg\" alt=\"billet de loto america en ligne\" width=\"239\" height=\"161\" \/><\/p><p>Lorsqu&rsquo;il s&rsquo;agit d&rsquo;acheter des billets de loterie en ligne, vous voulez \u00eatre s\u00fbr de participer aux meilleurs jeux. Mais avez-vous d\u00e9j\u00e0 entendu parler de tous les jeux qui existent ? Probablement pas. D&rsquo;autant plus qu&rsquo;il existe des jeux dans d&rsquo;autres pays auxquels vous pourriez jouer en ligne. Des jeux comme Lotto America.<\/p><p><!--more--><\/p><h2 class=\"wp-block-heading\">Qu&rsquo;est-ce que le Lotto America ?<\/h2><p>Lotto America est un jeu multi-\u00e9tats qui se joue aux \u00c9tats-Unis. Plus pr\u00e9cis\u00e9ment, il est jou\u00e9 dans 13 \u00c9tats du pays. Mais il n&rsquo;est pas n\u00e9cessaire de vivre dans l&rsquo;un de ces \u00c9tats pour jouer. Vous pouvez en fait jouer de n&rsquo;importe o\u00f9 dans le monde. Et c&rsquo;est l\u00e0 que le plaisir entre en jeu. Parce que ce jeu est une chance pour vous de devenir un multimillionnaire, et c&rsquo;est un jeu super simple \u00e0 jouer.<\/p><h2 class=\"wp-block-heading\">Acheter vos billets<\/h2><p><img loading=\"lazy\" decoding=\"async\" class=\" wp-image alignright\" src=\"https:\/\/content.redfoxlotto.com\/uploads\/sites\/9\/1_usa_lottery_win.jpg\" alt=\"lotto america\" width=\"245\" height=\"162\" \/><\/p><p>Si vous souhaitez jouer \u00e0 Lotto America, il vous suffit de savoir o\u00f9 vous procurer vos billets. Mais comment acheter des billets pour Lotto America en ligne ? Vous avez besoin d&rsquo;un service pour vous aider et c&rsquo;est l\u00e0 que RedFoxLotto entre en jeu. Nous pouvons vous aider \u00e0 obtenir vos billets pour ce jeu ou pour tout autre jeu de loterie auquel vous pourriez vouloir jouer dans le monde entier. Il suffit de quelques \u00e9tapes pour commencer. La premi\u00e8re consiste \u00e0 cr\u00e9er un compte aupr\u00e8s de RedFoxLotto. C&rsquo;est facile \u00e0 faire et cela ne prend que quelques minutes pour s&rsquo;installer compl\u00e8tement et \u00eatre pr\u00eat \u00e0 partir. Ensuite, vous pourrez commencer \u00e0 parcourir les diff\u00e9rents jeux de loterie disponibles. Vous pouvez choisir entre Lotto America ou un autre jeu (ou plusieurs jeux diff\u00e9rents). Une fois que vous avez choisi le jeu et que vous \u00eates pr\u00eat \u00e0 jouer \u00e0 Lotto America, il est temps de commencer \u00e0 choisir vos num\u00e9ros. C&rsquo;est l\u00e0 que vous aurez un grand nombre d&rsquo;options diff\u00e9rentes et c&rsquo;est l\u00e0 que la partie la plus amusante va vraiment commencer.<\/p><h2 class=\"wp-block-heading\">Choisissez vos num\u00e9ros<\/h2><p>Il y a cinq num\u00e9ros standard et un num\u00e9ro bonus avec Lotto America. Vous pouvez choisir ceux que vous voulez pour obtenir une combinaison que vous pensez \u00eatre porteuse de chance ou qui a un sens pour vous. Mais que faire si vous ne connaissez pas les num\u00e9ros que vous voulez ? Ou si vous n&rsquo;avez que quelques num\u00e9ros sp\u00e9ciaux que vous voulez jouer ? Ce n&rsquo;est pas un probl\u00e8me non plus, car vous pouvez choisir les num\u00e9ros que vous voulez et les compl\u00e9ter avec des num\u00e9ros al\u00e9atoires. Vous pouvez aussi utiliser le g\u00e9n\u00e9rateur de num\u00e9ros pour choisir tous vos num\u00e9ros \u00e0 votre place.<\/p><h2 class=\"wp-block-heading\">Attendez les r\u00e9sultats<\/h2><p>Une fois que vous avez choisi vos num\u00e9ros, vous pouvez choisir combien de billets vous voulez et pour quels matchs. Ensuite, vous pouvez payer les billets et attendre le prochain tirage. Vous pouvez \u00e9galement choisir des billets suppl\u00e9mentaires pour d&rsquo;autres jeux qui se d\u00e9roulent dans le monde entier si vous voulez avoir encore plus de chances de gagner un prix quelque part. Une fois les r\u00e9sultats du jeu connus, vous pourrez voir instantan\u00e9ment les num\u00e9ros gagnants et la fa\u00e7on dont vos propres num\u00e9ros s&rsquo;additionnent. De plus, vous pourrez voir ce que vous avez gagn\u00e9 et vous recevrez vos gains aussi rapidement. C&rsquo;est simple, amusant et vous serez pr\u00eat \u00e0 choisir vos prochains billets en un rien de temps. Et comme c&rsquo;est si facile, c&rsquo;est exactement ce que vous allez vouloir faire. Tout ce que vous avez \u00e0 faire, c&rsquo;est de d\u00e9cider \u00e0 quels jeux vous voulez jouer.<\/p>","protected":false},"excerpt":{"rendered":"<p>Acheter des billets pour le Lotto America en ligne Lorsqu&rsquo;il s&rsquo;agit d&rsquo;acheter des billets de loterie en ligne, vous voulez \u00eatre s\u00fbr de participer aux meilleurs jeux. Mais avez-vous d\u00e9j\u00e0 entendu parler de tous les jeux qui existent ? Probablement pas. D&rsquo;autant plus qu&rsquo;il existe des jeux dans d&rsquo;autres pays auxquels vous pourriez jouer en [&hellip;]<\/p>\n","protected":false},"author":1,"featured_media":0,"parent":1513,"menu_order":12,"comment_status":"closed","ping_status":"closed","template":"lotto-america-info.php","meta":{"_et_pb_use_builder":"","_et_pb_old_content":"","_et_gb_content_width":"","exclude_from_search":false,"footnotes":""},"class_list":["post-12849","page","type-page","status-publish","hentry"],"yoast_head":"<!-- This site is optimized with the Yoast SEO plugin v27.3 - https:\/\/yoast.com\/product\/yoast-seo-wordpress\/ -->\n<title>Acheter des billets de Lotto America en ligne<\/title>\n<meta name=\"description\" content=\"Si vous souhaitez gagner \u00e0 Lotto America, achetez votre billet en ligne\" \/>\n<meta name=\"robots\" content=\"index, follow, max-snippet:-1, max-image-preview:large, max-video-preview:-1\" \/>\n<link rel=\"canonical\" href=\"https:\/\/redfoxlotto.com\/fr\/loterie\/lotto-america\/\" \/>\n<meta property=\"og:locale\" content=\"fr_FR\" \/>\n<meta property=\"og:type\" content=\"article\" \/>\n<meta property=\"og:title\" content=\"Acheter des billets de Lotto America en ligne\" \/>\n<meta property=\"og:description\" content=\"Si vous souhaitez gagner \u00e0 Lotto America, achetez votre billet en ligne\" \/>\n<meta property=\"og:url\" content=\"https:\/\/redfoxlotto.com\/fr\/loterie\/lotto-america\/\" \/>\n<meta property=\"og:site_name\" content=\"Get Tickets for the World\u2019s largest jackpots\" \/>\n<meta property=\"article:modified_time\" content=\"2023-05-19T09:22:00+00:00\" \/>\n<meta property=\"og:image\" content=\"https:\/\/content.redfoxlotto.com\/uploads\/sites\/9\/1_ticket_online_buying.jpg\" \/>\n<meta name=\"twitter:card\" content=\"summary_large_image\" \/>\n<meta name=\"twitter:label1\" content=\"Dur\u00e9e de lecture estim\u00e9e\" \/>\n\t<meta name=\"twitter:data1\" content=\"3 minutes\" \/>\n<script type=\"application\/ld+json\" class=\"yoast-schema-graph\">{\"@context\":\"https:\\\/\\\/schema.org\",\"@graph\":[{\"@type\":\"WebPage\",\"@id\":\"https:\\\/\\\/redfoxlotto.com\\\/fr\\\/loterie\\\/lotto-america\\\/\",\"url\":\"https:\\\/\\\/redfoxlotto.com\\\/fr\\\/loterie\\\/lotto-america\\\/\",\"name\":\"Acheter des billets de Lotto America en ligne\",\"isPartOf\":{\"@id\":\"https:\\\/\\\/redfoxlotto.com\\\/fr\\\/#website\"},\"primaryImageOfPage\":{\"@id\":\"https:\\\/\\\/redfoxlotto.com\\\/fr\\\/loterie\\\/lotto-america\\\/#primaryimage\"},\"image\":{\"@id\":\"https:\\\/\\\/redfoxlotto.com\\\/fr\\\/loterie\\\/lotto-america\\\/#primaryimage\"},\"thumbnailUrl\":\"https:\\\/\\\/content.redfoxlotto.com\\\/uploads\\\/sites\\\/9\\\/1_ticket_online_buying.jpg\",\"datePublished\":\"2020-08-18T09:10:34+00:00\",\"dateModified\":\"2023-05-19T09:22:00+00:00\",\"description\":\"Si vous souhaitez gagner \u00e0 Lotto America, achetez votre billet en ligne\",\"breadcrumb\":{\"@id\":\"https:\\\/\\\/redfoxlotto.com\\\/fr\\\/loterie\\\/lotto-america\\\/#breadcrumb\"},\"inLanguage\":\"fr-FR\",\"potentialAction\":[{\"@type\":\"ReadAction\",\"target\":[\"https:\\\/\\\/redfoxlotto.com\\\/fr\\\/loterie\\\/lotto-america\\\/\"]}]},{\"@type\":\"ImageObject\",\"inLanguage\":\"fr-FR\",\"@id\":\"https:\\\/\\\/redfoxlotto.com\\\/fr\\\/loterie\\\/lotto-america\\\/#primaryimage\",\"url\":\"https:\\\/\\\/content.redfoxlotto.com\\\/uploads\\\/sites\\\/9\\\/1_ticket_online_buying.jpg\",\"contentUrl\":\"https:\\\/\\\/content.redfoxlotto.com\\\/uploads\\\/sites\\\/9\\\/1_ticket_online_buying.jpg\"},{\"@type\":\"BreadcrumbList\",\"@id\":\"https:\\\/\\\/redfoxlotto.com\\\/fr\\\/loterie\\\/lotto-america\\\/#breadcrumb\",\"itemListElement\":[{\"@type\":\"ListItem\",\"position\":1,\"name\":\"Home\",\"item\":\"https:\\\/\\\/redfoxlotto.com\\\/fr\\\/\"},{\"@type\":\"ListItem\",\"position\":2,\"name\":\"Processus d&rsquo;achat de billets de loterie internationaux en ligne\",\"item\":\"https:\\\/\\\/redfoxlotto.com\\\/fr\\\/loterie\\\/\"},{\"@type\":\"ListItem\",\"position\":3,\"name\":\"\u00c0 propos de Lotto America\"}]},{\"@type\":\"WebSite\",\"@id\":\"https:\\\/\\\/redfoxlotto.com\\\/fr\\\/#website\",\"url\":\"https:\\\/\\\/redfoxlotto.com\\\/fr\\\/\",\"name\":\"Get Tickets for the World\u2019s largest jackpots\",\"description\":\"Participate in worldwide lottery jackpots from any country\",\"publisher\":{\"@id\":\"https:\\\/\\\/redfoxlotto.com\\\/fr\\\/#organization\"},\"potentialAction\":[{\"@type\":\"SearchAction\",\"target\":{\"@type\":\"EntryPoint\",\"urlTemplate\":\"https:\\\/\\\/redfoxlotto.com\\\/fr\\\/?s={search_term_string}\"},\"query-input\":{\"@type\":\"PropertyValueSpecification\",\"valueRequired\":true,\"valueName\":\"search_term_string\"}}],\"inLanguage\":\"fr-FR\"},{\"@type\":\"Organization\",\"@id\":\"https:\\\/\\\/redfoxlotto.com\\\/fr\\\/#organization\",\"name\":\"Get Tickets for the World\u2019s largest jackpots\",\"url\":\"https:\\\/\\\/redfoxlotto.com\\\/fr\\\/\",\"logo\":{\"@type\":\"ImageObject\",\"inLanguage\":\"fr-FR\",\"@id\":\"https:\\\/\\\/redfoxlotto.com\\\/fr\\\/#\\\/schema\\\/logo\\\/image\\\/\",\"url\":\"https:\\\/\\\/redfoxlotto.com\\\/wp-content\\\/uploads\\\/2023\\\/04\\\/logo.png\",\"contentUrl\":\"https:\\\/\\\/redfoxlotto.com\\\/wp-content\\\/uploads\\\/2023\\\/04\\\/logo.png\",\"width\":269,\"height\":53,\"caption\":\"Get Tickets for the World\u2019s largest jackpots\"},\"image\":{\"@id\":\"https:\\\/\\\/redfoxlotto.com\\\/fr\\\/#\\\/schema\\\/logo\\\/image\\\/\"}}]}<\/script>\n<!-- \/ Yoast SEO plugin. -->","yoast_head_json":{"title":"Acheter des billets de Lotto America en ligne","description":"Si vous souhaitez gagner \u00e0 Lotto America, achetez votre billet en ligne","robots":{"index":"index","follow":"follow","max-snippet":"max-snippet:-1","max-image-preview":"max-image-preview:large","max-video-preview":"max-video-preview:-1"},"canonical":"https:\/\/redfoxlotto.com\/fr\/loterie\/lotto-america\/","og_locale":"fr_FR","og_type":"article","og_title":"Acheter des billets de Lotto America en ligne","og_description":"Si vous souhaitez gagner \u00e0 Lotto America, achetez votre billet en ligne","og_url":"https:\/\/redfoxlotto.com\/fr\/loterie\/lotto-america\/","og_site_name":"Get Tickets for the World\u2019s largest jackpots","article_modified_time":"2023-05-19T09:22:00+00:00","og_image":[{"url":"https:\/\/content.redfoxlotto.com\/uploads\/sites\/9\/1_ticket_online_buying.jpg","type":"","width":"","height":""}],"twitter_card":"summary_large_image","twitter_misc":{"Dur\u00e9e de lecture estim\u00e9e":"3 minutes"},"schema":{"@context":"https:\/\/schema.org","@graph":[{"@type":"WebPage","@id":"https:\/\/redfoxlotto.com\/fr\/loterie\/lotto-america\/","url":"https:\/\/redfoxlotto.com\/fr\/loterie\/lotto-america\/","name":"Acheter des billets de Lotto America en ligne","isPartOf":{"@id":"https:\/\/redfoxlotto.com\/fr\/#website"},"primaryImageOfPage":{"@id":"https:\/\/redfoxlotto.com\/fr\/loterie\/lotto-america\/#primaryimage"},"image":{"@id":"https:\/\/redfoxlotto.com\/fr\/loterie\/lotto-america\/#primaryimage"},"thumbnailUrl":"https:\/\/content.redfoxlotto.com\/uploads\/sites\/9\/1_ticket_online_buying.jpg","datePublished":"2020-08-18T09:10:34+00:00","dateModified":"2023-05-19T09:22:00+00:00","description":"Si vous souhaitez gagner \u00e0 Lotto America, achetez votre billet en ligne","breadcrumb":{"@id":"https:\/\/redfoxlotto.com\/fr\/loterie\/lotto-america\/#breadcrumb"},"inLanguage":"fr-FR","potentialAction":[{"@type":"ReadAction","target":["https:\/\/redfoxlotto.com\/fr\/loterie\/lotto-america\/"]}]},{"@type":"ImageObject","inLanguage":"fr-FR","@id":"https:\/\/redfoxlotto.com\/fr\/loterie\/lotto-america\/#primaryimage","url":"https:\/\/content.redfoxlotto.com\/uploads\/sites\/9\/1_ticket_online_buying.jpg","contentUrl":"https:\/\/content.redfoxlotto.com\/uploads\/sites\/9\/1_ticket_online_buying.jpg"},{"@type":"BreadcrumbList","@id":"https:\/\/redfoxlotto.com\/fr\/loterie\/lotto-america\/#breadcrumb","itemListElement":[{"@type":"ListItem","position":1,"name":"Home","item":"https:\/\/redfoxlotto.com\/fr\/"},{"@type":"ListItem","position":2,"name":"Processus d&rsquo;achat de billets de loterie internationaux en ligne","item":"https:\/\/redfoxlotto.com\/fr\/loterie\/"},{"@type":"ListItem","position":3,"name":"\u00c0 propos de Lotto America"}]},{"@type":"WebSite","@id":"https:\/\/redfoxlotto.com\/fr\/#website","url":"https:\/\/redfoxlotto.com\/fr\/","name":"Get Tickets for the World\u2019s largest jackpots","description":"Participate in worldwide lottery jackpots from any country","publisher":{"@id":"https:\/\/redfoxlotto.com\/fr\/#organization"},"potentialAction":[{"@type":"SearchAction","target":{"@type":"EntryPoint","urlTemplate":"https:\/\/redfoxlotto.com\/fr\/?s={search_term_string}"},"query-input":{"@type":"PropertyValueSpecification","valueRequired":true,"valueName":"search_term_string"}}],"inLanguage":"fr-FR"},{"@type":"Organization","@id":"https:\/\/redfoxlotto.com\/fr\/#organization","name":"Get Tickets for the World\u2019s largest jackpots","url":"https:\/\/redfoxlotto.com\/fr\/","logo":{"@type":"ImageObject","inLanguage":"fr-FR","@id":"https:\/\/redfoxlotto.com\/fr\/#\/schema\/logo\/image\/","url":"https:\/\/redfoxlotto.com\/wp-content\/uploads\/2023\/04\/logo.png","contentUrl":"https:\/\/redfoxlotto.com\/wp-content\/uploads\/2023\/04\/logo.png","width":269,"height":53,"caption":"Get Tickets for the World\u2019s largest jackpots"},"image":{"@id":"https:\/\/redfoxlotto.com\/fr\/#\/schema\/logo\/image\/"}}]}},"_links":{"self":[{"href":"https:\/\/redfoxlotto.com\/fr\/wp-json\/wp\/v2\/pages\/12849","targetHints":{"allow":["GET"]}}],"collection":[{"href":"https:\/\/redfoxlotto.com\/fr\/wp-json\/wp\/v2\/pages"}],"about":[{"href":"https:\/\/redfoxlotto.com\/fr\/wp-json\/wp\/v2\/types\/page"}],"author":[{"embeddable":true,"href":"https:\/\/redfoxlotto.com\/fr\/wp-json\/wp\/v2\/users\/1"}],"replies":[{"embeddable":true,"href":"https:\/\/redfoxlotto.com\/fr\/wp-json\/wp\/v2\/comments?post=12849"}],"version-history":[{"count":0,"href":"https:\/\/redfoxlotto.com\/fr\/wp-json\/wp\/v2\/pages\/12849\/revisions"}],"up":[{"embeddable":true,"href":"https:\/\/redfoxlotto.com\/fr\/wp-json\/wp\/v2\/pages\/1513"}],"wp:attachment":[{"href":"https:\/\/redfoxlotto.com\/fr\/wp-json\/wp\/v2\/media?parent=12849"}],"curies":[{"name":"wp","href":"https:\/\/api.w.org\/{rel}","templated":true}]}}