{"id":12848,"date":"2023-04-24T18:09:15","date_gmt":"2023-04-24T18:09:15","guid":{"rendered":"https:\/\/redfoxlotto.com\/?page_id=12848"},"modified":"2025-12-10T13:02:09","modified_gmt":"2025-12-10T13:02:09","slug":"lotto-america","status":"publish","type":"page","link":"https:\/\/redfoxlotto.com\/fr\/jouer\/lotto-america\/","title":{"rendered":"Comment participer au Lotto America en ligne"},"content":{"rendered":"<script type=\"application\/ld+json\">\r\n{\r\n\"@context\": \"https:\/\/schema.org\",\r\n\"@type\": \"Service\",\r\n\"name\": \" Lotto America online\",\r\n\"url\": \"https:\/\/redfoxlotto.com\/fr\/jouer\/lotto-america\/\",\r\n\"description\": \"Achetez vos billets officiels de Lotto America en ligne sur RedFoxLotto. Choisissez vos num\u00e9ros et participez au prochain tirage.\",\r\n\"serviceType\": \"Online lottery ticket purchase\",\r\n\r\n\"provider\": {\r\n\"@type\": \"Organization\",\r\n\"name\": \"RedFoxLotto\",\r\n\"url\": \"https:\/\/redfoxlotto.com\",\r\n\"logo\": \"https:\/\/redfoxlotto.com\/wp-content\/uploads\/logo.png\"\r\n},\r\n\r\n\"areaServed\": \"Worldwide\",\r\n\"termsOfService\": \"https:\/\/redfoxlotto.com\/terms-and-conditions\",\r\n\r\n\"hasOfferCatalog\": {\r\n\"@type\": \"OfferCatalog\",\r\n\"name\": \"Lotto America Offers\",\r\n\"itemListElement\": [\r\n{\r\n\"@type\": \"Offer\",\r\n\"name\": \"Lotto America Lottery Ticket\",\r\n\"url\": \"https:\/\/redfoxlotto.com\/fr\/jouer\/lotto-america\/\",\r\n\"description\": \"Une participation au prochain tirage de la loterie Lotto America.\",\r\n\"price\": \"2.75\",\r\n\"priceCurrency\": \"EUR\",\r\n\"availability\": \"https:\/\/schema.org\/InStock\",\r\n\r\n\"itemOffered\": {\r\n\"@type\": \"Service\",\r\n\"name\": \"Lotto America Lottery Entry\",\r\n\"description\": \"Participez au prochain tirage du Lotto America via RedFoxLotto.\"\r\n}\r\n}\r\n]\r\n},\r\n\r\n\"mainEntityOfPage\": {\r\n\"@type\": \"WebPage\",\r\n\"@id\": \"https:\/\/redfoxlotto.com\/fr\/jouer\/lotto-america\/\"\r\n}\r\n}\r\n<\/script><p>Lorsqu&rsquo;il s&rsquo;agit de jouer au loto en ligne, vous \u00eates peut-\u00eatre \u00e0 la recherche de quelque chose de nouveau. Apr\u00e8s tout, on peut devenir un peu vieux en jouant aux m\u00eames jeux, n&rsquo;est-ce pas ? C&rsquo;est probablement la raison pour laquelle vous \u00eates pass\u00e9 aux jeux en ligne au d\u00e9part. Eh bien, cela va devenir beaucoup plus amusant parce que vous n&rsquo;avez pas encore vu Lotto America.<\/p><p><img decoding=\"async\" class=\"size-full wp-image alignright\" src=\"https:\/\/content.redfoxlotto.com\/uploads\/sites\/9\/1_play_lottery_online5.jpg\" alt=\"jouer au loto america en ligne\"><\/p><p>Qu&rsquo;est-ce que le Lotto America ? Lotto America est un jeu de loterie multi-\u00e9tats qui vous donne une chance de remporter un grand jackpot et vous donne de bonnes chances de le faire. De plus, les billets sont peu co\u00fbteux et ce jeu vous offre de nombreuses possibilit\u00e9s de gagner de petits prix pendant que vous y \u00eates. Cela signifie que vous allez vous amuser m\u00eame si vous ne gagnez pas le jackpot.<\/p><h2 class=\"wp-block-heading\">Ce qu&rsquo;il faut savoir sur le jeu<\/h2><p>Ce jeu se d\u00e9roule deux fois par semaine, le mercredi et le samedi. Il tire \u00e9galement six boules diff\u00e9rentes au total. Cinq d&rsquo;entre elles sont des boules blanches normales, qui sont vos num\u00e9ros standard. L&rsquo;une d&rsquo;entre elles est une boule rouge, qui est le num\u00e9ro bonus.<\/p><h2 class=\"wp-block-heading\">Qui joue ?<\/h2><p>Quand il s&rsquo;agit de jouer \u00e0 ce jeu, vous voulez probablement savoir dans quoi vous vous engagez, n&rsquo;est-ce pas ? Eh bien, il y a au total 13 \u00c9tats diff\u00e9rents qui jouent actuellement \u00e0 ce jeu, dont le Maine, l&rsquo;Idaho, le Montana, le Dakota du Nord et du Sud, le Minnesota, l&rsquo;Iowa, le Kansas, le Nouveau Mexique, l&rsquo;Oklahoma, le Tennesee, la Virginie occidentale et le Delaware. Mais il n&rsquo;est pas n\u00e9cessaire de vivre dans l&rsquo;un de ces \u00c9tats, ni m\u00eame aux \u00c9tats-Unis, pour jouer \u00e0 ce jeu. Il existe de nombreuses options et fa\u00e7ons de commencer \u00e0 jouer \u00e0 ce jeu, o\u00f9 que vous soyez. Il vous suffit de savoir comment jouer.<\/p><h2 class=\"wp-block-heading\">Jouer pour soi-m\u00eame<\/h2><p>Lorsque vous \u00eates pr\u00eat \u00e0 commencer \u00e0 jouer \u00e0 Lotto America, il vous suffit de cr\u00e9er un compte en ligne avec RedFoxLotto. De l\u00e0, vous pourrez consulter tous leurs diff\u00e9rents jeux, qui comprennent des options du monde entier. Lotto America n&rsquo;est qu&rsquo;un des nombreux jeux parmi lesquels vous pouvez choisir, mais ce sera amusant.<\/p><p>Une fois que vous avez s\u00e9lectionn\u00e9 le jeu, vous pouvez voir quel est le jackpot et quand le tirage aura lieu avant d&rsquo;acheter un billet. De cette fa\u00e7on, vous savez si vous voulez vraiment essayer ou si vous voulez essayer un autre jeu cette fois-ci (ou si vous voulez des billets multipes). Une fois que vous avez d\u00e9cid\u00e9 d&rsquo;acheter un billet, il vous suffit de choisir les num\u00e9ros que vous voulez. Vous pouvez s\u00e9lectionner tous les num\u00e9ros vous-m\u00eame si vous avez une pr\u00e9f\u00e9rence ou vous pouvez choisir de ne s\u00e9lectionner que quelques num\u00e9ros et de faire g\u00e9n\u00e9rer le reste au hasard. Vous pouvez aussi choisir de g\u00e9n\u00e9rer tous les num\u00e9ros au hasard. C&rsquo;est vous qui d\u00e9cidez.<br>Ensuite, une fois que vous avez tous les num\u00e9ros, la seule chose que vous avez \u00e0 faire est de choisir de jouer le Bonus All Star ou non et de financer votre achat. Vous aurez termin\u00e9 en un rien de temps et il ne vous restera plus qu&rsquo;\u00e0 attendre le tirage au sort pour savoir si vous \u00eates gagnant.<\/p><h2 class=\"wp-block-heading\">Avez-vous gagn\u00e9 ? <\/h2><p>Lorsque le jeu est tir\u00e9 au sort et que vous attendez de voir si vos num\u00e9ros sont ceux qui sortent, cela va \u00eatre encore plus facile que vous ne le pensez. Tout ce que vous avez \u00e0 faire, c&rsquo;est de regarder en ligne. RedFoxLotto vous propose tous les num\u00e9ros gagnants, et surtout lorsque vous achetez un billet, car nous vous ferons parvenir les num\u00e9ros correspondants. <\/p><p>Si vous gagnez un petit prix, il sera automatiquement d\u00e9pos\u00e9 sur votre compte. Si vous gagnez un gros lot, nous vous assisterons et nous nous chargerons de r\u00e9clamer le prix. Mais peu importe ce que vous gagnez, vous le saurez imm\u00e9diatement sur votre compte, car nous vous montrerons vos num\u00e9ros et les num\u00e9ros gagnants. Alors, pourquoi ne pas essayer de jeter un coup d&rsquo;oeil \u00e0 Lotto America ? Vous ne r\u00e9alisez peut-\u00eatre m\u00eame pas encore ce que vous manquez. Jusqu&rsquo;\u00e0 ce que vous l&rsquo;essayiez vous-m\u00eame.<\/p>","protected":false},"excerpt":{"rendered":"<p>Lorsqu&rsquo;il s&rsquo;agit de jouer au loto en ligne, vous \u00eates peut-\u00eatre \u00e0 la recherche de quelque chose de nouveau. Apr\u00e8s tout, on peut devenir un peu vieux en jouant aux m\u00eames jeux, n&rsquo;est-ce pas ? C&rsquo;est probablement la raison pour laquelle vous \u00eates pass\u00e9 aux jeux en ligne au d\u00e9part. Eh bien, cela va devenir [&hellip;]<\/p>\n","protected":false},"author":1,"featured_media":0,"parent":1498,"menu_order":12,"comment_status":"closed","ping_status":"closed","template":"lotto-america.php","meta":{"_et_pb_use_builder":"","_et_pb_old_content":"","_et_gb_content_width":"","exclude_from_search":false,"footnotes":""},"class_list":["post-12848","page","type-page","status-publish","hentry"],"yoast_head":"<!-- This site is optimized with the Yoast SEO plugin v23.8 - https:\/\/yoast.com\/wordpress\/plugins\/seo\/ -->\n<title>Jouer au Lotto America en ligne<\/title>\n<meta name=\"description\" content=\"Les joueurs de tous les pays peuvent d\u00e9sormais s&#039;inscrire et jouer en ligne \u00e0 cette loterie multi-\u00e9tats des \u00c9tats-Unis\" \/>\n<meta name=\"robots\" content=\"index, follow, max-snippet:-1, max-image-preview:large, max-video-preview:-1\" \/>\n<link rel=\"canonical\" href=\"https:\/\/redfoxlotto.com\/fr\/jouer\/lotto-america\/\" \/>\n<meta property=\"og:locale\" content=\"fr_FR\" \/>\n<meta property=\"og:type\" content=\"article\" \/>\n<meta property=\"og:title\" content=\"Jouer au Lotto America en ligne\" \/>\n<meta property=\"og:description\" content=\"Les joueurs de tous les pays peuvent d\u00e9sormais s&#039;inscrire et jouer en ligne \u00e0 cette loterie multi-\u00e9tats des \u00c9tats-Unis\" \/>\n<meta property=\"og:url\" content=\"https:\/\/redfoxlotto.com\/fr\/jouer\/lotto-america\/\" \/>\n<meta property=\"og:site_name\" content=\"Get Tickets for the World\u2019s largest jackpots\" \/>\n<meta property=\"article:modified_time\" content=\"2025-12-10T13:02:09+00:00\" \/>\n<meta property=\"og:image\" content=\"https:\/\/content.redfoxlotto.com\/uploads\/sites\/9\/1_play_lottery_online5.jpg\" \/>\n<meta name=\"twitter:card\" content=\"summary_large_image\" \/>\n<meta name=\"twitter:label1\" content=\"Dur\u00e9e de lecture estim\u00e9e\" \/>\n\t<meta name=\"twitter:data1\" content=\"4 minutes\" \/>\n<script type=\"application\/ld+json\" class=\"yoast-schema-graph\">{\"@context\":\"https:\/\/schema.org\",\"@graph\":[{\"@type\":\"WebPage\",\"@id\":\"https:\/\/redfoxlotto.com\/fr\/jouer\/lotto-america\/\",\"url\":\"https:\/\/redfoxlotto.com\/fr\/jouer\/lotto-america\/\",\"name\":\"Jouer au Lotto America en ligne\",\"isPartOf\":{\"@id\":\"https:\/\/redfoxlotto.com\/fr\/#website\"},\"primaryImageOfPage\":{\"@id\":\"https:\/\/redfoxlotto.com\/fr\/jouer\/lotto-america\/#primaryimage\"},\"image\":{\"@id\":\"https:\/\/redfoxlotto.com\/fr\/jouer\/lotto-america\/#primaryimage\"},\"thumbnailUrl\":\"https:\/\/content.redfoxlotto.com\/uploads\/sites\/9\/1_play_lottery_online5.jpg\",\"datePublished\":\"2023-04-24T18:09:15+00:00\",\"dateModified\":\"2025-12-10T13:02:09+00:00\",\"description\":\"Les joueurs de tous les pays peuvent d\u00e9sormais s'inscrire et jouer en ligne \u00e0 cette loterie multi-\u00e9tats des \u00c9tats-Unis\",\"breadcrumb\":{\"@id\":\"https:\/\/redfoxlotto.com\/fr\/jouer\/lotto-america\/#breadcrumb\"},\"inLanguage\":\"fr-FR\",\"potentialAction\":[{\"@type\":\"ReadAction\",\"target\":[\"https:\/\/redfoxlotto.com\/fr\/jouer\/lotto-america\/\"]}]},{\"@type\":\"ImageObject\",\"inLanguage\":\"fr-FR\",\"@id\":\"https:\/\/redfoxlotto.com\/fr\/jouer\/lotto-america\/#primaryimage\",\"url\":\"https:\/\/content.redfoxlotto.com\/uploads\/sites\/9\/1_play_lottery_online5.jpg\",\"contentUrl\":\"https:\/\/content.redfoxlotto.com\/uploads\/sites\/9\/1_play_lottery_online5.jpg\"},{\"@type\":\"BreadcrumbList\",\"@id\":\"https:\/\/redfoxlotto.com\/fr\/jouer\/lotto-america\/#breadcrumb\",\"itemListElement\":[{\"@type\":\"ListItem\",\"position\":1,\"name\":\"Home\",\"item\":\"https:\/\/redfoxlotto.com\/fr\/\"},{\"@type\":\"ListItem\",\"position\":2,\"name\":\"Comment jouer au loto en ligne\",\"item\":\"https:\/\/redfoxlotto.com\/fr\/jouer\/\"},{\"@type\":\"ListItem\",\"position\":3,\"name\":\"Comment participer au Lotto America en ligne\"}]},{\"@type\":\"WebSite\",\"@id\":\"https:\/\/redfoxlotto.com\/fr\/#website\",\"url\":\"https:\/\/redfoxlotto.com\/fr\/\",\"name\":\"Get Tickets for the World\u2019s largest jackpots\",\"description\":\"Participate in worldwide lottery jackpots from any country\",\"publisher\":{\"@id\":\"https:\/\/redfoxlotto.com\/fr\/#organization\"},\"potentialAction\":[{\"@type\":\"SearchAction\",\"target\":{\"@type\":\"EntryPoint\",\"urlTemplate\":\"https:\/\/redfoxlotto.com\/fr\/?s={search_term_string}\"},\"query-input\":{\"@type\":\"PropertyValueSpecification\",\"valueRequired\":true,\"valueName\":\"search_term_string\"}}],\"inLanguage\":\"fr-FR\"},{\"@type\":\"Organization\",\"@id\":\"https:\/\/redfoxlotto.com\/fr\/#organization\",\"name\":\"Get Tickets for the World\u2019s largest jackpots\",\"url\":\"https:\/\/redfoxlotto.com\/fr\/\",\"logo\":{\"@type\":\"ImageObject\",\"inLanguage\":\"fr-FR\",\"@id\":\"https:\/\/redfoxlotto.com\/fr\/#\/schema\/logo\/image\/\",\"url\":\"https:\/\/redfoxlotto.com\/wp-content\/uploads\/2023\/04\/logo.png\",\"contentUrl\":\"https:\/\/redfoxlotto.com\/wp-content\/uploads\/2023\/04\/logo.png\",\"width\":269,\"height\":53,\"caption\":\"Get Tickets for the World\u2019s largest jackpots\"},\"image\":{\"@id\":\"https:\/\/redfoxlotto.com\/fr\/#\/schema\/logo\/image\/\"}}]}<\/script>\n<!-- \/ Yoast SEO plugin. -->","yoast_head_json":{"title":"Jouer au Lotto America en ligne","description":"Les joueurs de tous les pays peuvent d\u00e9sormais s'inscrire et jouer en ligne \u00e0 cette loterie multi-\u00e9tats des \u00c9tats-Unis","robots":{"index":"index","follow":"follow","max-snippet":"max-snippet:-1","max-image-preview":"max-image-preview:large","max-video-preview":"max-video-preview:-1"},"canonical":"https:\/\/redfoxlotto.com\/fr\/jouer\/lotto-america\/","og_locale":"fr_FR","og_type":"article","og_title":"Jouer au Lotto America en ligne","og_description":"Les joueurs de tous les pays peuvent d\u00e9sormais s'inscrire et jouer en ligne \u00e0 cette loterie multi-\u00e9tats des \u00c9tats-Unis","og_url":"https:\/\/redfoxlotto.com\/fr\/jouer\/lotto-america\/","og_site_name":"Get Tickets for the World\u2019s largest jackpots","article_modified_time":"2025-12-10T13:02:09+00:00","og_image":[{"url":"https:\/\/content.redfoxlotto.com\/uploads\/sites\/9\/1_play_lottery_online5.jpg"}],"twitter_card":"summary_large_image","twitter_misc":{"Dur\u00e9e de lecture estim\u00e9e":"4 minutes"},"schema":{"@context":"https:\/\/schema.org","@graph":[{"@type":"WebPage","@id":"https:\/\/redfoxlotto.com\/fr\/jouer\/lotto-america\/","url":"https:\/\/redfoxlotto.com\/fr\/jouer\/lotto-america\/","name":"Jouer au Lotto America en ligne","isPartOf":{"@id":"https:\/\/redfoxlotto.com\/fr\/#website"},"primaryImageOfPage":{"@id":"https:\/\/redfoxlotto.com\/fr\/jouer\/lotto-america\/#primaryimage"},"image":{"@id":"https:\/\/redfoxlotto.com\/fr\/jouer\/lotto-america\/#primaryimage"},"thumbnailUrl":"https:\/\/content.redfoxlotto.com\/uploads\/sites\/9\/1_play_lottery_online5.jpg","datePublished":"2023-04-24T18:09:15+00:00","dateModified":"2025-12-10T13:02:09+00:00","description":"Les joueurs de tous les pays peuvent d\u00e9sormais s'inscrire et jouer en ligne \u00e0 cette loterie multi-\u00e9tats des \u00c9tats-Unis","breadcrumb":{"@id":"https:\/\/redfoxlotto.com\/fr\/jouer\/lotto-america\/#breadcrumb"},"inLanguage":"fr-FR","potentialAction":[{"@type":"ReadAction","target":["https:\/\/redfoxlotto.com\/fr\/jouer\/lotto-america\/"]}]},{"@type":"ImageObject","inLanguage":"fr-FR","@id":"https:\/\/redfoxlotto.com\/fr\/jouer\/lotto-america\/#primaryimage","url":"https:\/\/content.redfoxlotto.com\/uploads\/sites\/9\/1_play_lottery_online5.jpg","contentUrl":"https:\/\/content.redfoxlotto.com\/uploads\/sites\/9\/1_play_lottery_online5.jpg"},{"@type":"BreadcrumbList","@id":"https:\/\/redfoxlotto.com\/fr\/jouer\/lotto-america\/#breadcrumb","itemListElement":[{"@type":"ListItem","position":1,"name":"Home","item":"https:\/\/redfoxlotto.com\/fr\/"},{"@type":"ListItem","position":2,"name":"Comment jouer au loto en ligne","item":"https:\/\/redfoxlotto.com\/fr\/jouer\/"},{"@type":"ListItem","position":3,"name":"Comment participer au Lotto America en ligne"}]},{"@type":"WebSite","@id":"https:\/\/redfoxlotto.com\/fr\/#website","url":"https:\/\/redfoxlotto.com\/fr\/","name":"Get Tickets for the World\u2019s largest jackpots","description":"Participate in worldwide lottery jackpots from any country","publisher":{"@id":"https:\/\/redfoxlotto.com\/fr\/#organization"},"potentialAction":[{"@type":"SearchAction","target":{"@type":"EntryPoint","urlTemplate":"https:\/\/redfoxlotto.com\/fr\/?s={search_term_string}"},"query-input":{"@type":"PropertyValueSpecification","valueRequired":true,"valueName":"search_term_string"}}],"inLanguage":"fr-FR"},{"@type":"Organization","@id":"https:\/\/redfoxlotto.com\/fr\/#organization","name":"Get Tickets for the World\u2019s largest jackpots","url":"https:\/\/redfoxlotto.com\/fr\/","logo":{"@type":"ImageObject","inLanguage":"fr-FR","@id":"https:\/\/redfoxlotto.com\/fr\/#\/schema\/logo\/image\/","url":"https:\/\/redfoxlotto.com\/wp-content\/uploads\/2023\/04\/logo.png","contentUrl":"https:\/\/redfoxlotto.com\/wp-content\/uploads\/2023\/04\/logo.png","width":269,"height":53,"caption":"Get Tickets for the World\u2019s largest jackpots"},"image":{"@id":"https:\/\/redfoxlotto.com\/fr\/#\/schema\/logo\/image\/"}}]}},"_links":{"self":[{"href":"https:\/\/redfoxlotto.com\/fr\/wp-json\/wp\/v2\/pages\/12848","targetHints":{"allow":["GET"]}}],"collection":[{"href":"https:\/\/redfoxlotto.com\/fr\/wp-json\/wp\/v2\/pages"}],"about":[{"href":"https:\/\/redfoxlotto.com\/fr\/wp-json\/wp\/v2\/types\/page"}],"author":[{"embeddable":true,"href":"https:\/\/redfoxlotto.com\/fr\/wp-json\/wp\/v2\/users\/1"}],"replies":[{"embeddable":true,"href":"https:\/\/redfoxlotto.com\/fr\/wp-json\/wp\/v2\/comments?post=12848"}],"version-history":[{"count":0,"href":"https:\/\/redfoxlotto.com\/fr\/wp-json\/wp\/v2\/pages\/12848\/revisions"}],"up":[{"embeddable":true,"href":"https:\/\/redfoxlotto.com\/fr\/wp-json\/wp\/v2\/pages\/1498"}],"wp:attachment":[{"href":"https:\/\/redfoxlotto.com\/fr\/wp-json\/wp\/v2\/media?parent=12848"}],"curies":[{"name":"wp","href":"https:\/\/api.w.org\/{rel}","templated":true}]}}