{"id":12843,"date":"2020-08-18T09:08:19","date_gmt":"2020-08-18T09:08:19","guid":{"rendered":"https:\/\/redfoxlotto.com\/?page_id=12843"},"modified":"2023-05-19T09:32:35","modified_gmt":"2023-05-19T09:32:35","slug":"thunderball","status":"publish","type":"page","link":"https:\/\/redfoxlotto.com\/fr\/resultats\/thunderball\/","title":{"rendered":"R\u00e9sultats de la loterie Thunderball"},"content":{"rendered":"<h2 class=\"wp-block-heading\">Num\u00e9ros gagnants du loto de Thunderball UK<\/h2><p><img loading=\"lazy\" decoding=\"async\" class=\" wp-image alignright\" src=\"https:\/\/content.redfoxlotto.com\/uploads\/sites\/9\/1_online_lotto_results.jpg\" alt=\"Thunderball results\" width=\"248\" height=\"248\" \/><\/p><p>Que faire si vous avez vous-m\u00eame manqu\u00e9 le tirage et que vous voulez v\u00e9rifier les derniers num\u00e9ros gagnants ? Eh bien, vous avez de la chance, car il est facile de v\u00e9rifier les num\u00e9ros gagnants du loto britannique Thunderball. S&rsquo;il n&rsquo;y a pas encore eu de nouveau tirage, vous pouvez consulter le site web. S&rsquo;il y en a eu un, vous devrez peut-\u00eatre consulter les archives des r\u00e9sultats.<\/p><h2 class=\"wp-block-heading\">V\u00e9rifier les num\u00e9ros actuels<\/h2><p>Si vous avez jou\u00e9 au jeu et que vous souhaitez consulter les derniers num\u00e9ros gagnants, vous pouvez acc\u00e9der directement \u00e0 votre compte, puis cliquer sur \u00ab\u00a0Mes billets\u00a0\u00bb. De l\u00e0, vous pourrez voir comment vos num\u00e9ros se comparent aux num\u00e9ros gagnants. Vous pouvez ainsi voir combien vous avez gagn\u00e9.<\/p><p>Tous les num\u00e9ros qui correspondent aux num\u00e9ros gagnants seront mis en \u00e9vidence, ce qui vous permettra de v\u00e9rifier votre prix beaucoup plus facilement. Et chez RedFoxLotto.com, nous r\u00e9clamons d\u00e9j\u00e0 le montant de votre gain pour les petits prix, donc il est directement d\u00e9pos\u00e9 sur votre compte.<\/p><h2 class=\"wp-block-heading\">Num\u00e9ros gagnants du Old Thunderball UK Lotto<\/h2><p><img loading=\"lazy\" decoding=\"async\" class=\" wp-image alignright\" src=\"https:\/\/content.redfoxlotto.com\/uploads\/sites\/9\/1_winner_lottery_jackpot.jpg\" alt=\"num\u00e9ros de loterie gagnants\" width=\"267\" height=\"160\" \/><\/p><p>Pour certains, les chiffres actuels ne sont pas suffisants pour prendre une d\u00e9cision. Il se peut que vous souhaitiez des num\u00e9ros plus anciens pour pouvoir d\u00e9cider de la mani\u00e8re dont vous voulez jouer. Vous pouvez aussi avoir des billets plus anciens que vous voulez comparer avec les matchs pour lesquels ils ont \u00e9t\u00e9 tir\u00e9s.<br>Si vous avez besoin d&rsquo;anciens num\u00e9ros du loto de Thunderball UK, vous pouvez consulter les archives pour en savoir plus et consulter toutes les informations dont vous pourriez avoir besoin. Vous pouvez m\u00eame remonter plusieurs jeux pour obtenir tous les num\u00e9ros.<\/p>","protected":false},"excerpt":{"rendered":"<p>Num\u00e9ros gagnants du loto de Thunderball UK Que faire si vous avez vous-m\u00eame manqu\u00e9 le tirage et que vous voulez v\u00e9rifier les derniers num\u00e9ros gagnants ? Eh bien, vous avez de la chance, car il est facile de v\u00e9rifier les num\u00e9ros gagnants du loto britannique Thunderball. S&rsquo;il n&rsquo;y a pas encore eu de nouveau tirage, [&hellip;]<\/p>\n","protected":false},"author":1,"featured_media":0,"parent":1528,"menu_order":11,"comment_status":"closed","ping_status":"closed","template":"thunderball-results.php","meta":{"_et_pb_use_builder":"","_et_pb_old_content":"","_et_gb_content_width":"","exclude_from_search":false,"footnotes":""},"class_list":["post-12843","page","type-page","status-publish","hentry"],"yoast_head":"<!-- This site is optimized with the Yoast SEO plugin v23.8 - https:\/\/yoast.com\/wordpress\/plugins\/seo\/ -->\n<title>Gains actuels et r\u00e9cents, chiffres et r\u00e9sultats de Thunderball UK<\/title>\n<meta name=\"description\" content=\"Comparez les num\u00e9ros de vos billets de loterie avec les r\u00e9sultats du tirage de Thunderball ici\" \/>\n<meta name=\"robots\" content=\"index, follow, max-snippet:-1, max-image-preview:large, max-video-preview:-1\" \/>\n<link rel=\"canonical\" href=\"https:\/\/redfoxlotto.com\/fr\/resultats\/thunderball\/\" \/>\n<meta property=\"og:locale\" content=\"fr_FR\" \/>\n<meta property=\"og:type\" content=\"article\" \/>\n<meta property=\"og:title\" content=\"Gains actuels et r\u00e9cents, chiffres et r\u00e9sultats de Thunderball UK\" \/>\n<meta property=\"og:description\" content=\"Comparez les num\u00e9ros de vos billets de loterie avec les r\u00e9sultats du tirage de Thunderball ici\" \/>\n<meta property=\"og:url\" content=\"https:\/\/redfoxlotto.com\/fr\/resultats\/thunderball\/\" \/>\n<meta property=\"og:site_name\" content=\"Get Tickets for the World\u2019s largest jackpots\" \/>\n<meta property=\"article:modified_time\" content=\"2023-05-19T09:32:35+00:00\" \/>\n<meta property=\"og:image\" content=\"https:\/\/content.redfoxlotto.com\/uploads\/sites\/9\/1_online_lotto_results.jpg\" \/>\n<meta name=\"twitter:card\" content=\"summary_large_image\" \/>\n<meta name=\"twitter:label1\" content=\"Dur\u00e9e de lecture estim\u00e9e\" \/>\n\t<meta name=\"twitter:data1\" content=\"2 minutes\" \/>\n<script type=\"application\/ld+json\" class=\"yoast-schema-graph\">{\"@context\":\"https:\/\/schema.org\",\"@graph\":[{\"@type\":\"WebPage\",\"@id\":\"https:\/\/redfoxlotto.com\/fr\/resultats\/thunderball\/\",\"url\":\"https:\/\/redfoxlotto.com\/fr\/resultats\/thunderball\/\",\"name\":\"Gains actuels et r\u00e9cents, chiffres et r\u00e9sultats de Thunderball UK\",\"isPartOf\":{\"@id\":\"https:\/\/redfoxlotto.com\/fr\/#website\"},\"primaryImageOfPage\":{\"@id\":\"https:\/\/redfoxlotto.com\/fr\/resultats\/thunderball\/#primaryimage\"},\"image\":{\"@id\":\"https:\/\/redfoxlotto.com\/fr\/resultats\/thunderball\/#primaryimage\"},\"thumbnailUrl\":\"https:\/\/content.redfoxlotto.com\/uploads\/sites\/9\/1_online_lotto_results.jpg\",\"datePublished\":\"2020-08-18T09:08:19+00:00\",\"dateModified\":\"2023-05-19T09:32:35+00:00\",\"description\":\"Comparez les num\u00e9ros de vos billets de loterie avec les r\u00e9sultats du tirage de Thunderball ici\",\"breadcrumb\":{\"@id\":\"https:\/\/redfoxlotto.com\/fr\/resultats\/thunderball\/#breadcrumb\"},\"inLanguage\":\"fr-FR\",\"potentialAction\":[{\"@type\":\"ReadAction\",\"target\":[\"https:\/\/redfoxlotto.com\/fr\/resultats\/thunderball\/\"]}]},{\"@type\":\"ImageObject\",\"inLanguage\":\"fr-FR\",\"@id\":\"https:\/\/redfoxlotto.com\/fr\/resultats\/thunderball\/#primaryimage\",\"url\":\"https:\/\/content.redfoxlotto.com\/uploads\/sites\/9\/1_online_lotto_results.jpg\",\"contentUrl\":\"https:\/\/content.redfoxlotto.com\/uploads\/sites\/9\/1_online_lotto_results.jpg\"},{\"@type\":\"BreadcrumbList\",\"@id\":\"https:\/\/redfoxlotto.com\/fr\/resultats\/thunderball\/#breadcrumb\",\"itemListElement\":[{\"@type\":\"ListItem\",\"position\":1,\"name\":\"Home\",\"item\":\"https:\/\/redfoxlotto.com\/fr\/\"},{\"@type\":\"ListItem\",\"position\":2,\"name\":\"R\u00e9sultats des loteries internationales\",\"item\":\"https:\/\/redfoxlotto.com\/fr\/resultats\/\"},{\"@type\":\"ListItem\",\"position\":3,\"name\":\"R\u00e9sultats de la loterie Thunderball\"}]},{\"@type\":\"WebSite\",\"@id\":\"https:\/\/redfoxlotto.com\/fr\/#website\",\"url\":\"https:\/\/redfoxlotto.com\/fr\/\",\"name\":\"Get Tickets for the World\u2019s largest jackpots\",\"description\":\"Participate in worldwide lottery jackpots from any country\",\"publisher\":{\"@id\":\"https:\/\/redfoxlotto.com\/fr\/#organization\"},\"potentialAction\":[{\"@type\":\"SearchAction\",\"target\":{\"@type\":\"EntryPoint\",\"urlTemplate\":\"https:\/\/redfoxlotto.com\/fr\/?s={search_term_string}\"},\"query-input\":{\"@type\":\"PropertyValueSpecification\",\"valueRequired\":true,\"valueName\":\"search_term_string\"}}],\"inLanguage\":\"fr-FR\"},{\"@type\":\"Organization\",\"@id\":\"https:\/\/redfoxlotto.com\/fr\/#organization\",\"name\":\"Get Tickets for the World\u2019s largest jackpots\",\"url\":\"https:\/\/redfoxlotto.com\/fr\/\",\"logo\":{\"@type\":\"ImageObject\",\"inLanguage\":\"fr-FR\",\"@id\":\"https:\/\/redfoxlotto.com\/fr\/#\/schema\/logo\/image\/\",\"url\":\"https:\/\/redfoxlotto.com\/wp-content\/uploads\/2023\/04\/logo.png\",\"contentUrl\":\"https:\/\/redfoxlotto.com\/wp-content\/uploads\/2023\/04\/logo.png\",\"width\":269,\"height\":53,\"caption\":\"Get Tickets for the World\u2019s largest jackpots\"},\"image\":{\"@id\":\"https:\/\/redfoxlotto.com\/fr\/#\/schema\/logo\/image\/\"}}]}<\/script>\n<!-- \/ Yoast SEO plugin. -->","yoast_head_json":{"title":"Gains actuels et r\u00e9cents, chiffres et r\u00e9sultats de Thunderball UK","description":"Comparez les num\u00e9ros de vos billets de loterie avec les r\u00e9sultats du tirage de Thunderball ici","robots":{"index":"index","follow":"follow","max-snippet":"max-snippet:-1","max-image-preview":"max-image-preview:large","max-video-preview":"max-video-preview:-1"},"canonical":"https:\/\/redfoxlotto.com\/fr\/resultats\/thunderball\/","og_locale":"fr_FR","og_type":"article","og_title":"Gains actuels et r\u00e9cents, chiffres et r\u00e9sultats de Thunderball UK","og_description":"Comparez les num\u00e9ros de vos billets de loterie avec les r\u00e9sultats du tirage de Thunderball ici","og_url":"https:\/\/redfoxlotto.com\/fr\/resultats\/thunderball\/","og_site_name":"Get Tickets for the World\u2019s largest jackpots","article_modified_time":"2023-05-19T09:32:35+00:00","og_image":[{"url":"https:\/\/content.redfoxlotto.com\/uploads\/sites\/9\/1_online_lotto_results.jpg"}],"twitter_card":"summary_large_image","twitter_misc":{"Dur\u00e9e de lecture estim\u00e9e":"2 minutes"},"schema":{"@context":"https:\/\/schema.org","@graph":[{"@type":"WebPage","@id":"https:\/\/redfoxlotto.com\/fr\/resultats\/thunderball\/","url":"https:\/\/redfoxlotto.com\/fr\/resultats\/thunderball\/","name":"Gains actuels et r\u00e9cents, chiffres et r\u00e9sultats de Thunderball UK","isPartOf":{"@id":"https:\/\/redfoxlotto.com\/fr\/#website"},"primaryImageOfPage":{"@id":"https:\/\/redfoxlotto.com\/fr\/resultats\/thunderball\/#primaryimage"},"image":{"@id":"https:\/\/redfoxlotto.com\/fr\/resultats\/thunderball\/#primaryimage"},"thumbnailUrl":"https:\/\/content.redfoxlotto.com\/uploads\/sites\/9\/1_online_lotto_results.jpg","datePublished":"2020-08-18T09:08:19+00:00","dateModified":"2023-05-19T09:32:35+00:00","description":"Comparez les num\u00e9ros de vos billets de loterie avec les r\u00e9sultats du tirage de Thunderball ici","breadcrumb":{"@id":"https:\/\/redfoxlotto.com\/fr\/resultats\/thunderball\/#breadcrumb"},"inLanguage":"fr-FR","potentialAction":[{"@type":"ReadAction","target":["https:\/\/redfoxlotto.com\/fr\/resultats\/thunderball\/"]}]},{"@type":"ImageObject","inLanguage":"fr-FR","@id":"https:\/\/redfoxlotto.com\/fr\/resultats\/thunderball\/#primaryimage","url":"https:\/\/content.redfoxlotto.com\/uploads\/sites\/9\/1_online_lotto_results.jpg","contentUrl":"https:\/\/content.redfoxlotto.com\/uploads\/sites\/9\/1_online_lotto_results.jpg"},{"@type":"BreadcrumbList","@id":"https:\/\/redfoxlotto.com\/fr\/resultats\/thunderball\/#breadcrumb","itemListElement":[{"@type":"ListItem","position":1,"name":"Home","item":"https:\/\/redfoxlotto.com\/fr\/"},{"@type":"ListItem","position":2,"name":"R\u00e9sultats des loteries internationales","item":"https:\/\/redfoxlotto.com\/fr\/resultats\/"},{"@type":"ListItem","position":3,"name":"R\u00e9sultats de la loterie Thunderball"}]},{"@type":"WebSite","@id":"https:\/\/redfoxlotto.com\/fr\/#website","url":"https:\/\/redfoxlotto.com\/fr\/","name":"Get Tickets for the World\u2019s largest jackpots","description":"Participate in worldwide lottery jackpots from any country","publisher":{"@id":"https:\/\/redfoxlotto.com\/fr\/#organization"},"potentialAction":[{"@type":"SearchAction","target":{"@type":"EntryPoint","urlTemplate":"https:\/\/redfoxlotto.com\/fr\/?s={search_term_string}"},"query-input":{"@type":"PropertyValueSpecification","valueRequired":true,"valueName":"search_term_string"}}],"inLanguage":"fr-FR"},{"@type":"Organization","@id":"https:\/\/redfoxlotto.com\/fr\/#organization","name":"Get Tickets for the World\u2019s largest jackpots","url":"https:\/\/redfoxlotto.com\/fr\/","logo":{"@type":"ImageObject","inLanguage":"fr-FR","@id":"https:\/\/redfoxlotto.com\/fr\/#\/schema\/logo\/image\/","url":"https:\/\/redfoxlotto.com\/wp-content\/uploads\/2023\/04\/logo.png","contentUrl":"https:\/\/redfoxlotto.com\/wp-content\/uploads\/2023\/04\/logo.png","width":269,"height":53,"caption":"Get Tickets for the World\u2019s largest jackpots"},"image":{"@id":"https:\/\/redfoxlotto.com\/fr\/#\/schema\/logo\/image\/"}}]}},"_links":{"self":[{"href":"https:\/\/redfoxlotto.com\/fr\/wp-json\/wp\/v2\/pages\/12843","targetHints":{"allow":["GET"]}}],"collection":[{"href":"https:\/\/redfoxlotto.com\/fr\/wp-json\/wp\/v2\/pages"}],"about":[{"href":"https:\/\/redfoxlotto.com\/fr\/wp-json\/wp\/v2\/types\/page"}],"author":[{"embeddable":true,"href":"https:\/\/redfoxlotto.com\/fr\/wp-json\/wp\/v2\/users\/1"}],"replies":[{"embeddable":true,"href":"https:\/\/redfoxlotto.com\/fr\/wp-json\/wp\/v2\/comments?post=12843"}],"version-history":[{"count":0,"href":"https:\/\/redfoxlotto.com\/fr\/wp-json\/wp\/v2\/pages\/12843\/revisions"}],"up":[{"embeddable":true,"href":"https:\/\/redfoxlotto.com\/fr\/wp-json\/wp\/v2\/pages\/1528"}],"wp:attachment":[{"href":"https:\/\/redfoxlotto.com\/fr\/wp-json\/wp\/v2\/media?parent=12843"}],"curies":[{"name":"wp","href":"https:\/\/api.w.org\/{rel}","templated":true}]}}