{"id":12779,"date":"2020-07-20T08:57:09","date_gmt":"2020-07-20T08:57:09","guid":{"rendered":"https:\/\/redfoxlotto.com\/?page_id=12779"},"modified":"2023-05-19T09:32:24","modified_gmt":"2023-05-19T09:32:24","slug":"mega-sena","status":"publish","type":"page","link":"https:\/\/redfoxlotto.com\/fr\/resultats\/mega-sena\/","title":{"rendered":"V\u00e9rifiez votre billet Mega Sena"},"content":{"rendered":"<h2 class=\"wp-block-heading\">Mega Sena Br\u00e9sil Num\u00e9ros gagnants<\/h2><p><img loading=\"lazy\" decoding=\"async\" class=\" wp-image alignright\" src=\"https:\/\/content.redfoxlotto.com\/uploads\/sites\/9\/1_you_win_jackpot.jpg\" alt=\"gagner le jackpot de loterie\" width=\"242\" height=\"242\" \/><\/p><p>Si vous avez d\u00e9j\u00e0 jou\u00e9 au Mega Sena, vous devez savoir si vous avez gagn\u00e9, n&rsquo;est-ce pas ? Alors, comment v\u00e9rifier les num\u00e9ros gagnants du Mega Sena Br\u00e9sil ? Il vous suffit de visiter votre compte sur RedFoxLotto.com. Vous pourrez y trouver les derniers r\u00e9sultats du jeu et si vous avez d\u00e9j\u00e0 jou\u00e9, vous pourrez les retrouver encore plus facilement.<\/p><h2 class=\"wp-block-heading\">V\u00e9rifier vos num\u00e9ros<\/h2><p>Si vous voulez savoir si vous avez gagn\u00e9 sur le Mega Sena Br\u00e9sil, il vous suffit d&rsquo;aller sur la page des billets de votre compte. De l\u00e0, vous pouvez voir vos num\u00e9ros compar\u00e9s aux num\u00e9ros gagnants. Cela vous permet de savoir encore plus facilement ce que vous avez gagn\u00e9 et quels num\u00e9ros \u00e9taient bons ou non.<\/p><p>Mais vous n&rsquo;avez pas \u00e0 vous soucier de quoi que ce soit, car tout ce que vous gagnez sera automatiquement r\u00e9clam\u00e9 pour vous et ensuite d\u00e9pos\u00e9 sur votre compte. Ainsi, vous pouvez vous d\u00e9tendre une fois que vous avez achet\u00e9 votre billet. Du moins, jusqu&rsquo;\u00e0 ce qu&rsquo;il soit temps d&rsquo;acheter le prochain.<\/p><h2 class=\"wp-block-heading\">V\u00e9rifier les anciens num\u00e9ros gagnants<\/h2><p>Si vous avez un ancien billet que vous souhaitez v\u00e9rifier, vous pouvez le faire en consultant les archives. L&rsquo;examen des anciens num\u00e9ros gagnants de Mega Sena Brazil est \u00e9galement utile si vous pr\u00e9voyez de parier certains de ces num\u00e9ros. Il vous suffit de jeter un coup d&rsquo;\u0153il et vous pourrez voir quels num\u00e9ros sont apparus plus (ou moins) souvent.<\/p>","protected":false},"excerpt":{"rendered":"<p>Mega Sena Br\u00e9sil Num\u00e9ros gagnants Si vous avez d\u00e9j\u00e0 jou\u00e9 au Mega Sena, vous devez savoir si vous avez gagn\u00e9, n&rsquo;est-ce pas ? Alors, comment v\u00e9rifier les num\u00e9ros gagnants du Mega Sena Br\u00e9sil ? Il vous suffit de visiter votre compte sur RedFoxLotto.com. Vous pourrez y trouver les derniers r\u00e9sultats du jeu et si vous [&hellip;]<\/p>\n","protected":false},"author":1,"featured_media":0,"parent":1528,"menu_order":13,"comment_status":"closed","ping_status":"closed","template":"megasena-results.php","meta":{"_et_pb_use_builder":"","_et_pb_old_content":"","_et_gb_content_width":"","exclude_from_search":false,"footnotes":""},"class_list":["post-12779","page","type-page","status-publish","hentry"],"yoast_head":"<!-- This site is optimized with the Yoast SEO plugin v23.8 - https:\/\/yoast.com\/wordpress\/plugins\/seo\/ -->\n<title>Voir les r\u00e9sultats et les num\u00e9ros gagnants de Mega Sena ici<\/title>\n<meta name=\"description\" content=\"Les mises \u00e0 jour instantan\u00e9es des num\u00e9ros gagnants et des r\u00e9sultats de Mega Sena peuvent \u00eatre consult\u00e9es ici\" \/>\n<meta name=\"robots\" content=\"index, follow, max-snippet:-1, max-image-preview:large, max-video-preview:-1\" \/>\n<link rel=\"canonical\" href=\"https:\/\/redfoxlotto.com\/fr\/resultats\/mega-sena\/\" \/>\n<meta property=\"og:locale\" content=\"fr_FR\" \/>\n<meta property=\"og:type\" content=\"article\" \/>\n<meta property=\"og:title\" content=\"Voir les r\u00e9sultats et les num\u00e9ros gagnants de Mega Sena ici\" \/>\n<meta property=\"og:description\" content=\"Les mises \u00e0 jour instantan\u00e9es des num\u00e9ros gagnants et des r\u00e9sultats de Mega Sena peuvent \u00eatre consult\u00e9es ici\" \/>\n<meta property=\"og:url\" content=\"https:\/\/redfoxlotto.com\/fr\/resultats\/mega-sena\/\" \/>\n<meta property=\"og:site_name\" content=\"Get Tickets for the World\u2019s largest jackpots\" \/>\n<meta property=\"article:modified_time\" content=\"2023-05-19T09:32:24+00:00\" \/>\n<meta property=\"og:image\" content=\"https:\/\/content.redfoxlotto.com\/uploads\/sites\/9\/1_you_win_jackpot.jpg\" \/>\n<meta name=\"twitter:card\" content=\"summary_large_image\" \/>\n<meta name=\"twitter:label1\" content=\"Dur\u00e9e de lecture estim\u00e9e\" \/>\n\t<meta name=\"twitter:data1\" content=\"2 minutes\" \/>\n<script type=\"application\/ld+json\" class=\"yoast-schema-graph\">{\"@context\":\"https:\/\/schema.org\",\"@graph\":[{\"@type\":\"WebPage\",\"@id\":\"https:\/\/redfoxlotto.com\/fr\/resultats\/mega-sena\/\",\"url\":\"https:\/\/redfoxlotto.com\/fr\/resultats\/mega-sena\/\",\"name\":\"Voir les r\u00e9sultats et les num\u00e9ros gagnants de Mega Sena ici\",\"isPartOf\":{\"@id\":\"https:\/\/redfoxlotto.com\/fr\/#website\"},\"primaryImageOfPage\":{\"@id\":\"https:\/\/redfoxlotto.com\/fr\/resultats\/mega-sena\/#primaryimage\"},\"image\":{\"@id\":\"https:\/\/redfoxlotto.com\/fr\/resultats\/mega-sena\/#primaryimage\"},\"thumbnailUrl\":\"https:\/\/content.redfoxlotto.com\/uploads\/sites\/9\/1_you_win_jackpot.jpg\",\"datePublished\":\"2020-07-20T08:57:09+00:00\",\"dateModified\":\"2023-05-19T09:32:24+00:00\",\"description\":\"Les mises \u00e0 jour instantan\u00e9es des num\u00e9ros gagnants et des r\u00e9sultats de Mega Sena peuvent \u00eatre consult\u00e9es ici\",\"breadcrumb\":{\"@id\":\"https:\/\/redfoxlotto.com\/fr\/resultats\/mega-sena\/#breadcrumb\"},\"inLanguage\":\"fr-FR\",\"potentialAction\":[{\"@type\":\"ReadAction\",\"target\":[\"https:\/\/redfoxlotto.com\/fr\/resultats\/mega-sena\/\"]}]},{\"@type\":\"ImageObject\",\"inLanguage\":\"fr-FR\",\"@id\":\"https:\/\/redfoxlotto.com\/fr\/resultats\/mega-sena\/#primaryimage\",\"url\":\"https:\/\/content.redfoxlotto.com\/uploads\/sites\/9\/1_you_win_jackpot.jpg\",\"contentUrl\":\"https:\/\/content.redfoxlotto.com\/uploads\/sites\/9\/1_you_win_jackpot.jpg\"},{\"@type\":\"BreadcrumbList\",\"@id\":\"https:\/\/redfoxlotto.com\/fr\/resultats\/mega-sena\/#breadcrumb\",\"itemListElement\":[{\"@type\":\"ListItem\",\"position\":1,\"name\":\"Home\",\"item\":\"https:\/\/redfoxlotto.com\/fr\/\"},{\"@type\":\"ListItem\",\"position\":2,\"name\":\"R\u00e9sultats des loteries internationales\",\"item\":\"https:\/\/redfoxlotto.com\/fr\/resultats\/\"},{\"@type\":\"ListItem\",\"position\":3,\"name\":\"V\u00e9rifiez votre billet Mega Sena\"}]},{\"@type\":\"WebSite\",\"@id\":\"https:\/\/redfoxlotto.com\/fr\/#website\",\"url\":\"https:\/\/redfoxlotto.com\/fr\/\",\"name\":\"Get Tickets for the World\u2019s largest jackpots\",\"description\":\"Participate in worldwide lottery jackpots from any country\",\"publisher\":{\"@id\":\"https:\/\/redfoxlotto.com\/fr\/#organization\"},\"potentialAction\":[{\"@type\":\"SearchAction\",\"target\":{\"@type\":\"EntryPoint\",\"urlTemplate\":\"https:\/\/redfoxlotto.com\/fr\/?s={search_term_string}\"},\"query-input\":{\"@type\":\"PropertyValueSpecification\",\"valueRequired\":true,\"valueName\":\"search_term_string\"}}],\"inLanguage\":\"fr-FR\"},{\"@type\":\"Organization\",\"@id\":\"https:\/\/redfoxlotto.com\/fr\/#organization\",\"name\":\"Get Tickets for the World\u2019s largest jackpots\",\"url\":\"https:\/\/redfoxlotto.com\/fr\/\",\"logo\":{\"@type\":\"ImageObject\",\"inLanguage\":\"fr-FR\",\"@id\":\"https:\/\/redfoxlotto.com\/fr\/#\/schema\/logo\/image\/\",\"url\":\"https:\/\/redfoxlotto.com\/wp-content\/uploads\/2023\/04\/logo.png\",\"contentUrl\":\"https:\/\/redfoxlotto.com\/wp-content\/uploads\/2023\/04\/logo.png\",\"width\":269,\"height\":53,\"caption\":\"Get Tickets for the World\u2019s largest jackpots\"},\"image\":{\"@id\":\"https:\/\/redfoxlotto.com\/fr\/#\/schema\/logo\/image\/\"}}]}<\/script>\n<!-- \/ Yoast SEO plugin. -->","yoast_head_json":{"title":"Voir les r\u00e9sultats et les num\u00e9ros gagnants de Mega Sena ici","description":"Les mises \u00e0 jour instantan\u00e9es des num\u00e9ros gagnants et des r\u00e9sultats de Mega Sena peuvent \u00eatre consult\u00e9es ici","robots":{"index":"index","follow":"follow","max-snippet":"max-snippet:-1","max-image-preview":"max-image-preview:large","max-video-preview":"max-video-preview:-1"},"canonical":"https:\/\/redfoxlotto.com\/fr\/resultats\/mega-sena\/","og_locale":"fr_FR","og_type":"article","og_title":"Voir les r\u00e9sultats et les num\u00e9ros gagnants de Mega Sena ici","og_description":"Les mises \u00e0 jour instantan\u00e9es des num\u00e9ros gagnants et des r\u00e9sultats de Mega Sena peuvent \u00eatre consult\u00e9es ici","og_url":"https:\/\/redfoxlotto.com\/fr\/resultats\/mega-sena\/","og_site_name":"Get Tickets for the World\u2019s largest jackpots","article_modified_time":"2023-05-19T09:32:24+00:00","og_image":[{"url":"https:\/\/content.redfoxlotto.com\/uploads\/sites\/9\/1_you_win_jackpot.jpg"}],"twitter_card":"summary_large_image","twitter_misc":{"Dur\u00e9e de lecture estim\u00e9e":"2 minutes"},"schema":{"@context":"https:\/\/schema.org","@graph":[{"@type":"WebPage","@id":"https:\/\/redfoxlotto.com\/fr\/resultats\/mega-sena\/","url":"https:\/\/redfoxlotto.com\/fr\/resultats\/mega-sena\/","name":"Voir les r\u00e9sultats et les num\u00e9ros gagnants de Mega Sena ici","isPartOf":{"@id":"https:\/\/redfoxlotto.com\/fr\/#website"},"primaryImageOfPage":{"@id":"https:\/\/redfoxlotto.com\/fr\/resultats\/mega-sena\/#primaryimage"},"image":{"@id":"https:\/\/redfoxlotto.com\/fr\/resultats\/mega-sena\/#primaryimage"},"thumbnailUrl":"https:\/\/content.redfoxlotto.com\/uploads\/sites\/9\/1_you_win_jackpot.jpg","datePublished":"2020-07-20T08:57:09+00:00","dateModified":"2023-05-19T09:32:24+00:00","description":"Les mises \u00e0 jour instantan\u00e9es des num\u00e9ros gagnants et des r\u00e9sultats de Mega Sena peuvent \u00eatre consult\u00e9es ici","breadcrumb":{"@id":"https:\/\/redfoxlotto.com\/fr\/resultats\/mega-sena\/#breadcrumb"},"inLanguage":"fr-FR","potentialAction":[{"@type":"ReadAction","target":["https:\/\/redfoxlotto.com\/fr\/resultats\/mega-sena\/"]}]},{"@type":"ImageObject","inLanguage":"fr-FR","@id":"https:\/\/redfoxlotto.com\/fr\/resultats\/mega-sena\/#primaryimage","url":"https:\/\/content.redfoxlotto.com\/uploads\/sites\/9\/1_you_win_jackpot.jpg","contentUrl":"https:\/\/content.redfoxlotto.com\/uploads\/sites\/9\/1_you_win_jackpot.jpg"},{"@type":"BreadcrumbList","@id":"https:\/\/redfoxlotto.com\/fr\/resultats\/mega-sena\/#breadcrumb","itemListElement":[{"@type":"ListItem","position":1,"name":"Home","item":"https:\/\/redfoxlotto.com\/fr\/"},{"@type":"ListItem","position":2,"name":"R\u00e9sultats des loteries internationales","item":"https:\/\/redfoxlotto.com\/fr\/resultats\/"},{"@type":"ListItem","position":3,"name":"V\u00e9rifiez votre billet Mega Sena"}]},{"@type":"WebSite","@id":"https:\/\/redfoxlotto.com\/fr\/#website","url":"https:\/\/redfoxlotto.com\/fr\/","name":"Get Tickets for the World\u2019s largest jackpots","description":"Participate in worldwide lottery jackpots from any country","publisher":{"@id":"https:\/\/redfoxlotto.com\/fr\/#organization"},"potentialAction":[{"@type":"SearchAction","target":{"@type":"EntryPoint","urlTemplate":"https:\/\/redfoxlotto.com\/fr\/?s={search_term_string}"},"query-input":{"@type":"PropertyValueSpecification","valueRequired":true,"valueName":"search_term_string"}}],"inLanguage":"fr-FR"},{"@type":"Organization","@id":"https:\/\/redfoxlotto.com\/fr\/#organization","name":"Get Tickets for the World\u2019s largest jackpots","url":"https:\/\/redfoxlotto.com\/fr\/","logo":{"@type":"ImageObject","inLanguage":"fr-FR","@id":"https:\/\/redfoxlotto.com\/fr\/#\/schema\/logo\/image\/","url":"https:\/\/redfoxlotto.com\/wp-content\/uploads\/2023\/04\/logo.png","contentUrl":"https:\/\/redfoxlotto.com\/wp-content\/uploads\/2023\/04\/logo.png","width":269,"height":53,"caption":"Get Tickets for the World\u2019s largest jackpots"},"image":{"@id":"https:\/\/redfoxlotto.com\/fr\/#\/schema\/logo\/image\/"}}]}},"_links":{"self":[{"href":"https:\/\/redfoxlotto.com\/fr\/wp-json\/wp\/v2\/pages\/12779","targetHints":{"allow":["GET"]}}],"collection":[{"href":"https:\/\/redfoxlotto.com\/fr\/wp-json\/wp\/v2\/pages"}],"about":[{"href":"https:\/\/redfoxlotto.com\/fr\/wp-json\/wp\/v2\/types\/page"}],"author":[{"embeddable":true,"href":"https:\/\/redfoxlotto.com\/fr\/wp-json\/wp\/v2\/users\/1"}],"replies":[{"embeddable":true,"href":"https:\/\/redfoxlotto.com\/fr\/wp-json\/wp\/v2\/comments?post=12779"}],"version-history":[{"count":0,"href":"https:\/\/redfoxlotto.com\/fr\/wp-json\/wp\/v2\/pages\/12779\/revisions"}],"up":[{"embeddable":true,"href":"https:\/\/redfoxlotto.com\/fr\/wp-json\/wp\/v2\/pages\/1528"}],"wp:attachment":[{"href":"https:\/\/redfoxlotto.com\/fr\/wp-json\/wp\/v2\/media?parent=12779"}],"curies":[{"name":"wp","href":"https:\/\/api.w.org\/{rel}","templated":true}]}}