{"id":12772,"date":"2020-07-20T08:54:27","date_gmt":"2020-07-20T08:54:27","guid":{"rendered":"https:\/\/redfoxlotto.com\/?page_id=12772"},"modified":"2023-05-13T07:25:32","modified_gmt":"2023-05-13T07:25:32","slug":"mega-sena","status":"publish","type":"page","link":"https:\/\/redfoxlotto.com\/fr\/loterie\/mega-sena\/","title":{"rendered":"Informations Mega Sena"},"content":{"rendered":"<h2 class=\"wp-block-heading\">Achetez vos billets pour Mega Sena Brazil en ligne<\/h2><p><img loading=\"lazy\" decoding=\"async\" class=\" wp-image alignright\" src=\"https:\/\/content.redfoxlotto.com\/uploads\/sites\/9\/1_winning_numbers_lottery.jpg\" alt=\"Mega Sena\" width=\"210\" height=\"179\" \/><\/p><p>\u00cates-vous pr\u00eat \u00e0 acheter des billets pour Mega Sena Brazil en ligne ? Alors, vous \u00eates au bon endroit. En fait, c&rsquo;est tr\u00e8s facile \u00e0 faire car il suffit de cr\u00e9er un compte sur RedFoxLotto.com.<\/p><!--more--><h2 class=\"wp-block-heading\">Collecter vos num\u00e9ros<\/h2><p>Vos num\u00e9ros doivent tous se situer dans la fourchette de 1 \u00e0 60. Pour gagner le jackpot, vous devez avoir les 6 num\u00e9ros tir\u00e9s au sort, mais vous pouvez gagner des prix plus petits en ayant 4 ou 5 num\u00e9ros.<\/p><h2 class=\"wp-block-heading\">Acheter vos billets<\/h2><p><img decoding=\"async\" class=\"size-full wp-image alignright\" src=\"https:\/\/content.redfoxlotto.com\/uploads\/sites\/9\/1_buy_lottery_ticket_online1.jpg\" alt=\"acheter des billets en ligne\"><\/p><p>Une fois que vous \u00eates pr\u00eat \u00e0 acheter des billets pour Mega Sena Brazil en ligne, il vous suffit de s\u00e9lectionner les num\u00e9ros que vous souhaitez ainsi que le nombre de tirages au sort. Ensuite, vous payez votre billet.<\/p><p>Le paiement de votre billet est simple, car il vous suffit de choisir votre m\u00e9thode pr\u00e9f\u00e9r\u00e9e et d&rsquo;indiquer les informations. Si vous avez d\u00e9j\u00e0 un compte, vous pouvez utiliser une m\u00e9thode enregistr\u00e9e et attendre les r\u00e9sultats.<\/p><h2 class=\"wp-block-heading\">V\u00e9rifier les r\u00e9sultats<\/h2><p>Une fois le tirage termin\u00e9, il ne reste plus qu&rsquo;\u00e0 v\u00e9rifier vos num\u00e9ros pour voir si vous avez gagn\u00e9. Vous pouvez le faire en vous rendant sur le site RedFoxLotto.com et en v\u00e9rifiant votre compte. Les num\u00e9ros gagnants de tous les jeux auxquels vous jouez seront l\u00e0, et ils seront \u00e9galement compar\u00e9s \u00e0 vos num\u00e9ros.<\/p>","protected":false},"excerpt":{"rendered":"<p>Achetez vos billets pour Mega Sena Brazil en ligne \u00cates-vous pr\u00eat \u00e0 acheter des billets pour Mega Sena Brazil en ligne ? Alors, vous \u00eates au bon endroit. En fait, c&rsquo;est tr\u00e8s facile \u00e0 faire car il suffit de cr\u00e9er un compte sur RedFoxLotto.com.<\/p>\n","protected":false},"author":1,"featured_media":0,"parent":1513,"menu_order":13,"comment_status":"closed","ping_status":"closed","template":"megasena-info.php","meta":{"_et_pb_use_builder":"","_et_pb_old_content":"","_et_gb_content_width":"","exclude_from_search":false,"footnotes":""},"class_list":["post-12772","page","type-page","status-publish","hentry"],"yoast_head":"<!-- This site is optimized with the Yoast SEO plugin v23.8 - https:\/\/yoast.com\/wordpress\/plugins\/seo\/ -->\n<title>Acheter ticquets Mega Sena en ligne depuis la France<\/title>\n<meta name=\"description\" content=\"R\u00e9servez vos billets en ligne pour Mega Sena Brazil\" \/>\n<meta name=\"robots\" content=\"index, follow, max-snippet:-1, max-image-preview:large, max-video-preview:-1\" \/>\n<link rel=\"canonical\" href=\"https:\/\/redfoxlotto.com\/fr\/loterie\/mega-sena\/\" \/>\n<meta property=\"og:locale\" content=\"fr_FR\" \/>\n<meta property=\"og:type\" content=\"article\" \/>\n<meta property=\"og:title\" content=\"Acheter ticquets Mega Sena en ligne depuis la France\" \/>\n<meta property=\"og:description\" content=\"R\u00e9servez vos billets en ligne pour Mega Sena Brazil\" \/>\n<meta property=\"og:url\" content=\"https:\/\/redfoxlotto.com\/fr\/loterie\/mega-sena\/\" \/>\n<meta property=\"og:site_name\" content=\"Get Tickets for the World\u2019s largest jackpots\" \/>\n<meta property=\"article:modified_time\" content=\"2023-05-13T07:25:32+00:00\" \/>\n<meta property=\"og:image\" content=\"https:\/\/content.redfoxlotto.com\/uploads\/sites\/9\/1_winning_numbers_lottery.jpg\" \/>\n<meta name=\"twitter:card\" content=\"summary_large_image\" \/>\n<meta name=\"twitter:label1\" content=\"Dur\u00e9e de lecture estim\u00e9e\" \/>\n\t<meta name=\"twitter:data1\" content=\"2 minutes\" \/>\n<script type=\"application\/ld+json\" class=\"yoast-schema-graph\">{\"@context\":\"https:\/\/schema.org\",\"@graph\":[{\"@type\":\"WebPage\",\"@id\":\"https:\/\/redfoxlotto.com\/fr\/loterie\/mega-sena\/\",\"url\":\"https:\/\/redfoxlotto.com\/fr\/loterie\/mega-sena\/\",\"name\":\"Acheter ticquets Mega Sena en ligne depuis la France\",\"isPartOf\":{\"@id\":\"https:\/\/redfoxlotto.com\/fr\/#website\"},\"primaryImageOfPage\":{\"@id\":\"https:\/\/redfoxlotto.com\/fr\/loterie\/mega-sena\/#primaryimage\"},\"image\":{\"@id\":\"https:\/\/redfoxlotto.com\/fr\/loterie\/mega-sena\/#primaryimage\"},\"thumbnailUrl\":\"https:\/\/content.redfoxlotto.com\/uploads\/sites\/9\/1_winning_numbers_lottery.jpg\",\"datePublished\":\"2020-07-20T08:54:27+00:00\",\"dateModified\":\"2023-05-13T07:25:32+00:00\",\"description\":\"R\u00e9servez vos billets en ligne pour Mega Sena Brazil\",\"breadcrumb\":{\"@id\":\"https:\/\/redfoxlotto.com\/fr\/loterie\/mega-sena\/#breadcrumb\"},\"inLanguage\":\"fr-FR\",\"potentialAction\":[{\"@type\":\"ReadAction\",\"target\":[\"https:\/\/redfoxlotto.com\/fr\/loterie\/mega-sena\/\"]}]},{\"@type\":\"ImageObject\",\"inLanguage\":\"fr-FR\",\"@id\":\"https:\/\/redfoxlotto.com\/fr\/loterie\/mega-sena\/#primaryimage\",\"url\":\"https:\/\/content.redfoxlotto.com\/uploads\/sites\/9\/1_winning_numbers_lottery.jpg\",\"contentUrl\":\"https:\/\/content.redfoxlotto.com\/uploads\/sites\/9\/1_winning_numbers_lottery.jpg\"},{\"@type\":\"BreadcrumbList\",\"@id\":\"https:\/\/redfoxlotto.com\/fr\/loterie\/mega-sena\/#breadcrumb\",\"itemListElement\":[{\"@type\":\"ListItem\",\"position\":1,\"name\":\"Home\",\"item\":\"https:\/\/redfoxlotto.com\/fr\/\"},{\"@type\":\"ListItem\",\"position\":2,\"name\":\"Processus d&rsquo;achat de billets de loterie internationaux en ligne\",\"item\":\"https:\/\/redfoxlotto.com\/fr\/loterie\/\"},{\"@type\":\"ListItem\",\"position\":3,\"name\":\"Informations Mega Sena\"}]},{\"@type\":\"WebSite\",\"@id\":\"https:\/\/redfoxlotto.com\/fr\/#website\",\"url\":\"https:\/\/redfoxlotto.com\/fr\/\",\"name\":\"Get Tickets for the World\u2019s largest jackpots\",\"description\":\"Participate in worldwide lottery jackpots from any country\",\"publisher\":{\"@id\":\"https:\/\/redfoxlotto.com\/fr\/#organization\"},\"potentialAction\":[{\"@type\":\"SearchAction\",\"target\":{\"@type\":\"EntryPoint\",\"urlTemplate\":\"https:\/\/redfoxlotto.com\/fr\/?s={search_term_string}\"},\"query-input\":{\"@type\":\"PropertyValueSpecification\",\"valueRequired\":true,\"valueName\":\"search_term_string\"}}],\"inLanguage\":\"fr-FR\"},{\"@type\":\"Organization\",\"@id\":\"https:\/\/redfoxlotto.com\/fr\/#organization\",\"name\":\"Get Tickets for the World\u2019s largest jackpots\",\"url\":\"https:\/\/redfoxlotto.com\/fr\/\",\"logo\":{\"@type\":\"ImageObject\",\"inLanguage\":\"fr-FR\",\"@id\":\"https:\/\/redfoxlotto.com\/fr\/#\/schema\/logo\/image\/\",\"url\":\"https:\/\/redfoxlotto.com\/wp-content\/uploads\/2023\/04\/logo.png\",\"contentUrl\":\"https:\/\/redfoxlotto.com\/wp-content\/uploads\/2023\/04\/logo.png\",\"width\":269,\"height\":53,\"caption\":\"Get Tickets for the World\u2019s largest jackpots\"},\"image\":{\"@id\":\"https:\/\/redfoxlotto.com\/fr\/#\/schema\/logo\/image\/\"}}]}<\/script>\n<!-- \/ Yoast SEO plugin. -->","yoast_head_json":{"title":"Acheter ticquets Mega Sena en ligne depuis la France","description":"R\u00e9servez vos billets en ligne pour Mega Sena Brazil","robots":{"index":"index","follow":"follow","max-snippet":"max-snippet:-1","max-image-preview":"max-image-preview:large","max-video-preview":"max-video-preview:-1"},"canonical":"https:\/\/redfoxlotto.com\/fr\/loterie\/mega-sena\/","og_locale":"fr_FR","og_type":"article","og_title":"Acheter ticquets Mega Sena en ligne depuis la France","og_description":"R\u00e9servez vos billets en ligne pour Mega Sena Brazil","og_url":"https:\/\/redfoxlotto.com\/fr\/loterie\/mega-sena\/","og_site_name":"Get Tickets for the World\u2019s largest jackpots","article_modified_time":"2023-05-13T07:25:32+00:00","og_image":[{"url":"https:\/\/content.redfoxlotto.com\/uploads\/sites\/9\/1_winning_numbers_lottery.jpg"}],"twitter_card":"summary_large_image","twitter_misc":{"Dur\u00e9e de lecture estim\u00e9e":"2 minutes"},"schema":{"@context":"https:\/\/schema.org","@graph":[{"@type":"WebPage","@id":"https:\/\/redfoxlotto.com\/fr\/loterie\/mega-sena\/","url":"https:\/\/redfoxlotto.com\/fr\/loterie\/mega-sena\/","name":"Acheter ticquets Mega Sena en ligne depuis la France","isPartOf":{"@id":"https:\/\/redfoxlotto.com\/fr\/#website"},"primaryImageOfPage":{"@id":"https:\/\/redfoxlotto.com\/fr\/loterie\/mega-sena\/#primaryimage"},"image":{"@id":"https:\/\/redfoxlotto.com\/fr\/loterie\/mega-sena\/#primaryimage"},"thumbnailUrl":"https:\/\/content.redfoxlotto.com\/uploads\/sites\/9\/1_winning_numbers_lottery.jpg","datePublished":"2020-07-20T08:54:27+00:00","dateModified":"2023-05-13T07:25:32+00:00","description":"R\u00e9servez vos billets en ligne pour Mega Sena Brazil","breadcrumb":{"@id":"https:\/\/redfoxlotto.com\/fr\/loterie\/mega-sena\/#breadcrumb"},"inLanguage":"fr-FR","potentialAction":[{"@type":"ReadAction","target":["https:\/\/redfoxlotto.com\/fr\/loterie\/mega-sena\/"]}]},{"@type":"ImageObject","inLanguage":"fr-FR","@id":"https:\/\/redfoxlotto.com\/fr\/loterie\/mega-sena\/#primaryimage","url":"https:\/\/content.redfoxlotto.com\/uploads\/sites\/9\/1_winning_numbers_lottery.jpg","contentUrl":"https:\/\/content.redfoxlotto.com\/uploads\/sites\/9\/1_winning_numbers_lottery.jpg"},{"@type":"BreadcrumbList","@id":"https:\/\/redfoxlotto.com\/fr\/loterie\/mega-sena\/#breadcrumb","itemListElement":[{"@type":"ListItem","position":1,"name":"Home","item":"https:\/\/redfoxlotto.com\/fr\/"},{"@type":"ListItem","position":2,"name":"Processus d&rsquo;achat de billets de loterie internationaux en ligne","item":"https:\/\/redfoxlotto.com\/fr\/loterie\/"},{"@type":"ListItem","position":3,"name":"Informations Mega Sena"}]},{"@type":"WebSite","@id":"https:\/\/redfoxlotto.com\/fr\/#website","url":"https:\/\/redfoxlotto.com\/fr\/","name":"Get Tickets for the World\u2019s largest jackpots","description":"Participate in worldwide lottery jackpots from any country","publisher":{"@id":"https:\/\/redfoxlotto.com\/fr\/#organization"},"potentialAction":[{"@type":"SearchAction","target":{"@type":"EntryPoint","urlTemplate":"https:\/\/redfoxlotto.com\/fr\/?s={search_term_string}"},"query-input":{"@type":"PropertyValueSpecification","valueRequired":true,"valueName":"search_term_string"}}],"inLanguage":"fr-FR"},{"@type":"Organization","@id":"https:\/\/redfoxlotto.com\/fr\/#organization","name":"Get Tickets for the World\u2019s largest jackpots","url":"https:\/\/redfoxlotto.com\/fr\/","logo":{"@type":"ImageObject","inLanguage":"fr-FR","@id":"https:\/\/redfoxlotto.com\/fr\/#\/schema\/logo\/image\/","url":"https:\/\/redfoxlotto.com\/wp-content\/uploads\/2023\/04\/logo.png","contentUrl":"https:\/\/redfoxlotto.com\/wp-content\/uploads\/2023\/04\/logo.png","width":269,"height":53,"caption":"Get Tickets for the World\u2019s largest jackpots"},"image":{"@id":"https:\/\/redfoxlotto.com\/fr\/#\/schema\/logo\/image\/"}}]}},"_links":{"self":[{"href":"https:\/\/redfoxlotto.com\/fr\/wp-json\/wp\/v2\/pages\/12772","targetHints":{"allow":["GET"]}}],"collection":[{"href":"https:\/\/redfoxlotto.com\/fr\/wp-json\/wp\/v2\/pages"}],"about":[{"href":"https:\/\/redfoxlotto.com\/fr\/wp-json\/wp\/v2\/types\/page"}],"author":[{"embeddable":true,"href":"https:\/\/redfoxlotto.com\/fr\/wp-json\/wp\/v2\/users\/1"}],"replies":[{"embeddable":true,"href":"https:\/\/redfoxlotto.com\/fr\/wp-json\/wp\/v2\/comments?post=12772"}],"version-history":[{"count":0,"href":"https:\/\/redfoxlotto.com\/fr\/wp-json\/wp\/v2\/pages\/12772\/revisions"}],"up":[{"embeddable":true,"href":"https:\/\/redfoxlotto.com\/fr\/wp-json\/wp\/v2\/pages\/1513"}],"wp:attachment":[{"href":"https:\/\/redfoxlotto.com\/fr\/wp-json\/wp\/v2\/media?parent=12772"}],"curies":[{"name":"wp","href":"https:\/\/api.w.org\/{rel}","templated":true}]}}