{"id":102327,"date":"2025-02-12T11:20:21","date_gmt":"2025-02-12T11:20:21","guid":{"rendered":"https:\/\/redfoxlotto.com\/?page_id=102327"},"modified":"2026-01-12T10:03:10","modified_gmt":"2026-01-12T10:03:10","slug":"chances-de-gagner-au-keno","status":"publish","type":"page","link":"https:\/\/redfoxlotto.com\/fr\/keno\/chances-de-gagner-au-keno\/","title":{"rendered":"Num\u00e9ros gagnants du Gold Keno"},"content":{"rendered":"<h2>Le jackpot de 2 millions d&rsquo;euros vous attend au Gold Keno.<\/h2>\n<p><img loading=\"lazy\" decoding=\"async\" class=\"size-medium wp-image-93652 alignright\" src=\"https:\/\/redfoxlotto.com\/wp-content\/uploads\/2025\/09\/gold-keno-win-2-300x300.jpg\" alt=\"gold keno\" width=\"300\" height=\"300\" \/><br \/>\nLe Gold Keno est un jeu de loterie en ligne tr\u00e8s divertissant. Tous les joueurs peuvent remporter l&rsquo;incroyable grand prix de 2 millions d&rsquo;euros. Il est facile de comprendre pourquoi Gold Keno est si populaire : chaque tirage vous offre une chance r\u00e9elle de gagner beaucoup d&rsquo;argent qui pourrait changer votre vie pour le mieux. Le plaisir de ce jeu provient du fait qu&rsquo;il propose des tirages rapides, un jeu \u00e9quitable et la possibilit\u00e9 de remporter le jackpot de deux millions d&rsquo;euros. Cela vaut aussi bien si vous jouez pour le plaisir que si vous souhaitez gagner beaucoup d&rsquo;argent.<\/p>\n<h2>Guide des cotes du Gold Keno<\/h2>\n<p>Au Gold Keno, 20 num\u00e9ros sont tir\u00e9s au hasard parmi un ensemble de 80. Les joueurs choisissent leurs propres num\u00e9ros, et le montant du prix d\u00e9pend du nombre de fois o\u00f9 leurs choix correspondent au tirage. L&rsquo;ajout d&rsquo;un multiplicateur augmente le gain possible. Cela signifie que les tickets qui co\u00fbtent plus cher permettront de gagner des prix plus importants.<\/p>\n<p>Lorsque vous avez plus d&rsquo;options, vous avez plus de chances d&rsquo;obtenir un gain plus important, mais lorsque vous avez moins d&rsquo;options, vous avez plus de chances d&rsquo;obtenir un gain moins important. Les chances de gagner au keno reposent sur cet \u00e9quilibre : plus il y a de choix, plus les gains sont importants mais plus les chances sont faibles, tandis que moins il y a de choix, plus il est facile de gagner. Si vous utilisez le multiplicateur, vous pourriez remporter le grand prix de deux millions d&rsquo;euros.<\/p>\n<h2>La cl\u00e9 pour gagner plus est d&rsquo;utiliser des multiplicateurs.<\/h2>\n<p>Vous pourriez remporter la r\u00e9compense maximale de 2 millions d&rsquo;euros au Gold Keno gr\u00e2ce \u00e0 la fonction multiplicateur. Par exemple :<\/p>\n<p>Si le multiplicateur le plus \u00e9lev\u00e9 est fix\u00e9 \u00e0 5x, un ticket avec un multiplicateur de 1x vous donnera 20 % du plus gros prix. Si les joueurs parient avec le multiplicateur le plus \u00e9lev\u00e9, ils peuvent obtenir un acc\u00e8s complet \u00e0 la cagnotte, qui vaut plus de 2 millions d&rsquo;euros.<\/p>\n<p>Cette technique offre aux joueurs un autre moyen de modifier leurs chances de gagner au keno. Elle permet aux joueurs prudents comme aux joueurs audacieux de jouer de mani\u00e8re \u00e9quitable.<\/p>\n<h2>Les transactions s&rsquo;effectuent en esp\u00e8ces et par d\u00e9p\u00f4t.<\/h2>\n<p>Pour jouer au Gold Keno, vous devez d\u00e9poser de l&rsquo;argent sur votre compte et acheter des tickets en ligne. Les transactions sont rapides, s\u00e9curis\u00e9es et faciles \u00e0 comprendre, vous pouvez donc participer \u00e0 n&rsquo;importe quel tirage d\u00e8s maintenant.<\/p>\n<h2>Il y a beaucoup de tirages Gold Keno<\/h2>\n<p>Vous n&rsquo;avez pas besoin d&rsquo;attendre pour jouer au Gold Keno comme c&rsquo;est le cas avec d&rsquo;autres loteries. Toutes les quelques minutes, de nouveaux tirages ont lieu, ce qui rend la course au premier prix de 2 millions d&rsquo;euros amusante et sans fin. Comme il y a beaucoup de tirages, les chances de gagner au keno sont test\u00e9es encore et encore, ce qui rend le jeu divertissant.<\/p>\n<h2>Un g\u00e9n\u00e9rateur de nombres al\u00e9atoires (RNG) pour garantir l&rsquo;\u00e9quit\u00e9 du jeu<\/h2>\n<p>Afin de garantir l&rsquo;\u00e9quit\u00e9 de chaque tirage Gold Keno, nous utilisons un g\u00e9n\u00e9rateur de nombres al\u00e9atoires (RNG) valid\u00e9. Chaque r\u00e9sultat \u00e9tant enti\u00e8rement al\u00e9atoire, les chances de remporter le prix de 2 millions d&rsquo;euros ne reposent pas sur des conjectures, mais sur le hasard. Cela garantit que tout le monde a les m\u00eames chances de gagner au keno.<\/p>\n<h2>V\u00e9rifiez vos gains et empochez-les<\/h2>\n<p>Les joueurs peuvent consulter les r\u00e9sultats imm\u00e9diatement dans la section \u00ab Mes tickets \u00bb. Les petits gains sont instantan\u00e9ment vers\u00e9s sur votre compte, et les plus gros, qui peuvent atteindre 2 500 \u20ac, sont \u00e9galement transf\u00e9r\u00e9s imm\u00e9diatement. Une assurance garantit le premier prix de 2 millions d&rsquo;euros et les autres gros lots, et le gouvernement v\u00e9rifie qu&rsquo;ils sont bien vers\u00e9s.<\/p>\n<h2>Tous les gagnants ont le droit de r\u00e9cup\u00e9rer leur argent<\/h2>\n<p>Contrairement \u00e0 la plupart des loteries, Gold Keno verse les gains quel que soit le nombre de tickets vendus. Le jeu est non seulement s\u00fbr, mais aussi rentable, car tous les prix, y compris le jackpot de 2 millions d&rsquo;euros, sont enti\u00e8rement garantis.<\/p>\n<h2>Il n&rsquo;y a pas de tickets papier, car tout se fait en ligne.<\/h2>\n<p>Vous n&rsquo;aurez pas besoin de tickets papier, car Gold Keno est enti\u00e8rement num\u00e9rique. Ce syst\u00e8me enregistre toutes les participations afin que rien ne puisse \u00eatre perdu ou vol\u00e9.<\/p>\n<h2>Derni\u00e8res r\u00e9flexions : ce qui diff\u00e9rencie Gold Keno des autres jeux de keno<\/h2>\n<p>Gold Keno reste l&rsquo;un des jeux de loterie en ligne les plus passionnants, car il propose des tirages toutes les quelques minutes, des r\u00e9sultats g\u00e9n\u00e9r\u00e9s par un g\u00e9n\u00e9rateur de nombres al\u00e9atoires \u00e9quitable, des r\u00e9compenses garanties et la possibilit\u00e9 de remporter le jackpot de 2 millions d&rsquo;euros. Pour ceux qui s&rsquo;interrogent sur les chances de gagner au keno, ce jeu est \u00e0 la fois passionnant et rassurant, car chaque ticket peut changer le cours du jeu pour les joueurs qui ont de grands objectifs.<\/p>\n","protected":false},"excerpt":{"rendered":"<p>Le jackpot de 2 millions d&rsquo;euros vous attend au Gold Keno. Le Gold Keno est un jeu de loterie en ligne tr\u00e8s divertissant. Tous les joueurs peuvent remporter l&rsquo;incroyable grand prix de 2 millions d&rsquo;euros. Il est facile de comprendre pourquoi Gold Keno est si populaire : chaque tirage vous offre une chance r\u00e9elle de [&hellip;]<\/p>\n","protected":false},"author":8,"featured_media":0,"parent":84392,"menu_order":42,"comment_status":"closed","ping_status":"closed","template":"","meta":{"_et_pb_use_builder":"","_et_pb_old_content":"","_et_gb_content_width":"","exclude_from_search":false,"footnotes":""},"class_list":["post-102327","page","type-page","status-publish","hentry"],"yoast_head":"<!-- This site is optimized with the Yoast SEO plugin v23.8 - https:\/\/yoast.com\/wordpress\/plugins\/seo\/ -->\n<title>Chances de gagner au Keno | Nos jeux de Keno offrent d&#039;excellentes chances de gagner et de superbes prix.<\/title>\n<meta name=\"description\" content=\"Lorsque vous jouez au Keno en ligne, regardez les chances de gagner des jeux que vous trouvez. Notre Gold Keno offre un gain maximal de 2 millions d&#039;euros, combin\u00e9 aux meilleures chances de gagner que vous trouverez en ligne.\" \/>\n<meta name=\"robots\" content=\"index, follow, max-snippet:-1, max-image-preview:large, max-video-preview:-1\" \/>\n<link rel=\"canonical\" href=\"https:\/\/redfoxlotto.com\/fr\/keno\/chances-de-gagner-au-keno\/\" \/>\n<meta property=\"og:locale\" content=\"fr_FR\" \/>\n<meta property=\"og:type\" content=\"article\" \/>\n<meta property=\"og:title\" content=\"Chances de gagner au Keno | Nos jeux de Keno offrent d&#039;excellentes chances de gagner et de superbes prix.\" \/>\n<meta property=\"og:description\" content=\"Lorsque vous jouez au Keno en ligne, regardez les chances de gagner des jeux que vous trouvez. Notre Gold Keno offre un gain maximal de 2 millions d&#039;euros, combin\u00e9 aux meilleures chances de gagner que vous trouverez en ligne.\" \/>\n<meta property=\"og:url\" content=\"https:\/\/redfoxlotto.com\/fr\/keno\/chances-de-gagner-au-keno\/\" \/>\n<meta property=\"og:site_name\" content=\"Get Tickets for the World\u2019s largest jackpots\" \/>\n<meta property=\"article:modified_time\" content=\"2026-01-12T10:03:10+00:00\" \/>\n<meta property=\"og:image\" content=\"https:\/\/redfoxlotto.com\/wp-content\/uploads\/2025\/09\/gold-keno-win-2-300x300.jpg\" \/>\n<meta name=\"twitter:card\" content=\"summary_large_image\" \/>\n<meta name=\"twitter:label1\" content=\"Dur\u00e9e de lecture estim\u00e9e\" \/>\n\t<meta name=\"twitter:data1\" content=\"4 minutes\" \/>\n<script type=\"application\/ld+json\" class=\"yoast-schema-graph\">{\"@context\":\"https:\/\/schema.org\",\"@graph\":[{\"@type\":\"WebPage\",\"@id\":\"https:\/\/redfoxlotto.com\/fr\/keno\/chances-de-gagner-au-keno\/\",\"url\":\"https:\/\/redfoxlotto.com\/fr\/keno\/chances-de-gagner-au-keno\/\",\"name\":\"Chances de gagner au Keno | Nos jeux de Keno offrent d'excellentes chances de gagner et de superbes prix.\",\"isPartOf\":{\"@id\":\"https:\/\/redfoxlotto.com\/fr\/#website\"},\"primaryImageOfPage\":{\"@id\":\"https:\/\/redfoxlotto.com\/fr\/keno\/chances-de-gagner-au-keno\/#primaryimage\"},\"image\":{\"@id\":\"https:\/\/redfoxlotto.com\/fr\/keno\/chances-de-gagner-au-keno\/#primaryimage\"},\"thumbnailUrl\":\"https:\/\/redfoxlotto.com\/wp-content\/uploads\/2025\/09\/gold-keno-win-2-300x300.jpg\",\"datePublished\":\"2025-02-12T11:20:21+00:00\",\"dateModified\":\"2026-01-12T10:03:10+00:00\",\"description\":\"Lorsque vous jouez au Keno en ligne, regardez les chances de gagner des jeux que vous trouvez. Notre Gold Keno offre un gain maximal de 2 millions d'euros, combin\u00e9 aux meilleures chances de gagner que vous trouverez en ligne.\",\"breadcrumb\":{\"@id\":\"https:\/\/redfoxlotto.com\/fr\/keno\/chances-de-gagner-au-keno\/#breadcrumb\"},\"inLanguage\":\"fr-FR\",\"potentialAction\":[{\"@type\":\"ReadAction\",\"target\":[\"https:\/\/redfoxlotto.com\/fr\/keno\/chances-de-gagner-au-keno\/\"]}]},{\"@type\":\"ImageObject\",\"inLanguage\":\"fr-FR\",\"@id\":\"https:\/\/redfoxlotto.com\/fr\/keno\/chances-de-gagner-au-keno\/#primaryimage\",\"url\":\"https:\/\/redfoxlotto.com\/wp-content\/uploads\/2025\/09\/gold-keno-win-2-300x300.jpg\",\"contentUrl\":\"https:\/\/redfoxlotto.com\/wp-content\/uploads\/2025\/09\/gold-keno-win-2-300x300.jpg\"},{\"@type\":\"BreadcrumbList\",\"@id\":\"https:\/\/redfoxlotto.com\/fr\/keno\/chances-de-gagner-au-keno\/#breadcrumb\",\"itemListElement\":[{\"@type\":\"ListItem\",\"position\":1,\"name\":\"Home\",\"item\":\"https:\/\/redfoxlotto.com\/fr\/\"},{\"@type\":\"ListItem\",\"position\":2,\"name\":\"Keno\",\"item\":\"https:\/\/redfoxlotto.com\/fr\/keno\/\"},{\"@type\":\"ListItem\",\"position\":3,\"name\":\"Num\u00e9ros gagnants du Gold Keno\"}]},{\"@type\":\"WebSite\",\"@id\":\"https:\/\/redfoxlotto.com\/fr\/#website\",\"url\":\"https:\/\/redfoxlotto.com\/fr\/\",\"name\":\"Get Tickets for the World\u2019s largest jackpots\",\"description\":\"Participate in worldwide lottery jackpots from any country\",\"publisher\":{\"@id\":\"https:\/\/redfoxlotto.com\/fr\/#organization\"},\"potentialAction\":[{\"@type\":\"SearchAction\",\"target\":{\"@type\":\"EntryPoint\",\"urlTemplate\":\"https:\/\/redfoxlotto.com\/fr\/?s={search_term_string}\"},\"query-input\":{\"@type\":\"PropertyValueSpecification\",\"valueRequired\":true,\"valueName\":\"search_term_string\"}}],\"inLanguage\":\"fr-FR\"},{\"@type\":\"Organization\",\"@id\":\"https:\/\/redfoxlotto.com\/fr\/#organization\",\"name\":\"Get Tickets for the World\u2019s largest jackpots\",\"url\":\"https:\/\/redfoxlotto.com\/fr\/\",\"logo\":{\"@type\":\"ImageObject\",\"inLanguage\":\"fr-FR\",\"@id\":\"https:\/\/redfoxlotto.com\/fr\/#\/schema\/logo\/image\/\",\"url\":\"https:\/\/redfoxlotto.com\/wp-content\/uploads\/2023\/04\/logo.png\",\"contentUrl\":\"https:\/\/redfoxlotto.com\/wp-content\/uploads\/2023\/04\/logo.png\",\"width\":269,\"height\":53,\"caption\":\"Get Tickets for the World\u2019s largest jackpots\"},\"image\":{\"@id\":\"https:\/\/redfoxlotto.com\/fr\/#\/schema\/logo\/image\/\"}}]}<\/script>\n<!-- \/ Yoast SEO plugin. -->","yoast_head_json":{"title":"Chances de gagner au Keno | Nos jeux de Keno offrent d'excellentes chances de gagner et de superbes prix.","description":"Lorsque vous jouez au Keno en ligne, regardez les chances de gagner des jeux que vous trouvez. Notre Gold Keno offre un gain maximal de 2 millions d'euros, combin\u00e9 aux meilleures chances de gagner que vous trouverez en ligne.","robots":{"index":"index","follow":"follow","max-snippet":"max-snippet:-1","max-image-preview":"max-image-preview:large","max-video-preview":"max-video-preview:-1"},"canonical":"https:\/\/redfoxlotto.com\/fr\/keno\/chances-de-gagner-au-keno\/","og_locale":"fr_FR","og_type":"article","og_title":"Chances de gagner au Keno | Nos jeux de Keno offrent d'excellentes chances de gagner et de superbes prix.","og_description":"Lorsque vous jouez au Keno en ligne, regardez les chances de gagner des jeux que vous trouvez. Notre Gold Keno offre un gain maximal de 2 millions d'euros, combin\u00e9 aux meilleures chances de gagner que vous trouverez en ligne.","og_url":"https:\/\/redfoxlotto.com\/fr\/keno\/chances-de-gagner-au-keno\/","og_site_name":"Get Tickets for the World\u2019s largest jackpots","article_modified_time":"2026-01-12T10:03:10+00:00","og_image":[{"url":"https:\/\/redfoxlotto.com\/wp-content\/uploads\/2025\/09\/gold-keno-win-2-300x300.jpg"}],"twitter_card":"summary_large_image","twitter_misc":{"Dur\u00e9e de lecture estim\u00e9e":"4 minutes"},"schema":{"@context":"https:\/\/schema.org","@graph":[{"@type":"WebPage","@id":"https:\/\/redfoxlotto.com\/fr\/keno\/chances-de-gagner-au-keno\/","url":"https:\/\/redfoxlotto.com\/fr\/keno\/chances-de-gagner-au-keno\/","name":"Chances de gagner au Keno | Nos jeux de Keno offrent d'excellentes chances de gagner et de superbes prix.","isPartOf":{"@id":"https:\/\/redfoxlotto.com\/fr\/#website"},"primaryImageOfPage":{"@id":"https:\/\/redfoxlotto.com\/fr\/keno\/chances-de-gagner-au-keno\/#primaryimage"},"image":{"@id":"https:\/\/redfoxlotto.com\/fr\/keno\/chances-de-gagner-au-keno\/#primaryimage"},"thumbnailUrl":"https:\/\/redfoxlotto.com\/wp-content\/uploads\/2025\/09\/gold-keno-win-2-300x300.jpg","datePublished":"2025-02-12T11:20:21+00:00","dateModified":"2026-01-12T10:03:10+00:00","description":"Lorsque vous jouez au Keno en ligne, regardez les chances de gagner des jeux que vous trouvez. Notre Gold Keno offre un gain maximal de 2 millions d'euros, combin\u00e9 aux meilleures chances de gagner que vous trouverez en ligne.","breadcrumb":{"@id":"https:\/\/redfoxlotto.com\/fr\/keno\/chances-de-gagner-au-keno\/#breadcrumb"},"inLanguage":"fr-FR","potentialAction":[{"@type":"ReadAction","target":["https:\/\/redfoxlotto.com\/fr\/keno\/chances-de-gagner-au-keno\/"]}]},{"@type":"ImageObject","inLanguage":"fr-FR","@id":"https:\/\/redfoxlotto.com\/fr\/keno\/chances-de-gagner-au-keno\/#primaryimage","url":"https:\/\/redfoxlotto.com\/wp-content\/uploads\/2025\/09\/gold-keno-win-2-300x300.jpg","contentUrl":"https:\/\/redfoxlotto.com\/wp-content\/uploads\/2025\/09\/gold-keno-win-2-300x300.jpg"},{"@type":"BreadcrumbList","@id":"https:\/\/redfoxlotto.com\/fr\/keno\/chances-de-gagner-au-keno\/#breadcrumb","itemListElement":[{"@type":"ListItem","position":1,"name":"Home","item":"https:\/\/redfoxlotto.com\/fr\/"},{"@type":"ListItem","position":2,"name":"Keno","item":"https:\/\/redfoxlotto.com\/fr\/keno\/"},{"@type":"ListItem","position":3,"name":"Num\u00e9ros gagnants du Gold Keno"}]},{"@type":"WebSite","@id":"https:\/\/redfoxlotto.com\/fr\/#website","url":"https:\/\/redfoxlotto.com\/fr\/","name":"Get Tickets for the World\u2019s largest jackpots","description":"Participate in worldwide lottery jackpots from any country","publisher":{"@id":"https:\/\/redfoxlotto.com\/fr\/#organization"},"potentialAction":[{"@type":"SearchAction","target":{"@type":"EntryPoint","urlTemplate":"https:\/\/redfoxlotto.com\/fr\/?s={search_term_string}"},"query-input":{"@type":"PropertyValueSpecification","valueRequired":true,"valueName":"search_term_string"}}],"inLanguage":"fr-FR"},{"@type":"Organization","@id":"https:\/\/redfoxlotto.com\/fr\/#organization","name":"Get Tickets for the World\u2019s largest jackpots","url":"https:\/\/redfoxlotto.com\/fr\/","logo":{"@type":"ImageObject","inLanguage":"fr-FR","@id":"https:\/\/redfoxlotto.com\/fr\/#\/schema\/logo\/image\/","url":"https:\/\/redfoxlotto.com\/wp-content\/uploads\/2023\/04\/logo.png","contentUrl":"https:\/\/redfoxlotto.com\/wp-content\/uploads\/2023\/04\/logo.png","width":269,"height":53,"caption":"Get Tickets for the World\u2019s largest jackpots"},"image":{"@id":"https:\/\/redfoxlotto.com\/fr\/#\/schema\/logo\/image\/"}}]}},"_links":{"self":[{"href":"https:\/\/redfoxlotto.com\/fr\/wp-json\/wp\/v2\/pages\/102327","targetHints":{"allow":["GET"]}}],"collection":[{"href":"https:\/\/redfoxlotto.com\/fr\/wp-json\/wp\/v2\/pages"}],"about":[{"href":"https:\/\/redfoxlotto.com\/fr\/wp-json\/wp\/v2\/types\/page"}],"author":[{"embeddable":true,"href":"https:\/\/redfoxlotto.com\/fr\/wp-json\/wp\/v2\/users\/8"}],"replies":[{"embeddable":true,"href":"https:\/\/redfoxlotto.com\/fr\/wp-json\/wp\/v2\/comments?post=102327"}],"version-history":[{"count":0,"href":"https:\/\/redfoxlotto.com\/fr\/wp-json\/wp\/v2\/pages\/102327\/revisions"}],"up":[{"embeddable":true,"href":"https:\/\/redfoxlotto.com\/fr\/wp-json\/wp\/v2\/pages\/84392"}],"wp:attachment":[{"href":"https:\/\/redfoxlotto.com\/fr\/wp-json\/wp\/v2\/media?parent=102327"}],"curies":[{"name":"wp","href":"https:\/\/api.w.org\/{rel}","templated":true}]}}