{"id":102059,"date":"2025-05-22T08:53:38","date_gmt":"2025-05-22T08:53:38","guid":{"rendered":"https:\/\/redfoxlotto.com\/?page_id=102059"},"modified":"2026-01-10T07:01:51","modified_gmt":"2026-01-10T07:01:51","slug":"resultats-de-la-loterie-keno-pour-ce-tirage-quotidien-en-ligne-de-5-millions-deuros","status":"publish","type":"page","link":"https:\/\/redfoxlotto.com\/fr\/keno\/resultats-de-la-loterie-keno-pour-ce-tirage-quotidien-en-ligne-de-5-millions-deuros\/","title":{"rendered":"Num\u00e9ros gagnants du Platinum Keno"},"content":{"rendered":"<h2>Comment les cotes sont-elles choisies et o\u00f9 trouver les r\u00e9sultats du Platinum Keno<\/h2>\n<p><img loading=\"lazy\" decoding=\"async\" class=\"size-medium wp-image-83635 alignright\" src=\"https:\/\/redfoxlotto.com\/wp-content\/uploads\/2025\/03\/keno_card-300x300.jpg\" alt=\"platnum keno\" width=\"300\" height=\"300\" srcset=\"https:\/\/redfoxlotto.com\/wp-content\/uploads\/2025\/03\/keno_card-300x300.jpg 300w, https:\/\/redfoxlotto.com\/wp-content\/uploads\/2025\/03\/keno_card-150x150.jpg 150w, https:\/\/redfoxlotto.com\/wp-content\/uploads\/2025\/03\/keno_card-100x100.jpg 100w, https:\/\/redfoxlotto.com\/wp-content\/uploads\/2025\/03\/keno_card.jpg 307w\" sizes=\"auto, (max-width: 300px) 100vw, 300px\" \/><br \/>\nLe Platinum Keno est en passe de devenir l&rsquo;un des jeux de loterie les plus populaires. Bient\u00f4t, les joueurs pourront profiter de tout le plaisir du Keno traditionnel depuis le confort de leur \u00e9cran, gr\u00e2ce \u00e0 des tirages rapides, des r\u00e8gles claires et la facilit\u00e9 de jouer en ligne. Il n&rsquo;y a pas encore de r\u00e9sultats en direct, mais voici ce que vous devez savoir sur la mani\u00e8re dont les num\u00e9ros sont s\u00e9lectionn\u00e9s, o\u00f9 les trouver et comment savoir si vous avez gagn\u00e9 lorsque le jeu commence.<\/p>\n<h2>Les \u00e9tapes utilis\u00e9es pour s\u00e9lectionner les num\u00e9ros du Platinum Keno<\/h2>\n<p>Le Platinum Keno repose sur le principe que tout doit \u00eatre \u00e9quitable. Un g\u00e9n\u00e9rateur de nombres al\u00e9atoires (RNG) v\u00e9rifi\u00e9 s\u00e9lectionne les num\u00e9ros. Cela permet de garantir que chaque tirage est totalement al\u00e9atoire. Le RNG garantit que chaque num\u00e9ro du pool a une chance \u00e9gale d&rsquo;\u00eatre choisi, comme lorsque vous tirez des boules num\u00e9rot\u00e9es d&rsquo;une machine.<\/p>\n<ul>\n<li>Les joueurs choisissent parmi un pool de num\u00e9ros allant de 1 \u00e0 80.<\/li>\n<li>Taille du tirage : \u00e0 chaque tour, 20 num\u00e9ros sont tir\u00e9s au hasard.<\/li>\n<li>Chances \u00e9gales : il n&rsquo;y a pas de num\u00e9ro favori, tout d\u00e9pend de la chance.<\/li>\n<li>Gr\u00e2ce \u00e0 cette m\u00e9thode, chaque tirage est transparent, peut \u00eatre v\u00e9rifi\u00e9 et repose sur la confiance.<\/li>\n<\/ul>\n<h2>Comment jouer au jeu.<\/h2>\n<p>Platinum Keno est con\u00e7u \u00e0 la fois pour les joueurs r\u00e9guliers et pour ceux qui veulent gagner de gros jackpots. Choisissez des num\u00e9ros parmi un ensemble de 80, dont 20 sont tir\u00e9s au hasard. Voici comment se d\u00e9roule le jeu. Vous voulez que le plus grand nombre possible de vos choix correspondent.<\/p>\n<h2>Choisir les num\u00e9ros.<\/h2>\n<p>Vous choisissez le nombre de \u00ab spots \u00bb (num\u00e9ros) \u00e0 jouer. Chaque personne choisit un nombre diff\u00e9rent de cartes. Le nombre de spots que vous choisissez aura une incidence directe sur vos chances et le montant que vous pourriez gagner.<\/p>\n<h2>Choisir un facteur.<\/h2>\n<p>Platinum Keno dispose d&rsquo;un multiplicateur qui modifie les gains. Dans ce cas, si le multiplicateur le plus \u00e9lev\u00e9 est 5, jouer avec un multiplicateur 1x vous donnera 20 % de la r\u00e9compense 5x. Si dix est le maximum. Si le premier prix est 10, un ticket 1x vous rapportera 10 % du gain 10x. Un multiplicateur plus \u00e9lev\u00e9 augmente \u00e0 la fois le prix de votre ticket et vos chances de gagner.<\/p>\n<h2>Utilisation de la liste des gains<\/h2>\n<p>Elle vous indique exactement combien vous pourriez gagner en fonction des num\u00e9ros que vous choisissez et du bonus. Consid\u00e9rez-la comme une carte des prix ; elle vous indique les enjeux avant m\u00eame que le tirage n&rsquo;ait lieu.<\/p>\n<h2>Comment vos choix influencent le r\u00e9sultat<\/h2>\n<p>Si vous choisissez plus de num\u00e9ros, le prix maximum que vous pouvez gagner augmente, mais vos chances de tous les trouver diminuent. \u00c0 l&rsquo;inverse, un multiplicateur plus \u00e9lev\u00e9 augmente le gain si vous gagnez, mais vous devez miser plus d&rsquo;argent au d\u00e9part. Le Platinum Keno est \u00e0 la fois passionnant et risqu\u00e9, car vous devez trouver le juste \u00e9quilibre entre risque et profit.<\/p>\n<h2>Les meilleurs endroits pour trouver les r\u00e9sultats du Platinum Keno<\/h2>\n<p>D\u00e8s que le Platinum Keno commence, les r\u00e9sultats les plus r\u00e9cents sont disponibles sur la page des r\u00e9sultats de RedFoxLotto. Vous n&rsquo;avez pas besoin de quitter l&rsquo;application pour suivre les tirages pass\u00e9s et pr\u00e9sents.<\/p>\n<p>Vous pouvez effectuer les op\u00e9rations suivantes :<\/p>\n<ul>\n<li>Consulter la liste compl\u00e8te des num\u00e9ros tir\u00e9s pour chaque jeu.<\/li>\n<li>Consulter les tirages pass\u00e9s pour voir les th\u00e8mes et les tendances.<\/li>\n<li>Suivre l&rsquo;actualit\u00e9 sans avoir \u00e0 chercher ailleurs.<\/li>\n<\/ul>\n<h2>Comment savoir si vous avez gagn\u00e9<\/h2>\n<p>Plus besoin de tickets papier : Platinum Keno est un jeu exclusivement disponible sur ordinateur. Vos num\u00e9ros sont enregistr\u00e9s dans votre compte RedFoxLotto imm\u00e9diatement apr\u00e8s chaque partie. Vous pouvez v\u00e9rifier les r\u00e9sultats d\u00e8s la fin de chaque tirage :<\/p>\n<p>Cliquez sur \u00ab Mes tickets \u00bb : cette section r\u00e9pertorie tous les tickets que vous avez achet\u00e9s.<\/p>\n<p>Comparez vos num\u00e9ros aux r\u00e9sultats : si vos num\u00e9ros correspondent \u00e0 ceux tir\u00e9s lors du tirage gagnant, le syst\u00e8me vous les affichera imm\u00e9diatement.<\/p>\n<p>D\u00e8s que vous avez gagn\u00e9, le montant du prix que vous allez recevoir s&rsquo;affiche. Les gains de faible valeur sont directement vers\u00e9s sur votre compte, tandis que les gains plus importants peuvent faire l&rsquo;objet d&rsquo;une v\u00e9rification avant d&rsquo;\u00eatre transf\u00e9r\u00e9s.<\/p>\n<h2>Effectuer des d\u00e9p\u00f4ts et jouer<\/h2>\n<p>Vous devez disposer d&rsquo;argent sur votre compte RedFoxLotto pour pouvoir jouer au Platinum Keno. Il est facile et s\u00fbr d&rsquo;effectuer un d\u00e9p\u00f4t, et une fois que votre montant est ajout\u00e9, vous pouvez l&rsquo;utiliser imm\u00e9diatement pour acheter des tickets.<\/p>\n<h2>Pourquoi vous pouvez faire confiance aux r\u00e9sultats<\/h2>\n<p>Chaque prix du Platinum Keno est couvert par une assurance, vous serez donc rembours\u00e9 que vous gagniez 5 \u20ac ou 500 000 \u20ac. RedFoxLotto s&rsquo;assure que vous soyez pay\u00e9, et le RNG garantit que tout se passe de mani\u00e8re \u00e9quitable.<\/p>\n<h2>En conclusion<\/h2>\n<p>C&rsquo;est comme un m\u00e9lange entre l&rsquo;ancienne m\u00e9thode de tirage au sort et la facilit\u00e9 des jeux vid\u00e9o. M\u00eame si les r\u00e9sultats finaux ne sont pas encore connus, les joueurs peuvent s&rsquo;attendre \u00e0 :<\/p>\n<ul>\n<li>Des tirages \u00e9quitables v\u00e9rifi\u00e9s par le RNG.<\/li>\n<li>Le jeu est rapide et vous obtenez les r\u00e9sultats toutes les quelques minutes.<\/li>\n<li>RedFoxLotto vous permet d&rsquo;acc\u00e9der facilement et directement aux r\u00e9sultats.<\/li>\n<li>Votre compte enregistre automatiquement vos gains.<\/li>\n<li>Une fois le jeu lanc\u00e9, il vous suffit de revenir apr\u00e8s le tirage pour voir si vous avez gagn\u00e9.<\/li>\n<\/ul>\n","protected":false},"excerpt":{"rendered":"<p>Comment les cotes sont-elles choisies et o\u00f9 trouver les r\u00e9sultats du Platinum Keno Le Platinum Keno est en passe de devenir l&rsquo;un des jeux de loterie les plus populaires. Bient\u00f4t, les joueurs pourront profiter de tout le plaisir du Keno traditionnel depuis le confort de leur \u00e9cran, gr\u00e2ce \u00e0 des tirages rapides, des r\u00e8gles claires [&hellip;]<\/p>\n","protected":false},"author":8,"featured_media":0,"parent":84392,"menu_order":41,"comment_status":"closed","ping_status":"closed","template":"","meta":{"_et_pb_use_builder":"","_et_pb_old_content":"","_et_gb_content_width":"","exclude_from_search":false,"footnotes":""},"class_list":["post-102059","page","type-page","status-publish","hentry"],"yoast_head":"<!-- This site is optimized with the Yoast SEO plugin v23.8 - https:\/\/yoast.com\/wordpress\/plugins\/seo\/ -->\n<title>R\u00e9sultats de la loterie Keno pour ce tirage quotidien en ligne de 5 millions d&#039;euros.<\/title>\n<meta name=\"description\" content=\"Cette loterie Keno tire quotidiennement un premier prix de 5 millions d&#039;euros. Vous trouverez ici les r\u00e9sultats de nos tirages Keno. Nous proposons un jeu Keno \u00e0 5 millions d&#039;euros et un autre \u00e0 10 millions d&#039;euros.\" \/>\n<meta name=\"robots\" content=\"index, follow, max-snippet:-1, max-image-preview:large, max-video-preview:-1\" \/>\n<link rel=\"canonical\" href=\"https:\/\/redfoxlotto.com\/fr\/keno\/resultats-de-la-loterie-keno-pour-ce-tirage-quotidien-en-ligne-de-5-millions-deuros\/\" \/>\n<meta property=\"og:locale\" content=\"fr_FR\" \/>\n<meta property=\"og:type\" content=\"article\" \/>\n<meta property=\"og:title\" content=\"R\u00e9sultats de la loterie Keno pour ce tirage quotidien en ligne de 5 millions d&#039;euros.\" \/>\n<meta property=\"og:description\" content=\"Cette loterie Keno tire quotidiennement un premier prix de 5 millions d&#039;euros. Vous trouverez ici les r\u00e9sultats de nos tirages Keno. Nous proposons un jeu Keno \u00e0 5 millions d&#039;euros et un autre \u00e0 10 millions d&#039;euros.\" \/>\n<meta property=\"og:url\" content=\"https:\/\/redfoxlotto.com\/fr\/keno\/resultats-de-la-loterie-keno-pour-ce-tirage-quotidien-en-ligne-de-5-millions-deuros\/\" \/>\n<meta property=\"og:site_name\" content=\"Get Tickets for the World\u2019s largest jackpots\" \/>\n<meta property=\"article:modified_time\" content=\"2026-01-10T07:01:51+00:00\" \/>\n<meta property=\"og:image\" content=\"https:\/\/redfoxlotto.com\/wp-content\/uploads\/2025\/03\/keno_card-300x300.jpg\" \/>\n<meta name=\"twitter:card\" content=\"summary_large_image\" \/>\n<meta name=\"twitter:label1\" content=\"Dur\u00e9e de lecture estim\u00e9e\" \/>\n\t<meta name=\"twitter:data1\" content=\"5 minutes\" \/>\n<script type=\"application\/ld+json\" class=\"yoast-schema-graph\">{\"@context\":\"https:\/\/schema.org\",\"@graph\":[{\"@type\":\"WebPage\",\"@id\":\"https:\/\/redfoxlotto.com\/fr\/keno\/resultats-de-la-loterie-keno-pour-ce-tirage-quotidien-en-ligne-de-5-millions-deuros\/\",\"url\":\"https:\/\/redfoxlotto.com\/fr\/keno\/resultats-de-la-loterie-keno-pour-ce-tirage-quotidien-en-ligne-de-5-millions-deuros\/\",\"name\":\"R\u00e9sultats de la loterie Keno pour ce tirage quotidien en ligne de 5 millions d'euros.\",\"isPartOf\":{\"@id\":\"https:\/\/redfoxlotto.com\/fr\/#website\"},\"primaryImageOfPage\":{\"@id\":\"https:\/\/redfoxlotto.com\/fr\/keno\/resultats-de-la-loterie-keno-pour-ce-tirage-quotidien-en-ligne-de-5-millions-deuros\/#primaryimage\"},\"image\":{\"@id\":\"https:\/\/redfoxlotto.com\/fr\/keno\/resultats-de-la-loterie-keno-pour-ce-tirage-quotidien-en-ligne-de-5-millions-deuros\/#primaryimage\"},\"thumbnailUrl\":\"https:\/\/redfoxlotto.com\/wp-content\/uploads\/2025\/03\/keno_card-300x300.jpg\",\"datePublished\":\"2025-05-22T08:53:38+00:00\",\"dateModified\":\"2026-01-10T07:01:51+00:00\",\"description\":\"Cette loterie Keno tire quotidiennement un premier prix de 5 millions d'euros. Vous trouverez ici les r\u00e9sultats de nos tirages Keno. Nous proposons un jeu Keno \u00e0 5 millions d'euros et un autre \u00e0 10 millions d'euros.\",\"breadcrumb\":{\"@id\":\"https:\/\/redfoxlotto.com\/fr\/keno\/resultats-de-la-loterie-keno-pour-ce-tirage-quotidien-en-ligne-de-5-millions-deuros\/#breadcrumb\"},\"inLanguage\":\"fr-FR\",\"potentialAction\":[{\"@type\":\"ReadAction\",\"target\":[\"https:\/\/redfoxlotto.com\/fr\/keno\/resultats-de-la-loterie-keno-pour-ce-tirage-quotidien-en-ligne-de-5-millions-deuros\/\"]}]},{\"@type\":\"ImageObject\",\"inLanguage\":\"fr-FR\",\"@id\":\"https:\/\/redfoxlotto.com\/fr\/keno\/resultats-de-la-loterie-keno-pour-ce-tirage-quotidien-en-ligne-de-5-millions-deuros\/#primaryimage\",\"url\":\"https:\/\/redfoxlotto.com\/wp-content\/uploads\/2025\/03\/keno_card-300x300.jpg\",\"contentUrl\":\"https:\/\/redfoxlotto.com\/wp-content\/uploads\/2025\/03\/keno_card-300x300.jpg\"},{\"@type\":\"BreadcrumbList\",\"@id\":\"https:\/\/redfoxlotto.com\/fr\/keno\/resultats-de-la-loterie-keno-pour-ce-tirage-quotidien-en-ligne-de-5-millions-deuros\/#breadcrumb\",\"itemListElement\":[{\"@type\":\"ListItem\",\"position\":1,\"name\":\"Home\",\"item\":\"https:\/\/redfoxlotto.com\/fr\/\"},{\"@type\":\"ListItem\",\"position\":2,\"name\":\"Keno\",\"item\":\"https:\/\/redfoxlotto.com\/fr\/keno\/\"},{\"@type\":\"ListItem\",\"position\":3,\"name\":\"Num\u00e9ros gagnants du Platinum Keno\"}]},{\"@type\":\"WebSite\",\"@id\":\"https:\/\/redfoxlotto.com\/fr\/#website\",\"url\":\"https:\/\/redfoxlotto.com\/fr\/\",\"name\":\"Get Tickets for the World\u2019s largest jackpots\",\"description\":\"Participate in worldwide lottery jackpots from any country\",\"publisher\":{\"@id\":\"https:\/\/redfoxlotto.com\/fr\/#organization\"},\"potentialAction\":[{\"@type\":\"SearchAction\",\"target\":{\"@type\":\"EntryPoint\",\"urlTemplate\":\"https:\/\/redfoxlotto.com\/fr\/?s={search_term_string}\"},\"query-input\":{\"@type\":\"PropertyValueSpecification\",\"valueRequired\":true,\"valueName\":\"search_term_string\"}}],\"inLanguage\":\"fr-FR\"},{\"@type\":\"Organization\",\"@id\":\"https:\/\/redfoxlotto.com\/fr\/#organization\",\"name\":\"Get Tickets for the World\u2019s largest jackpots\",\"url\":\"https:\/\/redfoxlotto.com\/fr\/\",\"logo\":{\"@type\":\"ImageObject\",\"inLanguage\":\"fr-FR\",\"@id\":\"https:\/\/redfoxlotto.com\/fr\/#\/schema\/logo\/image\/\",\"url\":\"https:\/\/redfoxlotto.com\/wp-content\/uploads\/2023\/04\/logo.png\",\"contentUrl\":\"https:\/\/redfoxlotto.com\/wp-content\/uploads\/2023\/04\/logo.png\",\"width\":269,\"height\":53,\"caption\":\"Get Tickets for the World\u2019s largest jackpots\"},\"image\":{\"@id\":\"https:\/\/redfoxlotto.com\/fr\/#\/schema\/logo\/image\/\"}}]}<\/script>\n<!-- \/ Yoast SEO plugin. -->","yoast_head_json":{"title":"R\u00e9sultats de la loterie Keno pour ce tirage quotidien en ligne de 5 millions d'euros.","description":"Cette loterie Keno tire quotidiennement un premier prix de 5 millions d'euros. Vous trouverez ici les r\u00e9sultats de nos tirages Keno. Nous proposons un jeu Keno \u00e0 5 millions d'euros et un autre \u00e0 10 millions d'euros.","robots":{"index":"index","follow":"follow","max-snippet":"max-snippet:-1","max-image-preview":"max-image-preview:large","max-video-preview":"max-video-preview:-1"},"canonical":"https:\/\/redfoxlotto.com\/fr\/keno\/resultats-de-la-loterie-keno-pour-ce-tirage-quotidien-en-ligne-de-5-millions-deuros\/","og_locale":"fr_FR","og_type":"article","og_title":"R\u00e9sultats de la loterie Keno pour ce tirage quotidien en ligne de 5 millions d'euros.","og_description":"Cette loterie Keno tire quotidiennement un premier prix de 5 millions d'euros. Vous trouverez ici les r\u00e9sultats de nos tirages Keno. Nous proposons un jeu Keno \u00e0 5 millions d'euros et un autre \u00e0 10 millions d'euros.","og_url":"https:\/\/redfoxlotto.com\/fr\/keno\/resultats-de-la-loterie-keno-pour-ce-tirage-quotidien-en-ligne-de-5-millions-deuros\/","og_site_name":"Get Tickets for the World\u2019s largest jackpots","article_modified_time":"2026-01-10T07:01:51+00:00","og_image":[{"url":"https:\/\/redfoxlotto.com\/wp-content\/uploads\/2025\/03\/keno_card-300x300.jpg"}],"twitter_card":"summary_large_image","twitter_misc":{"Dur\u00e9e de lecture estim\u00e9e":"5 minutes"},"schema":{"@context":"https:\/\/schema.org","@graph":[{"@type":"WebPage","@id":"https:\/\/redfoxlotto.com\/fr\/keno\/resultats-de-la-loterie-keno-pour-ce-tirage-quotidien-en-ligne-de-5-millions-deuros\/","url":"https:\/\/redfoxlotto.com\/fr\/keno\/resultats-de-la-loterie-keno-pour-ce-tirage-quotidien-en-ligne-de-5-millions-deuros\/","name":"R\u00e9sultats de la loterie Keno pour ce tirage quotidien en ligne de 5 millions d'euros.","isPartOf":{"@id":"https:\/\/redfoxlotto.com\/fr\/#website"},"primaryImageOfPage":{"@id":"https:\/\/redfoxlotto.com\/fr\/keno\/resultats-de-la-loterie-keno-pour-ce-tirage-quotidien-en-ligne-de-5-millions-deuros\/#primaryimage"},"image":{"@id":"https:\/\/redfoxlotto.com\/fr\/keno\/resultats-de-la-loterie-keno-pour-ce-tirage-quotidien-en-ligne-de-5-millions-deuros\/#primaryimage"},"thumbnailUrl":"https:\/\/redfoxlotto.com\/wp-content\/uploads\/2025\/03\/keno_card-300x300.jpg","datePublished":"2025-05-22T08:53:38+00:00","dateModified":"2026-01-10T07:01:51+00:00","description":"Cette loterie Keno tire quotidiennement un premier prix de 5 millions d'euros. Vous trouverez ici les r\u00e9sultats de nos tirages Keno. Nous proposons un jeu Keno \u00e0 5 millions d'euros et un autre \u00e0 10 millions d'euros.","breadcrumb":{"@id":"https:\/\/redfoxlotto.com\/fr\/keno\/resultats-de-la-loterie-keno-pour-ce-tirage-quotidien-en-ligne-de-5-millions-deuros\/#breadcrumb"},"inLanguage":"fr-FR","potentialAction":[{"@type":"ReadAction","target":["https:\/\/redfoxlotto.com\/fr\/keno\/resultats-de-la-loterie-keno-pour-ce-tirage-quotidien-en-ligne-de-5-millions-deuros\/"]}]},{"@type":"ImageObject","inLanguage":"fr-FR","@id":"https:\/\/redfoxlotto.com\/fr\/keno\/resultats-de-la-loterie-keno-pour-ce-tirage-quotidien-en-ligne-de-5-millions-deuros\/#primaryimage","url":"https:\/\/redfoxlotto.com\/wp-content\/uploads\/2025\/03\/keno_card-300x300.jpg","contentUrl":"https:\/\/redfoxlotto.com\/wp-content\/uploads\/2025\/03\/keno_card-300x300.jpg"},{"@type":"BreadcrumbList","@id":"https:\/\/redfoxlotto.com\/fr\/keno\/resultats-de-la-loterie-keno-pour-ce-tirage-quotidien-en-ligne-de-5-millions-deuros\/#breadcrumb","itemListElement":[{"@type":"ListItem","position":1,"name":"Home","item":"https:\/\/redfoxlotto.com\/fr\/"},{"@type":"ListItem","position":2,"name":"Keno","item":"https:\/\/redfoxlotto.com\/fr\/keno\/"},{"@type":"ListItem","position":3,"name":"Num\u00e9ros gagnants du Platinum Keno"}]},{"@type":"WebSite","@id":"https:\/\/redfoxlotto.com\/fr\/#website","url":"https:\/\/redfoxlotto.com\/fr\/","name":"Get Tickets for the World\u2019s largest jackpots","description":"Participate in worldwide lottery jackpots from any country","publisher":{"@id":"https:\/\/redfoxlotto.com\/fr\/#organization"},"potentialAction":[{"@type":"SearchAction","target":{"@type":"EntryPoint","urlTemplate":"https:\/\/redfoxlotto.com\/fr\/?s={search_term_string}"},"query-input":{"@type":"PropertyValueSpecification","valueRequired":true,"valueName":"search_term_string"}}],"inLanguage":"fr-FR"},{"@type":"Organization","@id":"https:\/\/redfoxlotto.com\/fr\/#organization","name":"Get Tickets for the World\u2019s largest jackpots","url":"https:\/\/redfoxlotto.com\/fr\/","logo":{"@type":"ImageObject","inLanguage":"fr-FR","@id":"https:\/\/redfoxlotto.com\/fr\/#\/schema\/logo\/image\/","url":"https:\/\/redfoxlotto.com\/wp-content\/uploads\/2023\/04\/logo.png","contentUrl":"https:\/\/redfoxlotto.com\/wp-content\/uploads\/2023\/04\/logo.png","width":269,"height":53,"caption":"Get Tickets for the World\u2019s largest jackpots"},"image":{"@id":"https:\/\/redfoxlotto.com\/fr\/#\/schema\/logo\/image\/"}}]}},"_links":{"self":[{"href":"https:\/\/redfoxlotto.com\/fr\/wp-json\/wp\/v2\/pages\/102059","targetHints":{"allow":["GET"]}}],"collection":[{"href":"https:\/\/redfoxlotto.com\/fr\/wp-json\/wp\/v2\/pages"}],"about":[{"href":"https:\/\/redfoxlotto.com\/fr\/wp-json\/wp\/v2\/types\/page"}],"author":[{"embeddable":true,"href":"https:\/\/redfoxlotto.com\/fr\/wp-json\/wp\/v2\/users\/8"}],"replies":[{"embeddable":true,"href":"https:\/\/redfoxlotto.com\/fr\/wp-json\/wp\/v2\/comments?post=102059"}],"version-history":[{"count":0,"href":"https:\/\/redfoxlotto.com\/fr\/wp-json\/wp\/v2\/pages\/102059\/revisions"}],"up":[{"embeddable":true,"href":"https:\/\/redfoxlotto.com\/fr\/wp-json\/wp\/v2\/pages\/84392"}],"wp:attachment":[{"href":"https:\/\/redfoxlotto.com\/fr\/wp-json\/wp\/v2\/media?parent=102059"}],"curies":[{"name":"wp","href":"https:\/\/api.w.org\/{rel}","templated":true}]}}