{"id":87641,"date":"2025-05-19T09:08:38","date_gmt":"2025-05-19T09:08:38","guid":{"rendered":"https:\/\/redfoxlotto.com\/?page_id=87641"},"modified":"2025-05-28T06:42:12","modified_gmt":"2025-05-28T06:42:12","slug":"euromillions-eu","status":"publish","type":"page","link":"https:\/\/redfoxlotto.com\/fi\/lotteries\/euromillions-eu\/","title":{"rendered":"Tietoja Euromillions EU:sta"},"content":{"rendered":"<p data-start=\"62\" data-end=\"678\">EuroMillions EU on yksi Euroopan suurimmista ja suosituimmista arpajaisista, joka houkuttelee viikoittain miljoonia osallistujia el\u00e4m\u00e4\u00e4 mullistavien j\u00e4ttipottien mahdollisuudella. T\u00e4m\u00e4 arpajainen, joka tunnetaan virallisesti nimell\u00e4 EuroMillionsin EU-versio, on erityisen suosittu useissa Euroopan maissa: Ranskassa, Espanjassa, It\u00e4vallassa, Belgiassa, Irlannissa, Luxemburgissa, Portugalissa ja Sveitsiss\u00e4. EuroMillions lanseerattiin ensimm\u00e4isen kerran 13. helmikuuta 2004 Ranskassa, Espanjassa ja Isossa-Britanniassa, ja jo saman vuoden lokakuuhun menness\u00e4 peli oli laajentunut useisiin muihin Euroopan maihin.<\/p>\n<p><img loading=\"lazy\" decoding=\"async\" class=\"size-full wp-image-48546 alignright\" src=\"https:\/\/redfoxlotto.com\/wp-content\/uploads\/2023\/04\/powerball-draw-youtube1-300x300-1.jpg\" alt=\"euromillions\" width=\"300\" height=\"300\" srcset=\"https:\/\/redfoxlotto.com\/wp-content\/uploads\/2023\/04\/powerball-draw-youtube1-300x300-1.jpg 300w, https:\/\/redfoxlotto.com\/wp-content\/uploads\/2023\/04\/powerball-draw-youtube1-300x300-1-100x100.jpg 100w, https:\/\/redfoxlotto.com\/wp-content\/uploads\/2023\/04\/powerball-draw-youtube1-300x300-1-150x150.jpg 150w\" sizes=\"auto, (max-width: 300px) 100vw, 300px\" \/><\/p>\n<p data-start=\"680\" data-end=\"1016\">Jokaisella osallistuvalla maalla on oma kansallinen arpajaisviranomaisensa, joka vastaa lippujen myynnist\u00e4, voittojen maksamisesta ja asiakaspalvelusta. Vaikka hallinto on hajautettu, kaikki osallistujamaat noudattavat yhten\u00e4isi\u00e4 s\u00e4\u00e4nt\u00f6j\u00e4, palkintotasoja ja arvontojen aikatauluja varmistaakseen oikeudenmukaisuuden ja yhdenmukaisuuden.<\/p>\n<p data-start=\"1018\" data-end=\"1446\">EuroMillions EU -arvonnat pidet\u00e4\u00e4n kahdesti viikossa \u2013 tiistai- ja perjantai-iltaisin. Arpajaisessa k\u00e4ytet\u00e4\u00e4n kaksinkertaista matriisij\u00e4rjestelm\u00e4\u00e4: pelaaja valitsee viisi numeroa v\u00e4lilt\u00e4 1\u201350 ja kaksi t\u00e4hdenumeroa v\u00e4lilt\u00e4 1\u201312. Jackpotin voittamiseksi kaikkien seitsem\u00e4n numeron on osuttava oikein. Lis\u00e4ksi tarjolla on lukuisia toissijaisia palkintotasoja, jotka mahdollistavat pienempien, mutta merkitt\u00e4vien voittojen saamisen.<\/p>\n<p data-start=\"1448\" data-end=\"1863\">Merkitt\u00e4v\u00e4 ero EU- ja Ison-Britannian versioiden v\u00e4lill\u00e4 on lis\u00e4arvonta, joka on varattu vain brittil\u00e4isille pelaajille \u2013 Millionaire Maker. T\u00e4m\u00e4 lis\u00e4peli takaa, ett\u00e4 jokaisessa arvonnassa v\u00e4hint\u00e4\u00e4n yksi brittil\u00e4inen pelaaja voittaa miljoonan euron. T\u00e4m\u00e4n vuoksi brittiliput maksavat enemm\u00e4n kuin muiden Euroopan maiden liput. Kiinnostuneet voivat lukea lis\u00e4tietoja Ison-Britannian versiosta RedFoxLotto-sivustolta.<\/p>\n<p data-start=\"1865\" data-end=\"2347\">Pelaajille, jotka asuvat EU:n ulkopuolella tai maissa, jotka eiv\u00e4t virallisesti osallistu peliin, EuroMillions EU -arpajaisiin osallistuminen saattaa vaikuttaa mahdottomalta. Kansainv\u00e4liset lottopalvelut ovat kuitenkin tehneet osallistumisesta helppoa. Ulkomaiset pelaajat ostavat EuroMillions EU -lippuja p\u00e4\u00e4asiassa It\u00e4vallasta. It\u00e4vallan hyvin j\u00e4rjestetty arpajaisinfrastruktuuri mahdollistaa laillisen osallistumisen ymp\u00e4ri maailmaa asuville pelaajille \u2013 sijainnista riippumatta.<\/p>\n<p data-start=\"2349\" data-end=\"2698\">Jackpotien suhteen EuroMillions EU tarjoaa sek\u00e4 merkitt\u00e4vi\u00e4 minimivoittoja ett\u00e4 korkean yl\u00e4rajan, joiden tarkoituksena on lis\u00e4t\u00e4 pelin j\u00e4nnityst\u00e4 ja s\u00e4ilytt\u00e4\u00e4 pelaajien kiinnostus. V\u00e4himm\u00e4ispotti on vaikuttavat 17 miljoonaa euroa \u2013 summa, joka voi muuttaa el\u00e4m\u00e4n. Jackpotin yl\u00e4raja on noussut vuosien varrella, ja nykyisin se on 250 miljoonaa euroa.<\/p>\n<p data-start=\"2700\" data-end=\"3012\">Kun jackpot saavuttaa 200 miljoonaa euroa, otetaan k\u00e4ytt\u00f6\u00f6n erityiss\u00e4\u00e4nn\u00f6t. Jackpot voi pysy\u00e4 t\u00e4ll\u00e4 tasolla tai sen yl\u00e4puolella korkeintaan nelj\u00e4 arvontaa. Jos kukaan ei voita nelj\u00e4n arvonnan aikana, koko potin m\u00e4\u00e4r\u00e4 siirtyy seuraavalle korkeimmalle palkintotasolle, jolloin useampi pelaaja voi jakaa j\u00e4ttipotin.<\/p>\n<p data-start=\"3014\" data-end=\"3242\">Kun jackpot saavuttaa 250 miljoonan euron yl\u00e4rajan, sama s\u00e4\u00e4nt\u00f6 toistuu. Jos p\u00e4\u00e4voittoa ei jaeta nelj\u00e4n arvonnan sis\u00e4ll\u00e4, viidenness\u00e4 arvonnassa jackpot jaetaan alempien voittoluokkien kesken, mik\u00e4 luo useita uusia miljon\u00e4\u00e4rej\u00e4.<\/p>\n<p data-start=\"3244\" data-end=\"3523\">T\u00e4llaiset jackpotin siirtym\u00e4t luovat peliin strategista syvyytt\u00e4 ja draamaa. Kun jackpot l\u00e4hestyy huippuaan, lippujen myynti kasvaa huomattavasti, mik\u00e4 heijastaa pelaajien innostusta ja odotuksia. Suuret palkinnot saavat my\u00f6s runsaasti median\u00e4kyvyytt\u00e4 ja lis\u00e4\u00e4v\u00e4t pelin suosiota.<\/p>\n<p data-start=\"3525\" data-end=\"3825\">EuroMillions on historian saatossa tuottanut suuren m\u00e4\u00e4r\u00e4n merkitt\u00e4vi\u00e4 voittajia eri puolilla Eurooppaa \u2013 henkil\u00f6it\u00e4, jotka ovat muuttuneet yhdess\u00e4 y\u00f6ss\u00e4 monimiljon\u00e4\u00e4reiksi. It\u00e4valta on erityisen merkitt\u00e4v\u00e4 maa t\u00e4ss\u00e4 suhteessa, ja sill\u00e4 on vankka kannattajakunta EuroMillionsin pelaajien keskuudessa.<\/p>\n<p data-start=\"3827\" data-end=\"4218\">Mahdollisuus osallistua maailmanlaajuisesti, yhdistettyn\u00e4 l\u00e4pin\u00e4kyv\u00e4\u00e4n s\u00e4\u00e4nt\u00f6j\u00e4rjestelm\u00e4\u00e4n ja j\u00e4nnitt\u00e4v\u00e4\u00e4n palkintorakenteeseen, tekee EuroMillions EU:sta houkuttelevan vaihtoehdon pelaajille ymp\u00e4ri maailmaa. Sen l\u00e4sn\u00e4olo useissa keskeisiss\u00e4 Euroopan maissa takaa kulttuurillisesti monimuotoisen pelaajakunnan, kun taas sen valtava jackpot-potentiaali saa jatkuvasti kansainv\u00e4list\u00e4 huomiota.<\/p>\n<p data-start=\"4220\" data-end=\"4556\">Euroopan ulkopuoliset osallistujat voivat hy\u00f6dynt\u00e4\u00e4 vakiintuneita loton v\u00e4lityspalveluja, jotka mahdollistavat turvallisen ja laillisen osallistumisen. N\u00e4m\u00e4 palvelut ostavat fyysiset liput It\u00e4vallasta, skannaavat ne, lataavat tiedot pelaajien tileille ja maksavat voitot suoraan \u2013 osallistumisesta tulee helppoa sijainnista riippumatta.<\/p>\n<p data-start=\"4558\" data-end=\"4967\">Yhteenvetona voidaan todeta, ett\u00e4 EuroMillions EU:n vankka rakenne, selke\u00e4t s\u00e4\u00e4nn\u00f6t ja vaikuttavat voittomahdollisuudet muodostavat houkuttelevan kokonaisuuden kansainv\u00e4lisille lottopelaajille. Taattu 17 miljoonan euron voittopotti ja jopa 250 miljoonan euron jackpot-raja, yhdistettyn\u00e4 j\u00e4nnitt\u00e4viin siirtos\u00e4\u00e4nt\u00f6ihin, tuovat iloa ja merkitt\u00e4vi\u00e4 voittoja pelaajille kaikkialla Euroopassa \u2013 ja sen ulkopuolella.<\/p>\n","protected":false},"excerpt":{"rendered":"<p>EuroMillions EU on yksi Euroopan suurimmista ja suosituimmista arpajaisista, joka houkuttelee viikoittain miljoonia osallistujia el\u00e4m\u00e4\u00e4 mullistavien j\u00e4ttipottien mahdollisuudella. T\u00e4m\u00e4 arpajainen, joka tunnetaan virallisesti nimell\u00e4 EuroMillionsin EU-versio, on erityisen suosittu useissa Euroopan maissa: Ranskassa, Espanjassa, It\u00e4vallassa, Belgiassa, Irlannissa, Luxemburgissa, Portugalissa ja Sveitsiss\u00e4. EuroMillions lanseerattiin ensimm\u00e4isen kerran 13. helmikuuta 2004 Ranskassa, Espanjassa ja Isossa-Britanniassa, ja jo saman [&hellip;]<\/p>\n","protected":false},"author":8,"featured_media":0,"parent":30960,"menu_order":4,"comment_status":"closed","ping_status":"closed","template":"euromillions-at-info.php","meta":{"_et_pb_use_builder":"","_et_pb_old_content":"","_et_gb_content_width":"","exclude_from_search":false,"footnotes":""},"class_list":["post-87641","page","type-page","status-publish","hentry"],"yoast_head":"<!-- This site is optimized with the Yoast SEO plugin v27.4 - https:\/\/yoast.com\/product\/yoast-seo-wordpress\/ -->\n<title>Osta Euromillions-lippuja verkossa EU:n ulkopuolelta.<\/title>\n<meta name=\"description\" content=\"Miten ostaa Euromillions-lippuja verkossa, Yhdistyneess\u00e4 kuningaskunnassa ja Euromillionsin EU-versiossa. Osta lippuja mist\u00e4 tahansa, jopa EU:n ulkopuolelta.\" \/>\n<meta name=\"robots\" content=\"index, follow, max-snippet:-1, max-image-preview:large, max-video-preview:-1\" \/>\n<link rel=\"canonical\" href=\"https:\/\/redfoxlotto.com\/fi\/lotteries\/euromillions-eu\/\" \/>\n<meta property=\"og:locale\" content=\"fi_FI\" \/>\n<meta property=\"og:type\" content=\"article\" \/>\n<meta property=\"og:title\" content=\"Osta Euromillions-lippuja verkossa EU:n ulkopuolelta.\" \/>\n<meta property=\"og:description\" content=\"Miten ostaa Euromillions-lippuja verkossa, Yhdistyneess\u00e4 kuningaskunnassa ja Euromillionsin EU-versiossa. Osta lippuja mist\u00e4 tahansa, jopa EU:n ulkopuolelta.\" \/>\n<meta property=\"og:url\" content=\"https:\/\/redfoxlotto.com\/fi\/lotteries\/euromillions-eu\/\" \/>\n<meta property=\"og:site_name\" content=\"Get Tickets for the World\u2019s largest jackpots\" \/>\n<meta property=\"article:modified_time\" content=\"2025-05-28T06:42:12+00:00\" \/>\n<meta property=\"og:image\" content=\"https:\/\/redfoxlotto.com\/wp-content\/uploads\/2023\/04\/powerball-draw-youtube1-300x300-1.jpg\" \/>\n<meta name=\"twitter:card\" content=\"summary_large_image\" \/>\n<meta name=\"twitter:label1\" content=\"Arvioitu lukuaika\" \/>\n\t<meta name=\"twitter:data1\" content=\"3 minuuttia\" \/>\n<script type=\"application\/ld+json\" class=\"yoast-schema-graph\">{\"@context\":\"https:\\\/\\\/schema.org\",\"@graph\":[{\"@type\":\"WebPage\",\"@id\":\"https:\\\/\\\/redfoxlotto.com\\\/fi\\\/lotteries\\\/euromillions-eu\\\/\",\"url\":\"https:\\\/\\\/redfoxlotto.com\\\/fi\\\/lotteries\\\/euromillions-eu\\\/\",\"name\":\"Osta Euromillions-lippuja verkossa EU:n ulkopuolelta.\",\"isPartOf\":{\"@id\":\"https:\\\/\\\/redfoxlotto.com\\\/fi\\\/#website\"},\"primaryImageOfPage\":{\"@id\":\"https:\\\/\\\/redfoxlotto.com\\\/fi\\\/lotteries\\\/euromillions-eu\\\/#primaryimage\"},\"image\":{\"@id\":\"https:\\\/\\\/redfoxlotto.com\\\/fi\\\/lotteries\\\/euromillions-eu\\\/#primaryimage\"},\"thumbnailUrl\":\"https:\\\/\\\/redfoxlotto.com\\\/wp-content\\\/uploads\\\/2023\\\/04\\\/powerball-draw-youtube1-300x300-1.jpg\",\"datePublished\":\"2025-05-19T09:08:38+00:00\",\"dateModified\":\"2025-05-28T06:42:12+00:00\",\"description\":\"Miten ostaa Euromillions-lippuja verkossa, Yhdistyneess\u00e4 kuningaskunnassa ja Euromillionsin EU-versiossa. Osta lippuja mist\u00e4 tahansa, jopa EU:n ulkopuolelta.\",\"breadcrumb\":{\"@id\":\"https:\\\/\\\/redfoxlotto.com\\\/fi\\\/lotteries\\\/euromillions-eu\\\/#breadcrumb\"},\"inLanguage\":\"fi\",\"potentialAction\":[{\"@type\":\"ReadAction\",\"target\":[\"https:\\\/\\\/redfoxlotto.com\\\/fi\\\/lotteries\\\/euromillions-eu\\\/\"]}]},{\"@type\":\"ImageObject\",\"inLanguage\":\"fi\",\"@id\":\"https:\\\/\\\/redfoxlotto.com\\\/fi\\\/lotteries\\\/euromillions-eu\\\/#primaryimage\",\"url\":\"https:\\\/\\\/redfoxlotto.com\\\/wp-content\\\/uploads\\\/2023\\\/04\\\/powerball-draw-youtube1-300x300-1.jpg\",\"contentUrl\":\"https:\\\/\\\/redfoxlotto.com\\\/wp-content\\\/uploads\\\/2023\\\/04\\\/powerball-draw-youtube1-300x300-1.jpg\"},{\"@type\":\"BreadcrumbList\",\"@id\":\"https:\\\/\\\/redfoxlotto.com\\\/fi\\\/lotteries\\\/euromillions-eu\\\/#breadcrumb\",\"itemListElement\":[{\"@type\":\"ListItem\",\"position\":1,\"name\":\"Home\",\"item\":\"https:\\\/\\\/redfoxlotto.com\\\/fi\\\/\"},{\"@type\":\"ListItem\",\"position\":2,\"name\":\"Miten ostaa online arpoja &#8211; ostoprosessi\",\"item\":\"https:\\\/\\\/redfoxlotto.com\\\/fi\\\/lotteries\\\/\"},{\"@type\":\"ListItem\",\"position\":3,\"name\":\"Tietoja Euromillions EU:sta\"}]},{\"@type\":\"WebSite\",\"@id\":\"https:\\\/\\\/redfoxlotto.com\\\/fi\\\/#website\",\"url\":\"https:\\\/\\\/redfoxlotto.com\\\/fi\\\/\",\"name\":\"Get Tickets for the World\u2019s largest jackpots\",\"description\":\"Participate in worldwide lottery jackpots from any country\",\"publisher\":{\"@id\":\"https:\\\/\\\/redfoxlotto.com\\\/fi\\\/#organization\"},\"potentialAction\":[{\"@type\":\"SearchAction\",\"target\":{\"@type\":\"EntryPoint\",\"urlTemplate\":\"https:\\\/\\\/redfoxlotto.com\\\/fi\\\/?s={search_term_string}\"},\"query-input\":{\"@type\":\"PropertyValueSpecification\",\"valueRequired\":true,\"valueName\":\"search_term_string\"}}],\"inLanguage\":\"fi\"},{\"@type\":\"Organization\",\"@id\":\"https:\\\/\\\/redfoxlotto.com\\\/fi\\\/#organization\",\"name\":\"Get Tickets for the World\u2019s largest jackpots\",\"url\":\"https:\\\/\\\/redfoxlotto.com\\\/fi\\\/\",\"logo\":{\"@type\":\"ImageObject\",\"inLanguage\":\"fi\",\"@id\":\"https:\\\/\\\/redfoxlotto.com\\\/fi\\\/#\\\/schema\\\/logo\\\/image\\\/\",\"url\":\"https:\\\/\\\/redfoxlotto.com\\\/wp-content\\\/uploads\\\/2023\\\/04\\\/logo.png\",\"contentUrl\":\"https:\\\/\\\/redfoxlotto.com\\\/wp-content\\\/uploads\\\/2023\\\/04\\\/logo.png\",\"width\":269,\"height\":53,\"caption\":\"Get Tickets for the World\u2019s largest jackpots\"},\"image\":{\"@id\":\"https:\\\/\\\/redfoxlotto.com\\\/fi\\\/#\\\/schema\\\/logo\\\/image\\\/\"}}]}<\/script>\n<!-- \/ Yoast SEO plugin. -->","yoast_head_json":{"title":"Osta Euromillions-lippuja verkossa EU:n ulkopuolelta.","description":"Miten ostaa Euromillions-lippuja verkossa, Yhdistyneess\u00e4 kuningaskunnassa ja Euromillionsin EU-versiossa. Osta lippuja mist\u00e4 tahansa, jopa EU:n ulkopuolelta.","robots":{"index":"index","follow":"follow","max-snippet":"max-snippet:-1","max-image-preview":"max-image-preview:large","max-video-preview":"max-video-preview:-1"},"canonical":"https:\/\/redfoxlotto.com\/fi\/lotteries\/euromillions-eu\/","og_locale":"fi_FI","og_type":"article","og_title":"Osta Euromillions-lippuja verkossa EU:n ulkopuolelta.","og_description":"Miten ostaa Euromillions-lippuja verkossa, Yhdistyneess\u00e4 kuningaskunnassa ja Euromillionsin EU-versiossa. Osta lippuja mist\u00e4 tahansa, jopa EU:n ulkopuolelta.","og_url":"https:\/\/redfoxlotto.com\/fi\/lotteries\/euromillions-eu\/","og_site_name":"Get Tickets for the World\u2019s largest jackpots","article_modified_time":"2025-05-28T06:42:12+00:00","og_image":[{"url":"https:\/\/redfoxlotto.com\/wp-content\/uploads\/2023\/04\/powerball-draw-youtube1-300x300-1.jpg","type":"","width":"","height":""}],"twitter_card":"summary_large_image","twitter_misc":{"Arvioitu lukuaika":"3 minuuttia"},"schema":{"@context":"https:\/\/schema.org","@graph":[{"@type":"WebPage","@id":"https:\/\/redfoxlotto.com\/fi\/lotteries\/euromillions-eu\/","url":"https:\/\/redfoxlotto.com\/fi\/lotteries\/euromillions-eu\/","name":"Osta Euromillions-lippuja verkossa EU:n ulkopuolelta.","isPartOf":{"@id":"https:\/\/redfoxlotto.com\/fi\/#website"},"primaryImageOfPage":{"@id":"https:\/\/redfoxlotto.com\/fi\/lotteries\/euromillions-eu\/#primaryimage"},"image":{"@id":"https:\/\/redfoxlotto.com\/fi\/lotteries\/euromillions-eu\/#primaryimage"},"thumbnailUrl":"https:\/\/redfoxlotto.com\/wp-content\/uploads\/2023\/04\/powerball-draw-youtube1-300x300-1.jpg","datePublished":"2025-05-19T09:08:38+00:00","dateModified":"2025-05-28T06:42:12+00:00","description":"Miten ostaa Euromillions-lippuja verkossa, Yhdistyneess\u00e4 kuningaskunnassa ja Euromillionsin EU-versiossa. Osta lippuja mist\u00e4 tahansa, jopa EU:n ulkopuolelta.","breadcrumb":{"@id":"https:\/\/redfoxlotto.com\/fi\/lotteries\/euromillions-eu\/#breadcrumb"},"inLanguage":"fi","potentialAction":[{"@type":"ReadAction","target":["https:\/\/redfoxlotto.com\/fi\/lotteries\/euromillions-eu\/"]}]},{"@type":"ImageObject","inLanguage":"fi","@id":"https:\/\/redfoxlotto.com\/fi\/lotteries\/euromillions-eu\/#primaryimage","url":"https:\/\/redfoxlotto.com\/wp-content\/uploads\/2023\/04\/powerball-draw-youtube1-300x300-1.jpg","contentUrl":"https:\/\/redfoxlotto.com\/wp-content\/uploads\/2023\/04\/powerball-draw-youtube1-300x300-1.jpg"},{"@type":"BreadcrumbList","@id":"https:\/\/redfoxlotto.com\/fi\/lotteries\/euromillions-eu\/#breadcrumb","itemListElement":[{"@type":"ListItem","position":1,"name":"Home","item":"https:\/\/redfoxlotto.com\/fi\/"},{"@type":"ListItem","position":2,"name":"Miten ostaa online arpoja &#8211; ostoprosessi","item":"https:\/\/redfoxlotto.com\/fi\/lotteries\/"},{"@type":"ListItem","position":3,"name":"Tietoja Euromillions EU:sta"}]},{"@type":"WebSite","@id":"https:\/\/redfoxlotto.com\/fi\/#website","url":"https:\/\/redfoxlotto.com\/fi\/","name":"Get Tickets for the World\u2019s largest jackpots","description":"Participate in worldwide lottery jackpots from any country","publisher":{"@id":"https:\/\/redfoxlotto.com\/fi\/#organization"},"potentialAction":[{"@type":"SearchAction","target":{"@type":"EntryPoint","urlTemplate":"https:\/\/redfoxlotto.com\/fi\/?s={search_term_string}"},"query-input":{"@type":"PropertyValueSpecification","valueRequired":true,"valueName":"search_term_string"}}],"inLanguage":"fi"},{"@type":"Organization","@id":"https:\/\/redfoxlotto.com\/fi\/#organization","name":"Get Tickets for the World\u2019s largest jackpots","url":"https:\/\/redfoxlotto.com\/fi\/","logo":{"@type":"ImageObject","inLanguage":"fi","@id":"https:\/\/redfoxlotto.com\/fi\/#\/schema\/logo\/image\/","url":"https:\/\/redfoxlotto.com\/wp-content\/uploads\/2023\/04\/logo.png","contentUrl":"https:\/\/redfoxlotto.com\/wp-content\/uploads\/2023\/04\/logo.png","width":269,"height":53,"caption":"Get Tickets for the World\u2019s largest jackpots"},"image":{"@id":"https:\/\/redfoxlotto.com\/fi\/#\/schema\/logo\/image\/"}}]}},"_links":{"self":[{"href":"https:\/\/redfoxlotto.com\/fi\/wp-json\/wp\/v2\/pages\/87641","targetHints":{"allow":["GET"]}}],"collection":[{"href":"https:\/\/redfoxlotto.com\/fi\/wp-json\/wp\/v2\/pages"}],"about":[{"href":"https:\/\/redfoxlotto.com\/fi\/wp-json\/wp\/v2\/types\/page"}],"author":[{"embeddable":true,"href":"https:\/\/redfoxlotto.com\/fi\/wp-json\/wp\/v2\/users\/8"}],"replies":[{"embeddable":true,"href":"https:\/\/redfoxlotto.com\/fi\/wp-json\/wp\/v2\/comments?post=87641"}],"version-history":[{"count":0,"href":"https:\/\/redfoxlotto.com\/fi\/wp-json\/wp\/v2\/pages\/87641\/revisions"}],"up":[{"embeddable":true,"href":"https:\/\/redfoxlotto.com\/fi\/wp-json\/wp\/v2\/pages\/30960"}],"wp:attachment":[{"href":"https:\/\/redfoxlotto.com\/fi\/wp-json\/wp\/v2\/media?parent=87641"}],"curies":[{"name":"wp","href":"https:\/\/api.w.org\/{rel}","templated":true}]}}