{"id":87580,"date":"2025-05-19T09:07:38","date_gmt":"2025-05-19T09:07:38","guid":{"rendered":"https:\/\/redfoxlotto.com\/?page_id=87580"},"modified":"2025-12-17T06:38:49","modified_gmt":"2025-12-17T06:38:49","slug":"euromillions-eu","status":"publish","type":"page","link":"https:\/\/redfoxlotto.com\/fi\/pelaa-lottoa-netissa\/euromillions-eu\/","title":{"rendered":"Pelaa Euromillions EU"},"content":{"rendered":"<p><script type=\"application\/ld+json\">\n{\n  \"@context\": \"https:\/\/schema.org\",\n  \"@type\": \"Service\",\n  \"name\": \"Pelaa Euromillions Verkossa\",\n  \"url\": \"https:\/\/redfoxlotto.com\/fi\/pelaa-lottoa-netissa\/euromillions\/\",\n  \"description\": \"Pelaa Euromillions-lottoa verkossa mist\u00e4 tahansa maasta. Vieraile RedFoxLotto-sivustolla, valitse numerosi ja hanki lippusi.\",\n  \"serviceType\": \"Online lottery ticket messenger service\",\n  \"provider\": {\n    \"@type\": \"Organization\",\n    \"name\": \"RedFoxLotto\",\n    \"url\": \"https:\/\/redfoxlotto.com\/fi\/\",\n    \"image\": \"https:\/\/redfoxlotto.com\/wp-content\/uploads\/2025\/12\/ticket_scans.jpg\",\n    \"sameAs\": []\n  },\n  \"areaServed\": \"Worldwide\",\n  \"termsOfService\": \"https:\/\/redfoxlotto.com\/terms-and-conditions\",\n  \"additionalProperty\": {\n    \"@type\": \"PropertyValue\",\n    \"name\": \"FAQ\",\n    \"value\": \"https:\/\/redfoxlotto.com\/fi\/faq\/\"\n  },\n  \"hasOfferCatalog\": {\n    \"@type\": \"OfferCatalog\",\n    \"name\": \"Euromillions-lottoniput\",\n    \"itemListElement\": [\n      {\n        \"@type\": \"Offer\",\n        \"name\": \"Euromillions-liput\",\n        \"url\": \"https:\/\/redfoxlotto.com\/fi\/pelaa-lottoa-netissa\/euromillions\/\",\n        \"description\": \"Klikkaa t\u00e4st\u00e4 valitaksesi numerosi seuraavaan Euromillions-arvontaan \u2013 tilaa liput verkossa.\",\n        \"price\": \"7.00\",\n        \"priceCurrency\": \"EUR\",\n        \"availability\": \"https:\/\/schema.org\/InStock\",\n        \"itemOffered\": {\n          \"@type\": \"Service\",\n          \"name\": \"Euromillions-liput\",\n          \"description\": \"Pelaa seuraavassa Euromillions-arvonnassa RedFoxLotto kautta.\"\n        }\n      }\n    ]\n  },\n  \"mainEntityOfPage\": {\n    \"@type\": \"WebPage\",\n    \"@id\": \"https:\/\/redfoxlotto.com\/fi\/pelaa-lottoa-netissa\/euromillions\/\"\n  }\n}\n<\/script><\/p>\n<p><img loading=\"lazy\" decoding=\"async\" class=\" wp-image-67116 alignleft\" src=\"https:\/\/redfoxlotto.com\/wp-content\/uploads\/2024\/03\/Balls-300x300.png\" alt=\"euromillions austria\" width=\"244\" height=\"244\" \/><\/p>\n<h2 data-start=\"39\" data-end=\"88\">Johdanto: Mik\u00e4 on EuroMillions EU (It\u00e4valta)?<\/h2>\n<p data-start=\"90\" data-end=\"404\">EuroMillions EU (It\u00e4valta) on yksi Euroopan suosituimmista ja varakkaimmista lotton peleist\u00e4. Se lanseerattiin ensimm\u00e4isen kerran vuonna 2004, ja sit\u00e4 pelataan virallisesti yhdeks\u00e4ss\u00e4 Euroopan maassa: Ranskassa, Espanjassa, It\u00e4vallassa, Belgiassa, Irlannissa, Luxemburgissa, Portugalissa, Sveitsiss\u00e4 ja Andorrassa.<\/p>\n<p data-start=\"406\" data-end=\"676\">Ent\u00e4 jos et asu Euroopassa tai maassa, jossa EuroMillionsia pelataan? Voitko silti osallistua ja tavoitella el\u00e4m\u00e4\u00e4 mullistavaa j\u00e4ttipottia? Vastaus on kyll\u00e4 \u2013 voit ostaa EuroMillions EU (It\u00e4valta) -arpoja verkossa RedFoxLotto.com-sivustolta, miss\u00e4 tahansa p\u00e4in maailmaa.<\/p>\n<h2 data-start=\"678\" data-end=\"736\">Miten pelata EuroMillionsia verkossa EU:n ulkopuolelta<\/h2>\n<p data-start=\"738\" data-end=\"909\">Jos maasi ei ole osallistujamaa, et voi ostaa lippuja paikallisesta kaupasta. Onneksi voit k\u00e4ytt\u00e4\u00e4 luotettavaa lippujen v\u00e4lityspalvelua kuten RedFoxLottoa. N\u00e4in se toimii:<\/p>\n<ol data-start=\"911\" data-end=\"1219\">\n<li data-start=\"911\" data-end=\"956\">\n<p data-start=\"914\" data-end=\"956\">Vieraile osoitteessa <a class=\"\" href=\"http:\/\/www.RedFoxLotto.com\" target=\"_new\" rel=\"noopener\" data-start=\"935\" data-end=\"954\">www.RedFoxLotto.com<\/a><\/p>\n<\/li>\n<li data-start=\"957\" data-end=\"1005\">\n<p data-start=\"960\" data-end=\"1005\">Valitse EuroMillions EU (It\u00e4valta) -arvonta<\/p>\n<\/li>\n<li data-start=\"1006\" data-end=\"1050\">\n<p data-start=\"1009\" data-end=\"1050\">Valitse numerosi tai k\u00e4yt\u00e4 pikavalintaa<\/p>\n<\/li>\n<li data-start=\"1051\" data-end=\"1156\">\n<p data-start=\"1054\" data-end=\"1156\">Suorita tilauksesi loppuun, ja paikallinen it\u00e4valtalainen asiamies ostaa oikean arpalipun puolestasi<\/p>\n<\/li>\n<li data-start=\"1157\" data-end=\"1219\">\n<p data-start=\"1160\" data-end=\"1219\">Lipun skannattu kuva lis\u00e4t\u00e4\u00e4n tiliisi todisteeksi ostosta<\/p>\n<\/li>\n<\/ol>\n<p data-start=\"1221\" data-end=\"1357\">T\u00e4m\u00e4 on 100 % laillista ja taattu tapa osallistua viralliseen EuroMillions EU -versioon (It\u00e4valta), asuitpa miss\u00e4 p\u00e4in maailmaa tahansa.<\/p>\n<h2 data-start=\"1359\" data-end=\"1427\">Eroja EuroMillions EU:n (It\u00e4valta) ja Britannian version v\u00e4lill\u00e4<\/h2>\n<p data-start=\"1429\" data-end=\"1569\">On olemassa kaksi erillist\u00e4 peli\u00e4: EuroMillions EU ja UK EuroMillions. Molemmat kuuluvat samaan peliinimikkeeseen, mutta ovat eri versioita.<\/p>\n<p data-start=\"1571\" data-end=\"1769\">Brittiliput ovat kalliimpia, p\u00e4\u00e4asiassa siksi, ett\u00e4 niiss\u00e4 on lis\u00e4ominaisuus nimelt\u00e4 Millionaire Maker \u2013 lis\u00e4peli, jossa v\u00e4hint\u00e4\u00e4n yksi brittilipun haltija voittaa 1 miljoona puntaa joka arvonnassa.<\/p>\n<p data-start=\"1771\" data-end=\"1871\">Britanniassa on my\u00f6s erilainen voittorakenne, ja tulot vaikuttavat s\u00e4\u00e4ntelykulut ja valuuttakurssit.<\/p>\n<p data-start=\"1873\" data-end=\"2108\">Jos pelaat RedFoxLoton kautta, pelaat EU-versiota (It\u00e4valta), et Britannian arvontaa. T\u00e4ss\u00e4 versiossa ei ole Millionaire Makeria, mik\u00e4 pit\u00e4\u00e4 lipun hinnan alempana ja pelin yksinkertaisempana. Britannian versio on ostettavissa erikseen.<\/p>\n<h2 data-start=\"2110\" data-end=\"2135\">Mist\u00e4 liput ostetaan?<\/h2>\n<p data-start=\"2137\" data-end=\"2317\">Kaikki RedFoxLottoon tehdyt EuroMillions EU -liput ostetaan fyysisesti It\u00e4vallassa. T\u00e4m\u00e4 Keski-Euroopan maa on virallinen osallistuja ja tarjoaa k\u00e4tev\u00e4n pohjan lippujen ostamiseen.<\/p>\n<h2 data-start=\"2319\" data-end=\"2344\">Miksi juuri It\u00e4valta?<\/h2>\n<p data-start=\"2346\" data-end=\"2494\">It\u00e4valta kuuluu EU:hun, joten se tarjoaa p\u00e4\u00e4syn alkuper\u00e4iseen EuroMillions EU -arvontaan. Liput ovat tiukan s\u00e4\u00e4ntelyn alaisia ja t\u00e4ysin l\u00e4pin\u00e4kyvi\u00e4.<\/p>\n<p data-start=\"2496\" data-end=\"2703\">Voitot eiv\u00e4t t\u00e4ll\u00e4 hetkell\u00e4 ole verotettavia It\u00e4vallassa \u2013 suuri etu ulkomaisille pelaajille. Heti kun lippusi ostetaan, sen skannattu versio lis\u00e4t\u00e4\u00e4n tilillesi, mik\u00e4 varmistaa omistajuutesi ja mielenrauhan.<\/p>\n<h2 data-start=\"2705\" data-end=\"2754\">Jackpot-tiedot: Minimim\u00e4\u00e4r\u00e4t ja maksimivoitot<\/h2>\n<p data-start=\"2756\" data-end=\"2873\">Yksi t\u00e4rkeimmist\u00e4 syist\u00e4, miksi ihmiset kaikkialta haluavat pelata EuroMillionsia verkossa, on j\u00e4ttim\u00e4iset jackpotit.<\/p>\n<p data-start=\"2875\" data-end=\"2890\">N\u00e4in se toimii:<\/p>\n<ul data-start=\"2892\" data-end=\"2978\">\n<li data-start=\"2892\" data-end=\"2930\">\n<p data-start=\"2894\" data-end=\"2930\">Pienin jackpot: 17 miljoonaa euroa<\/p>\n<\/li>\n<li data-start=\"2931\" data-end=\"2978\">\n<p data-start=\"2933\" data-end=\"2978\">Suurin jackpot (katto): 250 miljoonaa euroa<\/p>\n<\/li>\n<\/ul>\n<p data-start=\"2980\" data-end=\"3056\">Jos voittajaa ei ole, potti siirtyy seuraavaan arvontaan ja kasvaa nopeasti.<\/p>\n<h2 data-start=\"3058\" data-end=\"3117\">Mit\u00e4 tapahtuu, kun potti saavuttaa 200 miljoonaa euroa?<\/h2>\n<p data-start=\"3119\" data-end=\"3181\">Kun potti kohoaa 200 miljoonaan euroon, alkaa erityinen vaihe:<\/p>\n<ul data-start=\"3183\" data-end=\"3289\">\n<li data-start=\"3183\" data-end=\"3227\">\n<p data-start=\"3185\" data-end=\"3227\">Jackpot kasvaa 10 miljoonan euron eriss\u00e4<\/p>\n<\/li>\n<li data-start=\"3228\" data-end=\"3289\">\n<p data-start=\"3230\" data-end=\"3289\">T\u00e4m\u00e4 jatkuu, kunnes 250 miljoonan euron katto saavutetaan<\/p>\n<\/li>\n<\/ul>\n<h2 data-start=\"3291\" data-end=\"3332\">Mit\u00e4 tapahtuu, kun katto saavutetaan?<\/h2>\n<p data-start=\"3334\" data-end=\"3544\">Kun jackpot saavuttaa 250 miljoonaa euroa, se voi pysy\u00e4 t\u00e4ss\u00e4 arvossa enint\u00e4\u00e4n nelj\u00e4 arvontaa. Jos edelleen ei ole voittajaa, potti jaetaan seuraavalle voittotason osallistujille \u2013 rahat eiv\u00e4t j\u00e4\u00e4 lunastamatta.<\/p>\n<p data-start=\"3546\" data-end=\"3670\">N\u00e4m\u00e4 s\u00e4\u00e4nn\u00f6t tekev\u00e4t EuroMillions EU:sta (It\u00e4valta) yhden maailman j\u00e4nnitt\u00e4vimmist\u00e4 ja pelaajayst\u00e4v\u00e4llisimmist\u00e4 loterioista.<\/p>\n<h2 data-start=\"3672\" data-end=\"3727\">Miksi pelata EuroMillions EU:ta (It\u00e4valta) verkossa<\/h2>\n<p data-start=\"3729\" data-end=\"3772\">T\u00e4ss\u00e4 muutamia hyvi\u00e4 syit\u00e4 pelata verkossa:<\/p>\n<ul data-start=\"3774\" data-end=\"4072\">\n<li data-start=\"3774\" data-end=\"3854\">\n<p data-start=\"3776\" data-end=\"3854\">Maailmanlaajuinen osallistuminen: Kuka tahansa voi osallistua, mist\u00e4 tahansa<\/p>\n<\/li>\n<li data-start=\"3855\" data-end=\"3912\">\n<p data-start=\"3857\" data-end=\"3912\">Mukavuus: Osta lippusi milloin tahansa, miss\u00e4 tahansa<\/p>\n<\/li>\n<li data-start=\"3913\" data-end=\"3945\">\n<p data-start=\"3915\" data-end=\"3945\">Digitaalinen todiste lipusta<\/p>\n<\/li>\n<li data-start=\"3946\" data-end=\"4020\">\n<p data-start=\"3948\" data-end=\"4020\">Verohy\u00f6dyt: Voitot ovat verottomia tietyiss\u00e4 maissa, kuten It\u00e4vallassa<\/p>\n<\/li>\n<li data-start=\"4021\" data-end=\"4072\">\n<p data-start=\"4023\" data-end=\"4072\">Massiiviset jackpotit: Jopa 250 miljoonaa euroa<\/p>\n<\/li>\n<\/ul>\n<h2 data-start=\"4074\" data-end=\"4085\">Lopuksi<\/h2>\n<p data-start=\"4087\" data-end=\"4296\">Sinun ei tarvitse asua Ranskassa, Espanjassa tai Portugalissa osallistuaksesi EuroMillions EU:hun (It\u00e4valta). Nykyajan internet-maailmassa voit pelata my\u00f6s EU:n ulkopuolelta ja tavoitella valtavaa j\u00e4ttipottia.<\/p>\n<p data-start=\"4298\" data-end=\"4509\">Olitpa matkalla Euroopan seuraavaksi miljon\u00e4\u00e4riksi tai vain nautit pelist\u00e4, RedFoxLotto.com tekee osallistumisesta helppoa. Valitse onnennumerosi ja pelaa verkossa jo t\u00e4n\u00e4\u00e4n \u2013 seuraava j\u00e4ttipotti voi olla sinun.<\/p>\n","protected":false},"excerpt":{"rendered":"<p>Johdanto: Mik\u00e4 on EuroMillions EU (It\u00e4valta)? EuroMillions EU (It\u00e4valta) on yksi Euroopan suosituimmista ja varakkaimmista lotton peleist\u00e4. Se lanseerattiin ensimm\u00e4isen kerran vuonna 2004, ja sit\u00e4 pelataan virallisesti yhdeks\u00e4ss\u00e4 Euroopan maassa: Ranskassa, Espanjassa, It\u00e4vallassa, Belgiassa, Irlannissa, Luxemburgissa, Portugalissa, Sveitsiss\u00e4 ja Andorrassa. Ent\u00e4 jos et asu Euroopassa tai maassa, jossa EuroMillionsia pelataan? Voitko silti osallistua ja tavoitella [&hellip;]<\/p>\n","protected":false},"author":8,"featured_media":0,"parent":30900,"menu_order":4,"comment_status":"closed","ping_status":"closed","template":"euromillions-at.php","meta":{"_et_pb_use_builder":"","_et_pb_old_content":"","_et_gb_content_width":"","exclude_from_search":false,"footnotes":""},"class_list":["post-87580","page","type-page","status-publish","hentry"],"yoast_head":"<!-- This site is optimized with the Yoast SEO plugin v23.8 - https:\/\/yoast.com\/wordpress\/plugins\/seo\/ -->\n<title>Pelaa Euromillionsia verkossa EU:n ulkopuolelta k\u00e4sin<\/title>\n<meta name=\"description\" content=\"Miten pelata Euromillionsia verkossa EU:n ulkopuolelta tai jos maasi ei osallistu Euromillions-tapahtumaan?\" \/>\n<meta name=\"robots\" content=\"index, follow, max-snippet:-1, max-image-preview:large, max-video-preview:-1\" \/>\n<link rel=\"canonical\" href=\"https:\/\/redfoxlotto.com\/fi\/pelaa-lottoa-netissa\/euromillions-eu\/\" \/>\n<meta property=\"og:locale\" content=\"fi_FI\" \/>\n<meta property=\"og:type\" content=\"article\" \/>\n<meta property=\"og:title\" content=\"Pelaa Euromillionsia verkossa EU:n ulkopuolelta k\u00e4sin\" \/>\n<meta property=\"og:description\" content=\"Miten pelata Euromillionsia verkossa EU:n ulkopuolelta tai jos maasi ei osallistu Euromillions-tapahtumaan?\" \/>\n<meta property=\"og:url\" content=\"https:\/\/redfoxlotto.com\/fi\/pelaa-lottoa-netissa\/euromillions-eu\/\" \/>\n<meta property=\"og:site_name\" content=\"Get Tickets for the World\u2019s largest jackpots\" \/>\n<meta property=\"article:modified_time\" content=\"2025-12-17T06:38:49+00:00\" \/>\n<meta property=\"og:image\" content=\"https:\/\/redfoxlotto.com\/wp-content\/uploads\/2024\/03\/Balls-300x300.png\" \/>\n<meta name=\"twitter:card\" content=\"summary_large_image\" \/>\n<meta name=\"twitter:label1\" content=\"Arvioitu lukuaika\" \/>\n\t<meta name=\"twitter:data1\" content=\"3 minuuttia\" \/>\n<script type=\"application\/ld+json\" class=\"yoast-schema-graph\">{\"@context\":\"https:\/\/schema.org\",\"@graph\":[{\"@type\":\"WebPage\",\"@id\":\"https:\/\/redfoxlotto.com\/fi\/pelaa-lottoa-netissa\/euromillions-eu\/\",\"url\":\"https:\/\/redfoxlotto.com\/fi\/pelaa-lottoa-netissa\/euromillions-eu\/\",\"name\":\"Pelaa Euromillionsia verkossa EU:n ulkopuolelta k\u00e4sin\",\"isPartOf\":{\"@id\":\"https:\/\/redfoxlotto.com\/fi\/#website\"},\"primaryImageOfPage\":{\"@id\":\"https:\/\/redfoxlotto.com\/fi\/pelaa-lottoa-netissa\/euromillions-eu\/#primaryimage\"},\"image\":{\"@id\":\"https:\/\/redfoxlotto.com\/fi\/pelaa-lottoa-netissa\/euromillions-eu\/#primaryimage\"},\"thumbnailUrl\":\"https:\/\/redfoxlotto.com\/wp-content\/uploads\/2024\/03\/Balls-300x300.png\",\"datePublished\":\"2025-05-19T09:07:38+00:00\",\"dateModified\":\"2025-12-17T06:38:49+00:00\",\"description\":\"Miten pelata Euromillionsia verkossa EU:n ulkopuolelta tai jos maasi ei osallistu Euromillions-tapahtumaan?\",\"breadcrumb\":{\"@id\":\"https:\/\/redfoxlotto.com\/fi\/pelaa-lottoa-netissa\/euromillions-eu\/#breadcrumb\"},\"inLanguage\":\"fi\",\"potentialAction\":[{\"@type\":\"ReadAction\",\"target\":[\"https:\/\/redfoxlotto.com\/fi\/pelaa-lottoa-netissa\/euromillions-eu\/\"]}]},{\"@type\":\"ImageObject\",\"inLanguage\":\"fi\",\"@id\":\"https:\/\/redfoxlotto.com\/fi\/pelaa-lottoa-netissa\/euromillions-eu\/#primaryimage\",\"url\":\"https:\/\/redfoxlotto.com\/wp-content\/uploads\/2024\/03\/Balls-300x300.png\",\"contentUrl\":\"https:\/\/redfoxlotto.com\/wp-content\/uploads\/2024\/03\/Balls-300x300.png\"},{\"@type\":\"BreadcrumbList\",\"@id\":\"https:\/\/redfoxlotto.com\/fi\/pelaa-lottoa-netissa\/euromillions-eu\/#breadcrumb\",\"itemListElement\":[{\"@type\":\"ListItem\",\"position\":1,\"name\":\"Home\",\"item\":\"https:\/\/redfoxlotto.com\/fi\/\"},{\"@type\":\"ListItem\",\"position\":2,\"name\":\"Kuinka pelata muiden maiden lottoja\",\"item\":\"https:\/\/redfoxlotto.com\/fi\/pelaa-lottoa-netissa\/\"},{\"@type\":\"ListItem\",\"position\":3,\"name\":\"Pelaa Euromillions EU\"}]},{\"@type\":\"WebSite\",\"@id\":\"https:\/\/redfoxlotto.com\/fi\/#website\",\"url\":\"https:\/\/redfoxlotto.com\/fi\/\",\"name\":\"Get Tickets for the World\u2019s largest jackpots\",\"description\":\"Participate in worldwide lottery jackpots from any country\",\"publisher\":{\"@id\":\"https:\/\/redfoxlotto.com\/fi\/#organization\"},\"potentialAction\":[{\"@type\":\"SearchAction\",\"target\":{\"@type\":\"EntryPoint\",\"urlTemplate\":\"https:\/\/redfoxlotto.com\/fi\/?s={search_term_string}\"},\"query-input\":{\"@type\":\"PropertyValueSpecification\",\"valueRequired\":true,\"valueName\":\"search_term_string\"}}],\"inLanguage\":\"fi\"},{\"@type\":\"Organization\",\"@id\":\"https:\/\/redfoxlotto.com\/fi\/#organization\",\"name\":\"Get Tickets for the World\u2019s largest jackpots\",\"url\":\"https:\/\/redfoxlotto.com\/fi\/\",\"logo\":{\"@type\":\"ImageObject\",\"inLanguage\":\"fi\",\"@id\":\"https:\/\/redfoxlotto.com\/fi\/#\/schema\/logo\/image\/\",\"url\":\"https:\/\/redfoxlotto.com\/wp-content\/uploads\/2023\/04\/logo.png\",\"contentUrl\":\"https:\/\/redfoxlotto.com\/wp-content\/uploads\/2023\/04\/logo.png\",\"width\":269,\"height\":53,\"caption\":\"Get Tickets for the World\u2019s largest jackpots\"},\"image\":{\"@id\":\"https:\/\/redfoxlotto.com\/fi\/#\/schema\/logo\/image\/\"}}]}<\/script>\n<!-- \/ Yoast SEO plugin. -->","yoast_head_json":{"title":"Pelaa Euromillionsia verkossa EU:n ulkopuolelta k\u00e4sin","description":"Miten pelata Euromillionsia verkossa EU:n ulkopuolelta tai jos maasi ei osallistu Euromillions-tapahtumaan?","robots":{"index":"index","follow":"follow","max-snippet":"max-snippet:-1","max-image-preview":"max-image-preview:large","max-video-preview":"max-video-preview:-1"},"canonical":"https:\/\/redfoxlotto.com\/fi\/pelaa-lottoa-netissa\/euromillions-eu\/","og_locale":"fi_FI","og_type":"article","og_title":"Pelaa Euromillionsia verkossa EU:n ulkopuolelta k\u00e4sin","og_description":"Miten pelata Euromillionsia verkossa EU:n ulkopuolelta tai jos maasi ei osallistu Euromillions-tapahtumaan?","og_url":"https:\/\/redfoxlotto.com\/fi\/pelaa-lottoa-netissa\/euromillions-eu\/","og_site_name":"Get Tickets for the World\u2019s largest jackpots","article_modified_time":"2025-12-17T06:38:49+00:00","og_image":[{"url":"https:\/\/redfoxlotto.com\/wp-content\/uploads\/2024\/03\/Balls-300x300.png"}],"twitter_card":"summary_large_image","twitter_misc":{"Arvioitu lukuaika":"3 minuuttia"},"schema":{"@context":"https:\/\/schema.org","@graph":[{"@type":"WebPage","@id":"https:\/\/redfoxlotto.com\/fi\/pelaa-lottoa-netissa\/euromillions-eu\/","url":"https:\/\/redfoxlotto.com\/fi\/pelaa-lottoa-netissa\/euromillions-eu\/","name":"Pelaa Euromillionsia verkossa EU:n ulkopuolelta k\u00e4sin","isPartOf":{"@id":"https:\/\/redfoxlotto.com\/fi\/#website"},"primaryImageOfPage":{"@id":"https:\/\/redfoxlotto.com\/fi\/pelaa-lottoa-netissa\/euromillions-eu\/#primaryimage"},"image":{"@id":"https:\/\/redfoxlotto.com\/fi\/pelaa-lottoa-netissa\/euromillions-eu\/#primaryimage"},"thumbnailUrl":"https:\/\/redfoxlotto.com\/wp-content\/uploads\/2024\/03\/Balls-300x300.png","datePublished":"2025-05-19T09:07:38+00:00","dateModified":"2025-12-17T06:38:49+00:00","description":"Miten pelata Euromillionsia verkossa EU:n ulkopuolelta tai jos maasi ei osallistu Euromillions-tapahtumaan?","breadcrumb":{"@id":"https:\/\/redfoxlotto.com\/fi\/pelaa-lottoa-netissa\/euromillions-eu\/#breadcrumb"},"inLanguage":"fi","potentialAction":[{"@type":"ReadAction","target":["https:\/\/redfoxlotto.com\/fi\/pelaa-lottoa-netissa\/euromillions-eu\/"]}]},{"@type":"ImageObject","inLanguage":"fi","@id":"https:\/\/redfoxlotto.com\/fi\/pelaa-lottoa-netissa\/euromillions-eu\/#primaryimage","url":"https:\/\/redfoxlotto.com\/wp-content\/uploads\/2024\/03\/Balls-300x300.png","contentUrl":"https:\/\/redfoxlotto.com\/wp-content\/uploads\/2024\/03\/Balls-300x300.png"},{"@type":"BreadcrumbList","@id":"https:\/\/redfoxlotto.com\/fi\/pelaa-lottoa-netissa\/euromillions-eu\/#breadcrumb","itemListElement":[{"@type":"ListItem","position":1,"name":"Home","item":"https:\/\/redfoxlotto.com\/fi\/"},{"@type":"ListItem","position":2,"name":"Kuinka pelata muiden maiden lottoja","item":"https:\/\/redfoxlotto.com\/fi\/pelaa-lottoa-netissa\/"},{"@type":"ListItem","position":3,"name":"Pelaa Euromillions EU"}]},{"@type":"WebSite","@id":"https:\/\/redfoxlotto.com\/fi\/#website","url":"https:\/\/redfoxlotto.com\/fi\/","name":"Get Tickets for the World\u2019s largest jackpots","description":"Participate in worldwide lottery jackpots from any country","publisher":{"@id":"https:\/\/redfoxlotto.com\/fi\/#organization"},"potentialAction":[{"@type":"SearchAction","target":{"@type":"EntryPoint","urlTemplate":"https:\/\/redfoxlotto.com\/fi\/?s={search_term_string}"},"query-input":{"@type":"PropertyValueSpecification","valueRequired":true,"valueName":"search_term_string"}}],"inLanguage":"fi"},{"@type":"Organization","@id":"https:\/\/redfoxlotto.com\/fi\/#organization","name":"Get Tickets for the World\u2019s largest jackpots","url":"https:\/\/redfoxlotto.com\/fi\/","logo":{"@type":"ImageObject","inLanguage":"fi","@id":"https:\/\/redfoxlotto.com\/fi\/#\/schema\/logo\/image\/","url":"https:\/\/redfoxlotto.com\/wp-content\/uploads\/2023\/04\/logo.png","contentUrl":"https:\/\/redfoxlotto.com\/wp-content\/uploads\/2023\/04\/logo.png","width":269,"height":53,"caption":"Get Tickets for the World\u2019s largest jackpots"},"image":{"@id":"https:\/\/redfoxlotto.com\/fi\/#\/schema\/logo\/image\/"}}]}},"_links":{"self":[{"href":"https:\/\/redfoxlotto.com\/fi\/wp-json\/wp\/v2\/pages\/87580","targetHints":{"allow":["GET"]}}],"collection":[{"href":"https:\/\/redfoxlotto.com\/fi\/wp-json\/wp\/v2\/pages"}],"about":[{"href":"https:\/\/redfoxlotto.com\/fi\/wp-json\/wp\/v2\/types\/page"}],"author":[{"embeddable":true,"href":"https:\/\/redfoxlotto.com\/fi\/wp-json\/wp\/v2\/users\/8"}],"replies":[{"embeddable":true,"href":"https:\/\/redfoxlotto.com\/fi\/wp-json\/wp\/v2\/comments?post=87580"}],"version-history":[{"count":0,"href":"https:\/\/redfoxlotto.com\/fi\/wp-json\/wp\/v2\/pages\/87580\/revisions"}],"up":[{"embeddable":true,"href":"https:\/\/redfoxlotto.com\/fi\/wp-json\/wp\/v2\/pages\/30900"}],"wp:attachment":[{"href":"https:\/\/redfoxlotto.com\/fi\/wp-json\/wp\/v2\/media?parent=87580"}],"curies":[{"name":"wp","href":"https:\/\/api.w.org\/{rel}","templated":true}]}}