{"id":86843,"date":"2025-02-12T11:18:17","date_gmt":"2025-02-12T11:18:17","guid":{"rendered":"https:\/\/redfoxlotto.com\/?page_id=86843"},"modified":"2025-05-15T05:30:57","modified_gmt":"2025-05-15T05:30:57","slug":"diamond-keno-10m","status":"publish","type":"page","link":"https:\/\/redfoxlotto.com\/fi\/keno\/diamond-keno-10m\/","title":{"rendered":"Diamond Keno 10m"},"content":{"rendered":"<h2>Nettikenno ei voi olla suurempaa ja parempaa kuin t\u00e4m\u00e4 &#8211; pelaa Kenoa 10 miljoonan euron voitosta!<\/h2>\n<p>T\u00e4m\u00e4 on suurin ja suosituin Keno-lottopelimme. Jos etsit parasta verkossa pelattavaa Keno-peli\u00e4, olet tullut oikeaan paikkaan. T\u00e4ss\u00e4 Keno-peliss\u00e4 arvonta suoritetaan 20 minuutin v\u00e4lein, joten sinun ei tarvitse odottaa pitk\u00e4\u00e4n saadaksesi tiet\u00e4\u00e4, onko lippusi voittanut.<\/p>\n","protected":false},"excerpt":{"rendered":"<p>Nettikenno ei voi olla suurempaa ja parempaa kuin t\u00e4m\u00e4 &#8211; pelaa Kenoa 10 miljoonan euron voitosta! T\u00e4m\u00e4 on suurin ja suosituin Keno-lottopelimme. Jos etsit parasta verkossa pelattavaa Keno-peli\u00e4, olet tullut oikeaan paikkaan. T\u00e4ss\u00e4 Keno-peliss\u00e4 arvonta suoritetaan 20 minuutin v\u00e4lein, joten sinun ei tarvitse odottaa pitk\u00e4\u00e4n saadaksesi tiet\u00e4\u00e4, onko lippusi voittanut.<\/p>\n","protected":false},"author":8,"featured_media":0,"parent":84389,"menu_order":1,"comment_status":"closed","ping_status":"closed","template":"","meta":{"_et_pb_use_builder":"","_et_pb_old_content":"","_et_gb_content_width":"","exclude_from_search":false,"footnotes":""},"class_list":["post-86843","page","type-page","status-publish","hentry"],"yoast_head":"<!-- This site is optimized with the Yoast SEO plugin v23.8 - https:\/\/yoast.com\/wordpress\/plugins\/seo\/ -->\n<title>Parhaat online-kenopelit - 10 miljoonan euron Keno<\/title>\n<meta name=\"description\" content=\"T\u00e4\u00e4lt\u00e4 l\u00f6yd\u00e4t parhaat nettikenopelit, joiden huippupalkinnot ovat jopa 10 miljoonaa euroa. \u00c4l\u00e4 koskaan joudu odottamaan liian kauan seuraavaa online-keno-arvontaan!\" \/>\n<meta name=\"robots\" content=\"index, follow, max-snippet:-1, max-image-preview:large, max-video-preview:-1\" \/>\n<link rel=\"canonical\" href=\"https:\/\/redfoxlotto.com\/fi\/keno\/diamond-keno-10m\/\" \/>\n<meta property=\"og:locale\" content=\"fi_FI\" \/>\n<meta property=\"og:type\" content=\"article\" \/>\n<meta property=\"og:title\" content=\"Parhaat online-kenopelit - 10 miljoonan euron Keno\" \/>\n<meta property=\"og:description\" content=\"T\u00e4\u00e4lt\u00e4 l\u00f6yd\u00e4t parhaat nettikenopelit, joiden huippupalkinnot ovat jopa 10 miljoonaa euroa. \u00c4l\u00e4 koskaan joudu odottamaan liian kauan seuraavaa online-keno-arvontaan!\" \/>\n<meta property=\"og:url\" content=\"https:\/\/redfoxlotto.com\/fi\/keno\/diamond-keno-10m\/\" \/>\n<meta property=\"og:site_name\" content=\"Get Tickets for the World\u2019s largest jackpots\" \/>\n<meta property=\"article:modified_time\" content=\"2025-05-15T05:30:57+00:00\" \/>\n<meta name=\"twitter:card\" content=\"summary_large_image\" \/>\n<meta name=\"twitter:label1\" content=\"Arvioitu lukuaika\" \/>\n\t<meta name=\"twitter:data1\" content=\"1 minuutti\" \/>\n<script type=\"application\/ld+json\" class=\"yoast-schema-graph\">{\"@context\":\"https:\/\/schema.org\",\"@graph\":[{\"@type\":\"WebPage\",\"@id\":\"https:\/\/redfoxlotto.com\/fi\/keno\/diamond-keno-10m\/\",\"url\":\"https:\/\/redfoxlotto.com\/fi\/keno\/diamond-keno-10m\/\",\"name\":\"Parhaat online-kenopelit - 10 miljoonan euron Keno\",\"isPartOf\":{\"@id\":\"https:\/\/redfoxlotto.com\/fi\/#website\"},\"datePublished\":\"2025-02-12T11:18:17+00:00\",\"dateModified\":\"2025-05-15T05:30:57+00:00\",\"description\":\"T\u00e4\u00e4lt\u00e4 l\u00f6yd\u00e4t parhaat nettikenopelit, joiden huippupalkinnot ovat jopa 10 miljoonaa euroa. \u00c4l\u00e4 koskaan joudu odottamaan liian kauan seuraavaa online-keno-arvontaan!\",\"breadcrumb\":{\"@id\":\"https:\/\/redfoxlotto.com\/fi\/keno\/diamond-keno-10m\/#breadcrumb\"},\"inLanguage\":\"fi\",\"potentialAction\":[{\"@type\":\"ReadAction\",\"target\":[\"https:\/\/redfoxlotto.com\/fi\/keno\/diamond-keno-10m\/\"]}]},{\"@type\":\"BreadcrumbList\",\"@id\":\"https:\/\/redfoxlotto.com\/fi\/keno\/diamond-keno-10m\/#breadcrumb\",\"itemListElement\":[{\"@type\":\"ListItem\",\"position\":1,\"name\":\"Home\",\"item\":\"https:\/\/redfoxlotto.com\/fi\/\"},{\"@type\":\"ListItem\",\"position\":2,\"name\":\"Keno\",\"item\":\"https:\/\/redfoxlotto.com\/fi\/keno\/\"},{\"@type\":\"ListItem\",\"position\":3,\"name\":\"Diamond Keno 10m\"}]},{\"@type\":\"WebSite\",\"@id\":\"https:\/\/redfoxlotto.com\/fi\/#website\",\"url\":\"https:\/\/redfoxlotto.com\/fi\/\",\"name\":\"Get Tickets for the World\u2019s largest jackpots\",\"description\":\"Participate in worldwide lottery jackpots from any country\",\"publisher\":{\"@id\":\"https:\/\/redfoxlotto.com\/fi\/#organization\"},\"potentialAction\":[{\"@type\":\"SearchAction\",\"target\":{\"@type\":\"EntryPoint\",\"urlTemplate\":\"https:\/\/redfoxlotto.com\/fi\/?s={search_term_string}\"},\"query-input\":{\"@type\":\"PropertyValueSpecification\",\"valueRequired\":true,\"valueName\":\"search_term_string\"}}],\"inLanguage\":\"fi\"},{\"@type\":\"Organization\",\"@id\":\"https:\/\/redfoxlotto.com\/fi\/#organization\",\"name\":\"Get Tickets for the World\u2019s largest jackpots\",\"url\":\"https:\/\/redfoxlotto.com\/fi\/\",\"logo\":{\"@type\":\"ImageObject\",\"inLanguage\":\"fi\",\"@id\":\"https:\/\/redfoxlotto.com\/fi\/#\/schema\/logo\/image\/\",\"url\":\"https:\/\/redfoxlotto.com\/wp-content\/uploads\/2023\/04\/logo.png\",\"contentUrl\":\"https:\/\/redfoxlotto.com\/wp-content\/uploads\/2023\/04\/logo.png\",\"width\":269,\"height\":53,\"caption\":\"Get Tickets for the World\u2019s largest jackpots\"},\"image\":{\"@id\":\"https:\/\/redfoxlotto.com\/fi\/#\/schema\/logo\/image\/\"}}]}<\/script>\n<!-- \/ Yoast SEO plugin. -->","yoast_head_json":{"title":"Parhaat online-kenopelit - 10 miljoonan euron Keno","description":"T\u00e4\u00e4lt\u00e4 l\u00f6yd\u00e4t parhaat nettikenopelit, joiden huippupalkinnot ovat jopa 10 miljoonaa euroa. \u00c4l\u00e4 koskaan joudu odottamaan liian kauan seuraavaa online-keno-arvontaan!","robots":{"index":"index","follow":"follow","max-snippet":"max-snippet:-1","max-image-preview":"max-image-preview:large","max-video-preview":"max-video-preview:-1"},"canonical":"https:\/\/redfoxlotto.com\/fi\/keno\/diamond-keno-10m\/","og_locale":"fi_FI","og_type":"article","og_title":"Parhaat online-kenopelit - 10 miljoonan euron Keno","og_description":"T\u00e4\u00e4lt\u00e4 l\u00f6yd\u00e4t parhaat nettikenopelit, joiden huippupalkinnot ovat jopa 10 miljoonaa euroa. \u00c4l\u00e4 koskaan joudu odottamaan liian kauan seuraavaa online-keno-arvontaan!","og_url":"https:\/\/redfoxlotto.com\/fi\/keno\/diamond-keno-10m\/","og_site_name":"Get Tickets for the World\u2019s largest jackpots","article_modified_time":"2025-05-15T05:30:57+00:00","twitter_card":"summary_large_image","twitter_misc":{"Arvioitu lukuaika":"1 minuutti"},"schema":{"@context":"https:\/\/schema.org","@graph":[{"@type":"WebPage","@id":"https:\/\/redfoxlotto.com\/fi\/keno\/diamond-keno-10m\/","url":"https:\/\/redfoxlotto.com\/fi\/keno\/diamond-keno-10m\/","name":"Parhaat online-kenopelit - 10 miljoonan euron Keno","isPartOf":{"@id":"https:\/\/redfoxlotto.com\/fi\/#website"},"datePublished":"2025-02-12T11:18:17+00:00","dateModified":"2025-05-15T05:30:57+00:00","description":"T\u00e4\u00e4lt\u00e4 l\u00f6yd\u00e4t parhaat nettikenopelit, joiden huippupalkinnot ovat jopa 10 miljoonaa euroa. \u00c4l\u00e4 koskaan joudu odottamaan liian kauan seuraavaa online-keno-arvontaan!","breadcrumb":{"@id":"https:\/\/redfoxlotto.com\/fi\/keno\/diamond-keno-10m\/#breadcrumb"},"inLanguage":"fi","potentialAction":[{"@type":"ReadAction","target":["https:\/\/redfoxlotto.com\/fi\/keno\/diamond-keno-10m\/"]}]},{"@type":"BreadcrumbList","@id":"https:\/\/redfoxlotto.com\/fi\/keno\/diamond-keno-10m\/#breadcrumb","itemListElement":[{"@type":"ListItem","position":1,"name":"Home","item":"https:\/\/redfoxlotto.com\/fi\/"},{"@type":"ListItem","position":2,"name":"Keno","item":"https:\/\/redfoxlotto.com\/fi\/keno\/"},{"@type":"ListItem","position":3,"name":"Diamond Keno 10m"}]},{"@type":"WebSite","@id":"https:\/\/redfoxlotto.com\/fi\/#website","url":"https:\/\/redfoxlotto.com\/fi\/","name":"Get Tickets for the World\u2019s largest jackpots","description":"Participate in worldwide lottery jackpots from any country","publisher":{"@id":"https:\/\/redfoxlotto.com\/fi\/#organization"},"potentialAction":[{"@type":"SearchAction","target":{"@type":"EntryPoint","urlTemplate":"https:\/\/redfoxlotto.com\/fi\/?s={search_term_string}"},"query-input":{"@type":"PropertyValueSpecification","valueRequired":true,"valueName":"search_term_string"}}],"inLanguage":"fi"},{"@type":"Organization","@id":"https:\/\/redfoxlotto.com\/fi\/#organization","name":"Get Tickets for the World\u2019s largest jackpots","url":"https:\/\/redfoxlotto.com\/fi\/","logo":{"@type":"ImageObject","inLanguage":"fi","@id":"https:\/\/redfoxlotto.com\/fi\/#\/schema\/logo\/image\/","url":"https:\/\/redfoxlotto.com\/wp-content\/uploads\/2023\/04\/logo.png","contentUrl":"https:\/\/redfoxlotto.com\/wp-content\/uploads\/2023\/04\/logo.png","width":269,"height":53,"caption":"Get Tickets for the World\u2019s largest jackpots"},"image":{"@id":"https:\/\/redfoxlotto.com\/fi\/#\/schema\/logo\/image\/"}}]}},"_links":{"self":[{"href":"https:\/\/redfoxlotto.com\/fi\/wp-json\/wp\/v2\/pages\/86843","targetHints":{"allow":["GET"]}}],"collection":[{"href":"https:\/\/redfoxlotto.com\/fi\/wp-json\/wp\/v2\/pages"}],"about":[{"href":"https:\/\/redfoxlotto.com\/fi\/wp-json\/wp\/v2\/types\/page"}],"author":[{"embeddable":true,"href":"https:\/\/redfoxlotto.com\/fi\/wp-json\/wp\/v2\/users\/8"}],"replies":[{"embeddable":true,"href":"https:\/\/redfoxlotto.com\/fi\/wp-json\/wp\/v2\/comments?post=86843"}],"version-history":[{"count":0,"href":"https:\/\/redfoxlotto.com\/fi\/wp-json\/wp\/v2\/pages\/86843\/revisions"}],"up":[{"embeddable":true,"href":"https:\/\/redfoxlotto.com\/fi\/wp-json\/wp\/v2\/pages\/84389"}],"wp:attachment":[{"href":"https:\/\/redfoxlotto.com\/fi\/wp-json\/wp\/v2\/media?parent=86843"}],"curies":[{"name":"wp","href":"https:\/\/api.w.org\/{rel}","templated":true}]}}