{"id":85474,"date":"2025-02-25T17:25:31","date_gmt":"2025-02-25T17:25:31","guid":{"rendered":"https:\/\/redfoxlotto.com\/?page_id=85474"},"modified":"2025-04-21T06:40:41","modified_gmt":"2025-04-21T06:40:41","slug":"tietoja-new-yorkin-lottery","status":"publish","type":"page","link":"https:\/\/redfoxlotto.com\/fi\/lotteries\/tietoja-new-yorkin-lottery\/","title":{"rendered":"Tietoja New Yorkin Lottery"},"content":{"rendered":"<h2>Miten ostaa New York arpajaiset<\/h2>\n<p>Opas ostaa lippuja New York Lottery RedFoxLotto:<\/p>\n<p>Kun pelaat New Yorkin lottoa, oletko koskaan haaveillut voittavasi j\u00e4ttipotin, joka voisi muuttaa el\u00e4m\u00e4si t\u00e4ysin? Osallistuminen kansainv\u00e4lisiin arpajaisiin, kuten New Yorkin lottoon, ei ole koskaan ollut yksinkertaisempaa kuin RedFoxLotto, vaikka sijaitsisitkin Yhdysvaltojen ulkopuolella.<\/p>\n<p>T\u00e4m\u00e4n postauksen aikana opastamme sinut New Yorkin lottokuponkien ostoprosessin l\u00e4pi RedFoxLotosta muutamassa yksinkertaisessa vaiheessa.<\/p>\n<h2>RedFoxLotto: Mik\u00e4 se on?<\/h2>\n<p>Voit osallistua suuriin kansainv\u00e4lisiin arpajaisiin RedFoxLoton avulla, joka on hyv\u00e4maineinen online-arvontapalvelu. N\u00e4ihin arpajaisiin kuuluvat Powerball, Mega Millions, EuroMillions ja tietysti New York Lotto. He toimivat lipunl\u00e4hetyspalveluna, mik\u00e4 tarkoittaa, ett\u00e4 he ostavat puolestasi aidon lipun ja skannaavat sen sitten nimetylle verkkotilillesi.<\/p>\n<h3>RedFoxLotto: Vaiheittainen opas lippujen ostamiseen New Yorkin lotto-ohjelmaan.<\/h3>\n<p>1. Rekister\u00f6idy. Mene osoitteeseen RedFoxLotto.com ja aloita rekister\u00f6intiprosessi. Anna perustietosi, kuten nimesi, s\u00e4hk\u00f6postiosoitteesi ja maa, jossa t\u00e4ll\u00e4 hetkell\u00e4 asut, napsauttamalla \u201dSign Up\u201d -painiketta.<\/p>\n<p>2. Vahvista, ett\u00e4 tilisi on laillinen.<\/p>\n<p>L\u00f6yd\u00e4t vahvistuslinkin s\u00e4hk\u00f6postiisi, kun olet suorittanut rekister\u00f6itymisprosessin. Voit vahvistaa tilisi klikkaamalla sit\u00e4. Huolimatta siit\u00e4, ett\u00e4 t\u00e4m\u00e4 on yksinkertainen vaihe, se on v\u00e4ltt\u00e4m\u00e4t\u00f6n sek\u00e4 turvallisuuden ett\u00e4 mahdollisten tulevien voittojen kannalta.<\/p>\n<p>3. Tutki arpajaisia<\/p>\n<p>Kun olet onnistuneesti liittynyt, siirry kotisivulle ja etsi New York Lotto saatavilla olevien arpajaisten luettelosta. Klikkaamalla sit\u00e4 saat lis\u00e4tietoja seuraavasta arvonnasta, j\u00e4ttipotin suuruudesta ja lippujen hinnasta.<\/p>\n<p>4. Tee numerovalinnat<\/p>\n<p>Teht\u00e4v\u00e4n\u00e4si on valita kuusi numeroa v\u00e4lilt\u00e4 yksi-kuusikymment\u00e4yhdeks\u00e4n. Voit valita ne manuaalisesti tai k\u00e4ytt\u00e4\u00e4 Quick Pick -vaihtoehtoa, jolloin RedFoxLotto luo satunnaisnumerot tyhj\u00e4st\u00e4 puolestasi.<\/p>\n<h2>Lis\u00e4\u00e4 ostoskoriin ja siirry maksamaan<\/h2>\n<p>Kun olet valinnut numerot, lis\u00e4\u00e4 lippusi ostoskoriin. Sen j\u00e4lkeen siirry kassalle. RedFoxLotto tukee useita maksutapoja, mukaan lukien seuraavat:<\/p>\n<ul>\n<li>Luotto- ja pankkikortit<\/li>\n<li>Pankkisiirto<\/li>\n<li>S\u00e4hk\u00f6iset lompakot, kuten Skrill<\/li>\n<li>Joillakin alueilla kryptovaluutta on laajalti k\u00e4yt\u00f6ss\u00e4.<\/li>\n<\/ul>\n<h2>Vahvistus &amp; lippujen skanneri<\/h2>\n<p>Heti kun rahasi on k\u00e4sitelty, RedFoxLotto l\u00e4hett\u00e4\u00e4 yhden paikallisista edustajistaan Yhdysvaltoihin ostamaan aidon New Yorkin lottokupongin valitsemillasi numeroilla. Todisteeksi ostosta tilillesi l\u00e4hetet\u00e4\u00e4n skannattu lippu.<\/p>\n<h2>Mit\u00e4 tapahtuu, jos onnistut?<\/h2>\n<h3>Jos sy\u00f6tt\u00e4mill\u00e4si numeroilla voitat palkinnon:<\/h3>\n<p>RedFoxLotto-tilillesi hyvitet\u00e4\u00e4n v\u00e4litt\u00f6m\u00e4sti kaikki voitot, jotka ovat pienist\u00e4 keskisuuriin. Kun olet voittanut suuren j\u00e4ttipotin, RedFoxLoton tiimi opastaa sinua palkintosi lunastamiseen tarvittavissa vaiheissa. Matkasi Yhdysvaltoihin voi olla tarpeen, riippuen summasta ja osavaltion m\u00e4\u00e4r\u00e4yksist\u00e4.<\/p>\n<h2>Mik\u00e4 on laki?<\/h2>\n<p>Todellakin. RedFoxLotto ei ole arpajaisten toimittaja, vaan se hallinnoi arpojen jakelua. Ostat oikean fyysisen lipun valtuutetun edustajan kautta, mik\u00e4 takaa, ett\u00e4 kaikki on laillista ja l\u00e4pin\u00e4kyv\u00e4\u00e4, vaikka pelaisitkin eri maasta k\u00e4sin.<\/p>\n<h2>Huomautuksia lopuksi<\/h2>\n<p>Ei ole en\u00e4\u00e4 haave, ett\u00e4 voit ostaa New Yorkin lottokuponkeja mist\u00e4 p\u00e4in maailmaa tahansa. Se on helppoa, turvallista ja saatavilla RedFoxLoton avulla. Voit olla mukana miljoonien dollareiden arvonnassa vain muutamalla klikkauksella, eik\u00e4 sinun tarvitse edes nousta autostasi New Yorkiin.<\/p>\n<p>Miksi sitten pit\u00e4isi odottaa? Rekister\u00f6idy heti, valitse onnennumerosi ja valmistaudu tavoittelemaan j\u00e4ttipottia!<\/p>\n","protected":false},"excerpt":{"rendered":"<p>Miten ostaa New York arpajaiset Opas ostaa lippuja New York Lottery RedFoxLotto: Kun pelaat New Yorkin lottoa, oletko koskaan haaveillut voittavasi j\u00e4ttipotin, joka voisi muuttaa el\u00e4m\u00e4si t\u00e4ysin? Osallistuminen kansainv\u00e4lisiin arpajaisiin, kuten New Yorkin lottoon, ei ole koskaan ollut yksinkertaisempaa kuin RedFoxLotto, vaikka sijaitsisitkin Yhdysvaltojen ulkopuolella. T\u00e4m\u00e4n postauksen aikana opastamme sinut New Yorkin lottokuponkien ostoprosessin l\u00e4pi [&hellip;]<\/p>\n","protected":false},"author":8,"featured_media":0,"parent":30960,"menu_order":18,"comment_status":"closed","ping_status":"closed","template":"newyork-info.php","meta":{"_et_pb_use_builder":"","_et_pb_old_content":"","_et_gb_content_width":"","exclude_from_search":false,"footnotes":""},"class_list":["post-85474","page","type-page","status-publish","hentry"],"yoast_head":"<!-- This site is optimized with the Yoast SEO plugin v27.3 - https:\/\/yoast.com\/product\/yoast-seo-wordpress\/ -->\n<title>Miten ostaa New Yorkin lottokuponkeja netist\u00e4 Yhdistyneest\u00e4 kuningaskunnasta k\u00e4sin?<\/title>\n<meta name=\"description\" content=\"Osta New Yorkin lottokuponkeja t\u00e4\u00e4lt\u00e4 - jopa Yhdistyneest\u00e4 kuningaskunnasta voit osallistua New Yorkin lottoon verkossa ja saada skannatun kupongin muutamassa minuutissa.\" \/>\n<meta name=\"robots\" content=\"index, follow, max-snippet:-1, max-image-preview:large, max-video-preview:-1\" \/>\n<link rel=\"canonical\" href=\"https:\/\/redfoxlotto.com\/fi\/lotteries\/tietoja-new-yorkin-lottery\/\" \/>\n<meta property=\"og:locale\" content=\"fi_FI\" \/>\n<meta property=\"og:type\" content=\"article\" \/>\n<meta property=\"og:title\" content=\"Miten ostaa New Yorkin lottokuponkeja netist\u00e4 Yhdistyneest\u00e4 kuningaskunnasta k\u00e4sin?\" \/>\n<meta property=\"og:description\" content=\"Osta New Yorkin lottokuponkeja t\u00e4\u00e4lt\u00e4 - jopa Yhdistyneest\u00e4 kuningaskunnasta voit osallistua New Yorkin lottoon verkossa ja saada skannatun kupongin muutamassa minuutissa.\" \/>\n<meta property=\"og:url\" content=\"https:\/\/redfoxlotto.com\/fi\/lotteries\/tietoja-new-yorkin-lottery\/\" \/>\n<meta property=\"og:site_name\" content=\"Get Tickets for the World\u2019s largest jackpots\" \/>\n<meta property=\"article:modified_time\" content=\"2025-04-21T06:40:41+00:00\" \/>\n<meta name=\"twitter:card\" content=\"summary_large_image\" \/>\n<meta name=\"twitter:label1\" content=\"Arvioitu lukuaika\" \/>\n\t<meta name=\"twitter:data1\" content=\"2 minuuttia\" \/>\n<script type=\"application\/ld+json\" class=\"yoast-schema-graph\">{\"@context\":\"https:\\\/\\\/schema.org\",\"@graph\":[{\"@type\":\"WebPage\",\"@id\":\"https:\\\/\\\/redfoxlotto.com\\\/fi\\\/lotteries\\\/tietoja-new-yorkin-lottery\\\/\",\"url\":\"https:\\\/\\\/redfoxlotto.com\\\/fi\\\/lotteries\\\/tietoja-new-yorkin-lottery\\\/\",\"name\":\"Miten ostaa New Yorkin lottokuponkeja netist\u00e4 Yhdistyneest\u00e4 kuningaskunnasta k\u00e4sin?\",\"isPartOf\":{\"@id\":\"https:\\\/\\\/redfoxlotto.com\\\/fi\\\/#website\"},\"datePublished\":\"2025-02-25T17:25:31+00:00\",\"dateModified\":\"2025-04-21T06:40:41+00:00\",\"description\":\"Osta New Yorkin lottokuponkeja t\u00e4\u00e4lt\u00e4 - jopa Yhdistyneest\u00e4 kuningaskunnasta voit osallistua New Yorkin lottoon verkossa ja saada skannatun kupongin muutamassa minuutissa.\",\"breadcrumb\":{\"@id\":\"https:\\\/\\\/redfoxlotto.com\\\/fi\\\/lotteries\\\/tietoja-new-yorkin-lottery\\\/#breadcrumb\"},\"inLanguage\":\"fi\",\"potentialAction\":[{\"@type\":\"ReadAction\",\"target\":[\"https:\\\/\\\/redfoxlotto.com\\\/fi\\\/lotteries\\\/tietoja-new-yorkin-lottery\\\/\"]}]},{\"@type\":\"BreadcrumbList\",\"@id\":\"https:\\\/\\\/redfoxlotto.com\\\/fi\\\/lotteries\\\/tietoja-new-yorkin-lottery\\\/#breadcrumb\",\"itemListElement\":[{\"@type\":\"ListItem\",\"position\":1,\"name\":\"Home\",\"item\":\"https:\\\/\\\/redfoxlotto.com\\\/fi\\\/\"},{\"@type\":\"ListItem\",\"position\":2,\"name\":\"Miten ostaa online arpoja &#8211; ostoprosessi\",\"item\":\"https:\\\/\\\/redfoxlotto.com\\\/fi\\\/lotteries\\\/\"},{\"@type\":\"ListItem\",\"position\":3,\"name\":\"Tietoja New Yorkin Lottery\"}]},{\"@type\":\"WebSite\",\"@id\":\"https:\\\/\\\/redfoxlotto.com\\\/fi\\\/#website\",\"url\":\"https:\\\/\\\/redfoxlotto.com\\\/fi\\\/\",\"name\":\"Get Tickets for the World\u2019s largest jackpots\",\"description\":\"Participate in worldwide lottery jackpots from any country\",\"publisher\":{\"@id\":\"https:\\\/\\\/redfoxlotto.com\\\/fi\\\/#organization\"},\"potentialAction\":[{\"@type\":\"SearchAction\",\"target\":{\"@type\":\"EntryPoint\",\"urlTemplate\":\"https:\\\/\\\/redfoxlotto.com\\\/fi\\\/?s={search_term_string}\"},\"query-input\":{\"@type\":\"PropertyValueSpecification\",\"valueRequired\":true,\"valueName\":\"search_term_string\"}}],\"inLanguage\":\"fi\"},{\"@type\":\"Organization\",\"@id\":\"https:\\\/\\\/redfoxlotto.com\\\/fi\\\/#organization\",\"name\":\"Get Tickets for the World\u2019s largest jackpots\",\"url\":\"https:\\\/\\\/redfoxlotto.com\\\/fi\\\/\",\"logo\":{\"@type\":\"ImageObject\",\"inLanguage\":\"fi\",\"@id\":\"https:\\\/\\\/redfoxlotto.com\\\/fi\\\/#\\\/schema\\\/logo\\\/image\\\/\",\"url\":\"https:\\\/\\\/redfoxlotto.com\\\/wp-content\\\/uploads\\\/2023\\\/04\\\/logo.png\",\"contentUrl\":\"https:\\\/\\\/redfoxlotto.com\\\/wp-content\\\/uploads\\\/2023\\\/04\\\/logo.png\",\"width\":269,\"height\":53,\"caption\":\"Get Tickets for the World\u2019s largest jackpots\"},\"image\":{\"@id\":\"https:\\\/\\\/redfoxlotto.com\\\/fi\\\/#\\\/schema\\\/logo\\\/image\\\/\"}}]}<\/script>\n<!-- \/ Yoast SEO plugin. -->","yoast_head_json":{"title":"Miten ostaa New Yorkin lottokuponkeja netist\u00e4 Yhdistyneest\u00e4 kuningaskunnasta k\u00e4sin?","description":"Osta New Yorkin lottokuponkeja t\u00e4\u00e4lt\u00e4 - jopa Yhdistyneest\u00e4 kuningaskunnasta voit osallistua New Yorkin lottoon verkossa ja saada skannatun kupongin muutamassa minuutissa.","robots":{"index":"index","follow":"follow","max-snippet":"max-snippet:-1","max-image-preview":"max-image-preview:large","max-video-preview":"max-video-preview:-1"},"canonical":"https:\/\/redfoxlotto.com\/fi\/lotteries\/tietoja-new-yorkin-lottery\/","og_locale":"fi_FI","og_type":"article","og_title":"Miten ostaa New Yorkin lottokuponkeja netist\u00e4 Yhdistyneest\u00e4 kuningaskunnasta k\u00e4sin?","og_description":"Osta New Yorkin lottokuponkeja t\u00e4\u00e4lt\u00e4 - jopa Yhdistyneest\u00e4 kuningaskunnasta voit osallistua New Yorkin lottoon verkossa ja saada skannatun kupongin muutamassa minuutissa.","og_url":"https:\/\/redfoxlotto.com\/fi\/lotteries\/tietoja-new-yorkin-lottery\/","og_site_name":"Get Tickets for the World\u2019s largest jackpots","article_modified_time":"2025-04-21T06:40:41+00:00","twitter_card":"summary_large_image","twitter_misc":{"Arvioitu lukuaika":"2 minuuttia"},"schema":{"@context":"https:\/\/schema.org","@graph":[{"@type":"WebPage","@id":"https:\/\/redfoxlotto.com\/fi\/lotteries\/tietoja-new-yorkin-lottery\/","url":"https:\/\/redfoxlotto.com\/fi\/lotteries\/tietoja-new-yorkin-lottery\/","name":"Miten ostaa New Yorkin lottokuponkeja netist\u00e4 Yhdistyneest\u00e4 kuningaskunnasta k\u00e4sin?","isPartOf":{"@id":"https:\/\/redfoxlotto.com\/fi\/#website"},"datePublished":"2025-02-25T17:25:31+00:00","dateModified":"2025-04-21T06:40:41+00:00","description":"Osta New Yorkin lottokuponkeja t\u00e4\u00e4lt\u00e4 - jopa Yhdistyneest\u00e4 kuningaskunnasta voit osallistua New Yorkin lottoon verkossa ja saada skannatun kupongin muutamassa minuutissa.","breadcrumb":{"@id":"https:\/\/redfoxlotto.com\/fi\/lotteries\/tietoja-new-yorkin-lottery\/#breadcrumb"},"inLanguage":"fi","potentialAction":[{"@type":"ReadAction","target":["https:\/\/redfoxlotto.com\/fi\/lotteries\/tietoja-new-yorkin-lottery\/"]}]},{"@type":"BreadcrumbList","@id":"https:\/\/redfoxlotto.com\/fi\/lotteries\/tietoja-new-yorkin-lottery\/#breadcrumb","itemListElement":[{"@type":"ListItem","position":1,"name":"Home","item":"https:\/\/redfoxlotto.com\/fi\/"},{"@type":"ListItem","position":2,"name":"Miten ostaa online arpoja &#8211; ostoprosessi","item":"https:\/\/redfoxlotto.com\/fi\/lotteries\/"},{"@type":"ListItem","position":3,"name":"Tietoja New Yorkin Lottery"}]},{"@type":"WebSite","@id":"https:\/\/redfoxlotto.com\/fi\/#website","url":"https:\/\/redfoxlotto.com\/fi\/","name":"Get Tickets for the World\u2019s largest jackpots","description":"Participate in worldwide lottery jackpots from any country","publisher":{"@id":"https:\/\/redfoxlotto.com\/fi\/#organization"},"potentialAction":[{"@type":"SearchAction","target":{"@type":"EntryPoint","urlTemplate":"https:\/\/redfoxlotto.com\/fi\/?s={search_term_string}"},"query-input":{"@type":"PropertyValueSpecification","valueRequired":true,"valueName":"search_term_string"}}],"inLanguage":"fi"},{"@type":"Organization","@id":"https:\/\/redfoxlotto.com\/fi\/#organization","name":"Get Tickets for the World\u2019s largest jackpots","url":"https:\/\/redfoxlotto.com\/fi\/","logo":{"@type":"ImageObject","inLanguage":"fi","@id":"https:\/\/redfoxlotto.com\/fi\/#\/schema\/logo\/image\/","url":"https:\/\/redfoxlotto.com\/wp-content\/uploads\/2023\/04\/logo.png","contentUrl":"https:\/\/redfoxlotto.com\/wp-content\/uploads\/2023\/04\/logo.png","width":269,"height":53,"caption":"Get Tickets for the World\u2019s largest jackpots"},"image":{"@id":"https:\/\/redfoxlotto.com\/fi\/#\/schema\/logo\/image\/"}}]}},"_links":{"self":[{"href":"https:\/\/redfoxlotto.com\/fi\/wp-json\/wp\/v2\/pages\/85474","targetHints":{"allow":["GET"]}}],"collection":[{"href":"https:\/\/redfoxlotto.com\/fi\/wp-json\/wp\/v2\/pages"}],"about":[{"href":"https:\/\/redfoxlotto.com\/fi\/wp-json\/wp\/v2\/types\/page"}],"author":[{"embeddable":true,"href":"https:\/\/redfoxlotto.com\/fi\/wp-json\/wp\/v2\/users\/8"}],"replies":[{"embeddable":true,"href":"https:\/\/redfoxlotto.com\/fi\/wp-json\/wp\/v2\/comments?post=85474"}],"version-history":[{"count":0,"href":"https:\/\/redfoxlotto.com\/fi\/wp-json\/wp\/v2\/pages\/85474\/revisions"}],"up":[{"embeddable":true,"href":"https:\/\/redfoxlotto.com\/fi\/wp-json\/wp\/v2\/pages\/30960"}],"wp:attachment":[{"href":"https:\/\/redfoxlotto.com\/fi\/wp-json\/wp\/v2\/media?parent=85474"}],"curies":[{"name":"wp","href":"https:\/\/api.w.org\/{rel}","templated":true}]}}