{"id":85253,"date":"2025-03-30T12:21:27","date_gmt":"2025-03-30T12:21:27","guid":{"rendered":"https:\/\/redfoxlotto.com\/?page_id=85253"},"modified":"2025-12-10T15:23:18","modified_gmt":"2025-12-10T15:23:18","slug":"kuinka-pelata-new-yorkin-lottery-yhdistyneessa-kuningaskunnassa","status":"publish","type":"page","link":"https:\/\/redfoxlotto.com\/fi\/pelaa-lottoa-netissa\/kuinka-pelata-new-yorkin-lottery-yhdistyneessa-kuningaskunnassa\/","title":{"rendered":"Kuinka pelata New Yorkin Lottery Yhdistyneess\u00e4 kuningaskunnassa."},"content":{"rendered":"<p><script type=\"application\/ld+json\">\n{\n\"@context\": \"https:\/\/schema.org\",\n\"@type\": \"Service\",\n\"name\": \"Play New York Lottery\",\n\"url\": \"https:\/\/redfoxlotto.com\/fi\/pelaa-lottoa-netissa\/kuinka-pelata-new-yorkin-lottery-yhdistyneessa-kuningaskunnassa\/\",\n\"description\": \"Osta virallisia New Yorkin lottokuponkeja verkosta RedFoxLotton kautta. Valitse numerosi ja osallistu seuraavaan arvontaan.\",\n\"serviceType\": \"Online lottery ticket purchase\",<\/p>\n<p>\"provider\": {\n\"@type\": \"Organization\",\n\"name\": \"RedFoxLotto\",\n\"url\": \"https:\/\/redfoxlotto.com\",\n\"logo\": \"https:\/\/redfoxlotto.com\/wp-content\/uploads\/logo.png\"\n},<\/p>\n<p>\"areaServed\": \"Worldwide\",\n\"termsOfService\": \"https:\/\/redfoxlotto.com\/terms-and-conditions\",<\/p>\n<p>\"hasOfferCatalog\": {\n\"@type\": \"OfferCatalog\",\n\"name\": \"New York Lottery Offers\",\n\"itemListElement\": [\n{\n\"@type\": \"Offer\",\n\"name\": \"New York Lottery Ticket\",\n\"url\": \"https:\/\/redfoxlotto.com\/fi\/pelaa-lottoa-netissa\/kuinka-pelata-new-yorkin-lottery-yhdistyneessa-kuningaskunnassa\/\",\n\"description\": \"Yksi lippu seuraavaan New Yorkin lottoarvontaan.\",\n\"price\": \"1.40\",\n\"priceCurrency\": \"EUR\",\n\"availability\": \"https:\/\/schema.org\/InStock\",<\/p>\n<p>\"itemOffered\": {\n\"@type\": \"Service\",\n\"name\": \"New York Lottery Entry\",\n\"description\": \"Osallistu seuraavaan New Yorkin lottoarvontaan RedFoxLotton kautta.\"\n}\n}\n]\n},<\/p>\n<p>\"mainEntityOfPage\": {\n\"@type\": \"WebPage\",\n\"@id\": \"https:\/\/redfoxlotto.com\/fi\/pelaa-lottoa-netissa\/kuinka-pelata-new-yorkin-lottery-yhdistyneessa-kuningaskunnassa\/\"\n}\n}\n<\/script><\/p>\n<h2>Miten osallistua New York Lottery RedFoxLotto.com Yhdistyneess\u00e4 kuningaskunnassa<\/h2>\n<p><img loading=\"lazy\" decoding=\"async\" class=\" wp-image-48802 alignright\" src=\"https:\/\/redfoxlotto.com\/wp-content\/uploads\/2023\/04\/raffle-tickets-online-495x330-1-300x200.jpg\" alt=\"New York Lottery\" width=\"321\" height=\"214\" srcset=\"https:\/\/redfoxlotto.com\/wp-content\/uploads\/2023\/04\/raffle-tickets-online-495x330-1-300x200.jpg 300w, https:\/\/redfoxlotto.com\/wp-content\/uploads\/2023\/04\/raffle-tickets-online-495x330-1.jpg 495w\" sizes=\"auto, (max-width: 321px) 100vw, 321px\" \/><br \/>\nOtetaan esimerkiksi skenaario, jossa her\u00e4\u00e4t Yhdistyneess\u00e4 kuningaskunnassa, keit\u00e4t aamuteet\u00e4si ja tarkistat sitten puhelimestasi, ett\u00e4 olet juuri voittanut New Yorkin lotossa. Kuulostaako t\u00e4m\u00e4 kaukaa haetulta? Muuta mielesi! RedFoxLotto.comin avulla voit pelata yht\u00e4 Amerikan Yhdysvaltojen j\u00e4nnitt\u00e4vimmist\u00e4 arpajaisista k\u00e4tev\u00e4sti omasta kodistasi Yhdistyneess\u00e4 kuningaskunnassa.<\/p>\n<h2>New Yorkin lotto: Miksi sinun pit\u00e4isi pelata?<\/h2>\n<p>New Yorkin lotto tunnetaan valtavista j\u00e4ttipoteistaan, j\u00e4nnitt\u00e4vist\u00e4 peleist\u00e4\u00e4n ja voitoistaan, jotka voivat muuttaa ihmisen el\u00e4m\u00e4n t\u00e4ysin. Se, ett\u00e4 viikoittain j\u00e4rjestet\u00e4\u00e4n useita arvontoja, tarkoittaa, ett\u00e4 sinulla on lukemattomia mahdollisuuksia tehd\u00e4 unelmistasi totta. On mahdollista, ett\u00e4 voit voittaa el\u00e4m\u00e4\u00e4si mullistavan summan rahaa, jos pelaat joko Mega Millions- tai Powerball-lottoa.<\/p>\n<h2>Ohjeet RedFoxLotto.com-sivustolla pelaamiseen vaiheittain esitettyn\u00e4<\/h2>\n<p>1. Siirry verkkosivustolle RedFoxLotto.com. K\u00e4ynnist\u00e4 haluamasi verkkoselain ja siirry viralliselle RedFoxLotto-sivustolle.<\/p>\n<p>2. Luo tili &#8211; Jotta voit rekister\u00f6ity\u00e4, sinun on annettava tili. Sen lis\u00e4ksi, ett\u00e4 se on nopea ja turvallinen, se on v\u00e4ltt\u00e4m\u00e4t\u00f6n pelaamista varten.<\/p>\n<p>3. Valitse New Yorkin lotto &#8211; Kun olet k\u00e4ynyt l\u00e4pi eri tarjolla olevat lotot, valitse New Yorkin lotto tai mik\u00e4 tahansa muu amerikkalainen voitto, joka her\u00e4tt\u00e4\u00e4 kiinnostuksesi koko haun aikana.<\/p>\n<p>4. Valitse numerosi Sinulla on mahdollisuus valita onnennumerosi manuaalisesti tai k\u00e4ytt\u00e4\u00e4 pikavalintavaihtoehtoa, jolloin j\u00e4rjestelm\u00e4 l\u00f6yt\u00e4\u00e4 ne puolestasi automaattisesti.<\/p>\n<p>5. Osta lippusi &#8211; Siirry kassasivulle ja maksa lippusi turvallisesti k\u00e4ytt\u00e4m\u00e4ll\u00e4 yht\u00e4 monista k\u00e4ytett\u00e4viss\u00e4 olevista maksuvaihtoehdoista.<\/p>\n<p>6. Kun odotat arvontaan, istu alas ja rentoudu. Jos olet voittaja, sinulle ilmoitetaan siit\u00e4!<\/p>\n<h2>RedFoxLotto.com-peleihin osallistumisen edut<\/h2>\n<p>N\u00e4in ei tarvitse matkustaa Yhdysvaltoihin ostamaan lippua.<\/p>\n<p>&#8211; Turvalliset ja suojatut maksutapahtumat &#8211; Pelaa t\u00e4ysin rauhallisin mielin tiet\u00e4en, ett\u00e4 rahasi ja ostotietosi ovat turvassa.<\/p>\n<p>&#8211; Automaattisesti l\u00e4hetett\u00e4v\u00e4t ilmoitukset &#8211; \u00c4l\u00e4 koskaan menet\u00e4 voittoa! Jos olet j\u00e4ttipotin onnekas voittaja, sinulle ilmoitetaan siit\u00e4 heti.<\/p>\n<p>Voit k\u00e4ytt\u00e4\u00e4 New Yorkin loton lis\u00e4ksi maailmanlaajuisia lottoja, mik\u00e4 antaa sinulle viel\u00e4 enemm\u00e4n mahdollisuuksia voittaa merkitt\u00e4v\u00e4 summa rahaa.<\/p>\n<h2>Huomautuksia lopuksi<\/h2>\n<p>K\u00e4ytt\u00e4m\u00e4ll\u00e4 RedFoxLotto.com-sivustoa p\u00e4\u00e4set k\u00e4siksi koko lottoviihteen maailmaan. Sill\u00e4 ei ole v\u00e4li\u00e4, miss\u00e4 p\u00e4in Yhdistynytt\u00e4 kuningaskuntaa olet; sinulla on mahdollisuus tavoitella amerikkalaista unelmaa ja mahdollisesti tulla seuraavaksi New Yorkin loton miljon\u00e4\u00e4riksi. Miksi siis pit\u00e4isi odottaa? K\u00e4y RedFoxLotto.com-sivustolla heti hankkimassa lippusi; koskaan ei voi tiet\u00e4\u00e4, milloin hyv\u00e4 onni tulee tiellesi.<\/p>\n","protected":false},"excerpt":{"rendered":"<p>Miten osallistua New York Lottery RedFoxLotto.com Yhdistyneess\u00e4 kuningaskunnassa Otetaan esimerkiksi skenaario, jossa her\u00e4\u00e4t Yhdistyneess\u00e4 kuningaskunnassa, keit\u00e4t aamuteet\u00e4si ja tarkistat sitten puhelimestasi, ett\u00e4 olet juuri voittanut New Yorkin lotossa. Kuulostaako t\u00e4m\u00e4 kaukaa haetulta? Muuta mielesi! RedFoxLotto.comin avulla voit pelata yht\u00e4 Amerikan Yhdysvaltojen j\u00e4nnitt\u00e4vimmist\u00e4 arpajaisista k\u00e4tev\u00e4sti omasta kodistasi Yhdistyneess\u00e4 kuningaskunnassa. New Yorkin lotto: Miksi sinun pit\u00e4isi pelata? [&hellip;]<\/p>\n","protected":false},"author":8,"featured_media":0,"parent":30900,"menu_order":18,"comment_status":"closed","ping_status":"closed","template":"newyork.php","meta":{"_et_pb_use_builder":"","_et_pb_old_content":"","_et_gb_content_width":"","exclude_from_search":false,"footnotes":""},"class_list":["post-85253","page","type-page","status-publish","hentry"],"yoast_head":"<!-- This site is optimized with the Yoast SEO plugin v23.8 - https:\/\/yoast.com\/wordpress\/plugins\/seo\/ -->\n<title>Miten osallistua New York Lottery Yhdistyneess\u00e4 kuningaskunnassa<\/title>\n<meta name=\"description\" content=\"Tutustu RedFoxLotto.com-sivustolla siihen, miten voit pelata New Yorkin lottoa Yhdistyneest\u00e4 kuningaskunnasta k\u00e4sin, ja saat vinkkej\u00e4 voittomahdollisuuksiesi maksimoimiseksi.\" \/>\n<meta name=\"robots\" content=\"index, follow, max-snippet:-1, max-image-preview:large, max-video-preview:-1\" \/>\n<link rel=\"canonical\" href=\"https:\/\/redfoxlotto.com\/fi\/pelaa-lottoa-netissa\/kuinka-pelata-new-yorkin-lottery-yhdistyneessa-kuningaskunnassa\/\" \/>\n<meta property=\"og:locale\" content=\"fi_FI\" \/>\n<meta property=\"og:type\" content=\"article\" \/>\n<meta property=\"og:title\" content=\"Miten osallistua New York Lottery Yhdistyneess\u00e4 kuningaskunnassa\" \/>\n<meta property=\"og:description\" content=\"Tutustu RedFoxLotto.com-sivustolla siihen, miten voit pelata New Yorkin lottoa Yhdistyneest\u00e4 kuningaskunnasta k\u00e4sin, ja saat vinkkej\u00e4 voittomahdollisuuksiesi maksimoimiseksi.\" \/>\n<meta property=\"og:url\" content=\"https:\/\/redfoxlotto.com\/fi\/pelaa-lottoa-netissa\/kuinka-pelata-new-yorkin-lottery-yhdistyneessa-kuningaskunnassa\/\" \/>\n<meta property=\"og:site_name\" content=\"Get Tickets for the World\u2019s largest jackpots\" \/>\n<meta property=\"article:modified_time\" content=\"2025-12-10T15:23:18+00:00\" \/>\n<meta property=\"og:image\" content=\"https:\/\/redfoxlotto.com\/wp-content\/uploads\/2023\/04\/raffle-tickets-online-495x330-1-300x200.jpg\" \/>\n<meta name=\"twitter:card\" content=\"summary_large_image\" \/>\n<meta name=\"twitter:label1\" content=\"Arvioitu lukuaika\" \/>\n\t<meta name=\"twitter:data1\" content=\"2 minuuttia\" \/>\n<script type=\"application\/ld+json\" class=\"yoast-schema-graph\">{\"@context\":\"https:\/\/schema.org\",\"@graph\":[{\"@type\":\"WebPage\",\"@id\":\"https:\/\/redfoxlotto.com\/fi\/pelaa-lottoa-netissa\/kuinka-pelata-new-yorkin-lottery-yhdistyneessa-kuningaskunnassa\/\",\"url\":\"https:\/\/redfoxlotto.com\/fi\/pelaa-lottoa-netissa\/kuinka-pelata-new-yorkin-lottery-yhdistyneessa-kuningaskunnassa\/\",\"name\":\"Miten osallistua New York Lottery Yhdistyneess\u00e4 kuningaskunnassa\",\"isPartOf\":{\"@id\":\"https:\/\/redfoxlotto.com\/fi\/#website\"},\"primaryImageOfPage\":{\"@id\":\"https:\/\/redfoxlotto.com\/fi\/pelaa-lottoa-netissa\/kuinka-pelata-new-yorkin-lottery-yhdistyneessa-kuningaskunnassa\/#primaryimage\"},\"image\":{\"@id\":\"https:\/\/redfoxlotto.com\/fi\/pelaa-lottoa-netissa\/kuinka-pelata-new-yorkin-lottery-yhdistyneessa-kuningaskunnassa\/#primaryimage\"},\"thumbnailUrl\":\"https:\/\/redfoxlotto.com\/wp-content\/uploads\/2023\/04\/raffle-tickets-online-495x330-1-300x200.jpg\",\"datePublished\":\"2025-03-30T12:21:27+00:00\",\"dateModified\":\"2025-12-10T15:23:18+00:00\",\"description\":\"Tutustu RedFoxLotto.com-sivustolla siihen, miten voit pelata New Yorkin lottoa Yhdistyneest\u00e4 kuningaskunnasta k\u00e4sin, ja saat vinkkej\u00e4 voittomahdollisuuksiesi maksimoimiseksi.\",\"breadcrumb\":{\"@id\":\"https:\/\/redfoxlotto.com\/fi\/pelaa-lottoa-netissa\/kuinka-pelata-new-yorkin-lottery-yhdistyneessa-kuningaskunnassa\/#breadcrumb\"},\"inLanguage\":\"fi\",\"potentialAction\":[{\"@type\":\"ReadAction\",\"target\":[\"https:\/\/redfoxlotto.com\/fi\/pelaa-lottoa-netissa\/kuinka-pelata-new-yorkin-lottery-yhdistyneessa-kuningaskunnassa\/\"]}]},{\"@type\":\"ImageObject\",\"inLanguage\":\"fi\",\"@id\":\"https:\/\/redfoxlotto.com\/fi\/pelaa-lottoa-netissa\/kuinka-pelata-new-yorkin-lottery-yhdistyneessa-kuningaskunnassa\/#primaryimage\",\"url\":\"https:\/\/redfoxlotto.com\/wp-content\/uploads\/2023\/04\/raffle-tickets-online-495x330-1-300x200.jpg\",\"contentUrl\":\"https:\/\/redfoxlotto.com\/wp-content\/uploads\/2023\/04\/raffle-tickets-online-495x330-1-300x200.jpg\"},{\"@type\":\"BreadcrumbList\",\"@id\":\"https:\/\/redfoxlotto.com\/fi\/pelaa-lottoa-netissa\/kuinka-pelata-new-yorkin-lottery-yhdistyneessa-kuningaskunnassa\/#breadcrumb\",\"itemListElement\":[{\"@type\":\"ListItem\",\"position\":1,\"name\":\"Home\",\"item\":\"https:\/\/redfoxlotto.com\/fi\/\"},{\"@type\":\"ListItem\",\"position\":2,\"name\":\"Kuinka pelata muiden maiden lottoja\",\"item\":\"https:\/\/redfoxlotto.com\/fi\/pelaa-lottoa-netissa\/\"},{\"@type\":\"ListItem\",\"position\":3,\"name\":\"Kuinka pelata New Yorkin Lottery Yhdistyneess\u00e4 kuningaskunnassa.\"}]},{\"@type\":\"WebSite\",\"@id\":\"https:\/\/redfoxlotto.com\/fi\/#website\",\"url\":\"https:\/\/redfoxlotto.com\/fi\/\",\"name\":\"Get Tickets for the World\u2019s largest jackpots\",\"description\":\"Participate in worldwide lottery jackpots from any country\",\"publisher\":{\"@id\":\"https:\/\/redfoxlotto.com\/fi\/#organization\"},\"potentialAction\":[{\"@type\":\"SearchAction\",\"target\":{\"@type\":\"EntryPoint\",\"urlTemplate\":\"https:\/\/redfoxlotto.com\/fi\/?s={search_term_string}\"},\"query-input\":{\"@type\":\"PropertyValueSpecification\",\"valueRequired\":true,\"valueName\":\"search_term_string\"}}],\"inLanguage\":\"fi\"},{\"@type\":\"Organization\",\"@id\":\"https:\/\/redfoxlotto.com\/fi\/#organization\",\"name\":\"Get Tickets for the World\u2019s largest jackpots\",\"url\":\"https:\/\/redfoxlotto.com\/fi\/\",\"logo\":{\"@type\":\"ImageObject\",\"inLanguage\":\"fi\",\"@id\":\"https:\/\/redfoxlotto.com\/fi\/#\/schema\/logo\/image\/\",\"url\":\"https:\/\/redfoxlotto.com\/wp-content\/uploads\/2023\/04\/logo.png\",\"contentUrl\":\"https:\/\/redfoxlotto.com\/wp-content\/uploads\/2023\/04\/logo.png\",\"width\":269,\"height\":53,\"caption\":\"Get Tickets for the World\u2019s largest jackpots\"},\"image\":{\"@id\":\"https:\/\/redfoxlotto.com\/fi\/#\/schema\/logo\/image\/\"}}]}<\/script>\n<!-- \/ Yoast SEO plugin. -->","yoast_head_json":{"title":"Miten osallistua New York Lottery Yhdistyneess\u00e4 kuningaskunnassa","description":"Tutustu RedFoxLotto.com-sivustolla siihen, miten voit pelata New Yorkin lottoa Yhdistyneest\u00e4 kuningaskunnasta k\u00e4sin, ja saat vinkkej\u00e4 voittomahdollisuuksiesi maksimoimiseksi.","robots":{"index":"index","follow":"follow","max-snippet":"max-snippet:-1","max-image-preview":"max-image-preview:large","max-video-preview":"max-video-preview:-1"},"canonical":"https:\/\/redfoxlotto.com\/fi\/pelaa-lottoa-netissa\/kuinka-pelata-new-yorkin-lottery-yhdistyneessa-kuningaskunnassa\/","og_locale":"fi_FI","og_type":"article","og_title":"Miten osallistua New York Lottery Yhdistyneess\u00e4 kuningaskunnassa","og_description":"Tutustu RedFoxLotto.com-sivustolla siihen, miten voit pelata New Yorkin lottoa Yhdistyneest\u00e4 kuningaskunnasta k\u00e4sin, ja saat vinkkej\u00e4 voittomahdollisuuksiesi maksimoimiseksi.","og_url":"https:\/\/redfoxlotto.com\/fi\/pelaa-lottoa-netissa\/kuinka-pelata-new-yorkin-lottery-yhdistyneessa-kuningaskunnassa\/","og_site_name":"Get Tickets for the World\u2019s largest jackpots","article_modified_time":"2025-12-10T15:23:18+00:00","og_image":[{"url":"https:\/\/redfoxlotto.com\/wp-content\/uploads\/2023\/04\/raffle-tickets-online-495x330-1-300x200.jpg"}],"twitter_card":"summary_large_image","twitter_misc":{"Arvioitu lukuaika":"2 minuuttia"},"schema":{"@context":"https:\/\/schema.org","@graph":[{"@type":"WebPage","@id":"https:\/\/redfoxlotto.com\/fi\/pelaa-lottoa-netissa\/kuinka-pelata-new-yorkin-lottery-yhdistyneessa-kuningaskunnassa\/","url":"https:\/\/redfoxlotto.com\/fi\/pelaa-lottoa-netissa\/kuinka-pelata-new-yorkin-lottery-yhdistyneessa-kuningaskunnassa\/","name":"Miten osallistua New York Lottery Yhdistyneess\u00e4 kuningaskunnassa","isPartOf":{"@id":"https:\/\/redfoxlotto.com\/fi\/#website"},"primaryImageOfPage":{"@id":"https:\/\/redfoxlotto.com\/fi\/pelaa-lottoa-netissa\/kuinka-pelata-new-yorkin-lottery-yhdistyneessa-kuningaskunnassa\/#primaryimage"},"image":{"@id":"https:\/\/redfoxlotto.com\/fi\/pelaa-lottoa-netissa\/kuinka-pelata-new-yorkin-lottery-yhdistyneessa-kuningaskunnassa\/#primaryimage"},"thumbnailUrl":"https:\/\/redfoxlotto.com\/wp-content\/uploads\/2023\/04\/raffle-tickets-online-495x330-1-300x200.jpg","datePublished":"2025-03-30T12:21:27+00:00","dateModified":"2025-12-10T15:23:18+00:00","description":"Tutustu RedFoxLotto.com-sivustolla siihen, miten voit pelata New Yorkin lottoa Yhdistyneest\u00e4 kuningaskunnasta k\u00e4sin, ja saat vinkkej\u00e4 voittomahdollisuuksiesi maksimoimiseksi.","breadcrumb":{"@id":"https:\/\/redfoxlotto.com\/fi\/pelaa-lottoa-netissa\/kuinka-pelata-new-yorkin-lottery-yhdistyneessa-kuningaskunnassa\/#breadcrumb"},"inLanguage":"fi","potentialAction":[{"@type":"ReadAction","target":["https:\/\/redfoxlotto.com\/fi\/pelaa-lottoa-netissa\/kuinka-pelata-new-yorkin-lottery-yhdistyneessa-kuningaskunnassa\/"]}]},{"@type":"ImageObject","inLanguage":"fi","@id":"https:\/\/redfoxlotto.com\/fi\/pelaa-lottoa-netissa\/kuinka-pelata-new-yorkin-lottery-yhdistyneessa-kuningaskunnassa\/#primaryimage","url":"https:\/\/redfoxlotto.com\/wp-content\/uploads\/2023\/04\/raffle-tickets-online-495x330-1-300x200.jpg","contentUrl":"https:\/\/redfoxlotto.com\/wp-content\/uploads\/2023\/04\/raffle-tickets-online-495x330-1-300x200.jpg"},{"@type":"BreadcrumbList","@id":"https:\/\/redfoxlotto.com\/fi\/pelaa-lottoa-netissa\/kuinka-pelata-new-yorkin-lottery-yhdistyneessa-kuningaskunnassa\/#breadcrumb","itemListElement":[{"@type":"ListItem","position":1,"name":"Home","item":"https:\/\/redfoxlotto.com\/fi\/"},{"@type":"ListItem","position":2,"name":"Kuinka pelata muiden maiden lottoja","item":"https:\/\/redfoxlotto.com\/fi\/pelaa-lottoa-netissa\/"},{"@type":"ListItem","position":3,"name":"Kuinka pelata New Yorkin Lottery Yhdistyneess\u00e4 kuningaskunnassa."}]},{"@type":"WebSite","@id":"https:\/\/redfoxlotto.com\/fi\/#website","url":"https:\/\/redfoxlotto.com\/fi\/","name":"Get Tickets for the World\u2019s largest jackpots","description":"Participate in worldwide lottery jackpots from any country","publisher":{"@id":"https:\/\/redfoxlotto.com\/fi\/#organization"},"potentialAction":[{"@type":"SearchAction","target":{"@type":"EntryPoint","urlTemplate":"https:\/\/redfoxlotto.com\/fi\/?s={search_term_string}"},"query-input":{"@type":"PropertyValueSpecification","valueRequired":true,"valueName":"search_term_string"}}],"inLanguage":"fi"},{"@type":"Organization","@id":"https:\/\/redfoxlotto.com\/fi\/#organization","name":"Get Tickets for the World\u2019s largest jackpots","url":"https:\/\/redfoxlotto.com\/fi\/","logo":{"@type":"ImageObject","inLanguage":"fi","@id":"https:\/\/redfoxlotto.com\/fi\/#\/schema\/logo\/image\/","url":"https:\/\/redfoxlotto.com\/wp-content\/uploads\/2023\/04\/logo.png","contentUrl":"https:\/\/redfoxlotto.com\/wp-content\/uploads\/2023\/04\/logo.png","width":269,"height":53,"caption":"Get Tickets for the World\u2019s largest jackpots"},"image":{"@id":"https:\/\/redfoxlotto.com\/fi\/#\/schema\/logo\/image\/"}}]}},"_links":{"self":[{"href":"https:\/\/redfoxlotto.com\/fi\/wp-json\/wp\/v2\/pages\/85253","targetHints":{"allow":["GET"]}}],"collection":[{"href":"https:\/\/redfoxlotto.com\/fi\/wp-json\/wp\/v2\/pages"}],"about":[{"href":"https:\/\/redfoxlotto.com\/fi\/wp-json\/wp\/v2\/types\/page"}],"author":[{"embeddable":true,"href":"https:\/\/redfoxlotto.com\/fi\/wp-json\/wp\/v2\/users\/8"}],"replies":[{"embeddable":true,"href":"https:\/\/redfoxlotto.com\/fi\/wp-json\/wp\/v2\/comments?post=85253"}],"version-history":[{"count":0,"href":"https:\/\/redfoxlotto.com\/fi\/wp-json\/wp\/v2\/pages\/85253\/revisions"}],"up":[{"embeddable":true,"href":"https:\/\/redfoxlotto.com\/fi\/wp-json\/wp\/v2\/pages\/30900"}],"wp:attachment":[{"href":"https:\/\/redfoxlotto.com\/fi\/wp-json\/wp\/v2\/media?parent=85253"}],"curies":[{"name":"wp","href":"https:\/\/api.w.org\/{rel}","templated":true}]}}