{"id":84477,"date":"2025-03-17T09:46:32","date_gmt":"2025-03-17T09:46:32","guid":{"rendered":"https:\/\/redfoxlotto.com\/?page_id=84477"},"modified":"2025-06-17T08:44:36","modified_gmt":"2025-06-17T08:44:36","slug":"scratchcards","status":"publish","type":"page","link":"https:\/\/redfoxlotto.com\/fi\/scratchcards\/","title":{"rendered":"Raaputusarvat"},"content":{"rendered":"<p>Jos olet lottofani, niin olemme varmoja, ett\u00e4<strong>rakastat<\/strong> my\u00f6s<strong>pelata raaputusarpajaisiamme verkossa!<\/strong><\/p>\n<p>Raaputusarvat ovat aina olleet suosittu lis\u00e4 lottokuponkien ostoon. L\u00e4hes kaikki maailman lottov\u00e4litt\u00e4j\u00e4t myyv\u00e4t niit\u00e4, ja siihen on hyv\u00e4 syy. Kun lottoa pelatessa joutuu melkein aina odottamaan tuloksia, raaputusarvat antavat v\u00e4litt\u00f6m\u00e4n tuloksen.<\/p>\n<p>Ja nettiraaputusarpajaisissamme sinun ei tarvitse edes etsi\u00e4 lottokauppaa ostaaksesi niit\u00e4 &#8211; voit vain pelata raaputusarpajaisiamme netiss\u00e4 ja pit\u00e4\u00e4 hauskaa ja j\u00e4nnitt\u00e4v\u00e4\u00e4 raaputusta.<\/p>\n<h2><strong>Online raaputusarvat ovat pian tulossa RedFoxLottoon.<\/strong><\/h2>\n<p><img loading=\"lazy\" decoding=\"async\" class=\" wp-image-83601 alignright\" src=\"https:\/\/redfoxlotto.com\/wp-content\/uploads\/2025\/03\/scratch_card_player-300x300.jpg\" alt=\"play scratch cards\" width=\"183\" height=\"183\" srcset=\"https:\/\/redfoxlotto.com\/wp-content\/uploads\/2025\/03\/scratch_card_player-300x300.jpg 300w, https:\/\/redfoxlotto.com\/wp-content\/uploads\/2025\/03\/scratch_card_player-150x150.jpg 150w, https:\/\/redfoxlotto.com\/wp-content\/uploads\/2025\/03\/scratch_card_player-100x100.jpg 100w, https:\/\/redfoxlotto.com\/wp-content\/uploads\/2025\/03\/scratch_card_player.jpg 307w\" sizes=\"auto, (max-width: 183px) 100vw, 183px\" \/><\/p>\n<ul>\n<li>Raaputusarpapelit k\u00e4ynnistyv\u00e4t huhtikuun alussa 2025.<\/li>\n<li>\u00c4l\u00e4 missaa lanseerausta!<\/li>\n<li>Varmista, ett\u00e4 saat mainoss\u00e4hk\u00f6postimme &#8211; tarkista roskapostikansiosi ja merkitse RedFoxLotto luotettavaksi s\u00e4hk\u00f6postin l\u00e4hett\u00e4j\u00e4ksi.<\/li>\n<\/ul>\n<p>Maksaminen on my\u00f6s eritt\u00e4in k\u00e4tev\u00e4\u00e4 &#8211; varsinkin jos sinulla on jo tilisaldo verkkosivuillamme. T\u00e4m\u00e4 tarkoittaa, ett\u00e4 jos aiot ostaa useita raaputusarpoja, sinun kannattaa tehd\u00e4 talletus lompakkoon ennen kuin aloitat raaputusarpojen pelaamisen.<\/p>\n<p>Valitse vain kortti, josta pid\u00e4t eniten, ja klikkaa ostaaksesi. Meill\u00e4 on useita hienoja ulkoasuja, ja raaputusarpoja on eri hinnoilla ja palkintosarjoilla.<\/p>\n<h2>Raaputusarpapeliemme pelaaminen on melko helppoa<\/h2>\n<p>Sitten voit joko raaputtaa kortin p\u00e4\u00e4llimm\u00e4isen kerroksen pois manuaalisesti hiiren avulla tai napsauttaa \u201dquick scratch\u201d -painiketta paljastaaksesi kaikki korttiin piilotetut tiedot.<\/p>\n<p>Voittosi riippuvat summista, jotka n\u00e4kyv\u00e4t sen j\u00e4lkeen, kun olet raaputtanut kortin ylimm\u00e4n kerroksen pois. Jos raaputuskortissasi on kolme samanlaista summaa, voitat juuri sen summan.<\/p>\n<h2>Mit\u00e4 tapahtuu raaputusarpavoiton j\u00e4lkeen?<\/h2>\n<p>Kaikki voitot lis\u00e4t\u00e4\u00e4n tilillesi v\u00e4litt\u00f6m\u00e4sti. Jos kortti voittaa, sinulla on kaksi vaihtoehtoa:<\/p>\n<ol>\n<li>Voit j\u00e4\u00e4d\u00e4 raaputusarpajaissivulle ja jatkaa voittojesi k\u00e4ytt\u00e4mist\u00e4 ostaaksesi lis\u00e4\u00e4 raaputusarpoja netist\u00e4.<\/li>\n<li>Sulje raaputusarpajaissivu, ja voittosi siirret\u00e4\u00e4n RedFoxLotto-saldoosi.<\/li>\n<\/ol>\n<p>Kun olet lis\u00e4nnyt raaputusarpavoitot pelaajasaldoosi, voit k\u00e4ytt\u00e4\u00e4 ne haluamallasi tavalla &#8211; ostaa tavallisia arpoja, pelata Kenoa, ostaa my\u00f6hemmin lis\u00e4\u00e4 raaputusarpoja netist\u00e4 tai nostaa voittosi.<\/p>\n<p>Monet asiakkaamme ovat toivoneet raaputusarpojen lis\u00e4\u00e4mist\u00e4 verkkoon, ja olemme varmoja, ett\u00e4 sin\u00e4kin nautit t\u00e4st\u00e4 kokemuksesta!<\/p>\n","protected":false},"excerpt":{"rendered":"<p>Jos olet lottofani, niin olemme varmoja, ett\u00e4rakastat my\u00f6spelata raaputusarpajaisiamme verkossa! Raaputusarvat ovat aina olleet suosittu lis\u00e4 lottokuponkien ostoon. L\u00e4hes kaikki maailman lottov\u00e4litt\u00e4j\u00e4t myyv\u00e4t niit\u00e4, ja siihen on hyv\u00e4 syy. Kun lottoa pelatessa joutuu melkein aina odottamaan tuloksia, raaputusarvat antavat v\u00e4litt\u00f6m\u00e4n tuloksen. Ja nettiraaputusarpajaisissamme sinun ei tarvitse edes etsi\u00e4 lottokauppaa ostaaksesi niit\u00e4 &#8211; voit vain pelata [&hellip;]<\/p>\n","protected":false},"author":8,"featured_media":0,"parent":0,"menu_order":7,"comment_status":"closed","ping_status":"closed","template":"","meta":{"_et_pb_use_builder":"","_et_pb_old_content":"","_et_gb_content_width":"","exclude_from_search":false,"footnotes":""},"class_list":["post-84477","page","type-page","status-publish","hentry"],"yoast_head":"<!-- This site is optimized with the Yoast SEO plugin v23.8 - https:\/\/yoast.com\/wordpress\/plugins\/seo\/ -->\n<title>Pelaa raaputusarpoja netiss\u00e4 | Parhaat pikavoittoraaputusarvat<\/title>\n<meta name=\"description\" content=\"Pelaa parhaita online raaputusarpoja t\u00e4\u00e4ll\u00e4 - houkuttelevia raaputuspelej\u00e4 ja upeita palkintoja voit voittaa heti\" \/>\n<meta name=\"robots\" content=\"index, follow, max-snippet:-1, max-image-preview:large, max-video-preview:-1\" \/>\n<link rel=\"canonical\" href=\"https:\/\/redfoxlotto.com\/fi\/scratchcards\/\" \/>\n<meta property=\"og:locale\" content=\"fi_FI\" \/>\n<meta property=\"og:type\" content=\"article\" \/>\n<meta property=\"og:title\" content=\"Pelaa raaputusarpoja netiss\u00e4 | Parhaat pikavoittoraaputusarvat\" \/>\n<meta property=\"og:description\" content=\"Pelaa parhaita online raaputusarpoja t\u00e4\u00e4ll\u00e4 - houkuttelevia raaputuspelej\u00e4 ja upeita palkintoja voit voittaa heti\" \/>\n<meta property=\"og:url\" content=\"https:\/\/redfoxlotto.com\/fi\/scratchcards\/\" \/>\n<meta property=\"og:site_name\" content=\"Get Tickets for the World\u2019s largest jackpots\" \/>\n<meta property=\"article:modified_time\" content=\"2025-06-17T08:44:36+00:00\" \/>\n<meta property=\"og:image\" content=\"https:\/\/redfoxlotto.com\/wp-content\/uploads\/2025\/03\/scratch_card_player-300x300.jpg\" \/>\n<meta name=\"twitter:card\" content=\"summary_large_image\" \/>\n<meta name=\"twitter:label1\" content=\"Arvioitu lukuaika\" \/>\n\t<meta name=\"twitter:data1\" content=\"2 minuuttia\" \/>\n<script type=\"application\/ld+json\" class=\"yoast-schema-graph\">{\"@context\":\"https:\/\/schema.org\",\"@graph\":[{\"@type\":\"WebPage\",\"@id\":\"https:\/\/redfoxlotto.com\/fi\/scratchcards\/\",\"url\":\"https:\/\/redfoxlotto.com\/fi\/scratchcards\/\",\"name\":\"Pelaa raaputusarpoja netiss\u00e4 | Parhaat pikavoittoraaputusarvat\",\"isPartOf\":{\"@id\":\"https:\/\/redfoxlotto.com\/fi\/#website\"},\"primaryImageOfPage\":{\"@id\":\"https:\/\/redfoxlotto.com\/fi\/scratchcards\/#primaryimage\"},\"image\":{\"@id\":\"https:\/\/redfoxlotto.com\/fi\/scratchcards\/#primaryimage\"},\"thumbnailUrl\":\"https:\/\/redfoxlotto.com\/wp-content\/uploads\/2025\/03\/scratch_card_player-300x300.jpg\",\"datePublished\":\"2025-03-17T09:46:32+00:00\",\"dateModified\":\"2025-06-17T08:44:36+00:00\",\"description\":\"Pelaa parhaita online raaputusarpoja t\u00e4\u00e4ll\u00e4 - houkuttelevia raaputuspelej\u00e4 ja upeita palkintoja voit voittaa heti\",\"breadcrumb\":{\"@id\":\"https:\/\/redfoxlotto.com\/fi\/scratchcards\/#breadcrumb\"},\"inLanguage\":\"fi\",\"potentialAction\":[{\"@type\":\"ReadAction\",\"target\":[\"https:\/\/redfoxlotto.com\/fi\/scratchcards\/\"]}]},{\"@type\":\"ImageObject\",\"inLanguage\":\"fi\",\"@id\":\"https:\/\/redfoxlotto.com\/fi\/scratchcards\/#primaryimage\",\"url\":\"https:\/\/redfoxlotto.com\/wp-content\/uploads\/2025\/03\/scratch_card_player-300x300.jpg\",\"contentUrl\":\"https:\/\/redfoxlotto.com\/wp-content\/uploads\/2025\/03\/scratch_card_player-300x300.jpg\"},{\"@type\":\"BreadcrumbList\",\"@id\":\"https:\/\/redfoxlotto.com\/fi\/scratchcards\/#breadcrumb\",\"itemListElement\":[{\"@type\":\"ListItem\",\"position\":1,\"name\":\"Home\",\"item\":\"https:\/\/redfoxlotto.com\/fi\/\"},{\"@type\":\"ListItem\",\"position\":2,\"name\":\"Raaputusarvat\"}]},{\"@type\":\"WebSite\",\"@id\":\"https:\/\/redfoxlotto.com\/fi\/#website\",\"url\":\"https:\/\/redfoxlotto.com\/fi\/\",\"name\":\"Get Tickets for the World\u2019s largest jackpots\",\"description\":\"Participate in worldwide lottery jackpots from any country\",\"publisher\":{\"@id\":\"https:\/\/redfoxlotto.com\/fi\/#organization\"},\"potentialAction\":[{\"@type\":\"SearchAction\",\"target\":{\"@type\":\"EntryPoint\",\"urlTemplate\":\"https:\/\/redfoxlotto.com\/fi\/?s={search_term_string}\"},\"query-input\":{\"@type\":\"PropertyValueSpecification\",\"valueRequired\":true,\"valueName\":\"search_term_string\"}}],\"inLanguage\":\"fi\"},{\"@type\":\"Organization\",\"@id\":\"https:\/\/redfoxlotto.com\/fi\/#organization\",\"name\":\"Get Tickets for the World\u2019s largest jackpots\",\"url\":\"https:\/\/redfoxlotto.com\/fi\/\",\"logo\":{\"@type\":\"ImageObject\",\"inLanguage\":\"fi\",\"@id\":\"https:\/\/redfoxlotto.com\/fi\/#\/schema\/logo\/image\/\",\"url\":\"https:\/\/redfoxlotto.com\/wp-content\/uploads\/2023\/04\/logo.png\",\"contentUrl\":\"https:\/\/redfoxlotto.com\/wp-content\/uploads\/2023\/04\/logo.png\",\"width\":269,\"height\":53,\"caption\":\"Get Tickets for the World\u2019s largest jackpots\"},\"image\":{\"@id\":\"https:\/\/redfoxlotto.com\/fi\/#\/schema\/logo\/image\/\"}}]}<\/script>\n<!-- \/ Yoast SEO plugin. -->","yoast_head_json":{"title":"Pelaa raaputusarpoja netiss\u00e4 | Parhaat pikavoittoraaputusarvat","description":"Pelaa parhaita online raaputusarpoja t\u00e4\u00e4ll\u00e4 - houkuttelevia raaputuspelej\u00e4 ja upeita palkintoja voit voittaa heti","robots":{"index":"index","follow":"follow","max-snippet":"max-snippet:-1","max-image-preview":"max-image-preview:large","max-video-preview":"max-video-preview:-1"},"canonical":"https:\/\/redfoxlotto.com\/fi\/scratchcards\/","og_locale":"fi_FI","og_type":"article","og_title":"Pelaa raaputusarpoja netiss\u00e4 | Parhaat pikavoittoraaputusarvat","og_description":"Pelaa parhaita online raaputusarpoja t\u00e4\u00e4ll\u00e4 - houkuttelevia raaputuspelej\u00e4 ja upeita palkintoja voit voittaa heti","og_url":"https:\/\/redfoxlotto.com\/fi\/scratchcards\/","og_site_name":"Get Tickets for the World\u2019s largest jackpots","article_modified_time":"2025-06-17T08:44:36+00:00","og_image":[{"url":"https:\/\/redfoxlotto.com\/wp-content\/uploads\/2025\/03\/scratch_card_player-300x300.jpg"}],"twitter_card":"summary_large_image","twitter_misc":{"Arvioitu lukuaika":"2 minuuttia"},"schema":{"@context":"https:\/\/schema.org","@graph":[{"@type":"WebPage","@id":"https:\/\/redfoxlotto.com\/fi\/scratchcards\/","url":"https:\/\/redfoxlotto.com\/fi\/scratchcards\/","name":"Pelaa raaputusarpoja netiss\u00e4 | Parhaat pikavoittoraaputusarvat","isPartOf":{"@id":"https:\/\/redfoxlotto.com\/fi\/#website"},"primaryImageOfPage":{"@id":"https:\/\/redfoxlotto.com\/fi\/scratchcards\/#primaryimage"},"image":{"@id":"https:\/\/redfoxlotto.com\/fi\/scratchcards\/#primaryimage"},"thumbnailUrl":"https:\/\/redfoxlotto.com\/wp-content\/uploads\/2025\/03\/scratch_card_player-300x300.jpg","datePublished":"2025-03-17T09:46:32+00:00","dateModified":"2025-06-17T08:44:36+00:00","description":"Pelaa parhaita online raaputusarpoja t\u00e4\u00e4ll\u00e4 - houkuttelevia raaputuspelej\u00e4 ja upeita palkintoja voit voittaa heti","breadcrumb":{"@id":"https:\/\/redfoxlotto.com\/fi\/scratchcards\/#breadcrumb"},"inLanguage":"fi","potentialAction":[{"@type":"ReadAction","target":["https:\/\/redfoxlotto.com\/fi\/scratchcards\/"]}]},{"@type":"ImageObject","inLanguage":"fi","@id":"https:\/\/redfoxlotto.com\/fi\/scratchcards\/#primaryimage","url":"https:\/\/redfoxlotto.com\/wp-content\/uploads\/2025\/03\/scratch_card_player-300x300.jpg","contentUrl":"https:\/\/redfoxlotto.com\/wp-content\/uploads\/2025\/03\/scratch_card_player-300x300.jpg"},{"@type":"BreadcrumbList","@id":"https:\/\/redfoxlotto.com\/fi\/scratchcards\/#breadcrumb","itemListElement":[{"@type":"ListItem","position":1,"name":"Home","item":"https:\/\/redfoxlotto.com\/fi\/"},{"@type":"ListItem","position":2,"name":"Raaputusarvat"}]},{"@type":"WebSite","@id":"https:\/\/redfoxlotto.com\/fi\/#website","url":"https:\/\/redfoxlotto.com\/fi\/","name":"Get Tickets for the World\u2019s largest jackpots","description":"Participate in worldwide lottery jackpots from any country","publisher":{"@id":"https:\/\/redfoxlotto.com\/fi\/#organization"},"potentialAction":[{"@type":"SearchAction","target":{"@type":"EntryPoint","urlTemplate":"https:\/\/redfoxlotto.com\/fi\/?s={search_term_string}"},"query-input":{"@type":"PropertyValueSpecification","valueRequired":true,"valueName":"search_term_string"}}],"inLanguage":"fi"},{"@type":"Organization","@id":"https:\/\/redfoxlotto.com\/fi\/#organization","name":"Get Tickets for the World\u2019s largest jackpots","url":"https:\/\/redfoxlotto.com\/fi\/","logo":{"@type":"ImageObject","inLanguage":"fi","@id":"https:\/\/redfoxlotto.com\/fi\/#\/schema\/logo\/image\/","url":"https:\/\/redfoxlotto.com\/wp-content\/uploads\/2023\/04\/logo.png","contentUrl":"https:\/\/redfoxlotto.com\/wp-content\/uploads\/2023\/04\/logo.png","width":269,"height":53,"caption":"Get Tickets for the World\u2019s largest jackpots"},"image":{"@id":"https:\/\/redfoxlotto.com\/fi\/#\/schema\/logo\/image\/"}}]}},"_links":{"self":[{"href":"https:\/\/redfoxlotto.com\/fi\/wp-json\/wp\/v2\/pages\/84477","targetHints":{"allow":["GET"]}}],"collection":[{"href":"https:\/\/redfoxlotto.com\/fi\/wp-json\/wp\/v2\/pages"}],"about":[{"href":"https:\/\/redfoxlotto.com\/fi\/wp-json\/wp\/v2\/types\/page"}],"author":[{"embeddable":true,"href":"https:\/\/redfoxlotto.com\/fi\/wp-json\/wp\/v2\/users\/8"}],"replies":[{"embeddable":true,"href":"https:\/\/redfoxlotto.com\/fi\/wp-json\/wp\/v2\/comments?post=84477"}],"version-history":[{"count":0,"href":"https:\/\/redfoxlotto.com\/fi\/wp-json\/wp\/v2\/pages\/84477\/revisions"}],"wp:attachment":[{"href":"https:\/\/redfoxlotto.com\/fi\/wp-json\/wp\/v2\/media?parent=84477"}],"curies":[{"name":"wp","href":"https:\/\/api.w.org\/{rel}","templated":true}]}}