{"id":84389,"date":"2025-02-12T11:12:52","date_gmt":"2025-02-12T11:12:52","guid":{"rendered":"https:\/\/redfoxlotto.com\/?page_id=84389"},"modified":"2025-10-09T14:05:04","modified_gmt":"2025-10-09T14:05:04","slug":"keno","status":"publish","type":"page","link":"https:\/\/redfoxlotto.com\/fi\/keno\/","title":{"rendered":"Keno"},"content":{"rendered":"<h2>Etk\u00f6 tied\u00e4 miten pelata Kenoa verkossa?<\/h2>\n<p>Tied\u00e4t siis, miten arpajaiset toimivat, mutta et ole koskaan pelannut Kenoa? Anna minun selitt\u00e4\u00e4, miten Kenoa pelataan verkossa. Sit\u00e4 ei ole yht\u00e4 vaikea ymm\u00e4rt\u00e4\u00e4, ja alustamme tekee Keno-lipun luomisesta helppoa.<\/p>\n<div class=\"keno-banner-wrapper\"><img decoding=\"async\" class=\"keno-banner-image\" src=\"https:\/\/redfoxlotto.com\/wp-content\/uploads\/2025\/10\/3-scaled.png\" alt=\"Keno Banner\" \/><br \/>\n<div class=\"keno-banner-overlay\"><div class=\"keno-banner-text\">P\u00e4\u00e4palkinto: \u20ac10,000,000<br>Arvonnat 30 minuutin v\u00e4lein<\/div><a href=\"https:\/\/keno.redfoxlotto.com\/play\/diamond-keno\" class=\"keno-banner-button\">Pelaa Diamond Kenoa nyt<\/a><\/div><\/div>\n<div class=\"keno-banner-wrapper\"><img decoding=\"async\" class=\"keno-banner-image\" src=\"https:\/\/redfoxlotto.com\/wp-content\/uploads\/2025\/10\/1-scaled.png\" alt=\"Keno Banner\" \/><br \/>\n<div class=\"keno-banner-overlay\"><div class=\"keno-banner-text\">P\u00e4\u00e4palkinto: \u20ac5,000,000<br>Arvonnat 8 minuutin v\u00e4lein<\/div><a href=\"https:\/\/keno.redfoxlotto.com\/play\/platinum-keno\" class=\"keno-banner-button\">Pelaa Platinum Kenoa nyt<\/a><\/div><\/div>\n<div class=\"keno-banner-wrapper\"><img decoding=\"async\" class=\"keno-banner-image\" src=\"https:\/\/redfoxlotto.com\/wp-content\/uploads\/2025\/10\/2-scaled.png\" alt=\"Keno Banner\" \/><br \/>\n<div class=\"keno-banner-overlay\"><div class=\"keno-banner-text\">P\u00e4\u00e4palkinto: \u20ac2,000,000<br>Arvonnat 6 minuutin v\u00e4lein<\/div><a href=\"https:\/\/keno.redfoxlotto.com\/play\/gold-keno\" class=\"keno-banner-button\">Pelaa  Gold Kenoa nyt<\/a><\/div><\/div>\n<h2>Erot tavallisen loton ja Kenon v\u00e4lill\u00e4<\/h2>\n<p><img loading=\"lazy\" decoding=\"async\" class=\"alignright size-medium wp-image-83635\" src=\"https:\/\/redfoxlotto.com\/wp-content\/uploads\/2025\/03\/keno_card-300x300.jpg\" alt=\"play keno online\" width=\"300\" height=\"300\" srcset=\"https:\/\/redfoxlotto.com\/wp-content\/uploads\/2025\/03\/keno_card-300x300.jpg 300w, https:\/\/redfoxlotto.com\/wp-content\/uploads\/2025\/03\/keno_card-150x150.jpg 150w, https:\/\/redfoxlotto.com\/wp-content\/uploads\/2025\/03\/keno_card-100x100.jpg 100w, https:\/\/redfoxlotto.com\/wp-content\/uploads\/2025\/03\/keno_card.jpg 307w\" sizes=\"auto, (max-width: 300px) 100vw, 300px\" \/><br \/>\nKun pelaat Kenoa, voit hallita enemm\u00e4n sit\u00e4, kuinka paljon haluat k\u00e4ytt\u00e4\u00e4 lippuun, ja p\u00e4\u00e4t\u00e4t my\u00f6s, kuinka monta numeroa valitset.<\/p>\n<ul>\n<li><strong>Kerroin<\/strong> &#8211; jokaisella Keno-lipulla on perushinta (v\u00e4himm\u00e4ishinta, joka sinun on maksettava yhdest\u00e4 lipusta), mutta siin\u00e4 on my\u00f6s kerrointoiminto. Oletetaan, ett\u00e4 perushinta on 1,00 euroa. Kun valitset kertoimen 5, lippusi maksaa nyt 5,00 \u20ac. Mutta samalla voittamasi summa kasvaa v\u00e4hint\u00e4\u00e4n 5-kertaiseksi. Jos haluat voittaa maksimipalkinnon kullakin voittoportaalla, sinun on valittava maksimikerroin. Kerroin voi vaihdella 1:n ja 5:n tai 1:n ja 10:n v\u00e4lill\u00e4. Jos haluat n\u00e4hd\u00e4 todellisen voiton, napsauta yll\u00e4 olevaa \u201dInfo\u201d-v\u00e4lilehte\u00e4, niin n\u00e4et voittotaulukon.<\/li>\n<li>Napsauta haluamaasi kerrointa, ja kyseisen kertoimen voitot tulevat n\u00e4kyviin.<\/li>\n<li><strong>Pelaa enemm\u00e4n tai v\u00e4hemm\u00e4n numeroita<\/strong> &#8211; Voit p\u00e4\u00e4tt\u00e4\u00e4, haluatko valita lippuusi enemm\u00e4n vai v\u00e4hemm\u00e4n numeroita. Jos haluat voittaa p\u00e4\u00e4palkinnon, sinun on aina valittava maksimim\u00e4\u00e4r\u00e4 eli 10 numeroa. Mutta jos p\u00e4\u00e4t\u00e4t pelata vain 8 numeroa, voitat enemm\u00e4n rahaa, jos kaikki tai osa niist\u00e4 vastaa arvottuja numeroita. Taulukosta \u201dInfo\u201d-sivulla n\u00e4et j\u00e4lleen voitot.<\/li>\n<li><strong>Numerovalikoimasta arvotaan enemm\u00e4n numeroita<\/strong> &#8211; kun tavallisessa lotossa arvotaan 5 tai 6 numeroa 49 tai 60 numeron numerovalikoimasta, Kenoa pelattaessa tilanne on erilainen. Ensinn\u00e4kin useimmissa Keno-peleiss\u00e4 arvotaan 20 numeroa, mutta my\u00f6s mahdollisten numeroiden joukko on suurempi (yleens\u00e4 jossain 70-90 numeron v\u00e4lill\u00e4). Kun voittonumeroita on 20, sinun tarvitsee kuitenkin vain vastata 10:een niist\u00e4 voittaaksesi suuren palkinnon. T\u00e4m\u00e4 tarkoittaa sit\u00e4, ett\u00e4 kun pelaat Kenoa verkossa, kokonaiskertoimet ovat paremmat kuin useimmissa tavallisissa arpajaisissa.<\/li>\n<\/ul>\n<h2>Miten siis pelaan Kenoa verkossa?<\/h2>\n<p><strong>Sinun ei tarvitse tehd\u00e4 muuta kuin seurata alla olevia ohjeita pelataksesi Kenoa verkossa:<\/strong><\/p>\n<ul>\n<li>Napsauta jotakin t\u00e4m\u00e4n sivun Keno-banneria.<\/li>\n<li>Valitse, kuinka monta numeroa haluat pelata<\/li>\n<li>Valitse kerroin ja tarkista lipun hinta (s\u00e4\u00e4d\u00e4 kerrointa tarvittaessa).<\/li>\n<li>Valitse numerot (tai k\u00e4yt\u00e4 Quick Pick -toimintoa satunnaislukujen luomiseksi).<\/li>\n<li>Lis\u00e4\u00e4 halutessasi lis\u00e4\u00e4 lippuja samaan Keno-arvontaan.<\/li>\n<li>P\u00e4\u00e4t\u00e4, haluatko lippusi tai lippusi osallistuvan yhteen vai useampaan arvontaan.<\/li>\n<li>Maksa lippusi (sinun on luotava uusi tili sivustollemme, jos sinulla ei viel\u00e4 ole sellaista, tai kirjaudu sis\u00e4\u00e4n olemassa olevalle tilillesi).<\/li>\n<\/ul>\n<h2>Vain muutama minuutti ennen seuraavaa arvontakierrosta<\/h2>\n<p>Useimmat Keno-arpajaiset arvotaan parin minuutin v\u00e4lein, joten sinun ei tarvitse odottaa kauan saadaksesi tiet\u00e4\u00e4, oletko voittanut. Aina kun Keno-arvonta on tulossa, kun olet verkkosivustollamme, ponnahdusikkuna tulee n\u00e4kyviin ja pian sen j\u00e4lkeen n\u00e4et arvonnan animaatiovideon. Kun ponnahdusikkuna tulee n\u00e4kyviin, sinun pit\u00e4isi viel\u00e4 pysty\u00e4 ostamaan lippu pelataksesi kyseisess\u00e4 tulevassa arvonnassa. Mutta vaikka j\u00e4isitkin paitsi seuraavasta arvonnasta, voit aina luoda lipun seuraavaan tulevaan arvontaan, joka on vain muutaman minuutin p\u00e4\u00e4ss\u00e4!<\/p>\n<p>Keno-arvonnat ovat virtuaalisia arvontoja, joissa numerot luodaan sertifioidulla satunnaislukugeneraattorilla. N\u00e4in voit olla varma, ett\u00e4 kun pelaat Kenoa verkossa sivustollamme, peli on aina reilu.<\/p>\n<p>T\u00e4m\u00e4 ei muuten ole julkinen arvonta, jossa voit ostaa lippuja jostain lottomyyntipisteest\u00e4. Siksi Keno-peleiss\u00e4 et saa mit\u00e4\u00e4n skannattua lippua, vaan saat vain vahvistuksen pelitilillesi.<\/p>\n","protected":false},"excerpt":{"rendered":"<p>Etk\u00f6 tied\u00e4 miten pelata Kenoa verkossa? Tied\u00e4t siis, miten arpajaiset toimivat, mutta et ole koskaan pelannut Kenoa? Anna minun selitt\u00e4\u00e4, miten Kenoa pelataan verkossa. Sit\u00e4 ei ole yht\u00e4 vaikea ymm\u00e4rt\u00e4\u00e4, ja alustamme tekee Keno-lipun luomisesta helppoa. Erot tavallisen loton ja Kenon v\u00e4lill\u00e4 Kun pelaat Kenoa, voit hallita enemm\u00e4n sit\u00e4, kuinka paljon haluat k\u00e4ytt\u00e4\u00e4 lippuun, ja [&hellip;]<\/p>\n","protected":false},"author":8,"featured_media":0,"parent":0,"menu_order":5,"comment_status":"closed","ping_status":"closed","template":"","meta":{"_et_pb_use_builder":"","_et_pb_old_content":"","_et_gb_content_width":"","exclude_from_search":false,"footnotes":""},"class_list":["post-84389","page","type-page","status-publish","hentry"],"yoast_head":"<!-- This site is optimized with the Yoast SEO plugin v27.4 - https:\/\/yoast.com\/product\/yoast-seo-wordpress\/ -->\n<title>Miten Kenoa pelataan verkossa | Kenon s\u00e4\u00e4nn\u00f6t ja strategia verkossa pelattavassa Kenossa<\/title>\n<meta name=\"description\" content=\"Haluatko voittaa suuria summia Kenossa? N\u00e4in pelaat Kenoa verkossa jopa 10 miljoonan euron huippupalkinnoista, ja arvonnat ovat aina vain muutaman minuutin p\u00e4\u00e4ss\u00e4.\" \/>\n<meta name=\"robots\" content=\"index, follow, max-snippet:-1, max-image-preview:large, max-video-preview:-1\" \/>\n<link rel=\"canonical\" href=\"https:\/\/redfoxlotto.com\/fi\/keno\/\" \/>\n<meta property=\"og:locale\" content=\"fi_FI\" \/>\n<meta property=\"og:type\" content=\"article\" \/>\n<meta property=\"og:title\" content=\"Miten Kenoa pelataan verkossa | Kenon s\u00e4\u00e4nn\u00f6t ja strategia verkossa pelattavassa Kenossa\" \/>\n<meta property=\"og:description\" content=\"Haluatko voittaa suuria summia Kenossa? N\u00e4in pelaat Kenoa verkossa jopa 10 miljoonan euron huippupalkinnoista, ja arvonnat ovat aina vain muutaman minuutin p\u00e4\u00e4ss\u00e4.\" \/>\n<meta property=\"og:url\" content=\"https:\/\/redfoxlotto.com\/fi\/keno\/\" \/>\n<meta property=\"og:site_name\" content=\"Get Tickets for the World\u2019s largest jackpots\" \/>\n<meta property=\"article:modified_time\" content=\"2025-10-09T14:05:04+00:00\" \/>\n<meta property=\"og:image\" content=\"https:\/\/redfoxlotto.com\/wp-content\/uploads\/2025\/10\/3-scaled.png\" \/>\n<meta name=\"twitter:card\" content=\"summary_large_image\" \/>\n<meta name=\"twitter:label1\" content=\"Arvioitu lukuaika\" \/>\n\t<meta name=\"twitter:data1\" content=\"3 minuuttia\" \/>\n<script type=\"application\/ld+json\" class=\"yoast-schema-graph\">{\"@context\":\"https:\\\/\\\/schema.org\",\"@graph\":[{\"@type\":\"WebPage\",\"@id\":\"https:\\\/\\\/redfoxlotto.com\\\/fi\\\/keno\\\/\",\"url\":\"https:\\\/\\\/redfoxlotto.com\\\/fi\\\/keno\\\/\",\"name\":\"Miten Kenoa pelataan verkossa | Kenon s\u00e4\u00e4nn\u00f6t ja strategia verkossa pelattavassa Kenossa\",\"isPartOf\":{\"@id\":\"https:\\\/\\\/redfoxlotto.com\\\/fi\\\/#website\"},\"primaryImageOfPage\":{\"@id\":\"https:\\\/\\\/redfoxlotto.com\\\/fi\\\/keno\\\/#primaryimage\"},\"image\":{\"@id\":\"https:\\\/\\\/redfoxlotto.com\\\/fi\\\/keno\\\/#primaryimage\"},\"thumbnailUrl\":\"https:\\\/\\\/redfoxlotto.com\\\/wp-content\\\/uploads\\\/2025\\\/10\\\/3-scaled.png\",\"datePublished\":\"2025-02-12T11:12:52+00:00\",\"dateModified\":\"2025-10-09T14:05:04+00:00\",\"description\":\"Haluatko voittaa suuria summia Kenossa? N\u00e4in pelaat Kenoa verkossa jopa 10 miljoonan euron huippupalkinnoista, ja arvonnat ovat aina vain muutaman minuutin p\u00e4\u00e4ss\u00e4.\",\"breadcrumb\":{\"@id\":\"https:\\\/\\\/redfoxlotto.com\\\/fi\\\/keno\\\/#breadcrumb\"},\"inLanguage\":\"fi\",\"potentialAction\":[{\"@type\":\"ReadAction\",\"target\":[\"https:\\\/\\\/redfoxlotto.com\\\/fi\\\/keno\\\/\"]}]},{\"@type\":\"ImageObject\",\"inLanguage\":\"fi\",\"@id\":\"https:\\\/\\\/redfoxlotto.com\\\/fi\\\/keno\\\/#primaryimage\",\"url\":\"https:\\\/\\\/redfoxlotto.com\\\/wp-content\\\/uploads\\\/2025\\\/10\\\/3-scaled.png\",\"contentUrl\":\"https:\\\/\\\/redfoxlotto.com\\\/wp-content\\\/uploads\\\/2025\\\/10\\\/3-scaled.png\"},{\"@type\":\"BreadcrumbList\",\"@id\":\"https:\\\/\\\/redfoxlotto.com\\\/fi\\\/keno\\\/#breadcrumb\",\"itemListElement\":[{\"@type\":\"ListItem\",\"position\":1,\"name\":\"Home\",\"item\":\"https:\\\/\\\/redfoxlotto.com\\\/fi\\\/\"},{\"@type\":\"ListItem\",\"position\":2,\"name\":\"Keno\"}]},{\"@type\":\"WebSite\",\"@id\":\"https:\\\/\\\/redfoxlotto.com\\\/fi\\\/#website\",\"url\":\"https:\\\/\\\/redfoxlotto.com\\\/fi\\\/\",\"name\":\"Get Tickets for the World\u2019s largest jackpots\",\"description\":\"Participate in worldwide lottery jackpots from any country\",\"publisher\":{\"@id\":\"https:\\\/\\\/redfoxlotto.com\\\/fi\\\/#organization\"},\"potentialAction\":[{\"@type\":\"SearchAction\",\"target\":{\"@type\":\"EntryPoint\",\"urlTemplate\":\"https:\\\/\\\/redfoxlotto.com\\\/fi\\\/?s={search_term_string}\"},\"query-input\":{\"@type\":\"PropertyValueSpecification\",\"valueRequired\":true,\"valueName\":\"search_term_string\"}}],\"inLanguage\":\"fi\"},{\"@type\":\"Organization\",\"@id\":\"https:\\\/\\\/redfoxlotto.com\\\/fi\\\/#organization\",\"name\":\"Get Tickets for the World\u2019s largest jackpots\",\"url\":\"https:\\\/\\\/redfoxlotto.com\\\/fi\\\/\",\"logo\":{\"@type\":\"ImageObject\",\"inLanguage\":\"fi\",\"@id\":\"https:\\\/\\\/redfoxlotto.com\\\/fi\\\/#\\\/schema\\\/logo\\\/image\\\/\",\"url\":\"https:\\\/\\\/redfoxlotto.com\\\/wp-content\\\/uploads\\\/2023\\\/04\\\/logo.png\",\"contentUrl\":\"https:\\\/\\\/redfoxlotto.com\\\/wp-content\\\/uploads\\\/2023\\\/04\\\/logo.png\",\"width\":269,\"height\":53,\"caption\":\"Get Tickets for the World\u2019s largest jackpots\"},\"image\":{\"@id\":\"https:\\\/\\\/redfoxlotto.com\\\/fi\\\/#\\\/schema\\\/logo\\\/image\\\/\"}}]}<\/script>\n<!-- \/ Yoast SEO plugin. -->","yoast_head_json":{"title":"Miten Kenoa pelataan verkossa | Kenon s\u00e4\u00e4nn\u00f6t ja strategia verkossa pelattavassa Kenossa","description":"Haluatko voittaa suuria summia Kenossa? N\u00e4in pelaat Kenoa verkossa jopa 10 miljoonan euron huippupalkinnoista, ja arvonnat ovat aina vain muutaman minuutin p\u00e4\u00e4ss\u00e4.","robots":{"index":"index","follow":"follow","max-snippet":"max-snippet:-1","max-image-preview":"max-image-preview:large","max-video-preview":"max-video-preview:-1"},"canonical":"https:\/\/redfoxlotto.com\/fi\/keno\/","og_locale":"fi_FI","og_type":"article","og_title":"Miten Kenoa pelataan verkossa | Kenon s\u00e4\u00e4nn\u00f6t ja strategia verkossa pelattavassa Kenossa","og_description":"Haluatko voittaa suuria summia Kenossa? N\u00e4in pelaat Kenoa verkossa jopa 10 miljoonan euron huippupalkinnoista, ja arvonnat ovat aina vain muutaman minuutin p\u00e4\u00e4ss\u00e4.","og_url":"https:\/\/redfoxlotto.com\/fi\/keno\/","og_site_name":"Get Tickets for the World\u2019s largest jackpots","article_modified_time":"2025-10-09T14:05:04+00:00","og_image":[{"url":"https:\/\/redfoxlotto.com\/wp-content\/uploads\/2025\/10\/3-scaled.png","type":"","width":"","height":""}],"twitter_card":"summary_large_image","twitter_misc":{"Arvioitu lukuaika":"3 minuuttia"},"schema":{"@context":"https:\/\/schema.org","@graph":[{"@type":"WebPage","@id":"https:\/\/redfoxlotto.com\/fi\/keno\/","url":"https:\/\/redfoxlotto.com\/fi\/keno\/","name":"Miten Kenoa pelataan verkossa | Kenon s\u00e4\u00e4nn\u00f6t ja strategia verkossa pelattavassa Kenossa","isPartOf":{"@id":"https:\/\/redfoxlotto.com\/fi\/#website"},"primaryImageOfPage":{"@id":"https:\/\/redfoxlotto.com\/fi\/keno\/#primaryimage"},"image":{"@id":"https:\/\/redfoxlotto.com\/fi\/keno\/#primaryimage"},"thumbnailUrl":"https:\/\/redfoxlotto.com\/wp-content\/uploads\/2025\/10\/3-scaled.png","datePublished":"2025-02-12T11:12:52+00:00","dateModified":"2025-10-09T14:05:04+00:00","description":"Haluatko voittaa suuria summia Kenossa? N\u00e4in pelaat Kenoa verkossa jopa 10 miljoonan euron huippupalkinnoista, ja arvonnat ovat aina vain muutaman minuutin p\u00e4\u00e4ss\u00e4.","breadcrumb":{"@id":"https:\/\/redfoxlotto.com\/fi\/keno\/#breadcrumb"},"inLanguage":"fi","potentialAction":[{"@type":"ReadAction","target":["https:\/\/redfoxlotto.com\/fi\/keno\/"]}]},{"@type":"ImageObject","inLanguage":"fi","@id":"https:\/\/redfoxlotto.com\/fi\/keno\/#primaryimage","url":"https:\/\/redfoxlotto.com\/wp-content\/uploads\/2025\/10\/3-scaled.png","contentUrl":"https:\/\/redfoxlotto.com\/wp-content\/uploads\/2025\/10\/3-scaled.png"},{"@type":"BreadcrumbList","@id":"https:\/\/redfoxlotto.com\/fi\/keno\/#breadcrumb","itemListElement":[{"@type":"ListItem","position":1,"name":"Home","item":"https:\/\/redfoxlotto.com\/fi\/"},{"@type":"ListItem","position":2,"name":"Keno"}]},{"@type":"WebSite","@id":"https:\/\/redfoxlotto.com\/fi\/#website","url":"https:\/\/redfoxlotto.com\/fi\/","name":"Get Tickets for the World\u2019s largest jackpots","description":"Participate in worldwide lottery jackpots from any country","publisher":{"@id":"https:\/\/redfoxlotto.com\/fi\/#organization"},"potentialAction":[{"@type":"SearchAction","target":{"@type":"EntryPoint","urlTemplate":"https:\/\/redfoxlotto.com\/fi\/?s={search_term_string}"},"query-input":{"@type":"PropertyValueSpecification","valueRequired":true,"valueName":"search_term_string"}}],"inLanguage":"fi"},{"@type":"Organization","@id":"https:\/\/redfoxlotto.com\/fi\/#organization","name":"Get Tickets for the World\u2019s largest jackpots","url":"https:\/\/redfoxlotto.com\/fi\/","logo":{"@type":"ImageObject","inLanguage":"fi","@id":"https:\/\/redfoxlotto.com\/fi\/#\/schema\/logo\/image\/","url":"https:\/\/redfoxlotto.com\/wp-content\/uploads\/2023\/04\/logo.png","contentUrl":"https:\/\/redfoxlotto.com\/wp-content\/uploads\/2023\/04\/logo.png","width":269,"height":53,"caption":"Get Tickets for the World\u2019s largest jackpots"},"image":{"@id":"https:\/\/redfoxlotto.com\/fi\/#\/schema\/logo\/image\/"}}]}},"_links":{"self":[{"href":"https:\/\/redfoxlotto.com\/fi\/wp-json\/wp\/v2\/pages\/84389","targetHints":{"allow":["GET"]}}],"collection":[{"href":"https:\/\/redfoxlotto.com\/fi\/wp-json\/wp\/v2\/pages"}],"about":[{"href":"https:\/\/redfoxlotto.com\/fi\/wp-json\/wp\/v2\/types\/page"}],"author":[{"embeddable":true,"href":"https:\/\/redfoxlotto.com\/fi\/wp-json\/wp\/v2\/users\/8"}],"replies":[{"embeddable":true,"href":"https:\/\/redfoxlotto.com\/fi\/wp-json\/wp\/v2\/comments?post=84389"}],"version-history":[{"count":0,"href":"https:\/\/redfoxlotto.com\/fi\/wp-json\/wp\/v2\/pages\/84389\/revisions"}],"wp:attachment":[{"href":"https:\/\/redfoxlotto.com\/fi\/wp-json\/wp\/v2\/media?parent=84389"}],"curies":[{"name":"wp","href":"https:\/\/api.w.org\/{rel}","templated":true}]}}