{"id":68289,"date":"2024-04-25T08:02:02","date_gmt":"2024-04-25T08:02:02","guid":{"rendered":"https:\/\/redfoxlotto.org\/?page_id=68289"},"modified":"2024-11-24T17:29:12","modified_gmt":"2024-11-24T17:29:12","slug":"purchase-success","status":"publish","type":"page","link":"https:\/\/redfoxlotto.com\/fi\/purchase-success\/","title":{"rendered":"Ostomenestys"},"content":{"rendered":"<p>Olet onnistuneesti ostanut lottokupongin tai liput!<\/p><p>Tilauksesi tiedot n\u00e4et pelitilill\u00e4si. Kirjaudu ensin sis\u00e4\u00e4n ja klikkaa \u201dOmat liput\u201d.<\/p><p>Huomaa, ett\u00e4 numerosi sis\u00e4lt\u00e4v\u00e4n arvan skannaaminen ja lataaminen voi kest\u00e4\u00e4 jonkin aikaa. Lippujen skannaukset ladataan pelitilillesi, mutta niit\u00e4 ei l\u00e4hetet\u00e4 sinulle s\u00e4hk\u00f6postitse.<\/p><p>Nyt sinun tarvitsee vain odottaa arvontoja &#8211; me pid\u00e4mme peukkuja ja toivomme, ett\u00e4 sin\u00e4 voitat.<\/p><p>Jos lippusi voittaa, saat aina s\u00e4hk\u00f6posti-ilmoituksen. Varmista, ett\u00e4 s\u00e4hk\u00f6postimme eiv\u00e4t p\u00e4\u00e4dy \u201dRoskaposti\u201d- tai \u201dTuntematon\u201d-kansioon!&#8221;\u201d<\/p>","protected":false},"excerpt":{"rendered":"<p>Olet onnistuneesti ostanut lottokupongin tai liput! Tilauksesi tiedot n\u00e4et pelitilill\u00e4si. Kirjaudu ensin sis\u00e4\u00e4n ja klikkaa \u201dOmat liput\u201d. Huomaa, ett\u00e4 numerosi sis\u00e4lt\u00e4v\u00e4n arvan skannaaminen ja lataaminen voi kest\u00e4\u00e4 jonkin aikaa. Lippujen skannaukset ladataan pelitilillesi, mutta niit\u00e4 ei l\u00e4hetet\u00e4 sinulle s\u00e4hk\u00f6postitse. Nyt sinun tarvitsee vain odottaa arvontoja &#8211; me pid\u00e4mme peukkuja ja toivomme, ett\u00e4 sin\u00e4 voitat. Jos [&hellip;]<\/p>\n","protected":false},"author":1,"featured_media":0,"parent":0,"menu_order":19,"comment_status":"closed","ping_status":"closed","template":"wc_ThankYou.php","meta":{"_et_pb_use_builder":"","_et_pb_old_content":"","_et_gb_content_width":"","exclude_from_search":false,"footnotes":""},"class_list":["post-68289","page","type-page","status-publish","hentry"],"yoast_head":"<!-- This site is optimized with the Yoast SEO plugin v23.8 - https:\/\/yoast.com\/wordpress\/plugins\/seo\/ -->\n<title>Ostomenestys<\/title>\n<meta name=\"robots\" content=\"index, follow, max-snippet:-1, max-image-preview:large, max-video-preview:-1\" \/>\n<link rel=\"canonical\" href=\"https:\/\/redfoxlotto.com\/fi\/purchase-success\/\" \/>\n<meta property=\"og:locale\" content=\"fi_FI\" \/>\n<meta property=\"og:type\" content=\"article\" \/>\n<meta property=\"og:title\" content=\"Ostomenestys\" \/>\n<meta property=\"og:description\" content=\"Olet onnistuneesti ostanut lottokupongin tai liput! Tilauksesi tiedot n\u00e4et pelitilill\u00e4si. Kirjaudu ensin sis\u00e4\u00e4n ja klikkaa \u201dOmat liput\u201d. Huomaa, ett\u00e4 numerosi sis\u00e4lt\u00e4v\u00e4n arvan skannaaminen ja lataaminen voi kest\u00e4\u00e4 jonkin aikaa. Lippujen skannaukset ladataan pelitilillesi, mutta niit\u00e4 ei l\u00e4hetet\u00e4 sinulle s\u00e4hk\u00f6postitse. Nyt sinun tarvitsee vain odottaa arvontoja &#8211; me pid\u00e4mme peukkuja ja toivomme, ett\u00e4 sin\u00e4 voitat. Jos [&hellip;]\" \/>\n<meta property=\"og:url\" content=\"https:\/\/redfoxlotto.com\/fi\/purchase-success\/\" \/>\n<meta property=\"og:site_name\" content=\"Get Tickets for the World\u2019s largest jackpots\" \/>\n<meta property=\"article:modified_time\" content=\"2024-11-24T17:29:12+00:00\" \/>\n<meta name=\"twitter:card\" content=\"summary_large_image\" \/>\n<meta name=\"twitter:label1\" content=\"Arvioitu lukuaika\" \/>\n\t<meta name=\"twitter:data1\" content=\"1 minuutti\" \/>\n<script type=\"application\/ld+json\" class=\"yoast-schema-graph\">{\"@context\":\"https:\/\/schema.org\",\"@graph\":[{\"@type\":\"WebPage\",\"@id\":\"https:\/\/redfoxlotto.com\/fi\/purchase-success\/\",\"url\":\"https:\/\/redfoxlotto.com\/fi\/purchase-success\/\",\"name\":\"Ostomenestys\",\"isPartOf\":{\"@id\":\"https:\/\/redfoxlotto.com\/fi\/#website\"},\"datePublished\":\"2024-04-25T08:02:02+00:00\",\"dateModified\":\"2024-11-24T17:29:12+00:00\",\"breadcrumb\":{\"@id\":\"https:\/\/redfoxlotto.com\/fi\/purchase-success\/#breadcrumb\"},\"inLanguage\":\"fi\",\"potentialAction\":[{\"@type\":\"ReadAction\",\"target\":[\"https:\/\/redfoxlotto.com\/fi\/purchase-success\/\"]}]},{\"@type\":\"BreadcrumbList\",\"@id\":\"https:\/\/redfoxlotto.com\/fi\/purchase-success\/#breadcrumb\",\"itemListElement\":[{\"@type\":\"ListItem\",\"position\":1,\"name\":\"Home\",\"item\":\"https:\/\/redfoxlotto.com\/fi\/\"},{\"@type\":\"ListItem\",\"position\":2,\"name\":\"Ostomenestys\"}]},{\"@type\":\"WebSite\",\"@id\":\"https:\/\/redfoxlotto.com\/fi\/#website\",\"url\":\"https:\/\/redfoxlotto.com\/fi\/\",\"name\":\"Get Tickets for the World\u2019s largest jackpots\",\"description\":\"Participate in worldwide lottery jackpots from any country\",\"publisher\":{\"@id\":\"https:\/\/redfoxlotto.com\/fi\/#organization\"},\"potentialAction\":[{\"@type\":\"SearchAction\",\"target\":{\"@type\":\"EntryPoint\",\"urlTemplate\":\"https:\/\/redfoxlotto.com\/fi\/?s={search_term_string}\"},\"query-input\":{\"@type\":\"PropertyValueSpecification\",\"valueRequired\":true,\"valueName\":\"search_term_string\"}}],\"inLanguage\":\"fi\"},{\"@type\":\"Organization\",\"@id\":\"https:\/\/redfoxlotto.com\/fi\/#organization\",\"name\":\"Get Tickets for the World\u2019s largest jackpots\",\"url\":\"https:\/\/redfoxlotto.com\/fi\/\",\"logo\":{\"@type\":\"ImageObject\",\"inLanguage\":\"fi\",\"@id\":\"https:\/\/redfoxlotto.com\/fi\/#\/schema\/logo\/image\/\",\"url\":\"https:\/\/redfoxlotto.com\/wp-content\/uploads\/2023\/04\/logo.png\",\"contentUrl\":\"https:\/\/redfoxlotto.com\/wp-content\/uploads\/2023\/04\/logo.png\",\"width\":269,\"height\":53,\"caption\":\"Get Tickets for the World\u2019s largest jackpots\"},\"image\":{\"@id\":\"https:\/\/redfoxlotto.com\/fi\/#\/schema\/logo\/image\/\"}}]}<\/script>\n<!-- \/ Yoast SEO plugin. -->","yoast_head_json":{"title":"Ostomenestys","robots":{"index":"index","follow":"follow","max-snippet":"max-snippet:-1","max-image-preview":"max-image-preview:large","max-video-preview":"max-video-preview:-1"},"canonical":"https:\/\/redfoxlotto.com\/fi\/purchase-success\/","og_locale":"fi_FI","og_type":"article","og_title":"Ostomenestys","og_description":"Olet onnistuneesti ostanut lottokupongin tai liput! Tilauksesi tiedot n\u00e4et pelitilill\u00e4si. Kirjaudu ensin sis\u00e4\u00e4n ja klikkaa \u201dOmat liput\u201d. Huomaa, ett\u00e4 numerosi sis\u00e4lt\u00e4v\u00e4n arvan skannaaminen ja lataaminen voi kest\u00e4\u00e4 jonkin aikaa. Lippujen skannaukset ladataan pelitilillesi, mutta niit\u00e4 ei l\u00e4hetet\u00e4 sinulle s\u00e4hk\u00f6postitse. Nyt sinun tarvitsee vain odottaa arvontoja &#8211; me pid\u00e4mme peukkuja ja toivomme, ett\u00e4 sin\u00e4 voitat. Jos [&hellip;]","og_url":"https:\/\/redfoxlotto.com\/fi\/purchase-success\/","og_site_name":"Get Tickets for the World\u2019s largest jackpots","article_modified_time":"2024-11-24T17:29:12+00:00","twitter_card":"summary_large_image","twitter_misc":{"Arvioitu lukuaika":"1 minuutti"},"schema":{"@context":"https:\/\/schema.org","@graph":[{"@type":"WebPage","@id":"https:\/\/redfoxlotto.com\/fi\/purchase-success\/","url":"https:\/\/redfoxlotto.com\/fi\/purchase-success\/","name":"Ostomenestys","isPartOf":{"@id":"https:\/\/redfoxlotto.com\/fi\/#website"},"datePublished":"2024-04-25T08:02:02+00:00","dateModified":"2024-11-24T17:29:12+00:00","breadcrumb":{"@id":"https:\/\/redfoxlotto.com\/fi\/purchase-success\/#breadcrumb"},"inLanguage":"fi","potentialAction":[{"@type":"ReadAction","target":["https:\/\/redfoxlotto.com\/fi\/purchase-success\/"]}]},{"@type":"BreadcrumbList","@id":"https:\/\/redfoxlotto.com\/fi\/purchase-success\/#breadcrumb","itemListElement":[{"@type":"ListItem","position":1,"name":"Home","item":"https:\/\/redfoxlotto.com\/fi\/"},{"@type":"ListItem","position":2,"name":"Ostomenestys"}]},{"@type":"WebSite","@id":"https:\/\/redfoxlotto.com\/fi\/#website","url":"https:\/\/redfoxlotto.com\/fi\/","name":"Get Tickets for the World\u2019s largest jackpots","description":"Participate in worldwide lottery jackpots from any country","publisher":{"@id":"https:\/\/redfoxlotto.com\/fi\/#organization"},"potentialAction":[{"@type":"SearchAction","target":{"@type":"EntryPoint","urlTemplate":"https:\/\/redfoxlotto.com\/fi\/?s={search_term_string}"},"query-input":{"@type":"PropertyValueSpecification","valueRequired":true,"valueName":"search_term_string"}}],"inLanguage":"fi"},{"@type":"Organization","@id":"https:\/\/redfoxlotto.com\/fi\/#organization","name":"Get Tickets for the World\u2019s largest jackpots","url":"https:\/\/redfoxlotto.com\/fi\/","logo":{"@type":"ImageObject","inLanguage":"fi","@id":"https:\/\/redfoxlotto.com\/fi\/#\/schema\/logo\/image\/","url":"https:\/\/redfoxlotto.com\/wp-content\/uploads\/2023\/04\/logo.png","contentUrl":"https:\/\/redfoxlotto.com\/wp-content\/uploads\/2023\/04\/logo.png","width":269,"height":53,"caption":"Get Tickets for the World\u2019s largest jackpots"},"image":{"@id":"https:\/\/redfoxlotto.com\/fi\/#\/schema\/logo\/image\/"}}]}},"_links":{"self":[{"href":"https:\/\/redfoxlotto.com\/fi\/wp-json\/wp\/v2\/pages\/68289","targetHints":{"allow":["GET"]}}],"collection":[{"href":"https:\/\/redfoxlotto.com\/fi\/wp-json\/wp\/v2\/pages"}],"about":[{"href":"https:\/\/redfoxlotto.com\/fi\/wp-json\/wp\/v2\/types\/page"}],"author":[{"embeddable":true,"href":"https:\/\/redfoxlotto.com\/fi\/wp-json\/wp\/v2\/users\/1"}],"replies":[{"embeddable":true,"href":"https:\/\/redfoxlotto.com\/fi\/wp-json\/wp\/v2\/comments?post=68289"}],"version-history":[{"count":0,"href":"https:\/\/redfoxlotto.com\/fi\/wp-json\/wp\/v2\/pages\/68289\/revisions"}],"wp:attachment":[{"href":"https:\/\/redfoxlotto.com\/fi\/wp-json\/wp\/v2\/media?parent=68289"}],"curies":[{"name":"wp","href":"https:\/\/api.w.org\/{rel}","templated":true}]}}