{"id":62009,"date":"2018-11-18T08:54:25","date_gmt":"2018-11-18T08:54:25","guid":{"rendered":"https:\/\/redfoxlotto.eu\/?page_id=62009"},"modified":"2025-12-18T13:43:00","modified_gmt":"2025-12-18T13:43:00","slug":"eurojackpot","status":"publish","type":"page","link":"https:\/\/redfoxlotto.com\/fi\/lotteries\/eurojackpot\/","title":{"rendered":"Tietoja Eurojackpotista"},"content":{"rendered":"<p><script type=\"application\/ld+json\">\n{\n  \"@context\": \"https:\/\/schema.org\",\n  \"@type\": \"Service\",\n  \"name\": \"Pelaa Eurojackpotia verkossa\",\n  \"url\": \"https:\/\/redfoxlotto.com\/fi\/lotteries\/eurojackpot\/\",\n  \"description\": \"Osta viralliset Eurojackpot-liput verkossa mist\u00e4 tahansa maasta. Vieraile RedFoxLottossa, valitse numerosi ja osallistu seuraavaan arvontaan.\",\n  \"serviceType\": \"Verkkopohjainen lottolippujen v\u00e4lityspalvelu\",<\/p>\n<p>  \"provider\": {\n    \"@type\": \"Organization\",\n    \"name\": \"RedFoxLotto\",\n    \"url\": \"https:\/\/redfoxlotto.com\/fi\",\n    \"image\": \"https:\/\/redfoxlotto.com\/fi\/wp-content\/uploads\/2025\/12\/ticket_scans.jpg\",\n    \"sameAs\": []\n  },<\/p>\n<p>  \"areaServed\": \"Worldwide\",\n  \"termsOfService\": \"https:\/\/redfoxlotto.com\/terms-and-conditions\",<\/p>\n<p>  \"additionalProperty\": {\n    \"@type\": \"PropertyValue\",\n    \"name\": \"UKK\",\n    \"value\": \"https:\/\/redfoxlotto.com\/fi\/faq\/\"\n  },<\/p>\n<p>  \"hasOfferCatalog\": {\n    \"@type\": \"OfferCatalog\",\n    \"name\": \"Eurojackpot-liput\",\n    \"itemListElement\": [\n      {\n        \"@type\": \"Offer\",\n        \"name\": \"Eurojackpot-liput\",\n        \"url\": \"https:\/\/redfoxlotto.com\/fi\/lotteries\/eurojackpot\",\n        \"description\": \"Osta aidot liput verkossa seuraavaan Eurojackpot-arvontaan RedFoxLotton kautta.\",\n        \"price\": \"6.00\",\n        \"priceCurrency\": \"\u20ac\",\n        \"availability\": \"https:\/\/schema.org\/InStock\",<\/p>\n<p>        \"itemOffered\": {\n          \"@type\": \"Service\",\n          \"name\": \"Eurojackpot-lottoliput\",\n          \"description\": \"Osallistu seuraavaan Eurojackpot-arvontaan \u2013 osta liput verkossa RedFoxLotton kautta.\"\n        }\n      }\n    ]\n  },<\/p>\n<p>  \"mainEntityOfPage\": {\n    \"@type\": \"WebPage\",\n    \"@id\": \"https:\/\/redfoxlotto.com\/fi\/lotteries\/eurojackpot\/\"\n  }\n}\n<\/script><\/p>\n<p>Eurojackpot on ollut olemassa vuodesta 2012 l\u00e4htien, ja sen suosio on vain kasvanut siit\u00e4 l\u00e4htien. Yksi syy t\u00e4h\u00e4n on se, ett\u00e4 se on ehdottomasti alkanut voittaa jonkin verran, kun kyse on j\u00e4ttipotista, ja voit oikeasti voittaa kohtuullisen summan rahaa (puhumme siit\u00e4 kuitenkin lis\u00e4\u00e4 my\u00f6hemmin).<\/p>\n<p>Lippuja voi ostaa 17 osallistuvassa Euroopan maassa, mik\u00e4 tekee siit\u00e4 todella hienon niille maille, jotka ovat jo kyseisell\u00e4 alueella.<\/p>\n<p>Mutta ent\u00e4p\u00e4 Yhdistyneess\u00e4 kuningaskunnassa asuvat ihmiset &#8211; he eiv\u00e4t voi vain menn\u00e4 kauppaan ostamaan Eurojackpot-lippuja? Jos asut Suomessa, verkko-ostaminen on oikea tapa. Voit ostaa lippusi meilt\u00e4 my\u00f6s verkossa, jos et asu miss\u00e4\u00e4n n\u00e4ist\u00e4 Euroopan maista.<\/p>\n<h2>Jackpot<\/h2>\n<p><img decoding=\"async\" class=\" wp-image alignright\" src=\"https:\/\/content.redfoxlotto.com\/uploads\/sites\/9\/1_ticket_eurojackpot2.jpg\" alt=\"eurojackpot\" \/>Eurojackpot-arpajaisten minimij\u00e4ttipotti on 10 000 000 euroa. Se on varmasti valtava etu sinulle ja suuri ero el\u00e4m\u00e4ss\u00e4si, eik\u00f6 totta? No, sinulla ei varmasti ole mit\u00e4\u00e4n ongelmaa hankkia sill\u00e4 rahalla todella hienoja juttuja tai maksaa velkoja pois tai mit\u00e4\u00e4n muuta. Mutta se on vain minimi. Summa voi olla paljon suurempi. Itse asiassa enimm\u00e4isvoitto voi olla jopa 120 000 000 euroa. Se tulee olemaan todella valtava summa ja suuri ero el\u00e4m\u00e4ss\u00e4si, mutta ent\u00e4 jos kukaan ei voita? Kaikki t\u00e4m\u00e4n summan ylitt\u00e4v\u00e4t summat siirret\u00e4\u00e4n toiseen palkintoluokkaan.<\/p>\n<p>T\u00e4m\u00e4 tarkoittaa, ett\u00e4 sinulla on mahdollisuus voittaa tuo j\u00e4ttim\u00e4inen j\u00e4ttipotti siihen asti, kunnes se saavuttaa tuon rajan. Siit\u00e4 eteenp\u00e4in toiseksi korkein summa alkaa nousta ja nousta. T\u00e4m\u00e4 tarkoittaa, ett\u00e4 voit saada valtavan j\u00e4ttipotin pienemm\u00e4st\u00e4 m\u00e4\u00e4r\u00e4st\u00e4 numeroita, koska tuosta toiseksi suurimmasta palkinnosta tulee todella hieno bonus ja toinen mahdollisuus voittaa suuria summia.<\/p>\n<h2>Eurojackpotin s\u00e4\u00e4nn\u00f6t<\/h2>\n<p>Jos haluat pelata Eurojackpotia Suomesta k\u00e4sin, haluat varmistaa, ett\u00e4 sinulla on siihen oikea prosessi. Haluat varmistaa, ett\u00e4 pelaat peli\u00e4 oikein ja ett\u00e4 lippusi on valittu oikein. No, olet onnekas, sill\u00e4 n\u00e4m\u00e4 liput ovat superhelppoja valita, eik\u00e4 sinulla ole ongelmia valita juuri sit\u00e4, mit\u00e4 haluat.<\/p>\n<p>Valitset 5 p\u00e4\u00e4numeroa v\u00e4lilt\u00e4 1 ja 50 ja sitten kaksi lis\u00e4numeroa v\u00e4lilt\u00e4 1 ja 12. Saat siis 5 p\u00e4\u00e4numerolla palkinnon, vaikka et osuisi lis\u00e4numeroihin tai t\u00e4htinumeroihin. Palkintotasoja on 12.<\/p>\n<p>T\u00e4m\u00e4 tarkoittaa sit\u00e4, ett\u00e4 voit saada useita erilaisia yhdistelmi\u00e4, joissa numerot t\u00e4sm\u00e4\u00e4v\u00e4t, ja niist\u00e4 saat jonkinlaisen palkinnon. Voit voittaa vain sen verran, ett\u00e4 voitat vain lipun hinnan, tai voit voittaa miljoonia ilman, ett\u00e4 sinun tarvitsee osua kaikkiin numeroihin.<\/p>\n<p>Voittaaksesi p\u00e4\u00e4palkinnon sinun on tietysti osuttava oikeaan kaikilla viidell\u00e4 p\u00e4\u00e4- ja kahdella lis\u00e4numerolla. T\u00e4st\u00e4 tulee monimutkaista ja todella harvinaista, mutta se on ehdottomasti mahdollista. Loppujen lopuksi joku voittaa sen, eik\u00f6 niin? Miksi se joku et voisi olla sin\u00e4? Meid\u00e4n mielest\u00e4mme se on ehdottomasti mahdollista, ja sinun tarvitsee vain vilkaista lipun valintaprosessia ja valmistautua sitten ostamaan.<\/p>\n<h2>Eurojackpot-lipun ostaminen<\/h2>\n<p><img loading=\"lazy\" decoding=\"async\" class=\" wp-image alignright\" src=\"https:\/\/content.redfoxlotto.com\/uploads\/sites\/9\/1_eurojackpot_buy_ticket.jpg\" alt=\"osta eurojackpot lippu\" width=\"229\" height=\"152\" \/>Jos olet valmis pelaamaan Eurojackpotia verkossa, voit tutustua j\u00e4rjestelm\u00e4\u00e4mme ja verkkosivustoomme. Sinun tarvitsee vain menn\u00e4 nettiin ja vilkaista, mutta olet jo siell\u00e4. Mit\u00e4 aiot siis tehd\u00e4 seuraavaksi? Haluat katsoa eri lippuja, joita meill\u00e4 on saatavilla.<\/p>\n<p>Tarjoamme parhaat liput ja suosituimmat pelit, jotka tarjoavat sinulle suurimmat j\u00e4ttipotit. Kun olet katsonut, voit p\u00e4\u00e4tt\u00e4\u00e4, ett\u00e4 haluat ostaa Eurojackpot-lippuja, ja sinut vied\u00e4\u00e4n erilliselle sivulle.<\/p>\n<p>T\u00e4ll\u00e4 sivulla saat lis\u00e4tietoja Eurojackpotista ja voit valita haluamasi liput. Voit valita haluamasi m\u00e4\u00e4r\u00e4n lippuja ja voit valita numerot, jotka haluat lippuusi. Kunhan numerot vastaavat edell\u00e4 mainittuja s\u00e4\u00e4nt\u00f6j\u00e4, voit valita mink\u00e4 tahansa numeroyhdistelm\u00e4n kuhunkin lippuun.<\/p>\n<p>Jos et tietenk\u00e4\u00e4n tied\u00e4, mit\u00e4 numeroita haluat valita, voit valita sen sijaan quick pick -lipun.<\/p>\n<p>Quick pick -lipulla saat satunnaisesti numerot, jotka sopivat vaatimuksiin. N\u00e4in saat lipun, mutta sinun ei tarvitse huolehtia mist\u00e4\u00e4n muusta. Jos haluat valita muutaman vaihtoehdon, mutta et halua valita kaikkia numeroita, voit itse asiassa tehd\u00e4 n\u00e4iden kahden yhdistelm\u00e4n, mik\u00e4 varmasti helpottaa lipun ostamista.<\/p>\n<h2>Luo tilisi<\/h2>\n<p>Kun olet saanut kaikki numerot selville, voit vain k\u00e4yd\u00e4 l\u00e4pi tilin luomisprosessin. Kun aloitat tilin luomisen, se on itse asiassa eritt\u00e4in yksinkertaista, ja sinun tarvitsee vain t\u00e4ytt\u00e4\u00e4 joitakin henkil\u00f6kohtaisia tietoja. N\u00e4iden tietojen avulla sinun on eritt\u00e4in helppoa laittaa rahaa tilillesi, jolla voit maksaa lippusi, ja sinun on my\u00f6s eritt\u00e4in helppoa nostaa rahaa tililt\u00e4si, kun voitat. Se on my\u00f6s eritt\u00e4in yksinkertaista ja helppoa.<\/p>\n<p>Kun olet valmis valitsemaan lippusi, kirjaudut vain takaisin tilillesi ja voit valita haluamasi liput. Jos haluat valita nopeasti, se on viel\u00e4kin helpompaa, ja voit jopa asettaa lippusi valmiiksi useita arvontoja varten. T\u00e4m\u00e4 tarkoittaa, ettei sinun tarvitse huolehtia ylim\u00e4\u00e4r\u00e4isten lippujen ostamisesta seuraavaa arvontakierrosta varten. Pid\u00e4t vain saman lipun ja olet valmis.<\/p>\n","protected":false},"excerpt":{"rendered":"<p>Eurojackpot on ollut olemassa vuodesta 2012 l\u00e4htien, ja sen suosio on vain kasvanut siit\u00e4 l\u00e4htien. Yksi syy t\u00e4h\u00e4n on se, ett\u00e4 se on ehdottomasti alkanut voittaa jonkin verran, kun kyse on j\u00e4ttipotista, ja voit oikeasti voittaa kohtuullisen summan rahaa (puhumme siit\u00e4 kuitenkin lis\u00e4\u00e4 my\u00f6hemmin). Lippuja voi ostaa 17 osallistuvassa Euroopan maassa, mik\u00e4 tekee siit\u00e4 todella [&hellip;]<\/p>\n","protected":false},"author":1,"featured_media":0,"parent":30960,"menu_order":4,"comment_status":"closed","ping_status":"closed","template":"eurojackpot-info.php","meta":{"_et_pb_use_builder":"","_et_pb_old_content":"","_et_gb_content_width":"","exclude_from_search":false,"footnotes":""},"class_list":["post-62009","page","type-page","status-publish","hentry"],"yoast_head":"<!-- This site is optimized with the Yoast SEO plugin v27.3 - https:\/\/yoast.com\/product\/yoast-seo-wordpress\/ -->\n<title>Suomessa asuvat voivat ostaa Eurojackpotin lippuja netist\u00e4 nyt<\/title>\n<meta name=\"description\" content=\"Osta Eurojackpot-lippusi netist\u00e4, jos asut Suomessa. K\u00e4yt\u00e4 palveluamme saadaksesi mahdollisuutesi voittaa, virallisella Eurojackpot-lipulla.\" \/>\n<meta name=\"robots\" content=\"index, follow, max-snippet:-1, max-image-preview:large, max-video-preview:-1\" \/>\n<link rel=\"canonical\" href=\"https:\/\/redfoxlotto.com\/fi\/lotteries\/eurojackpot\/\" \/>\n<meta property=\"og:locale\" content=\"fi_FI\" \/>\n<meta property=\"og:type\" content=\"article\" \/>\n<meta property=\"og:title\" content=\"Suomessa asuvat voivat ostaa Eurojackpotin lippuja netist\u00e4 nyt\" \/>\n<meta property=\"og:description\" content=\"Osta Eurojackpot-lippusi netist\u00e4, jos asut Suomessa. K\u00e4yt\u00e4 palveluamme saadaksesi mahdollisuutesi voittaa, virallisella Eurojackpot-lipulla.\" \/>\n<meta property=\"og:url\" content=\"https:\/\/redfoxlotto.com\/fi\/lotteries\/eurojackpot\/\" \/>\n<meta property=\"og:site_name\" content=\"Get Tickets for the World\u2019s largest jackpots\" \/>\n<meta property=\"article:modified_time\" content=\"2025-12-18T13:43:00+00:00\" \/>\n<meta property=\"og:image\" content=\"https:\/\/content.redfoxlotto.com\/uploads\/sites\/9\/1_ticket_eurojackpot2.jpg\" \/>\n<meta name=\"twitter:card\" content=\"summary_large_image\" \/>\n<meta name=\"twitter:label1\" content=\"Arvioitu lukuaika\" \/>\n\t<meta name=\"twitter:data1\" content=\"4 minuuttia\" \/>\n<script type=\"application\/ld+json\" class=\"yoast-schema-graph\">{\"@context\":\"https:\\\/\\\/schema.org\",\"@graph\":[{\"@type\":\"WebPage\",\"@id\":\"https:\\\/\\\/redfoxlotto.com\\\/fi\\\/lotteries\\\/eurojackpot\\\/\",\"url\":\"https:\\\/\\\/redfoxlotto.com\\\/fi\\\/lotteries\\\/eurojackpot\\\/\",\"name\":\"Suomessa asuvat voivat ostaa Eurojackpotin lippuja netist\u00e4 nyt\",\"isPartOf\":{\"@id\":\"https:\\\/\\\/redfoxlotto.com\\\/fi\\\/#website\"},\"primaryImageOfPage\":{\"@id\":\"https:\\\/\\\/redfoxlotto.com\\\/fi\\\/lotteries\\\/eurojackpot\\\/#primaryimage\"},\"image\":{\"@id\":\"https:\\\/\\\/redfoxlotto.com\\\/fi\\\/lotteries\\\/eurojackpot\\\/#primaryimage\"},\"thumbnailUrl\":\"https:\\\/\\\/content.redfoxlotto.com\\\/uploads\\\/sites\\\/9\\\/1_ticket_eurojackpot2.jpg\",\"datePublished\":\"2018-11-18T08:54:25+00:00\",\"dateModified\":\"2025-12-18T13:43:00+00:00\",\"description\":\"Osta Eurojackpot-lippusi netist\u00e4, jos asut Suomessa. K\u00e4yt\u00e4 palveluamme saadaksesi mahdollisuutesi voittaa, virallisella Eurojackpot-lipulla.\",\"breadcrumb\":{\"@id\":\"https:\\\/\\\/redfoxlotto.com\\\/fi\\\/lotteries\\\/eurojackpot\\\/#breadcrumb\"},\"inLanguage\":\"fi\",\"potentialAction\":[{\"@type\":\"ReadAction\",\"target\":[\"https:\\\/\\\/redfoxlotto.com\\\/fi\\\/lotteries\\\/eurojackpot\\\/\"]}]},{\"@type\":\"ImageObject\",\"inLanguage\":\"fi\",\"@id\":\"https:\\\/\\\/redfoxlotto.com\\\/fi\\\/lotteries\\\/eurojackpot\\\/#primaryimage\",\"url\":\"https:\\\/\\\/content.redfoxlotto.com\\\/uploads\\\/sites\\\/9\\\/1_ticket_eurojackpot2.jpg\",\"contentUrl\":\"https:\\\/\\\/content.redfoxlotto.com\\\/uploads\\\/sites\\\/9\\\/1_ticket_eurojackpot2.jpg\"},{\"@type\":\"BreadcrumbList\",\"@id\":\"https:\\\/\\\/redfoxlotto.com\\\/fi\\\/lotteries\\\/eurojackpot\\\/#breadcrumb\",\"itemListElement\":[{\"@type\":\"ListItem\",\"position\":1,\"name\":\"Home\",\"item\":\"https:\\\/\\\/redfoxlotto.com\\\/fi\\\/\"},{\"@type\":\"ListItem\",\"position\":2,\"name\":\"Miten ostaa online arpoja &#8211; ostoprosessi\",\"item\":\"https:\\\/\\\/redfoxlotto.com\\\/fi\\\/lotteries\\\/\"},{\"@type\":\"ListItem\",\"position\":3,\"name\":\"Tietoja Eurojackpotista\"}]},{\"@type\":\"WebSite\",\"@id\":\"https:\\\/\\\/redfoxlotto.com\\\/fi\\\/#website\",\"url\":\"https:\\\/\\\/redfoxlotto.com\\\/fi\\\/\",\"name\":\"Get Tickets for the World\u2019s largest jackpots\",\"description\":\"Participate in worldwide lottery jackpots from any country\",\"publisher\":{\"@id\":\"https:\\\/\\\/redfoxlotto.com\\\/fi\\\/#organization\"},\"potentialAction\":[{\"@type\":\"SearchAction\",\"target\":{\"@type\":\"EntryPoint\",\"urlTemplate\":\"https:\\\/\\\/redfoxlotto.com\\\/fi\\\/?s={search_term_string}\"},\"query-input\":{\"@type\":\"PropertyValueSpecification\",\"valueRequired\":true,\"valueName\":\"search_term_string\"}}],\"inLanguage\":\"fi\"},{\"@type\":\"Organization\",\"@id\":\"https:\\\/\\\/redfoxlotto.com\\\/fi\\\/#organization\",\"name\":\"Get Tickets for the World\u2019s largest jackpots\",\"url\":\"https:\\\/\\\/redfoxlotto.com\\\/fi\\\/\",\"logo\":{\"@type\":\"ImageObject\",\"inLanguage\":\"fi\",\"@id\":\"https:\\\/\\\/redfoxlotto.com\\\/fi\\\/#\\\/schema\\\/logo\\\/image\\\/\",\"url\":\"https:\\\/\\\/redfoxlotto.com\\\/wp-content\\\/uploads\\\/2023\\\/04\\\/logo.png\",\"contentUrl\":\"https:\\\/\\\/redfoxlotto.com\\\/wp-content\\\/uploads\\\/2023\\\/04\\\/logo.png\",\"width\":269,\"height\":53,\"caption\":\"Get Tickets for the World\u2019s largest jackpots\"},\"image\":{\"@id\":\"https:\\\/\\\/redfoxlotto.com\\\/fi\\\/#\\\/schema\\\/logo\\\/image\\\/\"}}]}<\/script>\n<!-- \/ Yoast SEO plugin. -->","yoast_head_json":{"title":"Suomessa asuvat voivat ostaa Eurojackpotin lippuja netist\u00e4 nyt","description":"Osta Eurojackpot-lippusi netist\u00e4, jos asut Suomessa. K\u00e4yt\u00e4 palveluamme saadaksesi mahdollisuutesi voittaa, virallisella Eurojackpot-lipulla.","robots":{"index":"index","follow":"follow","max-snippet":"max-snippet:-1","max-image-preview":"max-image-preview:large","max-video-preview":"max-video-preview:-1"},"canonical":"https:\/\/redfoxlotto.com\/fi\/lotteries\/eurojackpot\/","og_locale":"fi_FI","og_type":"article","og_title":"Suomessa asuvat voivat ostaa Eurojackpotin lippuja netist\u00e4 nyt","og_description":"Osta Eurojackpot-lippusi netist\u00e4, jos asut Suomessa. K\u00e4yt\u00e4 palveluamme saadaksesi mahdollisuutesi voittaa, virallisella Eurojackpot-lipulla.","og_url":"https:\/\/redfoxlotto.com\/fi\/lotteries\/eurojackpot\/","og_site_name":"Get Tickets for the World\u2019s largest jackpots","article_modified_time":"2025-12-18T13:43:00+00:00","og_image":[{"url":"https:\/\/content.redfoxlotto.com\/uploads\/sites\/9\/1_ticket_eurojackpot2.jpg","type":"","width":"","height":""}],"twitter_card":"summary_large_image","twitter_misc":{"Arvioitu lukuaika":"4 minuuttia"},"schema":{"@context":"https:\/\/schema.org","@graph":[{"@type":"WebPage","@id":"https:\/\/redfoxlotto.com\/fi\/lotteries\/eurojackpot\/","url":"https:\/\/redfoxlotto.com\/fi\/lotteries\/eurojackpot\/","name":"Suomessa asuvat voivat ostaa Eurojackpotin lippuja netist\u00e4 nyt","isPartOf":{"@id":"https:\/\/redfoxlotto.com\/fi\/#website"},"primaryImageOfPage":{"@id":"https:\/\/redfoxlotto.com\/fi\/lotteries\/eurojackpot\/#primaryimage"},"image":{"@id":"https:\/\/redfoxlotto.com\/fi\/lotteries\/eurojackpot\/#primaryimage"},"thumbnailUrl":"https:\/\/content.redfoxlotto.com\/uploads\/sites\/9\/1_ticket_eurojackpot2.jpg","datePublished":"2018-11-18T08:54:25+00:00","dateModified":"2025-12-18T13:43:00+00:00","description":"Osta Eurojackpot-lippusi netist\u00e4, jos asut Suomessa. K\u00e4yt\u00e4 palveluamme saadaksesi mahdollisuutesi voittaa, virallisella Eurojackpot-lipulla.","breadcrumb":{"@id":"https:\/\/redfoxlotto.com\/fi\/lotteries\/eurojackpot\/#breadcrumb"},"inLanguage":"fi","potentialAction":[{"@type":"ReadAction","target":["https:\/\/redfoxlotto.com\/fi\/lotteries\/eurojackpot\/"]}]},{"@type":"ImageObject","inLanguage":"fi","@id":"https:\/\/redfoxlotto.com\/fi\/lotteries\/eurojackpot\/#primaryimage","url":"https:\/\/content.redfoxlotto.com\/uploads\/sites\/9\/1_ticket_eurojackpot2.jpg","contentUrl":"https:\/\/content.redfoxlotto.com\/uploads\/sites\/9\/1_ticket_eurojackpot2.jpg"},{"@type":"BreadcrumbList","@id":"https:\/\/redfoxlotto.com\/fi\/lotteries\/eurojackpot\/#breadcrumb","itemListElement":[{"@type":"ListItem","position":1,"name":"Home","item":"https:\/\/redfoxlotto.com\/fi\/"},{"@type":"ListItem","position":2,"name":"Miten ostaa online arpoja &#8211; ostoprosessi","item":"https:\/\/redfoxlotto.com\/fi\/lotteries\/"},{"@type":"ListItem","position":3,"name":"Tietoja Eurojackpotista"}]},{"@type":"WebSite","@id":"https:\/\/redfoxlotto.com\/fi\/#website","url":"https:\/\/redfoxlotto.com\/fi\/","name":"Get Tickets for the World\u2019s largest jackpots","description":"Participate in worldwide lottery jackpots from any country","publisher":{"@id":"https:\/\/redfoxlotto.com\/fi\/#organization"},"potentialAction":[{"@type":"SearchAction","target":{"@type":"EntryPoint","urlTemplate":"https:\/\/redfoxlotto.com\/fi\/?s={search_term_string}"},"query-input":{"@type":"PropertyValueSpecification","valueRequired":true,"valueName":"search_term_string"}}],"inLanguage":"fi"},{"@type":"Organization","@id":"https:\/\/redfoxlotto.com\/fi\/#organization","name":"Get Tickets for the World\u2019s largest jackpots","url":"https:\/\/redfoxlotto.com\/fi\/","logo":{"@type":"ImageObject","inLanguage":"fi","@id":"https:\/\/redfoxlotto.com\/fi\/#\/schema\/logo\/image\/","url":"https:\/\/redfoxlotto.com\/wp-content\/uploads\/2023\/04\/logo.png","contentUrl":"https:\/\/redfoxlotto.com\/wp-content\/uploads\/2023\/04\/logo.png","width":269,"height":53,"caption":"Get Tickets for the World\u2019s largest jackpots"},"image":{"@id":"https:\/\/redfoxlotto.com\/fi\/#\/schema\/logo\/image\/"}}]}},"_links":{"self":[{"href":"https:\/\/redfoxlotto.com\/fi\/wp-json\/wp\/v2\/pages\/62009","targetHints":{"allow":["GET"]}}],"collection":[{"href":"https:\/\/redfoxlotto.com\/fi\/wp-json\/wp\/v2\/pages"}],"about":[{"href":"https:\/\/redfoxlotto.com\/fi\/wp-json\/wp\/v2\/types\/page"}],"author":[{"embeddable":true,"href":"https:\/\/redfoxlotto.com\/fi\/wp-json\/wp\/v2\/users\/1"}],"replies":[{"embeddable":true,"href":"https:\/\/redfoxlotto.com\/fi\/wp-json\/wp\/v2\/comments?post=62009"}],"version-history":[{"count":0,"href":"https:\/\/redfoxlotto.com\/fi\/wp-json\/wp\/v2\/pages\/62009\/revisions"}],"up":[{"embeddable":true,"href":"https:\/\/redfoxlotto.com\/fi\/wp-json\/wp\/v2\/pages\/30960"}],"wp:attachment":[{"href":"https:\/\/redfoxlotto.com\/fi\/wp-json\/wp\/v2\/media?parent=62009"}],"curies":[{"name":"wp","href":"https:\/\/api.w.org\/{rel}","templated":true}]}}