{"id":62006,"date":"2023-04-24T17:44:36","date_gmt":"2023-04-24T17:44:36","guid":{"rendered":"https:\/\/redfoxlotto.eu\/?page_id=62006"},"modified":"2025-12-16T14:07:37","modified_gmt":"2025-12-16T14:07:37","slug":"eurojackpot","status":"publish","type":"page","link":"https:\/\/redfoxlotto.com\/fi\/pelaa-lottoa-netissa\/eurojackpot\/","title":{"rendered":"Pelaa Eurojackpotia"},"content":{"rendered":"<p><script type=\"application\/ld+json\">\n{\n  \"@context\": \"https:\/\/schema.org\",\n  \"@type\": \"Service\",\n  \"name\": \"Pelaa Eurojackpotia verkossa\",\n  \"url\": \"https:\/\/redfoxlotto.com\/fi\/pelaa\/eurojackpot\/\",\n  \"description\": \"Pelaa Eurojackpot-lottoa verkossa mist\u00e4 tahansa maasta. Vieraile RedFoxLottossa, valitse numerosi ja saat lippusi.\",\n  \"serviceType\": \"Verkossa toimiva lottokuponkien v\u00e4lityspalvelu\",\n  \"provider\": {\n    \"@type\": \"Organization\",\n    \"name\": \"RedFoxLotto\",\n    \"url\": \"https:\/\/redfoxlotto.com\/fi\/\",\n    \"image\": \"https:\/\/redfoxlotto.com\/wp-content\/uploads\/2025\/12\/ticket_scans.jpg\",\n    \"sameAs\": []\n  },\n  \"areaServed\": \"Worldwide\",\n  \"termsOfService\": \"https:\/\/redfoxlotto.com\/terms-and-conditions\",\n  \"additionalProperty\": {\n    \"@type\": \"PropertyValue\",\n    \"name\": \"FAQ\",\n    \"value\": \"https:\/\/redfoxlotto.com\/fi\/faq\/\"\n  },\n  \"hasOfferCatalog\": {\n    \"@type\": \"OfferCatalog\",\n    \"name\": \"Eurojackpot-lottoliput\",\n    \"itemListElement\": [\n      {\n        \"@type\": \"Offer\",\n        \"name\": \"Eurojackpot-liput\",\n        \"url\": \"https:\/\/redfoxlotto.com\/fi\/pelaa\/eurojackpot\/\",\n        \"description\": \"Napsauta t\u00e4st\u00e4 valitaksesi numerosi seuraavaan Eurojackpot-arvontaan \u2013 tilaa lippusi verkossa.\",\n        \"price\": 6.00,\n        \"priceCurrency\": \"EUR\",\n        \"availability\": \"https:\/\/schema.org\/InStock\",\n        \"itemOffered\": {\n          \"@type\": \"Service\",\n          \"name\": \"Eurojackpot-lottoliput\",\n          \"description\": \"Osallistu seuraavaan Eurojackpot-arvontaan RedFoxLoton kautta.\"\n        }\n      }\n    ]\n  },\n  \"mainEntityOfPage\": {\n    \"@type\": \"WebPage\",\n    \"@id\": \"https:\/\/redfoxlotto.com\/fi\/pelaa\/eurojackpot\/\"\n  }\n}\n<\/script><\/p>\n<h2>Miten osallistua Eurojackpotiin Suomesta<\/h2>\n<p>Olet ehk\u00e4 kuullut Eurojackpot-lotosta, riippumatta siit\u00e4, asutko t\u00e4ll\u00e4 hetkell\u00e4 jossakin niist\u00e4 Euroopan maista, joissa sit\u00e4 pelataan vai et. Kyseess\u00e4 on vuonna 2012 alkanut lotto, johon osallistuu 19 Euroopan maata. Mutta jos asut Suomessa tai jossakin muussa maassa, joka ei ole osallistujien listalla, et voi hankkia lippua Eurojackpotiin perinteisell\u00e4 tavalla.<\/p>\n<p>T\u00e4m\u00e4 tarkoittaa, ett\u00e4 viel\u00e4 v\u00e4h\u00e4n aikaa sitten et olisi itse asiassa voinut pelata, eik\u00e4 se varmasti tuo sinulle p\u00e4\u00e4sy\u00e4 t\u00e4h\u00e4n uuteen j\u00e4ttipottiin, vai mit\u00e4? No, nyt voit pelata Eurojackpotia verkossa.<\/p>\n<h2>Internet pelastaa<\/h2>\n<p>Ratkaisun suomalaisille ja muillekin lottofaneille tarjoaa sinulle internet-sivustomme. Eurojackpotin lis\u00e4ksi meilt\u00e4 p\u00e4\u00e4set mukaan useisiin kansainv\u00e4lisiin lottopeleihin. Tarjoamme lottokuponkien kuriiripalvelun lottoihin, joissa on suurimmat j\u00e4ttipotit eri puolilta maailmaa. Useimmat, ellei jopa kaikki, n\u00e4ist\u00e4 arpajaisista eiv\u00e4t muuten olisi saatavilla, mutta me huolehdimme niist\u00e4!<\/p>\n<h2>Miksi pelata Eurojackpotia?<\/h2>\n<p><img loading=\"lazy\" decoding=\"async\" class=\" wp-image alignright\" src=\"https:\/\/redfoxlotto.org\/wp-content\/uploads\/2023\/04\/lotto-online-495x329-1-282x300-1.jpg\" alt=\"pelata eurojackpot verkossa\" width=\"174\" height=\"372\" \/><br \/>\nLoppujen lopuksi tied\u00e4mme, ett\u00e4 ihmiset ymp\u00e4ri maailmaa todella haluavat mahdollisuuden pelata ja voittaa n\u00e4it\u00e4 suuria j\u00e4ttipotteja sen sijaan, ett\u00e4 he olisivat jumissa vain oman maansa lottopelien j\u00e4ttipottien kanssa.<\/p>\n<p>Sinun tarvitsee vain tehd\u00e4 valinta arpajaisluettelostamme. Meill\u00e4 on saatavilla joitakin suosituimpia kaikkialta maailmasta. N\u00e4in voit katsoa, mit\u00e4 kullakin on tarjota, ja p\u00e4\u00e4tt\u00e4\u00e4, mitk\u00e4 niist\u00e4 kiinnostavat sinua eniten.<\/p>\n<p>Valitse sitten numerosi manuaalisesti tai anna satunnaislukugeneraattorimme tehd\u00e4 se puolestasi (Quick Pick -toiminto). Voit jopa yhdist\u00e4\u00e4 n\u00e4m\u00e4 kaksi toimintoa valitsemalla muutaman numeron ja lis\u00e4\u00e4m\u00e4ll\u00e4 sitten satunnaisesti muut numerot, joita tarvitset lippujen t\u00e4ytt\u00e4miseen. N\u00e4in voit saada joitakin numeroita, jotka tied\u00e4t haluavasi, ja voit silti t\u00e4ytt\u00e4\u00e4 kortin, jos et tied\u00e4 kaikkia haluamiasi numeroita.<\/p>\n<p>Lis\u00e4\u00e4 halutessasi lis\u00e4\u00e4 lippuja ja sekoita eri arpajaisia. Se auttaa sinua lis\u00e4\u00e4m\u00e4\u00e4n voittokertoimiasi, koska pelaat useita eri pelej\u00e4 samaan aikaan. Voit jopa tehd\u00e4 sen, mik\u00e4 on hyvin suosittua asiakkaidemme keskuudessa, eli pelata samoja numeroita useissa eri arpajaisissa.<\/p>\n<p>Joistakin t\u00e4m\u00e4 tuntuu hyv\u00e4lt\u00e4 tavalta lis\u00e4t\u00e4 kertoimiaan, koska n\u00e4iden numeroiden on vain pakko vet\u00e4\u00e4 jossain vaiheessa, eik\u00f6 niin? T\u00e4ytyy olla jokin tapa saada nuo numerot voittamaan.<\/p>\n<p>Kun sinulla on kaikki haluamasi liput, voit k\u00e4ytt\u00e4\u00e4 mit\u00e4 tahansa monista turvallisista maksuvaihtoehdoistamme ostaaksesi lippusi. Voit valita monista eri tavoista, joten voit l\u00f6yt\u00e4\u00e4 sellaisen, jonka kautta tuntuu mukavalta laittaa rahaa sis\u00e4\u00e4n ja ottaa rahaa ulos. K\u00e4yt\u00e4mme l\u00e4hes kaikkia suosituimpia alustoja.<\/p>\n<p>\u00c4l\u00e4 unohda m\u00e4\u00e4ritt\u00e4\u00e4, kuinka moneen arvontaan haluat osallistua. T\u00e4m\u00e4 on t\u00e4rke\u00e4\u00e4 erityisesti siksi, ett\u00e4 nykyist\u00e4 j\u00e4ttipottia ei v\u00e4ltt\u00e4m\u00e4tt\u00e4 voiteta seuraavassa arvonnassa. Et kai halua menett\u00e4\u00e4 tilaisuuttasi voittaa viel\u00e4kin suurempia voittoja seuraavassa arvonnassa?<\/p>\n<h2>Mit\u00e4 sitten tapahtuu?<\/h2>\n<p>No, se on itse asiassa melko yksinkertaista, kun pelaat Eurojackpotia verkossa. Meill\u00e4 on agenttiverkosto, joka ostaa Eurojackpot-arpajaisliput valitsemillasi spesifikaatioilla. RedFoxLotto.com-sivuston asiakastilill\u00e4si n\u00e4et vahvistuksen ostostasi. Saat tietenkin vahvistuksen my\u00f6s s\u00e4hk\u00f6postitse. Voit siis luottaa siihen, ett\u00e4 kaikki menee juuri niin kuin olet suunnitellut ja ett\u00e4 lippusi ovat valmiina odottamassa pelin arvontaan.<br \/>\n<img decoding=\"async\" class=\" wp-image alignright\" src=\"https:\/\/redfoxlotto.org\/wp-content\/uploads\/2023\/04\/misc_euro_bills.jpg\" alt=\"voita Eurojackpot\" width=\"250&quot;\" height=\"125\" \/><br \/>\nSinun ei tarvitse huolehtia mist\u00e4\u00e4n sen j\u00e4lkeen, sill\u00e4 pid\u00e4mme sinut ajan tasalla my\u00f6s arvonnoista silt\u00e4 varalta, ett\u00e4 satut unohtamaan, mitk\u00e4 p\u00e4iv\u00e4t ovat kyseess\u00e4.<\/p>\n<p>Ja saat toisen s\u00e4hk\u00f6posti-ilmoituksen, jos jokin lipuistasi on voittanut. Niin kauan kuin voittosi on enint\u00e4\u00e4n 2500 euroa, ne hyvitet\u00e4\u00e4n asiakastilillesi v\u00e4litt\u00f6m\u00e4sti. Voit joko tilitt\u00e4\u00e4 ne sinulle valitsemasi tilin kautta tai voit k\u00e4ytt\u00e4\u00e4 varat uusien lippujen ostamiseen. N\u00e4in sinun on superhelppo tehd\u00e4 oma valintasi, eik\u00f6 niin? Suurempia voittoja varten tukemme ottaa sinuun yhteytt\u00e4 ja hoitaa suoran maksun puolestasi.<\/p>\n<h2>Eurojackpotin pelaamisen erityispiirteet<\/h2>\n<p>Jos aiot pelata Eurojackpotia, sinun on tiedett\u00e4v\u00e4, miten aiot tehd\u00e4 sen. Se on oikeastaan melko yksinkertaista. Sinun on valittava kupongillasi viisi numeroa v\u00e4lilt\u00e4 1-50 sek\u00e4 kaksi numeroa v\u00e4lilt\u00e4 1-12. Jackpotit alkavat v\u00e4hint\u00e4\u00e4n 10 miljoonasta eurosta. On yksi seikka, jossa t\u00e4m\u00e4 lotto eroaa useimmista muista. Kun j\u00e4ttipotti saavuttaa 120 miljoonaa euroa, se rajataan.<\/p>\n<p>T\u00e4m\u00e4 tarkoittaa, ett\u00e4 kaikki rahat, jotka normaalisti lis\u00e4tt\u00e4isiin j\u00e4ttipottiin, lis\u00e4t\u00e4\u00e4n toisen tason palkintoihin. Voit voittaa tuon palkinnon, jos kupongissasi on vain 5 plus 1 numero. Mahdollisuutesi voittaa t\u00e4m\u00e4 palkinto ovat luonnollisesti 12-kertaiset verrattuna mahdollisuuksiisi voittaa j\u00e4ttipotti 5 plus 2 numerolla!<\/p>\n<p>T\u00e4m\u00e4 tarkoittaa, ett\u00e4 jos j\u00e4ttipotti nousee enimm\u00e4ism\u00e4\u00e4r\u00e4\u00e4n, sinulla on itse asiassa toinen mahdollisuus voittaa suuri j\u00e4ttipotti. Toinen taso on helpompi voittaa, ja numerot alkavat nousta siin\u00e4. Se varmasti lis\u00e4\u00e4 mahdollisuuksiasi saada valtava voitto, eik\u00f6 totta?<\/p>\n<p>Ja se tarkoittaa, ett\u00e4 vaikka j\u00e4ttipotti on hieman pienempi, vaikka se on maksimissaan, sinun kannattaa silti ottaa yksi n\u00e4ist\u00e4 lipuista, koska sinulla on hyv\u00e4t mahdollisuudet p\u00e4\u00e4st\u00e4 pitk\u00e4ll\u00e4 aikav\u00e4lill\u00e4 todella pitk\u00e4lle, kun ostat Eurojackpotin netist\u00e4.<\/p>\n<p><strong>Aloita nyt pelaaminen kansainv\u00e4lisiss\u00e4 arpajaisissa &#8211; osta Eurojackpot-lippuja jo t\u00e4n\u00e4\u00e4n!<\/strong><\/p>\n<p>&nbsp;<\/p>\n","protected":false},"excerpt":{"rendered":"<p>Miten osallistua Eurojackpotiin Suomesta Olet ehk\u00e4 kuullut Eurojackpot-lotosta, riippumatta siit\u00e4, asutko t\u00e4ll\u00e4 hetkell\u00e4 jossakin niist\u00e4 Euroopan maista, joissa sit\u00e4 pelataan vai et. Kyseess\u00e4 on vuonna 2012 alkanut lotto, johon osallistuu 19 Euroopan maata. Mutta jos asut Suomessa tai jossakin muussa maassa, joka ei ole osallistujien listalla, et voi hankkia lippua Eurojackpotiin perinteisell\u00e4 tavalla. T\u00e4m\u00e4 tarkoittaa, [&hellip;]<\/p>\n","protected":false},"author":1,"featured_media":0,"parent":30900,"menu_order":4,"comment_status":"closed","ping_status":"closed","template":"eurojackpot.php","meta":{"_et_pb_use_builder":"","_et_pb_old_content":"","_et_gb_content_width":"","exclude_from_search":false,"footnotes":""},"class_list":["post-62006","page","type-page","status-publish","hentry"],"yoast_head":"<!-- This site is optimized with the Yoast SEO plugin v23.8 - https:\/\/yoast.com\/wordpress\/plugins\/seo\/ -->\n<title>Pelaa Eurojackpotia netiss\u00e4 | Miten Suomessa asuvat saavat Eurojackpot-lippuja?<\/title>\n<meta name=\"description\" content=\"P\u00e4\u00e4set Eurojackpotiin nyt - vaikka asuisit Suomessa, pelaa Eurojackpotia ja muita kansainv\u00e4lisi\u00e4 arpajaisia netiss\u00e4.\" \/>\n<meta name=\"robots\" content=\"index, follow, max-snippet:-1, max-image-preview:large, max-video-preview:-1\" \/>\n<link rel=\"canonical\" href=\"https:\/\/redfoxlotto.com\/fi\/pelaa-lottoa-netissa\/eurojackpot\/\" \/>\n<meta property=\"og:locale\" content=\"fi_FI\" \/>\n<meta property=\"og:type\" content=\"article\" \/>\n<meta property=\"og:title\" content=\"Pelaa Eurojackpotia netiss\u00e4 | Miten Suomessa asuvat saavat Eurojackpot-lippuja?\" \/>\n<meta property=\"og:description\" content=\"P\u00e4\u00e4set Eurojackpotiin nyt - vaikka asuisit Suomessa, pelaa Eurojackpotia ja muita kansainv\u00e4lisi\u00e4 arpajaisia netiss\u00e4.\" \/>\n<meta property=\"og:url\" content=\"https:\/\/redfoxlotto.com\/fi\/pelaa-lottoa-netissa\/eurojackpot\/\" \/>\n<meta property=\"og:site_name\" content=\"Get Tickets for the World\u2019s largest jackpots\" \/>\n<meta property=\"article:modified_time\" content=\"2025-12-16T14:07:37+00:00\" \/>\n<meta property=\"og:image\" content=\"https:\/\/redfoxlotto.org\/wp-content\/uploads\/2023\/04\/lotto-online-495x329-1-282x300-1.jpg\" \/>\n<meta name=\"twitter:card\" content=\"summary_large_image\" \/>\n<meta name=\"twitter:label1\" content=\"Arvioitu lukuaika\" \/>\n\t<meta name=\"twitter:data1\" content=\"4 minuuttia\" \/>\n<script type=\"application\/ld+json\" class=\"yoast-schema-graph\">{\"@context\":\"https:\/\/schema.org\",\"@graph\":[{\"@type\":\"WebPage\",\"@id\":\"https:\/\/redfoxlotto.com\/fi\/pelaa-lottoa-netissa\/eurojackpot\/\",\"url\":\"https:\/\/redfoxlotto.com\/fi\/pelaa-lottoa-netissa\/eurojackpot\/\",\"name\":\"Pelaa Eurojackpotia netiss\u00e4 | Miten Suomessa asuvat saavat Eurojackpot-lippuja?\",\"isPartOf\":{\"@id\":\"https:\/\/redfoxlotto.com\/fi\/#website\"},\"primaryImageOfPage\":{\"@id\":\"https:\/\/redfoxlotto.com\/fi\/pelaa-lottoa-netissa\/eurojackpot\/#primaryimage\"},\"image\":{\"@id\":\"https:\/\/redfoxlotto.com\/fi\/pelaa-lottoa-netissa\/eurojackpot\/#primaryimage\"},\"thumbnailUrl\":\"https:\/\/redfoxlotto.org\/wp-content\/uploads\/2023\/04\/lotto-online-495x329-1-282x300-1.jpg\",\"datePublished\":\"2023-04-24T17:44:36+00:00\",\"dateModified\":\"2025-12-16T14:07:37+00:00\",\"description\":\"P\u00e4\u00e4set Eurojackpotiin nyt - vaikka asuisit Suomessa, pelaa Eurojackpotia ja muita kansainv\u00e4lisi\u00e4 arpajaisia netiss\u00e4.\",\"breadcrumb\":{\"@id\":\"https:\/\/redfoxlotto.com\/fi\/pelaa-lottoa-netissa\/eurojackpot\/#breadcrumb\"},\"inLanguage\":\"fi\",\"potentialAction\":[{\"@type\":\"ReadAction\",\"target\":[\"https:\/\/redfoxlotto.com\/fi\/pelaa-lottoa-netissa\/eurojackpot\/\"]}]},{\"@type\":\"ImageObject\",\"inLanguage\":\"fi\",\"@id\":\"https:\/\/redfoxlotto.com\/fi\/pelaa-lottoa-netissa\/eurojackpot\/#primaryimage\",\"url\":\"https:\/\/redfoxlotto.org\/wp-content\/uploads\/2023\/04\/lotto-online-495x329-1-282x300-1.jpg\",\"contentUrl\":\"https:\/\/redfoxlotto.org\/wp-content\/uploads\/2023\/04\/lotto-online-495x329-1-282x300-1.jpg\"},{\"@type\":\"BreadcrumbList\",\"@id\":\"https:\/\/redfoxlotto.com\/fi\/pelaa-lottoa-netissa\/eurojackpot\/#breadcrumb\",\"itemListElement\":[{\"@type\":\"ListItem\",\"position\":1,\"name\":\"Home\",\"item\":\"https:\/\/redfoxlotto.com\/fi\/\"},{\"@type\":\"ListItem\",\"position\":2,\"name\":\"Kuinka pelata muiden maiden lottoja\",\"item\":\"https:\/\/redfoxlotto.com\/fi\/pelaa-lottoa-netissa\/\"},{\"@type\":\"ListItem\",\"position\":3,\"name\":\"Pelaa Eurojackpotia\"}]},{\"@type\":\"WebSite\",\"@id\":\"https:\/\/redfoxlotto.com\/fi\/#website\",\"url\":\"https:\/\/redfoxlotto.com\/fi\/\",\"name\":\"Get Tickets for the World\u2019s largest jackpots\",\"description\":\"Participate in worldwide lottery jackpots from any country\",\"publisher\":{\"@id\":\"https:\/\/redfoxlotto.com\/fi\/#organization\"},\"potentialAction\":[{\"@type\":\"SearchAction\",\"target\":{\"@type\":\"EntryPoint\",\"urlTemplate\":\"https:\/\/redfoxlotto.com\/fi\/?s={search_term_string}\"},\"query-input\":{\"@type\":\"PropertyValueSpecification\",\"valueRequired\":true,\"valueName\":\"search_term_string\"}}],\"inLanguage\":\"fi\"},{\"@type\":\"Organization\",\"@id\":\"https:\/\/redfoxlotto.com\/fi\/#organization\",\"name\":\"Get Tickets for the World\u2019s largest jackpots\",\"url\":\"https:\/\/redfoxlotto.com\/fi\/\",\"logo\":{\"@type\":\"ImageObject\",\"inLanguage\":\"fi\",\"@id\":\"https:\/\/redfoxlotto.com\/fi\/#\/schema\/logo\/image\/\",\"url\":\"https:\/\/redfoxlotto.com\/wp-content\/uploads\/2023\/04\/logo.png\",\"contentUrl\":\"https:\/\/redfoxlotto.com\/wp-content\/uploads\/2023\/04\/logo.png\",\"width\":269,\"height\":53,\"caption\":\"Get Tickets for the World\u2019s largest jackpots\"},\"image\":{\"@id\":\"https:\/\/redfoxlotto.com\/fi\/#\/schema\/logo\/image\/\"}}]}<\/script>\n<!-- \/ Yoast SEO plugin. -->","yoast_head_json":{"title":"Pelaa Eurojackpotia netiss\u00e4 | Miten Suomessa asuvat saavat Eurojackpot-lippuja?","description":"P\u00e4\u00e4set Eurojackpotiin nyt - vaikka asuisit Suomessa, pelaa Eurojackpotia ja muita kansainv\u00e4lisi\u00e4 arpajaisia netiss\u00e4.","robots":{"index":"index","follow":"follow","max-snippet":"max-snippet:-1","max-image-preview":"max-image-preview:large","max-video-preview":"max-video-preview:-1"},"canonical":"https:\/\/redfoxlotto.com\/fi\/pelaa-lottoa-netissa\/eurojackpot\/","og_locale":"fi_FI","og_type":"article","og_title":"Pelaa Eurojackpotia netiss\u00e4 | Miten Suomessa asuvat saavat Eurojackpot-lippuja?","og_description":"P\u00e4\u00e4set Eurojackpotiin nyt - vaikka asuisit Suomessa, pelaa Eurojackpotia ja muita kansainv\u00e4lisi\u00e4 arpajaisia netiss\u00e4.","og_url":"https:\/\/redfoxlotto.com\/fi\/pelaa-lottoa-netissa\/eurojackpot\/","og_site_name":"Get Tickets for the World\u2019s largest jackpots","article_modified_time":"2025-12-16T14:07:37+00:00","og_image":[{"url":"https:\/\/redfoxlotto.org\/wp-content\/uploads\/2023\/04\/lotto-online-495x329-1-282x300-1.jpg"}],"twitter_card":"summary_large_image","twitter_misc":{"Arvioitu lukuaika":"4 minuuttia"},"schema":{"@context":"https:\/\/schema.org","@graph":[{"@type":"WebPage","@id":"https:\/\/redfoxlotto.com\/fi\/pelaa-lottoa-netissa\/eurojackpot\/","url":"https:\/\/redfoxlotto.com\/fi\/pelaa-lottoa-netissa\/eurojackpot\/","name":"Pelaa Eurojackpotia netiss\u00e4 | Miten Suomessa asuvat saavat Eurojackpot-lippuja?","isPartOf":{"@id":"https:\/\/redfoxlotto.com\/fi\/#website"},"primaryImageOfPage":{"@id":"https:\/\/redfoxlotto.com\/fi\/pelaa-lottoa-netissa\/eurojackpot\/#primaryimage"},"image":{"@id":"https:\/\/redfoxlotto.com\/fi\/pelaa-lottoa-netissa\/eurojackpot\/#primaryimage"},"thumbnailUrl":"https:\/\/redfoxlotto.org\/wp-content\/uploads\/2023\/04\/lotto-online-495x329-1-282x300-1.jpg","datePublished":"2023-04-24T17:44:36+00:00","dateModified":"2025-12-16T14:07:37+00:00","description":"P\u00e4\u00e4set Eurojackpotiin nyt - vaikka asuisit Suomessa, pelaa Eurojackpotia ja muita kansainv\u00e4lisi\u00e4 arpajaisia netiss\u00e4.","breadcrumb":{"@id":"https:\/\/redfoxlotto.com\/fi\/pelaa-lottoa-netissa\/eurojackpot\/#breadcrumb"},"inLanguage":"fi","potentialAction":[{"@type":"ReadAction","target":["https:\/\/redfoxlotto.com\/fi\/pelaa-lottoa-netissa\/eurojackpot\/"]}]},{"@type":"ImageObject","inLanguage":"fi","@id":"https:\/\/redfoxlotto.com\/fi\/pelaa-lottoa-netissa\/eurojackpot\/#primaryimage","url":"https:\/\/redfoxlotto.org\/wp-content\/uploads\/2023\/04\/lotto-online-495x329-1-282x300-1.jpg","contentUrl":"https:\/\/redfoxlotto.org\/wp-content\/uploads\/2023\/04\/lotto-online-495x329-1-282x300-1.jpg"},{"@type":"BreadcrumbList","@id":"https:\/\/redfoxlotto.com\/fi\/pelaa-lottoa-netissa\/eurojackpot\/#breadcrumb","itemListElement":[{"@type":"ListItem","position":1,"name":"Home","item":"https:\/\/redfoxlotto.com\/fi\/"},{"@type":"ListItem","position":2,"name":"Kuinka pelata muiden maiden lottoja","item":"https:\/\/redfoxlotto.com\/fi\/pelaa-lottoa-netissa\/"},{"@type":"ListItem","position":3,"name":"Pelaa Eurojackpotia"}]},{"@type":"WebSite","@id":"https:\/\/redfoxlotto.com\/fi\/#website","url":"https:\/\/redfoxlotto.com\/fi\/","name":"Get Tickets for the World\u2019s largest jackpots","description":"Participate in worldwide lottery jackpots from any country","publisher":{"@id":"https:\/\/redfoxlotto.com\/fi\/#organization"},"potentialAction":[{"@type":"SearchAction","target":{"@type":"EntryPoint","urlTemplate":"https:\/\/redfoxlotto.com\/fi\/?s={search_term_string}"},"query-input":{"@type":"PropertyValueSpecification","valueRequired":true,"valueName":"search_term_string"}}],"inLanguage":"fi"},{"@type":"Organization","@id":"https:\/\/redfoxlotto.com\/fi\/#organization","name":"Get Tickets for the World\u2019s largest jackpots","url":"https:\/\/redfoxlotto.com\/fi\/","logo":{"@type":"ImageObject","inLanguage":"fi","@id":"https:\/\/redfoxlotto.com\/fi\/#\/schema\/logo\/image\/","url":"https:\/\/redfoxlotto.com\/wp-content\/uploads\/2023\/04\/logo.png","contentUrl":"https:\/\/redfoxlotto.com\/wp-content\/uploads\/2023\/04\/logo.png","width":269,"height":53,"caption":"Get Tickets for the World\u2019s largest jackpots"},"image":{"@id":"https:\/\/redfoxlotto.com\/fi\/#\/schema\/logo\/image\/"}}]}},"_links":{"self":[{"href":"https:\/\/redfoxlotto.com\/fi\/wp-json\/wp\/v2\/pages\/62006","targetHints":{"allow":["GET"]}}],"collection":[{"href":"https:\/\/redfoxlotto.com\/fi\/wp-json\/wp\/v2\/pages"}],"about":[{"href":"https:\/\/redfoxlotto.com\/fi\/wp-json\/wp\/v2\/types\/page"}],"author":[{"embeddable":true,"href":"https:\/\/redfoxlotto.com\/fi\/wp-json\/wp\/v2\/users\/1"}],"replies":[{"embeddable":true,"href":"https:\/\/redfoxlotto.com\/fi\/wp-json\/wp\/v2\/comments?post=62006"}],"version-history":[{"count":0,"href":"https:\/\/redfoxlotto.com\/fi\/wp-json\/wp\/v2\/pages\/62006\/revisions"}],"up":[{"embeddable":true,"href":"https:\/\/redfoxlotto.com\/fi\/wp-json\/wp\/v2\/pages\/30900"}],"wp:attachment":[{"href":"https:\/\/redfoxlotto.com\/fi\/wp-json\/wp\/v2\/media?parent=62006"}],"curies":[{"name":"wp","href":"https:\/\/api.w.org\/{rel}","templated":true}]}}