{"id":55123,"date":"2020-08-18T09:19:26","date_gmt":"2020-08-18T09:19:26","guid":{"rendered":"https:\/\/redfoxlotto.com\/?page_id=31687"},"modified":"2022-11-10T13:27:34","modified_gmt":"2022-11-10T13:27:34","slug":"lotto-6aus49","status":"publish","type":"page","link":"https:\/\/redfoxlotto.com\/fi\/lotteries\/lotto-6aus49\/","title":{"rendered":"Tietoja Saksan Lotto 6 aus 49"},"content":{"rendered":"<h2>Osta lippuja Saksan Lotto 6aus49 Online<\/h2>\n<p>Kun olet p\u00e4\u00e4tt\u00e4nyt, ett\u00e4 haluat pelata Saksan lottoa, on aika ostaa liput. Mutta miten ostat liput Saksan lottoon 6aus49 netist\u00e4? Se on itse asiassa helpompaa kuin luuletkaan. Sinun tarvitsee vain k\u00e4yd\u00e4 osoitteessa RedFoxLotto.com p\u00e4\u00e4st\u00e4ksesi alkuun.<\/p>\n<h2>Numeroiden valitseminen<\/h2>\n<p><img loading=\"lazy\" decoding=\"async\" class=\" wp-image alignright\" src=\"https:\/\/content.redfoxlotto.com\/uploads\/sites\/9\/1_buy_lottery_tickets_online4.jpg\" alt=\"Saksan lottokuponkeja\" width=\"231\" height=\"231\"><\/p>\n<p>Kun olet valmis pelaamaan, valitset vain 6 numeroa v\u00e4lilt\u00e4 1-49 ja 1 numeron v\u00e4lilt\u00e4 0-9. Muuta ei tarvita. Sitten, jos sinulla on v\u00e4hint\u00e4\u00e4n 3 numeroa, voitat jotain koko pelin ajan. Jos l\u00f6yd\u00e4t viel\u00e4 enemm\u00e4n, voitat viel\u00e4 enemm\u00e4n.<\/p>\n<h2>Lippujen ostaminen<\/h2>\n<p>Tied\u00e4t jo, miten valitset numerot, mutta miten aiot ostaa liput? Se on yksinkertaista. Kirjaudu RedFoxLotto.com-sivustolle ja valitse haluamasi numerot haluamaasi peliin. Se voi olla t\u00e4m\u00e4 tai mik\u00e4 tahansa muu peli. Valitse sitten, kuinka monta arvontakierrosta haluat lippujesi olevan voimassa, ja anna haluamasi maksutapa.<\/p>\n<p><!--more--><img loading=\"lazy\" decoding=\"async\" class=\" wp-image alignright\" src=\"https:\/\/content.redfoxlotto.com\/uploads\/sites\/9\/1_buylottery_online.jpg\" alt=\"voittaa lottoa verkossa\" width=\"234\" height=\"155\"><\/p>\n<p>Kun olet sy\u00f6tt\u00e4nyt maksutietosi ja viimeistellyt ostoksen, sinun tarvitsee vain odottaa, ett\u00e4 saat tiet\u00e4\u00e4, oletko voittanut jotain.<\/p>\n<h2>Voititko sin\u00e4?<\/h2>\n<p>Jos ostat Saksan Lotto 6aus49 -lottokuponkeja netist\u00e4, haluat my\u00f6s selvitt\u00e4\u00e4, oletko voittanut netiss\u00e4, ja se on helpompaa kuin luuletkaan. Sinun tarvitsee vain kirjautua tilillesi ja tarkistaa lippuosiosta voittonumerot ja n\u00e4hd\u00e4ksesi, miten numerosi vertautuvat niihin.<\/p>\n","protected":false},"excerpt":{"rendered":"<p>Osta lippuja Saksan Lotto 6aus49 Online Kun olet p\u00e4\u00e4tt\u00e4nyt, ett\u00e4 haluat pelata Saksan lottoa, on aika ostaa liput. Mutta miten ostat liput Saksan lottoon 6aus49 netist\u00e4? Se on itse asiassa helpompaa kuin luuletkaan. Sinun tarvitsee vain k\u00e4yd\u00e4 osoitteessa RedFoxLotto.com p\u00e4\u00e4st\u00e4ksesi alkuun. Numeroiden valitseminen Kun olet valmis pelaamaan, valitset vain 6 numeroa v\u00e4lilt\u00e4 1-49 ja 1 [&hellip;]<\/p>\n","protected":false},"author":1,"featured_media":0,"parent":30960,"menu_order":15,"comment_status":"closed","ping_status":"closed","template":"lotto-german-info.php","meta":{"_et_pb_use_builder":"","_et_pb_old_content":"","_et_gb_content_width":"","exclude_from_search":false,"footnotes":""},"class_list":["post-55123","page","type-page","status-publish","hentry"],"yoast_head":"<!-- This site is optimized with the Yoast SEO plugin v27.4 - https:\/\/yoast.com\/product\/yoast-seo-wordpress\/ -->\n<title>Hanki liput Saksan lottoon verkossa<\/title>\n<meta name=\"description\" content=\"Lottofanit Saksan ulkopuolelta voivat nyt hankkia &quot;6 aus 49&quot; -lottokuponkeja netist\u00e4.\" \/>\n<meta name=\"robots\" content=\"index, follow, max-snippet:-1, max-image-preview:large, max-video-preview:-1\" \/>\n<link rel=\"canonical\" href=\"https:\/\/redfoxlotto.com\/fi\/lotteries\/lotto-6aus49\/\" \/>\n<meta property=\"og:locale\" content=\"fi_FI\" \/>\n<meta property=\"og:type\" content=\"article\" \/>\n<meta property=\"og:title\" content=\"Hanki liput Saksan lottoon verkossa\" \/>\n<meta property=\"og:description\" content=\"Lottofanit Saksan ulkopuolelta voivat nyt hankkia &quot;6 aus 49&quot; -lottokuponkeja netist\u00e4.\" \/>\n<meta property=\"og:url\" content=\"https:\/\/redfoxlotto.com\/fi\/lotteries\/lotto-6aus49\/\" \/>\n<meta property=\"og:site_name\" content=\"Get Tickets for the World\u2019s largest jackpots\" \/>\n<meta property=\"article:modified_time\" content=\"2022-11-10T13:27:34+00:00\" \/>\n<meta property=\"og:image\" content=\"https:\/\/content.redfoxlotto.com\/uploads\/sites\/9\/1_buy_lottery_tickets_online4.jpg\" \/>\n<meta name=\"twitter:card\" content=\"summary_large_image\" \/>\n<meta name=\"twitter:label1\" content=\"Arvioitu lukuaika\" \/>\n\t<meta name=\"twitter:data1\" content=\"2 minuuttia\" \/>\n<script type=\"application\/ld+json\" class=\"yoast-schema-graph\">{\"@context\":\"https:\\\/\\\/schema.org\",\"@graph\":[{\"@type\":\"WebPage\",\"@id\":\"https:\\\/\\\/redfoxlotto.com\\\/fi\\\/lotteries\\\/lotto-6aus49\\\/\",\"url\":\"https:\\\/\\\/redfoxlotto.com\\\/fi\\\/lotteries\\\/lotto-6aus49\\\/\",\"name\":\"Hanki liput Saksan lottoon verkossa\",\"isPartOf\":{\"@id\":\"https:\\\/\\\/redfoxlotto.com\\\/fi\\\/#website\"},\"primaryImageOfPage\":{\"@id\":\"https:\\\/\\\/redfoxlotto.com\\\/fi\\\/lotteries\\\/lotto-6aus49\\\/#primaryimage\"},\"image\":{\"@id\":\"https:\\\/\\\/redfoxlotto.com\\\/fi\\\/lotteries\\\/lotto-6aus49\\\/#primaryimage\"},\"thumbnailUrl\":\"https:\\\/\\\/content.redfoxlotto.com\\\/uploads\\\/sites\\\/9\\\/1_buy_lottery_tickets_online4.jpg\",\"datePublished\":\"2020-08-18T09:19:26+00:00\",\"dateModified\":\"2022-11-10T13:27:34+00:00\",\"description\":\"Lottofanit Saksan ulkopuolelta voivat nyt hankkia \\\"6 aus 49\\\" -lottokuponkeja netist\u00e4.\",\"breadcrumb\":{\"@id\":\"https:\\\/\\\/redfoxlotto.com\\\/fi\\\/lotteries\\\/lotto-6aus49\\\/#breadcrumb\"},\"inLanguage\":\"fi\",\"potentialAction\":[{\"@type\":\"ReadAction\",\"target\":[\"https:\\\/\\\/redfoxlotto.com\\\/fi\\\/lotteries\\\/lotto-6aus49\\\/\"]}]},{\"@type\":\"ImageObject\",\"inLanguage\":\"fi\",\"@id\":\"https:\\\/\\\/redfoxlotto.com\\\/fi\\\/lotteries\\\/lotto-6aus49\\\/#primaryimage\",\"url\":\"https:\\\/\\\/content.redfoxlotto.com\\\/uploads\\\/sites\\\/9\\\/1_buy_lottery_tickets_online4.jpg\",\"contentUrl\":\"https:\\\/\\\/content.redfoxlotto.com\\\/uploads\\\/sites\\\/9\\\/1_buy_lottery_tickets_online4.jpg\"},{\"@type\":\"BreadcrumbList\",\"@id\":\"https:\\\/\\\/redfoxlotto.com\\\/fi\\\/lotteries\\\/lotto-6aus49\\\/#breadcrumb\",\"itemListElement\":[{\"@type\":\"ListItem\",\"position\":1,\"name\":\"Home\",\"item\":\"https:\\\/\\\/redfoxlotto.com\\\/fi\\\/\"},{\"@type\":\"ListItem\",\"position\":2,\"name\":\"Miten ostaa online arpoja &#8211; ostoprosessi\",\"item\":\"https:\\\/\\\/redfoxlotto.com\\\/fi\\\/lotteries\\\/\"},{\"@type\":\"ListItem\",\"position\":3,\"name\":\"Tietoja Saksan Lotto 6 aus 49\"}]},{\"@type\":\"WebSite\",\"@id\":\"https:\\\/\\\/redfoxlotto.com\\\/fi\\\/#website\",\"url\":\"https:\\\/\\\/redfoxlotto.com\\\/fi\\\/\",\"name\":\"Get Tickets for the World\u2019s largest jackpots\",\"description\":\"Participate in worldwide lottery jackpots from any country\",\"publisher\":{\"@id\":\"https:\\\/\\\/redfoxlotto.com\\\/fi\\\/#organization\"},\"potentialAction\":[{\"@type\":\"SearchAction\",\"target\":{\"@type\":\"EntryPoint\",\"urlTemplate\":\"https:\\\/\\\/redfoxlotto.com\\\/fi\\\/?s={search_term_string}\"},\"query-input\":{\"@type\":\"PropertyValueSpecification\",\"valueRequired\":true,\"valueName\":\"search_term_string\"}}],\"inLanguage\":\"fi\"},{\"@type\":\"Organization\",\"@id\":\"https:\\\/\\\/redfoxlotto.com\\\/fi\\\/#organization\",\"name\":\"Get Tickets for the World\u2019s largest jackpots\",\"url\":\"https:\\\/\\\/redfoxlotto.com\\\/fi\\\/\",\"logo\":{\"@type\":\"ImageObject\",\"inLanguage\":\"fi\",\"@id\":\"https:\\\/\\\/redfoxlotto.com\\\/fi\\\/#\\\/schema\\\/logo\\\/image\\\/\",\"url\":\"https:\\\/\\\/redfoxlotto.com\\\/wp-content\\\/uploads\\\/2023\\\/04\\\/logo.png\",\"contentUrl\":\"https:\\\/\\\/redfoxlotto.com\\\/wp-content\\\/uploads\\\/2023\\\/04\\\/logo.png\",\"width\":269,\"height\":53,\"caption\":\"Get Tickets for the World\u2019s largest jackpots\"},\"image\":{\"@id\":\"https:\\\/\\\/redfoxlotto.com\\\/fi\\\/#\\\/schema\\\/logo\\\/image\\\/\"}}]}<\/script>\n<!-- \/ Yoast SEO plugin. -->","yoast_head_json":{"title":"Hanki liput Saksan lottoon verkossa","description":"Lottofanit Saksan ulkopuolelta voivat nyt hankkia \"6 aus 49\" -lottokuponkeja netist\u00e4.","robots":{"index":"index","follow":"follow","max-snippet":"max-snippet:-1","max-image-preview":"max-image-preview:large","max-video-preview":"max-video-preview:-1"},"canonical":"https:\/\/redfoxlotto.com\/fi\/lotteries\/lotto-6aus49\/","og_locale":"fi_FI","og_type":"article","og_title":"Hanki liput Saksan lottoon verkossa","og_description":"Lottofanit Saksan ulkopuolelta voivat nyt hankkia \"6 aus 49\" -lottokuponkeja netist\u00e4.","og_url":"https:\/\/redfoxlotto.com\/fi\/lotteries\/lotto-6aus49\/","og_site_name":"Get Tickets for the World\u2019s largest jackpots","article_modified_time":"2022-11-10T13:27:34+00:00","og_image":[{"url":"https:\/\/content.redfoxlotto.com\/uploads\/sites\/9\/1_buy_lottery_tickets_online4.jpg","type":"","width":"","height":""}],"twitter_card":"summary_large_image","twitter_misc":{"Arvioitu lukuaika":"2 minuuttia"},"schema":{"@context":"https:\/\/schema.org","@graph":[{"@type":"WebPage","@id":"https:\/\/redfoxlotto.com\/fi\/lotteries\/lotto-6aus49\/","url":"https:\/\/redfoxlotto.com\/fi\/lotteries\/lotto-6aus49\/","name":"Hanki liput Saksan lottoon verkossa","isPartOf":{"@id":"https:\/\/redfoxlotto.com\/fi\/#website"},"primaryImageOfPage":{"@id":"https:\/\/redfoxlotto.com\/fi\/lotteries\/lotto-6aus49\/#primaryimage"},"image":{"@id":"https:\/\/redfoxlotto.com\/fi\/lotteries\/lotto-6aus49\/#primaryimage"},"thumbnailUrl":"https:\/\/content.redfoxlotto.com\/uploads\/sites\/9\/1_buy_lottery_tickets_online4.jpg","datePublished":"2020-08-18T09:19:26+00:00","dateModified":"2022-11-10T13:27:34+00:00","description":"Lottofanit Saksan ulkopuolelta voivat nyt hankkia \"6 aus 49\" -lottokuponkeja netist\u00e4.","breadcrumb":{"@id":"https:\/\/redfoxlotto.com\/fi\/lotteries\/lotto-6aus49\/#breadcrumb"},"inLanguage":"fi","potentialAction":[{"@type":"ReadAction","target":["https:\/\/redfoxlotto.com\/fi\/lotteries\/lotto-6aus49\/"]}]},{"@type":"ImageObject","inLanguage":"fi","@id":"https:\/\/redfoxlotto.com\/fi\/lotteries\/lotto-6aus49\/#primaryimage","url":"https:\/\/content.redfoxlotto.com\/uploads\/sites\/9\/1_buy_lottery_tickets_online4.jpg","contentUrl":"https:\/\/content.redfoxlotto.com\/uploads\/sites\/9\/1_buy_lottery_tickets_online4.jpg"},{"@type":"BreadcrumbList","@id":"https:\/\/redfoxlotto.com\/fi\/lotteries\/lotto-6aus49\/#breadcrumb","itemListElement":[{"@type":"ListItem","position":1,"name":"Home","item":"https:\/\/redfoxlotto.com\/fi\/"},{"@type":"ListItem","position":2,"name":"Miten ostaa online arpoja &#8211; ostoprosessi","item":"https:\/\/redfoxlotto.com\/fi\/lotteries\/"},{"@type":"ListItem","position":3,"name":"Tietoja Saksan Lotto 6 aus 49"}]},{"@type":"WebSite","@id":"https:\/\/redfoxlotto.com\/fi\/#website","url":"https:\/\/redfoxlotto.com\/fi\/","name":"Get Tickets for the World\u2019s largest jackpots","description":"Participate in worldwide lottery jackpots from any country","publisher":{"@id":"https:\/\/redfoxlotto.com\/fi\/#organization"},"potentialAction":[{"@type":"SearchAction","target":{"@type":"EntryPoint","urlTemplate":"https:\/\/redfoxlotto.com\/fi\/?s={search_term_string}"},"query-input":{"@type":"PropertyValueSpecification","valueRequired":true,"valueName":"search_term_string"}}],"inLanguage":"fi"},{"@type":"Organization","@id":"https:\/\/redfoxlotto.com\/fi\/#organization","name":"Get Tickets for the World\u2019s largest jackpots","url":"https:\/\/redfoxlotto.com\/fi\/","logo":{"@type":"ImageObject","inLanguage":"fi","@id":"https:\/\/redfoxlotto.com\/fi\/#\/schema\/logo\/image\/","url":"https:\/\/redfoxlotto.com\/wp-content\/uploads\/2023\/04\/logo.png","contentUrl":"https:\/\/redfoxlotto.com\/wp-content\/uploads\/2023\/04\/logo.png","width":269,"height":53,"caption":"Get Tickets for the World\u2019s largest jackpots"},"image":{"@id":"https:\/\/redfoxlotto.com\/fi\/#\/schema\/logo\/image\/"}}]}},"_links":{"self":[{"href":"https:\/\/redfoxlotto.com\/fi\/wp-json\/wp\/v2\/pages\/55123","targetHints":{"allow":["GET"]}}],"collection":[{"href":"https:\/\/redfoxlotto.com\/fi\/wp-json\/wp\/v2\/pages"}],"about":[{"href":"https:\/\/redfoxlotto.com\/fi\/wp-json\/wp\/v2\/types\/page"}],"author":[{"embeddable":true,"href":"https:\/\/redfoxlotto.com\/fi\/wp-json\/wp\/v2\/users\/1"}],"replies":[{"embeddable":true,"href":"https:\/\/redfoxlotto.com\/fi\/wp-json\/wp\/v2\/comments?post=55123"}],"version-history":[{"count":0,"href":"https:\/\/redfoxlotto.com\/fi\/wp-json\/wp\/v2\/pages\/55123\/revisions"}],"up":[{"embeddable":true,"href":"https:\/\/redfoxlotto.com\/fi\/wp-json\/wp\/v2\/pages\/30960"}],"wp:attachment":[{"href":"https:\/\/redfoxlotto.com\/fi\/wp-json\/wp\/v2\/media?parent=55123"}],"curies":[{"name":"wp","href":"https:\/\/api.w.org\/{rel}","templated":true}]}}