{"id":50455,"date":"2023-04-13T18:01:41","date_gmt":"2023-04-13T18:01:41","guid":{"rendered":"https:\/\/redfoxlotto.eu\/?page_id=50455"},"modified":"2026-01-06T08:30:57","modified_gmt":"2026-01-06T08:30:57","slug":"asuinmaallasi-ei-ole-valia-pelaa-maailman-suurimpia-arpajaisia","status":"publish","type":"page","link":"https:\/\/redfoxlotto.com\/fi\/","title":{"rendered":"Asuinmaallasi ei ole v\u00e4li\u00e4, pelaa maailman suurimpia arpajaisia."},"content":{"rendered":"<p><script type=\"application\/ld+json\">\n{\n  \"@context\": \"https:\/\/schema.org\",\n  \"@type\": \"Service\",\n  \"name\": \"Pelaa Powerballia verkossa\",\n  \"url\": \"https:\/\/redfoxlotto.com\/fi\/\",\n  \"description\": \"Maailman suurimmat lottop\u00e4\u00e4voitot saatavilla mist\u00e4 tahansa \u2013 osta lottokupongit verkossa nyt!\",\n  \"serviceType\": \"Verkkopohjainen lottokuponkien v\u00e4lityspalvelu\",\n  \"provider\": {\n    \"@type\": \"Organization\",\n    \"name\": \"RedFoxLotto\",\n    \"url\": \"https:\/\/redfoxlotto.com\/fi\/\",\n    \"image\": \"https:\/\/redfoxlotto.com\/wp-content\/uploads\/2025\/12\/ticket_scans.jpg\"\n  },\n  \"areaServed\": \"Maailmanlaajuisesti\",\n  \"termsOfService\": \"https:\/\/redfoxlotto.com\/terms-and-conditions\",\n  \"additionalProperty\": {\n    \"@type\": \"PropertyValue\",\n    \"name\": \"Usein kysytyt kysymykset\",\n    \"value\": \"https:\/\/redfoxlotto.com\/fi\/faq\/\"\n  },\n  \"hasOfferCatalog\": {\n    \"@type\": \"OfferCatalog\",\n    \"name\": \"Lottokupongit kansainv\u00e4lisiin lottoihin\",\n    \"itemListElement\": [\n      {\n        \"@type\": \"Offer\",\n        \"name\": \"Kupongit Powerballiin, Mega Millionsiin, Euromillionsiin ja muihin\",\n        \"url\": \"https:\/\/redfoxlotto.com\/fi\/\",\n        \"description\": \"Osta kupongit maailman suurimpiin lottop\u00e4\u00e4voittoihin.\",\n        \"availability\": \"https:\/\/schema.org\/InStock\",\n        \"itemOffered\": {\n          \"@type\": \"Service\",\n          \"name\": \"Kansainv\u00e4liset lottokupongit\",\n          \"description\": \"Osallistu kansainv\u00e4lisiin lottoihin RedFoxLotto-palvelun kautta.\"\n        }\n      }\n    ]\n  },\n  \"mainEntityOfPage\": {\n    \"@type\": \"WebPage\",\n    \"@id\": \"https:\/\/redfoxlotto.com\/fi\/\"\n  }\n}\n<\/script><\/p>\n<h2>Asuinmaallasi ei ole merkityst\u00e4 \u2013 pelaa maailman suurimpia lottoja<\/h2>\n<p><img loading=\"lazy\" decoding=\"async\" class=\"size-full wp-image-4467 alignright\" src=\"https:\/\/redfoxlotto.com\/wp-content\/uploads\/2024\/03\/Balls_2.png\" alt=\"online-lottokuponki\" width=\"212\" height=\"250\" \/>Kuinka monta kertaa olet kuullut lottovoittajista eri puolilla maailmaa, jotka ovat voittaneet valtavia rahasummia? Valitettavasti n\u00e4m\u00e4 suuret voitot on useimmiten saavutettu muissa maissa. Toki my\u00f6s omassa maassasi tulee aika ajoin suuria jackpotteja, mutta usein kest\u00e4\u00e4 kauan, ennen kuin jackpot kasvaa riitt\u00e4v\u00e4n suureksi. Jos siis odotat suurta jackpotia, saatat joutua odottamaan pitk\u00e4\u00e4n.<\/p>\n<p>Nyt voit kuitenkin ostaa lottokuponkeja verkossa maailman suurimpiin jackpotteihin. T\u00e4m\u00e4 tarkoittaa, ett\u00e4 voit osallistua lottoihin oman maasi ulkopuolella. Se on t\u00e4ysin laillista ja eritt\u00e4in k\u00e4tev\u00e4\u00e4. Voit tilata lottokuponkisi verkossa vain muutamalla hiiren napsautuksella. T\u00e4m\u00e4n j\u00e4lkeen maksat esimerkiksi luottokortilla t\u00e4ysin turvallisen prosessin kautta. Vaihtoehtoisesti voit k\u00e4ytt\u00e4\u00e4 jotakin muuta maksutapaamme. Saat pian vahvistuss\u00e4hk\u00f6postin. Yksik\u00e4\u00e4n lottokuponki ei voi kadota, ja ilmoitamme sinulle automaattisesti jokaisesta voitosta. N\u00e4in et voi menett\u00e4\u00e4 voittoa siksi, ett\u00e4 unohdit tarkistaa tulokset!<\/p>\n<h2>Suurin etu lottokupongin ostamisessa verkossa<\/h2>\n<p>Suurin etu on se, ett\u00e4 voit aina ostaa kuponkeja lottoihin, joiden jackpotit ovat juuri nyt korkeimmillaan. Ei ole v\u00e4li\u00e4, kuinka paljon rahaa k\u00e4yt\u00e4t lottokuponkeihin. On ehdottomasti taloudellisempaa sijoittaa 150 miljoonan jackpotin tavoitteluun kuin kahden miljoonan voittoon. Useampien verkossa saatavilla olevien lottojen ansiosta l\u00f6yd\u00e4t joka viikko v\u00e4hint\u00e4\u00e4n yhden valtavan jackpotin. T\u00e4m\u00e4 tarjoaa paremman hinta\u2013voittosuhteen kuin paikallinen lotto. Ja joskus jackpotit voivat nousta huikeisiin lukemiin.<\/p>\n<p>Maailmanenn\u00e4tys jackpotissa on 2 040 000 000 dollaria (hein\u00e4kuu 2023). Se voitettiin 22. marraskuuta 2022 Yhdysvaltain Powerball-lotossa. Tammikuun 13. p\u00e4iv\u00e4n\u00e4 2016 voitettiin toinen 1,586 miljardin dollarin jackpot, my\u00f6s Powerballissa. Kolmanneksi suurin jackpot koskaan voitettiin Mega Millions -lotossa 23. lokakuuta 2018, jolloin onnekas voittaja sai 1,537 miljardia dollaria.<\/p>\n<p>Monet aiemmista suurista voitoista n\u00e4iss\u00e4 lottoissa on saavutettu ostamalla kupongit verkossa.<\/p>\n<h2>Mit\u00e4 tapahtuu sen j\u00e4lkeen, kun tilaan kuponkini verkossa?<\/h2>\n<p><img loading=\"lazy\" decoding=\"async\" class=\"size-medium wp-image-39298 alignright\" src=\"https:\/\/redfoxlotto.com\/wp-content\/uploads\/2023\/04\/1_play_online_lotto.jpg\" alt=\"pelaa lottoa verkossa\" width=\"300\" height=\"300\" \/>RedFoxLotto.comin tarjoama palvelu tarkoittaa, ett\u00e4 meill\u00e4 on ty\u00f6ntekij\u00f6it\u00e4 eri lottojen kohdemaissa. He ostavat tilaamasi kupongit. Kyseess\u00e4 ovat aidot, viralliset lottokupongit. Varmistamme, ett\u00e4 kupongit sis\u00e4lt\u00e4v\u00e4t valitsemasi numerot. Ostoksen j\u00e4lkeen saat vahvistuss\u00e4hk\u00f6postin. Voit tarkastella tilaustasi ja numeroitasi asiakastilill\u00e4si. Pian tilauksen j\u00e4lkeen ostamamme kupongin skannattu kopio ladataan asiakastilillesi.<\/p>\n<h2>Ent\u00e4 jos voitan?<\/h2>\n<p>My\u00f6s t\u00e4m\u00e4 on tehty sinulle helpoksi. Kaikki alle 2 500 \u20ac voitot hyvitet\u00e4\u00e4n v\u00e4litt\u00f6m\u00e4sti RedFoxLotto-tilillesi. Sielt\u00e4 voit k\u00e4ytt\u00e4\u00e4 samoja maksutapoja kuin kuponkien ostossa. Jos voittosi ylitt\u00e4\u00e4 2 500 \u20ac, asiakaspalvelutiimimme ottaa sinuun yhteytt\u00e4 maksun j\u00e4rjest\u00e4miseksi. Otamme puolestasi yhteytt\u00e4 asiaankuuluvaan lottoviranomaiseen. T\u00e4llainen maksu suoritetaan yleens\u00e4 suoraan pankkitilillesi tai sekill\u00e4.<\/p>\n<p>K\u00e4sittelemme voittosi maksutta, lukuun ottamatta pient\u00e4 maksua pankkisiirroista tiettyihin pankkeihin.<\/p>\n<p>Lis\u00e4tietoja l\u00f6yd\u00e4t UKK-osiostamme. Jos et l\u00f6yd\u00e4 vastausta kysymyksiisi sielt\u00e4, ota yhteytt\u00e4 tukitiimiimme.<\/p>\n<p>Sinun ei siis en\u00e4\u00e4 tarvitse tyyty\u00e4 pienempiin jackpotteihin! Valitse vain suurempi jackpot verkkosivustoltamme, valitse numerosi ja pian voit olla seuraava lottomiljon\u00e4\u00e4ri! Toivotamme sinulle onnea!<\/p>\n","protected":false},"excerpt":{"rendered":"<p>Asuinmaallasi ei ole merkityst\u00e4 \u2013 pelaa maailman suurimpia lottoja Kuinka monta kertaa olet kuullut lottovoittajista eri puolilla maailmaa, jotka ovat voittaneet valtavia rahasummia? Valitettavasti n\u00e4m\u00e4 suuret voitot on useimmiten saavutettu muissa maissa. Toki my\u00f6s omassa maassasi tulee aika ajoin suuria jackpotteja, mutta usein kest\u00e4\u00e4 kauan, ennen kuin jackpot kasvaa riitt\u00e4v\u00e4n suureksi. Jos siis odotat suurta [&hellip;]<\/p>\n","protected":false},"author":1,"featured_media":0,"parent":0,"menu_order":1,"comment_status":"closed","ping_status":"closed","template":"lotto.php","meta":{"_et_pb_use_builder":"","_et_pb_old_content":"","_et_gb_content_width":"","exclude_from_search":false,"footnotes":""},"class_list":["post-50455","page","type-page","status-publish","hentry"],"yoast_head":"<!-- This site is optimized with the Yoast SEO plugin v27.3 - https:\/\/yoast.com\/product\/yoast-seo-wordpress\/ -->\n<title>Lotto netiss\u00e4 | Osta lippuja maailman suurimpiin lotto-j\u00e4ttipotteihin<\/title>\n<meta name=\"description\" content=\"Maailman suurimmat lottoj\u00e4ttipotit saatavilla mist\u00e4 tahansa - osta lottokuponkeja netist\u00e4 nyt!\" \/>\n<meta name=\"robots\" content=\"index, follow, max-snippet:-1, max-image-preview:large, max-video-preview:-1\" \/>\n<link rel=\"canonical\" href=\"https:\/\/redfoxlotto.com\/fi\/\" \/>\n<meta property=\"og:locale\" content=\"fi_FI\" \/>\n<meta property=\"og:type\" content=\"article\" \/>\n<meta property=\"og:title\" content=\"Lotto netiss\u00e4 | Osta lippuja maailman suurimpiin lotto-j\u00e4ttipotteihin\" \/>\n<meta property=\"og:description\" content=\"Maailman suurimmat lottoj\u00e4ttipotit saatavilla mist\u00e4 tahansa - osta lottokuponkeja netist\u00e4 nyt!\" \/>\n<meta property=\"og:url\" content=\"https:\/\/redfoxlotto.com\/fi\/\" \/>\n<meta property=\"og:site_name\" content=\"Get Tickets for the World\u2019s largest jackpots\" \/>\n<meta property=\"article:modified_time\" content=\"2026-01-06T08:30:57+00:00\" \/>\n<meta property=\"og:image\" content=\"https:\/\/redfoxlotto.com\/wp-content\/uploads\/2024\/03\/Balls_2.png\" \/>\n<meta name=\"twitter:card\" content=\"summary_large_image\" \/>\n<meta name=\"twitter:label1\" content=\"Arvioitu lukuaika\" \/>\n\t<meta name=\"twitter:data1\" content=\"4 minuuttia\" \/>\n<script type=\"application\/ld+json\" class=\"yoast-schema-graph\">{\"@context\":\"https:\\\/\\\/schema.org\",\"@graph\":[{\"@type\":\"WebPage\",\"@id\":\"https:\\\/\\\/redfoxlotto.com\\\/fi\\\/\",\"url\":\"https:\\\/\\\/redfoxlotto.com\\\/fi\\\/\",\"name\":\"Lotto netiss\u00e4 | Osta lippuja maailman suurimpiin lotto-j\u00e4ttipotteihin\",\"isPartOf\":{\"@id\":\"https:\\\/\\\/redfoxlotto.com\\\/fi\\\/#website\"},\"primaryImageOfPage\":{\"@id\":\"https:\\\/\\\/redfoxlotto.com\\\/fi\\\/#primaryimage\"},\"image\":{\"@id\":\"https:\\\/\\\/redfoxlotto.com\\\/fi\\\/#primaryimage\"},\"thumbnailUrl\":\"https:\\\/\\\/redfoxlotto.com\\\/wp-content\\\/uploads\\\/2024\\\/03\\\/Balls_2.png\",\"datePublished\":\"2023-04-13T18:01:41+00:00\",\"dateModified\":\"2026-01-06T08:30:57+00:00\",\"description\":\"Maailman suurimmat lottoj\u00e4ttipotit saatavilla mist\u00e4 tahansa - osta lottokuponkeja netist\u00e4 nyt!\",\"breadcrumb\":{\"@id\":\"https:\\\/\\\/redfoxlotto.com\\\/fi\\\/#breadcrumb\"},\"inLanguage\":\"fi\",\"potentialAction\":[{\"@type\":\"ReadAction\",\"target\":[\"https:\\\/\\\/redfoxlotto.com\\\/fi\\\/\"]}]},{\"@type\":\"ImageObject\",\"inLanguage\":\"fi\",\"@id\":\"https:\\\/\\\/redfoxlotto.com\\\/fi\\\/#primaryimage\",\"url\":\"https:\\\/\\\/redfoxlotto.com\\\/wp-content\\\/uploads\\\/2024\\\/03\\\/Balls_2.png\",\"contentUrl\":\"https:\\\/\\\/redfoxlotto.com\\\/wp-content\\\/uploads\\\/2024\\\/03\\\/Balls_2.png\"},{\"@type\":\"BreadcrumbList\",\"@id\":\"https:\\\/\\\/redfoxlotto.com\\\/fi\\\/#breadcrumb\",\"itemListElement\":[{\"@type\":\"ListItem\",\"position\":1,\"name\":\"Home\",\"item\":\"https:\\\/\\\/redfoxlotto.com\\\/fi\\\/\"},{\"@type\":\"ListItem\",\"position\":2,\"name\":\"Asuinmaallasi ei ole v\u00e4li\u00e4, pelaa maailman suurimpia arpajaisia.\"}]},{\"@type\":\"WebSite\",\"@id\":\"https:\\\/\\\/redfoxlotto.com\\\/fi\\\/#website\",\"url\":\"https:\\\/\\\/redfoxlotto.com\\\/fi\\\/\",\"name\":\"Get Tickets for the World\u2019s largest jackpots\",\"description\":\"Participate in worldwide lottery jackpots from any country\",\"publisher\":{\"@id\":\"https:\\\/\\\/redfoxlotto.com\\\/fi\\\/#organization\"},\"potentialAction\":[{\"@type\":\"SearchAction\",\"target\":{\"@type\":\"EntryPoint\",\"urlTemplate\":\"https:\\\/\\\/redfoxlotto.com\\\/fi\\\/?s={search_term_string}\"},\"query-input\":{\"@type\":\"PropertyValueSpecification\",\"valueRequired\":true,\"valueName\":\"search_term_string\"}}],\"inLanguage\":\"fi\"},{\"@type\":\"Organization\",\"@id\":\"https:\\\/\\\/redfoxlotto.com\\\/fi\\\/#organization\",\"name\":\"Get Tickets for the World\u2019s largest jackpots\",\"url\":\"https:\\\/\\\/redfoxlotto.com\\\/fi\\\/\",\"logo\":{\"@type\":\"ImageObject\",\"inLanguage\":\"fi\",\"@id\":\"https:\\\/\\\/redfoxlotto.com\\\/fi\\\/#\\\/schema\\\/logo\\\/image\\\/\",\"url\":\"https:\\\/\\\/redfoxlotto.com\\\/wp-content\\\/uploads\\\/2023\\\/04\\\/logo.png\",\"contentUrl\":\"https:\\\/\\\/redfoxlotto.com\\\/wp-content\\\/uploads\\\/2023\\\/04\\\/logo.png\",\"width\":269,\"height\":53,\"caption\":\"Get Tickets for the World\u2019s largest jackpots\"},\"image\":{\"@id\":\"https:\\\/\\\/redfoxlotto.com\\\/fi\\\/#\\\/schema\\\/logo\\\/image\\\/\"}}]}<\/script>\n<!-- \/ Yoast SEO plugin. -->","yoast_head_json":{"title":"Lotto netiss\u00e4 | Osta lippuja maailman suurimpiin lotto-j\u00e4ttipotteihin","description":"Maailman suurimmat lottoj\u00e4ttipotit saatavilla mist\u00e4 tahansa - osta lottokuponkeja netist\u00e4 nyt!","robots":{"index":"index","follow":"follow","max-snippet":"max-snippet:-1","max-image-preview":"max-image-preview:large","max-video-preview":"max-video-preview:-1"},"canonical":"https:\/\/redfoxlotto.com\/fi\/","og_locale":"fi_FI","og_type":"article","og_title":"Lotto netiss\u00e4 | Osta lippuja maailman suurimpiin lotto-j\u00e4ttipotteihin","og_description":"Maailman suurimmat lottoj\u00e4ttipotit saatavilla mist\u00e4 tahansa - osta lottokuponkeja netist\u00e4 nyt!","og_url":"https:\/\/redfoxlotto.com\/fi\/","og_site_name":"Get Tickets for the World\u2019s largest jackpots","article_modified_time":"2026-01-06T08:30:57+00:00","og_image":[{"url":"https:\/\/redfoxlotto.com\/wp-content\/uploads\/2024\/03\/Balls_2.png","type":"","width":"","height":""}],"twitter_card":"summary_large_image","twitter_misc":{"Arvioitu lukuaika":"4 minuuttia"},"schema":{"@context":"https:\/\/schema.org","@graph":[{"@type":"WebPage","@id":"https:\/\/redfoxlotto.com\/fi\/","url":"https:\/\/redfoxlotto.com\/fi\/","name":"Lotto netiss\u00e4 | Osta lippuja maailman suurimpiin lotto-j\u00e4ttipotteihin","isPartOf":{"@id":"https:\/\/redfoxlotto.com\/fi\/#website"},"primaryImageOfPage":{"@id":"https:\/\/redfoxlotto.com\/fi\/#primaryimage"},"image":{"@id":"https:\/\/redfoxlotto.com\/fi\/#primaryimage"},"thumbnailUrl":"https:\/\/redfoxlotto.com\/wp-content\/uploads\/2024\/03\/Balls_2.png","datePublished":"2023-04-13T18:01:41+00:00","dateModified":"2026-01-06T08:30:57+00:00","description":"Maailman suurimmat lottoj\u00e4ttipotit saatavilla mist\u00e4 tahansa - osta lottokuponkeja netist\u00e4 nyt!","breadcrumb":{"@id":"https:\/\/redfoxlotto.com\/fi\/#breadcrumb"},"inLanguage":"fi","potentialAction":[{"@type":"ReadAction","target":["https:\/\/redfoxlotto.com\/fi\/"]}]},{"@type":"ImageObject","inLanguage":"fi","@id":"https:\/\/redfoxlotto.com\/fi\/#primaryimage","url":"https:\/\/redfoxlotto.com\/wp-content\/uploads\/2024\/03\/Balls_2.png","contentUrl":"https:\/\/redfoxlotto.com\/wp-content\/uploads\/2024\/03\/Balls_2.png"},{"@type":"BreadcrumbList","@id":"https:\/\/redfoxlotto.com\/fi\/#breadcrumb","itemListElement":[{"@type":"ListItem","position":1,"name":"Home","item":"https:\/\/redfoxlotto.com\/fi\/"},{"@type":"ListItem","position":2,"name":"Asuinmaallasi ei ole v\u00e4li\u00e4, pelaa maailman suurimpia arpajaisia."}]},{"@type":"WebSite","@id":"https:\/\/redfoxlotto.com\/fi\/#website","url":"https:\/\/redfoxlotto.com\/fi\/","name":"Get Tickets for the World\u2019s largest jackpots","description":"Participate in worldwide lottery jackpots from any country","publisher":{"@id":"https:\/\/redfoxlotto.com\/fi\/#organization"},"potentialAction":[{"@type":"SearchAction","target":{"@type":"EntryPoint","urlTemplate":"https:\/\/redfoxlotto.com\/fi\/?s={search_term_string}"},"query-input":{"@type":"PropertyValueSpecification","valueRequired":true,"valueName":"search_term_string"}}],"inLanguage":"fi"},{"@type":"Organization","@id":"https:\/\/redfoxlotto.com\/fi\/#organization","name":"Get Tickets for the World\u2019s largest jackpots","url":"https:\/\/redfoxlotto.com\/fi\/","logo":{"@type":"ImageObject","inLanguage":"fi","@id":"https:\/\/redfoxlotto.com\/fi\/#\/schema\/logo\/image\/","url":"https:\/\/redfoxlotto.com\/wp-content\/uploads\/2023\/04\/logo.png","contentUrl":"https:\/\/redfoxlotto.com\/wp-content\/uploads\/2023\/04\/logo.png","width":269,"height":53,"caption":"Get Tickets for the World\u2019s largest jackpots"},"image":{"@id":"https:\/\/redfoxlotto.com\/fi\/#\/schema\/logo\/image\/"}}]}},"_links":{"self":[{"href":"https:\/\/redfoxlotto.com\/fi\/wp-json\/wp\/v2\/pages\/50455","targetHints":{"allow":["GET"]}}],"collection":[{"href":"https:\/\/redfoxlotto.com\/fi\/wp-json\/wp\/v2\/pages"}],"about":[{"href":"https:\/\/redfoxlotto.com\/fi\/wp-json\/wp\/v2\/types\/page"}],"author":[{"embeddable":true,"href":"https:\/\/redfoxlotto.com\/fi\/wp-json\/wp\/v2\/users\/1"}],"replies":[{"embeddable":true,"href":"https:\/\/redfoxlotto.com\/fi\/wp-json\/wp\/v2\/comments?post=50455"}],"version-history":[{"count":0,"href":"https:\/\/redfoxlotto.com\/fi\/wp-json\/wp\/v2\/pages\/50455\/revisions"}],"wp:attachment":[{"href":"https:\/\/redfoxlotto.com\/fi\/wp-json\/wp\/v2\/media?parent=50455"}],"curies":[{"name":"wp","href":"https:\/\/api.w.org\/{rel}","templated":true}]}}