{"id":30987,"date":"2018-11-18T08:54:25","date_gmt":"2018-11-18T08:54:25","guid":{"rendered":"https:\/\/redfoxlotto.com\/?page_id=19824"},"modified":"2022-09-26T12:36:30","modified_gmt":"2022-09-26T12:36:30","slug":"lotto-uk","status":"publish","type":"page","link":"https:\/\/redfoxlotto.com\/fi\/lotteries\/lotto-uk\/","title":{"rendered":"Tietoja Yhdistyneen kuningaskunnan Lottery"},"content":{"rendered":"<p>UK Lottery on Yhdistyneen kuningaskunnan suurin kansallinen arpajaiset, kun mukaan ei lasketa yleiseurooppalaisia arpajaisia, kuten Euromillionsia ja Eurojackpotia.<\/p>\n<p>Nyky\u00e4\u00e4n my\u00f6s Yhdistyneen kuningaskunnan ulkopuoliset lottopelaajat voivat osallistua t\u00e4h\u00e4n suosittuun lottoon. Kertoimet ovat paremmat kuin useimmissa muissa eurooppalaisissa lotoissa.<\/p>\n<p>UK lottery on nimens\u00e4 mukaisesti Yhdistyneen kuningaskunnan virallinen arpajaiset. Vuonna 1994, kun peli alkoi, se tunnettiin nimell\u00e4 National lottery, mutta se muutettiin lotoksi vuonna 2002. Yhdistyneen kuningaskunnan hallitus on my\u00f6nt\u00e4nyt Yhdistyneen kuningaskunnan lottoluvan, ja lottotoimiluvan sai Camelot-ryhm\u00e4, kun taas lottotoiminnan s\u00e4\u00e4ntelyst\u00e4 vastaa rahapelitoimikunta.<br \/>\n<img decoding=\"async\" class=\" wp-image alignright\" src=\"https:\/\/content.redfoxlotto.com\/uploads\/sites\/9\/2_ticket_uk_lottery2.jpg\" alt=\"arpajaiset UK\"><\/p>\n<p>Vain v\u00e4hint\u00e4\u00e4n 16-vuotiaat henkil\u00f6t saavat osallistua Yhdistyneen kuningaskunnan arpajaisiin. Vaikka lippuja voi ostaa verkossa National lottery -sivustolta, se on saatavilla vain henkil\u00f6ille, jotka t\u00e4ytt\u00e4v\u00e4t edell\u00e4 mainitut kriteerit.<\/p>\n<p>Osallistuakseen Yhdistyneen kuningaskunnan lottoon pelaajien on ostettava lottokuponki, ja he saavat valita 6 numeroa 59 numeron joukosta, ja heill\u00e4 on my\u00f6s mahdollisuus valita lucky dip, jossa numerot valitaan satunnaisesti puolestasi. Arvonta suoritetaan kahdesti viikossa, jolloin 6 numeroa valitaan satunnaisesti ja bonusnumero valitaan my\u00f6s j\u00e4ljelle j\u00e4\u00e4vist\u00e4 53 numerosta. Jos lippusi numerot t\u00e4sm\u00e4\u00e4v\u00e4t arvottujen 6 p\u00e4\u00e4numeron kanssa, olet voittanut j\u00e4ttipotin. Vaikka lippusi ei t\u00e4sm\u00e4isik\u00e4\u00e4n kaikkiin 6 arvottuun numeroon, sinulla on silti mahdollisuus voittaa jotakin, sill\u00e4 2, 3, 4 tai 5 arvotusta numerosta, bonusnumeroa lukuun ottamatta, on tarjolla palkintoja.<br \/>\n<img loading=\"lazy\" decoding=\"async\" class=\" wp-image alignright\" src=\"https:\/\/content.redfoxlotto.com\/uploads\/sites\/9\/1_win_lottery_online3.jpg\" alt=\"osta lippu UK Lottery\" width=\"250\" height=\"125\"><\/p>\n<p>Ison-Britannian lotossa t\u00e4h\u00e4n menness\u00e4 voitettu suurin j\u00e4ttipotti on Collins Weirin ja h\u00e4nen vaimonsa 121,6 miljoonan punnan voitto 12. hein\u00e4kuuta 2011. Todenn\u00e4k\u00f6isyys osua j\u00e4ttipottiin Yhdistyneen kuningaskunnan lotossa on 1:45 miljoonaa.<\/p>\n<p>Hanki nettilippusi nyt Yhdistyneen kuningaskunnan lottoon!<\/p>\n","protected":false},"excerpt":{"rendered":"<p>UK Lottery on Yhdistyneen kuningaskunnan suurin kansallinen arpajaiset, kun mukaan ei lasketa yleiseurooppalaisia arpajaisia, kuten Euromillionsia ja Eurojackpotia. Nyky\u00e4\u00e4n my\u00f6s Yhdistyneen kuningaskunnan ulkopuoliset lottopelaajat voivat osallistua t\u00e4h\u00e4n suosittuun lottoon. Kertoimet ovat paremmat kuin useimmissa muissa eurooppalaisissa lotoissa. UK lottery on nimens\u00e4 mukaisesti Yhdistyneen kuningaskunnan virallinen arpajaiset. Vuonna 1994, kun peli alkoi, se tunnettiin nimell\u00e4 National [&hellip;]<\/p>\n","protected":false},"author":1,"featured_media":0,"parent":30960,"menu_order":9,"comment_status":"closed","ping_status":"closed","template":"lotto-uk-info.php","meta":{"_et_pb_use_builder":"","_et_pb_old_content":"","_et_gb_content_width":"","exclude_from_search":false,"footnotes":""},"class_list":["post-30987","page","type-page","status-publish","hentry"],"yoast_head":"<!-- This site is optimized with the Yoast SEO plugin v27.3 - https:\/\/yoast.com\/product\/yoast-seo-wordpress\/ -->\n<title>Yhdistyneen kuningaskunnan arpajaiset | tarvitsemasi tiedot Yhdistyneen kuningaskunnan arpajaisista.<\/title>\n<meta name=\"description\" content=\"Sinulla on paremmat mahdollisuudet voittaa Yhdistyneen kuningaskunnan lotossa vain tiet\u00e4m\u00e4ll\u00e4 n\u00e4m\u00e4 tiedot niist\u00e4.\" \/>\n<meta name=\"robots\" content=\"index, follow, max-snippet:-1, max-image-preview:large, max-video-preview:-1\" \/>\n<link rel=\"canonical\" href=\"https:\/\/redfoxlotto.com\/fi\/lotteries\/lotto-uk\/\" \/>\n<meta property=\"og:locale\" content=\"fi_FI\" \/>\n<meta property=\"og:type\" content=\"article\" \/>\n<meta property=\"og:title\" content=\"Yhdistyneen kuningaskunnan arpajaiset | tarvitsemasi tiedot Yhdistyneen kuningaskunnan arpajaisista.\" \/>\n<meta property=\"og:description\" content=\"Sinulla on paremmat mahdollisuudet voittaa Yhdistyneen kuningaskunnan lotossa vain tiet\u00e4m\u00e4ll\u00e4 n\u00e4m\u00e4 tiedot niist\u00e4.\" \/>\n<meta property=\"og:url\" content=\"https:\/\/redfoxlotto.com\/fi\/lotteries\/lotto-uk\/\" \/>\n<meta property=\"og:site_name\" content=\"Get Tickets for the World\u2019s largest jackpots\" \/>\n<meta property=\"article:modified_time\" content=\"2022-09-26T12:36:30+00:00\" \/>\n<meta property=\"og:image\" content=\"https:\/\/content.redfoxlotto.com\/uploads\/sites\/9\/2_ticket_uk_lottery2.jpg\" \/>\n<meta name=\"twitter:card\" content=\"summary_large_image\" \/>\n<meta name=\"twitter:label1\" content=\"Arvioitu lukuaika\" \/>\n\t<meta name=\"twitter:data1\" content=\"2 minuuttia\" \/>\n<script type=\"application\/ld+json\" class=\"yoast-schema-graph\">{\"@context\":\"https:\\\/\\\/schema.org\",\"@graph\":[{\"@type\":\"WebPage\",\"@id\":\"https:\\\/\\\/redfoxlotto.com\\\/fi\\\/lotteries\\\/lotto-uk\\\/\",\"url\":\"https:\\\/\\\/redfoxlotto.com\\\/fi\\\/lotteries\\\/lotto-uk\\\/\",\"name\":\"Yhdistyneen kuningaskunnan arpajaiset | tarvitsemasi tiedot Yhdistyneen kuningaskunnan arpajaisista.\",\"isPartOf\":{\"@id\":\"https:\\\/\\\/redfoxlotto.com\\\/fi\\\/#website\"},\"primaryImageOfPage\":{\"@id\":\"https:\\\/\\\/redfoxlotto.com\\\/fi\\\/lotteries\\\/lotto-uk\\\/#primaryimage\"},\"image\":{\"@id\":\"https:\\\/\\\/redfoxlotto.com\\\/fi\\\/lotteries\\\/lotto-uk\\\/#primaryimage\"},\"thumbnailUrl\":\"https:\\\/\\\/content.redfoxlotto.com\\\/uploads\\\/sites\\\/9\\\/2_ticket_uk_lottery2.jpg\",\"datePublished\":\"2018-11-18T08:54:25+00:00\",\"dateModified\":\"2022-09-26T12:36:30+00:00\",\"description\":\"Sinulla on paremmat mahdollisuudet voittaa Yhdistyneen kuningaskunnan lotossa vain tiet\u00e4m\u00e4ll\u00e4 n\u00e4m\u00e4 tiedot niist\u00e4.\",\"breadcrumb\":{\"@id\":\"https:\\\/\\\/redfoxlotto.com\\\/fi\\\/lotteries\\\/lotto-uk\\\/#breadcrumb\"},\"inLanguage\":\"fi\",\"potentialAction\":[{\"@type\":\"ReadAction\",\"target\":[\"https:\\\/\\\/redfoxlotto.com\\\/fi\\\/lotteries\\\/lotto-uk\\\/\"]}]},{\"@type\":\"ImageObject\",\"inLanguage\":\"fi\",\"@id\":\"https:\\\/\\\/redfoxlotto.com\\\/fi\\\/lotteries\\\/lotto-uk\\\/#primaryimage\",\"url\":\"https:\\\/\\\/content.redfoxlotto.com\\\/uploads\\\/sites\\\/9\\\/2_ticket_uk_lottery2.jpg\",\"contentUrl\":\"https:\\\/\\\/content.redfoxlotto.com\\\/uploads\\\/sites\\\/9\\\/2_ticket_uk_lottery2.jpg\"},{\"@type\":\"BreadcrumbList\",\"@id\":\"https:\\\/\\\/redfoxlotto.com\\\/fi\\\/lotteries\\\/lotto-uk\\\/#breadcrumb\",\"itemListElement\":[{\"@type\":\"ListItem\",\"position\":1,\"name\":\"Home\",\"item\":\"https:\\\/\\\/redfoxlotto.com\\\/fi\\\/\"},{\"@type\":\"ListItem\",\"position\":2,\"name\":\"Miten ostaa online arpoja &#8211; ostoprosessi\",\"item\":\"https:\\\/\\\/redfoxlotto.com\\\/fi\\\/lotteries\\\/\"},{\"@type\":\"ListItem\",\"position\":3,\"name\":\"Tietoja Yhdistyneen kuningaskunnan Lottery\"}]},{\"@type\":\"WebSite\",\"@id\":\"https:\\\/\\\/redfoxlotto.com\\\/fi\\\/#website\",\"url\":\"https:\\\/\\\/redfoxlotto.com\\\/fi\\\/\",\"name\":\"Get Tickets for the World\u2019s largest jackpots\",\"description\":\"Participate in worldwide lottery jackpots from any country\",\"publisher\":{\"@id\":\"https:\\\/\\\/redfoxlotto.com\\\/fi\\\/#organization\"},\"potentialAction\":[{\"@type\":\"SearchAction\",\"target\":{\"@type\":\"EntryPoint\",\"urlTemplate\":\"https:\\\/\\\/redfoxlotto.com\\\/fi\\\/?s={search_term_string}\"},\"query-input\":{\"@type\":\"PropertyValueSpecification\",\"valueRequired\":true,\"valueName\":\"search_term_string\"}}],\"inLanguage\":\"fi\"},{\"@type\":\"Organization\",\"@id\":\"https:\\\/\\\/redfoxlotto.com\\\/fi\\\/#organization\",\"name\":\"Get Tickets for the World\u2019s largest jackpots\",\"url\":\"https:\\\/\\\/redfoxlotto.com\\\/fi\\\/\",\"logo\":{\"@type\":\"ImageObject\",\"inLanguage\":\"fi\",\"@id\":\"https:\\\/\\\/redfoxlotto.com\\\/fi\\\/#\\\/schema\\\/logo\\\/image\\\/\",\"url\":\"https:\\\/\\\/redfoxlotto.com\\\/wp-content\\\/uploads\\\/2023\\\/04\\\/logo.png\",\"contentUrl\":\"https:\\\/\\\/redfoxlotto.com\\\/wp-content\\\/uploads\\\/2023\\\/04\\\/logo.png\",\"width\":269,\"height\":53,\"caption\":\"Get Tickets for the World\u2019s largest jackpots\"},\"image\":{\"@id\":\"https:\\\/\\\/redfoxlotto.com\\\/fi\\\/#\\\/schema\\\/logo\\\/image\\\/\"}}]}<\/script>\n<!-- \/ Yoast SEO plugin. -->","yoast_head_json":{"title":"Yhdistyneen kuningaskunnan arpajaiset | tarvitsemasi tiedot Yhdistyneen kuningaskunnan arpajaisista.","description":"Sinulla on paremmat mahdollisuudet voittaa Yhdistyneen kuningaskunnan lotossa vain tiet\u00e4m\u00e4ll\u00e4 n\u00e4m\u00e4 tiedot niist\u00e4.","robots":{"index":"index","follow":"follow","max-snippet":"max-snippet:-1","max-image-preview":"max-image-preview:large","max-video-preview":"max-video-preview:-1"},"canonical":"https:\/\/redfoxlotto.com\/fi\/lotteries\/lotto-uk\/","og_locale":"fi_FI","og_type":"article","og_title":"Yhdistyneen kuningaskunnan arpajaiset | tarvitsemasi tiedot Yhdistyneen kuningaskunnan arpajaisista.","og_description":"Sinulla on paremmat mahdollisuudet voittaa Yhdistyneen kuningaskunnan lotossa vain tiet\u00e4m\u00e4ll\u00e4 n\u00e4m\u00e4 tiedot niist\u00e4.","og_url":"https:\/\/redfoxlotto.com\/fi\/lotteries\/lotto-uk\/","og_site_name":"Get Tickets for the World\u2019s largest jackpots","article_modified_time":"2022-09-26T12:36:30+00:00","og_image":[{"url":"https:\/\/content.redfoxlotto.com\/uploads\/sites\/9\/2_ticket_uk_lottery2.jpg","type":"","width":"","height":""}],"twitter_card":"summary_large_image","twitter_misc":{"Arvioitu lukuaika":"2 minuuttia"},"schema":{"@context":"https:\/\/schema.org","@graph":[{"@type":"WebPage","@id":"https:\/\/redfoxlotto.com\/fi\/lotteries\/lotto-uk\/","url":"https:\/\/redfoxlotto.com\/fi\/lotteries\/lotto-uk\/","name":"Yhdistyneen kuningaskunnan arpajaiset | tarvitsemasi tiedot Yhdistyneen kuningaskunnan arpajaisista.","isPartOf":{"@id":"https:\/\/redfoxlotto.com\/fi\/#website"},"primaryImageOfPage":{"@id":"https:\/\/redfoxlotto.com\/fi\/lotteries\/lotto-uk\/#primaryimage"},"image":{"@id":"https:\/\/redfoxlotto.com\/fi\/lotteries\/lotto-uk\/#primaryimage"},"thumbnailUrl":"https:\/\/content.redfoxlotto.com\/uploads\/sites\/9\/2_ticket_uk_lottery2.jpg","datePublished":"2018-11-18T08:54:25+00:00","dateModified":"2022-09-26T12:36:30+00:00","description":"Sinulla on paremmat mahdollisuudet voittaa Yhdistyneen kuningaskunnan lotossa vain tiet\u00e4m\u00e4ll\u00e4 n\u00e4m\u00e4 tiedot niist\u00e4.","breadcrumb":{"@id":"https:\/\/redfoxlotto.com\/fi\/lotteries\/lotto-uk\/#breadcrumb"},"inLanguage":"fi","potentialAction":[{"@type":"ReadAction","target":["https:\/\/redfoxlotto.com\/fi\/lotteries\/lotto-uk\/"]}]},{"@type":"ImageObject","inLanguage":"fi","@id":"https:\/\/redfoxlotto.com\/fi\/lotteries\/lotto-uk\/#primaryimage","url":"https:\/\/content.redfoxlotto.com\/uploads\/sites\/9\/2_ticket_uk_lottery2.jpg","contentUrl":"https:\/\/content.redfoxlotto.com\/uploads\/sites\/9\/2_ticket_uk_lottery2.jpg"},{"@type":"BreadcrumbList","@id":"https:\/\/redfoxlotto.com\/fi\/lotteries\/lotto-uk\/#breadcrumb","itemListElement":[{"@type":"ListItem","position":1,"name":"Home","item":"https:\/\/redfoxlotto.com\/fi\/"},{"@type":"ListItem","position":2,"name":"Miten ostaa online arpoja &#8211; ostoprosessi","item":"https:\/\/redfoxlotto.com\/fi\/lotteries\/"},{"@type":"ListItem","position":3,"name":"Tietoja Yhdistyneen kuningaskunnan Lottery"}]},{"@type":"WebSite","@id":"https:\/\/redfoxlotto.com\/fi\/#website","url":"https:\/\/redfoxlotto.com\/fi\/","name":"Get Tickets for the World\u2019s largest jackpots","description":"Participate in worldwide lottery jackpots from any country","publisher":{"@id":"https:\/\/redfoxlotto.com\/fi\/#organization"},"potentialAction":[{"@type":"SearchAction","target":{"@type":"EntryPoint","urlTemplate":"https:\/\/redfoxlotto.com\/fi\/?s={search_term_string}"},"query-input":{"@type":"PropertyValueSpecification","valueRequired":true,"valueName":"search_term_string"}}],"inLanguage":"fi"},{"@type":"Organization","@id":"https:\/\/redfoxlotto.com\/fi\/#organization","name":"Get Tickets for the World\u2019s largest jackpots","url":"https:\/\/redfoxlotto.com\/fi\/","logo":{"@type":"ImageObject","inLanguage":"fi","@id":"https:\/\/redfoxlotto.com\/fi\/#\/schema\/logo\/image\/","url":"https:\/\/redfoxlotto.com\/wp-content\/uploads\/2023\/04\/logo.png","contentUrl":"https:\/\/redfoxlotto.com\/wp-content\/uploads\/2023\/04\/logo.png","width":269,"height":53,"caption":"Get Tickets for the World\u2019s largest jackpots"},"image":{"@id":"https:\/\/redfoxlotto.com\/fi\/#\/schema\/logo\/image\/"}}]}},"_links":{"self":[{"href":"https:\/\/redfoxlotto.com\/fi\/wp-json\/wp\/v2\/pages\/30987","targetHints":{"allow":["GET"]}}],"collection":[{"href":"https:\/\/redfoxlotto.com\/fi\/wp-json\/wp\/v2\/pages"}],"about":[{"href":"https:\/\/redfoxlotto.com\/fi\/wp-json\/wp\/v2\/types\/page"}],"author":[{"embeddable":true,"href":"https:\/\/redfoxlotto.com\/fi\/wp-json\/wp\/v2\/users\/1"}],"replies":[{"embeddable":true,"href":"https:\/\/redfoxlotto.com\/fi\/wp-json\/wp\/v2\/comments?post=30987"}],"version-history":[{"count":0,"href":"https:\/\/redfoxlotto.com\/fi\/wp-json\/wp\/v2\/pages\/30987\/revisions"}],"up":[{"embeddable":true,"href":"https:\/\/redfoxlotto.com\/fi\/wp-json\/wp\/v2\/pages\/30960"}],"wp:attachment":[{"href":"https:\/\/redfoxlotto.com\/fi\/wp-json\/wp\/v2\/media?parent=30987"}],"curies":[{"name":"wp","href":"https:\/\/api.w.org\/{rel}","templated":true}]}}