{"id":30986,"date":"2022-09-26T12:33:09","date_gmt":"2022-09-26T12:33:09","guid":{"rendered":"https:\/\/redfoxlotto.com\/?page_id=19822"},"modified":"2022-09-26T12:36:30","modified_gmt":"2022-09-26T12:36:30","slug":"thunderball","status":"publish","type":"page","link":"https:\/\/redfoxlotto.com\/fi\/lotteries\/thunderball\/","title":{"rendered":"Thunderballista"},"content":{"rendered":"<h2>Osta lippuja Thunderball UK Lotto Online?<\/h2>\n<p>Kun olet valmis ostamaan lippuja Thunderball UK Lotto -lottoon netist\u00e4, voit tutustua tarkemmin RedFoxLotto.comin vaihtoehtoihin. Saatat jopa yll\u00e4tty\u00e4 siit\u00e4, kuinka helppoa pelaaminen on. Sinun tarvitsee vain valita 5 tavallista numeroa ja 1 Thunderball. Valitse sitten arvontap\u00e4iv\u00e4m\u00e4\u00e4r\u00e4t. Juuri n\u00e4in voit voittaa jo yhdell\u00e4 t\u00e4sm\u00e4\u00e4v\u00e4ll\u00e4 numerolla!<\/p>\n<h2>Ostatko lippuja Thunderball UK Lotto?<\/h2>\n<p><img loading=\"lazy\" decoding=\"async\" class=\" wp-image alignright\" src=\"https:\/\/content.redfoxlotto.com\/uploads\/sites\/9\/1_online_lottery_jackpot_win.jpg\" alt=\"ostaa Thunderball verkossa\" width=\"266\" height=\"241\"><\/p>\n<p>Kun on aika ostaa lippuja Thunderball UK Lotto -lottoon netist\u00e4, tarvitset palvelun, jonka avulla voit valita haluamasi liput mist\u00e4 tahansa pelist\u00e4. T\u00e4ss\u00e4 kohtaa RedFoxLotto.com tulee kuvaan mukaan. Voit valita mink\u00e4 tahansa pelin, jota haluat pelata, ja valita haluamasi liput.<\/p>\n<p>Voit valita numerot, joita haluat pelata, tai k\u00e4ytt\u00e4\u00e4 Quick Pick -palvelua, jotta numerot valitaan puolestasi. Valitse sitten p\u00e4iv\u00e4m\u00e4\u00e4r\u00e4t ja haluamasi arvontojen m\u00e4\u00e4r\u00e4 sek\u00e4 suosikkimaksutapasi. Kun olet ostanut lippusi, voit vain odottaa arvontoja ja toivottavasti niit\u00e4 seuraavia hyvi\u00e4 uutisia.<\/p>\n<h2>Tarkistatko voittonumerosi?<\/h2>\n<p>Kun arvonta on suoritettu, voit kirjautua takaisin tilillesi RedFoxLotto.com-sivustolla n\u00e4hd\u00e4ksesi, miten lippusi numerot vastaavat voittonumeroita. Se on aivan lipputilill\u00e4si, ja se on sinulle paljon helpompaa. Sinun tarvitsee vain katsoa, mitk\u00e4 numerot on korostettu, jotta n\u00e4et, mitk\u00e4 numerot t\u00e4sm\u00e4\u00e4v\u00e4t.<\/p>\n","protected":false},"excerpt":{"rendered":"<p>Osta lippuja Thunderball UK Lotto Online? Kun olet valmis ostamaan lippuja Thunderball UK Lotto -lottoon netist\u00e4, voit tutustua tarkemmin RedFoxLotto.comin vaihtoehtoihin. Saatat jopa yll\u00e4tty\u00e4 siit\u00e4, kuinka helppoa pelaaminen on. Sinun tarvitsee vain valita 5 tavallista numeroa ja 1 Thunderball. Valitse sitten arvontap\u00e4iv\u00e4m\u00e4\u00e4r\u00e4t. Juuri n\u00e4in voit voittaa jo yhdell\u00e4 t\u00e4sm\u00e4\u00e4v\u00e4ll\u00e4 numerolla! Ostatko lippuja Thunderball UK Lotto? [&hellip;]<\/p>\n","protected":false},"author":1,"featured_media":0,"parent":30960,"menu_order":11,"comment_status":"closed","ping_status":"closed","template":"thunderball-info.php","meta":{"_et_pb_use_builder":"","_et_pb_old_content":"","_et_gb_content_width":"","exclude_from_search":false,"footnotes":""},"class_list":["post-30986","page","type-page","status-publish","hentry"],"yoast_head":"<!-- This site is optimized with the Yoast SEO plugin v23.8 - https:\/\/yoast.com\/wordpress\/plugins\/seo\/ -->\n<title>Hanki lippusi Thunderball Lotto verkossa<\/title>\n<meta name=\"description\" content=\"Osta lippuja Thunderball Lotto vaikka et asu Yhdistyneess\u00e4 kuningaskunnassa\" \/>\n<meta name=\"robots\" content=\"index, follow, max-snippet:-1, max-image-preview:large, max-video-preview:-1\" \/>\n<link rel=\"canonical\" href=\"https:\/\/redfoxlotto.com\/fi\/lotteries\/thunderball\/\" \/>\n<meta property=\"og:locale\" content=\"fi_FI\" \/>\n<meta property=\"og:type\" content=\"article\" \/>\n<meta property=\"og:title\" content=\"Hanki lippusi Thunderball Lotto verkossa\" \/>\n<meta property=\"og:description\" content=\"Osta lippuja Thunderball Lotto vaikka et asu Yhdistyneess\u00e4 kuningaskunnassa\" \/>\n<meta property=\"og:url\" content=\"https:\/\/redfoxlotto.com\/fi\/lotteries\/thunderball\/\" \/>\n<meta property=\"og:site_name\" content=\"Get Tickets for the World\u2019s largest jackpots\" \/>\n<meta property=\"article:modified_time\" content=\"2022-09-26T12:36:30+00:00\" \/>\n<meta property=\"og:image\" content=\"https:\/\/content.redfoxlotto.com\/uploads\/sites\/9\/1_online_lottery_jackpot_win.jpg\" \/>\n<meta name=\"twitter:card\" content=\"summary_large_image\" \/>\n<meta name=\"twitter:label1\" content=\"Arvioitu lukuaika\" \/>\n\t<meta name=\"twitter:data1\" content=\"2 minuuttia\" \/>\n<script type=\"application\/ld+json\" class=\"yoast-schema-graph\">{\"@context\":\"https:\/\/schema.org\",\"@graph\":[{\"@type\":\"WebPage\",\"@id\":\"https:\/\/redfoxlotto.com\/fi\/lotteries\/thunderball\/\",\"url\":\"https:\/\/redfoxlotto.com\/fi\/lotteries\/thunderball\/\",\"name\":\"Hanki lippusi Thunderball Lotto verkossa\",\"isPartOf\":{\"@id\":\"https:\/\/redfoxlotto.com\/fi\/#website\"},\"primaryImageOfPage\":{\"@id\":\"https:\/\/redfoxlotto.com\/fi\/lotteries\/thunderball\/#primaryimage\"},\"image\":{\"@id\":\"https:\/\/redfoxlotto.com\/fi\/lotteries\/thunderball\/#primaryimage\"},\"thumbnailUrl\":\"https:\/\/content.redfoxlotto.com\/uploads\/sites\/9\/1_online_lottery_jackpot_win.jpg\",\"datePublished\":\"2022-09-26T12:33:09+00:00\",\"dateModified\":\"2022-09-26T12:36:30+00:00\",\"description\":\"Osta lippuja Thunderball Lotto vaikka et asu Yhdistyneess\u00e4 kuningaskunnassa\",\"breadcrumb\":{\"@id\":\"https:\/\/redfoxlotto.com\/fi\/lotteries\/thunderball\/#breadcrumb\"},\"inLanguage\":\"fi\",\"potentialAction\":[{\"@type\":\"ReadAction\",\"target\":[\"https:\/\/redfoxlotto.com\/fi\/lotteries\/thunderball\/\"]}]},{\"@type\":\"ImageObject\",\"inLanguage\":\"fi\",\"@id\":\"https:\/\/redfoxlotto.com\/fi\/lotteries\/thunderball\/#primaryimage\",\"url\":\"https:\/\/content.redfoxlotto.com\/uploads\/sites\/9\/1_online_lottery_jackpot_win.jpg\",\"contentUrl\":\"https:\/\/content.redfoxlotto.com\/uploads\/sites\/9\/1_online_lottery_jackpot_win.jpg\"},{\"@type\":\"BreadcrumbList\",\"@id\":\"https:\/\/redfoxlotto.com\/fi\/lotteries\/thunderball\/#breadcrumb\",\"itemListElement\":[{\"@type\":\"ListItem\",\"position\":1,\"name\":\"Home\",\"item\":\"https:\/\/redfoxlotto.com\/fi\/\"},{\"@type\":\"ListItem\",\"position\":2,\"name\":\"Miten ostaa online arpoja &#8211; ostoprosessi\",\"item\":\"https:\/\/redfoxlotto.com\/fi\/lotteries\/\"},{\"@type\":\"ListItem\",\"position\":3,\"name\":\"Thunderballista\"}]},{\"@type\":\"WebSite\",\"@id\":\"https:\/\/redfoxlotto.com\/fi\/#website\",\"url\":\"https:\/\/redfoxlotto.com\/fi\/\",\"name\":\"Get Tickets for the World\u2019s largest jackpots\",\"description\":\"Participate in worldwide lottery jackpots from any country\",\"publisher\":{\"@id\":\"https:\/\/redfoxlotto.com\/fi\/#organization\"},\"potentialAction\":[{\"@type\":\"SearchAction\",\"target\":{\"@type\":\"EntryPoint\",\"urlTemplate\":\"https:\/\/redfoxlotto.com\/fi\/?s={search_term_string}\"},\"query-input\":{\"@type\":\"PropertyValueSpecification\",\"valueRequired\":true,\"valueName\":\"search_term_string\"}}],\"inLanguage\":\"fi\"},{\"@type\":\"Organization\",\"@id\":\"https:\/\/redfoxlotto.com\/fi\/#organization\",\"name\":\"Get Tickets for the World\u2019s largest jackpots\",\"url\":\"https:\/\/redfoxlotto.com\/fi\/\",\"logo\":{\"@type\":\"ImageObject\",\"inLanguage\":\"fi\",\"@id\":\"https:\/\/redfoxlotto.com\/fi\/#\/schema\/logo\/image\/\",\"url\":\"https:\/\/redfoxlotto.com\/wp-content\/uploads\/2023\/04\/logo.png\",\"contentUrl\":\"https:\/\/redfoxlotto.com\/wp-content\/uploads\/2023\/04\/logo.png\",\"width\":269,\"height\":53,\"caption\":\"Get Tickets for the World\u2019s largest jackpots\"},\"image\":{\"@id\":\"https:\/\/redfoxlotto.com\/fi\/#\/schema\/logo\/image\/\"}}]}<\/script>\n<!-- \/ Yoast SEO plugin. -->","yoast_head_json":{"title":"Hanki lippusi Thunderball Lotto verkossa","description":"Osta lippuja Thunderball Lotto vaikka et asu Yhdistyneess\u00e4 kuningaskunnassa","robots":{"index":"index","follow":"follow","max-snippet":"max-snippet:-1","max-image-preview":"max-image-preview:large","max-video-preview":"max-video-preview:-1"},"canonical":"https:\/\/redfoxlotto.com\/fi\/lotteries\/thunderball\/","og_locale":"fi_FI","og_type":"article","og_title":"Hanki lippusi Thunderball Lotto verkossa","og_description":"Osta lippuja Thunderball Lotto vaikka et asu Yhdistyneess\u00e4 kuningaskunnassa","og_url":"https:\/\/redfoxlotto.com\/fi\/lotteries\/thunderball\/","og_site_name":"Get Tickets for the World\u2019s largest jackpots","article_modified_time":"2022-09-26T12:36:30+00:00","og_image":[{"url":"https:\/\/content.redfoxlotto.com\/uploads\/sites\/9\/1_online_lottery_jackpot_win.jpg"}],"twitter_card":"summary_large_image","twitter_misc":{"Arvioitu lukuaika":"2 minuuttia"},"schema":{"@context":"https:\/\/schema.org","@graph":[{"@type":"WebPage","@id":"https:\/\/redfoxlotto.com\/fi\/lotteries\/thunderball\/","url":"https:\/\/redfoxlotto.com\/fi\/lotteries\/thunderball\/","name":"Hanki lippusi Thunderball Lotto verkossa","isPartOf":{"@id":"https:\/\/redfoxlotto.com\/fi\/#website"},"primaryImageOfPage":{"@id":"https:\/\/redfoxlotto.com\/fi\/lotteries\/thunderball\/#primaryimage"},"image":{"@id":"https:\/\/redfoxlotto.com\/fi\/lotteries\/thunderball\/#primaryimage"},"thumbnailUrl":"https:\/\/content.redfoxlotto.com\/uploads\/sites\/9\/1_online_lottery_jackpot_win.jpg","datePublished":"2022-09-26T12:33:09+00:00","dateModified":"2022-09-26T12:36:30+00:00","description":"Osta lippuja Thunderball Lotto vaikka et asu Yhdistyneess\u00e4 kuningaskunnassa","breadcrumb":{"@id":"https:\/\/redfoxlotto.com\/fi\/lotteries\/thunderball\/#breadcrumb"},"inLanguage":"fi","potentialAction":[{"@type":"ReadAction","target":["https:\/\/redfoxlotto.com\/fi\/lotteries\/thunderball\/"]}]},{"@type":"ImageObject","inLanguage":"fi","@id":"https:\/\/redfoxlotto.com\/fi\/lotteries\/thunderball\/#primaryimage","url":"https:\/\/content.redfoxlotto.com\/uploads\/sites\/9\/1_online_lottery_jackpot_win.jpg","contentUrl":"https:\/\/content.redfoxlotto.com\/uploads\/sites\/9\/1_online_lottery_jackpot_win.jpg"},{"@type":"BreadcrumbList","@id":"https:\/\/redfoxlotto.com\/fi\/lotteries\/thunderball\/#breadcrumb","itemListElement":[{"@type":"ListItem","position":1,"name":"Home","item":"https:\/\/redfoxlotto.com\/fi\/"},{"@type":"ListItem","position":2,"name":"Miten ostaa online arpoja &#8211; ostoprosessi","item":"https:\/\/redfoxlotto.com\/fi\/lotteries\/"},{"@type":"ListItem","position":3,"name":"Thunderballista"}]},{"@type":"WebSite","@id":"https:\/\/redfoxlotto.com\/fi\/#website","url":"https:\/\/redfoxlotto.com\/fi\/","name":"Get Tickets for the World\u2019s largest jackpots","description":"Participate in worldwide lottery jackpots from any country","publisher":{"@id":"https:\/\/redfoxlotto.com\/fi\/#organization"},"potentialAction":[{"@type":"SearchAction","target":{"@type":"EntryPoint","urlTemplate":"https:\/\/redfoxlotto.com\/fi\/?s={search_term_string}"},"query-input":{"@type":"PropertyValueSpecification","valueRequired":true,"valueName":"search_term_string"}}],"inLanguage":"fi"},{"@type":"Organization","@id":"https:\/\/redfoxlotto.com\/fi\/#organization","name":"Get Tickets for the World\u2019s largest jackpots","url":"https:\/\/redfoxlotto.com\/fi\/","logo":{"@type":"ImageObject","inLanguage":"fi","@id":"https:\/\/redfoxlotto.com\/fi\/#\/schema\/logo\/image\/","url":"https:\/\/redfoxlotto.com\/wp-content\/uploads\/2023\/04\/logo.png","contentUrl":"https:\/\/redfoxlotto.com\/wp-content\/uploads\/2023\/04\/logo.png","width":269,"height":53,"caption":"Get Tickets for the World\u2019s largest jackpots"},"image":{"@id":"https:\/\/redfoxlotto.com\/fi\/#\/schema\/logo\/image\/"}}]}},"_links":{"self":[{"href":"https:\/\/redfoxlotto.com\/fi\/wp-json\/wp\/v2\/pages\/30986","targetHints":{"allow":["GET"]}}],"collection":[{"href":"https:\/\/redfoxlotto.com\/fi\/wp-json\/wp\/v2\/pages"}],"about":[{"href":"https:\/\/redfoxlotto.com\/fi\/wp-json\/wp\/v2\/types\/page"}],"author":[{"embeddable":true,"href":"https:\/\/redfoxlotto.com\/fi\/wp-json\/wp\/v2\/users\/1"}],"replies":[{"embeddable":true,"href":"https:\/\/redfoxlotto.com\/fi\/wp-json\/wp\/v2\/comments?post=30986"}],"version-history":[{"count":0,"href":"https:\/\/redfoxlotto.com\/fi\/wp-json\/wp\/v2\/pages\/30986\/revisions"}],"up":[{"embeddable":true,"href":"https:\/\/redfoxlotto.com\/fi\/wp-json\/wp\/v2\/pages\/30960"}],"wp:attachment":[{"href":"https:\/\/redfoxlotto.com\/fi\/wp-json\/wp\/v2\/media?parent=30986"}],"curies":[{"name":"wp","href":"https:\/\/api.w.org\/{rel}","templated":true}]}}