{"id":30985,"date":"2018-11-18T08:54:25","date_gmt":"2018-11-18T08:54:25","guid":{"rendered":"https:\/\/redfoxlotto.com\/?page_id=19820"},"modified":"2022-09-26T12:36:30","modified_gmt":"2022-09-26T12:36:30","slug":"superenalotto","status":"publish","type":"page","link":"https:\/\/redfoxlotto.com\/fi\/lotteries\/superenalotto\/","title":{"rendered":"Tietoja SuperEnalotto"},"content":{"rendered":"<p>T\u00e4m\u00e4 Italiasta per\u00e4isin oleva lotto esiteltiin nimell\u00e4 &#8221;EnaLotto&#8221; 50-luvulla ja nimettiin my\u00f6hemmin uudelleen SuperEnaLotoksi. Suurin SuperEnalottoon kirjattu voitto on 177 729 043,16 euroa.<\/p>\n<p>T\u00e4ss\u00e4 lotossa on kolme arvontakertaa viikossa &#8211; joka tiistai, torstai ja lauantai.<\/p>\n<h2>SuperEnalotto maailmanlaajuisesti<\/h2>\n<p>Eurojackpotin k\u00e4ytt\u00f6\u00f6nottoon asti Superenalotto-lotto oli Euroopan lottojen kuningatar. Nyky\u00e4\u00e4n sit\u00e4 ei pelata vain Italiassa, vaan my\u00f6s muiden maiden pelaajat pelaavat sit\u00e4 verkossa.<\/p>\n<h2>Miten ostat Superenalotto-lipun netist\u00e4?<\/h2>\n<p>Superenalotto-lipun ostaminen verkosta on hyvin yksinkertaista. Sivustomme opastaa sinut lipun ostamisen ja maksamisen l\u00e4pi.<\/p>\n<p>Kun olet valmis ostamaan lippusi verkossa, voit tehd\u00e4 sen kahdella eri tavalla:<\/p>\n<p>Aloita rekister\u00f6im\u00e4ll\u00e4 tili RedFoxLottoon (\u00e4l\u00e4 unohda klikata linkki\u00e4 vahvistuss\u00e4hk\u00f6postissa, jonka l\u00e4het\u00e4mme sinulle!) ja talleta sitten ensin rahaa tilillesi. Nyt kun sinulla on rahaa tilill\u00e4si, voit valita loton, valita numerot ja maksaa tilisi saldolla. T\u00e4m\u00e4 menetelm\u00e4 on ihanteellinen, jos haluat ostaa lippuja verkossa t\u00e4n\u00e4\u00e4n ja palata ostamaan lis\u00e4\u00e4 lippuja my\u00f6hemmin.<br \/>\nTai:<\/p>\n<p>Valitse ensin arpajaiset ja valitse sitten numerot. Lis\u00e4\u00e4 halutessasi lis\u00e4\u00e4 arpoja ja lippuja. Napsauta sitten &#8221;maksa nyt&#8221; -painiketta. Seuraavaksi n\u00e4et kirjautumisn\u00e4yt\u00f6n. Koska sinulla ei ole viel\u00e4 tili\u00e4, sinun on luotava sellainen napsauttamalla &#8221;Rekister\u00f6idy&#8221;-painiketta. Kun olet rekister\u00f6itynyt ja vahvistanut uuden tilisi, etsi ostoskorisymboli ja napsauta sit\u00e4. Sitten maksat verkossa k\u00e4ytt\u00e4en mit\u00e4 tahansa sinulle sopivaa menetelm\u00e4\u00e4.<br \/>\nVarmista, ett\u00e4 suoritat kaikki maksua varten tarvittavat vaiheet. Kun olet onnistuneesti ostanut lippusi, saat vahvistuss\u00e4hk\u00f6postin. Sen j\u00e4lkeen sinun tarvitsee vain odottaa arvontaan, jotta n\u00e4et, oletko voittanut!<\/p>\n<h2>SuperEnaloton s\u00e4\u00e4nn\u00f6t<\/h2>\n<p><img loading=\"lazy\" decoding=\"async\" class=\" wp-image alignright\" src=\"https:\/\/content.redfoxlotto.com\/uploads\/sites\/9\/1_buy_ticket_jackpot.jpg\" alt=\"voittaa Superenalotto\" width=\"220\" height=\"146\"><\/p>\n<p>SuperEnaLotto on peli 6:sta 90:st\u00e4 ilman lis\u00e4numeroita. Osumalla 6 numeroon voitat j\u00e4ttipotin. Jos saat v\u00e4hint\u00e4\u00e4n 3 numeroa oikein, olet oikeutettu johonkin alemmista palkinnoista.<\/p>\n","protected":false},"excerpt":{"rendered":"<p>T\u00e4m\u00e4 Italiasta per\u00e4isin oleva lotto esiteltiin nimell\u00e4 &#8221;EnaLotto&#8221; 50-luvulla ja nimettiin my\u00f6hemmin uudelleen SuperEnaLotoksi. Suurin SuperEnalottoon kirjattu voitto on 177 729 043,16 euroa. T\u00e4ss\u00e4 lotossa on kolme arvontakertaa viikossa &#8211; joka tiistai, torstai ja lauantai. SuperEnalotto maailmanlaajuisesti Eurojackpotin k\u00e4ytt\u00f6\u00f6nottoon asti Superenalotto-lotto oli Euroopan lottojen kuningatar. Nyky\u00e4\u00e4n sit\u00e4 ei pelata vain Italiassa, vaan my\u00f6s muiden maiden [&hellip;]<\/p>\n","protected":false},"author":1,"featured_media":0,"parent":30960,"menu_order":5,"comment_status":"closed","ping_status":"closed","template":"superenalotto-info.php","meta":{"_et_pb_use_builder":"","_et_pb_old_content":"","_et_gb_content_width":"","exclude_from_search":false,"footnotes":""},"class_list":["post-30985","page","type-page","status-publish","hentry"],"yoast_head":"<!-- This site is optimized with the Yoast SEO plugin v23.8 - https:\/\/yoast.com\/wordpress\/plugins\/seo\/ -->\n<title>Osta lippuja Superenalottoon verkossa | Sin\u00e4kin voit voittaa Superenalotossa!<\/title>\n<meta name=\"description\" content=\"Vaikka et asuisi Italiassa, lippuja Superenalottoon voi ostaa nyt netist\u00e4!\" \/>\n<meta name=\"robots\" content=\"index, follow, max-snippet:-1, max-image-preview:large, max-video-preview:-1\" \/>\n<link rel=\"canonical\" href=\"https:\/\/redfoxlotto.com\/fi\/lotteries\/superenalotto\/\" \/>\n<meta property=\"og:locale\" content=\"fi_FI\" \/>\n<meta property=\"og:type\" content=\"article\" \/>\n<meta property=\"og:title\" content=\"Osta lippuja Superenalottoon verkossa | Sin\u00e4kin voit voittaa Superenalotossa!\" \/>\n<meta property=\"og:description\" content=\"Vaikka et asuisi Italiassa, lippuja Superenalottoon voi ostaa nyt netist\u00e4!\" \/>\n<meta property=\"og:url\" content=\"https:\/\/redfoxlotto.com\/fi\/lotteries\/superenalotto\/\" \/>\n<meta property=\"og:site_name\" content=\"Get Tickets for the World\u2019s largest jackpots\" \/>\n<meta property=\"article:modified_time\" content=\"2022-09-26T12:36:30+00:00\" \/>\n<meta property=\"og:image\" content=\"https:\/\/content.redfoxlotto.com\/uploads\/sites\/9\/1_buy_ticket_jackpot.jpg\" \/>\n<meta name=\"twitter:card\" content=\"summary_large_image\" \/>\n<script type=\"application\/ld+json\" class=\"yoast-schema-graph\">{\"@context\":\"https:\/\/schema.org\",\"@graph\":[{\"@type\":\"WebPage\",\"@id\":\"https:\/\/redfoxlotto.com\/fi\/lotteries\/superenalotto\/\",\"url\":\"https:\/\/redfoxlotto.com\/fi\/lotteries\/superenalotto\/\",\"name\":\"Osta lippuja Superenalottoon verkossa | Sin\u00e4kin voit voittaa Superenalotossa!\",\"isPartOf\":{\"@id\":\"https:\/\/redfoxlotto.com\/fi\/#website\"},\"primaryImageOfPage\":{\"@id\":\"https:\/\/redfoxlotto.com\/fi\/lotteries\/superenalotto\/#primaryimage\"},\"image\":{\"@id\":\"https:\/\/redfoxlotto.com\/fi\/lotteries\/superenalotto\/#primaryimage\"},\"thumbnailUrl\":\"https:\/\/content.redfoxlotto.com\/uploads\/sites\/9\/1_buy_ticket_jackpot.jpg\",\"datePublished\":\"2018-11-18T08:54:25+00:00\",\"dateModified\":\"2022-09-26T12:36:30+00:00\",\"description\":\"Vaikka et asuisi Italiassa, lippuja Superenalottoon voi ostaa nyt netist\u00e4!\",\"breadcrumb\":{\"@id\":\"https:\/\/redfoxlotto.com\/fi\/lotteries\/superenalotto\/#breadcrumb\"},\"inLanguage\":\"fi\",\"potentialAction\":[{\"@type\":\"ReadAction\",\"target\":[\"https:\/\/redfoxlotto.com\/fi\/lotteries\/superenalotto\/\"]}]},{\"@type\":\"ImageObject\",\"inLanguage\":\"fi\",\"@id\":\"https:\/\/redfoxlotto.com\/fi\/lotteries\/superenalotto\/#primaryimage\",\"url\":\"https:\/\/content.redfoxlotto.com\/uploads\/sites\/9\/1_buy_ticket_jackpot.jpg\",\"contentUrl\":\"https:\/\/content.redfoxlotto.com\/uploads\/sites\/9\/1_buy_ticket_jackpot.jpg\"},{\"@type\":\"BreadcrumbList\",\"@id\":\"https:\/\/redfoxlotto.com\/fi\/lotteries\/superenalotto\/#breadcrumb\",\"itemListElement\":[{\"@type\":\"ListItem\",\"position\":1,\"name\":\"Home\",\"item\":\"https:\/\/redfoxlotto.com\/fi\/\"},{\"@type\":\"ListItem\",\"position\":2,\"name\":\"Miten ostaa online arpoja &#8211; ostoprosessi\",\"item\":\"https:\/\/redfoxlotto.com\/fi\/lotteries\/\"},{\"@type\":\"ListItem\",\"position\":3,\"name\":\"Tietoja SuperEnalotto\"}]},{\"@type\":\"WebSite\",\"@id\":\"https:\/\/redfoxlotto.com\/fi\/#website\",\"url\":\"https:\/\/redfoxlotto.com\/fi\/\",\"name\":\"Get Tickets for the World\u2019s largest jackpots\",\"description\":\"Participate in worldwide lottery jackpots from any country\",\"publisher\":{\"@id\":\"https:\/\/redfoxlotto.com\/fi\/#organization\"},\"potentialAction\":[{\"@type\":\"SearchAction\",\"target\":{\"@type\":\"EntryPoint\",\"urlTemplate\":\"https:\/\/redfoxlotto.com\/fi\/?s={search_term_string}\"},\"query-input\":{\"@type\":\"PropertyValueSpecification\",\"valueRequired\":true,\"valueName\":\"search_term_string\"}}],\"inLanguage\":\"fi\"},{\"@type\":\"Organization\",\"@id\":\"https:\/\/redfoxlotto.com\/fi\/#organization\",\"name\":\"Get Tickets for the World\u2019s largest jackpots\",\"url\":\"https:\/\/redfoxlotto.com\/fi\/\",\"logo\":{\"@type\":\"ImageObject\",\"inLanguage\":\"fi\",\"@id\":\"https:\/\/redfoxlotto.com\/fi\/#\/schema\/logo\/image\/\",\"url\":\"https:\/\/redfoxlotto.com\/wp-content\/uploads\/2023\/04\/logo.png\",\"contentUrl\":\"https:\/\/redfoxlotto.com\/wp-content\/uploads\/2023\/04\/logo.png\",\"width\":269,\"height\":53,\"caption\":\"Get Tickets for the World\u2019s largest jackpots\"},\"image\":{\"@id\":\"https:\/\/redfoxlotto.com\/fi\/#\/schema\/logo\/image\/\"}}]}<\/script>\n<!-- \/ Yoast SEO plugin. -->","yoast_head_json":{"title":"Osta lippuja Superenalottoon verkossa | Sin\u00e4kin voit voittaa Superenalotossa!","description":"Vaikka et asuisi Italiassa, lippuja Superenalottoon voi ostaa nyt netist\u00e4!","robots":{"index":"index","follow":"follow","max-snippet":"max-snippet:-1","max-image-preview":"max-image-preview:large","max-video-preview":"max-video-preview:-1"},"canonical":"https:\/\/redfoxlotto.com\/fi\/lotteries\/superenalotto\/","og_locale":"fi_FI","og_type":"article","og_title":"Osta lippuja Superenalottoon verkossa | Sin\u00e4kin voit voittaa Superenalotossa!","og_description":"Vaikka et asuisi Italiassa, lippuja Superenalottoon voi ostaa nyt netist\u00e4!","og_url":"https:\/\/redfoxlotto.com\/fi\/lotteries\/superenalotto\/","og_site_name":"Get Tickets for the World\u2019s largest jackpots","article_modified_time":"2022-09-26T12:36:30+00:00","og_image":[{"url":"https:\/\/content.redfoxlotto.com\/uploads\/sites\/9\/1_buy_ticket_jackpot.jpg"}],"twitter_card":"summary_large_image","schema":{"@context":"https:\/\/schema.org","@graph":[{"@type":"WebPage","@id":"https:\/\/redfoxlotto.com\/fi\/lotteries\/superenalotto\/","url":"https:\/\/redfoxlotto.com\/fi\/lotteries\/superenalotto\/","name":"Osta lippuja Superenalottoon verkossa | Sin\u00e4kin voit voittaa Superenalotossa!","isPartOf":{"@id":"https:\/\/redfoxlotto.com\/fi\/#website"},"primaryImageOfPage":{"@id":"https:\/\/redfoxlotto.com\/fi\/lotteries\/superenalotto\/#primaryimage"},"image":{"@id":"https:\/\/redfoxlotto.com\/fi\/lotteries\/superenalotto\/#primaryimage"},"thumbnailUrl":"https:\/\/content.redfoxlotto.com\/uploads\/sites\/9\/1_buy_ticket_jackpot.jpg","datePublished":"2018-11-18T08:54:25+00:00","dateModified":"2022-09-26T12:36:30+00:00","description":"Vaikka et asuisi Italiassa, lippuja Superenalottoon voi ostaa nyt netist\u00e4!","breadcrumb":{"@id":"https:\/\/redfoxlotto.com\/fi\/lotteries\/superenalotto\/#breadcrumb"},"inLanguage":"fi","potentialAction":[{"@type":"ReadAction","target":["https:\/\/redfoxlotto.com\/fi\/lotteries\/superenalotto\/"]}]},{"@type":"ImageObject","inLanguage":"fi","@id":"https:\/\/redfoxlotto.com\/fi\/lotteries\/superenalotto\/#primaryimage","url":"https:\/\/content.redfoxlotto.com\/uploads\/sites\/9\/1_buy_ticket_jackpot.jpg","contentUrl":"https:\/\/content.redfoxlotto.com\/uploads\/sites\/9\/1_buy_ticket_jackpot.jpg"},{"@type":"BreadcrumbList","@id":"https:\/\/redfoxlotto.com\/fi\/lotteries\/superenalotto\/#breadcrumb","itemListElement":[{"@type":"ListItem","position":1,"name":"Home","item":"https:\/\/redfoxlotto.com\/fi\/"},{"@type":"ListItem","position":2,"name":"Miten ostaa online arpoja &#8211; ostoprosessi","item":"https:\/\/redfoxlotto.com\/fi\/lotteries\/"},{"@type":"ListItem","position":3,"name":"Tietoja SuperEnalotto"}]},{"@type":"WebSite","@id":"https:\/\/redfoxlotto.com\/fi\/#website","url":"https:\/\/redfoxlotto.com\/fi\/","name":"Get Tickets for the World\u2019s largest jackpots","description":"Participate in worldwide lottery jackpots from any country","publisher":{"@id":"https:\/\/redfoxlotto.com\/fi\/#organization"},"potentialAction":[{"@type":"SearchAction","target":{"@type":"EntryPoint","urlTemplate":"https:\/\/redfoxlotto.com\/fi\/?s={search_term_string}"},"query-input":{"@type":"PropertyValueSpecification","valueRequired":true,"valueName":"search_term_string"}}],"inLanguage":"fi"},{"@type":"Organization","@id":"https:\/\/redfoxlotto.com\/fi\/#organization","name":"Get Tickets for the World\u2019s largest jackpots","url":"https:\/\/redfoxlotto.com\/fi\/","logo":{"@type":"ImageObject","inLanguage":"fi","@id":"https:\/\/redfoxlotto.com\/fi\/#\/schema\/logo\/image\/","url":"https:\/\/redfoxlotto.com\/wp-content\/uploads\/2023\/04\/logo.png","contentUrl":"https:\/\/redfoxlotto.com\/wp-content\/uploads\/2023\/04\/logo.png","width":269,"height":53,"caption":"Get Tickets for the World\u2019s largest jackpots"},"image":{"@id":"https:\/\/redfoxlotto.com\/fi\/#\/schema\/logo\/image\/"}}]}},"_links":{"self":[{"href":"https:\/\/redfoxlotto.com\/fi\/wp-json\/wp\/v2\/pages\/30985","targetHints":{"allow":["GET"]}}],"collection":[{"href":"https:\/\/redfoxlotto.com\/fi\/wp-json\/wp\/v2\/pages"}],"about":[{"href":"https:\/\/redfoxlotto.com\/fi\/wp-json\/wp\/v2\/types\/page"}],"author":[{"embeddable":true,"href":"https:\/\/redfoxlotto.com\/fi\/wp-json\/wp\/v2\/users\/1"}],"replies":[{"embeddable":true,"href":"https:\/\/redfoxlotto.com\/fi\/wp-json\/wp\/v2\/comments?post=30985"}],"version-history":[{"count":0,"href":"https:\/\/redfoxlotto.com\/fi\/wp-json\/wp\/v2\/pages\/30985\/revisions"}],"up":[{"embeddable":true,"href":"https:\/\/redfoxlotto.com\/fi\/wp-json\/wp\/v2\/pages\/30960"}],"wp:attachment":[{"href":"https:\/\/redfoxlotto.com\/fi\/wp-json\/wp\/v2\/media?parent=30985"}],"curies":[{"name":"wp","href":"https:\/\/api.w.org\/{rel}","templated":true}]}}