{"id":30983,"date":"2018-11-18T08:54:25","date_gmt":"2018-11-18T08:54:25","guid":{"rendered":"https:\/\/redfoxlotto.com\/?page_id=19816"},"modified":"2022-09-26T12:36:30","modified_gmt":"2022-09-26T12:36:30","slug":"saturday-lotto-au","status":"publish","type":"page","link":"https:\/\/redfoxlotto.com\/fi\/lotteries\/saturday-lotto-au\/","title":{"rendered":"Tietoja Saturday Lotto"},"content":{"rendered":"<p>Lauantailotto on nimens\u00e4 mukaisesti arpajaiset, joita pelataan Australiassa joka lauantai-ilta. Peli\u00e4 markkinoidaan kaikkialla Australiassa, ja se tunnetaan eri nimill\u00e4 maan eri alueilla.<\/p>\n<p>Etel\u00e4-Australiassa sit\u00e4 kutsutaan nimell\u00e4 X-lotto, Queenslandissa nimell\u00e4 Gold Lotto, Tattslotto Victoriassa, Tasmaniassa, Australian p\u00e4\u00e4kaupunkialueella ja pohjoisella alueella. Uudessa Etel\u00e4-Walesissa ja L\u00e4nsi-Australiassa se tunnetaan yksinkertaisesti nimell\u00e4 Lotto tai lauantailotto.<\/p>\n<p><img decoding=\"async\" class=\" wp-image alignright\" src=\"https:\/\/content.redfoxlotto.com\/uploads\/sites\/9\/1_online_jackpot_lotto.jpg\" alt=\"Lotto lauantai Australia\" width=\"250;\" height=\"125\"><\/p>\n<p>Aiemmin lauantailotossa valitaan 6 p\u00e4\u00e4numeroa mahdollisesta 40:st\u00e4 ja lis\u00e4ksi lis\u00e4t\u00e4\u00e4n yksi lis\u00e4numero. Nyky\u00e4\u00e4n se on kuitenkin muuttunut, sill\u00e4 nyt valitaan 6 p\u00e4\u00e4numeroa 45:st\u00e4 mahdollisesta numerosta ja lis\u00e4ksi 2 lis\u00e4numeroa. T\u00e4m\u00e4 muutos on v\u00e4hent\u00e4nyt huomattavasti mahdollisuutta voittaa palkinto tai pikemminkin j\u00e4ttipotti lauantailotossa. Jos haluat pelata lotossa, pelaajien on valittava v\u00e4hint\u00e4\u00e4n 6 numeroa 45:st\u00e4, ja kun arvonta on suoritettu, jos 6 numeroa vastaa 6 arvottua p\u00e4\u00e4numeroa, olet voittanut j\u00e4ttipotin.<\/p>\n<p><img decoding=\"async\" class=\" wp-image alignright\" src=\"https:\/\/content.redfoxlotto.com\/uploads\/sites\/9\/2_ticket_saturday_lotto_au2.jpg\" alt=\"Osta lippuja Saturday Lotto\"><\/p>\n<p>Lauantailotto tarjoaa joka viikko noin 4 miljoonaa Australian dollaria p\u00e4\u00e4voittona, ja sen voi jakaa enint\u00e4\u00e4n nelj\u00e4 voittajaa. Lottokuponkeja voi hankkia netist\u00e4 ja my\u00f6s nimetyist\u00e4 kaupoista ymp\u00e4ri Australiaa. Todenn\u00e4k\u00f6isyys osua lauantailoton j\u00e4ttipottiin on noin 1:8 miljoonaa.<\/p>\n","protected":false},"excerpt":{"rendered":"<p>Lauantailotto on nimens\u00e4 mukaisesti arpajaiset, joita pelataan Australiassa joka lauantai-ilta. Peli\u00e4 markkinoidaan kaikkialla Australiassa, ja se tunnetaan eri nimill\u00e4 maan eri alueilla. Etel\u00e4-Australiassa sit\u00e4 kutsutaan nimell\u00e4 X-lotto, Queenslandissa nimell\u00e4 Gold Lotto, Tattslotto Victoriassa, Tasmaniassa, Australian p\u00e4\u00e4kaupunkialueella ja pohjoisella alueella. Uudessa Etel\u00e4-Walesissa ja L\u00e4nsi-Australiassa se tunnetaan yksinkertaisesti nimell\u00e4 Lotto tai lauantailotto. Aiemmin lauantailotossa valitaan 6 p\u00e4\u00e4numeroa [&hellip;]<\/p>\n","protected":false},"author":1,"featured_media":0,"parent":30960,"menu_order":22,"comment_status":"closed","ping_status":"closed","template":"saturday-lotto-info.php","meta":{"_et_pb_use_builder":"","_et_pb_old_content":"","_et_gb_content_width":"","exclude_from_search":false,"footnotes":""},"class_list":["post-30983","page","type-page","status-publish","hentry"],"yoast_head":"<!-- This site is optimized with the Yoast SEO plugin v23.8 - https:\/\/yoast.com\/wordpress\/plugins\/seo\/ -->\n<title>Lauantailotto | Mit\u00e4 sinun pit\u00e4isi tiet\u00e4\u00e4 lauantailotosta?<\/title>\n<meta name=\"description\" content=\"Lis\u00e4\u00e4 mahdollisuuksiasi voittaa lauantailotossa tiet\u00e4m\u00e4ll\u00e4 n\u00e4m\u00e4 tiedot niist\u00e4.\" \/>\n<meta name=\"robots\" content=\"index, follow, max-snippet:-1, max-image-preview:large, max-video-preview:-1\" \/>\n<link rel=\"canonical\" href=\"https:\/\/redfoxlotto.com\/fi\/lotteries\/saturday-lotto-au\/\" \/>\n<meta property=\"og:locale\" content=\"fi_FI\" \/>\n<meta property=\"og:type\" content=\"article\" \/>\n<meta property=\"og:title\" content=\"Lauantailotto | Mit\u00e4 sinun pit\u00e4isi tiet\u00e4\u00e4 lauantailotosta?\" \/>\n<meta property=\"og:description\" content=\"Lis\u00e4\u00e4 mahdollisuuksiasi voittaa lauantailotossa tiet\u00e4m\u00e4ll\u00e4 n\u00e4m\u00e4 tiedot niist\u00e4.\" \/>\n<meta property=\"og:url\" content=\"https:\/\/redfoxlotto.com\/fi\/lotteries\/saturday-lotto-au\/\" \/>\n<meta property=\"og:site_name\" content=\"Get Tickets for the World\u2019s largest jackpots\" \/>\n<meta property=\"article:modified_time\" content=\"2022-09-26T12:36:30+00:00\" \/>\n<meta property=\"og:image\" content=\"https:\/\/content.redfoxlotto.com\/uploads\/sites\/9\/1_online_jackpot_lotto.jpg\" \/>\n<meta name=\"twitter:card\" content=\"summary_large_image\" \/>\n<meta name=\"twitter:label1\" content=\"Arvioitu lukuaika\" \/>\n\t<meta name=\"twitter:data1\" content=\"2 minuuttia\" \/>\n<script type=\"application\/ld+json\" class=\"yoast-schema-graph\">{\"@context\":\"https:\/\/schema.org\",\"@graph\":[{\"@type\":\"WebPage\",\"@id\":\"https:\/\/redfoxlotto.com\/fi\/lotteries\/saturday-lotto-au\/\",\"url\":\"https:\/\/redfoxlotto.com\/fi\/lotteries\/saturday-lotto-au\/\",\"name\":\"Lauantailotto | Mit\u00e4 sinun pit\u00e4isi tiet\u00e4\u00e4 lauantailotosta?\",\"isPartOf\":{\"@id\":\"https:\/\/redfoxlotto.com\/fi\/#website\"},\"primaryImageOfPage\":{\"@id\":\"https:\/\/redfoxlotto.com\/fi\/lotteries\/saturday-lotto-au\/#primaryimage\"},\"image\":{\"@id\":\"https:\/\/redfoxlotto.com\/fi\/lotteries\/saturday-lotto-au\/#primaryimage\"},\"thumbnailUrl\":\"https:\/\/content.redfoxlotto.com\/uploads\/sites\/9\/1_online_jackpot_lotto.jpg\",\"datePublished\":\"2018-11-18T08:54:25+00:00\",\"dateModified\":\"2022-09-26T12:36:30+00:00\",\"description\":\"Lis\u00e4\u00e4 mahdollisuuksiasi voittaa lauantailotossa tiet\u00e4m\u00e4ll\u00e4 n\u00e4m\u00e4 tiedot niist\u00e4.\",\"breadcrumb\":{\"@id\":\"https:\/\/redfoxlotto.com\/fi\/lotteries\/saturday-lotto-au\/#breadcrumb\"},\"inLanguage\":\"fi\",\"potentialAction\":[{\"@type\":\"ReadAction\",\"target\":[\"https:\/\/redfoxlotto.com\/fi\/lotteries\/saturday-lotto-au\/\"]}]},{\"@type\":\"ImageObject\",\"inLanguage\":\"fi\",\"@id\":\"https:\/\/redfoxlotto.com\/fi\/lotteries\/saturday-lotto-au\/#primaryimage\",\"url\":\"https:\/\/content.redfoxlotto.com\/uploads\/sites\/9\/1_online_jackpot_lotto.jpg\",\"contentUrl\":\"https:\/\/content.redfoxlotto.com\/uploads\/sites\/9\/1_online_jackpot_lotto.jpg\"},{\"@type\":\"BreadcrumbList\",\"@id\":\"https:\/\/redfoxlotto.com\/fi\/lotteries\/saturday-lotto-au\/#breadcrumb\",\"itemListElement\":[{\"@type\":\"ListItem\",\"position\":1,\"name\":\"Home\",\"item\":\"https:\/\/redfoxlotto.com\/fi\/\"},{\"@type\":\"ListItem\",\"position\":2,\"name\":\"Miten ostaa online arpoja &#8211; ostoprosessi\",\"item\":\"https:\/\/redfoxlotto.com\/fi\/lotteries\/\"},{\"@type\":\"ListItem\",\"position\":3,\"name\":\"Tietoja Saturday Lotto\"}]},{\"@type\":\"WebSite\",\"@id\":\"https:\/\/redfoxlotto.com\/fi\/#website\",\"url\":\"https:\/\/redfoxlotto.com\/fi\/\",\"name\":\"Get Tickets for the World\u2019s largest jackpots\",\"description\":\"Participate in worldwide lottery jackpots from any country\",\"publisher\":{\"@id\":\"https:\/\/redfoxlotto.com\/fi\/#organization\"},\"potentialAction\":[{\"@type\":\"SearchAction\",\"target\":{\"@type\":\"EntryPoint\",\"urlTemplate\":\"https:\/\/redfoxlotto.com\/fi\/?s={search_term_string}\"},\"query-input\":{\"@type\":\"PropertyValueSpecification\",\"valueRequired\":true,\"valueName\":\"search_term_string\"}}],\"inLanguage\":\"fi\"},{\"@type\":\"Organization\",\"@id\":\"https:\/\/redfoxlotto.com\/fi\/#organization\",\"name\":\"Get Tickets for the World\u2019s largest jackpots\",\"url\":\"https:\/\/redfoxlotto.com\/fi\/\",\"logo\":{\"@type\":\"ImageObject\",\"inLanguage\":\"fi\",\"@id\":\"https:\/\/redfoxlotto.com\/fi\/#\/schema\/logo\/image\/\",\"url\":\"https:\/\/redfoxlotto.com\/wp-content\/uploads\/2023\/04\/logo.png\",\"contentUrl\":\"https:\/\/redfoxlotto.com\/wp-content\/uploads\/2023\/04\/logo.png\",\"width\":269,\"height\":53,\"caption\":\"Get Tickets for the World\u2019s largest jackpots\"},\"image\":{\"@id\":\"https:\/\/redfoxlotto.com\/fi\/#\/schema\/logo\/image\/\"}}]}<\/script>\n<!-- \/ Yoast SEO plugin. -->","yoast_head_json":{"title":"Lauantailotto | Mit\u00e4 sinun pit\u00e4isi tiet\u00e4\u00e4 lauantailotosta?","description":"Lis\u00e4\u00e4 mahdollisuuksiasi voittaa lauantailotossa tiet\u00e4m\u00e4ll\u00e4 n\u00e4m\u00e4 tiedot niist\u00e4.","robots":{"index":"index","follow":"follow","max-snippet":"max-snippet:-1","max-image-preview":"max-image-preview:large","max-video-preview":"max-video-preview:-1"},"canonical":"https:\/\/redfoxlotto.com\/fi\/lotteries\/saturday-lotto-au\/","og_locale":"fi_FI","og_type":"article","og_title":"Lauantailotto | Mit\u00e4 sinun pit\u00e4isi tiet\u00e4\u00e4 lauantailotosta?","og_description":"Lis\u00e4\u00e4 mahdollisuuksiasi voittaa lauantailotossa tiet\u00e4m\u00e4ll\u00e4 n\u00e4m\u00e4 tiedot niist\u00e4.","og_url":"https:\/\/redfoxlotto.com\/fi\/lotteries\/saturday-lotto-au\/","og_site_name":"Get Tickets for the World\u2019s largest jackpots","article_modified_time":"2022-09-26T12:36:30+00:00","og_image":[{"url":"https:\/\/content.redfoxlotto.com\/uploads\/sites\/9\/1_online_jackpot_lotto.jpg"}],"twitter_card":"summary_large_image","twitter_misc":{"Arvioitu lukuaika":"2 minuuttia"},"schema":{"@context":"https:\/\/schema.org","@graph":[{"@type":"WebPage","@id":"https:\/\/redfoxlotto.com\/fi\/lotteries\/saturday-lotto-au\/","url":"https:\/\/redfoxlotto.com\/fi\/lotteries\/saturday-lotto-au\/","name":"Lauantailotto | Mit\u00e4 sinun pit\u00e4isi tiet\u00e4\u00e4 lauantailotosta?","isPartOf":{"@id":"https:\/\/redfoxlotto.com\/fi\/#website"},"primaryImageOfPage":{"@id":"https:\/\/redfoxlotto.com\/fi\/lotteries\/saturday-lotto-au\/#primaryimage"},"image":{"@id":"https:\/\/redfoxlotto.com\/fi\/lotteries\/saturday-lotto-au\/#primaryimage"},"thumbnailUrl":"https:\/\/content.redfoxlotto.com\/uploads\/sites\/9\/1_online_jackpot_lotto.jpg","datePublished":"2018-11-18T08:54:25+00:00","dateModified":"2022-09-26T12:36:30+00:00","description":"Lis\u00e4\u00e4 mahdollisuuksiasi voittaa lauantailotossa tiet\u00e4m\u00e4ll\u00e4 n\u00e4m\u00e4 tiedot niist\u00e4.","breadcrumb":{"@id":"https:\/\/redfoxlotto.com\/fi\/lotteries\/saturday-lotto-au\/#breadcrumb"},"inLanguage":"fi","potentialAction":[{"@type":"ReadAction","target":["https:\/\/redfoxlotto.com\/fi\/lotteries\/saturday-lotto-au\/"]}]},{"@type":"ImageObject","inLanguage":"fi","@id":"https:\/\/redfoxlotto.com\/fi\/lotteries\/saturday-lotto-au\/#primaryimage","url":"https:\/\/content.redfoxlotto.com\/uploads\/sites\/9\/1_online_jackpot_lotto.jpg","contentUrl":"https:\/\/content.redfoxlotto.com\/uploads\/sites\/9\/1_online_jackpot_lotto.jpg"},{"@type":"BreadcrumbList","@id":"https:\/\/redfoxlotto.com\/fi\/lotteries\/saturday-lotto-au\/#breadcrumb","itemListElement":[{"@type":"ListItem","position":1,"name":"Home","item":"https:\/\/redfoxlotto.com\/fi\/"},{"@type":"ListItem","position":2,"name":"Miten ostaa online arpoja &#8211; ostoprosessi","item":"https:\/\/redfoxlotto.com\/fi\/lotteries\/"},{"@type":"ListItem","position":3,"name":"Tietoja Saturday Lotto"}]},{"@type":"WebSite","@id":"https:\/\/redfoxlotto.com\/fi\/#website","url":"https:\/\/redfoxlotto.com\/fi\/","name":"Get Tickets for the World\u2019s largest jackpots","description":"Participate in worldwide lottery jackpots from any country","publisher":{"@id":"https:\/\/redfoxlotto.com\/fi\/#organization"},"potentialAction":[{"@type":"SearchAction","target":{"@type":"EntryPoint","urlTemplate":"https:\/\/redfoxlotto.com\/fi\/?s={search_term_string}"},"query-input":{"@type":"PropertyValueSpecification","valueRequired":true,"valueName":"search_term_string"}}],"inLanguage":"fi"},{"@type":"Organization","@id":"https:\/\/redfoxlotto.com\/fi\/#organization","name":"Get Tickets for the World\u2019s largest jackpots","url":"https:\/\/redfoxlotto.com\/fi\/","logo":{"@type":"ImageObject","inLanguage":"fi","@id":"https:\/\/redfoxlotto.com\/fi\/#\/schema\/logo\/image\/","url":"https:\/\/redfoxlotto.com\/wp-content\/uploads\/2023\/04\/logo.png","contentUrl":"https:\/\/redfoxlotto.com\/wp-content\/uploads\/2023\/04\/logo.png","width":269,"height":53,"caption":"Get Tickets for the World\u2019s largest jackpots"},"image":{"@id":"https:\/\/redfoxlotto.com\/fi\/#\/schema\/logo\/image\/"}}]}},"_links":{"self":[{"href":"https:\/\/redfoxlotto.com\/fi\/wp-json\/wp\/v2\/pages\/30983","targetHints":{"allow":["GET"]}}],"collection":[{"href":"https:\/\/redfoxlotto.com\/fi\/wp-json\/wp\/v2\/pages"}],"about":[{"href":"https:\/\/redfoxlotto.com\/fi\/wp-json\/wp\/v2\/types\/page"}],"author":[{"embeddable":true,"href":"https:\/\/redfoxlotto.com\/fi\/wp-json\/wp\/v2\/users\/1"}],"replies":[{"embeddable":true,"href":"https:\/\/redfoxlotto.com\/fi\/wp-json\/wp\/v2\/comments?post=30983"}],"version-history":[{"count":0,"href":"https:\/\/redfoxlotto.com\/fi\/wp-json\/wp\/v2\/pages\/30983\/revisions"}],"up":[{"embeddable":true,"href":"https:\/\/redfoxlotto.com\/fi\/wp-json\/wp\/v2\/pages\/30960"}],"wp:attachment":[{"href":"https:\/\/redfoxlotto.com\/fi\/wp-json\/wp\/v2\/media?parent=30983"}],"curies":[{"name":"wp","href":"https:\/\/api.w.org\/{rel}","templated":true}]}}