{"id":30981,"date":"2018-11-18T08:54:25","date_gmt":"2018-11-18T08:54:25","guid":{"rendered":"https:\/\/redfoxlotto.com\/?page_id=19812"},"modified":"2025-12-18T10:50:10","modified_gmt":"2025-12-18T10:50:10","slug":"powerball-2","status":"publish","type":"page","link":"https:\/\/redfoxlotto.com\/fi\/lotteries\/powerball-2\/","title":{"rendered":"Tietoa Powerballista"},"content":{"rendered":"<p><script type=\"application\/ld+json\">\n{\n  \"@context\": \"https:\/\/schema.org\",\n  \"@type\": \"Service\",\n  \"name\": \"Pelaa Powerballia verkossa\",\n  \"url\": \"https:\/\/redfoxlotto.com\/fi\/lotteries\/powerball\",\n  \"description\": \"Osta virallisia Powerball-lottonumeroita verkossa mist\u00e4 tahansa maasta. Vieraile RedFoxLotto-sivustolla, valitse numerosi ja osallistu seuraavaan arvontaan.\",\n  \"serviceType\": \"Verkkopohjainen lottonumeroiden palvelu\",<\/p>\n<p>  \"provider\": {\n    \"@type\": \"Organization\",\n    \"name\": \"RedFoxLotto\",\n    \"url\": \"https:\/\/redfoxlotto.com\/fi\/\",\n    \"image\": \"https:\/\/redfoxlotto.com\/wp-content\/uploads\/2025\/12\/ticket_scans.jpg\",\n    \"sameAs\": []\n  },<\/p>\n<p>  \"areaServed\": \"Worldwide\",\n  \"termsOfService\": \"https:\/\/redfoxlotto.com\/terms-and-conditions\",<\/p>\n<p>  \"additionalProperty\": {\n    \"@type\": \"PropertyValue\",\n    \"name\": \"FAQ\",\n    \"value\": \"https:\/\/redfoxlotto.com\/fi\/faq\/\"\n  },<\/p>\n<p>  \"hasOfferCatalog\": {\n    \"@type\": \"OfferCatalog\",\n    \"name\": \"Powerball-lottonumerot\",\n    \"itemListElement\": [\n      {\n        \"@type\": \"Offer\",\n        \"name\": \"Powerball-liput\",\n        \"url\": \"https:\/\/redfoxlotto.com\/fi\/lotteries\/powerball\",\n        \"description\": \"Osta RedFoxLotto-verkkopalvelusta seuraavaan Powerball-arvontaan oikeita lippuja.\",\n        \"price\": \"5.90\",\n        \"priceCurrency\": \"\u20ac\",\n        \"availability\": \"https:\/\/schema.org\/InStock\",<\/p>\n<p>        \"itemOffered\": {\n          \"@type\": \"Service\",\n          \"name\": \"Powerball-lottonumerot\",\n          \"description\": \"Osallistu seuraavaan Powerball-arvontaan \u2013 osta lippusi verkossa RedFoxLotto-palvelun kautta.\"\n        }\n      }\n    ]\n  },<\/p>\n<p>  \"mainEntityOfPage\": {\n    \"@type\": \"WebPage\",\n    \"@id\": \"https:\/\/redfoxlotto.com\/fi\/lotteries\/powerball\"\n  }\n}\n<\/script><\/p>\n<p>Powerball on luultavasti maailman tunnetuin lotto, ja siihen on todella hyv\u00e4t syyt.<\/p>\n<p>Miljoonat pelaajat ymp\u00e4ri maailmaa pelaavat peli\u00e4. Viel\u00e4 enemm\u00e4n, ei vain Yhdysvalloissa, mutta my\u00f6s verkossa muista maista, kuten Viro voit valita ostaa Powerball lippuja verkossa.<\/p>\n<p>Arvonta suoritetaan joka lauantai ja keskiviikko, mik\u00e4 tarkoittaa, ett\u00e4 sinulla on kaksi kertaa enemm\u00e4n mahdollisuuksia osallistua ja ostaa lippu. Todella j\u00e4nnitt\u00e4v\u00e4\u00e4 on se, ett\u00e4 suurin koskaan Powerballissa saavutettu j\u00e4ttipotti oli 1 586 400 000 dollaria!<\/p>\n<h2>Powerball-lotto maailmanlaajuisesti<\/h2>\n<p>Sivustomme avulla sinusta voi nyt tulla Powerball-multimiljon\u00e4\u00e4ri. Tarjoamme sinulle mahdollisuuden ostaa Powerball-arpoja verkossa. Sinun tarvitsee vain katsoa, mit\u00e4 j\u00e4rjestelm\u00e4mme sis\u00e4lt\u00e4\u00e4. Tulet huomaamaan, ett\u00e4 p\u00e4\u00e4set vain verkkosivustollamme k\u00e4ymisest\u00e4 siihen, ett\u00e4 ensimm\u00e4inen lippusi odottaa sinua tilill\u00e4si vain muutamassa yksinkertaisessa vaiheessa. Katsotaanpa siis tarkemmin, mit\u00e4 sinun on teht\u00e4v\u00e4.<img decoding=\"async\" class=\"wp-image alignright\" src=\"https:\/\/redfoxlotto.com\/wp-content\/uploads\/sites\/9\/ticket_powerball3.jpg\" alt=\"Powerball-lotto\" \/><\/p>\n<h2>Miten ostat Powerball-lipun netist\u00e4 Suomesta?<\/h2>\n<p>Ensimm\u00e4inen askel on yksinkertaisesti tutustua eri lottopeleihin, joita meill\u00e4 on tarjolla. Onneksesi tarjolla on useita loistavia lippuja ja pelej\u00e4, sill\u00e4 haluamme varmistaa, ett\u00e4 p\u00e4\u00e4set osalliseksi kaikista suurimmista j\u00e4ttipotista. Kaikki maailman suurimmat pelit ovat siis saatavilla Virosta, verkkosivustomme kautta. Sinun tarvitsee vain vilkaista saatavilla olevia pelej\u00e4 ja p\u00e4\u00e4tt\u00e4\u00e4 sitten, mit\u00e4 haluat pelata.<\/p>\n<p>Kun olet p\u00e4\u00e4tt\u00e4nyt pelin (t\u00e4ss\u00e4 tapauksessa Powerballin), klikkaat vain linkki\u00e4 ja siirryt sivulle. N\u00e4et lis\u00e4tietoja pelist\u00e4 ja n\u00e4et tietoa siit\u00e4, miten voit hankkia oman lippusi. Tarvitsee vain valita haluamasi numerot. Voit tietysti valita my\u00f6s pikavalinnan, jos et tied\u00e4, mit\u00e4 numeroita haluat.<\/p>\n<p>Kun aloitat numeroiden valitsemisen, ilmoitamme verkkosivustollamme tarkalleen, kuinka monta numeroa tarvitset, ja varmistamme, ettei sinulla ole liikaa tai liian v\u00e4h\u00e4n numeroita saadaksesi kelvollisen lipun. Sinulla on my\u00f6s mahdollisuus valita haluamasi yhdistelm\u00e4 satunnaisesti ja henkil\u00f6kohtaisesti valittuja numeroita. Voit my\u00f6s valita useita lippuja peliin.<\/p>\n<p>Sielt\u00e4 voit lis\u00e4t\u00e4 liput ostoskoriin, mink\u00e4 j\u00e4lkeen voit valita lis\u00e4\u00e4 lippuja Powerballista tai muista haluamistasi peleist\u00e4. Sitten sinun tarvitsee vain perustaa oma tilisi. Kun teet sen, kysymme sinulta joitakin henkil\u00f6kohtaisia tietoja, jotka tekev\u00e4t sinusta turvallisemman, kun haluat ostaa lippuja ja kun haluat saada rahaa tililt\u00e4si. Voit my\u00f6s perustaa kaikki haluamasi tilit.<\/p>\n<h2>Powerball-lippujen s\u00e4\u00e4nn\u00f6t verkossa<\/h2>\n<p>Powerball-lippua asettaessasi haluat tiet\u00e4\u00e4 kaikki s\u00e4\u00e4nn\u00f6t, joita sinun on noudatettava, ja sen, miten valitset lippusi. Mit\u00e4 sinun on siis teht\u00e4v\u00e4?<\/p>\n<p>Sinun on valittava 5 numeroa v\u00e4lilt\u00e4 1-69 sek\u00e4 yksi Powerball-numero v\u00e4lilt\u00e4 1-26. Kaikkien kuuden numeron on t\u00e4sm\u00e4tt\u00e4v\u00e4 lipussa. Sitten olet voittanut j\u00e4ttipotin. Jos vain 5 ensimm\u00e4ist\u00e4 numeroa on oikein, lippusi voittaa kakkospalkinnon. Silloin olet silti 1 miljoona dollaria rikkaampi. Powerballin j\u00e4ttipotin voitot voidaan maksaa kertamaksuna tai 30 vuosittaisessa er\u00e4ss\u00e4.<\/p>\n<h2>Osta Powerball-lippu netist\u00e4 ja voita!<\/h2>\n<p>Mit\u00e4 tapahtuu, jos todella voitat Powerballin j\u00e4ttipotin? Siit\u00e4 tulee todella hauskaa, ja olet varmasti eritt\u00e4in innoissasi. Sinun on my\u00f6s suunniteltava matkaa Yhdysvaltoihin, koska he rakastavat tehd\u00e4 ison numeron ihmisist\u00e4, jotka voittavat.<\/p>\n<p>Se tarkoittaa, ett\u00e4 he ottavat valokuvia, antavat sinulle suuren shekin ja paljon muuta, ja me varmistamme, ett\u00e4 olet valmistautunut siihen lipulla ja tiedoilla, joita tarvitset palkintosi lunastamiseen.<br \/>\n<img decoding=\"async\" class=\"size-full wp-image alignright\" src=\"https:\/\/content.redfoxlotto.com\/uploads\/sites\/9\/1_buy_lottery_online.jpg\" alt=\"ostaa lippuja verkossa\" \/><br \/>\nJos voitat alemman tason palkinnon, voimme siirt\u00e4\u00e4 rahat suoraan tilillesi, jotta voit nostaa ne tilillesi tai k\u00e4ytt\u00e4\u00e4 ne lis\u00e4lippujen ostamiseen. Niille, jotka voittavat suurempia palkintoja, mutta eiv\u00e4t j\u00e4ttipottia, voit tehd\u00e4 suoran siirron tilillesi, ja otamme sinuun yhteytt\u00e4 kertoaksemme, mit\u00e4 sinun on teht\u00e4v\u00e4 ja miten voit j\u00e4rjest\u00e4\u00e4 kaiken t\u00e4m\u00e4n. Mutta mist\u00e4 sin\u00e4 saat tiet\u00e4\u00e4?<\/p>\n<p>Jos jatkat tilisi tarkistamista, n\u00e4et p\u00e4ivitykset lippuusi ja n\u00e4et kaikki numerot, jotka t\u00e4sm\u00e4\u00e4v\u00e4t. Saat my\u00f6s pienempien summien rahat heti tilillesi. Kaikki voittamasi summat n\u00e4kyv\u00e4t kuitenkin s\u00e4hk\u00f6postissasi. Se tarkoittaa, ett\u00e4 voit vain tarkistaa s\u00e4hk\u00f6postisi ja n\u00e4hd\u00e4, ett\u00e4 sinulla on voitto, joten voit siirty\u00e4 tilillesi v\u00e4litt\u00f6m\u00e4sti.<\/p>\n<h2>Uusien pelien pelaaminen<\/h2>\n<p>Jos olet valmis aloittamaan pelaamisen ja haluat ostaa Powerball-arpoja netist\u00e4, haluat varmasti tutustua my\u00f6s muihin vaihtoehtoihin, joita meill\u00e4 on. Meill\u00e4 on itse asiassa kuumimmat lottopelit k\u00e4ynniss\u00e4 kaikkialla maailmassa, ja sinun tarvitsee vain p\u00e4\u00e4tt\u00e4\u00e4, mik\u00e4 niist\u00e4 on suosikkisi ja mit\u00e4 haluat kokeilla seuraavaksi.<\/p>\n<p>Katso siis nopeasti, mit\u00e4 on tarjolla ja miten voit poimia kaikki haluamasi liput. Varmista my\u00f6s, ett\u00e4 katsot kaikki tiedot, joita voit l\u00f6yt\u00e4\u00e4 kustakin pelist\u00e4, milloin ne arvotaan, kuinka paljon voit voittaa ja paljon muuta.<\/p>\n<p>Haluatko pelata ja hankkia Powerball-lippuja netist\u00e4? Aloita heti t\u00e4\u00e4ll\u00e4.<\/p>\n","protected":false},"excerpt":{"rendered":"<p>Powerball on luultavasti maailman tunnetuin lotto, ja siihen on todella hyv\u00e4t syyt. Miljoonat pelaajat ymp\u00e4ri maailmaa pelaavat peli\u00e4. Viel\u00e4 enemm\u00e4n, ei vain Yhdysvalloissa, mutta my\u00f6s verkossa muista maista, kuten Viro voit valita ostaa Powerball lippuja verkossa. Arvonta suoritetaan joka lauantai ja keskiviikko, mik\u00e4 tarkoittaa, ett\u00e4 sinulla on kaksi kertaa enemm\u00e4n mahdollisuuksia osallistua ja ostaa lippu. [&hellip;]<\/p>\n","protected":false},"author":1,"featured_media":0,"parent":30960,"menu_order":1,"comment_status":"closed","ping_status":"closed","template":"powerball-usa-info.php","meta":{"_et_pb_use_builder":"","_et_pb_old_content":"","_et_gb_content_width":"","exclude_from_search":false,"footnotes":""},"class_list":["post-30981","page","type-page","status-publish","hentry"],"yoast_head":"<!-- This site is optimized with the Yoast SEO plugin v23.8 - https:\/\/yoast.com\/wordpress\/plugins\/seo\/ -->\n<title>Osta Powerball-lippuja netist\u00e4 Suomesta | Voita Powerball t\u00e4\u00e4ll\u00e4<\/title>\n<meta name=\"description\" content=\"Miten ostaa lippu verkossa Powerball Lotto USA? Palvelumme avulla voit osallistua Powerball USA:n lottoon Suomesta k\u00e4sin.\" \/>\n<meta name=\"robots\" content=\"index, follow, max-snippet:-1, max-image-preview:large, max-video-preview:-1\" \/>\n<link rel=\"canonical\" href=\"https:\/\/redfoxlotto.com\/fi\/lotteries\/powerball-2\/\" \/>\n<meta property=\"og:locale\" content=\"fi_FI\" \/>\n<meta property=\"og:type\" content=\"article\" \/>\n<meta property=\"og:title\" content=\"Osta Powerball-lippuja netist\u00e4 Suomesta | Voita Powerball t\u00e4\u00e4ll\u00e4\" \/>\n<meta property=\"og:description\" content=\"Miten ostaa lippu verkossa Powerball Lotto USA? Palvelumme avulla voit osallistua Powerball USA:n lottoon Suomesta k\u00e4sin.\" \/>\n<meta property=\"og:url\" content=\"https:\/\/redfoxlotto.com\/fi\/lotteries\/powerball-2\/\" \/>\n<meta property=\"og:site_name\" content=\"Get Tickets for the World\u2019s largest jackpots\" \/>\n<meta property=\"article:modified_time\" content=\"2025-12-18T10:50:10+00:00\" \/>\n<meta property=\"og:image\" content=\"https:\/\/redfoxlotto.com\/wp-content\/uploads\/sites\/9\/ticket_powerball3.jpg\" \/>\n<meta name=\"twitter:card\" content=\"summary_large_image\" \/>\n<meta name=\"twitter:label1\" content=\"Arvioitu lukuaika\" \/>\n\t<meta name=\"twitter:data1\" content=\"3 minuuttia\" \/>\n<script type=\"application\/ld+json\" class=\"yoast-schema-graph\">{\"@context\":\"https:\/\/schema.org\",\"@graph\":[{\"@type\":\"WebPage\",\"@id\":\"https:\/\/redfoxlotto.com\/fi\/lotteries\/powerball-2\/\",\"url\":\"https:\/\/redfoxlotto.com\/fi\/lotteries\/powerball-2\/\",\"name\":\"Osta Powerball-lippuja netist\u00e4 Suomesta | Voita Powerball t\u00e4\u00e4ll\u00e4\",\"isPartOf\":{\"@id\":\"https:\/\/redfoxlotto.com\/fi\/#website\"},\"primaryImageOfPage\":{\"@id\":\"https:\/\/redfoxlotto.com\/fi\/lotteries\/powerball-2\/#primaryimage\"},\"image\":{\"@id\":\"https:\/\/redfoxlotto.com\/fi\/lotteries\/powerball-2\/#primaryimage\"},\"thumbnailUrl\":\"https:\/\/redfoxlotto.com\/wp-content\/uploads\/sites\/9\/ticket_powerball3.jpg\",\"datePublished\":\"2018-11-18T08:54:25+00:00\",\"dateModified\":\"2025-12-18T10:50:10+00:00\",\"description\":\"Miten ostaa lippu verkossa Powerball Lotto USA? Palvelumme avulla voit osallistua Powerball USA:n lottoon Suomesta k\u00e4sin.\",\"breadcrumb\":{\"@id\":\"https:\/\/redfoxlotto.com\/fi\/lotteries\/powerball-2\/#breadcrumb\"},\"inLanguage\":\"fi\",\"potentialAction\":[{\"@type\":\"ReadAction\",\"target\":[\"https:\/\/redfoxlotto.com\/fi\/lotteries\/powerball-2\/\"]}]},{\"@type\":\"ImageObject\",\"inLanguage\":\"fi\",\"@id\":\"https:\/\/redfoxlotto.com\/fi\/lotteries\/powerball-2\/#primaryimage\",\"url\":\"https:\/\/redfoxlotto.com\/wp-content\/uploads\/sites\/9\/ticket_powerball3.jpg\",\"contentUrl\":\"https:\/\/redfoxlotto.com\/wp-content\/uploads\/sites\/9\/ticket_powerball3.jpg\"},{\"@type\":\"BreadcrumbList\",\"@id\":\"https:\/\/redfoxlotto.com\/fi\/lotteries\/powerball-2\/#breadcrumb\",\"itemListElement\":[{\"@type\":\"ListItem\",\"position\":1,\"name\":\"Home\",\"item\":\"https:\/\/redfoxlotto.com\/fi\/\"},{\"@type\":\"ListItem\",\"position\":2,\"name\":\"Miten ostaa online arpoja &#8211; ostoprosessi\",\"item\":\"https:\/\/redfoxlotto.com\/fi\/lotteries\/\"},{\"@type\":\"ListItem\",\"position\":3,\"name\":\"Tietoa Powerballista\"}]},{\"@type\":\"WebSite\",\"@id\":\"https:\/\/redfoxlotto.com\/fi\/#website\",\"url\":\"https:\/\/redfoxlotto.com\/fi\/\",\"name\":\"Get Tickets for the World\u2019s largest jackpots\",\"description\":\"Participate in worldwide lottery jackpots from any country\",\"publisher\":{\"@id\":\"https:\/\/redfoxlotto.com\/fi\/#organization\"},\"potentialAction\":[{\"@type\":\"SearchAction\",\"target\":{\"@type\":\"EntryPoint\",\"urlTemplate\":\"https:\/\/redfoxlotto.com\/fi\/?s={search_term_string}\"},\"query-input\":{\"@type\":\"PropertyValueSpecification\",\"valueRequired\":true,\"valueName\":\"search_term_string\"}}],\"inLanguage\":\"fi\"},{\"@type\":\"Organization\",\"@id\":\"https:\/\/redfoxlotto.com\/fi\/#organization\",\"name\":\"Get Tickets for the World\u2019s largest jackpots\",\"url\":\"https:\/\/redfoxlotto.com\/fi\/\",\"logo\":{\"@type\":\"ImageObject\",\"inLanguage\":\"fi\",\"@id\":\"https:\/\/redfoxlotto.com\/fi\/#\/schema\/logo\/image\/\",\"url\":\"https:\/\/redfoxlotto.com\/wp-content\/uploads\/2023\/04\/logo.png\",\"contentUrl\":\"https:\/\/redfoxlotto.com\/wp-content\/uploads\/2023\/04\/logo.png\",\"width\":269,\"height\":53,\"caption\":\"Get Tickets for the World\u2019s largest jackpots\"},\"image\":{\"@id\":\"https:\/\/redfoxlotto.com\/fi\/#\/schema\/logo\/image\/\"}}]}<\/script>\n<!-- \/ Yoast SEO plugin. -->","yoast_head_json":{"title":"Osta Powerball-lippuja netist\u00e4 Suomesta | Voita Powerball t\u00e4\u00e4ll\u00e4","description":"Miten ostaa lippu verkossa Powerball Lotto USA? Palvelumme avulla voit osallistua Powerball USA:n lottoon Suomesta k\u00e4sin.","robots":{"index":"index","follow":"follow","max-snippet":"max-snippet:-1","max-image-preview":"max-image-preview:large","max-video-preview":"max-video-preview:-1"},"canonical":"https:\/\/redfoxlotto.com\/fi\/lotteries\/powerball-2\/","og_locale":"fi_FI","og_type":"article","og_title":"Osta Powerball-lippuja netist\u00e4 Suomesta | Voita Powerball t\u00e4\u00e4ll\u00e4","og_description":"Miten ostaa lippu verkossa Powerball Lotto USA? Palvelumme avulla voit osallistua Powerball USA:n lottoon Suomesta k\u00e4sin.","og_url":"https:\/\/redfoxlotto.com\/fi\/lotteries\/powerball-2\/","og_site_name":"Get Tickets for the World\u2019s largest jackpots","article_modified_time":"2025-12-18T10:50:10+00:00","og_image":[{"url":"https:\/\/redfoxlotto.com\/wp-content\/uploads\/sites\/9\/ticket_powerball3.jpg"}],"twitter_card":"summary_large_image","twitter_misc":{"Arvioitu lukuaika":"3 minuuttia"},"schema":{"@context":"https:\/\/schema.org","@graph":[{"@type":"WebPage","@id":"https:\/\/redfoxlotto.com\/fi\/lotteries\/powerball-2\/","url":"https:\/\/redfoxlotto.com\/fi\/lotteries\/powerball-2\/","name":"Osta Powerball-lippuja netist\u00e4 Suomesta | Voita Powerball t\u00e4\u00e4ll\u00e4","isPartOf":{"@id":"https:\/\/redfoxlotto.com\/fi\/#website"},"primaryImageOfPage":{"@id":"https:\/\/redfoxlotto.com\/fi\/lotteries\/powerball-2\/#primaryimage"},"image":{"@id":"https:\/\/redfoxlotto.com\/fi\/lotteries\/powerball-2\/#primaryimage"},"thumbnailUrl":"https:\/\/redfoxlotto.com\/wp-content\/uploads\/sites\/9\/ticket_powerball3.jpg","datePublished":"2018-11-18T08:54:25+00:00","dateModified":"2025-12-18T10:50:10+00:00","description":"Miten ostaa lippu verkossa Powerball Lotto USA? Palvelumme avulla voit osallistua Powerball USA:n lottoon Suomesta k\u00e4sin.","breadcrumb":{"@id":"https:\/\/redfoxlotto.com\/fi\/lotteries\/powerball-2\/#breadcrumb"},"inLanguage":"fi","potentialAction":[{"@type":"ReadAction","target":["https:\/\/redfoxlotto.com\/fi\/lotteries\/powerball-2\/"]}]},{"@type":"ImageObject","inLanguage":"fi","@id":"https:\/\/redfoxlotto.com\/fi\/lotteries\/powerball-2\/#primaryimage","url":"https:\/\/redfoxlotto.com\/wp-content\/uploads\/sites\/9\/ticket_powerball3.jpg","contentUrl":"https:\/\/redfoxlotto.com\/wp-content\/uploads\/sites\/9\/ticket_powerball3.jpg"},{"@type":"BreadcrumbList","@id":"https:\/\/redfoxlotto.com\/fi\/lotteries\/powerball-2\/#breadcrumb","itemListElement":[{"@type":"ListItem","position":1,"name":"Home","item":"https:\/\/redfoxlotto.com\/fi\/"},{"@type":"ListItem","position":2,"name":"Miten ostaa online arpoja &#8211; ostoprosessi","item":"https:\/\/redfoxlotto.com\/fi\/lotteries\/"},{"@type":"ListItem","position":3,"name":"Tietoa Powerballista"}]},{"@type":"WebSite","@id":"https:\/\/redfoxlotto.com\/fi\/#website","url":"https:\/\/redfoxlotto.com\/fi\/","name":"Get Tickets for the World\u2019s largest jackpots","description":"Participate in worldwide lottery jackpots from any country","publisher":{"@id":"https:\/\/redfoxlotto.com\/fi\/#organization"},"potentialAction":[{"@type":"SearchAction","target":{"@type":"EntryPoint","urlTemplate":"https:\/\/redfoxlotto.com\/fi\/?s={search_term_string}"},"query-input":{"@type":"PropertyValueSpecification","valueRequired":true,"valueName":"search_term_string"}}],"inLanguage":"fi"},{"@type":"Organization","@id":"https:\/\/redfoxlotto.com\/fi\/#organization","name":"Get Tickets for the World\u2019s largest jackpots","url":"https:\/\/redfoxlotto.com\/fi\/","logo":{"@type":"ImageObject","inLanguage":"fi","@id":"https:\/\/redfoxlotto.com\/fi\/#\/schema\/logo\/image\/","url":"https:\/\/redfoxlotto.com\/wp-content\/uploads\/2023\/04\/logo.png","contentUrl":"https:\/\/redfoxlotto.com\/wp-content\/uploads\/2023\/04\/logo.png","width":269,"height":53,"caption":"Get Tickets for the World\u2019s largest jackpots"},"image":{"@id":"https:\/\/redfoxlotto.com\/fi\/#\/schema\/logo\/image\/"}}]}},"_links":{"self":[{"href":"https:\/\/redfoxlotto.com\/fi\/wp-json\/wp\/v2\/pages\/30981","targetHints":{"allow":["GET"]}}],"collection":[{"href":"https:\/\/redfoxlotto.com\/fi\/wp-json\/wp\/v2\/pages"}],"about":[{"href":"https:\/\/redfoxlotto.com\/fi\/wp-json\/wp\/v2\/types\/page"}],"author":[{"embeddable":true,"href":"https:\/\/redfoxlotto.com\/fi\/wp-json\/wp\/v2\/users\/1"}],"replies":[{"embeddable":true,"href":"https:\/\/redfoxlotto.com\/fi\/wp-json\/wp\/v2\/comments?post=30981"}],"version-history":[{"count":0,"href":"https:\/\/redfoxlotto.com\/fi\/wp-json\/wp\/v2\/pages\/30981\/revisions"}],"up":[{"embeddable":true,"href":"https:\/\/redfoxlotto.com\/fi\/wp-json\/wp\/v2\/pages\/30960"}],"wp:attachment":[{"href":"https:\/\/redfoxlotto.com\/fi\/wp-json\/wp\/v2\/media?parent=30981"}],"curies":[{"name":"wp","href":"https:\/\/api.w.org\/{rel}","templated":true}]}}