{"id":30975,"date":"2018-11-18T08:54:25","date_gmt":"2018-11-18T08:54:25","guid":{"rendered":"https:\/\/redfoxlotto.com\/?page_id=19800"},"modified":"2025-12-18T12:56:18","modified_gmt":"2025-12-18T12:56:18","slug":"mega-millions","status":"publish","type":"page","link":"https:\/\/redfoxlotto.com\/fi\/lotteries\/mega-millions\/","title":{"rendered":"Mega Millionsista"},"content":{"rendered":"<p><script type=\"application\/ld+json\">\n{\n  \"@context\": \"https:\/\/schema.org\",\n  \"@type\": \"Service\",\n  \"name\": \"Pelaa Mega Millions verkossa\",\n  \"url\": \"https:\/\/redfoxlotto.com\/fi\/lotteries\/mega-millions\",\n  \"description\": \"Osta virallisia Mega Millions -lottokuponkeja verkossa mist\u00e4 tahansa maasta. Vieraile RedFoxLottossa, valitse numerosi ja osallistu seuraavaan arvontaan.\",\n  \"serviceType\": \"Verkkopohjainen lottokuponkien v\u00e4lityspalvelu\",<\/p>\n<p>  \"provider\": {\n    \"@type\": \"Organization\",\n    \"name\": \"RedFoxLotto\",\n    \"url\": \"https:\/\/redfoxlotto.com\/fi\",\n    \"image\": \"https:\/\/redfoxlotto.com\/fi\/wp-content\/uploads\/2025\/12\/ticket_scans.jpg\",\n    \"sameAs\": []\n  },<\/p>\n<p>  \"areaServed\": \"Worldwide\",\n  \"termsOfService\": \"https:\/\/redfoxlotto.com\/terms-and-conditions\",<\/p>\n<p>  \"additionalProperty\": {\n    \"@type\": \"PropertyValue\",\n    \"name\": \"UKK\",\n    \"value\": \"https:\/\/redfoxlotto.com\/fi\/faq\/\"\n  },<\/p>\n<p>  \"hasOfferCatalog\": {\n    \"@type\": \"OfferCatalog\",\n    \"name\": \"Mega Millions -lottokupongit\",\n    \"itemListElement\": [\n      {\n        \"@type\": \"Offer\",\n        \"name\": \"Mega Millions -kupongit\",\n        \"url\": \"https:\/\/redfoxlotto.com\/fi\/lotteries\/powerball\",\n        \"description\": \"Osta aidot lottokupongit verkossa seuraavaa Mega Millions -arvontaa varten RedFoxLotossa.\",\n        \"price\": \"13.00\",\n        \"priceCurrency\": \"\u20ac\",\n        \"availability\": \"https:\/\/schema.org\/InStock\",<\/p>\n<p>        \"itemOffered\": {\n          \"@type\": \"Service\",\n          \"name\": \"Mega Millions -lottokupongit\",\n          \"description\": \"Osallistu seuraavaan Mega Millions -arvontaan \u2013 osta kuponkisi verkossa RedFoxLoton kautta.\"\n        }\n      }\n    ]\n  },<\/p>\n<p>  \"mainEntityOfPage\": {\n    \"@type\": \"WebPage\",\n    \"@id\": \"https:\/\/redfoxlotto.com\/fi\/lotteries\/mega-millions\"\n  }\n}\n<\/script><\/p>\n<p>Vuoteen 2002 asti &#8221;The Big Game&#8221; -nimell\u00e4 tunnettu 44 Yhdysvaltain osavaltion arpajaiset tunnetaan nyt kaikkialla maailmassa nimell\u00e4 Mega Millions. Sit\u00e4 varten suoritetaan kaksi arvontakertaa viikossa (joka tiistai ja perjantai). Jos et ole kuullut t\u00e4st\u00e4 pelist\u00e4 tai jos et ole t\u00e4h\u00e4n asti kiinnitt\u00e4nyt siihen huomiota, sinun kannattaa ehdottomasti tutustua siihen tarkemmin ja katsoa, mit\u00e4 voit tehd\u00e4 t\u00e4st\u00e4 pelist\u00e4.<\/p>\n<p>Se on ehdottomasti palkinto, jonka haluat voittaa, ja se on my\u00f6s eritt\u00e4in helppo peli pelata. Se tekee Mega Millions -lippujen ostamisesta netist\u00e4 Suomesta voiton sinulle.<\/p>\n<h2>Mega Millions Jackpot<\/h2>\n<p>Mega Millions on tunnettu suurista j\u00e4ttipoteistaan. Vuonna 2018 enn\u00e4tysj\u00e4ttipotin, yli 1,5 miljardia dollaria, voitti yksi onnekas mies. Se on ehdottomasti sellainen j\u00e4ttipotti, jonka haluat voittaa, eik\u00f6 totta? Eiv\u00e4tk\u00e4 todenn\u00e4k\u00f6isyydet todellakaan ole niin huonot kuin joidenkin jackpot-voittojen kohdalla.<br \/>\n<img loading=\"lazy\" decoding=\"async\" class=\"alignright wp-image\" src=\"https:\/\/content.redfoxlotto.com\/uploads\/sites\/9\/2_ticket_mega_millions2.jpg\" alt=\"Mega Millions verkossa\" width=\"200\" height=\"207\" \/><br \/>\nViel\u00e4 parempaa Mega Millionsissa on se, ett\u00e4 j\u00e4ttipotit ovat aina suuria. Itse asiassa j\u00e4ttipotti alkaa 40 miljoonasta dollarista. Joten vaikka voittaisitkin perusj\u00e4ttipotin ennen kuin se alkaa nousta (mit\u00e4 harvoin tapahtuu), saat silti suuren voiton.<\/p>\n<p>Jos voitat j\u00e4ttipotin my\u00f6hemmin, kun se alkaa nousta, voit voittaa paljon enemm\u00e4n. Mik\u00e4 parasta, n\u00e4m\u00e4 j\u00e4ttipotit nousevat melko nopeasti. Joten se, mik\u00e4 alkaa 40 miljoonalla dollarilla t\u00e4n\u00e4\u00e4n, voi helposti olla yli 100 miljoonaa dollaria viikossa tai jopa lyhyemm\u00e4ss\u00e4 ajassa. Siit\u00e4 se voi nousta satoihin miljooniin, ja saatat p\u00e4\u00e4st\u00e4 osalliseksi toisesta miljardin dollarin arvonnasta. Se olisi ehdottomasti muutaman dollarin arvoinen investointi lippuihin, eik\u00f6 totta?<\/p>\n<p>Sivustollamme sinulla on mahdollisuus ostaa Mega Millions -lippuja netist\u00e4, vaikka asuisitkin Suomessa. Valitse vain numerosi, osta lippusi ja odota arvonnan tuloksia! K\u00e4ymme hetken p\u00e4\u00e4st\u00e4 l\u00e4pi joitakin yleisi\u00e4 vaiheita ja sit\u00e4, mit\u00e4 alkuun p\u00e4\u00e4seminen vaatii, mutta keskityt\u00e4\u00e4np\u00e4 ensin itse Mega Millionsiin, eik\u00f6 niin?<\/p>\n<h2>Mega Millionsin s\u00e4\u00e4nn\u00f6t<\/h2>\n<p>Mega Millionsin s\u00e4\u00e4nn\u00f6t ovat yksinkertaiset. Sinun on valittava 5 numeroa v\u00e4lilt\u00e4 1-70 sek\u00e4 yksi MegaBall-numero. Kaikkien numeroiden on t\u00e4sm\u00e4tt\u00e4v\u00e4, jotta voit voittaa j\u00e4ttipotin. T\u00e4m\u00e4 ei tarkoita, ettet voisi voittaa mit\u00e4\u00e4n, jos et saa j\u00e4ttipottia. Voit itse asiassa voittaa useita erilaisia palkintoja. Mega Millionsissa voit voittaa yhdeks\u00e4ll\u00e4 palkintoluokalla.<\/p>\n<p>Todella hienoa on se, ett\u00e4 voit itse asiassa voittaa vain yhden numeron t\u00e4sm\u00e4\u00e4misell\u00e4, kunhan se numero on MegaBall. Jos l\u00f6yd\u00e4t kyseisen numeron, voitat automaattisen palkinnon, ja se on vasta kaiken alku. Voit voittaa todella pieni\u00e4 palkintoja, joilla saat takaisin vain lipun ostamiseen k\u00e4ytt\u00e4m\u00e4si rahat, tai voit voittaa suuria palkintoja, jotka ovat silti pienempi\u00e4 kuin varsinainen j\u00e4ttipotti.<br \/>\nLis\u00e4ksi jokainen jackpotin alainen palkinto voitetaan erikseen. Se tarkoittaa, ett\u00e4 sinun ei tarvitse jakaa rahoja, jos joku muu voittaa my\u00f6s kyseisen palkinnon.<\/p>\n<h2>Mega Millions -lipun ostaminen verkossa Suomessa<\/h2>\n<p>Oletko valmis ostamaan ensimm\u00e4isen Mega Millions -lippusi netist\u00e4? Jos olet, haluat varmasti vilkaista prosessin vaiheita. Teemme siit\u00e4 mahdollisimman helppoa, koska tied\u00e4mme, ett\u00e4 haluat todella ostaa lippusi, olla mukana arvonnassa ja jatkaa sitten muiden el\u00e4m\u00e4ss\u00e4si tapahtuvien asioiden parissa. Siksi teemme siit\u00e4 vain muutaman vaiheen.<\/p>\n<p>Ensimm\u00e4inen vaihe on p\u00e4\u00e4tt\u00e4\u00e4, mit\u00e4 aiot ostaa. Jos haluat ostaa Mega Millions -lippuja netist\u00e4, se on helppoa. L\u00f6yd\u00e4t vain pelin ja menet sille tarkoitetulle sivulle.<\/p>\n<p>Jos haluat ostaa lippuja muihin peleihin, n\u00e4et jokaisen pelin ja niiden nykyiset j\u00e4ttipotit samassa ruudussa, ja voit siirty\u00e4 kuhunkin niist\u00e4 erikseen. N\u00e4in sinun on todella helppo p\u00e4\u00e4tt\u00e4\u00e4, mit\u00e4 aiot tehd\u00e4, ja valita haluamasi liput.<br \/>\n<img loading=\"lazy\" decoding=\"async\" class=\"alignright wp-image\" src=\"https:\/\/content.redfoxlotto.com\/uploads\/sites\/9\/1_buy_mega_millions_lottery_tickets.jpg\" alt=\"osta lippuja netist\u00e4\" width=\"287\" height=\"202\" \/><br \/>\nKun olet sivulla, voit saada lis\u00e4tietoja Mega Millionsista ja valita sitten numerot, joita haluat pelata. Jos sinulla on tiettyj\u00e4 numeroita, jotka haluat, voit valita ne suoraan tuolta ruudulta. Jos sinulla on vain muutama numero ja haluat, ett\u00e4 loput numerot annetaan satunnaisesti, sekin on mahdollista. Voit my\u00f6s valita t\u00e4ysin satunnaistetun lipun. Se riippuu t\u00e4ysin sinusta. Joka tapauksessa tied\u00e4t, onko sinulla tarpeeksi, liian v\u00e4h\u00e4n vai liian monta numeroa, koska varmistamme, ett\u00e4 lippusi on kelvollinen, ennen kuin p\u00e4\u00e4set edes seuraavalle sivulle.<\/p>\n<h2>Maksuprosessi<\/h2>\n<p>Kun olet valinnut haluamasi Mega Millions -liput, voit lis\u00e4t\u00e4 ne ostoskoriin ja valita halutessasi lis\u00e4\u00e4 lippuja, tai voit siirty\u00e4 kassalle. Kun olet kassalla, tarvitset tilin meilt\u00e4, mutta my\u00f6s se on eritt\u00e4in helppo luoda.<\/p>\n<p>T\u00e4yt\u00e4t vain joitakin perustietoja itsest\u00e4si, jotta voit tarvittaessa lunastaa palkinnot.<\/p>\n<p>Siin\u00e4 kaikki. Vahvistat ostoksesi, hankimme liput sinulle ja ne n\u00e4kyv\u00e4t suoraan tilill\u00e4si, joten voit katsoa, oletko voittanut. L\u00e4het\u00e4mme sinulle jopa s\u00e4hk\u00f6postia, jos lippusi voittaa, ja n\u00e4yt\u00e4mme suoraan tilill\u00e4si, mitk\u00e4 numerot t\u00e4sm\u00e4\u00e4v\u00e4t arvonnassa. Sinulla ei ole mit\u00e4\u00e4n ongelmaa saada hienoa kokemusta Mega Millionsista, ja haluat jatkaa pelaamista joka peliss\u00e4.<\/p>\n","protected":false},"excerpt":{"rendered":"<p>Vuoteen 2002 asti &#8221;The Big Game&#8221; -nimell\u00e4 tunnettu 44 Yhdysvaltain osavaltion arpajaiset tunnetaan nyt kaikkialla maailmassa nimell\u00e4 Mega Millions. Sit\u00e4 varten suoritetaan kaksi arvontakertaa viikossa (joka tiistai ja perjantai). Jos et ole kuullut t\u00e4st\u00e4 pelist\u00e4 tai jos et ole t\u00e4h\u00e4n asti kiinnitt\u00e4nyt siihen huomiota, sinun kannattaa ehdottomasti tutustua siihen tarkemmin ja katsoa, mit\u00e4 voit tehd\u00e4 [&hellip;]<\/p>\n","protected":false},"author":1,"featured_media":0,"parent":30960,"menu_order":2,"comment_status":"closed","ping_status":"closed","template":"megamillion-info.php","meta":{"_et_pb_use_builder":"","_et_pb_old_content":"","_et_gb_content_width":"","exclude_from_search":false,"footnotes":""},"class_list":["post-30975","page","type-page","status-publish","hentry"],"yoast_head":"<!-- This site is optimized with the Yoast SEO plugin v23.8 - https:\/\/yoast.com\/wordpress\/plugins\/seo\/ -->\n<title>Osta Mega Millions lippuja netist\u00e4 | Mega Millions on nyt saatavilla Suomesta k\u00e4sin<\/title>\n<meta name=\"description\" content=\"Tutustu Mega Millions Lotto USA:han ja siihen, miten voit ostaa Mega Millions -lottokuponkeja netist\u00e4, Suomesta tai mist\u00e4 tahansa maasta maailmassa.\" \/>\n<meta name=\"robots\" content=\"index, follow, max-snippet:-1, max-image-preview:large, max-video-preview:-1\" \/>\n<link rel=\"canonical\" href=\"https:\/\/redfoxlotto.com\/fi\/lotteries\/mega-millions\/\" \/>\n<meta property=\"og:locale\" content=\"fi_FI\" \/>\n<meta property=\"og:type\" content=\"article\" \/>\n<meta property=\"og:title\" content=\"Osta Mega Millions lippuja netist\u00e4 | Mega Millions on nyt saatavilla Suomesta k\u00e4sin\" \/>\n<meta property=\"og:description\" content=\"Tutustu Mega Millions Lotto USA:han ja siihen, miten voit ostaa Mega Millions -lottokuponkeja netist\u00e4, Suomesta tai mist\u00e4 tahansa maasta maailmassa.\" \/>\n<meta property=\"og:url\" content=\"https:\/\/redfoxlotto.com\/fi\/lotteries\/mega-millions\/\" \/>\n<meta property=\"og:site_name\" content=\"Get Tickets for the World\u2019s largest jackpots\" \/>\n<meta property=\"article:modified_time\" content=\"2025-12-18T12:56:18+00:00\" \/>\n<meta property=\"og:image\" content=\"https:\/\/content.redfoxlotto.com\/uploads\/sites\/9\/2_ticket_mega_millions2.jpg\" \/>\n<meta name=\"twitter:card\" content=\"summary_large_image\" \/>\n<meta name=\"twitter:label1\" content=\"Arvioitu lukuaika\" \/>\n\t<meta name=\"twitter:data1\" content=\"4 minuuttia\" \/>\n<script type=\"application\/ld+json\" class=\"yoast-schema-graph\">{\"@context\":\"https:\/\/schema.org\",\"@graph\":[{\"@type\":\"WebPage\",\"@id\":\"https:\/\/redfoxlotto.com\/fi\/lotteries\/mega-millions\/\",\"url\":\"https:\/\/redfoxlotto.com\/fi\/lotteries\/mega-millions\/\",\"name\":\"Osta Mega Millions lippuja netist\u00e4 | Mega Millions on nyt saatavilla Suomesta k\u00e4sin\",\"isPartOf\":{\"@id\":\"https:\/\/redfoxlotto.com\/fi\/#website\"},\"primaryImageOfPage\":{\"@id\":\"https:\/\/redfoxlotto.com\/fi\/lotteries\/mega-millions\/#primaryimage\"},\"image\":{\"@id\":\"https:\/\/redfoxlotto.com\/fi\/lotteries\/mega-millions\/#primaryimage\"},\"thumbnailUrl\":\"https:\/\/content.redfoxlotto.com\/uploads\/sites\/9\/2_ticket_mega_millions2.jpg\",\"datePublished\":\"2018-11-18T08:54:25+00:00\",\"dateModified\":\"2025-12-18T12:56:18+00:00\",\"description\":\"Tutustu Mega Millions Lotto USA:han ja siihen, miten voit ostaa Mega Millions -lottokuponkeja netist\u00e4, Suomesta tai mist\u00e4 tahansa maasta maailmassa.\",\"breadcrumb\":{\"@id\":\"https:\/\/redfoxlotto.com\/fi\/lotteries\/mega-millions\/#breadcrumb\"},\"inLanguage\":\"fi\",\"potentialAction\":[{\"@type\":\"ReadAction\",\"target\":[\"https:\/\/redfoxlotto.com\/fi\/lotteries\/mega-millions\/\"]}]},{\"@type\":\"ImageObject\",\"inLanguage\":\"fi\",\"@id\":\"https:\/\/redfoxlotto.com\/fi\/lotteries\/mega-millions\/#primaryimage\",\"url\":\"https:\/\/content.redfoxlotto.com\/uploads\/sites\/9\/2_ticket_mega_millions2.jpg\",\"contentUrl\":\"https:\/\/content.redfoxlotto.com\/uploads\/sites\/9\/2_ticket_mega_millions2.jpg\"},{\"@type\":\"BreadcrumbList\",\"@id\":\"https:\/\/redfoxlotto.com\/fi\/lotteries\/mega-millions\/#breadcrumb\",\"itemListElement\":[{\"@type\":\"ListItem\",\"position\":1,\"name\":\"Home\",\"item\":\"https:\/\/redfoxlotto.com\/fi\/\"},{\"@type\":\"ListItem\",\"position\":2,\"name\":\"Miten ostaa online arpoja &#8211; ostoprosessi\",\"item\":\"https:\/\/redfoxlotto.com\/fi\/lotteries\/\"},{\"@type\":\"ListItem\",\"position\":3,\"name\":\"Mega Millionsista\"}]},{\"@type\":\"WebSite\",\"@id\":\"https:\/\/redfoxlotto.com\/fi\/#website\",\"url\":\"https:\/\/redfoxlotto.com\/fi\/\",\"name\":\"Get Tickets for the World\u2019s largest jackpots\",\"description\":\"Participate in worldwide lottery jackpots from any country\",\"publisher\":{\"@id\":\"https:\/\/redfoxlotto.com\/fi\/#organization\"},\"potentialAction\":[{\"@type\":\"SearchAction\",\"target\":{\"@type\":\"EntryPoint\",\"urlTemplate\":\"https:\/\/redfoxlotto.com\/fi\/?s={search_term_string}\"},\"query-input\":{\"@type\":\"PropertyValueSpecification\",\"valueRequired\":true,\"valueName\":\"search_term_string\"}}],\"inLanguage\":\"fi\"},{\"@type\":\"Organization\",\"@id\":\"https:\/\/redfoxlotto.com\/fi\/#organization\",\"name\":\"Get Tickets for the World\u2019s largest jackpots\",\"url\":\"https:\/\/redfoxlotto.com\/fi\/\",\"logo\":{\"@type\":\"ImageObject\",\"inLanguage\":\"fi\",\"@id\":\"https:\/\/redfoxlotto.com\/fi\/#\/schema\/logo\/image\/\",\"url\":\"https:\/\/redfoxlotto.com\/wp-content\/uploads\/2023\/04\/logo.png\",\"contentUrl\":\"https:\/\/redfoxlotto.com\/wp-content\/uploads\/2023\/04\/logo.png\",\"width\":269,\"height\":53,\"caption\":\"Get Tickets for the World\u2019s largest jackpots\"},\"image\":{\"@id\":\"https:\/\/redfoxlotto.com\/fi\/#\/schema\/logo\/image\/\"}}]}<\/script>\n<!-- \/ Yoast SEO plugin. -->","yoast_head_json":{"title":"Osta Mega Millions lippuja netist\u00e4 | Mega Millions on nyt saatavilla Suomesta k\u00e4sin","description":"Tutustu Mega Millions Lotto USA:han ja siihen, miten voit ostaa Mega Millions -lottokuponkeja netist\u00e4, Suomesta tai mist\u00e4 tahansa maasta maailmassa.","robots":{"index":"index","follow":"follow","max-snippet":"max-snippet:-1","max-image-preview":"max-image-preview:large","max-video-preview":"max-video-preview:-1"},"canonical":"https:\/\/redfoxlotto.com\/fi\/lotteries\/mega-millions\/","og_locale":"fi_FI","og_type":"article","og_title":"Osta Mega Millions lippuja netist\u00e4 | Mega Millions on nyt saatavilla Suomesta k\u00e4sin","og_description":"Tutustu Mega Millions Lotto USA:han ja siihen, miten voit ostaa Mega Millions -lottokuponkeja netist\u00e4, Suomesta tai mist\u00e4 tahansa maasta maailmassa.","og_url":"https:\/\/redfoxlotto.com\/fi\/lotteries\/mega-millions\/","og_site_name":"Get Tickets for the World\u2019s largest jackpots","article_modified_time":"2025-12-18T12:56:18+00:00","og_image":[{"url":"https:\/\/content.redfoxlotto.com\/uploads\/sites\/9\/2_ticket_mega_millions2.jpg"}],"twitter_card":"summary_large_image","twitter_misc":{"Arvioitu lukuaika":"4 minuuttia"},"schema":{"@context":"https:\/\/schema.org","@graph":[{"@type":"WebPage","@id":"https:\/\/redfoxlotto.com\/fi\/lotteries\/mega-millions\/","url":"https:\/\/redfoxlotto.com\/fi\/lotteries\/mega-millions\/","name":"Osta Mega Millions lippuja netist\u00e4 | Mega Millions on nyt saatavilla Suomesta k\u00e4sin","isPartOf":{"@id":"https:\/\/redfoxlotto.com\/fi\/#website"},"primaryImageOfPage":{"@id":"https:\/\/redfoxlotto.com\/fi\/lotteries\/mega-millions\/#primaryimage"},"image":{"@id":"https:\/\/redfoxlotto.com\/fi\/lotteries\/mega-millions\/#primaryimage"},"thumbnailUrl":"https:\/\/content.redfoxlotto.com\/uploads\/sites\/9\/2_ticket_mega_millions2.jpg","datePublished":"2018-11-18T08:54:25+00:00","dateModified":"2025-12-18T12:56:18+00:00","description":"Tutustu Mega Millions Lotto USA:han ja siihen, miten voit ostaa Mega Millions -lottokuponkeja netist\u00e4, Suomesta tai mist\u00e4 tahansa maasta maailmassa.","breadcrumb":{"@id":"https:\/\/redfoxlotto.com\/fi\/lotteries\/mega-millions\/#breadcrumb"},"inLanguage":"fi","potentialAction":[{"@type":"ReadAction","target":["https:\/\/redfoxlotto.com\/fi\/lotteries\/mega-millions\/"]}]},{"@type":"ImageObject","inLanguage":"fi","@id":"https:\/\/redfoxlotto.com\/fi\/lotteries\/mega-millions\/#primaryimage","url":"https:\/\/content.redfoxlotto.com\/uploads\/sites\/9\/2_ticket_mega_millions2.jpg","contentUrl":"https:\/\/content.redfoxlotto.com\/uploads\/sites\/9\/2_ticket_mega_millions2.jpg"},{"@type":"BreadcrumbList","@id":"https:\/\/redfoxlotto.com\/fi\/lotteries\/mega-millions\/#breadcrumb","itemListElement":[{"@type":"ListItem","position":1,"name":"Home","item":"https:\/\/redfoxlotto.com\/fi\/"},{"@type":"ListItem","position":2,"name":"Miten ostaa online arpoja &#8211; ostoprosessi","item":"https:\/\/redfoxlotto.com\/fi\/lotteries\/"},{"@type":"ListItem","position":3,"name":"Mega Millionsista"}]},{"@type":"WebSite","@id":"https:\/\/redfoxlotto.com\/fi\/#website","url":"https:\/\/redfoxlotto.com\/fi\/","name":"Get Tickets for the World\u2019s largest jackpots","description":"Participate in worldwide lottery jackpots from any country","publisher":{"@id":"https:\/\/redfoxlotto.com\/fi\/#organization"},"potentialAction":[{"@type":"SearchAction","target":{"@type":"EntryPoint","urlTemplate":"https:\/\/redfoxlotto.com\/fi\/?s={search_term_string}"},"query-input":{"@type":"PropertyValueSpecification","valueRequired":true,"valueName":"search_term_string"}}],"inLanguage":"fi"},{"@type":"Organization","@id":"https:\/\/redfoxlotto.com\/fi\/#organization","name":"Get Tickets for the World\u2019s largest jackpots","url":"https:\/\/redfoxlotto.com\/fi\/","logo":{"@type":"ImageObject","inLanguage":"fi","@id":"https:\/\/redfoxlotto.com\/fi\/#\/schema\/logo\/image\/","url":"https:\/\/redfoxlotto.com\/wp-content\/uploads\/2023\/04\/logo.png","contentUrl":"https:\/\/redfoxlotto.com\/wp-content\/uploads\/2023\/04\/logo.png","width":269,"height":53,"caption":"Get Tickets for the World\u2019s largest jackpots"},"image":{"@id":"https:\/\/redfoxlotto.com\/fi\/#\/schema\/logo\/image\/"}}]}},"_links":{"self":[{"href":"https:\/\/redfoxlotto.com\/fi\/wp-json\/wp\/v2\/pages\/30975","targetHints":{"allow":["GET"]}}],"collection":[{"href":"https:\/\/redfoxlotto.com\/fi\/wp-json\/wp\/v2\/pages"}],"about":[{"href":"https:\/\/redfoxlotto.com\/fi\/wp-json\/wp\/v2\/types\/page"}],"author":[{"embeddable":true,"href":"https:\/\/redfoxlotto.com\/fi\/wp-json\/wp\/v2\/users\/1"}],"replies":[{"embeddable":true,"href":"https:\/\/redfoxlotto.com\/fi\/wp-json\/wp\/v2\/comments?post=30975"}],"version-history":[{"count":0,"href":"https:\/\/redfoxlotto.com\/fi\/wp-json\/wp\/v2\/pages\/30975\/revisions"}],"up":[{"embeddable":true,"href":"https:\/\/redfoxlotto.com\/fi\/wp-json\/wp\/v2\/pages\/30960"}],"wp:attachment":[{"href":"https:\/\/redfoxlotto.com\/fi\/wp-json\/wp\/v2\/media?parent=30975"}],"curies":[{"name":"wp","href":"https:\/\/api.w.org\/{rel}","templated":true}]}}