{"id":30973,"date":"2020-08-18T09:10:34","date_gmt":"2020-08-18T09:10:34","guid":{"rendered":"https:\/\/redfoxlotto.com\/?page_id=19796"},"modified":"2022-09-26T12:36:30","modified_gmt":"2022-09-26T12:36:30","slug":"lotto-america","status":"publish","type":"page","link":"https:\/\/redfoxlotto.com\/fi\/lotteries\/lotto-america\/","title":{"rendered":"Tietoja Lotto Amerikasta"},"content":{"rendered":"<h2>Osta lippuja Lotto America verkossa<\/h2>\n<p>Kun haluat ostaa lottokuponkeja netist\u00e4, haluat varmistaa, ett\u00e4 p\u00e4\u00e4set mukaan parhaisiin peleihin. Mutta oletko koskaan kuullut kaikista eri peleist\u00e4, joita on olemassa? Todenn\u00e4k\u00f6isesti et. Etenkin, kun muissa maissa on pelej\u00e4, joita voit pelata verkossa. T\u00e4llaisia pelej\u00e4 ovat esimerkiksi Lotto America.<\/p>\n<h2>Mik\u00e4 se on?<\/h2>\n<p><img decoding=\"async\" class=\"size-full wp-image alignright\" src=\"https:\/\/content.redfoxlotto.com\/uploads\/sites\/9\/1_ticket_online_buying.jpg\" alt=\"lotto amerikka lippu verkossa  \"><\/p>\n<p>Lotto America on monen osavaltion peli, jota pelataan Yhdysvalloissa. Tarkemmin sanottuna sit\u00e4 pelataan 13 osavaltiossa eri puolilla maata. Sinun ei kuitenkaan tarvitse asua miss\u00e4\u00e4n n\u00e4ist\u00e4 osavaltioista voidaksesi pelata. Voit itse asiassa pelata mist\u00e4 p\u00e4in maailmaa tahansa. Ja siin\u00e4 se hauskuus onkin. Koska t\u00e4ss\u00e4 peliss\u00e4 sinulla on mahdollisuus tulla monimiljon\u00e4\u00e4riksi, ja sit\u00e4 on eritt\u00e4in helppo pelata.<\/p>\n<h2>Lotto America -lippujen ostaminen<\/h2>\n<p>Jos olet kiinnostunut pelaamaan Lotto Americaa, sinun on vain tiedett\u00e4v\u00e4, mist\u00e4 voit hankkia lippusi. Mutta miten voit ostaa Lotto America -lippuja netist\u00e4? Tarvitset palvelua, joka auttaa sinua, ja siin\u00e4 RedFoxLotto tulee avuksesi. Voimme auttaa sinua hankkimaan liput t\u00e4h\u00e4n peliin tai mihin tahansa muuhun lottopeliin, jota haluat pelata ymp\u00e4ri maailmaa. Voit hankkia kauttamme lippuja Euromillions- ja Eurojackpot-arpajaisiin sek\u00e4 moniin muihin lottoihin, kunhan olet t\u00e4ysi-ik\u00e4inen.<\/p>\n<p>Aloittaminen vaatii vain muutaman askeleen. Ensimm\u00e4inen on, ett\u00e4 sinun on luotava tili RedFoxLottoon. Se on helppo tehd\u00e4 ja vie vain muutaman minuutin, kun olet t\u00e4ysin valmis ja valmis aloittamaan. Sielt\u00e4 voit alkaa selata kaikkia saatavilla olevia lottopelej\u00e4. Saatat haluta Lotto America tai jotain muuta (tai useita eri pelej\u00e4).<br \/>\nKun olet p\u00e4\u00e4tt\u00e4nyt pelin ja olet valmis pelaamaan Lotto Amerikkaa, on aika alkaa valita numeroita. T\u00e4ss\u00e4 vaiheessa sinulla on paljon erilaisia vaihtoehtoja, ja t\u00e4ss\u00e4 vaiheessa hauskuus todella alkaa.<\/p>\n<h2>Lipun valitseminen<\/h2>\n<p><img decoding=\"async\" class=\"size-full wp-image alignright\" src=\"https:\/\/content.redfoxlotto.com\/uploads\/sites\/9\/1_usa_lottery_win.jpg\" alt=\"Lotto Amerikka\"><\/p>\n<p>Lotto Americassa on viisi vakionumeroa ja yksi bonusnumero. Saat valita haluamasi numerot, joten voit saada yhdistelm\u00e4n, joka on mielest\u00e4si onnekas tai joka merkitsee sinulle jotain. Ja kun olet valinnut numerot, voit p\u00e4\u00e4tt\u00e4\u00e4, haluatko pelata All Star -bonusta.<br \/>\nT\u00e4m\u00e4 bonus voi antaa sinulle moninkertaisen osan voitoistasi, jos voitat jotain muuta kuin j\u00e4ttipotin. Se tarkoittaa, ett\u00e4 voit saada viel\u00e4 suurempia ja parempia palkintoja, ja juuri siin\u00e4 kohtaa hauskuus tulee varmasti esiin. Loppujen lopuksi haluat voittaa niin suuria kuin mahdollista, eik\u00f6 niin?<br \/>\nMutta ent\u00e4 jos et tied\u00e4 haluamiasi numeroita? Tai ent\u00e4 jos sinulla on vain pari erikoisnumeroa, joita haluat pelata? Sek\u00e4\u00e4n ei ole ongelma, koska voit valita haluamasi numerot ja t\u00e4ytt\u00e4\u00e4 ne satunnaisnumeroilla. Tai voit k\u00e4ytt\u00e4\u00e4 numerogeneraattoria valitsemaan kaikki numerot puolestasi.<\/p>\n<h2>Odota tuloksia<\/h2>\n<p>Kun olet valinnut numerosi, voit valita, kuinka monta lippua haluat ja mihin peleihin. Sitten voit maksaa liput ja vain odottaa seuraavaa arvontaan. Voit my\u00f6s valita ylim\u00e4\u00e4r\u00e4isi\u00e4 lippuja joihinkin muihin peleihin, joita j\u00e4rjestet\u00e4\u00e4n ymp\u00e4ri maailmaa, jos haluat viel\u00e4 paremmat mahdollisuudet voittaa palkinto jossakin.<\/p>\n<p>Voit my\u00f6s tarkistaa kaikkien n\u00e4iden arpajaisten tulokset. Voit esimerkiksi tarkistaa Euromillions-arvonnan tulokset ja k\u00e4ytt\u00e4\u00e4 sitten n\u00e4it\u00e4 numeroita seuraavaan lippuun eri arvontaan.<br \/>\nKun pelin tulokset tulevat, n\u00e4et heti voittonumerot ja miten omat numerosi sijoittuvat. Sen lis\u00e4ksi voit n\u00e4hd\u00e4, mit\u00e4 olet voittanut, ja saat voittosi yht\u00e4 nopeasti. Se on yksinkertaista, hauskaa ja olet valmis valitsemaan seuraavat lippusi hetkess\u00e4. Ja koska se on niin helppoa, juuri sen haluat tehd\u00e4. Sinun tarvitsee vain p\u00e4\u00e4tt\u00e4\u00e4, mit\u00e4 pelej\u00e4 haluat pelata.<\/p>\n","protected":false},"excerpt":{"rendered":"<p>Osta lippuja Lotto America verkossa Kun haluat ostaa lottokuponkeja netist\u00e4, haluat varmistaa, ett\u00e4 p\u00e4\u00e4set mukaan parhaisiin peleihin. Mutta oletko koskaan kuullut kaikista eri peleist\u00e4, joita on olemassa? Todenn\u00e4k\u00f6isesti et. Etenkin, kun muissa maissa on pelej\u00e4, joita voit pelata verkossa. T\u00e4llaisia pelej\u00e4 ovat esimerkiksi Lotto America. Mik\u00e4 se on? Lotto America on monen osavaltion peli, jota [&hellip;]<\/p>\n","protected":false},"author":1,"featured_media":0,"parent":30960,"menu_order":12,"comment_status":"closed","ping_status":"closed","template":"lotto-america-info.php","meta":{"_et_pb_use_builder":"","_et_pb_old_content":"","_et_gb_content_width":"","exclude_from_search":false,"footnotes":""},"class_list":["post-30973","page","type-page","status-publish","hentry"],"yoast_head":"<!-- This site is optimized with the Yoast SEO plugin v27.4 - https:\/\/yoast.com\/product\/yoast-seo-wordpress\/ -->\n<title>Osta Lotto America lippuja verkossa<\/title>\n<meta name=\"description\" content=\"Jos haluat voittaa Lotto Amerikassa, osta lippusi netist\u00e4 nyt!\" \/>\n<meta name=\"robots\" content=\"index, follow, max-snippet:-1, max-image-preview:large, max-video-preview:-1\" \/>\n<link rel=\"canonical\" href=\"https:\/\/redfoxlotto.com\/fi\/lotteries\/lotto-america\/\" \/>\n<meta property=\"og:locale\" content=\"fi_FI\" \/>\n<meta property=\"og:type\" content=\"article\" \/>\n<meta property=\"og:title\" content=\"Osta Lotto America lippuja verkossa\" \/>\n<meta property=\"og:description\" content=\"Jos haluat voittaa Lotto Amerikassa, osta lippusi netist\u00e4 nyt!\" \/>\n<meta property=\"og:url\" content=\"https:\/\/redfoxlotto.com\/fi\/lotteries\/lotto-america\/\" \/>\n<meta property=\"og:site_name\" content=\"Get Tickets for the World\u2019s largest jackpots\" \/>\n<meta property=\"article:modified_time\" content=\"2022-09-26T12:36:30+00:00\" \/>\n<meta property=\"og:image\" content=\"https:\/\/content.redfoxlotto.com\/uploads\/sites\/9\/1_ticket_online_buying.jpg\" \/>\n<meta name=\"twitter:card\" content=\"summary_large_image\" \/>\n<script type=\"application\/ld+json\" class=\"yoast-schema-graph\">{\"@context\":\"https:\\\/\\\/schema.org\",\"@graph\":[{\"@type\":\"WebPage\",\"@id\":\"https:\\\/\\\/redfoxlotto.com\\\/fi\\\/lotteries\\\/lotto-america\\\/\",\"url\":\"https:\\\/\\\/redfoxlotto.com\\\/fi\\\/lotteries\\\/lotto-america\\\/\",\"name\":\"Osta Lotto America lippuja verkossa\",\"isPartOf\":{\"@id\":\"https:\\\/\\\/redfoxlotto.com\\\/fi\\\/#website\"},\"primaryImageOfPage\":{\"@id\":\"https:\\\/\\\/redfoxlotto.com\\\/fi\\\/lotteries\\\/lotto-america\\\/#primaryimage\"},\"image\":{\"@id\":\"https:\\\/\\\/redfoxlotto.com\\\/fi\\\/lotteries\\\/lotto-america\\\/#primaryimage\"},\"thumbnailUrl\":\"https:\\\/\\\/content.redfoxlotto.com\\\/uploads\\\/sites\\\/9\\\/1_ticket_online_buying.jpg\",\"datePublished\":\"2020-08-18T09:10:34+00:00\",\"dateModified\":\"2022-09-26T12:36:30+00:00\",\"description\":\"Jos haluat voittaa Lotto Amerikassa, osta lippusi netist\u00e4 nyt!\",\"breadcrumb\":{\"@id\":\"https:\\\/\\\/redfoxlotto.com\\\/fi\\\/lotteries\\\/lotto-america\\\/#breadcrumb\"},\"inLanguage\":\"fi\",\"potentialAction\":[{\"@type\":\"ReadAction\",\"target\":[\"https:\\\/\\\/redfoxlotto.com\\\/fi\\\/lotteries\\\/lotto-america\\\/\"]}]},{\"@type\":\"ImageObject\",\"inLanguage\":\"fi\",\"@id\":\"https:\\\/\\\/redfoxlotto.com\\\/fi\\\/lotteries\\\/lotto-america\\\/#primaryimage\",\"url\":\"https:\\\/\\\/content.redfoxlotto.com\\\/uploads\\\/sites\\\/9\\\/1_ticket_online_buying.jpg\",\"contentUrl\":\"https:\\\/\\\/content.redfoxlotto.com\\\/uploads\\\/sites\\\/9\\\/1_ticket_online_buying.jpg\"},{\"@type\":\"BreadcrumbList\",\"@id\":\"https:\\\/\\\/redfoxlotto.com\\\/fi\\\/lotteries\\\/lotto-america\\\/#breadcrumb\",\"itemListElement\":[{\"@type\":\"ListItem\",\"position\":1,\"name\":\"Home\",\"item\":\"https:\\\/\\\/redfoxlotto.com\\\/fi\\\/\"},{\"@type\":\"ListItem\",\"position\":2,\"name\":\"Miten ostaa online arpoja &#8211; ostoprosessi\",\"item\":\"https:\\\/\\\/redfoxlotto.com\\\/fi\\\/lotteries\\\/\"},{\"@type\":\"ListItem\",\"position\":3,\"name\":\"Tietoja Lotto Amerikasta\"}]},{\"@type\":\"WebSite\",\"@id\":\"https:\\\/\\\/redfoxlotto.com\\\/fi\\\/#website\",\"url\":\"https:\\\/\\\/redfoxlotto.com\\\/fi\\\/\",\"name\":\"Get Tickets for the World\u2019s largest jackpots\",\"description\":\"Participate in worldwide lottery jackpots from any country\",\"publisher\":{\"@id\":\"https:\\\/\\\/redfoxlotto.com\\\/fi\\\/#organization\"},\"potentialAction\":[{\"@type\":\"SearchAction\",\"target\":{\"@type\":\"EntryPoint\",\"urlTemplate\":\"https:\\\/\\\/redfoxlotto.com\\\/fi\\\/?s={search_term_string}\"},\"query-input\":{\"@type\":\"PropertyValueSpecification\",\"valueRequired\":true,\"valueName\":\"search_term_string\"}}],\"inLanguage\":\"fi\"},{\"@type\":\"Organization\",\"@id\":\"https:\\\/\\\/redfoxlotto.com\\\/fi\\\/#organization\",\"name\":\"Get Tickets for the World\u2019s largest jackpots\",\"url\":\"https:\\\/\\\/redfoxlotto.com\\\/fi\\\/\",\"logo\":{\"@type\":\"ImageObject\",\"inLanguage\":\"fi\",\"@id\":\"https:\\\/\\\/redfoxlotto.com\\\/fi\\\/#\\\/schema\\\/logo\\\/image\\\/\",\"url\":\"https:\\\/\\\/redfoxlotto.com\\\/wp-content\\\/uploads\\\/2023\\\/04\\\/logo.png\",\"contentUrl\":\"https:\\\/\\\/redfoxlotto.com\\\/wp-content\\\/uploads\\\/2023\\\/04\\\/logo.png\",\"width\":269,\"height\":53,\"caption\":\"Get Tickets for the World\u2019s largest jackpots\"},\"image\":{\"@id\":\"https:\\\/\\\/redfoxlotto.com\\\/fi\\\/#\\\/schema\\\/logo\\\/image\\\/\"}}]}<\/script>\n<!-- \/ Yoast SEO plugin. -->","yoast_head_json":{"title":"Osta Lotto America lippuja verkossa","description":"Jos haluat voittaa Lotto Amerikassa, osta lippusi netist\u00e4 nyt!","robots":{"index":"index","follow":"follow","max-snippet":"max-snippet:-1","max-image-preview":"max-image-preview:large","max-video-preview":"max-video-preview:-1"},"canonical":"https:\/\/redfoxlotto.com\/fi\/lotteries\/lotto-america\/","og_locale":"fi_FI","og_type":"article","og_title":"Osta Lotto America lippuja verkossa","og_description":"Jos haluat voittaa Lotto Amerikassa, osta lippusi netist\u00e4 nyt!","og_url":"https:\/\/redfoxlotto.com\/fi\/lotteries\/lotto-america\/","og_site_name":"Get Tickets for the World\u2019s largest jackpots","article_modified_time":"2022-09-26T12:36:30+00:00","og_image":[{"url":"https:\/\/content.redfoxlotto.com\/uploads\/sites\/9\/1_ticket_online_buying.jpg","type":"","width":"","height":""}],"twitter_card":"summary_large_image","schema":{"@context":"https:\/\/schema.org","@graph":[{"@type":"WebPage","@id":"https:\/\/redfoxlotto.com\/fi\/lotteries\/lotto-america\/","url":"https:\/\/redfoxlotto.com\/fi\/lotteries\/lotto-america\/","name":"Osta Lotto America lippuja verkossa","isPartOf":{"@id":"https:\/\/redfoxlotto.com\/fi\/#website"},"primaryImageOfPage":{"@id":"https:\/\/redfoxlotto.com\/fi\/lotteries\/lotto-america\/#primaryimage"},"image":{"@id":"https:\/\/redfoxlotto.com\/fi\/lotteries\/lotto-america\/#primaryimage"},"thumbnailUrl":"https:\/\/content.redfoxlotto.com\/uploads\/sites\/9\/1_ticket_online_buying.jpg","datePublished":"2020-08-18T09:10:34+00:00","dateModified":"2022-09-26T12:36:30+00:00","description":"Jos haluat voittaa Lotto Amerikassa, osta lippusi netist\u00e4 nyt!","breadcrumb":{"@id":"https:\/\/redfoxlotto.com\/fi\/lotteries\/lotto-america\/#breadcrumb"},"inLanguage":"fi","potentialAction":[{"@type":"ReadAction","target":["https:\/\/redfoxlotto.com\/fi\/lotteries\/lotto-america\/"]}]},{"@type":"ImageObject","inLanguage":"fi","@id":"https:\/\/redfoxlotto.com\/fi\/lotteries\/lotto-america\/#primaryimage","url":"https:\/\/content.redfoxlotto.com\/uploads\/sites\/9\/1_ticket_online_buying.jpg","contentUrl":"https:\/\/content.redfoxlotto.com\/uploads\/sites\/9\/1_ticket_online_buying.jpg"},{"@type":"BreadcrumbList","@id":"https:\/\/redfoxlotto.com\/fi\/lotteries\/lotto-america\/#breadcrumb","itemListElement":[{"@type":"ListItem","position":1,"name":"Home","item":"https:\/\/redfoxlotto.com\/fi\/"},{"@type":"ListItem","position":2,"name":"Miten ostaa online arpoja &#8211; ostoprosessi","item":"https:\/\/redfoxlotto.com\/fi\/lotteries\/"},{"@type":"ListItem","position":3,"name":"Tietoja Lotto Amerikasta"}]},{"@type":"WebSite","@id":"https:\/\/redfoxlotto.com\/fi\/#website","url":"https:\/\/redfoxlotto.com\/fi\/","name":"Get Tickets for the World\u2019s largest jackpots","description":"Participate in worldwide lottery jackpots from any country","publisher":{"@id":"https:\/\/redfoxlotto.com\/fi\/#organization"},"potentialAction":[{"@type":"SearchAction","target":{"@type":"EntryPoint","urlTemplate":"https:\/\/redfoxlotto.com\/fi\/?s={search_term_string}"},"query-input":{"@type":"PropertyValueSpecification","valueRequired":true,"valueName":"search_term_string"}}],"inLanguage":"fi"},{"@type":"Organization","@id":"https:\/\/redfoxlotto.com\/fi\/#organization","name":"Get Tickets for the World\u2019s largest jackpots","url":"https:\/\/redfoxlotto.com\/fi\/","logo":{"@type":"ImageObject","inLanguage":"fi","@id":"https:\/\/redfoxlotto.com\/fi\/#\/schema\/logo\/image\/","url":"https:\/\/redfoxlotto.com\/wp-content\/uploads\/2023\/04\/logo.png","contentUrl":"https:\/\/redfoxlotto.com\/wp-content\/uploads\/2023\/04\/logo.png","width":269,"height":53,"caption":"Get Tickets for the World\u2019s largest jackpots"},"image":{"@id":"https:\/\/redfoxlotto.com\/fi\/#\/schema\/logo\/image\/"}}]}},"_links":{"self":[{"href":"https:\/\/redfoxlotto.com\/fi\/wp-json\/wp\/v2\/pages\/30973","targetHints":{"allow":["GET"]}}],"collection":[{"href":"https:\/\/redfoxlotto.com\/fi\/wp-json\/wp\/v2\/pages"}],"about":[{"href":"https:\/\/redfoxlotto.com\/fi\/wp-json\/wp\/v2\/types\/page"}],"author":[{"embeddable":true,"href":"https:\/\/redfoxlotto.com\/fi\/wp-json\/wp\/v2\/users\/1"}],"replies":[{"embeddable":true,"href":"https:\/\/redfoxlotto.com\/fi\/wp-json\/wp\/v2\/comments?post=30973"}],"version-history":[{"count":0,"href":"https:\/\/redfoxlotto.com\/fi\/wp-json\/wp\/v2\/pages\/30973\/revisions"}],"up":[{"embeddable":true,"href":"https:\/\/redfoxlotto.com\/fi\/wp-json\/wp\/v2\/pages\/30960"}],"wp:attachment":[{"href":"https:\/\/redfoxlotto.com\/fi\/wp-json\/wp\/v2\/media?parent=30973"}],"curies":[{"name":"wp","href":"https:\/\/api.w.org\/{rel}","templated":true}]}}