{"id":30972,"date":"2018-11-18T08:54:25","date_gmt":"2018-11-18T08:54:25","guid":{"rendered":"https:\/\/redfoxlotto.com\/?page_id=19794"},"modified":"2022-09-26T12:36:30","modified_gmt":"2022-09-26T12:36:30","slug":"la-primitiva","status":"publish","type":"page","link":"https:\/\/redfoxlotto.com\/fi\/lotteries\/la-primitiva\/","title":{"rendered":"Tietoja La Primitiva -lippujen hankkimisesta verkossa"},"content":{"rendered":"<p>Tietoja La Primitiva -lippujen hankkimisesta verkossa<br \/>\nT\u00e4m\u00e4 on Espanjan suurin arpajaiset. Olet ehk\u00e4 kuullut, ett\u00e4 t\u00e4h\u00e4n arpajaiseen viitataan my\u00f6s nimell\u00e4 El Gordo, mutta teknisesti se ei pid\u00e4 paikkaansa. El Gordo on espanjalaisen La Primitiva -loton joulupainos, ja se toimii t\u00e4ysin eri tavalla. Tutustu El Gordoa k\u00e4sittelev\u00e4\u00e4n artikkeliin.<\/p>\n<p><img decoding=\"async\" class=\" wp-image alignright\" src=\"https:\/\/content.redfoxlotto.com\/uploads\/sites\/9\/2_ticket_la_primitiva2.jpg\" alt=\"La Primitiva nettilippu\"><\/p>\n<p>La Primitiva on viikoittainen espanjalainen arpajaiset. J\u00e4ttipotin v\u00e4himm\u00e4issumma on 5 miljoonaa euroa. T\u00e4m\u00e4 j\u00e4ttipotti on kuitenkin saavuttanut aiemmin l\u00e4hes 100 miljoonan euron suuruisia summia. Arvonta suoritetaan joka sunnuntai.<\/p>\n<p>Vaikka se oli tarkoitettu kansalliseksi arpajaiseksi, nyt sin\u00e4kin voit hankkia La Primitivan lippuja netist\u00e4. Sinun ei tarvitse asua Espanjassa. Valitse vain numerot sivustollamme, luo sitten tili meille ja maksa verkossa. Me tilaamme sinulle t\u00e4ysin laillisen La Primitiva -lipun.<\/p>\n<p>Osallistuaksesi arvontaan sinun tarvitsee vain ostaa arpa, jossa on valitsemasi numerot. La Primitiva -arpajaislipuissa on numerot 0-49. Pelaajat saavat valita 6 numeroa, ja oston j\u00e4lkeen kyseiselle lipulle annetaan automaattisesti numero 0-9. Arvontap\u00e4iv\u00e4n\u00e4 6 numeroa valitaan satunnaisesti numeroista 0-49 ja 1 numero numeroista 0-9, joten jokainen lippu, jonka numero t\u00e4sm\u00e4\u00e4 arvottujen numeroiden kanssa, voittaa j\u00e4ttipotin.<\/p>\n<p><img loading=\"lazy\" decoding=\"async\" class=\" wp-image alignright\" src=\"https:\/\/content.redfoxlotto.com\/uploads\/sites\/9\/1_buy_ticket_lotto_online2.jpg\" alt=\"Osta La Primitiva -lippuja\" width=\"180\" height=\"271\"><\/p>\n<p>Suurin t\u00e4h\u00e4n menness\u00e4 La Primitiva -arvonnassa voitettu j\u00e4ttipotti on 17. lokakuuta 2015 voitettu huikea 101,7 miljoonan euron j\u00e4ttipotti. Sit\u00e4 ennen helmikuussa 2014 saatu 73 miljoonan euron j\u00e4ttipotti oli suurin. Onni on ehdottomasti t\u00e4rkein tekij\u00e4 lopullisen j\u00e4ttipotin voittamisessa, sill\u00e4 todenn\u00e4k\u00f6isyys osua j\u00e4ttipottiin on 1:14 miljoonaa, mutta kun otetaan huomioon pieni stipendi, jonka lipun hankkiminen maksaa, ja valtava summa, jonka voit voittaa, jokaisen pit\u00e4isi tuntea itsens\u00e4 onnekkaaksi.<\/p>\n","protected":false},"excerpt":{"rendered":"<p>Tietoja La Primitiva -lippujen hankkimisesta verkossa T\u00e4m\u00e4 on Espanjan suurin arpajaiset. Olet ehk\u00e4 kuullut, ett\u00e4 t\u00e4h\u00e4n arpajaiseen viitataan my\u00f6s nimell\u00e4 El Gordo, mutta teknisesti se ei pid\u00e4 paikkaansa. El Gordo on espanjalaisen La Primitiva -loton joulupainos, ja se toimii t\u00e4ysin eri tavalla. Tutustu El Gordoa k\u00e4sittelev\u00e4\u00e4n artikkeliin. La Primitiva on viikoittainen espanjalainen arpajaiset. J\u00e4ttipotin v\u00e4himm\u00e4issumma [&hellip;]<\/p>\n","protected":false},"author":1,"featured_media":0,"parent":30960,"menu_order":7,"comment_status":"closed","ping_status":"closed","template":"la-primitiva-info.php","meta":{"_et_pb_use_builder":"","_et_pb_old_content":"","_et_gb_content_width":"","exclude_from_search":false,"footnotes":""},"class_list":["post-30972","page","type-page","status-publish","hentry"],"yoast_head":"<!-- This site is optimized with the Yoast SEO plugin v23.8 - https:\/\/yoast.com\/wordpress\/plugins\/seo\/ -->\n<title>Hanki La Primitiva liput mist\u00e4 tahansa<\/title>\n<meta name=\"description\" content=\"Asuitpa miss\u00e4 tahansa - voit hankkia lippuja La Primitiva Lottoon\" \/>\n<meta name=\"robots\" content=\"index, follow, max-snippet:-1, max-image-preview:large, max-video-preview:-1\" \/>\n<link rel=\"canonical\" href=\"https:\/\/redfoxlotto.com\/fi\/lotteries\/la-primitiva\/\" \/>\n<meta property=\"og:locale\" content=\"fi_FI\" \/>\n<meta property=\"og:type\" content=\"article\" \/>\n<meta property=\"og:title\" content=\"Hanki La Primitiva liput mist\u00e4 tahansa\" \/>\n<meta property=\"og:description\" content=\"Asuitpa miss\u00e4 tahansa - voit hankkia lippuja La Primitiva Lottoon\" \/>\n<meta property=\"og:url\" content=\"https:\/\/redfoxlotto.com\/fi\/lotteries\/la-primitiva\/\" \/>\n<meta property=\"og:site_name\" content=\"Get Tickets for the World\u2019s largest jackpots\" \/>\n<meta property=\"article:modified_time\" content=\"2022-09-26T12:36:30+00:00\" \/>\n<meta property=\"og:image\" content=\"https:\/\/content.redfoxlotto.com\/uploads\/sites\/9\/2_ticket_la_primitiva2.jpg\" \/>\n<meta name=\"twitter:card\" content=\"summary_large_image\" \/>\n<script type=\"application\/ld+json\" class=\"yoast-schema-graph\">{\"@context\":\"https:\/\/schema.org\",\"@graph\":[{\"@type\":\"WebPage\",\"@id\":\"https:\/\/redfoxlotto.com\/fi\/lotteries\/la-primitiva\/\",\"url\":\"https:\/\/redfoxlotto.com\/fi\/lotteries\/la-primitiva\/\",\"name\":\"Hanki La Primitiva liput mist\u00e4 tahansa\",\"isPartOf\":{\"@id\":\"https:\/\/redfoxlotto.com\/fi\/#website\"},\"primaryImageOfPage\":{\"@id\":\"https:\/\/redfoxlotto.com\/fi\/lotteries\/la-primitiva\/#primaryimage\"},\"image\":{\"@id\":\"https:\/\/redfoxlotto.com\/fi\/lotteries\/la-primitiva\/#primaryimage\"},\"thumbnailUrl\":\"https:\/\/content.redfoxlotto.com\/uploads\/sites\/9\/2_ticket_la_primitiva2.jpg\",\"datePublished\":\"2018-11-18T08:54:25+00:00\",\"dateModified\":\"2022-09-26T12:36:30+00:00\",\"description\":\"Asuitpa miss\u00e4 tahansa - voit hankkia lippuja La Primitiva Lottoon\",\"breadcrumb\":{\"@id\":\"https:\/\/redfoxlotto.com\/fi\/lotteries\/la-primitiva\/#breadcrumb\"},\"inLanguage\":\"fi\",\"potentialAction\":[{\"@type\":\"ReadAction\",\"target\":[\"https:\/\/redfoxlotto.com\/fi\/lotteries\/la-primitiva\/\"]}]},{\"@type\":\"ImageObject\",\"inLanguage\":\"fi\",\"@id\":\"https:\/\/redfoxlotto.com\/fi\/lotteries\/la-primitiva\/#primaryimage\",\"url\":\"https:\/\/content.redfoxlotto.com\/uploads\/sites\/9\/2_ticket_la_primitiva2.jpg\",\"contentUrl\":\"https:\/\/content.redfoxlotto.com\/uploads\/sites\/9\/2_ticket_la_primitiva2.jpg\"},{\"@type\":\"BreadcrumbList\",\"@id\":\"https:\/\/redfoxlotto.com\/fi\/lotteries\/la-primitiva\/#breadcrumb\",\"itemListElement\":[{\"@type\":\"ListItem\",\"position\":1,\"name\":\"Home\",\"item\":\"https:\/\/redfoxlotto.com\/fi\/\"},{\"@type\":\"ListItem\",\"position\":2,\"name\":\"Miten ostaa online arpoja &#8211; ostoprosessi\",\"item\":\"https:\/\/redfoxlotto.com\/fi\/lotteries\/\"},{\"@type\":\"ListItem\",\"position\":3,\"name\":\"Tietoja La Primitiva -lippujen hankkimisesta verkossa\"}]},{\"@type\":\"WebSite\",\"@id\":\"https:\/\/redfoxlotto.com\/fi\/#website\",\"url\":\"https:\/\/redfoxlotto.com\/fi\/\",\"name\":\"Get Tickets for the World\u2019s largest jackpots\",\"description\":\"Participate in worldwide lottery jackpots from any country\",\"publisher\":{\"@id\":\"https:\/\/redfoxlotto.com\/fi\/#organization\"},\"potentialAction\":[{\"@type\":\"SearchAction\",\"target\":{\"@type\":\"EntryPoint\",\"urlTemplate\":\"https:\/\/redfoxlotto.com\/fi\/?s={search_term_string}\"},\"query-input\":{\"@type\":\"PropertyValueSpecification\",\"valueRequired\":true,\"valueName\":\"search_term_string\"}}],\"inLanguage\":\"fi\"},{\"@type\":\"Organization\",\"@id\":\"https:\/\/redfoxlotto.com\/fi\/#organization\",\"name\":\"Get Tickets for the World\u2019s largest jackpots\",\"url\":\"https:\/\/redfoxlotto.com\/fi\/\",\"logo\":{\"@type\":\"ImageObject\",\"inLanguage\":\"fi\",\"@id\":\"https:\/\/redfoxlotto.com\/fi\/#\/schema\/logo\/image\/\",\"url\":\"https:\/\/redfoxlotto.com\/wp-content\/uploads\/2023\/04\/logo.png\",\"contentUrl\":\"https:\/\/redfoxlotto.com\/wp-content\/uploads\/2023\/04\/logo.png\",\"width\":269,\"height\":53,\"caption\":\"Get Tickets for the World\u2019s largest jackpots\"},\"image\":{\"@id\":\"https:\/\/redfoxlotto.com\/fi\/#\/schema\/logo\/image\/\"}}]}<\/script>\n<!-- \/ Yoast SEO plugin. -->","yoast_head_json":{"title":"Hanki La Primitiva liput mist\u00e4 tahansa","description":"Asuitpa miss\u00e4 tahansa - voit hankkia lippuja La Primitiva Lottoon","robots":{"index":"index","follow":"follow","max-snippet":"max-snippet:-1","max-image-preview":"max-image-preview:large","max-video-preview":"max-video-preview:-1"},"canonical":"https:\/\/redfoxlotto.com\/fi\/lotteries\/la-primitiva\/","og_locale":"fi_FI","og_type":"article","og_title":"Hanki La Primitiva liput mist\u00e4 tahansa","og_description":"Asuitpa miss\u00e4 tahansa - voit hankkia lippuja La Primitiva Lottoon","og_url":"https:\/\/redfoxlotto.com\/fi\/lotteries\/la-primitiva\/","og_site_name":"Get Tickets for the World\u2019s largest jackpots","article_modified_time":"2022-09-26T12:36:30+00:00","og_image":[{"url":"https:\/\/content.redfoxlotto.com\/uploads\/sites\/9\/2_ticket_la_primitiva2.jpg"}],"twitter_card":"summary_large_image","schema":{"@context":"https:\/\/schema.org","@graph":[{"@type":"WebPage","@id":"https:\/\/redfoxlotto.com\/fi\/lotteries\/la-primitiva\/","url":"https:\/\/redfoxlotto.com\/fi\/lotteries\/la-primitiva\/","name":"Hanki La Primitiva liput mist\u00e4 tahansa","isPartOf":{"@id":"https:\/\/redfoxlotto.com\/fi\/#website"},"primaryImageOfPage":{"@id":"https:\/\/redfoxlotto.com\/fi\/lotteries\/la-primitiva\/#primaryimage"},"image":{"@id":"https:\/\/redfoxlotto.com\/fi\/lotteries\/la-primitiva\/#primaryimage"},"thumbnailUrl":"https:\/\/content.redfoxlotto.com\/uploads\/sites\/9\/2_ticket_la_primitiva2.jpg","datePublished":"2018-11-18T08:54:25+00:00","dateModified":"2022-09-26T12:36:30+00:00","description":"Asuitpa miss\u00e4 tahansa - voit hankkia lippuja La Primitiva Lottoon","breadcrumb":{"@id":"https:\/\/redfoxlotto.com\/fi\/lotteries\/la-primitiva\/#breadcrumb"},"inLanguage":"fi","potentialAction":[{"@type":"ReadAction","target":["https:\/\/redfoxlotto.com\/fi\/lotteries\/la-primitiva\/"]}]},{"@type":"ImageObject","inLanguage":"fi","@id":"https:\/\/redfoxlotto.com\/fi\/lotteries\/la-primitiva\/#primaryimage","url":"https:\/\/content.redfoxlotto.com\/uploads\/sites\/9\/2_ticket_la_primitiva2.jpg","contentUrl":"https:\/\/content.redfoxlotto.com\/uploads\/sites\/9\/2_ticket_la_primitiva2.jpg"},{"@type":"BreadcrumbList","@id":"https:\/\/redfoxlotto.com\/fi\/lotteries\/la-primitiva\/#breadcrumb","itemListElement":[{"@type":"ListItem","position":1,"name":"Home","item":"https:\/\/redfoxlotto.com\/fi\/"},{"@type":"ListItem","position":2,"name":"Miten ostaa online arpoja &#8211; ostoprosessi","item":"https:\/\/redfoxlotto.com\/fi\/lotteries\/"},{"@type":"ListItem","position":3,"name":"Tietoja La Primitiva -lippujen hankkimisesta verkossa"}]},{"@type":"WebSite","@id":"https:\/\/redfoxlotto.com\/fi\/#website","url":"https:\/\/redfoxlotto.com\/fi\/","name":"Get Tickets for the World\u2019s largest jackpots","description":"Participate in worldwide lottery jackpots from any country","publisher":{"@id":"https:\/\/redfoxlotto.com\/fi\/#organization"},"potentialAction":[{"@type":"SearchAction","target":{"@type":"EntryPoint","urlTemplate":"https:\/\/redfoxlotto.com\/fi\/?s={search_term_string}"},"query-input":{"@type":"PropertyValueSpecification","valueRequired":true,"valueName":"search_term_string"}}],"inLanguage":"fi"},{"@type":"Organization","@id":"https:\/\/redfoxlotto.com\/fi\/#organization","name":"Get Tickets for the World\u2019s largest jackpots","url":"https:\/\/redfoxlotto.com\/fi\/","logo":{"@type":"ImageObject","inLanguage":"fi","@id":"https:\/\/redfoxlotto.com\/fi\/#\/schema\/logo\/image\/","url":"https:\/\/redfoxlotto.com\/wp-content\/uploads\/2023\/04\/logo.png","contentUrl":"https:\/\/redfoxlotto.com\/wp-content\/uploads\/2023\/04\/logo.png","width":269,"height":53,"caption":"Get Tickets for the World\u2019s largest jackpots"},"image":{"@id":"https:\/\/redfoxlotto.com\/fi\/#\/schema\/logo\/image\/"}}]}},"_links":{"self":[{"href":"https:\/\/redfoxlotto.com\/fi\/wp-json\/wp\/v2\/pages\/30972","targetHints":{"allow":["GET"]}}],"collection":[{"href":"https:\/\/redfoxlotto.com\/fi\/wp-json\/wp\/v2\/pages"}],"about":[{"href":"https:\/\/redfoxlotto.com\/fi\/wp-json\/wp\/v2\/types\/page"}],"author":[{"embeddable":true,"href":"https:\/\/redfoxlotto.com\/fi\/wp-json\/wp\/v2\/users\/1"}],"replies":[{"embeddable":true,"href":"https:\/\/redfoxlotto.com\/fi\/wp-json\/wp\/v2\/comments?post=30972"}],"version-history":[{"count":0,"href":"https:\/\/redfoxlotto.com\/fi\/wp-json\/wp\/v2\/pages\/30972\/revisions"}],"up":[{"embeddable":true,"href":"https:\/\/redfoxlotto.com\/fi\/wp-json\/wp\/v2\/pages\/30960"}],"wp:attachment":[{"href":"https:\/\/redfoxlotto.com\/fi\/wp-json\/wp\/v2\/media?parent=30972"}],"curies":[{"name":"wp","href":"https:\/\/api.w.org\/{rel}","templated":true}]}}