{"id":30966,"date":"2019-08-09T14:33:52","date_gmt":"2019-08-09T14:33:52","guid":{"rendered":"https:\/\/redfoxlotto.com\/?page_id=19782"},"modified":"2022-09-26T12:36:30","modified_gmt":"2022-09-26T12:36:30","slug":"lotto-fr","status":"publish","type":"page","link":"https:\/\/redfoxlotto.com\/fi\/lotteries\/lotto-fr\/","title":{"rendered":"Tietoja Ranskan Lottery"},"content":{"rendered":"<p>Tietoja Ranskan Lottery<br \/>\nEtsitk\u00f6 uutta peli\u00e4 pelattavaksi, mutta et ole varma, mik\u00e4 se olisi? Jos olet viel\u00e4 ep\u00e4varma, sinun kannattaa katsoa, miten voit ostaa lippuja Ranskan lottoon netist\u00e4.<\/p>\n<p>T\u00e4m\u00e4 tulee olemaan yksi parhaista valinnoistasi, kun tied\u00e4t, miten se toimii, koska se tulee olemaan yksinkertainen, helppo ja hauska kaikille, jotka rakastavat lottoa. Loppujen lopuksihan kyse on siit\u00e4, ett\u00e4 saat ne suuret numerot ja mahdollisesti voitat sen suuren j\u00e4ttipotin, eik\u00f6 niin?<\/p>\n<p><img decoding=\"async\" class=\" wp-image-5380 alignright\" src=\"https:\/\/content.redfoxlotto.com\/uploads\/sites\/9\/500_euro_bills.jpg\" alt=\"nettilippu Ranskan arpajaiset\" width=\"250&quot;\" height=\"125\"><\/p>\n<h2>Mist\u00e4 se alkoi<\/h2>\n<p>Saatat itse asiassa yll\u00e4tty\u00e4 tiet\u00e4ess\u00e4si, ett\u00e4 lottoaminen Ranskassa juontaa juurensa aina vuoteen 1505 asti. Kuningas Frans Frans I aloitti sen kansalaistensa kanssa, mutta peli on muuttunut melkoisesti ajan my\u00f6t\u00e4. Yleinen prosessi on kuitenkin melko samanlainen kuin miss\u00e4 tahansa muussa pelaamassasi lottopeliss\u00e4. Ja sinulla on mahdollisuus pelata melko hyvist\u00e4 palkinnoista, mik\u00e4 on varmasti t\u00e4rke\u00e4 n\u00e4k\u00f6kohta, eik\u00f6 totta?<\/p>\n<h2>Miten se toimii<\/h2>\n<p>Ranskan lotossa arvontoja on itse asiassa kolmena p\u00e4iv\u00e4n\u00e4 viikossa, joten sinulla on paljon mahdollisuuksia pelata. Joka maanantai, keskiviikko ja lauantai suoritetaan uusi arvonta, ja t\u00e4m\u00e4 tekee siit\u00e4 yhden yleisimmist\u00e4 j\u00e4ttipoteista. Se on viel\u00e4 t\u00e4rke\u00e4mp\u00e4\u00e4, kun ajattelet sit\u00e4, ett\u00e4 j\u00e4ttipotti tulee olemaan yksi suurimmista. Siin\u00e4 miss\u00e4 tyypillinen p\u00e4ivitt\u00e4inen lottoj\u00e4ttipotti on melko pieni ja viikoittaiset tai kahden viikon v\u00e4lein suoritettavat arvonnat ovat melko suuria, t\u00e4m\u00e4 tulee l\u00e4hemm\u00e4s tuota suurten luokkaa sen suhteen, kuinka usein se arvotaan.<\/p>\n<p><img decoding=\"async\" class=\" wp-image-5380 alignright\" src=\"https:\/\/content.redfoxlotto.com\/uploads\/sites\/9\/jackpot_lottery_online.jpg\" alt=\"liput Ranskan Lotto\" width=\"250&quot;\" height=\"125\"><\/p>\n<p>Arvontojen tiheyden lis\u00e4ksi peli on super yksinkertainen. Voitat, jos sinulla on kaikki viisi numeroa oikein ja saat oikean bonuspallon. On siis kuusi eri numeroa, jotka huudetaan, ja voit p\u00e4\u00e4ty\u00e4 isoon j\u00e4ttipottiin, joka on yleens\u00e4 2 000 000 euroa. Se on varmasti hyv\u00e4 summa rahaa, eik\u00f6? Siit\u00e4 j\u00e4ttipotti alkaa, ja se nousee siit\u00e4 eteenp\u00e4in. Se tarkoittaa, ett\u00e4 sinulla on aina hyv\u00e4 mahdollisuus voittaa enemm\u00e4n.<\/p>\n<h2>Numeroiden valitseminen<\/h2>\n<p>Voit valita pelaamasi numerot monella eri tavalla. Itse asiassa se on t\u00e4ysin sinusta kiinni samalla tavalla kuin jos menisit kulman l\u00e4hikauppaan pelaamaan. Voit t\u00e4ytt\u00e4\u00e4 &#8221;lapun&#8221; haluamillasi numeroilla tai voit valita vain &#8221;helpon valinnan&#8221;. Jos t\u00e4yt\u00e4t omat numerosi, saat taatusti haluamasi numerot. Toisaalta &#8221;helppo valinta&#8221; tarkoittaa, ett\u00e4 kone luo numerot automaattisesti puolestasi.<\/p>\n<h2>Kuinka voittaa<\/h2>\n<p>Kun kyse on todellisesta voittamisesta, sinun on tarkasteltava numeroita tarkemmin. Niin kauan kuin saat bonusnumeron, voitat jotain. Jos saat kaksi tavallista numeroa mutta et bonusnumeroa, voitat my\u00f6s jotain. Ja jokaisesta ylim\u00e4\u00e4r\u00e4isest\u00e4 numerosta, jonka saat sen yli, voitat v\u00e4h\u00e4n enemm\u00e4n ja v\u00e4h\u00e4n enemm\u00e4n. Parhaiten voitat, jos voitat nelj\u00e4 numeroa ja bonuksen tai kaikki viisi numeroa ja bonuksen. Jos sinulla on vain viisi numeroa ilman bonusta, et itse asiassa voita yht\u00e4 hyvin.<\/p>\n<h2>Miten ostaa lippuja Ranskan arpajaisiin verkossa<\/h2>\n<p>Kun olet valmis ostamaan, tarvitset ensimm\u00e4iseksi paikan, jossa voit tehd\u00e4 sen. Et pysty k\u00e4velem\u00e4\u00e4n omaan paikalliseen l\u00e4hikauppaan samalla tavalla kuin silloin, kun mieli tekee paikallisia pelej\u00e4. Sen sijaan sinun on ment\u00e4v\u00e4 verkkoon ja l\u00f6ydett\u00e4v\u00e4 hyv\u00e4maineinen j\u00e4lleenmyyj\u00e4, joka voi auttaa sinua (mink\u00e4 ei pit\u00e4isi olla sinulle ongelma, eik\u00f6 niin, olet jo t\u00e4\u00e4ll\u00e4). Saat my\u00f6s kaikki samat edut kuin jos sattuisit asumaan Ranskassa ja voisit ostaa liput paikallisesti. Sinun ei siis tarvitse uhrata mit\u00e4\u00e4n.<\/p>\n","protected":false},"excerpt":{"rendered":"<p>Tietoja Ranskan Lottery Etsitk\u00f6 uutta peli\u00e4 pelattavaksi, mutta et ole varma, mik\u00e4 se olisi? Jos olet viel\u00e4 ep\u00e4varma, sinun kannattaa katsoa, miten voit ostaa lippuja Ranskan lottoon netist\u00e4. T\u00e4m\u00e4 tulee olemaan yksi parhaista valinnoistasi, kun tied\u00e4t, miten se toimii, koska se tulee olemaan yksinkertainen, helppo ja hauska kaikille, jotka rakastavat lottoa. Loppujen lopuksihan kyse on [&hellip;]<\/p>\n","protected":false},"author":1,"featured_media":0,"parent":30960,"menu_order":31,"comment_status":"closed","ping_status":"closed","template":"lotto-fr-info.php","meta":{"_et_pb_use_builder":"","_et_pb_old_content":"","_et_gb_content_width":"","exclude_from_search":false,"footnotes":""},"class_list":["post-30966","page","type-page","status-publish","hentry"],"yoast_head":"<!-- This site is optimized with the Yoast SEO plugin v23.8 - https:\/\/yoast.com\/wordpress\/plugins\/seo\/ -->\n<title>Miten ostaa lippuja Ranskan Lottery Online<\/title>\n<meta name=\"description\" content=\"Oletko valmis ostamaan lippuja Ranskan arpajaisiin verkossa? L\u00f6yd\u00e4t kaiken, mit\u00e4 sinun tarvitsee tiet\u00e4\u00e4 siit\u00e4 t\u00e4\u00e4lt\u00e4!\" \/>\n<meta name=\"robots\" content=\"index, follow, max-snippet:-1, max-image-preview:large, max-video-preview:-1\" \/>\n<link rel=\"canonical\" href=\"https:\/\/redfoxlotto.com\/fi\/lotteries\/lotto-fr\/\" \/>\n<meta property=\"og:locale\" content=\"fi_FI\" \/>\n<meta property=\"og:type\" content=\"article\" \/>\n<meta property=\"og:title\" content=\"Miten ostaa lippuja Ranskan Lottery Online\" \/>\n<meta property=\"og:description\" content=\"Oletko valmis ostamaan lippuja Ranskan arpajaisiin verkossa? L\u00f6yd\u00e4t kaiken, mit\u00e4 sinun tarvitsee tiet\u00e4\u00e4 siit\u00e4 t\u00e4\u00e4lt\u00e4!\" \/>\n<meta property=\"og:url\" content=\"https:\/\/redfoxlotto.com\/fi\/lotteries\/lotto-fr\/\" \/>\n<meta property=\"og:site_name\" content=\"Get Tickets for the World\u2019s largest jackpots\" \/>\n<meta property=\"article:modified_time\" content=\"2022-09-26T12:36:30+00:00\" \/>\n<meta property=\"og:image\" content=\"https:\/\/content.redfoxlotto.com\/uploads\/sites\/9\/500_euro_bills.jpg\" \/>\n<meta name=\"twitter:card\" content=\"summary_large_image\" \/>\n<script type=\"application\/ld+json\" class=\"yoast-schema-graph\">{\"@context\":\"https:\/\/schema.org\",\"@graph\":[{\"@type\":\"WebPage\",\"@id\":\"https:\/\/redfoxlotto.com\/fi\/lotteries\/lotto-fr\/\",\"url\":\"https:\/\/redfoxlotto.com\/fi\/lotteries\/lotto-fr\/\",\"name\":\"Miten ostaa lippuja Ranskan Lottery Online\",\"isPartOf\":{\"@id\":\"https:\/\/redfoxlotto.com\/fi\/#website\"},\"primaryImageOfPage\":{\"@id\":\"https:\/\/redfoxlotto.com\/fi\/lotteries\/lotto-fr\/#primaryimage\"},\"image\":{\"@id\":\"https:\/\/redfoxlotto.com\/fi\/lotteries\/lotto-fr\/#primaryimage\"},\"thumbnailUrl\":\"https:\/\/content.redfoxlotto.com\/uploads\/sites\/9\/500_euro_bills.jpg\",\"datePublished\":\"2019-08-09T14:33:52+00:00\",\"dateModified\":\"2022-09-26T12:36:30+00:00\",\"description\":\"Oletko valmis ostamaan lippuja Ranskan arpajaisiin verkossa? L\u00f6yd\u00e4t kaiken, mit\u00e4 sinun tarvitsee tiet\u00e4\u00e4 siit\u00e4 t\u00e4\u00e4lt\u00e4!\",\"breadcrumb\":{\"@id\":\"https:\/\/redfoxlotto.com\/fi\/lotteries\/lotto-fr\/#breadcrumb\"},\"inLanguage\":\"fi\",\"potentialAction\":[{\"@type\":\"ReadAction\",\"target\":[\"https:\/\/redfoxlotto.com\/fi\/lotteries\/lotto-fr\/\"]}]},{\"@type\":\"ImageObject\",\"inLanguage\":\"fi\",\"@id\":\"https:\/\/redfoxlotto.com\/fi\/lotteries\/lotto-fr\/#primaryimage\",\"url\":\"https:\/\/content.redfoxlotto.com\/uploads\/sites\/9\/500_euro_bills.jpg\",\"contentUrl\":\"https:\/\/content.redfoxlotto.com\/uploads\/sites\/9\/500_euro_bills.jpg\"},{\"@type\":\"BreadcrumbList\",\"@id\":\"https:\/\/redfoxlotto.com\/fi\/lotteries\/lotto-fr\/#breadcrumb\",\"itemListElement\":[{\"@type\":\"ListItem\",\"position\":1,\"name\":\"Home\",\"item\":\"https:\/\/redfoxlotto.com\/fi\/\"},{\"@type\":\"ListItem\",\"position\":2,\"name\":\"Miten ostaa online arpoja &#8211; ostoprosessi\",\"item\":\"https:\/\/redfoxlotto.com\/fi\/lotteries\/\"},{\"@type\":\"ListItem\",\"position\":3,\"name\":\"Tietoja Ranskan Lottery\"}]},{\"@type\":\"WebSite\",\"@id\":\"https:\/\/redfoxlotto.com\/fi\/#website\",\"url\":\"https:\/\/redfoxlotto.com\/fi\/\",\"name\":\"Get Tickets for the World\u2019s largest jackpots\",\"description\":\"Participate in worldwide lottery jackpots from any country\",\"publisher\":{\"@id\":\"https:\/\/redfoxlotto.com\/fi\/#organization\"},\"potentialAction\":[{\"@type\":\"SearchAction\",\"target\":{\"@type\":\"EntryPoint\",\"urlTemplate\":\"https:\/\/redfoxlotto.com\/fi\/?s={search_term_string}\"},\"query-input\":{\"@type\":\"PropertyValueSpecification\",\"valueRequired\":true,\"valueName\":\"search_term_string\"}}],\"inLanguage\":\"fi\"},{\"@type\":\"Organization\",\"@id\":\"https:\/\/redfoxlotto.com\/fi\/#organization\",\"name\":\"Get Tickets for the World\u2019s largest jackpots\",\"url\":\"https:\/\/redfoxlotto.com\/fi\/\",\"logo\":{\"@type\":\"ImageObject\",\"inLanguage\":\"fi\",\"@id\":\"https:\/\/redfoxlotto.com\/fi\/#\/schema\/logo\/image\/\",\"url\":\"https:\/\/redfoxlotto.com\/wp-content\/uploads\/2023\/04\/logo.png\",\"contentUrl\":\"https:\/\/redfoxlotto.com\/wp-content\/uploads\/2023\/04\/logo.png\",\"width\":269,\"height\":53,\"caption\":\"Get Tickets for the World\u2019s largest jackpots\"},\"image\":{\"@id\":\"https:\/\/redfoxlotto.com\/fi\/#\/schema\/logo\/image\/\"}}]}<\/script>\n<!-- \/ Yoast SEO plugin. -->","yoast_head_json":{"title":"Miten ostaa lippuja Ranskan Lottery Online","description":"Oletko valmis ostamaan lippuja Ranskan arpajaisiin verkossa? L\u00f6yd\u00e4t kaiken, mit\u00e4 sinun tarvitsee tiet\u00e4\u00e4 siit\u00e4 t\u00e4\u00e4lt\u00e4!","robots":{"index":"index","follow":"follow","max-snippet":"max-snippet:-1","max-image-preview":"max-image-preview:large","max-video-preview":"max-video-preview:-1"},"canonical":"https:\/\/redfoxlotto.com\/fi\/lotteries\/lotto-fr\/","og_locale":"fi_FI","og_type":"article","og_title":"Miten ostaa lippuja Ranskan Lottery Online","og_description":"Oletko valmis ostamaan lippuja Ranskan arpajaisiin verkossa? L\u00f6yd\u00e4t kaiken, mit\u00e4 sinun tarvitsee tiet\u00e4\u00e4 siit\u00e4 t\u00e4\u00e4lt\u00e4!","og_url":"https:\/\/redfoxlotto.com\/fi\/lotteries\/lotto-fr\/","og_site_name":"Get Tickets for the World\u2019s largest jackpots","article_modified_time":"2022-09-26T12:36:30+00:00","og_image":[{"url":"https:\/\/content.redfoxlotto.com\/uploads\/sites\/9\/500_euro_bills.jpg"}],"twitter_card":"summary_large_image","schema":{"@context":"https:\/\/schema.org","@graph":[{"@type":"WebPage","@id":"https:\/\/redfoxlotto.com\/fi\/lotteries\/lotto-fr\/","url":"https:\/\/redfoxlotto.com\/fi\/lotteries\/lotto-fr\/","name":"Miten ostaa lippuja Ranskan Lottery Online","isPartOf":{"@id":"https:\/\/redfoxlotto.com\/fi\/#website"},"primaryImageOfPage":{"@id":"https:\/\/redfoxlotto.com\/fi\/lotteries\/lotto-fr\/#primaryimage"},"image":{"@id":"https:\/\/redfoxlotto.com\/fi\/lotteries\/lotto-fr\/#primaryimage"},"thumbnailUrl":"https:\/\/content.redfoxlotto.com\/uploads\/sites\/9\/500_euro_bills.jpg","datePublished":"2019-08-09T14:33:52+00:00","dateModified":"2022-09-26T12:36:30+00:00","description":"Oletko valmis ostamaan lippuja Ranskan arpajaisiin verkossa? L\u00f6yd\u00e4t kaiken, mit\u00e4 sinun tarvitsee tiet\u00e4\u00e4 siit\u00e4 t\u00e4\u00e4lt\u00e4!","breadcrumb":{"@id":"https:\/\/redfoxlotto.com\/fi\/lotteries\/lotto-fr\/#breadcrumb"},"inLanguage":"fi","potentialAction":[{"@type":"ReadAction","target":["https:\/\/redfoxlotto.com\/fi\/lotteries\/lotto-fr\/"]}]},{"@type":"ImageObject","inLanguage":"fi","@id":"https:\/\/redfoxlotto.com\/fi\/lotteries\/lotto-fr\/#primaryimage","url":"https:\/\/content.redfoxlotto.com\/uploads\/sites\/9\/500_euro_bills.jpg","contentUrl":"https:\/\/content.redfoxlotto.com\/uploads\/sites\/9\/500_euro_bills.jpg"},{"@type":"BreadcrumbList","@id":"https:\/\/redfoxlotto.com\/fi\/lotteries\/lotto-fr\/#breadcrumb","itemListElement":[{"@type":"ListItem","position":1,"name":"Home","item":"https:\/\/redfoxlotto.com\/fi\/"},{"@type":"ListItem","position":2,"name":"Miten ostaa online arpoja &#8211; ostoprosessi","item":"https:\/\/redfoxlotto.com\/fi\/lotteries\/"},{"@type":"ListItem","position":3,"name":"Tietoja Ranskan Lottery"}]},{"@type":"WebSite","@id":"https:\/\/redfoxlotto.com\/fi\/#website","url":"https:\/\/redfoxlotto.com\/fi\/","name":"Get Tickets for the World\u2019s largest jackpots","description":"Participate in worldwide lottery jackpots from any country","publisher":{"@id":"https:\/\/redfoxlotto.com\/fi\/#organization"},"potentialAction":[{"@type":"SearchAction","target":{"@type":"EntryPoint","urlTemplate":"https:\/\/redfoxlotto.com\/fi\/?s={search_term_string}"},"query-input":{"@type":"PropertyValueSpecification","valueRequired":true,"valueName":"search_term_string"}}],"inLanguage":"fi"},{"@type":"Organization","@id":"https:\/\/redfoxlotto.com\/fi\/#organization","name":"Get Tickets for the World\u2019s largest jackpots","url":"https:\/\/redfoxlotto.com\/fi\/","logo":{"@type":"ImageObject","inLanguage":"fi","@id":"https:\/\/redfoxlotto.com\/fi\/#\/schema\/logo\/image\/","url":"https:\/\/redfoxlotto.com\/wp-content\/uploads\/2023\/04\/logo.png","contentUrl":"https:\/\/redfoxlotto.com\/wp-content\/uploads\/2023\/04\/logo.png","width":269,"height":53,"caption":"Get Tickets for the World\u2019s largest jackpots"},"image":{"@id":"https:\/\/redfoxlotto.com\/fi\/#\/schema\/logo\/image\/"}}]}},"_links":{"self":[{"href":"https:\/\/redfoxlotto.com\/fi\/wp-json\/wp\/v2\/pages\/30966","targetHints":{"allow":["GET"]}}],"collection":[{"href":"https:\/\/redfoxlotto.com\/fi\/wp-json\/wp\/v2\/pages"}],"about":[{"href":"https:\/\/redfoxlotto.com\/fi\/wp-json\/wp\/v2\/types\/page"}],"author":[{"embeddable":true,"href":"https:\/\/redfoxlotto.com\/fi\/wp-json\/wp\/v2\/users\/1"}],"replies":[{"embeddable":true,"href":"https:\/\/redfoxlotto.com\/fi\/wp-json\/wp\/v2\/comments?post=30966"}],"version-history":[{"count":0,"href":"https:\/\/redfoxlotto.com\/fi\/wp-json\/wp\/v2\/pages\/30966\/revisions"}],"up":[{"embeddable":true,"href":"https:\/\/redfoxlotto.com\/fi\/wp-json\/wp\/v2\/pages\/30960"}],"wp:attachment":[{"href":"https:\/\/redfoxlotto.com\/fi\/wp-json\/wp\/v2\/media?parent=30966"}],"curies":[{"name":"wp","href":"https:\/\/api.w.org\/{rel}","templated":true}]}}