{"id":30964,"date":"2018-11-18T08:54:25","date_gmt":"2018-11-18T08:54:25","guid":{"rendered":"https:\/\/redfoxlotto.com\/?page_id=19778"},"modified":"2025-12-18T14:28:54","modified_gmt":"2025-12-18T14:28:54","slug":"euromillions","status":"publish","type":"page","link":"https:\/\/redfoxlotto.com\/fi\/lotteries\/euromillions\/","title":{"rendered":"Tietoa EuroMillionsista"},"content":{"rendered":"<p><script type=\"application\/ld+json\">\n{\n  \"@context\": \"https:\/\/schema.org\",\n  \"@type\": \"Service\",\n  \"name\": \"Pelaa Euromillionsia verkossa\",\n  \"url\": \"https:\/\/redfoxlotto.com\/fi\/lotteries\/euromillions\/\",\n  \"description\": \"Osta virallisia Euromillions-lottolippuja verkossa mist\u00e4 tahansa maasta. Vieraile RedFoxLotto, valitse numerosi ja osallistu seuraavaan arvontaan.\",\n  \"serviceType\": \"Verkkopohjainen lottolippujen v\u00e4lityspalvelu\",\n  \"provider\": {\n    \"@type\": \"Organization\",\n    \"name\": \"RedFoxLotto\",\n    \"url\": \"https:\/\/redfoxlotto.com\/fi\",\n    \"image\": \"https:\/\/redfoxlotto.com\/fi\/wp-content\/uploads\/2025\/12\/ticket_scans.jpg\",\n    \"sameAs\": []\n  },\n  \"areaServed\": \"Worldwide\",\n  \"termsOfService\": \"https:\/\/redfoxlotto.com\/terms-and-conditions\",\n  \"additionalProperty\": {\n    \"@type\": \"PropertyValue\",\n    \"name\": \"FAQ\",\n    \"value\": \"https:\/\/redfoxlotto.com\/fi\/faq\/\"\n  },\n  \"hasOfferCatalog\": {\n    \"@type\": \"OfferCatalog\",\n    \"name\": \"Euromillions-lottoliput\",\n    \"itemListElement\": [\n      {\n        \"@type\": \"Offer\",\n        \"name\": \"Euromillions-liput\",\n        \"url\": \"https:\/\/redfoxlotto.com\/fi\/lotteries\/euromillions\",\n        \"description\": \"Osta oikeita lippuja seuraavaan Euromillions-arvontaan RedFoxLotto-verkkosivuston kautta.\",\n        \"price\": \"7.00\",\n        \"priceCurrency\": \"\u20ac\",\n        \"availability\": \"https:\/\/schema.org\/InStock\",\n        \"itemOffered\": {\n          \"@type\": \"Service\",\n          \"name\": \"Euromillions-lottoliput\",\n          \"description\": \"Osallistu seuraavaan Euromillions-arvontaan \u2013 osta lippusi verkossa RedFoxLotto-verkkosivuston kautta.\"\n        }\n      }\n    ]\n  },\n  \"mainEntityOfPage\": {\n    \"@type\": \"WebPage\",\n    \"@id\": \"https:\/\/redfoxlotto.com\/fi\/lotteries\/euromillions\"\n  }\n}\n<\/script><\/p>\n<p>Euro Millions on Euroopan suurin arpajaiset. Vuonna 2004 lanseeratun lottopelin lippuja voi ostaa yhdeks\u00e4ss\u00e4 Euroopan maassa &#8211; tai jos olet Suomesta, voit ostaa lippusi netist\u00e4 t\u00e4\u00e4lt\u00e4.<\/p>\n<h2>Hanki EuroMillions-lippusi Suomesta<\/h2>\n<p>Oletko valmis aloittamaan ja ostamaan EuroMillions-lippuja netist\u00e4? Jos olet, haluat varmasti tiet\u00e4\u00e4 muutaman asian pelist\u00e4 ennen kuin hypp\u00e4\u00e4t mukaan, eik\u00f6 niin? Haluat varmistaa, ett\u00e4 olet valmistautunut ja tied\u00e4t pelist\u00e4 kaiken mahdollisen. Ensimm\u00e4inen asia, joka sinun pit\u00e4isi tiet\u00e4\u00e4, on se, milloin arvonnat suoritetaan, koska haluat olla varma, ett\u00e4 saat lottokupongin ennen seuraavaa arvontakierrosta. EuroMillionsin arvonnat suoritetaan joka tiistai ja perjantai Pariisissa.<\/p>\n<p>Puhumme lis\u00e4\u00e4 numeroista, joista voit valita, ja siit\u00e4, miten saat haluamasi lipun hetken kuluttua, mutta nyt tarkastellaan tarkemmin j\u00e4ttipottia, jonka voit voittaa. Loppujen lopuksi se on yksi syy siihen, miksi haluat pelata EuroMillionsia.<\/p>\n<h2>EuroMillions Jackpot<\/h2>\n<p><img loading=\"lazy\" decoding=\"async\" class=\"alignright wp-image\" src=\"https:\/\/content.redfoxlotto.com\/uploads\/sites\/9\/1_buy_euromillions_online.jpg\" alt=\"euromillions jackpot\" width=\"284\" height=\"190\" \/><br \/>\nEuroopan suurimpana lottona EuroMillionsissa on my\u00f6s valtavat j\u00e4ttipotit. Itse asiassa j\u00e4ttipotit ovat usein reilusti miljoonien dollarien suuruisia, ja suurimmat niist\u00e4 ovat varmasti my\u00f6s korkeimmasta p\u00e4\u00e4st\u00e4. T\u00e4h\u00e4n menness\u00e4 suurin jackpot t\u00e4ss\u00e4 lotossa on ollut 190 000 000 euroa. Sen voitti nimet\u00f6n pelaaja 24. lokakuuta 2014.<\/p>\n<p>Eik\u00f6 juuri siin\u00e4 olekin tarpeeksi hyv\u00e4 syy tutustua t\u00e4h\u00e4n peliin l\u00e4hemmin ja harkita lipun ostamista itsellesi? No, tulet rakastamaan ajatusta tuon rahan voittamisesta, ja voit itse asiassa voittaa hyv\u00e4n summan rahaa, vaikka et p\u00e4\u00e4sisik\u00e4\u00e4n tuohon j\u00e4ttipottiin asti. T\u00e4m\u00e4 johtuu siit\u00e4, ett\u00e4 alkusumma on jopa suuri palkinto, ja my\u00f6s ne, jotka ovat aivan keskell\u00e4 alimmasta ja ylimm\u00e4st\u00e4 tasosta, tulevat olemaan suuria.<\/p>\n<h2>EuroMillionsin s\u00e4\u00e4nn\u00f6t<\/h2>\n<p>Oletko valmis ostamaan EuroMillions-arpoja netist\u00e4, mutta et ole aivan varma, miss\u00e4 ja miten &#8211; ehk\u00e4 siksi, ett\u00e4 asut Suomessa? No, me k\u00e4ymme l\u00e4pi tarkalleen, mit\u00e4 sinun on teht\u00e4v\u00e4 ja miten valitset haluamasi numerot, jotta sinulla on parhaat mahdolliset mahdollisuudet voittaa peli.<\/p>\n<h2>Mit\u00e4 sinun on siis teht\u00e4v\u00e4?<\/h2>\n<p>T\u00e4ss\u00e4 valitset 5 p\u00e4\u00e4numeroa v\u00e4lilt\u00e4 1 ja 50 sek\u00e4 kaksi lis\u00e4numeroa, joita kutsutaan Lucky Stariksi, v\u00e4lilt\u00e4 1 ja 12. Voittaaksesi alimmassa hintaluokassa vain kahden p\u00e4\u00e4numeron on vastattava toisiaan. T\u00e4m\u00e4 tarkoittaa, ett\u00e4 sinulla on paljon mahdollisuuksia, joissa voit voittaa, vaikkakin et tule voittamaan paljon rahaa, jos vain muutama numero t\u00e4sm\u00e4\u00e4.<\/p>\n<p>Jos sinulla on useita numeroita ja erityisesti jos sinulla on onnen t\u00e4hti -numeroita, voit voittaa paremman palkinnon. Se on varmasti hyv\u00e4 etu, eik\u00f6 niin? Voit itse asiassa parantaa mahdollisuuksiasi saada jotain ja voit ehdottomasti nauttia pelin pelaamisesta.<\/p>\n<h2>Lipun valitseminen<\/h2>\n<p>Oletko valmis valitsemaan lipun? Haluat ehdottomasti tutustua prosessiin, koska teemme siit\u00e4 todella helppoa. Tied\u00e4mme, ett\u00e4 sinulla ei ole paljon aikaa ja haluat varmistaa, ett\u00e4 hy\u00f6dynn\u00e4t sen mahdollisimman hyvin. Haluat silti pit\u00e4\u00e4 hauskaa EuroMillionsin pelaamisessa, ja se tarkoittaa, ett\u00e4 sinun on ostettava EuroMillions-liput netist\u00e4.<\/p>\n<p>Prosessimme ensimm\u00e4inen vaihe on, ett\u00e4 p\u00e4\u00e4t\u00e4t, mink\u00e4 lipun aiot ostaa. Jos olet jo p\u00e4\u00e4tt\u00e4nyt EuroMillionsin, olet valmis. Mutta jos et ole viel\u00e4 aivan varma, kannattaa ehdottomasti tutustua p\u00e4\u00e4sivuun, jossa n\u00e4yt\u00e4mme sinulle kaikki parhaat j\u00e4ttipotit ja ne pelit, joita sinun kannattaa tutkia. N\u00e4ihin peleihin tarjoamme lippuja.<img loading=\"lazy\" decoding=\"async\" class=\"alignright wp-image\" src=\"https:\/\/content.redfoxlotto.com\/uploads\/sites\/9\/1_buy_lottery_ticket.jpg\" alt=\"osta lippuja verkossa\" width=\"312\" height=\"107\" \/><\/p>\n<p>Kun olet p\u00e4\u00e4tt\u00e4nyt haluamasi lipun, siirryt sivulle ja alat valita numeroita lippuusi. Voit halutessasi valita aivan kaikki numerot, joten saat r\u00e4\u00e4t\u00e4l\u00f6idyn lipun, joka sopii juuri siihen, mist\u00e4 pid\u00e4t eniten.<\/p>\n<p>Voit my\u00f6s valita, ett\u00e4 ostat lippuja, jotka valitaan satunnaisesti puolestasi. N\u00e4in sinun on todella helppo saada lippu ilman, ett\u00e4 sinun tarvitsee k\u00e4ytt\u00e4\u00e4 siihen paljon aikaa. Saat my\u00f6s p\u00e4\u00e4tt\u00e4\u00e4, kuinka monta lippua haluat ostaa, joten sinulla on kaikki, mit\u00e4 tarvitset mahdollisesti suuren j\u00e4ttipotin voittamiseen.<\/p>\n<h2>EuroMillionsin ostoprosessi<\/h2>\n<p>Kun olet k\u00e4ynyt l\u00e4pi ja valinnut lippusi, viimeinen asia, joka sinun on teht\u00e4v\u00e4, on varmistaa, ett\u00e4 t\u00e4yt\u00e4t tilitietosi. K\u00e4ymme l\u00e4pi prosessin, miten tili luodaan heti, jotta voit varmistaa, ett\u00e4 saat haluamasi liput juuri silloin, kun haluat ne. Voit jopa m\u00e4\u00e4ritt\u00e4\u00e4 haluamasi maksutilit t\u00e4\u00e4ll\u00e4.<\/p>\n<p>Kun olet saanut kaiken valmiiksi, sinun tarvitsee vain laittaa haluamasi liput ostoskoriin, ja voit ostaa ne kaikki samalla kertaa. Voit jopa lis\u00e4t\u00e4 eri pelien lippuja ostoskoriin yhdess\u00e4 ja voit ostaa kaiken tarvitsemasi.<\/p>\n<p>Kun olet p\u00e4\u00e4tt\u00e4nyt lippujen valinnasta, kaikki on valmista ja voit odottaa ja katsoa, mit\u00e4 lipuillesi tapahtuu. Ostamasi liput n\u00e4kyv\u00e4t tilill\u00e4si heti, ja voit my\u00f6hemmin palata katsomaan, oletko voittanut.<\/p>\n<p>L\u00e4het\u00e4mme sinulle s\u00e4hk\u00f6postia, jos voitat, ja voit katsoa tililt\u00e4si, mitk\u00e4 numerosi vastaavat arvottuja numeroita. N\u00e4in sinun on helpompi tiet\u00e4\u00e4, milloin sinun on lunastettava lippu.<\/p>\n<h2>EuroMillions ja Yhdistyneen kuningaskunnan Millionaire Maker -kilpailu.<\/h2>\n<p>Pelaajat maksavat hieman enemm\u00e4n, koska EuroMillions-liput ostetaan Yhdistyneest\u00e4 kuningaskunnasta. T\u00e4m\u00e4 johtuu siit\u00e4, ett\u00e4 Yhdistyneen kuningaskunnan lipuilla p\u00e4\u00e4see automaattisesti mukaan Millionaire Maker -arvontaan, joka tarjoaa lis\u00e4mahdollisuuden voittaa miljoonan punnan palkkio.<\/p>\n<p>Millionaire Maker toimii siten, ett\u00e4 jokaiselle ostetulle lipulle luodaan yksil\u00f6llinen koodi. Koodi koostuu nelj\u00e4st\u00e4 kirjaimesta ja viidest\u00e4 numerosta (esim. ABCD12345). Jokaisessa arvonnassa yksi tai useampi n\u00e4ist\u00e4 koodeista valitaan satunnaisesti, ja se lipun haltija, jolla on vastaava koodi, voittaa v\u00e4litt\u00f6m\u00e4sti 1 miljoonaa puntaa riippumatta siit\u00e4, mitk\u00e4 EuroMillionsin p\u00e4\u00e4numerot arvotaan.<\/p>\n<p>T\u00e4m\u00e4 ominaisuus tekee EuroMillionsin pelaamisesta erityisen houkuttelevaa Yhdistyneess\u00e4 kuningaskunnassa, sill\u00e4 se tarjoaa lis\u00e4mahdollisuuden voittaa merkitt\u00e4v\u00e4 palkinto tavallisen j\u00e4ttipotin ja alemman tason palkintojen lis\u00e4ksi.<\/p>\n","protected":false},"excerpt":{"rendered":"<p>Euro Millions on Euroopan suurin arpajaiset. Vuonna 2004 lanseeratun lottopelin lippuja voi ostaa yhdeks\u00e4ss\u00e4 Euroopan maassa &#8211; tai jos olet Suomesta, voit ostaa lippusi netist\u00e4 t\u00e4\u00e4lt\u00e4. Hanki EuroMillions-lippusi Suomesta Oletko valmis aloittamaan ja ostamaan EuroMillions-lippuja netist\u00e4? Jos olet, haluat varmasti tiet\u00e4\u00e4 muutaman asian pelist\u00e4 ennen kuin hypp\u00e4\u00e4t mukaan, eik\u00f6 niin? Haluat varmistaa, ett\u00e4 olet valmistautunut [&hellip;]<\/p>\n","protected":false},"author":1,"featured_media":0,"parent":30960,"menu_order":3,"comment_status":"closed","ping_status":"closed","template":"euromillions-info.php","meta":{"_et_pb_use_builder":"","_et_pb_old_content":"","_et_gb_content_width":"","exclude_from_search":false,"footnotes":""},"class_list":["post-30964","page","type-page","status-publish","hentry"],"yoast_head":"<!-- This site is optimized with the Yoast SEO plugin v23.8 - https:\/\/yoast.com\/wordpress\/plugins\/seo\/ -->\n<title>Osta EuroMillions lippuja netist\u00e4 Suomesta<\/title>\n<meta name=\"description\" content=\"Tietoa siit\u00e4, miten Suomessa asuvat voivat ostaa Euromillions-arpoja verkossa. Euromillions-arvonnassa on Euroopan suurin j\u00e4ttipotti.\" \/>\n<meta name=\"robots\" content=\"index, follow, max-snippet:-1, max-image-preview:large, max-video-preview:-1\" \/>\n<link rel=\"canonical\" href=\"https:\/\/redfoxlotto.com\/fi\/lotteries\/euromillions\/\" \/>\n<meta property=\"og:locale\" content=\"fi_FI\" \/>\n<meta property=\"og:type\" content=\"article\" \/>\n<meta property=\"og:title\" content=\"Osta EuroMillions lippuja netist\u00e4 Suomesta\" \/>\n<meta property=\"og:description\" content=\"Tietoa siit\u00e4, miten Suomessa asuvat voivat ostaa Euromillions-arpoja verkossa. Euromillions-arvonnassa on Euroopan suurin j\u00e4ttipotti.\" \/>\n<meta property=\"og:url\" content=\"https:\/\/redfoxlotto.com\/fi\/lotteries\/euromillions\/\" \/>\n<meta property=\"og:site_name\" content=\"Get Tickets for the World\u2019s largest jackpots\" \/>\n<meta property=\"article:modified_time\" content=\"2025-12-18T14:28:54+00:00\" \/>\n<meta property=\"og:image\" content=\"https:\/\/content.redfoxlotto.com\/uploads\/sites\/9\/1_buy_euromillions_online.jpg\" \/>\n<meta name=\"twitter:card\" content=\"summary_large_image\" \/>\n<meta name=\"twitter:label1\" content=\"Arvioitu lukuaika\" \/>\n\t<meta name=\"twitter:data1\" content=\"4 minuuttia\" \/>\n<script type=\"application\/ld+json\" class=\"yoast-schema-graph\">{\"@context\":\"https:\/\/schema.org\",\"@graph\":[{\"@type\":\"WebPage\",\"@id\":\"https:\/\/redfoxlotto.com\/fi\/lotteries\/euromillions\/\",\"url\":\"https:\/\/redfoxlotto.com\/fi\/lotteries\/euromillions\/\",\"name\":\"Osta EuroMillions lippuja netist\u00e4 Suomesta\",\"isPartOf\":{\"@id\":\"https:\/\/redfoxlotto.com\/fi\/#website\"},\"primaryImageOfPage\":{\"@id\":\"https:\/\/redfoxlotto.com\/fi\/lotteries\/euromillions\/#primaryimage\"},\"image\":{\"@id\":\"https:\/\/redfoxlotto.com\/fi\/lotteries\/euromillions\/#primaryimage\"},\"thumbnailUrl\":\"https:\/\/content.redfoxlotto.com\/uploads\/sites\/9\/1_buy_euromillions_online.jpg\",\"datePublished\":\"2018-11-18T08:54:25+00:00\",\"dateModified\":\"2025-12-18T14:28:54+00:00\",\"description\":\"Tietoa siit\u00e4, miten Suomessa asuvat voivat ostaa Euromillions-arpoja verkossa. Euromillions-arvonnassa on Euroopan suurin j\u00e4ttipotti.\",\"breadcrumb\":{\"@id\":\"https:\/\/redfoxlotto.com\/fi\/lotteries\/euromillions\/#breadcrumb\"},\"inLanguage\":\"fi\",\"potentialAction\":[{\"@type\":\"ReadAction\",\"target\":[\"https:\/\/redfoxlotto.com\/fi\/lotteries\/euromillions\/\"]}]},{\"@type\":\"ImageObject\",\"inLanguage\":\"fi\",\"@id\":\"https:\/\/redfoxlotto.com\/fi\/lotteries\/euromillions\/#primaryimage\",\"url\":\"https:\/\/content.redfoxlotto.com\/uploads\/sites\/9\/1_buy_euromillions_online.jpg\",\"contentUrl\":\"https:\/\/content.redfoxlotto.com\/uploads\/sites\/9\/1_buy_euromillions_online.jpg\"},{\"@type\":\"BreadcrumbList\",\"@id\":\"https:\/\/redfoxlotto.com\/fi\/lotteries\/euromillions\/#breadcrumb\",\"itemListElement\":[{\"@type\":\"ListItem\",\"position\":1,\"name\":\"Home\",\"item\":\"https:\/\/redfoxlotto.com\/fi\/\"},{\"@type\":\"ListItem\",\"position\":2,\"name\":\"Miten ostaa online arpoja &#8211; ostoprosessi\",\"item\":\"https:\/\/redfoxlotto.com\/fi\/lotteries\/\"},{\"@type\":\"ListItem\",\"position\":3,\"name\":\"Tietoa EuroMillionsista\"}]},{\"@type\":\"WebSite\",\"@id\":\"https:\/\/redfoxlotto.com\/fi\/#website\",\"url\":\"https:\/\/redfoxlotto.com\/fi\/\",\"name\":\"Get Tickets for the World\u2019s largest jackpots\",\"description\":\"Participate in worldwide lottery jackpots from any country\",\"publisher\":{\"@id\":\"https:\/\/redfoxlotto.com\/fi\/#organization\"},\"potentialAction\":[{\"@type\":\"SearchAction\",\"target\":{\"@type\":\"EntryPoint\",\"urlTemplate\":\"https:\/\/redfoxlotto.com\/fi\/?s={search_term_string}\"},\"query-input\":{\"@type\":\"PropertyValueSpecification\",\"valueRequired\":true,\"valueName\":\"search_term_string\"}}],\"inLanguage\":\"fi\"},{\"@type\":\"Organization\",\"@id\":\"https:\/\/redfoxlotto.com\/fi\/#organization\",\"name\":\"Get Tickets for the World\u2019s largest jackpots\",\"url\":\"https:\/\/redfoxlotto.com\/fi\/\",\"logo\":{\"@type\":\"ImageObject\",\"inLanguage\":\"fi\",\"@id\":\"https:\/\/redfoxlotto.com\/fi\/#\/schema\/logo\/image\/\",\"url\":\"https:\/\/redfoxlotto.com\/wp-content\/uploads\/2023\/04\/logo.png\",\"contentUrl\":\"https:\/\/redfoxlotto.com\/wp-content\/uploads\/2023\/04\/logo.png\",\"width\":269,\"height\":53,\"caption\":\"Get Tickets for the World\u2019s largest jackpots\"},\"image\":{\"@id\":\"https:\/\/redfoxlotto.com\/fi\/#\/schema\/logo\/image\/\"}}]}<\/script>\n<!-- \/ Yoast SEO plugin. -->","yoast_head_json":{"title":"Osta EuroMillions lippuja netist\u00e4 Suomesta","description":"Tietoa siit\u00e4, miten Suomessa asuvat voivat ostaa Euromillions-arpoja verkossa. Euromillions-arvonnassa on Euroopan suurin j\u00e4ttipotti.","robots":{"index":"index","follow":"follow","max-snippet":"max-snippet:-1","max-image-preview":"max-image-preview:large","max-video-preview":"max-video-preview:-1"},"canonical":"https:\/\/redfoxlotto.com\/fi\/lotteries\/euromillions\/","og_locale":"fi_FI","og_type":"article","og_title":"Osta EuroMillions lippuja netist\u00e4 Suomesta","og_description":"Tietoa siit\u00e4, miten Suomessa asuvat voivat ostaa Euromillions-arpoja verkossa. Euromillions-arvonnassa on Euroopan suurin j\u00e4ttipotti.","og_url":"https:\/\/redfoxlotto.com\/fi\/lotteries\/euromillions\/","og_site_name":"Get Tickets for the World\u2019s largest jackpots","article_modified_time":"2025-12-18T14:28:54+00:00","og_image":[{"url":"https:\/\/content.redfoxlotto.com\/uploads\/sites\/9\/1_buy_euromillions_online.jpg"}],"twitter_card":"summary_large_image","twitter_misc":{"Arvioitu lukuaika":"4 minuuttia"},"schema":{"@context":"https:\/\/schema.org","@graph":[{"@type":"WebPage","@id":"https:\/\/redfoxlotto.com\/fi\/lotteries\/euromillions\/","url":"https:\/\/redfoxlotto.com\/fi\/lotteries\/euromillions\/","name":"Osta EuroMillions lippuja netist\u00e4 Suomesta","isPartOf":{"@id":"https:\/\/redfoxlotto.com\/fi\/#website"},"primaryImageOfPage":{"@id":"https:\/\/redfoxlotto.com\/fi\/lotteries\/euromillions\/#primaryimage"},"image":{"@id":"https:\/\/redfoxlotto.com\/fi\/lotteries\/euromillions\/#primaryimage"},"thumbnailUrl":"https:\/\/content.redfoxlotto.com\/uploads\/sites\/9\/1_buy_euromillions_online.jpg","datePublished":"2018-11-18T08:54:25+00:00","dateModified":"2025-12-18T14:28:54+00:00","description":"Tietoa siit\u00e4, miten Suomessa asuvat voivat ostaa Euromillions-arpoja verkossa. Euromillions-arvonnassa on Euroopan suurin j\u00e4ttipotti.","breadcrumb":{"@id":"https:\/\/redfoxlotto.com\/fi\/lotteries\/euromillions\/#breadcrumb"},"inLanguage":"fi","potentialAction":[{"@type":"ReadAction","target":["https:\/\/redfoxlotto.com\/fi\/lotteries\/euromillions\/"]}]},{"@type":"ImageObject","inLanguage":"fi","@id":"https:\/\/redfoxlotto.com\/fi\/lotteries\/euromillions\/#primaryimage","url":"https:\/\/content.redfoxlotto.com\/uploads\/sites\/9\/1_buy_euromillions_online.jpg","contentUrl":"https:\/\/content.redfoxlotto.com\/uploads\/sites\/9\/1_buy_euromillions_online.jpg"},{"@type":"BreadcrumbList","@id":"https:\/\/redfoxlotto.com\/fi\/lotteries\/euromillions\/#breadcrumb","itemListElement":[{"@type":"ListItem","position":1,"name":"Home","item":"https:\/\/redfoxlotto.com\/fi\/"},{"@type":"ListItem","position":2,"name":"Miten ostaa online arpoja &#8211; ostoprosessi","item":"https:\/\/redfoxlotto.com\/fi\/lotteries\/"},{"@type":"ListItem","position":3,"name":"Tietoa EuroMillionsista"}]},{"@type":"WebSite","@id":"https:\/\/redfoxlotto.com\/fi\/#website","url":"https:\/\/redfoxlotto.com\/fi\/","name":"Get Tickets for the World\u2019s largest jackpots","description":"Participate in worldwide lottery jackpots from any country","publisher":{"@id":"https:\/\/redfoxlotto.com\/fi\/#organization"},"potentialAction":[{"@type":"SearchAction","target":{"@type":"EntryPoint","urlTemplate":"https:\/\/redfoxlotto.com\/fi\/?s={search_term_string}"},"query-input":{"@type":"PropertyValueSpecification","valueRequired":true,"valueName":"search_term_string"}}],"inLanguage":"fi"},{"@type":"Organization","@id":"https:\/\/redfoxlotto.com\/fi\/#organization","name":"Get Tickets for the World\u2019s largest jackpots","url":"https:\/\/redfoxlotto.com\/fi\/","logo":{"@type":"ImageObject","inLanguage":"fi","@id":"https:\/\/redfoxlotto.com\/fi\/#\/schema\/logo\/image\/","url":"https:\/\/redfoxlotto.com\/wp-content\/uploads\/2023\/04\/logo.png","contentUrl":"https:\/\/redfoxlotto.com\/wp-content\/uploads\/2023\/04\/logo.png","width":269,"height":53,"caption":"Get Tickets for the World\u2019s largest jackpots"},"image":{"@id":"https:\/\/redfoxlotto.com\/fi\/#\/schema\/logo\/image\/"}}]}},"_links":{"self":[{"href":"https:\/\/redfoxlotto.com\/fi\/wp-json\/wp\/v2\/pages\/30964","targetHints":{"allow":["GET"]}}],"collection":[{"href":"https:\/\/redfoxlotto.com\/fi\/wp-json\/wp\/v2\/pages"}],"about":[{"href":"https:\/\/redfoxlotto.com\/fi\/wp-json\/wp\/v2\/types\/page"}],"author":[{"embeddable":true,"href":"https:\/\/redfoxlotto.com\/fi\/wp-json\/wp\/v2\/users\/1"}],"replies":[{"embeddable":true,"href":"https:\/\/redfoxlotto.com\/fi\/wp-json\/wp\/v2\/comments?post=30964"}],"version-history":[{"count":0,"href":"https:\/\/redfoxlotto.com\/fi\/wp-json\/wp\/v2\/pages\/30964\/revisions"}],"up":[{"embeddable":true,"href":"https:\/\/redfoxlotto.com\/fi\/wp-json\/wp\/v2\/pages\/30960"}],"wp:attachment":[{"href":"https:\/\/redfoxlotto.com\/fi\/wp-json\/wp\/v2\/media?parent=30964"}],"curies":[{"name":"wp","href":"https:\/\/api.w.org\/{rel}","templated":true}]}}