{"id":30962,"date":"2018-11-18T08:54:25","date_gmt":"2018-11-18T08:54:25","guid":{"rendered":"https:\/\/redfoxlotto.com\/?page_id=19774"},"modified":"2022-09-26T12:36:30","modified_gmt":"2022-09-26T12:36:30","slug":"el-gordo-primitiva","status":"publish","type":"page","link":"https:\/\/redfoxlotto.com\/fi\/lotteries\/el-gordo-primitiva\/","title":{"rendered":"Tietoa El Gordosta"},"content":{"rendered":"<p>Espanjalainen joululotto tai Loteria de Navidad, kuten sit\u00e4 kutsutaan, on yksi maailman vanhimmista arpajaisista, sill\u00e4 se on ollut olemassa vuodesta 1812 l\u00e4htien, ja sit\u00e4 on j\u00e4rjestetty joka vuosi t\u00e4h\u00e4n p\u00e4iv\u00e4\u00e4n asti. Loteria de Navidad on maailman toiseksi pisimp\u00e4\u00e4n yht\u00e4jaksoisesti k\u00e4ynniss\u00e4 ollut arpajaiset, sill\u00e4 se on kest\u00e4nyt jopa Espanjan sis\u00e4llissodan aikana.<\/p>\n<p>Espanjankieliset maat olettavat usein, ett\u00e4 El Gordo on loton nimi, mutta tosiasiassa El Gordo viittaa vain j\u00e4ttipottipalkintoon tai kirjaimellisesti isoon voittoon.<\/p>\n<h2>El Gordon viikoittainen arvonta<\/h2>\n<p><img loading=\"lazy\" decoding=\"async\" class=\" wp-image alignright\" src=\"https:\/\/content.redfoxlotto.com\/uploads\/sites\/9\/1_buy_ticket_lotto_online.jpg\" alt=\"ostaa verkossa El Gordo\n\" width=\"242\" height=\"161\"><\/p>\n<p>My\u00f6s El Gordossa on viikoittainen arvonta, ja voit ostaa lippuja siihen t\u00e4\u00e4ll\u00e4 RedFoxLotossa.<\/p>\n<h2>El Gordon joulupainos<\/h2>\n<p>Espanjan joululotto tarjoaa yhden maailman suurimmista lottovoitoista, sill\u00e4 pelaajilla on mahdollisuus voittaa jopa 2,5 miljardia euroa palkintoina, kun taas p\u00e4\u00e4voitto eli El Gordo on 4 miljoonaa euroa. Arvonta suoritetaan kerran vuodessa l\u00e4hell\u00e4 joulup\u00e4iv\u00e4\u00e4, sill\u00e4 se j\u00e4rjestet\u00e4\u00e4n joka joulukuun 22. p\u00e4iv\u00e4.<\/p>\n<p>Espanjan joululotossa pelaaminen edellytt\u00e4\u00e4 v\u00e4hint\u00e4\u00e4n 18 vuoden ik\u00e4\u00e4, ja lippuihin on jo painettu viiden numeron sarja, jotta arvonnassa arvotut voittonumerot sis\u00e4lt\u00e4v\u00e4t liput ovat oikeutettuja lottopalkintoon. &#8221;El mayor premio es compartilo&#8221; on espanjalaiseen joululottoon liittyv\u00e4 iskulause, jonka englanninkielinen k\u00e4\u00e4nn\u00f6s on &#8221;the greatest prize is sharing&#8221;, ja juuri se tekee lotosta erityisen. Sarjalipuissa on usein samat numerot, joten jos kyseinen numero voittaa, palkintorahat jaetaan kaikkien niiden kesken, joilla on kyseinen numero. Arvonnassa arvotaan 5-numeroisen numeron sis\u00e4lt\u00e4v\u00e4 pallo muiden numeroiden joukosta, ja jokaiseen voittaneeseen numeroon liittyy oma palkintonsa.<\/p>\n<h2>El Gordo -liput<\/h2>\n<p>Espanjalainen joululotto on nyt enemm\u00e4nkin perinne espanjalaisille, sill\u00e4 joka joulu arpajaiset tuovat onnellisuutta espanjalaisille, sill\u00e4 he kaikki odottavat voittavansa kuuluisassa Loteria de Navidadissa. Mahdollisuus voittaa El Gordo on itse asiassa suuri verrattuna muihin arpajaisiin, sill\u00e4 se on 1:100 000:sta.<\/p>\n","protected":false},"excerpt":{"rendered":"<p>Espanjalainen joululotto tai Loteria de Navidad, kuten sit\u00e4 kutsutaan, on yksi maailman vanhimmista arpajaisista, sill\u00e4 se on ollut olemassa vuodesta 1812 l\u00e4htien, ja sit\u00e4 on j\u00e4rjestetty joka vuosi t\u00e4h\u00e4n p\u00e4iv\u00e4\u00e4n asti. Loteria de Navidad on maailman toiseksi pisimp\u00e4\u00e4n yht\u00e4jaksoisesti k\u00e4ynniss\u00e4 ollut arpajaiset, sill\u00e4 se on kest\u00e4nyt jopa Espanjan sis\u00e4llissodan aikana. Espanjankieliset maat olettavat usein, ett\u00e4 [&hellip;]<\/p>\n","protected":false},"author":1,"featured_media":0,"parent":30960,"menu_order":6,"comment_status":"closed","ping_status":"closed","template":"el-gordo-info.php","meta":{"_et_pb_use_builder":"","_et_pb_old_content":"","_et_gb_content_width":"","exclude_from_search":false,"footnotes":""},"class_list":["post-30962","page","type-page","status-publish","hentry"],"yoast_head":"<!-- This site is optimized with the Yoast SEO plugin v23.8 - https:\/\/yoast.com\/wordpress\/plugins\/seo\/ -->\n<title>Espanjan joululotto El Gordo | Osta lippuja El Gordo verkossa<\/title>\n<meta name=\"description\" content=\"Tarkista t\u00e4m\u00e4 tieto El Gordo Loteria de Navidadista, Espanjan joululotosta.\" \/>\n<meta name=\"robots\" content=\"index, follow, max-snippet:-1, max-image-preview:large, max-video-preview:-1\" \/>\n<link rel=\"canonical\" href=\"https:\/\/redfoxlotto.com\/fi\/lotteries\/el-gordo-primitiva\/\" \/>\n<meta property=\"og:locale\" content=\"fi_FI\" \/>\n<meta property=\"og:type\" content=\"article\" \/>\n<meta property=\"og:title\" content=\"Espanjan joululotto El Gordo | Osta lippuja El Gordo verkossa\" \/>\n<meta property=\"og:description\" content=\"Tarkista t\u00e4m\u00e4 tieto El Gordo Loteria de Navidadista, Espanjan joululotosta.\" \/>\n<meta property=\"og:url\" content=\"https:\/\/redfoxlotto.com\/fi\/lotteries\/el-gordo-primitiva\/\" \/>\n<meta property=\"og:site_name\" content=\"Get Tickets for the World\u2019s largest jackpots\" \/>\n<meta property=\"article:modified_time\" content=\"2022-09-26T12:36:30+00:00\" \/>\n<meta property=\"og:image\" content=\"https:\/\/content.redfoxlotto.com\/uploads\/sites\/9\/1_buy_ticket_lotto_online.jpg\" \/>\n<meta name=\"twitter:card\" content=\"summary_large_image\" \/>\n<script type=\"application\/ld+json\" class=\"yoast-schema-graph\">{\"@context\":\"https:\/\/schema.org\",\"@graph\":[{\"@type\":\"WebPage\",\"@id\":\"https:\/\/redfoxlotto.com\/fi\/lotteries\/el-gordo-primitiva\/\",\"url\":\"https:\/\/redfoxlotto.com\/fi\/lotteries\/el-gordo-primitiva\/\",\"name\":\"Espanjan joululotto El Gordo | Osta lippuja El Gordo verkossa\",\"isPartOf\":{\"@id\":\"https:\/\/redfoxlotto.com\/fi\/#website\"},\"primaryImageOfPage\":{\"@id\":\"https:\/\/redfoxlotto.com\/fi\/lotteries\/el-gordo-primitiva\/#primaryimage\"},\"image\":{\"@id\":\"https:\/\/redfoxlotto.com\/fi\/lotteries\/el-gordo-primitiva\/#primaryimage\"},\"thumbnailUrl\":\"https:\/\/content.redfoxlotto.com\/uploads\/sites\/9\/1_buy_ticket_lotto_online.jpg\",\"datePublished\":\"2018-11-18T08:54:25+00:00\",\"dateModified\":\"2022-09-26T12:36:30+00:00\",\"description\":\"Tarkista t\u00e4m\u00e4 tieto El Gordo Loteria de Navidadista, Espanjan joululotosta.\",\"breadcrumb\":{\"@id\":\"https:\/\/redfoxlotto.com\/fi\/lotteries\/el-gordo-primitiva\/#breadcrumb\"},\"inLanguage\":\"fi\",\"potentialAction\":[{\"@type\":\"ReadAction\",\"target\":[\"https:\/\/redfoxlotto.com\/fi\/lotteries\/el-gordo-primitiva\/\"]}]},{\"@type\":\"ImageObject\",\"inLanguage\":\"fi\",\"@id\":\"https:\/\/redfoxlotto.com\/fi\/lotteries\/el-gordo-primitiva\/#primaryimage\",\"url\":\"https:\/\/content.redfoxlotto.com\/uploads\/sites\/9\/1_buy_ticket_lotto_online.jpg\",\"contentUrl\":\"https:\/\/content.redfoxlotto.com\/uploads\/sites\/9\/1_buy_ticket_lotto_online.jpg\"},{\"@type\":\"BreadcrumbList\",\"@id\":\"https:\/\/redfoxlotto.com\/fi\/lotteries\/el-gordo-primitiva\/#breadcrumb\",\"itemListElement\":[{\"@type\":\"ListItem\",\"position\":1,\"name\":\"Home\",\"item\":\"https:\/\/redfoxlotto.com\/fi\/\"},{\"@type\":\"ListItem\",\"position\":2,\"name\":\"Miten ostaa online arpoja &#8211; ostoprosessi\",\"item\":\"https:\/\/redfoxlotto.com\/fi\/lotteries\/\"},{\"@type\":\"ListItem\",\"position\":3,\"name\":\"Tietoa El Gordosta\"}]},{\"@type\":\"WebSite\",\"@id\":\"https:\/\/redfoxlotto.com\/fi\/#website\",\"url\":\"https:\/\/redfoxlotto.com\/fi\/\",\"name\":\"Get Tickets for the World\u2019s largest jackpots\",\"description\":\"Participate in worldwide lottery jackpots from any country\",\"publisher\":{\"@id\":\"https:\/\/redfoxlotto.com\/fi\/#organization\"},\"potentialAction\":[{\"@type\":\"SearchAction\",\"target\":{\"@type\":\"EntryPoint\",\"urlTemplate\":\"https:\/\/redfoxlotto.com\/fi\/?s={search_term_string}\"},\"query-input\":{\"@type\":\"PropertyValueSpecification\",\"valueRequired\":true,\"valueName\":\"search_term_string\"}}],\"inLanguage\":\"fi\"},{\"@type\":\"Organization\",\"@id\":\"https:\/\/redfoxlotto.com\/fi\/#organization\",\"name\":\"Get Tickets for the World\u2019s largest jackpots\",\"url\":\"https:\/\/redfoxlotto.com\/fi\/\",\"logo\":{\"@type\":\"ImageObject\",\"inLanguage\":\"fi\",\"@id\":\"https:\/\/redfoxlotto.com\/fi\/#\/schema\/logo\/image\/\",\"url\":\"https:\/\/redfoxlotto.com\/wp-content\/uploads\/2023\/04\/logo.png\",\"contentUrl\":\"https:\/\/redfoxlotto.com\/wp-content\/uploads\/2023\/04\/logo.png\",\"width\":269,\"height\":53,\"caption\":\"Get Tickets for the World\u2019s largest jackpots\"},\"image\":{\"@id\":\"https:\/\/redfoxlotto.com\/fi\/#\/schema\/logo\/image\/\"}}]}<\/script>\n<!-- \/ Yoast SEO plugin. -->","yoast_head_json":{"title":"Espanjan joululotto El Gordo | Osta lippuja El Gordo verkossa","description":"Tarkista t\u00e4m\u00e4 tieto El Gordo Loteria de Navidadista, Espanjan joululotosta.","robots":{"index":"index","follow":"follow","max-snippet":"max-snippet:-1","max-image-preview":"max-image-preview:large","max-video-preview":"max-video-preview:-1"},"canonical":"https:\/\/redfoxlotto.com\/fi\/lotteries\/el-gordo-primitiva\/","og_locale":"fi_FI","og_type":"article","og_title":"Espanjan joululotto El Gordo | Osta lippuja El Gordo verkossa","og_description":"Tarkista t\u00e4m\u00e4 tieto El Gordo Loteria de Navidadista, Espanjan joululotosta.","og_url":"https:\/\/redfoxlotto.com\/fi\/lotteries\/el-gordo-primitiva\/","og_site_name":"Get Tickets for the World\u2019s largest jackpots","article_modified_time":"2022-09-26T12:36:30+00:00","og_image":[{"url":"https:\/\/content.redfoxlotto.com\/uploads\/sites\/9\/1_buy_ticket_lotto_online.jpg"}],"twitter_card":"summary_large_image","schema":{"@context":"https:\/\/schema.org","@graph":[{"@type":"WebPage","@id":"https:\/\/redfoxlotto.com\/fi\/lotteries\/el-gordo-primitiva\/","url":"https:\/\/redfoxlotto.com\/fi\/lotteries\/el-gordo-primitiva\/","name":"Espanjan joululotto El Gordo | Osta lippuja El Gordo verkossa","isPartOf":{"@id":"https:\/\/redfoxlotto.com\/fi\/#website"},"primaryImageOfPage":{"@id":"https:\/\/redfoxlotto.com\/fi\/lotteries\/el-gordo-primitiva\/#primaryimage"},"image":{"@id":"https:\/\/redfoxlotto.com\/fi\/lotteries\/el-gordo-primitiva\/#primaryimage"},"thumbnailUrl":"https:\/\/content.redfoxlotto.com\/uploads\/sites\/9\/1_buy_ticket_lotto_online.jpg","datePublished":"2018-11-18T08:54:25+00:00","dateModified":"2022-09-26T12:36:30+00:00","description":"Tarkista t\u00e4m\u00e4 tieto El Gordo Loteria de Navidadista, Espanjan joululotosta.","breadcrumb":{"@id":"https:\/\/redfoxlotto.com\/fi\/lotteries\/el-gordo-primitiva\/#breadcrumb"},"inLanguage":"fi","potentialAction":[{"@type":"ReadAction","target":["https:\/\/redfoxlotto.com\/fi\/lotteries\/el-gordo-primitiva\/"]}]},{"@type":"ImageObject","inLanguage":"fi","@id":"https:\/\/redfoxlotto.com\/fi\/lotteries\/el-gordo-primitiva\/#primaryimage","url":"https:\/\/content.redfoxlotto.com\/uploads\/sites\/9\/1_buy_ticket_lotto_online.jpg","contentUrl":"https:\/\/content.redfoxlotto.com\/uploads\/sites\/9\/1_buy_ticket_lotto_online.jpg"},{"@type":"BreadcrumbList","@id":"https:\/\/redfoxlotto.com\/fi\/lotteries\/el-gordo-primitiva\/#breadcrumb","itemListElement":[{"@type":"ListItem","position":1,"name":"Home","item":"https:\/\/redfoxlotto.com\/fi\/"},{"@type":"ListItem","position":2,"name":"Miten ostaa online arpoja &#8211; ostoprosessi","item":"https:\/\/redfoxlotto.com\/fi\/lotteries\/"},{"@type":"ListItem","position":3,"name":"Tietoa El Gordosta"}]},{"@type":"WebSite","@id":"https:\/\/redfoxlotto.com\/fi\/#website","url":"https:\/\/redfoxlotto.com\/fi\/","name":"Get Tickets for the World\u2019s largest jackpots","description":"Participate in worldwide lottery jackpots from any country","publisher":{"@id":"https:\/\/redfoxlotto.com\/fi\/#organization"},"potentialAction":[{"@type":"SearchAction","target":{"@type":"EntryPoint","urlTemplate":"https:\/\/redfoxlotto.com\/fi\/?s={search_term_string}"},"query-input":{"@type":"PropertyValueSpecification","valueRequired":true,"valueName":"search_term_string"}}],"inLanguage":"fi"},{"@type":"Organization","@id":"https:\/\/redfoxlotto.com\/fi\/#organization","name":"Get Tickets for the World\u2019s largest jackpots","url":"https:\/\/redfoxlotto.com\/fi\/","logo":{"@type":"ImageObject","inLanguage":"fi","@id":"https:\/\/redfoxlotto.com\/fi\/#\/schema\/logo\/image\/","url":"https:\/\/redfoxlotto.com\/wp-content\/uploads\/2023\/04\/logo.png","contentUrl":"https:\/\/redfoxlotto.com\/wp-content\/uploads\/2023\/04\/logo.png","width":269,"height":53,"caption":"Get Tickets for the World\u2019s largest jackpots"},"image":{"@id":"https:\/\/redfoxlotto.com\/fi\/#\/schema\/logo\/image\/"}}]}},"_links":{"self":[{"href":"https:\/\/redfoxlotto.com\/fi\/wp-json\/wp\/v2\/pages\/30962","targetHints":{"allow":["GET"]}}],"collection":[{"href":"https:\/\/redfoxlotto.com\/fi\/wp-json\/wp\/v2\/pages"}],"about":[{"href":"https:\/\/redfoxlotto.com\/fi\/wp-json\/wp\/v2\/types\/page"}],"author":[{"embeddable":true,"href":"https:\/\/redfoxlotto.com\/fi\/wp-json\/wp\/v2\/users\/1"}],"replies":[{"embeddable":true,"href":"https:\/\/redfoxlotto.com\/fi\/wp-json\/wp\/v2\/comments?post=30962"}],"version-history":[{"count":0,"href":"https:\/\/redfoxlotto.com\/fi\/wp-json\/wp\/v2\/pages\/30962\/revisions"}],"up":[{"embeddable":true,"href":"https:\/\/redfoxlotto.com\/fi\/wp-json\/wp\/v2\/pages\/30960"}],"wp:attachment":[{"href":"https:\/\/redfoxlotto.com\/fi\/wp-json\/wp\/v2\/media?parent=30962"}],"curies":[{"name":"wp","href":"https:\/\/api.w.org\/{rel}","templated":true}]}}